{"id":217466,"date":"2026-04-07T00:24:52","date_gmt":"2026-04-07T06:24:52","guid":{"rendered":"https:\/\/compuviper.mx\/tienda\/producto\/apc-smt2200rm2uc-unidad-smart-ups-de-2200-va-pantalla-lcd-para-rack-2-u-120-v-con-smartconnect\/"},"modified":"2026-04-07T00:24:52","modified_gmt":"2026-04-07T06:24:52","slug":"apc-smt2200rm2uc-unidad-smart-ups-de-2200-va-pantalla-lcd-para-rack-2-u-120-v-con-smartconnect","status":"publish","type":"product","link":"https:\/\/compuviper.mx\/tienda\/producto\/apc-smt2200rm2uc-unidad-smart-ups-de-2200-va-pantalla-lcd-para-rack-2-u-120-v-con-smartconnect\/","title":{"rendered":"Apc Smt2200rm2uc Unidad Smart-ups De , 2200 Va, Pantalla Lcd, Para Rack 2 U, 120 V, Con Smartconnect"},"content":{"rendered":"<table class=\"descripcion\">\n<tr>\n<td>Salida<\/td>\n<\/tr>\n<tr>\n<td>Capacidad de potencia de salida<\/td>\n<\/tr>\n<tr>\n<td>1.92 kwatts \/ 1.92 kva<\/td>\n<\/tr>\n<tr>\n<td>M\u00e1xima potencia configurable (vatios)<\/td>\n<\/tr>\n<tr>\n<td>1.98 kwatts \/ 2.2 kva<\/td>\n<\/tr>\n<tr>\n<td>Tensi\u00f3n de salida nominal<\/td>\n<\/tr>\n<tr>\n<td>120v<\/td>\n<\/tr>\n<tr>\n<td>Distorsi\u00f3n de tensi\u00f3n de salida<\/td>\n<\/tr>\n<tr>\n<td>Menos que 5%<\/td>\n<\/tr>\n<tr>\n<td>Frecuencia de salida (sincronizada con la red)<\/td>\n<\/tr>\n<tr>\n<td>50\/60 hz +\/- 3 hz<\/td>\n<\/tr>\n<tr>\n<td>Otras tensiones de salida<\/td>\n<\/tr>\n<tr>\n<td>110, 127<\/td>\n<\/tr>\n<tr>\n<td>Topolog\u00eda<\/td>\n<\/tr>\n<tr>\n<td>L\u00ednea interactiva<\/td>\n<\/tr>\n<tr>\n<td>Tipo de forma de onda<\/td>\n<\/tr>\n<tr>\n<td>Onda senoidal<\/td>\n<\/tr>\n<tr>\n<td>Conexiones de salida<\/td>\n<\/tr>\n<tr>\n<td>(6) nema 5-15r (respaldo de bater\u00eda)<\/td>\n<\/tr>\n<tr>\n<td>(2) nema 5-20r (respaldo de bater\u00eda)<\/td>\n<\/tr>\n<tr>\n<td>Duraci\u00f3n de transferencia<\/td>\n<\/tr>\n<tr>\n<td>6 ms typical : 10 ms maximum<\/td>\n<\/tr>\n<tr>\n<td>Entrada<\/td>\n<\/tr>\n<tr>\n<td>Entrada de voltaje<\/td>\n<\/tr>\n<tr>\n<td>120v<\/td>\n<\/tr>\n<tr>\n<td>Frecuencia de entrada<\/td>\n<\/tr>\n<tr>\n<td>50\/60 hz +\/- 3 hz (auto sensible)<\/td>\n<\/tr>\n<tr>\n<td>Tipo de enchufe<\/td>\n<\/tr>\n<tr>\n<td>Nema 5-20p<\/td>\n<\/tr>\n<tr>\n<td>Longitud del cable<\/td>\n<\/tr>\n<tr>\n<td>2.44 metros<\/td>\n<\/tr>\n<tr>\n<td>Variaci\u00f3n de tensi\u00f3n de entrada para operaciones principales<\/td>\n<\/tr>\n<tr>\n<td>82 &#8211; 143 v<\/td>\n<\/tr>\n<tr>\n<td>Variaci\u00f3n de tensi\u00f3n de entrada adaptable para operaciones principales<\/td>\n<\/tr>\n<tr>\n<td>75 &#8211; 154 v<\/td>\n<\/tr>\n<tr>\n<td>Cantidad de cables de alimentaci\u00f3n<\/td>\n<\/tr>\n<tr>\n<td>1<\/td>\n<\/tr>\n<tr>\n<td>Otras tensiones de entrada<\/td>\n<\/tr>\n<tr>\n<td>110, 127<\/td>\n<\/tr>\n<tr>\n<td>Bater\u00edas y autonom\u00eda<\/td>\n<\/tr>\n<tr>\n<td>Tipo de bater\u00eda:<\/td>\n<\/tr>\n<tr>\n<td>Bater\u00eda sellada de plomo sin necesidad de manutenci\u00f3n con electrolito suspendido: a prueba de filtraci\u00f3n<\/td>\n<\/tr>\n<tr>\n<td>Tiempo de recarga t\u00edpico<\/td>\n<\/tr>\n<tr>\n<td>3 hora(s)<\/td>\n<\/tr>\n<tr>\n<td>Bater\u00eda de recambio<\/td>\n<\/tr>\n<tr>\n<td>Rbc43<\/td>\n<\/tr>\n<tr>\n<td>Vida \u00fatil esperada de las bater\u00edas (a\u00f1os)<\/td>\n<\/tr>\n<tr>\n<td>3 &#8211; 5<\/td>\n<\/tr>\n<tr>\n<td>Cantidad de cartuchos de bater\u00eda de recambio<\/td>\n<\/tr>\n<tr>\n<td>1<\/td>\n<\/tr>\n<tr>\n<td>Capacidad va\/hora de la bater\u00eda<\/td>\n<\/tr>\n<tr>\n<td>538<\/td>\n<\/tr>\n<tr>\n<td>Autonom\u00eda<\/td>\n<\/tr>\n<tr>\n<td>Ver gr\u00e1fico de autonom\u00eda<\/td>\n<\/tr>\n<tr>\n<td>Ver cuadro de autonom\u00eda<\/td>\n<\/tr>\n<tr>\n<td>Comunicaciones y manejo<\/td>\n<\/tr>\n<tr>\n<td>Interface port(s)<\/td>\n<\/tr>\n<tr>\n<td>Rj-45 serial, smartslot, usb<\/td>\n<\/tr>\n<tr>\n<td>Panel de control<\/td>\n<\/tr>\n<tr>\n<td>Visualizador de estatus led en l\u00ednea: bater\u00eda en actividad: bater\u00eda de reemplazo e indicadores de sobrecarga, estatus multifuncional lcd y consola con control<\/td>\n<\/tr>\n<tr>\n<td>Alarma audible<\/td>\n<\/tr>\n<tr>\n<td>Alarma de bater\u00eda encendida: alarma distintiva de carga de bater\u00eda baja: alarma de sobrecarga de tono continuo<\/td>\n<\/tr>\n<tr>\n<td>Interruptor de emergencia (epo)<\/td>\n<\/tr>\n<tr>\n<td>S\u00ed<\/td>\n<\/tr>\n<tr>\n<td>Cantidad de interfaces smartslot\u0099<\/td>\n<\/tr>\n<tr>\n<td>1<\/td>\n<\/tr>\n<tr>\n<td>Prote\u00e7\u00e3o contra surtos e filtragem<\/td>\n<\/tr>\n<tr>\n<td>R\u00e9gimen nominal de sobretensiones<\/td>\n<\/tr>\n<tr>\n<td>530joules<\/td>\n<\/tr>\n<tr>\n<td>F\u00edsico<\/td>\n<\/tr>\n<tr>\n<td>Dimensiones de altura m\u00e1xima<\/td>\n<\/tr>\n<tr>\n<td>86mm, 8.6cm<\/td>\n<\/tr>\n<tr>\n<td>Dimensiones de anchura m\u00e1xima<\/td>\n<\/tr>\n<tr>\n<td>480mm, 48.0cm<\/td>\n<\/tr>\n<tr>\n<td>Dimensiones de profundidad m\u00e1xima<\/td>\n<\/tr>\n<tr>\n<td>683mm, 68.3cm<\/td>\n<\/tr>\n<tr>\n<td>Altura del rack<\/td>\n<\/tr>\n<tr>\n<td>2u<\/td>\n<\/tr>\n<tr>\n<td>Peso neto<\/td>\n<\/tr>\n<tr>\n<td>42.31kg<\/td>\n<\/tr>\n<tr>\n<td>Peso de embarque<\/td>\n<\/tr>\n<tr>\n<td>49.73kg<\/td>\n<\/tr>\n<tr>\n<td>Altura del bulto<\/td>\n<\/tr>\n<tr>\n<td>254mm, 25.4cm<\/td>\n<\/tr>\n<tr>\n<td>Ancho del bulto<\/td>\n<\/tr>\n<tr>\n<td>600mm, 60.0cm<\/td>\n<\/tr>\n<tr>\n<td>Profundidad del bulto<\/td>\n<\/tr>\n<tr>\n<td>980mm, 98.0cm<\/td>\n<\/tr>\n<tr>\n<td>Color<\/td>\n<\/tr>\n<tr>\n<td>Black<\/td>\n<\/tr>\n<tr>\n<td>Unidades por tarima<\/td>\n<\/tr>\n<tr>\n<td>8.0<\/td>\n<\/tr>\n<tr>\n<td>Ambiental<\/td>\n<\/tr>\n<tr>\n<td>Temperatura de operaci\u00f3n<\/td>\n<\/tr>\n<tr>\n<td>0 &#8211; 40 \u00b0c<\/td>\n<\/tr>\n<tr>\n<td>Humedad relativa de operaci\u00f3n<\/td>\n<\/tr>\n<tr>\n<td>0 &#8211; 95 %<\/td>\n<\/tr>\n<tr>\n<td>Elevaci\u00f3n de operaci\u00f3n<\/td>\n<\/tr>\n<tr>\n<td>0-3000metros<\/td>\n<\/tr>\n<tr>\n<td>Temperatura de almacenamiento<\/td>\n<\/tr>\n<tr>\n<td>-15 &#8211; 45 \u00b0c<\/td>\n<\/tr>\n<tr>\n<td>Humedad relativa de almacenamiento<\/td>\n<\/tr>\n<tr>\n<td>0 &#8211; 95 %<\/td>\n<\/tr>\n<tr>\n<td>Elevaci\u00f3n de almacenamiento<\/td>\n<\/tr>\n<tr>\n<td>0-15000metros<\/td>\n<\/tr>\n<tr>\n<td>Ruido audible a 1 metro de la superficie de la unidad<\/td>\n<\/tr>\n<tr>\n<td>55.0dba<\/td>\n<\/tr>\n<tr>\n<td>Disipaci\u00f3n t\u00e9rmica online<\/td>\n<\/tr>\n<tr>\n<td>215.0btu\/hora<\/td>\n<\/tr>\n<tr>\n<td>Conformidad<\/td>\n<\/tr>\n<tr>\n<td>Aprobaciones<\/td>\n<\/tr>\n<tr>\n<td>Csa, fcc part 15 clase a, ul 1778<\/td>\n<\/tr>\n<tr>\n<td>Pol\u00edtica de protecci\u00f3n del equipo<\/td>\n<\/tr>\n<tr>\n<td>De por vida: $150.000<\/td>\n<\/tr>\n<tr>\n<td>Garant\u00eda est\u00e1ndar<\/td>\n<\/tr>\n<tr>\n<td>3 a\u00f1os para reparaci\u00f3n o reemplazo (no incluye bater\u00edas) y 2 a\u00f1os para bater\u00edas<\/td>\n<\/tr>\n<\/table>\n","protected":false},"excerpt":{"rendered":"<p>Smt2200rm2uc caracter\u00edsticas. Unidad smart-ups de apc, 2200 va, pantalla lcd, para rack 2 u, 120 v, con smartconnect. Protecci\u00f3n de energ\u00eda en red inteligente y eficiente; incluye desde modelos b\u00e1sicos hasta modelos con autonom\u00eda escalable. Ideal para servidores, puntos de venta, routers, switches, hubs y otros dispositivos de red. Incluye: dc con software, cd de documentaci\u00f3n, brackets para rack-mount, rieles de apoyo para rack-mount, cable rs-232 de se\u00f1alizaci\u00f3n smart del ups, cable usb. Ahorre tiempo con una capacidad de acceso remoto pr\u00e1ctica y simple. Gestionable a trav\u00e9s de una red mediante puerto serial, usb o ethernet (opcional). Incluye software powerchute\u00ae business edition, que proporciona la comodidad del monitoreo y control, el apagado seguro del sistema operativo e innovadoras capacidades de gesti\u00f3n de energ\u00eda. Productividad m\u00e1s inteligente con capacidad de adecuarse a las necesidades espec\u00edficas de su aplicaci\u00f3n. La interfaz lcd intuitiva ofrece informaci\u00f3n clara y brinda la posibilidad de configurar la unidad ups localmente mediante teclas de navegaci\u00f3n f\u00e1ciles de usar. M\u00e1s de 15 par\u00e1metros programables, entre ellos control de grupos de tomas de salida con conmutaci\u00f3n, permiten aplicar par\u00e1metros y umbrales espec\u00edficos, y definir notificaciones. Permite evitar costosos problemas energ\u00e9ticos al mantener seguros y disponibles sus equipos inform\u00e1ticos y sus datos. El acondicionamiento de energ\u00eda apto para redes protege los equipos ante las sobretensiones nocivas y el ruido, que genera fluctuaciones. La regulaci\u00f3n de tensi\u00f3n autom\u00e1tica de estado s\u00f3lido aumenta la baja tensi\u00f3n de entrada hasta 30% y reduce la alta tensi\u00f3n hasta 12% sin necesidad de que opere la bater\u00eda. Capacidad de respaldo de bater\u00edas confiable para alimentar los equipos cuando se producen cortes de tensi\u00f3n o apagar los sistemas sin inconvenientes. Low operating and maintenance costs with high efficiency, proven reliability and intelligent battery management. El modo operativo ecol\u00f3gico patentado logra eficiencias de m\u00e1s del 97%. Smart-ups fue la primera ups para red que cont\u00f3 con la certificaci\u00f3n de energy star. La gesti\u00f3n inteligente de bater\u00edas, cuyo pionero fue apc, maximiza el rendimiento y la vida \u00fatil de las bater\u00edas a trav\u00e9s de la carga con compensaci\u00f3n de temperatura inteligente y de precisi\u00f3n. El indicador din\u00e1mico de fecha para reemplazo de bater\u00edas y las pruebas de autodiagn\u00f3stico garantizan la confiabilidad de la bater\u00eda y advierten por adelantado la necesidad de reemplazo. Los m\u00f3dulos de bater\u00edas pr\u00e1cticos, f\u00e1ciles de conectar, reemplazables en caliente permiten el reemplazo de bater\u00edas sin necesidad de apagar los equipos. Smart-ups, dise\u00f1ada y fabricada por apc desde hace m\u00e1s de 23 a\u00f1os, es la ups para red m\u00e1s confiable del mundo, con m\u00e1s de 25 millones de unidades vendidas. La compatibilidad con todos los equipos y la confiabilidad que brinda un l\u00edder proporcionan tranquilidad. Proporciona salida de onda senoidal pura, recomendada por los fabricantes de servidores que utilizan fuentes de alimentaci\u00f3n con factor de potencia corregido (pfc) activo. Sometido a pruebas y aprobado por organismos de seguridad significa que puede implementar su sistema smart-ups con la confianza de que va a satisfacer o incluso superar los est\u00e1ndares m\u00e1s exigentes del sector.<\/p>\n","protected":false},"featured_media":217467,"comment_status":"open","ping_status":"open","template":"","meta":[],"product_cat":[1508,1691],"product_tag":[1694],"acf":[],"yoast_head":"<!-- This site is optimized with the Yoast SEO plugin v21.7 - https:\/\/yoast.com\/wordpress\/plugins\/seo\/ -->\n<title>[ Apc ] &#129351; Smt2200rm2uc Unidad Smart-ups De , 2200 Va, Pantalla Lcd, Para Rack 2 U, 120 V, Con Smartconnect<\/title>\n<meta name=\"description\" content=\"Compra Smt2200rm2uc Unidad Smart-ups De , 2200 Va, Pantalla Lcd, Para Rack 2 U, 120 V, Con Smartconnect + Env\u00edo a domicilio + Pago seguro + Garant\u00eda\" \/>\n<meta name=\"robots\" content=\"index, follow, max-snippet:-1, max-image-preview:large, max-video-preview:-1\" \/>\n<link rel=\"canonical\" href=\"https:\/\/compuviper.mx\/tienda\/producto\/apc-smt2200rm2uc-unidad-smart-ups-de-2200-va-pantalla-lcd-para-rack-2-u-120-v-con-smartconnect\/\" \/>\n<meta property=\"og:locale\" content=\"es_MX\" \/>\n<meta property=\"og:type\" content=\"article\" \/>\n<meta property=\"og:title\" content=\"[ Apc ] &#129351; Smt2200rm2uc Unidad Smart-ups De , 2200 Va, Pantalla Lcd, Para Rack 2 U, 120 V, Con Smartconnect\" \/>\n<meta property=\"og:description\" content=\"Compra Smt2200rm2uc Unidad Smart-ups De , 2200 Va, Pantalla Lcd, Para Rack 2 U, 120 V, Con Smartconnect + Env\u00edo a domicilio + Pago seguro + Garant\u00eda\" \/>\n<meta property=\"og:url\" content=\"https:\/\/compuviper.mx\/tienda\/producto\/apc-smt2200rm2uc-unidad-smart-ups-de-2200-va-pantalla-lcd-para-rack-2-u-120-v-con-smartconnect\/\" \/>\n<meta property=\"og:site_name\" content=\"Compuviper\" \/>\n<meta property=\"article:publisher\" content=\"https:\/\/www.facebook.com\/compuviper\" \/>\n<meta property=\"og:image\" content=\"https:\/\/compuviper.mx\/tienda\/wp-content\/uploads\/2023\/12\/Unidad-smart-ups-de-apc-2200-va-pantalla-lcd-para-rack-2-u-120-v-con-smartconnect.jpg\" \/>\n\t<meta property=\"og:image:width\" content=\"200\" \/>\n\t<meta property=\"og:image:height\" content=\"200\" \/>\n\t<meta property=\"og:image:type\" content=\"image\/jpeg\" \/>\n<meta name=\"twitter:card\" content=\"summary_large_image\" \/>\n<meta name=\"twitter:label1\" content=\"Precio\" \/>\n\t<meta name=\"twitter:data1\" content=\"&#36;23,676 &#36;23,202 con IVA\" \/>\n\t<meta name=\"twitter:label2\" content=\"Availability\" \/>\n\t<meta name=\"twitter:data2\" content=\"Out of stock\" \/>\n<script type=\"application\/ld+json\" class=\"yoast-schema-graph\">{\"@context\":\"https:\/\/schema.org\",\"@graph\":[{\"@type\":\"WebPage\",\"@id\":\"https:\/\/compuviper.mx\/tienda\/producto\/apc-smt2200rm2uc-unidad-smart-ups-de-2200-va-pantalla-lcd-para-rack-2-u-120-v-con-smartconnect\/\",\"url\":\"https:\/\/compuviper.mx\/tienda\/producto\/apc-smt2200rm2uc-unidad-smart-ups-de-2200-va-pantalla-lcd-para-rack-2-u-120-v-con-smartconnect\/\",\"name\":\"[ Apc ] &#129351; Smt2200rm2uc Unidad Smart-ups De , 2200 Va, Pantalla Lcd, Para Rack 2 U, 120 V, Con Smartconnect\",\"isPartOf\":{\"@id\":\"https:\/\/compuviper.mx\/tienda\/#website\"},\"datePublished\":\"2026-04-07T06:24:52+00:00\",\"dateModified\":\"2026-04-07T06:24:52+00:00\",\"description\":\"Compra Smt2200rm2uc Unidad Smart-ups De , 2200 Va, Pantalla Lcd, Para Rack 2 U, 120 V, Con Smartconnect + Env\u00edo a domicilio + Pago seguro + Garant\u00eda\",\"breadcrumb\":{\"@id\":\"https:\/\/compuviper.mx\/tienda\/producto\/apc-smt2200rm2uc-unidad-smart-ups-de-2200-va-pantalla-lcd-para-rack-2-u-120-v-con-smartconnect\/#breadcrumb\"},\"inLanguage\":\"es-MX\",\"potentialAction\":[{\"@type\":\"ReadAction\",\"target\":[\"https:\/\/compuviper.mx\/tienda\/producto\/apc-smt2200rm2uc-unidad-smart-ups-de-2200-va-pantalla-lcd-para-rack-2-u-120-v-con-smartconnect\/\"]}]},{\"@type\":\"BreadcrumbList\",\"@id\":\"https:\/\/compuviper.mx\/tienda\/producto\/apc-smt2200rm2uc-unidad-smart-ups-de-2200-va-pantalla-lcd-para-rack-2-u-120-v-con-smartconnect\/#breadcrumb\",\"itemListElement\":[{\"@type\":\"ListItem\",\"position\":1,\"name\":\"Inicio\",\"item\":\"https:\/\/compuviper.mx\/tienda\/\"},{\"@type\":\"ListItem\",\"position\":2,\"name\":\"Productos\",\"item\":\"https:\/\/compuviper.mx\/tienda\/productos\/\"},{\"@type\":\"ListItem\",\"position\":3,\"name\":\"Energia\",\"item\":\"https:\/\/compuviper.mx\/tienda\/categoria-producto\/energia\/\"},{\"@type\":\"ListItem\",\"position\":4,\"name\":\"No Break\",\"item\":\"https:\/\/compuviper.mx\/tienda\/categoria-producto\/energia\/no-break\/\"},{\"@type\":\"ListItem\",\"position\":5,\"name\":\"Apc Smt2200rm2uc Unidad Smart-ups De , 2200 Va, Pantalla Lcd, Para Rack 2 U, 120 V, Con Smartconnect\"}]},{\"@type\":\"WebSite\",\"@id\":\"https:\/\/compuviper.mx\/tienda\/#website\",\"url\":\"https:\/\/compuviper.mx\/tienda\/\",\"name\":\"Compuviper\",\"description\":\"Proveedor de Computadoras, Laptops, Servidores, Monitores, Puntos de Venta, Teclados,   Impresoras, T\u00f3ner, C\u00e1maras de Seguridad y m\u00e1s en tu tienda en l\u00ednea\",\"publisher\":{\"@id\":\"https:\/\/compuviper.mx\/tienda\/#organization\"},\"potentialAction\":[{\"@type\":\"SearchAction\",\"target\":{\"@type\":\"EntryPoint\",\"urlTemplate\":\"https:\/\/compuviper.mx\/tienda\/?s={search_term_string}\"},\"query-input\":\"required name=search_term_string\"}],\"inLanguage\":\"es-MX\"},{\"@type\":\"Organization\",\"@id\":\"https:\/\/compuviper.mx\/tienda\/#organization\",\"name\":\"Compuviper\",\"url\":\"https:\/\/compuviper.mx\/tienda\/\",\"logo\":{\"@type\":\"ImageObject\",\"inLanguage\":\"es-MX\",\"@id\":\"https:\/\/compuviper.mx\/tienda\/#\/schema\/logo\/image\/\",\"url\":\"https:\/\/compuviper.mx\/tienda\/wp-content\/uploads\/2021\/08\/Logo-Compuviper-10.png\",\"contentUrl\":\"https:\/\/compuviper.mx\/tienda\/wp-content\/uploads\/2021\/08\/Logo-Compuviper-10.png\",\"width\":1000,\"height\":500,\"caption\":\"Compuviper\"},\"image\":{\"@id\":\"https:\/\/compuviper.mx\/tienda\/#\/schema\/logo\/image\/\"},\"sameAs\":[\"https:\/\/www.facebook.com\/compuviper\",\"https:\/\/www.youtube.com\/channel\/UCf73dERp9Y3cfOq7q8BhLjA?view_as=subscriber\"]}]}<\/script>\n<meta property=\"product:brand\" content=\"APC\" \/>\n<meta property=\"product:price:amount\" content=\"23202\" \/>\n<meta property=\"product:price:currency\" content=\"MXN\" \/>\n<meta property=\"og:availability\" content=\"out of stock\" \/>\n<meta property=\"product:availability\" content=\"out of stock\" \/>\n<meta property=\"product:retailer_item_id\" content=\"SMT2200RM2UC\" \/>\n<meta property=\"product:condition\" content=\"new\" \/>\n<!-- \/ Yoast SEO plugin. -->","yoast_head_json":{"title":"[ Apc ] &#129351; Smt2200rm2uc Unidad Smart-ups De , 2200 Va, Pantalla Lcd, Para Rack 2 U, 120 V, Con Smartconnect","description":"Compra Smt2200rm2uc Unidad Smart-ups De , 2200 Va, Pantalla Lcd, Para Rack 2 U, 120 V, Con Smartconnect + Env\u00edo a domicilio + Pago seguro + Garant\u00eda","robots":{"index":"index","follow":"follow","max-snippet":"max-snippet:-1","max-image-preview":"max-image-preview:large","max-video-preview":"max-video-preview:-1"},"canonical":"https:\/\/compuviper.mx\/tienda\/producto\/apc-smt2200rm2uc-unidad-smart-ups-de-2200-va-pantalla-lcd-para-rack-2-u-120-v-con-smartconnect\/","og_locale":"es_MX","og_type":"article","og_title":"[ Apc ] &#129351; Smt2200rm2uc Unidad Smart-ups De , 2200 Va, Pantalla Lcd, Para Rack 2 U, 120 V, Con Smartconnect","og_description":"Compra Smt2200rm2uc Unidad Smart-ups De , 2200 Va, Pantalla Lcd, Para Rack 2 U, 120 V, Con Smartconnect + Env\u00edo a domicilio + Pago seguro + Garant\u00eda","og_url":"https:\/\/compuviper.mx\/tienda\/producto\/apc-smt2200rm2uc-unidad-smart-ups-de-2200-va-pantalla-lcd-para-rack-2-u-120-v-con-smartconnect\/","og_site_name":"Compuviper","article_publisher":"https:\/\/www.facebook.com\/compuviper","og_image":[{"width":200,"height":200,"url":"https:\/\/compuviper.mx\/tienda\/wp-content\/uploads\/2023\/12\/Unidad-smart-ups-de-apc-2200-va-pantalla-lcd-para-rack-2-u-120-v-con-smartconnect.jpg","type":"image\/jpeg"}],"twitter_card":"summary_large_image","twitter_misc":{"Precio":"&#36;23,676 &#36;23,202 con IVA","Availability":"Out of stock"},"schema":{"@context":"https:\/\/schema.org","@graph":[{"@type":"WebPage","@id":"https:\/\/compuviper.mx\/tienda\/producto\/apc-smt2200rm2uc-unidad-smart-ups-de-2200-va-pantalla-lcd-para-rack-2-u-120-v-con-smartconnect\/","url":"https:\/\/compuviper.mx\/tienda\/producto\/apc-smt2200rm2uc-unidad-smart-ups-de-2200-va-pantalla-lcd-para-rack-2-u-120-v-con-smartconnect\/","name":"[ Apc ] &#129351; Smt2200rm2uc Unidad Smart-ups De , 2200 Va, Pantalla Lcd, Para Rack 2 U, 120 V, Con Smartconnect","isPartOf":{"@id":"https:\/\/compuviper.mx\/tienda\/#website"},"datePublished":"2026-04-07T06:24:52+00:00","dateModified":"2026-04-07T06:24:52+00:00","description":"Compra Smt2200rm2uc Unidad Smart-ups De , 2200 Va, Pantalla Lcd, Para Rack 2 U, 120 V, Con Smartconnect + Env\u00edo a domicilio + Pago seguro + Garant\u00eda","breadcrumb":{"@id":"https:\/\/compuviper.mx\/tienda\/producto\/apc-smt2200rm2uc-unidad-smart-ups-de-2200-va-pantalla-lcd-para-rack-2-u-120-v-con-smartconnect\/#breadcrumb"},"inLanguage":"es-MX","potentialAction":[{"@type":"ReadAction","target":["https:\/\/compuviper.mx\/tienda\/producto\/apc-smt2200rm2uc-unidad-smart-ups-de-2200-va-pantalla-lcd-para-rack-2-u-120-v-con-smartconnect\/"]}]},{"@type":"BreadcrumbList","@id":"https:\/\/compuviper.mx\/tienda\/producto\/apc-smt2200rm2uc-unidad-smart-ups-de-2200-va-pantalla-lcd-para-rack-2-u-120-v-con-smartconnect\/#breadcrumb","itemListElement":[{"@type":"ListItem","position":1,"name":"Inicio","item":"https:\/\/compuviper.mx\/tienda\/"},{"@type":"ListItem","position":2,"name":"Productos","item":"https:\/\/compuviper.mx\/tienda\/productos\/"},{"@type":"ListItem","position":3,"name":"Energia","item":"https:\/\/compuviper.mx\/tienda\/categoria-producto\/energia\/"},{"@type":"ListItem","position":4,"name":"No Break","item":"https:\/\/compuviper.mx\/tienda\/categoria-producto\/energia\/no-break\/"},{"@type":"ListItem","position":5,"name":"Apc Smt2200rm2uc Unidad Smart-ups De , 2200 Va, Pantalla Lcd, Para Rack 2 U, 120 V, Con Smartconnect"}]},{"@type":"WebSite","@id":"https:\/\/compuviper.mx\/tienda\/#website","url":"https:\/\/compuviper.mx\/tienda\/","name":"Compuviper","description":"Proveedor de Computadoras, Laptops, Servidores, Monitores, Puntos de Venta, Teclados,   Impresoras, T\u00f3ner, C\u00e1maras de Seguridad y m\u00e1s en tu tienda en l\u00ednea","publisher":{"@id":"https:\/\/compuviper.mx\/tienda\/#organization"},"potentialAction":[{"@type":"SearchAction","target":{"@type":"EntryPoint","urlTemplate":"https:\/\/compuviper.mx\/tienda\/?s={search_term_string}"},"query-input":"required name=search_term_string"}],"inLanguage":"es-MX"},{"@type":"Organization","@id":"https:\/\/compuviper.mx\/tienda\/#organization","name":"Compuviper","url":"https:\/\/compuviper.mx\/tienda\/","logo":{"@type":"ImageObject","inLanguage":"es-MX","@id":"https:\/\/compuviper.mx\/tienda\/#\/schema\/logo\/image\/","url":"https:\/\/compuviper.mx\/tienda\/wp-content\/uploads\/2021\/08\/Logo-Compuviper-10.png","contentUrl":"https:\/\/compuviper.mx\/tienda\/wp-content\/uploads\/2021\/08\/Logo-Compuviper-10.png","width":1000,"height":500,"caption":"Compuviper"},"image":{"@id":"https:\/\/compuviper.mx\/tienda\/#\/schema\/logo\/image\/"},"sameAs":["https:\/\/www.facebook.com\/compuviper","https:\/\/www.youtube.com\/channel\/UCf73dERp9Y3cfOq7q8BhLjA?view_as=subscriber"]}]},"product_brand":"APC","product_price_amount":"23202","product_price_currency":"MXN","og_availability":"out of stock","product_availability":"out of stock","product_retailer_item_id":"SMT2200RM2UC","product_condition":"new"},"_links":{"self":[{"href":"https:\/\/compuviper.mx\/tienda\/wp-json\/wp\/v2\/product\/217466"}],"collection":[{"href":"https:\/\/compuviper.mx\/tienda\/wp-json\/wp\/v2\/product"}],"about":[{"href":"https:\/\/compuviper.mx\/tienda\/wp-json\/wp\/v2\/types\/product"}],"replies":[{"embeddable":true,"href":"https:\/\/compuviper.mx\/tienda\/wp-json\/wp\/v2\/comments?post=217466"}],"wp:featuredmedia":[{"embeddable":true,"href":"https:\/\/compuviper.mx\/tienda\/wp-json\/wp\/v2\/media\/217467"}],"wp:attachment":[{"href":"https:\/\/compuviper.mx\/tienda\/wp-json\/wp\/v2\/media?parent=217466"}],"wp:term":[{"taxonomy":"product_cat","embeddable":true,"href":"https:\/\/compuviper.mx\/tienda\/wp-json\/wp\/v2\/product_cat?post=217466"},{"taxonomy":"product_tag","embeddable":true,"href":"https:\/\/compuviper.mx\/tienda\/wp-json\/wp\/v2\/product_tag?post=217466"}],"curies":[{"name":"wp","href":"https:\/\/api.w.org\/{rel}","templated":true}]}}