{"id":217458,"date":"2026-04-18T00:29:54","date_gmt":"2026-04-18T06:29:54","guid":{"rendered":"https:\/\/compuviper.mx\/tienda\/producto\/tripp-lite-vs650t-no-break-120v-50-60hz-650va-360-watts-interactivo-6-contactos-avr-serie-vs-torre-3-aos-de-garantia\/"},"modified":"2026-04-18T00:29:54","modified_gmt":"2026-04-18T06:29:54","slug":"tripp-lite-vs650t10037332212891om883b-no-break-vs650t-120v-50-60hz-650va-360-watts-interactivo-6-contactos-avr-serie-vs-torre-3-aos-de-garantia","status":"publish","type":"product","link":"https:\/\/compuviper.mx\/tienda\/producto\/tripp-lite-vs650t10037332212891om883b-no-break-vs650t-120v-50-60hz-650va-360-watts-interactivo-6-contactos-avr-serie-vs-torre-3-aos-de-garantia\/","title":{"rendered":"Tripp-lite Vs650t,10037332212891,om883b No Break  Vs650t 120v 50\/ 60hz, 650va \/ 360 Watts Interactivo 6 Contactos, Avr, Serie Vs, Torre. 3 A?os De Garantia."},"content":{"rendered":"<table class=\"descripcion\">\n<tr>\n<td>No break tripp-lite vs650t 120v 50\/ 60hz, 650va \/ 360 watts interactivo 6 contactos, avr, serie vs, torre.<\/td>\n<\/tr>\n<tr>\n<td>Especificaciones<\/td>\n<\/tr>\n<tr>\n<td>Generalidades<\/td>\n<\/tr>\n<tr>\n<td>C\u00f3digo upc 037332212894<\/td>\n<\/tr>\n<tr>\n<td>Tipo de ups interactivo<\/td>\n<\/tr>\n<tr>\n<td>Salida<\/td>\n<\/tr>\n<tr>\n<td>Capacidad de salida en volts amperes (va) 650<\/td>\n<\/tr>\n<tr>\n<td>Capacidad de salida (watts) 360<\/td>\n<\/tr>\n<tr>\n<td>Detalles del voltaje nominal salida nominal de 120v en el modo de respaldo por bater\u00eda<\/td>\n<\/tr>\n<tr>\n<td>Compatibilidad de frecuencia 60 hz<\/td>\n<\/tr>\n<tr>\n<td>Regulaci\u00f3n del voltaje de salida (modo de l\u00ednea) 120v (+9%, -12%)<\/td>\n<\/tr>\n<tr>\n<td>Regulaci\u00f3n del voltaje de salida (modo de bater\u00eda) 120v (+\/- 10%)<\/td>\n<\/tr>\n<tr>\n<td>Recept\u00e1culos de salida del ups (solo supresi\u00f3n de sobretensiones) 4 tomacorrientes en el ups, 2 tomacorrientes s\u00f3lo para sobretensiones<\/td>\n<\/tr>\n<tr>\n<td>Forma de onda de ca de salida (modo de ca) onda sinusoidal<\/td>\n<\/tr>\n<tr>\n<td>Forma de onda de ca de salida (modo en bater\u00eda) onda sinusoidal pwm<\/td>\n<\/tr>\n<tr>\n<td>Voltaje(s) nominal(es) de salida soportado(s) 110v; 115v; 120v<\/td>\n<\/tr>\n<tr>\n<td>Tomacorrientes (6) 5-15r<\/td>\n<\/tr>\n<tr>\n<td>Bancos de carga controlables individualmente   no<\/td>\n<\/tr>\n<tr>\n<td>Entrada<\/td>\n<\/tr>\n<tr>\n<td>Corriente especificada de entrada (carga m\u00e1xima) 6a<\/td>\n<\/tr>\n<tr>\n<td>Voltaje(s) nominal(es) de entrada soportado(s) 120v ca<\/td>\n<\/tr>\n<tr>\n<td>Tipo de conexi\u00f3n de entrada del ups 5-15p<\/td>\n<\/tr>\n<tr>\n<td>Longitud del cable de alimentaci\u00f3n del ups (pies) 5<\/td>\n<\/tr>\n<tr>\n<td>Longitud del cable de alimentaci\u00f3n del ups (m) 1.5<\/td>\n<\/tr>\n<tr>\n<td>Servicio el\u00e9ctrico recomendado 15a 120v<\/td>\n<\/tr>\n<tr>\n<td>Fase de entrada monof\u00e1sico<\/td>\n<\/tr>\n<tr>\n<td>Bater\u00eda<\/td>\n<\/tr>\n<tr>\n<td>Autonom\u00eda a media carga (min.)   5.7 minutos (180w)<\/td>\n<\/tr>\n<tr>\n<td>Voltaje cd del sistema (vcd) 12<\/td>\n<\/tr>\n<tr>\n<td>Tasa de recarga de bater\u00edas (bater\u00edas incluidas) 8 horas (10% a 90%)<\/td>\n<\/tr>\n<tr>\n<td>Autonom\u00eda ampliable no<\/td>\n<\/tr>\n<tr>\n<td>Regulaci\u00f3n de voltaje<\/td>\n<\/tr>\n<tr>\n<td>Descripci\u00f3n de la regulaci\u00f3n de voltaje la regulaci\u00f3n autom\u00e1tica de voltaje (avr) mantiene la operaci\u00f3n con corriente de la l\u00ednea con un rango de voltajes de entrada entre 89v y 145v<\/td>\n<\/tr>\n<tr>\n<td>Correcci\u00f3n de sobrevoltaje   los voltajes de entrada de entre 132v y 145v son reducidos en un 15%<\/td>\n<\/tr>\n<tr>\n<td>Correcci\u00f3n de bajo voltaje   los voltajes de entrada entre 89v y 108v se elevan en un 18%<\/td>\n<\/tr>\n<tr>\n<td>Interfaz de usuario, alertas y controles<\/td>\n<\/tr>\n<tr>\n<td>Interruptores controla el estado de encendido y apagado<\/td>\n<\/tr>\n<tr>\n<td>Alarma ac\u00fastica la alarma audible indica estado de bater\u00eda baja, falla, sobrecarga y reemplazo de bater\u00edas<\/td>\n<\/tr>\n<tr>\n<td>Indicadores led 3 leds indican el modo en l\u00ednea (verde), modo en respaldo por bater\u00eda (amarillo) y modo de falla (rojo)<\/td>\n<\/tr>\n<tr>\n<td>Supresi\u00f3n de sobrecarga \/ ruido<\/td>\n<\/tr>\n<tr>\n<td>Valor nominal en joules de supresi\u00f3n ca del ups 316<\/td>\n<\/tr>\n<tr>\n<td>Tiempo de respuesta de supresi\u00f3n de ca del ups instant\u00e1neo<\/td>\n<\/tr>\n<tr>\n<td>Supresi\u00f3n en la l\u00ednea de datos del ups n\/a<\/td>\n<\/tr>\n<tr>\n<td>Supresi\u00f3n de ruido emi \/ rfi en ca   s\u00ed<\/td>\n<\/tr>\n<tr>\n<td>F\u00edsicas<\/td>\n<\/tr>\n<tr>\n<td>Los factores de forma de instalaci\u00f3n son soportados con los accesorios opcionales torre<\/td>\n<\/tr>\n<tr>\n<td>Factor de forma primario torre<\/td>\n<\/tr>\n<tr>\n<td>Profundidad del ups primario (mm) 300<\/td>\n<\/tr>\n<tr>\n<td>Altura del ups primario (mm) 142<\/td>\n<\/tr>\n<tr>\n<td>Ancho del ups primario (mm) 102<\/td>\n<\/tr>\n<tr>\n<td>Peso de env\u00edo (kg) 4.81<\/td>\n<\/tr>\n<tr>\n<td>Material del gabinete del ups abs<\/td>\n<\/tr>\n<tr>\n<td>Peso del m\u00f3dulo de potencia del ups (kg) 4.49<\/td>\n<\/tr>\n<tr>\n<td>Ambientales<\/td>\n<\/tr>\n<tr>\n<td>Rango de temperatura de operaci\u00f3n 0 \u00bac a 40 \u00bac [32 \u00baf a 104 \u00baf]<\/td>\n<\/tr>\n<tr>\n<td>Rango de temperatura de almacenamiento -15 \u00bac a 45 \u00bac [5 \u00baf a 113 \u00baf]<\/td>\n<\/tr>\n<tr>\n<td>Humedad relativa de 0% a 90%, sin condensaci\u00f3n<\/td>\n<\/tr>\n<tr>\n<td>Modo de ca btu \/ hr. (plena carga)   24<\/td>\n<\/tr>\n<tr>\n<td>Clasificaci\u00f3n de eficiencia del modo de ca (100% de carga) 95%<\/td>\n<\/tr>\n<tr>\n<td>Comunicaciones<\/td>\n<\/tr>\n<tr>\n<td>Interfaz de comunicaciones ninguna<\/td>\n<\/tr>\n<tr>\n<td>Compatibilidad con herramientas de ups de red<\/td>\n<\/tr>\n<tr>\n<td>Tiempo de transferencia l\u00ednea \/ bater\u00eda<\/td>\n<\/tr>\n<tr>\n<td>Tiempo de transferencia   6 milisegundos<\/td>\n<\/tr>\n<tr>\n<td>Transferencia de bajo voltaje a energ\u00eda de bater\u00eda (calibraci\u00f3n) 89<\/td>\n<\/tr>\n<tr>\n<td>Transferencia de alto voltaje a energ\u00eda de bater\u00eda (calibraci\u00f3n) 145<\/td>\n<\/tr>\n<tr>\n<td>Certificaciones<\/td>\n<\/tr>\n<tr>\n<td>Certificaciones del ups cumple con fcc parte 15 categor\u00eda a (emi); probado para csa (canad\u00e1); probado para nom (m\u00e9xico); probado para ul1778 (ee uu)<\/td>\n<\/tr>\n<tr>\n<td>Detalles de las certificaciones del ups ul1778: 2014 5\u00aa edici\u00f3n; can\/csa-c22.2 n\u00ba 107.3:2014 3\u00aa edici\u00f3n;<\/td>\n<\/tr>\n<tr>\n<td>Garantia<\/td>\n<\/tr>\n<tr>\n<td>Periodo de garant\u00eda del producto (m\u00e9xico) garant\u00eda limitada de 3 a\u00f1os.<\/td>\n<\/tr>\n<\/table>\n","protected":false},"excerpt":{"rendered":"<p>Caracter\u00edsticas. Respaldo por bater\u00eda de 650va \/ 360w \/ 120v para pcs, home theater o se\u00f1alizaci\u00f3n digital. Este ups de 120v con protecci\u00f3n avr proporciona confiable respaldo por bater\u00eda y protecci\u00f3n de energ\u00eda de ca contra apagones, ca\u00eddas de voltaje, sobretensiones y ruido en la l\u00ednea que pueden da\u00f1ar valiosos aparatos electr\u00f3nicos o destruir la informaci\u00f3n. El respaldo por bater\u00eda de 120v con seis tomacorrientes es la protecci\u00f3n ideal para sus componentes de oficina en casa, centro de los medios o comercio, incluyendo computadoras, ruteadores, impresoras, hdtvs, reproductores blu-ray, consolas de juego, cajeros autom\u00e1ticos, sistemas de seguridad y equipo de se\u00f1alizaci\u00f3n digital. Proporciona tiempo para respaldar archivos cr\u00edticos durante un apag\u00f3n. El soporte de respaldo le permite trabajar durante apagones breves y le da tiempo suficiente para guardar archivos y apagar de forma segura su sistema en caso de un apag\u00f3n prolongado. El tiempo de respaldo var\u00eda seg\u00fan la carga, pero el sistema ups interactivo mantendr\u00e1 alimentada una computadora de escritorio eficiente en energ\u00eda con monitor lcd peque\u00f1o por hasta 32 minutos. Durante la operaci\u00f3n normal, la energ\u00eda entrante de la red p\u00fablica mantiene totalmente cargada la bater\u00eda interna reemplazable de modo que siempre est\u00e9 disponible energ\u00eda de respaldo. Conecta sus equipos a 6 tomacorrientes nema 5-15r. Cuatro tomacorrientes 5-15r proporcionan respaldo por bater\u00eda y supresi\u00f3n de sobretensiones para su computadora, monitor y otros componentes cruciales. Los otros dos tomacorrientes 5-15r est\u00e1n protegidos solamente contra sobretensi\u00f3n para impresoras, esc\u00e1neres y otros equipos no esenciales. Una alta calificaci\u00f3n de eficiencia en el modo de l\u00ednea del 95% reduce las emisiones de btu, el consumo de energ\u00eda y, en \u00faltima instancia, los costos de energ\u00eda. La regulaci\u00f3n autom\u00e1tica de voltaje (avr) corrige condiciones de bajo voltaje. La avr protege su equipo de da\u00f1os acumulables al hardware, p\u00e9rdida de informaci\u00f3n y problemas de rendimiento causados por las ca\u00eddas de voltaje. El vs650t puede corregir autom\u00e1ticamente ca\u00eddas de voltaje tan bajas como 89v y sobrevoltajes de hasta 145v y regresarlos a 120v nominales sin gastar la energ\u00eda de respaldo de la bater\u00eda necesaria para respaldar su equipo durante un apag\u00f3n. 316 joules combaten las sobretensiones inesperadas. Una clasificaci\u00f3n de supresi\u00f3n de sobretensiones de 316 joules protege los componentes conectados contra los da\u00f1inos efectos de las sobretensiones. Combate la interferencia electromagn\u00e9tica que puede da\u00f1ar al equipo. Diversas fuentes electromagn\u00e9ticas y de radio que se encuentran virtualmente en todas las casas o negocios pueden causar interferencia disruptiva en la l\u00ednea de ca. Conocido como emi (interferencia electromagn\u00e9tica) y rfi (interferencia por radiofrecuencia), este ruido en la l\u00ednea es una causa com\u00fan de da\u00f1o acumulativo del hardware, corrupci\u00f3n de la informaci\u00f3n y problemas de transmisiones de audio y video. El vs650t incorpora tecnolog\u00eda que filtra el da\u00f1ino ruido en la l\u00ednea, de modo que no afecte a su equipo. La pantalla de leds de f\u00e1cil lectura reporta en tiempo real el estado del ups y la energ\u00eda. Tres indicadores led en el panel frontal monitorean informaci\u00f3n esencial, como modos en l\u00ednea, en respaldo por bater\u00eda y de falla. Sonar\u00e1 una alarma audible en caso de condici\u00f3n de bater\u00eda baja, carga excesiva y falla. Factor de forma en torre para f\u00e1cil colocaci\u00f3n en su espacio de trabajo o centro de medios. La caja de abs de larga duraci\u00f3n se adapta f\u00e1cilmente en un escritorio, repisa o alg\u00fan otro sitio conveniente para su estaci\u00f3n de trabajo o home theater. El cable de alimentaci\u00f3n de 1.52 m [5 pies] con clavija nema 5-15p se conecta a un tomacorriente de pared de ca correctamente aterrizado. Aplicaciones t\u00edpicas. Proteja su pc y otros aparatos electr\u00f3nicos delicados contra sobretensiones, ca\u00eddas de voltaje y apagones. Opere equipo esencial durante apagones breves utilizando energ\u00eda de respaldo por bater\u00eda. Apague pcs, dvrs, ruteadores y otros equipos sin p\u00e9rdida de datos durante apagones prolongados. El paquete incluye. Vs650t \u0096 ups interactivo de 650va 360w con 6 tomacorrientes. Manual del propietario. Este ups interactivo ofrece respaldo b\u00e1sico por bater\u00eda con protecci\u00f3n avr para su computadora de oficina, instalaci\u00f3n de home theater o se\u00f1alizaci\u00f3n digital. Protege equipo valioso de los peligros causados por ca\u00eddas de voltaje, sobretensiones y ruido en la l\u00ednea. El respaldo por bater\u00eda con avr permite tiempo para guardar archivos y apagar con seguridad durante los apagones. 6 tomacorrientes nema 5-15r proporcionan alimentaci\u00f3n a pc, home theater o equipo de se\u00f1alizaci\u00f3n digital. La alarma y los leds en el panel frontal informan de condiciones en l\u00ednea, falla de bater\u00eda y sobrecarga. Alta eficiencia del 95% con bajas tasas de btu ahorran energ\u00eda y reducen sus costos de energ\u00eda. Garant\u00eda limitada de 3 a\u00f1os.<\/p>\n","protected":false},"featured_media":217459,"comment_status":"open","ping_status":"open","template":"","meta":[],"product_cat":[1508,1691],"product_tag":[1510],"acf":[],"yoast_head":"<!-- This site is optimized with the Yoast SEO plugin v21.7 - https:\/\/yoast.com\/wordpress\/plugins\/seo\/ -->\n<title>[ Tripp-lite ] &#129351; Vs650t,10037332212891,om883b No Break Vs650t 120v 50\/ 60hz, 650va \/ 360 Watts Interactivo 6 Contactos, Avr, Serie Vs, Torre. 3 A\u00f1os De Garantia.<\/title>\n<meta name=\"description\" content=\"Compra Vs650t,10037332212891,om883b No Break Vs650t 120v 50\/ 60hz, 650va \/ 360 Watts Interactivo 6 Contactos, Avr, Serie Vs, Torre. 3 A\u00f1os De Garantia. + Env\u00edo a domicilio + Pago seguro + Garant\u00eda\" \/>\n<meta name=\"robots\" content=\"index, follow, max-snippet:-1, max-image-preview:large, max-video-preview:-1\" \/>\n<link rel=\"canonical\" href=\"https:\/\/compuviper.mx\/tienda\/producto\/tripp-lite-vs650t10037332212891om883b-no-break-vs650t-120v-50-60hz-650va-360-watts-interactivo-6-contactos-avr-serie-vs-torre-3-aos-de-garantia\/\" \/>\n<meta property=\"og:locale\" content=\"es_MX\" \/>\n<meta property=\"og:type\" content=\"article\" \/>\n<meta property=\"og:title\" content=\"[ Tripp-lite ] &#129351; Vs650t,10037332212891,om883b No Break Vs650t 120v 50\/ 60hz, 650va \/ 360 Watts Interactivo 6 Contactos, Avr, Serie Vs, Torre. 3 A\u00f1os De Garantia.\" \/>\n<meta property=\"og:description\" content=\"Compra Vs650t,10037332212891,om883b No Break Vs650t 120v 50\/ 60hz, 650va \/ 360 Watts Interactivo 6 Contactos, Avr, Serie Vs, Torre. 3 A\u00f1os De Garantia. + Env\u00edo a domicilio + Pago seguro + Garant\u00eda\" \/>\n<meta property=\"og:url\" content=\"https:\/\/compuviper.mx\/tienda\/producto\/tripp-lite-vs650t10037332212891om883b-no-break-vs650t-120v-50-60hz-650va-360-watts-interactivo-6-contactos-avr-serie-vs-torre-3-aos-de-garantia\/\" \/>\n<meta property=\"og:site_name\" content=\"Compuviper\" \/>\n<meta property=\"article:publisher\" content=\"https:\/\/www.facebook.com\/compuviper\" \/>\n<meta property=\"og:image\" content=\"https:\/\/compuviper.mx\/tienda\/wp-content\/uploads\/2023\/12\/No-break-tripp-lite-vs650t-120v-50-60hz-650va-360-watts-interactivo-6-contactos-avr-serie-vs-torre.-3-anos-de-garantia.jpg\" \/>\n\t<meta property=\"og:image:width\" content=\"200\" \/>\n\t<meta property=\"og:image:height\" content=\"200\" \/>\n\t<meta property=\"og:image:type\" content=\"image\/jpeg\" \/>\n<meta name=\"twitter:card\" content=\"summary_large_image\" \/>\n<meta name=\"twitter:label1\" content=\"Precio\" \/>\n\t<meta name=\"twitter:data1\" content=\"&#36;1,321 con IVA\" \/>\n\t<meta name=\"twitter:label2\" content=\"Availability\" \/>\n\t<meta name=\"twitter:data2\" content=\"In stock\" \/>\n<script type=\"application\/ld+json\" class=\"yoast-schema-graph\">{\"@context\":\"https:\/\/schema.org\",\"@graph\":[{\"@type\":\"WebPage\",\"@id\":\"https:\/\/compuviper.mx\/tienda\/producto\/tripp-lite-vs650t10037332212891om883b-no-break-vs650t-120v-50-60hz-650va-360-watts-interactivo-6-contactos-avr-serie-vs-torre-3-aos-de-garantia\/\",\"url\":\"https:\/\/compuviper.mx\/tienda\/producto\/tripp-lite-vs650t10037332212891om883b-no-break-vs650t-120v-50-60hz-650va-360-watts-interactivo-6-contactos-avr-serie-vs-torre-3-aos-de-garantia\/\",\"name\":\"[ Tripp-lite ] &#129351; Vs650t,10037332212891,om883b No Break Vs650t 120v 50\/ 60hz, 650va \/ 360 Watts Interactivo 6 Contactos, Avr, Serie Vs, Torre. 3 A\u00f1os De Garantia.\",\"isPartOf\":{\"@id\":\"https:\/\/compuviper.mx\/tienda\/#website\"},\"datePublished\":\"2026-04-18T06:29:54+00:00\",\"dateModified\":\"2026-04-18T06:29:54+00:00\",\"description\":\"Compra Vs650t,10037332212891,om883b No Break Vs650t 120v 50\/ 60hz, 650va \/ 360 Watts Interactivo 6 Contactos, Avr, Serie Vs, Torre. 3 A\u00f1os De Garantia. + Env\u00edo a domicilio + Pago seguro + Garant\u00eda\",\"breadcrumb\":{\"@id\":\"https:\/\/compuviper.mx\/tienda\/producto\/tripp-lite-vs650t10037332212891om883b-no-break-vs650t-120v-50-60hz-650va-360-watts-interactivo-6-contactos-avr-serie-vs-torre-3-aos-de-garantia\/#breadcrumb\"},\"inLanguage\":\"es-MX\",\"potentialAction\":[{\"@type\":\"ReadAction\",\"target\":[\"https:\/\/compuviper.mx\/tienda\/producto\/tripp-lite-vs650t10037332212891om883b-no-break-vs650t-120v-50-60hz-650va-360-watts-interactivo-6-contactos-avr-serie-vs-torre-3-aos-de-garantia\/\"]}]},{\"@type\":\"BreadcrumbList\",\"@id\":\"https:\/\/compuviper.mx\/tienda\/producto\/tripp-lite-vs650t10037332212891om883b-no-break-vs650t-120v-50-60hz-650va-360-watts-interactivo-6-contactos-avr-serie-vs-torre-3-aos-de-garantia\/#breadcrumb\",\"itemListElement\":[{\"@type\":\"ListItem\",\"position\":1,\"name\":\"Inicio\",\"item\":\"https:\/\/compuviper.mx\/tienda\/\"},{\"@type\":\"ListItem\",\"position\":2,\"name\":\"Productos\",\"item\":\"https:\/\/compuviper.mx\/tienda\/productos\/\"},{\"@type\":\"ListItem\",\"position\":3,\"name\":\"Energia\",\"item\":\"https:\/\/compuviper.mx\/tienda\/categoria-producto\/energia\/\"},{\"@type\":\"ListItem\",\"position\":4,\"name\":\"No Break\",\"item\":\"https:\/\/compuviper.mx\/tienda\/categoria-producto\/energia\/no-break\/\"},{\"@type\":\"ListItem\",\"position\":5,\"name\":\"Tripp-lite Vs650t,10037332212891,om883b No Break Vs650t 120v 50\/ 60hz, 650va \/ 360 Watts Interactivo 6 Contactos, Avr, Serie Vs, Torre. 3 A?os De Garantia.\"}]},{\"@type\":\"WebSite\",\"@id\":\"https:\/\/compuviper.mx\/tienda\/#website\",\"url\":\"https:\/\/compuviper.mx\/tienda\/\",\"name\":\"Compuviper\",\"description\":\"Proveedor de Computadoras, Laptops, Servidores, Monitores, Puntos de Venta, Teclados,   Impresoras, T\u00f3ner, C\u00e1maras de Seguridad y m\u00e1s en tu tienda en l\u00ednea\",\"publisher\":{\"@id\":\"https:\/\/compuviper.mx\/tienda\/#organization\"},\"potentialAction\":[{\"@type\":\"SearchAction\",\"target\":{\"@type\":\"EntryPoint\",\"urlTemplate\":\"https:\/\/compuviper.mx\/tienda\/?s={search_term_string}\"},\"query-input\":\"required name=search_term_string\"}],\"inLanguage\":\"es-MX\"},{\"@type\":\"Organization\",\"@id\":\"https:\/\/compuviper.mx\/tienda\/#organization\",\"name\":\"Compuviper\",\"url\":\"https:\/\/compuviper.mx\/tienda\/\",\"logo\":{\"@type\":\"ImageObject\",\"inLanguage\":\"es-MX\",\"@id\":\"https:\/\/compuviper.mx\/tienda\/#\/schema\/logo\/image\/\",\"url\":\"https:\/\/compuviper.mx\/tienda\/wp-content\/uploads\/2021\/08\/Logo-Compuviper-10.png\",\"contentUrl\":\"https:\/\/compuviper.mx\/tienda\/wp-content\/uploads\/2021\/08\/Logo-Compuviper-10.png\",\"width\":1000,\"height\":500,\"caption\":\"Compuviper\"},\"image\":{\"@id\":\"https:\/\/compuviper.mx\/tienda\/#\/schema\/logo\/image\/\"},\"sameAs\":[\"https:\/\/www.facebook.com\/compuviper\",\"https:\/\/www.youtube.com\/channel\/UCf73dERp9Y3cfOq7q8BhLjA?view_as=subscriber\"]}]}<\/script>\n<meta property=\"product:brand\" content=\"TRIPP-LITE\" \/>\n<meta property=\"product:price:amount\" content=\"1321\" \/>\n<meta property=\"product:price:currency\" content=\"MXN\" \/>\n<meta property=\"og:availability\" content=\"instock\" \/>\n<meta property=\"product:availability\" content=\"instock\" \/>\n<meta property=\"product:retailer_item_id\" content=\"VS650T,10037332212891,OM883B\" \/>\n<meta property=\"product:condition\" content=\"new\" \/>\n<!-- \/ Yoast SEO plugin. -->","yoast_head_json":{"title":"[ Tripp-lite ] &#129351; Vs650t,10037332212891,om883b No Break Vs650t 120v 50\/ 60hz, 650va \/ 360 Watts Interactivo 6 Contactos, Avr, Serie Vs, Torre. 3 A\u00f1os De Garantia.","description":"Compra Vs650t,10037332212891,om883b No Break Vs650t 120v 50\/ 60hz, 650va \/ 360 Watts Interactivo 6 Contactos, Avr, Serie Vs, Torre. 3 A\u00f1os De Garantia. + Env\u00edo a domicilio + Pago seguro + Garant\u00eda","robots":{"index":"index","follow":"follow","max-snippet":"max-snippet:-1","max-image-preview":"max-image-preview:large","max-video-preview":"max-video-preview:-1"},"canonical":"https:\/\/compuviper.mx\/tienda\/producto\/tripp-lite-vs650t10037332212891om883b-no-break-vs650t-120v-50-60hz-650va-360-watts-interactivo-6-contactos-avr-serie-vs-torre-3-aos-de-garantia\/","og_locale":"es_MX","og_type":"article","og_title":"[ Tripp-lite ] &#129351; Vs650t,10037332212891,om883b No Break Vs650t 120v 50\/ 60hz, 650va \/ 360 Watts Interactivo 6 Contactos, Avr, Serie Vs, Torre. 3 A\u00f1os De Garantia.","og_description":"Compra Vs650t,10037332212891,om883b No Break Vs650t 120v 50\/ 60hz, 650va \/ 360 Watts Interactivo 6 Contactos, Avr, Serie Vs, Torre. 3 A\u00f1os De Garantia. + Env\u00edo a domicilio + Pago seguro + Garant\u00eda","og_url":"https:\/\/compuviper.mx\/tienda\/producto\/tripp-lite-vs650t10037332212891om883b-no-break-vs650t-120v-50-60hz-650va-360-watts-interactivo-6-contactos-avr-serie-vs-torre-3-aos-de-garantia\/","og_site_name":"Compuviper","article_publisher":"https:\/\/www.facebook.com\/compuviper","og_image":[{"width":200,"height":200,"url":"https:\/\/compuviper.mx\/tienda\/wp-content\/uploads\/2023\/12\/No-break-tripp-lite-vs650t-120v-50-60hz-650va-360-watts-interactivo-6-contactos-avr-serie-vs-torre.-3-anos-de-garantia.jpg","type":"image\/jpeg"}],"twitter_card":"summary_large_image","twitter_misc":{"Precio":"&#36;1,321 con IVA","Availability":"In stock"},"schema":{"@context":"https:\/\/schema.org","@graph":[{"@type":"WebPage","@id":"https:\/\/compuviper.mx\/tienda\/producto\/tripp-lite-vs650t10037332212891om883b-no-break-vs650t-120v-50-60hz-650va-360-watts-interactivo-6-contactos-avr-serie-vs-torre-3-aos-de-garantia\/","url":"https:\/\/compuviper.mx\/tienda\/producto\/tripp-lite-vs650t10037332212891om883b-no-break-vs650t-120v-50-60hz-650va-360-watts-interactivo-6-contactos-avr-serie-vs-torre-3-aos-de-garantia\/","name":"[ Tripp-lite ] &#129351; Vs650t,10037332212891,om883b No Break Vs650t 120v 50\/ 60hz, 650va \/ 360 Watts Interactivo 6 Contactos, Avr, Serie Vs, Torre. 3 A\u00f1os De Garantia.","isPartOf":{"@id":"https:\/\/compuviper.mx\/tienda\/#website"},"datePublished":"2026-04-18T06:29:54+00:00","dateModified":"2026-04-18T06:29:54+00:00","description":"Compra Vs650t,10037332212891,om883b No Break Vs650t 120v 50\/ 60hz, 650va \/ 360 Watts Interactivo 6 Contactos, Avr, Serie Vs, Torre. 3 A\u00f1os De Garantia. + Env\u00edo a domicilio + Pago seguro + Garant\u00eda","breadcrumb":{"@id":"https:\/\/compuviper.mx\/tienda\/producto\/tripp-lite-vs650t10037332212891om883b-no-break-vs650t-120v-50-60hz-650va-360-watts-interactivo-6-contactos-avr-serie-vs-torre-3-aos-de-garantia\/#breadcrumb"},"inLanguage":"es-MX","potentialAction":[{"@type":"ReadAction","target":["https:\/\/compuviper.mx\/tienda\/producto\/tripp-lite-vs650t10037332212891om883b-no-break-vs650t-120v-50-60hz-650va-360-watts-interactivo-6-contactos-avr-serie-vs-torre-3-aos-de-garantia\/"]}]},{"@type":"BreadcrumbList","@id":"https:\/\/compuviper.mx\/tienda\/producto\/tripp-lite-vs650t10037332212891om883b-no-break-vs650t-120v-50-60hz-650va-360-watts-interactivo-6-contactos-avr-serie-vs-torre-3-aos-de-garantia\/#breadcrumb","itemListElement":[{"@type":"ListItem","position":1,"name":"Inicio","item":"https:\/\/compuviper.mx\/tienda\/"},{"@type":"ListItem","position":2,"name":"Productos","item":"https:\/\/compuviper.mx\/tienda\/productos\/"},{"@type":"ListItem","position":3,"name":"Energia","item":"https:\/\/compuviper.mx\/tienda\/categoria-producto\/energia\/"},{"@type":"ListItem","position":4,"name":"No Break","item":"https:\/\/compuviper.mx\/tienda\/categoria-producto\/energia\/no-break\/"},{"@type":"ListItem","position":5,"name":"Tripp-lite Vs650t,10037332212891,om883b No Break Vs650t 120v 50\/ 60hz, 650va \/ 360 Watts Interactivo 6 Contactos, Avr, Serie Vs, Torre. 3 A?os De Garantia."}]},{"@type":"WebSite","@id":"https:\/\/compuviper.mx\/tienda\/#website","url":"https:\/\/compuviper.mx\/tienda\/","name":"Compuviper","description":"Proveedor de Computadoras, Laptops, Servidores, Monitores, Puntos de Venta, Teclados,   Impresoras, T\u00f3ner, C\u00e1maras de Seguridad y m\u00e1s en tu tienda en l\u00ednea","publisher":{"@id":"https:\/\/compuviper.mx\/tienda\/#organization"},"potentialAction":[{"@type":"SearchAction","target":{"@type":"EntryPoint","urlTemplate":"https:\/\/compuviper.mx\/tienda\/?s={search_term_string}"},"query-input":"required name=search_term_string"}],"inLanguage":"es-MX"},{"@type":"Organization","@id":"https:\/\/compuviper.mx\/tienda\/#organization","name":"Compuviper","url":"https:\/\/compuviper.mx\/tienda\/","logo":{"@type":"ImageObject","inLanguage":"es-MX","@id":"https:\/\/compuviper.mx\/tienda\/#\/schema\/logo\/image\/","url":"https:\/\/compuviper.mx\/tienda\/wp-content\/uploads\/2021\/08\/Logo-Compuviper-10.png","contentUrl":"https:\/\/compuviper.mx\/tienda\/wp-content\/uploads\/2021\/08\/Logo-Compuviper-10.png","width":1000,"height":500,"caption":"Compuviper"},"image":{"@id":"https:\/\/compuviper.mx\/tienda\/#\/schema\/logo\/image\/"},"sameAs":["https:\/\/www.facebook.com\/compuviper","https:\/\/www.youtube.com\/channel\/UCf73dERp9Y3cfOq7q8BhLjA?view_as=subscriber"]}]},"product_brand":"TRIPP-LITE","product_price_amount":"1321","product_price_currency":"MXN","og_availability":"instock","product_availability":"instock","product_retailer_item_id":"VS650T,10037332212891,OM883B","product_condition":"new"},"_links":{"self":[{"href":"https:\/\/compuviper.mx\/tienda\/wp-json\/wp\/v2\/product\/217458"}],"collection":[{"href":"https:\/\/compuviper.mx\/tienda\/wp-json\/wp\/v2\/product"}],"about":[{"href":"https:\/\/compuviper.mx\/tienda\/wp-json\/wp\/v2\/types\/product"}],"replies":[{"embeddable":true,"href":"https:\/\/compuviper.mx\/tienda\/wp-json\/wp\/v2\/comments?post=217458"}],"wp:featuredmedia":[{"embeddable":true,"href":"https:\/\/compuviper.mx\/tienda\/wp-json\/wp\/v2\/media\/217459"}],"wp:attachment":[{"href":"https:\/\/compuviper.mx\/tienda\/wp-json\/wp\/v2\/media?parent=217458"}],"wp:term":[{"taxonomy":"product_cat","embeddable":true,"href":"https:\/\/compuviper.mx\/tienda\/wp-json\/wp\/v2\/product_cat?post=217458"},{"taxonomy":"product_tag","embeddable":true,"href":"https:\/\/compuviper.mx\/tienda\/wp-json\/wp\/v2\/product_tag?post=217458"}],"curies":[{"name":"wp","href":"https:\/\/api.w.org\/{rel}","templated":true}]}}