{"id":217444,"date":"2026-04-25T00:20:23","date_gmt":"2026-04-25T06:20:23","guid":{"rendered":"https:\/\/compuviper.mx\/tienda\/producto\/smartbitt-sbol10ktii-3-no-break-10kva-10000w-trifasico-igbt-online-torre-208-120v-config-slot-snmp-lc-factor-de-potencia-1\/"},"modified":"2026-04-25T00:20:23","modified_gmt":"2026-04-25T06:20:23","slug":"smartbitt-sbol10ktii-3-ups-online-trifasico-10kva-10000w-trifasico-igbt-online-torre-208-120v-config-slot-snmp-lc-factor-de-potencia-1","status":"publish","type":"product","link":"https:\/\/compuviper.mx\/tienda\/producto\/smartbitt-sbol10ktii-3-ups-online-trifasico-10kva-10000w-trifasico-igbt-online-torre-208-120v-config-slot-snmp-lc-factor-de-potencia-1\/","title":{"rendered":"Smartbitt Sbol10ktii-3 Ups Online   Trifasico    10kva\/10000w Trifasico Igbt Online Torre 208\/120v Config. Slot Snmp Lc, Factor De Potencia 1"},"content":{"rendered":"<table class=\"descripcion\">\n<tr>\n<td>Salida<\/td>\n<\/tr>\n<tr>\n<td>Potencia: 10000va \/ 10000 w<\/td>\n<\/tr>\n<tr>\n<td>Voltaje nominal: 220\/120 vca +\/-1% modo bateria<\/td>\n<\/tr>\n<tr>\n<td>Frecuencia nominal: 50\/60 hz +\/-0.2% modo bateria<\/td>\n<\/tr>\n<tr>\n<td>Factor de potencia: 1<\/td>\n<\/tr>\n<tr>\n<td>Thd:  and #8804;2 % thd (carga lineal);  and #8804; 5% thd (carga no lineal)<\/td>\n<\/tr>\n<tr>\n<td>Forma de onda: onda senoidal pura en modo bateria<\/td>\n<\/tr>\n<tr>\n<td>Tiempo de transferencia:  0 ms<\/td>\n<\/tr>\n<tr>\n<td>Numero de contactos:  conexion hardwire l1+l2+l3+n+tierra<\/td>\n<\/tr>\n<tr>\n<td>Relacion de cresta en corriente:  3:1 max.<\/td>\n<\/tr>\n<tr>\n<td>Sobrecarga:  130% apagado despues de 3 seg. en modo bateria o tranferencia a bypass en modo linea.<\/td>\n<\/tr>\n<tr>\n<td>Entrada<\/td>\n<\/tr>\n<tr>\n<td>Rango de regulacion: 155-250 vca<\/td>\n<\/tr>\n<tr>\n<td>Rango de frecuencia: 46-64 hz<\/td>\n<\/tr>\n<tr>\n<td>Voltaje nominal: 220 vca<\/td>\n<\/tr>\n<tr>\n<td>Frecuencia nominal: 50\/60 hz<\/td>\n<\/tr>\n<tr>\n<td>Tipo de conexion: hardwire, l1+l2+tierra<\/td>\n<\/tr>\n<tr>\n<td>Corriente maxima: 3 x 40a<\/td>\n<\/tr>\n<tr>\n<td>Puerto de monitoreo: usb jack tipo b\/serial\/ranura snmp<\/td>\n<\/tr>\n<tr>\n<td>Bateria<\/td>\n<\/tr>\n<tr>\n<td>Cantidad de baterias: 10<\/td>\n<\/tr>\n<tr>\n<td>Tipo de baterias: 12vcd 12ah<\/td>\n<\/tr>\n<tr>\n<td>Descarga al 100%: 7 min. con carga lineal<\/td>\n<\/tr>\n<tr>\n<td>Descarga al 50%: 15 min. con carga lineal<\/td>\n<\/tr>\n<tr>\n<td>Recuperacion: 9 horas al 90%<\/td>\n<\/tr>\n<tr>\n<td>Bateria con tecnologia hot-swap expandibles.<\/td>\n<\/tr>\n<tr>\n<td>Protecciones<\/td>\n<\/tr>\n<tr>\n<td>Supresor de picos: 800j<\/td>\n<\/tr>\n<tr>\n<td>Sobrecarga: dsp<\/td>\n<\/tr>\n<tr>\n<td>Tipo de proteccion disyuntor:  60a con restablecimiento a la entrada<\/td>\n<\/tr>\n<tr>\n<td>Corto circuito:  dsp<\/td>\n<\/tr>\n<tr>\n<td>Apagado de emergencia: conexion epo<\/td>\n<\/tr>\n<tr>\n<td>Caracteristicas fisicas<\/td>\n<\/tr>\n<tr>\n<td>Arquitectura: en forma de torre<\/td>\n<\/tr>\n<tr>\n<td>Interruptor: de pulso on\/up\/down\/off<\/td>\n<\/tr>\n<tr>\n<td>Indicador de encendido: diagrama de flujo de energia modo linea y led verde<\/td>\n<\/tr>\n<tr>\n<td>Indicador de modo bateria:  diagrama de flujo de energia modo bateria con indicador de carga de bateria y sonido beep cada 4 segundos<\/td>\n<\/tr>\n<tr>\n<td>Indicador bateria baja:   indicador de carga de bateria y sonido beep cada segundo<\/td>\n<\/tr>\n<tr>\n<td>Indicador sobrecarga:  indicador de carga conectada y sonido de dos beep cada segundo<\/td>\n<\/tr>\n<tr>\n<td>Indicador de falla:  icono fault y sonido continuo<\/td>\n<\/tr>\n<tr>\n<td>Largo (mm):  627<\/td>\n<\/tr>\n<tr>\n<td>Ancho (mm):  250<\/td>\n<\/tr>\n<tr>\n<td>Alto (mm):      827<\/td>\n<\/tr>\n<tr>\n<td>Peso (kg): 125.5<\/td>\n<\/tr>\n<tr>\n<td>Color: negro<\/td>\n<\/tr>\n<tr>\n<td>Montaje: torre en piso<\/td>\n<\/tr>\n<tr>\n<td>Ambiente de operacion<\/td>\n<\/tr>\n<tr>\n<td>Temperatura de operacion (c):  0-40\u00b0<\/td>\n<\/tr>\n<tr>\n<td>Humedad relativa:     95%<\/td>\n<\/tr>\n<tr>\n<td>Nivel de ruido:     58 db a 1m<\/td>\n<\/tr>\n<tr>\n<td>Elevacion operativa (m):       0-1000 s.n.m<\/td>\n<\/tr>\n<tr>\n<td>Garantia<\/td>\n<\/tr>\n<tr>\n<td>Garantia por defecto: 2 a\u00f1os de garantia en componentes electronicos y 1 en bateria<\/td>\n<\/tr>\n<tr>\n<td>Https:\/\/www.smartbitt.com\/<\/td>\n<\/tr>\n<\/table>\n","protected":false},"excerpt":{"rendered":"<p>Ideal para corporativos que cuentan con sites y requieren de una proteccion de mayor eficiencia y de mision critica. Ideal para servidores de alto rendimiento, ofreciendo el mejor servicio posventa e instalacion puesta en marcha, garantias preventivas y correctivas, dandole excelente confianza en la proteccion de sus datos. Conozca la l\u00ednea de productos on-line y le aseguramos que se convencera de su eficiencia.<\/p>\n","protected":false},"featured_media":217445,"comment_status":"open","ping_status":"open","template":"","meta":[],"product_cat":[1508,1691],"product_tag":[1583],"acf":[],"yoast_head":"<!-- This site is optimized with the Yoast SEO plugin v21.7 - https:\/\/yoast.com\/wordpress\/plugins\/seo\/ -->\n<title>[ Smartbitt ] &#129351; Sbol10ktii-3 Ups Online Trifasico 10kva\/10000w Trifasico Igbt Online Torre 208\/120v Config. Slot Snmp Lc, Factor De Potencia 1<\/title>\n<meta name=\"description\" content=\"Compra Sbol10ktii-3 Ups Online Trifasico 10kva\/10000w Trifasico Igbt Online Torre 208\/120v Config. Slot Snmp Lc, Factor De Potencia 1 + Env\u00edo a domicilio + Pago seguro + Garant\u00eda\" \/>\n<meta name=\"robots\" content=\"index, follow, max-snippet:-1, max-image-preview:large, max-video-preview:-1\" \/>\n<link rel=\"canonical\" href=\"https:\/\/compuviper.mx\/tienda\/producto\/smartbitt-sbol10ktii-3-ups-online-trifasico-10kva-10000w-trifasico-igbt-online-torre-208-120v-config-slot-snmp-lc-factor-de-potencia-1\/\" \/>\n<meta property=\"og:locale\" content=\"es_MX\" \/>\n<meta property=\"og:type\" content=\"article\" \/>\n<meta property=\"og:title\" content=\"[ Smartbitt ] &#129351; Sbol10ktii-3 Ups Online Trifasico 10kva\/10000w Trifasico Igbt Online Torre 208\/120v Config. Slot Snmp Lc, Factor De Potencia 1\" \/>\n<meta property=\"og:description\" content=\"Compra Sbol10ktii-3 Ups Online Trifasico 10kva\/10000w Trifasico Igbt Online Torre 208\/120v Config. Slot Snmp Lc, Factor De Potencia 1 + Env\u00edo a domicilio + Pago seguro + Garant\u00eda\" \/>\n<meta property=\"og:url\" content=\"https:\/\/compuviper.mx\/tienda\/producto\/smartbitt-sbol10ktii-3-ups-online-trifasico-10kva-10000w-trifasico-igbt-online-torre-208-120v-config-slot-snmp-lc-factor-de-potencia-1\/\" \/>\n<meta property=\"og:site_name\" content=\"Compuviper\" \/>\n<meta property=\"article:publisher\" content=\"https:\/\/www.facebook.com\/compuviper\" \/>\n<meta property=\"og:image\" content=\"https:\/\/compuviper.mx\/tienda\/wp-content\/uploads\/2023\/12\/No-break-smartbitt-10kva10000w-trifasico-igbt-online-torre-208120v-config.-slot-snmp-lc-factor-de-potencia-1-sbol10ktii-3.jpg\" \/>\n\t<meta property=\"og:image:width\" content=\"200\" \/>\n\t<meta property=\"og:image:height\" content=\"200\" \/>\n\t<meta property=\"og:image:type\" content=\"image\/jpeg\" \/>\n<meta name=\"twitter:card\" content=\"summary_large_image\" \/>\n<meta name=\"twitter:label1\" content=\"Precio\" \/>\n\t<meta name=\"twitter:data1\" content=\"&#36;77,332 con IVA\" \/>\n\t<meta name=\"twitter:label2\" content=\"Availability\" \/>\n\t<meta name=\"twitter:data2\" content=\"On backorder\" \/>\n<script type=\"application\/ld+json\" class=\"yoast-schema-graph\">{\"@context\":\"https:\/\/schema.org\",\"@graph\":[{\"@type\":\"WebPage\",\"@id\":\"https:\/\/compuviper.mx\/tienda\/producto\/smartbitt-sbol10ktii-3-ups-online-trifasico-10kva-10000w-trifasico-igbt-online-torre-208-120v-config-slot-snmp-lc-factor-de-potencia-1\/\",\"url\":\"https:\/\/compuviper.mx\/tienda\/producto\/smartbitt-sbol10ktii-3-ups-online-trifasico-10kva-10000w-trifasico-igbt-online-torre-208-120v-config-slot-snmp-lc-factor-de-potencia-1\/\",\"name\":\"[ Smartbitt ] &#129351; Sbol10ktii-3 Ups Online Trifasico 10kva\/10000w Trifasico Igbt Online Torre 208\/120v Config. Slot Snmp Lc, Factor De Potencia 1\",\"isPartOf\":{\"@id\":\"https:\/\/compuviper.mx\/tienda\/#website\"},\"datePublished\":\"2026-04-25T06:20:23+00:00\",\"dateModified\":\"2026-04-25T06:20:23+00:00\",\"description\":\"Compra Sbol10ktii-3 Ups Online Trifasico 10kva\/10000w Trifasico Igbt Online Torre 208\/120v Config. Slot Snmp Lc, Factor De Potencia 1 + Env\u00edo a domicilio + Pago seguro + Garant\u00eda\",\"breadcrumb\":{\"@id\":\"https:\/\/compuviper.mx\/tienda\/producto\/smartbitt-sbol10ktii-3-ups-online-trifasico-10kva-10000w-trifasico-igbt-online-torre-208-120v-config-slot-snmp-lc-factor-de-potencia-1\/#breadcrumb\"},\"inLanguage\":\"es-MX\",\"potentialAction\":[{\"@type\":\"ReadAction\",\"target\":[\"https:\/\/compuviper.mx\/tienda\/producto\/smartbitt-sbol10ktii-3-ups-online-trifasico-10kva-10000w-trifasico-igbt-online-torre-208-120v-config-slot-snmp-lc-factor-de-potencia-1\/\"]}]},{\"@type\":\"BreadcrumbList\",\"@id\":\"https:\/\/compuviper.mx\/tienda\/producto\/smartbitt-sbol10ktii-3-ups-online-trifasico-10kva-10000w-trifasico-igbt-online-torre-208-120v-config-slot-snmp-lc-factor-de-potencia-1\/#breadcrumb\",\"itemListElement\":[{\"@type\":\"ListItem\",\"position\":1,\"name\":\"Inicio\",\"item\":\"https:\/\/compuviper.mx\/tienda\/\"},{\"@type\":\"ListItem\",\"position\":2,\"name\":\"Productos\",\"item\":\"https:\/\/compuviper.mx\/tienda\/productos\/\"},{\"@type\":\"ListItem\",\"position\":3,\"name\":\"Energia\",\"item\":\"https:\/\/compuviper.mx\/tienda\/categoria-producto\/energia\/\"},{\"@type\":\"ListItem\",\"position\":4,\"name\":\"No Break\",\"item\":\"https:\/\/compuviper.mx\/tienda\/categoria-producto\/energia\/no-break\/\"},{\"@type\":\"ListItem\",\"position\":5,\"name\":\"Smartbitt Sbol10ktii-3 Ups Online Trifasico 10kva\/10000w Trifasico Igbt Online Torre 208\/120v Config. Slot Snmp Lc, Factor De Potencia 1\"}]},{\"@type\":\"WebSite\",\"@id\":\"https:\/\/compuviper.mx\/tienda\/#website\",\"url\":\"https:\/\/compuviper.mx\/tienda\/\",\"name\":\"Compuviper\",\"description\":\"Proveedor de Computadoras, Laptops, Servidores, Monitores, Puntos de Venta, Teclados,   Impresoras, T\u00f3ner, C\u00e1maras de Seguridad y m\u00e1s en tu tienda en l\u00ednea\",\"publisher\":{\"@id\":\"https:\/\/compuviper.mx\/tienda\/#organization\"},\"potentialAction\":[{\"@type\":\"SearchAction\",\"target\":{\"@type\":\"EntryPoint\",\"urlTemplate\":\"https:\/\/compuviper.mx\/tienda\/?s={search_term_string}\"},\"query-input\":\"required name=search_term_string\"}],\"inLanguage\":\"es-MX\"},{\"@type\":\"Organization\",\"@id\":\"https:\/\/compuviper.mx\/tienda\/#organization\",\"name\":\"Compuviper\",\"url\":\"https:\/\/compuviper.mx\/tienda\/\",\"logo\":{\"@type\":\"ImageObject\",\"inLanguage\":\"es-MX\",\"@id\":\"https:\/\/compuviper.mx\/tienda\/#\/schema\/logo\/image\/\",\"url\":\"https:\/\/compuviper.mx\/tienda\/wp-content\/uploads\/2021\/08\/Logo-Compuviper-10.png\",\"contentUrl\":\"https:\/\/compuviper.mx\/tienda\/wp-content\/uploads\/2021\/08\/Logo-Compuviper-10.png\",\"width\":1000,\"height\":500,\"caption\":\"Compuviper\"},\"image\":{\"@id\":\"https:\/\/compuviper.mx\/tienda\/#\/schema\/logo\/image\/\"},\"sameAs\":[\"https:\/\/www.facebook.com\/compuviper\",\"https:\/\/www.youtube.com\/channel\/UCf73dERp9Y3cfOq7q8BhLjA?view_as=subscriber\"]}]}<\/script>\n<meta property=\"product:brand\" content=\"SMARTBITT\" \/>\n<meta property=\"product:price:amount\" content=\"77332\" \/>\n<meta property=\"product:price:currency\" content=\"MXN\" \/>\n<meta property=\"og:availability\" content=\"backorder\" \/>\n<meta property=\"product:availability\" content=\"available for order\" \/>\n<meta property=\"product:retailer_item_id\" content=\"SBOL10KTII-3\" \/>\n<meta property=\"product:condition\" content=\"new\" \/>\n<!-- \/ Yoast SEO plugin. -->","yoast_head_json":{"title":"[ Smartbitt ] &#129351; Sbol10ktii-3 Ups Online Trifasico 10kva\/10000w Trifasico Igbt Online Torre 208\/120v Config. Slot Snmp Lc, Factor De Potencia 1","description":"Compra Sbol10ktii-3 Ups Online Trifasico 10kva\/10000w Trifasico Igbt Online Torre 208\/120v Config. Slot Snmp Lc, Factor De Potencia 1 + Env\u00edo a domicilio + Pago seguro + Garant\u00eda","robots":{"index":"index","follow":"follow","max-snippet":"max-snippet:-1","max-image-preview":"max-image-preview:large","max-video-preview":"max-video-preview:-1"},"canonical":"https:\/\/compuviper.mx\/tienda\/producto\/smartbitt-sbol10ktii-3-ups-online-trifasico-10kva-10000w-trifasico-igbt-online-torre-208-120v-config-slot-snmp-lc-factor-de-potencia-1\/","og_locale":"es_MX","og_type":"article","og_title":"[ Smartbitt ] &#129351; Sbol10ktii-3 Ups Online Trifasico 10kva\/10000w Trifasico Igbt Online Torre 208\/120v Config. Slot Snmp Lc, Factor De Potencia 1","og_description":"Compra Sbol10ktii-3 Ups Online Trifasico 10kva\/10000w Trifasico Igbt Online Torre 208\/120v Config. Slot Snmp Lc, Factor De Potencia 1 + Env\u00edo a domicilio + Pago seguro + Garant\u00eda","og_url":"https:\/\/compuviper.mx\/tienda\/producto\/smartbitt-sbol10ktii-3-ups-online-trifasico-10kva-10000w-trifasico-igbt-online-torre-208-120v-config-slot-snmp-lc-factor-de-potencia-1\/","og_site_name":"Compuviper","article_publisher":"https:\/\/www.facebook.com\/compuviper","og_image":[{"width":200,"height":200,"url":"https:\/\/compuviper.mx\/tienda\/wp-content\/uploads\/2023\/12\/No-break-smartbitt-10kva10000w-trifasico-igbt-online-torre-208120v-config.-slot-snmp-lc-factor-de-potencia-1-sbol10ktii-3.jpg","type":"image\/jpeg"}],"twitter_card":"summary_large_image","twitter_misc":{"Precio":"&#36;77,332 con IVA","Availability":"On backorder"},"schema":{"@context":"https:\/\/schema.org","@graph":[{"@type":"WebPage","@id":"https:\/\/compuviper.mx\/tienda\/producto\/smartbitt-sbol10ktii-3-ups-online-trifasico-10kva-10000w-trifasico-igbt-online-torre-208-120v-config-slot-snmp-lc-factor-de-potencia-1\/","url":"https:\/\/compuviper.mx\/tienda\/producto\/smartbitt-sbol10ktii-3-ups-online-trifasico-10kva-10000w-trifasico-igbt-online-torre-208-120v-config-slot-snmp-lc-factor-de-potencia-1\/","name":"[ Smartbitt ] &#129351; Sbol10ktii-3 Ups Online Trifasico 10kva\/10000w Trifasico Igbt Online Torre 208\/120v Config. Slot Snmp Lc, Factor De Potencia 1","isPartOf":{"@id":"https:\/\/compuviper.mx\/tienda\/#website"},"datePublished":"2026-04-25T06:20:23+00:00","dateModified":"2026-04-25T06:20:23+00:00","description":"Compra Sbol10ktii-3 Ups Online Trifasico 10kva\/10000w Trifasico Igbt Online Torre 208\/120v Config. Slot Snmp Lc, Factor De Potencia 1 + Env\u00edo a domicilio + Pago seguro + Garant\u00eda","breadcrumb":{"@id":"https:\/\/compuviper.mx\/tienda\/producto\/smartbitt-sbol10ktii-3-ups-online-trifasico-10kva-10000w-trifasico-igbt-online-torre-208-120v-config-slot-snmp-lc-factor-de-potencia-1\/#breadcrumb"},"inLanguage":"es-MX","potentialAction":[{"@type":"ReadAction","target":["https:\/\/compuviper.mx\/tienda\/producto\/smartbitt-sbol10ktii-3-ups-online-trifasico-10kva-10000w-trifasico-igbt-online-torre-208-120v-config-slot-snmp-lc-factor-de-potencia-1\/"]}]},{"@type":"BreadcrumbList","@id":"https:\/\/compuviper.mx\/tienda\/producto\/smartbitt-sbol10ktii-3-ups-online-trifasico-10kva-10000w-trifasico-igbt-online-torre-208-120v-config-slot-snmp-lc-factor-de-potencia-1\/#breadcrumb","itemListElement":[{"@type":"ListItem","position":1,"name":"Inicio","item":"https:\/\/compuviper.mx\/tienda\/"},{"@type":"ListItem","position":2,"name":"Productos","item":"https:\/\/compuviper.mx\/tienda\/productos\/"},{"@type":"ListItem","position":3,"name":"Energia","item":"https:\/\/compuviper.mx\/tienda\/categoria-producto\/energia\/"},{"@type":"ListItem","position":4,"name":"No Break","item":"https:\/\/compuviper.mx\/tienda\/categoria-producto\/energia\/no-break\/"},{"@type":"ListItem","position":5,"name":"Smartbitt Sbol10ktii-3 Ups Online Trifasico 10kva\/10000w Trifasico Igbt Online Torre 208\/120v Config. Slot Snmp Lc, Factor De Potencia 1"}]},{"@type":"WebSite","@id":"https:\/\/compuviper.mx\/tienda\/#website","url":"https:\/\/compuviper.mx\/tienda\/","name":"Compuviper","description":"Proveedor de Computadoras, Laptops, Servidores, Monitores, Puntos de Venta, Teclados,   Impresoras, T\u00f3ner, C\u00e1maras de Seguridad y m\u00e1s en tu tienda en l\u00ednea","publisher":{"@id":"https:\/\/compuviper.mx\/tienda\/#organization"},"potentialAction":[{"@type":"SearchAction","target":{"@type":"EntryPoint","urlTemplate":"https:\/\/compuviper.mx\/tienda\/?s={search_term_string}"},"query-input":"required name=search_term_string"}],"inLanguage":"es-MX"},{"@type":"Organization","@id":"https:\/\/compuviper.mx\/tienda\/#organization","name":"Compuviper","url":"https:\/\/compuviper.mx\/tienda\/","logo":{"@type":"ImageObject","inLanguage":"es-MX","@id":"https:\/\/compuviper.mx\/tienda\/#\/schema\/logo\/image\/","url":"https:\/\/compuviper.mx\/tienda\/wp-content\/uploads\/2021\/08\/Logo-Compuviper-10.png","contentUrl":"https:\/\/compuviper.mx\/tienda\/wp-content\/uploads\/2021\/08\/Logo-Compuviper-10.png","width":1000,"height":500,"caption":"Compuviper"},"image":{"@id":"https:\/\/compuviper.mx\/tienda\/#\/schema\/logo\/image\/"},"sameAs":["https:\/\/www.facebook.com\/compuviper","https:\/\/www.youtube.com\/channel\/UCf73dERp9Y3cfOq7q8BhLjA?view_as=subscriber"]}]},"product_brand":"SMARTBITT","product_price_amount":"77332","product_price_currency":"MXN","og_availability":"backorder","product_availability":"available for order","product_retailer_item_id":"SBOL10KTII-3","product_condition":"new"},"_links":{"self":[{"href":"https:\/\/compuviper.mx\/tienda\/wp-json\/wp\/v2\/product\/217444"}],"collection":[{"href":"https:\/\/compuviper.mx\/tienda\/wp-json\/wp\/v2\/product"}],"about":[{"href":"https:\/\/compuviper.mx\/tienda\/wp-json\/wp\/v2\/types\/product"}],"replies":[{"embeddable":true,"href":"https:\/\/compuviper.mx\/tienda\/wp-json\/wp\/v2\/comments?post=217444"}],"wp:featuredmedia":[{"embeddable":true,"href":"https:\/\/compuviper.mx\/tienda\/wp-json\/wp\/v2\/media\/217445"}],"wp:attachment":[{"href":"https:\/\/compuviper.mx\/tienda\/wp-json\/wp\/v2\/media?parent=217444"}],"wp:term":[{"taxonomy":"product_cat","embeddable":true,"href":"https:\/\/compuviper.mx\/tienda\/wp-json\/wp\/v2\/product_cat?post=217444"},{"taxonomy":"product_tag","embeddable":true,"href":"https:\/\/compuviper.mx\/tienda\/wp-json\/wp\/v2\/product_tag?post=217444"}],"curies":[{"name":"wp","href":"https:\/\/api.w.org\/{rel}","templated":true}]}}