{"id":217436,"date":"2026-05-09T00:24:37","date_gmt":"2026-05-09T06:24:37","guid":{"rendered":"https:\/\/compuviper.mx\/tienda\/producto\/tripp-lite-smart2200net-nobreak-120v-2-2kva-1-7kw-torre-operacin-prolongada-3-puertos-db9tomacorrientes-4-5-15r-4-5-15-20r\/"},"modified":"2026-05-09T00:24:37","modified_gmt":"2026-05-09T06:24:37","slug":"tripp-lite-smart2200net-nobreak-120v-2-2kva-1-7kw-torre-operacin-prolongada-3-puertos-db9tomacorrientes-4-5-15r-4-5-15-20r","status":"publish","type":"product","link":"https:\/\/compuviper.mx\/tienda\/producto\/tripp-lite-smart2200net-nobreak-120v-2-2kva-1-7kw-torre-operacin-prolongada-3-puertos-db9tomacorrientes-4-5-15r-4-5-15-20r\/","title":{"rendered":"Tripp-lite Smart2200net Nobreak  120v 2.2kva 1.7kw Torre Operacin Prolongada 3 Puertos Db9tomacorrientes 4 5-15r 4 5-15\/20r"},"content":{"rendered":"<table class=\"descripcion\">\n<tr>\n<td>Salida<\/td>\n<\/tr>\n<tr>\n<td>Capacidad de salida en volts amperes (va) 2200<\/td>\n<\/tr>\n<tr>\n<td>Capacidad de salida (kva) 2.2<\/td>\n<\/tr>\n<tr>\n<td>Capacidad de salida (watts) 1700<\/td>\n<\/tr>\n<tr>\n<td>Capacidad de salida (kw) 1.7<\/td>\n<\/tr>\n<tr>\n<td>Detalles de capacidad de salida: salida m\u00e1x. 1200w con 1-2 m\u00f3dulos de bater\u00edas externas; salida m\u00e1x. 800w con 3 o m\u00e1s m\u00f3dulos de bater\u00edas externas<\/td>\n<\/tr>\n<tr>\n<td>Factor de potencia 0.8<\/td>\n<\/tr>\n<tr>\n<td>Voltaje(s) nominal(es) de salida soportado(s) 110v; 115v; 120v<\/td>\n<\/tr>\n<tr>\n<td>Detalles del voltaje nominal salida nominal de 120 v en modo de respaldo por bater\u00eda<\/td>\n<\/tr>\n<tr>\n<td>Compatibilidad de frecuencia 60 hz<\/td>\n<\/tr>\n<tr>\n<td>Regulaci\u00f3n del voltaje de salida (modo de l\u00ednea) -13% \/ +5%<\/td>\n<\/tr>\n<tr>\n<td>Regulaci\u00f3n del voltaje de salida (modo de bater\u00eda) +\/- 5%<\/td>\n<\/tr>\n<tr>\n<td>Tomacorrientes (6) 5-15r<\/td>\n<\/tr>\n<tr>\n<td>Tomacorrientes con administraci\u00f3n de carga dos bancos de carga conmutables con un solo tomacorriente 5-15r.<\/td>\n<\/tr>\n<tr>\n<td>Forma de onda de ca de salida (modo de ca) onda sinusoidal<\/td>\n<\/tr>\n<tr>\n<td>Forma de onda de ca de salida (modo en bater\u00eda) onda sinusoidal pwm<\/td>\n<\/tr>\n<tr>\n<td>Entrada<\/td>\n<\/tr>\n<tr>\n<td>Corriente especificada de entrada (carga m\u00e1xima) 15a<\/td>\n<\/tr>\n<tr>\n<td>Voltaje(s) nominal(es) de entrada soportado(s) 120v ca<\/td>\n<\/tr>\n<tr>\n<td>Tipo de conexi\u00f3n de entrada del ups 5-15p<\/td>\n<\/tr>\n<tr>\n<td>Breakers de entrada 20a<\/td>\n<\/tr>\n<tr>\n<td>Longitud del cable de alimentaci\u00f3n del ups (pies) 8<\/td>\n<\/tr>\n<tr>\n<td>Longitud del cable de alimentaci\u00f3n del ups (m)    2.4<\/td>\n<\/tr>\n<tr>\n<td>Servicio el\u00e9ctrico recomendado 20a 120v<\/td>\n<\/tr>\n<tr>\n<td>Longitud del cable de alimentaci\u00f3n (m) 2.44<\/td>\n<\/tr>\n<tr>\n<td>Fase de entrada monof\u00e1sico<\/td>\n<\/tr>\n<tr>\n<td>Bater\u00eda<\/td>\n<\/tr>\n<tr>\n<td>Autonom\u00eda a plena carga (min.) 11 min. (1700w)<\/td>\n<\/tr>\n<tr>\n<td>Autonom\u00eda a media carga (min.) 27 min. (850w)<\/td>\n<\/tr>\n<tr>\n<td>Autonom\u00eda ampliable por bater\u00eda se puede expandir el tiempo de autonom\u00eda de la bater\u00eda con m\u00f3dulos de bater\u00edas externas opcionales<\/td>\n<\/tr>\n<tr>\n<td>Compatibilidad con m\u00f3dulo de bater\u00edas externas bp24v28-2u (l\u00edmite 1); bp24v70-3u (compatible con multi-paquete)<\/td>\n<\/tr>\n<tr>\n<td>Voltaje cd del sistema (vcd) 24<\/td>\n<\/tr>\n<tr>\n<td>Tasa de recarga de bater\u00edas (bater\u00edas incluidas) menos de 9 horas de 10% a 90% (t\u00edpico, descarga a plena carga)<\/td>\n<\/tr>\n<tr>\n<td>Autonom\u00eda ampliable s\u00ed<\/td>\n<\/tr>\n<tr>\n<td>Regulaci\u00f3n de voltaje<\/td>\n<\/tr>\n<tr>\n<td>Descripci\u00f3n de la regulaci\u00f3n de voltaje la regulaci\u00f3n autom\u00e1tica de tensi\u00f3n (avr) mantiene el funcionamiento con alimentaci\u00f3n de l\u00ednea dentro de un rango de tensi\u00f3n de entrada de 87v a 140v.<\/td>\n<\/tr>\n<tr>\n<td>Las tensiones de entrada de entre 127 y 140 se reducen en un 12%.<\/td>\n<\/tr>\n<tr>\n<td>Correcci\u00f3n de bajo voltaje las tensiones de entrada entre 95 y 105 se elevan en un 10%.<\/td>\n<\/tr>\n<tr>\n<td>Las tensiones de entrada entre 87 y 94 se elevan en un 22%.<\/td>\n<\/tr>\n<tr>\n<td>Interfaz de usuario, alertas y controles<\/td>\n<\/tr>\n<tr>\n<td>Interruptores 2 interruptores controlan el estado de encendido y apagado y las funciones de cancelaci\u00f3n de alarma y auto test; el conjunto de 4 interruptores en el panel trasero controlan la activaci\u00f3n del sistema y los comandos de apagado del inversor del puerto de cierre de contacto.<\/td>\n<\/tr>\n<tr>\n<td>Operaci\u00f3n para cancelar la alarma la alarma de corte el\u00e9ctrico se puede silenciar con el interruptor para cancelar alarma; una vez silenciada, volver\u00e1 a sonar para indicar el estado de bater\u00eda baja.<\/td>\n<\/tr>\n<tr>\n<td>Alarma ac\u00fastica la alarma sonora indica fallas en el suministro el\u00e9ctrico y bater\u00eda baja.<\/td>\n<\/tr>\n<tr>\n<td>Indicadores led: 5 leds indican el estado de alimentaci\u00f3n de l\u00ednea, alimentaci\u00f3n de la bater\u00eda, sobrecarga, regulaci\u00f3n de tensi\u00f3n y bater\u00eda baja\/reemplazar.<\/td>\n<\/tr>\n<tr>\n<td>Supresi\u00f3n de sobrecarga \/ ruido<\/td>\n<\/tr>\n<tr>\n<td>Valor nominal en joules de supresi\u00f3n ca del ups 720<\/td>\n<\/tr>\n<tr>\n<td>Tiempo de respuesta de supresi\u00f3n de ca del ups instant\u00e1neo<\/td>\n<\/tr>\n<tr>\n<td>Supresi\u00f3n de ruido emi \/ rfi en ca s\u00ed<\/td>\n<\/tr>\n<tr>\n<td>F\u00edsicas<\/td>\n<\/tr>\n<tr>\n<td>Factor de forma primario torre<\/td>\n<\/tr>\n<tr>\n<td>Dimensiones del m\u00f3dulo de potencia del ups (al x an x pr \/ cm) 43.18 x 22.86 x 31.75<\/td>\n<\/tr>\n<tr>\n<td>Peso del m\u00f3dulo de potencia del ups (kg) 36.29<\/td>\n<\/tr>\n<tr>\n<td>Dimensiones de envi\u00f3 del ups (al x an x pr \/ cm) 56.39 x 32.51 x 41.91<\/td>\n<\/tr>\n<tr>\n<td>Peso de env\u00edo (kg) 39.5<\/td>\n<\/tr>\n<tr>\n<td>Material del gabinete del ups policarbonato<\/td>\n<\/tr>\n<tr>\n<td>Altura del ups primario (mm) 432<\/td>\n<\/tr>\n<tr>\n<td>Ancho del ups primario (mm) 229<\/td>\n<\/tr>\n<tr>\n<td>Profundidad del ups primario (mm) 318<\/td>\n<\/tr>\n<tr>\n<td>Altura de embarque (mm) 564<\/td>\n<\/tr>\n<tr>\n<td>Ancho de embarque (mm) 325<\/td>\n<\/tr>\n<tr>\n<td>Profundidad de embarque (mm) 419<\/td>\n<\/tr>\n<tr>\n<td>Ambientales<\/td>\n<\/tr>\n<tr>\n<td>Rango de temperatura de operaci\u00f3n +32 \u00baf a +104 \u00baf \/ 0 \u00bac a +40 \u00bac.<\/td>\n<\/tr>\n<tr>\n<td>Rango de temperatura de almacenamiento +5 \u00baf a +122 \u00baf \/ -15 \u00bac a +50 \u00bac.<\/td>\n<\/tr>\n<tr>\n<td>Humedad relativa 0 a 95%, sin condensaci\u00f3n<\/td>\n<\/tr>\n<tr>\n<td>Modo de ca btu \/ hr. (plena carga) 59<\/td>\n<\/tr>\n<tr>\n<td>Modo de bater\u00eda btu \/ hr. (plena carga) 867<\/td>\n<\/tr>\n<tr>\n<td>Clasificaci\u00f3n de eficiencia del modo de ca (100% de carga) 99 %<\/td>\n<\/tr>\n<tr>\n<td>Comunicaciones<\/td>\n<\/tr>\n<tr>\n<td>Interfaz de comunicaciones db9 serial; cierre de contactos<\/td>\n<\/tr>\n<tr>\n<td>Descripci\u00f3n del puerto de monitoreo de red soporta el monitoreo detallado del ups y de las condiciones el\u00e9ctricas del lugar; comunicaci\u00f3n de cierre de contacto mediante dos puertos db9 adicionales (3 en total).<\/td>\n<\/tr>\n<tr>\n<td>Software poweralert para monitoreo local mediante los puertos de comunicaci\u00f3n del ups incorporados, descargue el programa poweralert local en http:\/\/www.tripplite.com\/poweralert<\/td>\n<\/tr>\n<tr>\n<td>Cable de comunicaciones 3 cables db9 incluidos.<\/td>\n<\/tr>\n<tr>\n<td>Tiempo de transferencia l\u00ednea \/ bater\u00eda<\/td>\n<\/tr>\n<tr>\n<td>Tiempo de transferencia de 2 a 4 milisegundos<\/td>\n<\/tr>\n<tr>\n<td>Transferencia de bajo voltaje a energ\u00eda de bater\u00eda (calibraci\u00f3n) 87<\/td>\n<\/tr>\n<tr>\n<td>Transferencia de alto voltaje a energ\u00eda de bater\u00eda (calibraci\u00f3n) 140<\/td>\n<\/tr>\n<tr>\n<td>Funciones especiales<\/td>\n<\/tr>\n<tr>\n<td>Arranque en fr\u00edo (arranque en modo de bater\u00eda durante una falla del suministro el\u00e9ctrico) soporta el funcionamiento con arranque en fr\u00edo.<\/td>\n<\/tr>\n<tr>\n<td>Garantia<\/td>\n<\/tr>\n<tr>\n<td>Garant\u00eda de 2 a\u00f1os<\/td>\n<\/tr>\n<\/table>\n","protected":false},"excerpt":{"rendered":"<p>Smart 2200net &#8211; sistema ups en torre grande, inteligente, interactivo de tripp lite; protege servidores, accesorios de red y equipo de telecomunicaciones contra apagones, fluctuaciones de voltaje y sobrevoltajes moment\u00e1neos. Las grandes bater\u00edas internas ofrecen 27 minutos de respaldo a media carga y 11 minutos a pleana carga. El tiempo de respaldo es ampliable con m\u00f3dulos de bater\u00edas externas opcionales bp24v28-2u (l\u00edmite 1) y bp24v70-3u. La capacidad de manejo de potencia de 2200va\/1700 watt permite una variedad de aplicaciones de red, telecomunicaciones y otros dispositivos electr\u00f3nicos sensibles. Incluye 6 tomacorrientes protegidos. Permite el monitoreo remoto de las condiciones del ups y de la energ\u00eda del sitio mediante el puerto de monitoreo equipado con rs-232, adem\u00e1s de monitoreo est\u00e1ndar del ups mediante 2 puertos integrados de cierre de contactos. El software de monitoreo y apagado sin supervisi\u00f3n del ups poweralert se puede descargar en forma gratuita la alarma ac\u00fastica integrada y los leds en el panel frontal indican energ\u00eda de la l\u00ednea, energ\u00eda de la bater\u00eda, nivel de carga de la bater\u00eda, nivel de carga m\u00e1s el estado de la regulaci\u00f3n de voltaje. La supresi\u00f3n de sobretensiones ca de grado de red protege a los equipos conectados de da\u00f1os y problemas de funcionamiento causados por sobretensiones transientes.<\/p>\n","protected":false},"featured_media":217437,"comment_status":"open","ping_status":"open","template":"","meta":[],"product_cat":[1508,1691],"product_tag":[1510],"acf":[],"yoast_head":"<!-- This site is optimized with the Yoast SEO plugin v21.7 - https:\/\/yoast.com\/wordpress\/plugins\/seo\/ -->\n<title>[ Tripp-lite ] &#129351; Smart2200net Nobreak 120v 2.2kva 1.7kw Torre Operacin Prolongada 3 Puertos Db9tomacorrientes 4 5-15r 4 5-15\/20r<\/title>\n<meta name=\"description\" content=\"Compra Smart2200net Nobreak 120v 2.2kva 1.7kw Torre Operacin Prolongada 3 Puertos Db9tomacorrientes 4 5-15r 4 5-15\/20r + Env\u00edo a domicilio + Pago seguro + Garant\u00eda\" \/>\n<meta name=\"robots\" content=\"index, follow, max-snippet:-1, max-image-preview:large, max-video-preview:-1\" \/>\n<link rel=\"canonical\" href=\"https:\/\/compuviper.mx\/tienda\/producto\/tripp-lite-smart2200net-nobreak-120v-2-2kva-1-7kw-torre-operacin-prolongada-3-puertos-db9tomacorrientes-4-5-15r-4-5-15-20r\/\" \/>\n<meta property=\"og:locale\" content=\"es_MX\" \/>\n<meta property=\"og:type\" content=\"article\" \/>\n<meta property=\"og:title\" content=\"[ Tripp-lite ] &#129351; Smart2200net Nobreak 120v 2.2kva 1.7kw Torre Operacin Prolongada 3 Puertos Db9tomacorrientes 4 5-15r 4 5-15\/20r\" \/>\n<meta property=\"og:description\" content=\"Compra Smart2200net Nobreak 120v 2.2kva 1.7kw Torre Operacin Prolongada 3 Puertos Db9tomacorrientes 4 5-15r 4 5-15\/20r + Env\u00edo a domicilio + Pago seguro + Garant\u00eda\" \/>\n<meta property=\"og:url\" content=\"https:\/\/compuviper.mx\/tienda\/producto\/tripp-lite-smart2200net-nobreak-120v-2-2kva-1-7kw-torre-operacin-prolongada-3-puertos-db9tomacorrientes-4-5-15r-4-5-15-20r\/\" \/>\n<meta property=\"og:site_name\" content=\"Compuviper\" \/>\n<meta property=\"article:publisher\" content=\"https:\/\/www.facebook.com\/compuviper\" \/>\n<meta property=\"og:image\" content=\"https:\/\/compuviper.mx\/tienda\/wp-content\/uploads\/2023\/12\/Nobreak-tripp-lite-smart2200net120v-2.2kva-1.7kw-torre-operacin-prolongada-3-puertos-db9tomacorrientes-4-5-15r-4-5-1520r.jpg\" \/>\n\t<meta property=\"og:image:width\" content=\"200\" \/>\n\t<meta property=\"og:image:height\" content=\"200\" \/>\n\t<meta property=\"og:image:type\" content=\"image\/jpeg\" \/>\n<meta name=\"twitter:card\" content=\"summary_large_image\" \/>\n<meta name=\"twitter:label1\" content=\"Precio\" \/>\n\t<meta name=\"twitter:data1\" content=\"&#36;13,944 con IVA\" \/>\n\t<meta name=\"twitter:label2\" content=\"Availability\" \/>\n\t<meta name=\"twitter:data2\" content=\"In stock\" \/>\n<script type=\"application\/ld+json\" class=\"yoast-schema-graph\">{\"@context\":\"https:\/\/schema.org\",\"@graph\":[{\"@type\":\"WebPage\",\"@id\":\"https:\/\/compuviper.mx\/tienda\/producto\/tripp-lite-smart2200net-nobreak-120v-2-2kva-1-7kw-torre-operacin-prolongada-3-puertos-db9tomacorrientes-4-5-15r-4-5-15-20r\/\",\"url\":\"https:\/\/compuviper.mx\/tienda\/producto\/tripp-lite-smart2200net-nobreak-120v-2-2kva-1-7kw-torre-operacin-prolongada-3-puertos-db9tomacorrientes-4-5-15r-4-5-15-20r\/\",\"name\":\"[ Tripp-lite ] &#129351; Smart2200net Nobreak 120v 2.2kva 1.7kw Torre Operacin Prolongada 3 Puertos Db9tomacorrientes 4 5-15r 4 5-15\/20r\",\"isPartOf\":{\"@id\":\"https:\/\/compuviper.mx\/tienda\/#website\"},\"datePublished\":\"2026-05-09T06:24:37+00:00\",\"dateModified\":\"2026-05-09T06:24:37+00:00\",\"description\":\"Compra Smart2200net Nobreak 120v 2.2kva 1.7kw Torre Operacin Prolongada 3 Puertos Db9tomacorrientes 4 5-15r 4 5-15\/20r + Env\u00edo a domicilio + Pago seguro + Garant\u00eda\",\"breadcrumb\":{\"@id\":\"https:\/\/compuviper.mx\/tienda\/producto\/tripp-lite-smart2200net-nobreak-120v-2-2kva-1-7kw-torre-operacin-prolongada-3-puertos-db9tomacorrientes-4-5-15r-4-5-15-20r\/#breadcrumb\"},\"inLanguage\":\"es-MX\",\"potentialAction\":[{\"@type\":\"ReadAction\",\"target\":[\"https:\/\/compuviper.mx\/tienda\/producto\/tripp-lite-smart2200net-nobreak-120v-2-2kva-1-7kw-torre-operacin-prolongada-3-puertos-db9tomacorrientes-4-5-15r-4-5-15-20r\/\"]}]},{\"@type\":\"BreadcrumbList\",\"@id\":\"https:\/\/compuviper.mx\/tienda\/producto\/tripp-lite-smart2200net-nobreak-120v-2-2kva-1-7kw-torre-operacin-prolongada-3-puertos-db9tomacorrientes-4-5-15r-4-5-15-20r\/#breadcrumb\",\"itemListElement\":[{\"@type\":\"ListItem\",\"position\":1,\"name\":\"Inicio\",\"item\":\"https:\/\/compuviper.mx\/tienda\/\"},{\"@type\":\"ListItem\",\"position\":2,\"name\":\"Productos\",\"item\":\"https:\/\/compuviper.mx\/tienda\/productos\/\"},{\"@type\":\"ListItem\",\"position\":3,\"name\":\"Energia\",\"item\":\"https:\/\/compuviper.mx\/tienda\/categoria-producto\/energia\/\"},{\"@type\":\"ListItem\",\"position\":4,\"name\":\"No Break\",\"item\":\"https:\/\/compuviper.mx\/tienda\/categoria-producto\/energia\/no-break\/\"},{\"@type\":\"ListItem\",\"position\":5,\"name\":\"Tripp-lite Smart2200net Nobreak 120v 2.2kva 1.7kw Torre Operacin Prolongada 3 Puertos Db9tomacorrientes 4 5-15r 4 5-15\/20r\"}]},{\"@type\":\"WebSite\",\"@id\":\"https:\/\/compuviper.mx\/tienda\/#website\",\"url\":\"https:\/\/compuviper.mx\/tienda\/\",\"name\":\"Compuviper\",\"description\":\"Proveedor de Computadoras, Laptops, Servidores, Monitores, Puntos de Venta, Teclados,   Impresoras, T\u00f3ner, C\u00e1maras de Seguridad y m\u00e1s en tu tienda en l\u00ednea\",\"publisher\":{\"@id\":\"https:\/\/compuviper.mx\/tienda\/#organization\"},\"potentialAction\":[{\"@type\":\"SearchAction\",\"target\":{\"@type\":\"EntryPoint\",\"urlTemplate\":\"https:\/\/compuviper.mx\/tienda\/?s={search_term_string}\"},\"query-input\":\"required name=search_term_string\"}],\"inLanguage\":\"es-MX\"},{\"@type\":\"Organization\",\"@id\":\"https:\/\/compuviper.mx\/tienda\/#organization\",\"name\":\"Compuviper\",\"url\":\"https:\/\/compuviper.mx\/tienda\/\",\"logo\":{\"@type\":\"ImageObject\",\"inLanguage\":\"es-MX\",\"@id\":\"https:\/\/compuviper.mx\/tienda\/#\/schema\/logo\/image\/\",\"url\":\"https:\/\/compuviper.mx\/tienda\/wp-content\/uploads\/2021\/08\/Logo-Compuviper-10.png\",\"contentUrl\":\"https:\/\/compuviper.mx\/tienda\/wp-content\/uploads\/2021\/08\/Logo-Compuviper-10.png\",\"width\":1000,\"height\":500,\"caption\":\"Compuviper\"},\"image\":{\"@id\":\"https:\/\/compuviper.mx\/tienda\/#\/schema\/logo\/image\/\"},\"sameAs\":[\"https:\/\/www.facebook.com\/compuviper\",\"https:\/\/www.youtube.com\/channel\/UCf73dERp9Y3cfOq7q8BhLjA?view_as=subscriber\"]}]}<\/script>\n<meta property=\"product:brand\" content=\"TRIPP-LITE\" \/>\n<meta property=\"product:price:amount\" content=\"13944\" \/>\n<meta property=\"product:price:currency\" content=\"MXN\" \/>\n<meta property=\"og:availability\" content=\"instock\" \/>\n<meta property=\"product:availability\" content=\"instock\" \/>\n<meta property=\"product:retailer_item_id\" content=\"SMART2200NET\" \/>\n<meta property=\"product:condition\" content=\"new\" \/>\n<!-- \/ Yoast SEO plugin. -->","yoast_head_json":{"title":"[ Tripp-lite ] &#129351; Smart2200net Nobreak 120v 2.2kva 1.7kw Torre Operacin Prolongada 3 Puertos Db9tomacorrientes 4 5-15r 4 5-15\/20r","description":"Compra Smart2200net Nobreak 120v 2.2kva 1.7kw Torre Operacin Prolongada 3 Puertos Db9tomacorrientes 4 5-15r 4 5-15\/20r + Env\u00edo a domicilio + Pago seguro + Garant\u00eda","robots":{"index":"index","follow":"follow","max-snippet":"max-snippet:-1","max-image-preview":"max-image-preview:large","max-video-preview":"max-video-preview:-1"},"canonical":"https:\/\/compuviper.mx\/tienda\/producto\/tripp-lite-smart2200net-nobreak-120v-2-2kva-1-7kw-torre-operacin-prolongada-3-puertos-db9tomacorrientes-4-5-15r-4-5-15-20r\/","og_locale":"es_MX","og_type":"article","og_title":"[ Tripp-lite ] &#129351; Smart2200net Nobreak 120v 2.2kva 1.7kw Torre Operacin Prolongada 3 Puertos Db9tomacorrientes 4 5-15r 4 5-15\/20r","og_description":"Compra Smart2200net Nobreak 120v 2.2kva 1.7kw Torre Operacin Prolongada 3 Puertos Db9tomacorrientes 4 5-15r 4 5-15\/20r + Env\u00edo a domicilio + Pago seguro + Garant\u00eda","og_url":"https:\/\/compuviper.mx\/tienda\/producto\/tripp-lite-smart2200net-nobreak-120v-2-2kva-1-7kw-torre-operacin-prolongada-3-puertos-db9tomacorrientes-4-5-15r-4-5-15-20r\/","og_site_name":"Compuviper","article_publisher":"https:\/\/www.facebook.com\/compuviper","og_image":[{"width":200,"height":200,"url":"https:\/\/compuviper.mx\/tienda\/wp-content\/uploads\/2023\/12\/Nobreak-tripp-lite-smart2200net120v-2.2kva-1.7kw-torre-operacin-prolongada-3-puertos-db9tomacorrientes-4-5-15r-4-5-1520r.jpg","type":"image\/jpeg"}],"twitter_card":"summary_large_image","twitter_misc":{"Precio":"&#36;13,944 con IVA","Availability":"In stock"},"schema":{"@context":"https:\/\/schema.org","@graph":[{"@type":"WebPage","@id":"https:\/\/compuviper.mx\/tienda\/producto\/tripp-lite-smart2200net-nobreak-120v-2-2kva-1-7kw-torre-operacin-prolongada-3-puertos-db9tomacorrientes-4-5-15r-4-5-15-20r\/","url":"https:\/\/compuviper.mx\/tienda\/producto\/tripp-lite-smart2200net-nobreak-120v-2-2kva-1-7kw-torre-operacin-prolongada-3-puertos-db9tomacorrientes-4-5-15r-4-5-15-20r\/","name":"[ Tripp-lite ] &#129351; Smart2200net Nobreak 120v 2.2kva 1.7kw Torre Operacin Prolongada 3 Puertos Db9tomacorrientes 4 5-15r 4 5-15\/20r","isPartOf":{"@id":"https:\/\/compuviper.mx\/tienda\/#website"},"datePublished":"2026-05-09T06:24:37+00:00","dateModified":"2026-05-09T06:24:37+00:00","description":"Compra Smart2200net Nobreak 120v 2.2kva 1.7kw Torre Operacin Prolongada 3 Puertos Db9tomacorrientes 4 5-15r 4 5-15\/20r + Env\u00edo a domicilio + Pago seguro + Garant\u00eda","breadcrumb":{"@id":"https:\/\/compuviper.mx\/tienda\/producto\/tripp-lite-smart2200net-nobreak-120v-2-2kva-1-7kw-torre-operacin-prolongada-3-puertos-db9tomacorrientes-4-5-15r-4-5-15-20r\/#breadcrumb"},"inLanguage":"es-MX","potentialAction":[{"@type":"ReadAction","target":["https:\/\/compuviper.mx\/tienda\/producto\/tripp-lite-smart2200net-nobreak-120v-2-2kva-1-7kw-torre-operacin-prolongada-3-puertos-db9tomacorrientes-4-5-15r-4-5-15-20r\/"]}]},{"@type":"BreadcrumbList","@id":"https:\/\/compuviper.mx\/tienda\/producto\/tripp-lite-smart2200net-nobreak-120v-2-2kva-1-7kw-torre-operacin-prolongada-3-puertos-db9tomacorrientes-4-5-15r-4-5-15-20r\/#breadcrumb","itemListElement":[{"@type":"ListItem","position":1,"name":"Inicio","item":"https:\/\/compuviper.mx\/tienda\/"},{"@type":"ListItem","position":2,"name":"Productos","item":"https:\/\/compuviper.mx\/tienda\/productos\/"},{"@type":"ListItem","position":3,"name":"Energia","item":"https:\/\/compuviper.mx\/tienda\/categoria-producto\/energia\/"},{"@type":"ListItem","position":4,"name":"No Break","item":"https:\/\/compuviper.mx\/tienda\/categoria-producto\/energia\/no-break\/"},{"@type":"ListItem","position":5,"name":"Tripp-lite Smart2200net Nobreak 120v 2.2kva 1.7kw Torre Operacin Prolongada 3 Puertos Db9tomacorrientes 4 5-15r 4 5-15\/20r"}]},{"@type":"WebSite","@id":"https:\/\/compuviper.mx\/tienda\/#website","url":"https:\/\/compuviper.mx\/tienda\/","name":"Compuviper","description":"Proveedor de Computadoras, Laptops, Servidores, Monitores, Puntos de Venta, Teclados,   Impresoras, T\u00f3ner, C\u00e1maras de Seguridad y m\u00e1s en tu tienda en l\u00ednea","publisher":{"@id":"https:\/\/compuviper.mx\/tienda\/#organization"},"potentialAction":[{"@type":"SearchAction","target":{"@type":"EntryPoint","urlTemplate":"https:\/\/compuviper.mx\/tienda\/?s={search_term_string}"},"query-input":"required name=search_term_string"}],"inLanguage":"es-MX"},{"@type":"Organization","@id":"https:\/\/compuviper.mx\/tienda\/#organization","name":"Compuviper","url":"https:\/\/compuviper.mx\/tienda\/","logo":{"@type":"ImageObject","inLanguage":"es-MX","@id":"https:\/\/compuviper.mx\/tienda\/#\/schema\/logo\/image\/","url":"https:\/\/compuviper.mx\/tienda\/wp-content\/uploads\/2021\/08\/Logo-Compuviper-10.png","contentUrl":"https:\/\/compuviper.mx\/tienda\/wp-content\/uploads\/2021\/08\/Logo-Compuviper-10.png","width":1000,"height":500,"caption":"Compuviper"},"image":{"@id":"https:\/\/compuviper.mx\/tienda\/#\/schema\/logo\/image\/"},"sameAs":["https:\/\/www.facebook.com\/compuviper","https:\/\/www.youtube.com\/channel\/UCf73dERp9Y3cfOq7q8BhLjA?view_as=subscriber"]}]},"product_brand":"TRIPP-LITE","product_price_amount":"13944","product_price_currency":"MXN","og_availability":"instock","product_availability":"instock","product_retailer_item_id":"SMART2200NET","product_condition":"new"},"_links":{"self":[{"href":"https:\/\/compuviper.mx\/tienda\/wp-json\/wp\/v2\/product\/217436"}],"collection":[{"href":"https:\/\/compuviper.mx\/tienda\/wp-json\/wp\/v2\/product"}],"about":[{"href":"https:\/\/compuviper.mx\/tienda\/wp-json\/wp\/v2\/types\/product"}],"replies":[{"embeddable":true,"href":"https:\/\/compuviper.mx\/tienda\/wp-json\/wp\/v2\/comments?post=217436"}],"wp:featuredmedia":[{"embeddable":true,"href":"https:\/\/compuviper.mx\/tienda\/wp-json\/wp\/v2\/media\/217437"}],"wp:attachment":[{"href":"https:\/\/compuviper.mx\/tienda\/wp-json\/wp\/v2\/media?parent=217436"}],"wp:term":[{"taxonomy":"product_cat","embeddable":true,"href":"https:\/\/compuviper.mx\/tienda\/wp-json\/wp\/v2\/product_cat?post=217436"},{"taxonomy":"product_tag","embeddable":true,"href":"https:\/\/compuviper.mx\/tienda\/wp-json\/wp\/v2\/product_tag?post=217436"}],"curies":[{"name":"wp","href":"https:\/\/api.w.org\/{rel}","templated":true}]}}