{"id":217428,"date":"2026-04-08T00:28:20","date_gmt":"2026-04-08T06:28:20","guid":{"rendered":"https:\/\/compuviper.mx\/tienda\/producto\/apc-smc1000c-unidad-smart-ups-c-de-1000-va-pantalla-lcd-120-v-con-smartconnect\/"},"modified":"2026-04-08T00:28:20","modified_gmt":"2026-04-08T06:28:20","slug":"apc-smc1000c-unidad-smart-ups-c-de-1000-va-pantalla-lcd-120-v-con-smartconnect","status":"publish","type":"product","link":"https:\/\/compuviper.mx\/tienda\/producto\/apc-smc1000c-unidad-smart-ups-c-de-1000-va-pantalla-lcd-120-v-con-smartconnect\/","title":{"rendered":"Apc Smc1000c Unidad Smart-ups C De , 1000 Va, Pantalla Lcd, 120 V, Con Smartconnect"},"content":{"rendered":"<table class=\"descripcion\">\n<tr>\n<td>Salida<\/td>\n<\/tr>\n<tr>\n<td>Capacidad de potencia de salida<\/td>\n<\/tr>\n<tr>\n<td>600vatios \/ 1.0kva<\/td>\n<\/tr>\n<tr>\n<td>M\u00e1xima potencia configurable (vatios)<\/td>\n<\/tr>\n<tr>\n<td>600vatios \/ 1.0kva<\/td>\n<\/tr>\n<tr>\n<td>Tensi\u00f3n de salida nominal<\/td>\n<\/tr>\n<tr>\n<td>120v<\/td>\n<\/tr>\n<tr>\n<td>Distorsi\u00f3n de tensi\u00f3n de salida<\/td>\n<\/tr>\n<tr>\n<td>Menos que 5%<\/td>\n<\/tr>\n<tr>\n<td>Frequencia de salida (sincronizada con la red)<\/td>\n<\/tr>\n<tr>\n<td>50\/60hz +\/- 3 hz<\/td>\n<\/tr>\n<tr>\n<td>Otras tensiones de salida<\/td>\n<\/tr>\n<tr>\n<td>110, 127<\/td>\n<\/tr>\n<tr>\n<td>Topolog\u00eda<\/td>\n<\/tr>\n<tr>\n<td>L\u00ednea interactiva<\/td>\n<\/tr>\n<tr>\n<td>Tipo de forma de onda<\/td>\n<\/tr>\n<tr>\n<td>Onda senoidal<\/td>\n<\/tr>\n<tr>\n<td>Conexiones de salida<\/td>\n<\/tr>\n<tr>\n<td>(8) nema 5-15r (respaldo de bater\u00eda)<\/td>\n<\/tr>\n<tr>\n<td>Duraci\u00f3n de transferencia<\/td>\n<\/tr>\n<tr>\n<td>6ms typical : 10ms maximum<\/td>\n<\/tr>\n<tr>\n<td>Entrada<\/td>\n<\/tr>\n<tr>\n<td>Entrada de voltaje<\/td>\n<\/tr>\n<tr>\n<td>120v<\/td>\n<\/tr>\n<tr>\n<td>Frecuencia de entrada<\/td>\n<\/tr>\n<tr>\n<td>50\/60 hz +\/- 3 hz (autosensible)<\/td>\n<\/tr>\n<tr>\n<td>Tipo de enchufe<\/td>\n<\/tr>\n<tr>\n<td>Nema 5-15p<\/td>\n<\/tr>\n<tr>\n<td>Longitud del cable<\/td>\n<\/tr>\n<tr>\n<td>1.83metros<\/td>\n<\/tr>\n<tr>\n<td>Variaci\u00f3n de tensi\u00f3n de entrada para operaciones principales<\/td>\n<\/tr>\n<tr>\n<td>93 &#8211; 130v<\/td>\n<\/tr>\n<tr>\n<td>Variaci\u00f3n de tensi\u00f3n de entrada adaptable para operaciones principales<\/td>\n<\/tr>\n<tr>\n<td>85 &#8211; 136v<\/td>\n<\/tr>\n<tr>\n<td>Cantidad de cables de alimentaci\u00f3n<\/td>\n<\/tr>\n<tr>\n<td>1<\/td>\n<\/tr>\n<tr>\n<td>Otras tensiones de entrada<\/td>\n<\/tr>\n<tr>\n<td>110, 127<\/td>\n<\/tr>\n<tr>\n<td>Bater\u00edas y autonom\u00eda<\/td>\n<\/tr>\n<tr>\n<td>Tipo de bater\u00eda:<\/td>\n<\/tr>\n<tr>\n<td>Bater\u00eda sellada de plomo sin necesidad de mantenci\u00f3n con electrolito suspendido: a prueba de filtraci\u00f3n<\/td>\n<\/tr>\n<tr>\n<td>Tiempo de recarga t\u00edpico<\/td>\n<\/tr>\n<tr>\n<td>3hora(s)<\/td>\n<\/tr>\n<tr>\n<td>Bater\u00eda de recambio<\/td>\n<\/tr>\n<tr>\n<td>Apcrbc142<\/td>\n<\/tr>\n<tr>\n<td>Vida \u00fatil esperada de las bater\u00edas (a\u00f1os)<\/td>\n<\/tr>\n<tr>\n<td>3 &#8211; 5<\/td>\n<\/tr>\n<tr>\n<td>Cantidad de cartuchos de bater\u00eda de recambio<\/td>\n<\/tr>\n<tr>\n<td>1<\/td>\n<\/tr>\n<tr>\n<td>Capacidad va\/hora de la bater\u00eda<\/td>\n<\/tr>\n<tr>\n<td>216<\/td>\n<\/tr>\n<tr>\n<td>Comunicaciones y manejo<\/td>\n<\/tr>\n<tr>\n<td>Interface port(s)<\/td>\n<\/tr>\n<tr>\n<td>Rj-45 serial, usb<\/td>\n<\/tr>\n<tr>\n<td>Panel de control<\/td>\n<\/tr>\n<tr>\n<td>Estatus multifuncional lcd y consola con control<\/td>\n<\/tr>\n<tr>\n<td>Alarma audible<\/td>\n<\/tr>\n<tr>\n<td>Alarma de bater\u00eda encendida: alarma distintiva de carga de bater\u00eda baja: retrasos configurables<\/td>\n<\/tr>\n<tr>\n<td>Interruptor de emergencia (epo)<\/td>\n<\/tr>\n<tr>\n<td>&#8212;<\/td>\n<\/tr>\n<tr>\n<td>Prote\u00e7\u00e3o contra surtos e filtragem<\/td>\n<\/tr>\n<tr>\n<td>R\u00e9gimen nominal de sobretensiones<\/td>\n<\/tr>\n<tr>\n<td>680joules<\/td>\n<\/tr>\n<tr>\n<td>Filtrado<\/td>\n<\/tr>\n<tr>\n<td>Full time multi-pole noise filtering : 0.3% ieee surge let-through : zero clamping response time : meets ul 1449<\/td>\n<\/tr>\n<tr>\n<td>F\u00edsico<\/td>\n<\/tr>\n<tr>\n<td>Dimensiones de altura m\u00e1xima<\/td>\n<\/tr>\n<tr>\n<td>219mm, 21.9cm<\/td>\n<\/tr>\n<tr>\n<td>Dimensiones de anchura m\u00e1xima<\/td>\n<\/tr>\n<tr>\n<td>171mm, 17.1cm<\/td>\n<\/tr>\n<tr>\n<td>Dimensiones de profundidad m\u00e1xima<\/td>\n<\/tr>\n<tr>\n<td>439mm, 43.9cm<\/td>\n<\/tr>\n<tr>\n<td>Peso neto<\/td>\n<\/tr>\n<tr>\n<td>17.0kg<\/td>\n<\/tr>\n<tr>\n<td>Peso de embarque<\/td>\n<\/tr>\n<tr>\n<td>19.57kg<\/td>\n<\/tr>\n<tr>\n<td>Altura del bulto<\/td>\n<\/tr>\n<tr>\n<td>330mm, 33.0cm<\/td>\n<\/tr>\n<tr>\n<td>Ancho del bulto<\/td>\n<\/tr>\n<tr>\n<td>330mm, 33.0cm<\/td>\n<\/tr>\n<tr>\n<td>Profundidad del bulto<\/td>\n<\/tr>\n<tr>\n<td>590mm, 59.0cm<\/td>\n<\/tr>\n<tr>\n<td>Color<\/td>\n<\/tr>\n<tr>\n<td>Black<\/td>\n<\/tr>\n<tr>\n<td>Unidades por tarima<\/td>\n<\/tr>\n<tr>\n<td>12.0<\/td>\n<\/tr>\n<tr>\n<td>Ambiental<\/td>\n<\/tr>\n<tr>\n<td>Temperatura de operaci\u00f3n<\/td>\n<\/tr>\n<tr>\n<td>0 &#8211; 40 \u00b0c<\/td>\n<\/tr>\n<tr>\n<td>Humedad relativa de operaci\u00f3n<\/td>\n<\/tr>\n<tr>\n<td>0 &#8211; 95 %<\/td>\n<\/tr>\n<tr>\n<td>Elevaci\u00f3n de operaci\u00f3n<\/td>\n<\/tr>\n<tr>\n<td>0-3000metros<\/td>\n<\/tr>\n<tr>\n<td>Temperatura de almacenamiento<\/td>\n<\/tr>\n<tr>\n<td>-15 &#8211; 45 \u00b0c<\/td>\n<\/tr>\n<tr>\n<td>Humedad relativa de almacenamiento<\/td>\n<\/tr>\n<tr>\n<td>0 &#8211; 95 %<\/td>\n<\/tr>\n<tr>\n<td>Elevaci\u00f3n de almacenamiento<\/td>\n<\/tr>\n<tr>\n<td>0-15000metros<\/td>\n<\/tr>\n<tr>\n<td>Ruido audible a 1 metro de la superficie de la unidad<\/td>\n<\/tr>\n<tr>\n<td>41.0dba<\/td>\n<\/tr>\n<tr>\n<td>Disipaci\u00f3n t\u00e9rmica online<\/td>\n<\/tr>\n<tr>\n<td>175.0btu\/hora<\/td>\n<\/tr>\n<tr>\n<td>Conformidad<\/td>\n<\/tr>\n<tr>\n<td>Aprobaciones<\/td>\n<\/tr>\n<tr>\n<td>Csa, norma csa c22.2 n\u00b0 107.1, fcc part 15 clase a, ices-003, ul 1778<\/td>\n<\/tr>\n<tr>\n<td>Pol\u00edtica de protecci\u00f3n del equipo<\/td>\n<\/tr>\n<tr>\n<td>De por vida: $150.000<\/td>\n<\/tr>\n<tr>\n<td>Garant\u00eda est\u00e1ndar<\/td>\n<\/tr>\n<tr>\n<td>Reparaci\u00f3n o reemplazo por 2 a\u00f1os<\/td>\n<\/tr>\n<\/table>\n","protected":false},"excerpt":{"rendered":"<p>Protecci\u00f3n de energ\u00eda en red inteligente y eficiente; incluye desde modelos b\u00e1sicos hasta modelos con autonom\u00eda escalable. Ideal para servidores, puntos de venta, routers, switches, hubs y otros dispositivos de red.<\/p>\n","protected":false},"featured_media":217429,"comment_status":"open","ping_status":"open","template":"","meta":[],"product_cat":[1508,1691],"product_tag":[1694],"acf":[],"yoast_head":"<!-- This site is optimized with the Yoast SEO plugin v21.7 - https:\/\/yoast.com\/wordpress\/plugins\/seo\/ -->\n<title>[ Apc ] &#129351; Smc1000c Unidad Smart-ups C De , 1000 Va, Pantalla Lcd, 120 V, Con Smartconnect<\/title>\n<meta name=\"description\" content=\"Compra Smc1000c Unidad Smart-ups C De , 1000 Va, Pantalla Lcd, 120 V, Con Smartconnect + Env\u00edo a domicilio + Pago seguro + Garant\u00eda\" \/>\n<meta name=\"robots\" content=\"index, follow, max-snippet:-1, max-image-preview:large, max-video-preview:-1\" \/>\n<link rel=\"canonical\" href=\"https:\/\/compuviper.mx\/tienda\/producto\/apc-smc1000c-unidad-smart-ups-c-de-1000-va-pantalla-lcd-120-v-con-smartconnect\/\" \/>\n<meta property=\"og:locale\" content=\"es_MX\" \/>\n<meta property=\"og:type\" content=\"article\" \/>\n<meta property=\"og:title\" content=\"[ Apc ] &#129351; Smc1000c Unidad Smart-ups C De , 1000 Va, Pantalla Lcd, 120 V, Con Smartconnect\" \/>\n<meta property=\"og:description\" content=\"Compra Smc1000c Unidad Smart-ups C De , 1000 Va, Pantalla Lcd, 120 V, Con Smartconnect + Env\u00edo a domicilio + Pago seguro + Garant\u00eda\" \/>\n<meta property=\"og:url\" content=\"https:\/\/compuviper.mx\/tienda\/producto\/apc-smc1000c-unidad-smart-ups-c-de-1000-va-pantalla-lcd-120-v-con-smartconnect\/\" \/>\n<meta property=\"og:site_name\" content=\"Compuviper\" \/>\n<meta property=\"article:publisher\" content=\"https:\/\/www.facebook.com\/compuviper\" \/>\n<meta property=\"og:image\" content=\"https:\/\/compuviper.mx\/tienda\/wp-content\/uploads\/2023\/12\/Unidad-smart-ups-c-de-apc-1000-va-pantalla-lcd-120-v-con-smartconnect.jpg\" \/>\n\t<meta property=\"og:image:width\" content=\"200\" \/>\n\t<meta property=\"og:image:height\" content=\"200\" \/>\n\t<meta property=\"og:image:type\" content=\"image\/jpeg\" \/>\n<meta name=\"twitter:card\" content=\"summary_large_image\" \/>\n<meta name=\"twitter:label1\" content=\"Precio\" \/>\n\t<meta name=\"twitter:data1\" content=\"&#36;8,285 con IVA\" \/>\n\t<meta name=\"twitter:label2\" content=\"Availability\" \/>\n\t<meta name=\"twitter:data2\" content=\"Out of stock\" \/>\n<script type=\"application\/ld+json\" class=\"yoast-schema-graph\">{\"@context\":\"https:\/\/schema.org\",\"@graph\":[{\"@type\":\"WebPage\",\"@id\":\"https:\/\/compuviper.mx\/tienda\/producto\/apc-smc1000c-unidad-smart-ups-c-de-1000-va-pantalla-lcd-120-v-con-smartconnect\/\",\"url\":\"https:\/\/compuviper.mx\/tienda\/producto\/apc-smc1000c-unidad-smart-ups-c-de-1000-va-pantalla-lcd-120-v-con-smartconnect\/\",\"name\":\"[ Apc ] &#129351; Smc1000c Unidad Smart-ups C De , 1000 Va, Pantalla Lcd, 120 V, Con Smartconnect\",\"isPartOf\":{\"@id\":\"https:\/\/compuviper.mx\/tienda\/#website\"},\"datePublished\":\"2026-04-08T06:28:20+00:00\",\"dateModified\":\"2026-04-08T06:28:20+00:00\",\"description\":\"Compra Smc1000c Unidad Smart-ups C De , 1000 Va, Pantalla Lcd, 120 V, Con Smartconnect + Env\u00edo a domicilio + Pago seguro + Garant\u00eda\",\"breadcrumb\":{\"@id\":\"https:\/\/compuviper.mx\/tienda\/producto\/apc-smc1000c-unidad-smart-ups-c-de-1000-va-pantalla-lcd-120-v-con-smartconnect\/#breadcrumb\"},\"inLanguage\":\"es-MX\",\"potentialAction\":[{\"@type\":\"ReadAction\",\"target\":[\"https:\/\/compuviper.mx\/tienda\/producto\/apc-smc1000c-unidad-smart-ups-c-de-1000-va-pantalla-lcd-120-v-con-smartconnect\/\"]}]},{\"@type\":\"BreadcrumbList\",\"@id\":\"https:\/\/compuviper.mx\/tienda\/producto\/apc-smc1000c-unidad-smart-ups-c-de-1000-va-pantalla-lcd-120-v-con-smartconnect\/#breadcrumb\",\"itemListElement\":[{\"@type\":\"ListItem\",\"position\":1,\"name\":\"Inicio\",\"item\":\"https:\/\/compuviper.mx\/tienda\/\"},{\"@type\":\"ListItem\",\"position\":2,\"name\":\"Productos\",\"item\":\"https:\/\/compuviper.mx\/tienda\/productos\/\"},{\"@type\":\"ListItem\",\"position\":3,\"name\":\"Energia\",\"item\":\"https:\/\/compuviper.mx\/tienda\/categoria-producto\/energia\/\"},{\"@type\":\"ListItem\",\"position\":4,\"name\":\"No Break\",\"item\":\"https:\/\/compuviper.mx\/tienda\/categoria-producto\/energia\/no-break\/\"},{\"@type\":\"ListItem\",\"position\":5,\"name\":\"Apc Smc1000c Unidad Smart-ups C De , 1000 Va, Pantalla Lcd, 120 V, Con Smartconnect\"}]},{\"@type\":\"WebSite\",\"@id\":\"https:\/\/compuviper.mx\/tienda\/#website\",\"url\":\"https:\/\/compuviper.mx\/tienda\/\",\"name\":\"Compuviper\",\"description\":\"Proveedor de Computadoras, Laptops, Servidores, Monitores, Puntos de Venta, Teclados,   Impresoras, T\u00f3ner, C\u00e1maras de Seguridad y m\u00e1s en tu tienda en l\u00ednea\",\"publisher\":{\"@id\":\"https:\/\/compuviper.mx\/tienda\/#organization\"},\"potentialAction\":[{\"@type\":\"SearchAction\",\"target\":{\"@type\":\"EntryPoint\",\"urlTemplate\":\"https:\/\/compuviper.mx\/tienda\/?s={search_term_string}\"},\"query-input\":\"required name=search_term_string\"}],\"inLanguage\":\"es-MX\"},{\"@type\":\"Organization\",\"@id\":\"https:\/\/compuviper.mx\/tienda\/#organization\",\"name\":\"Compuviper\",\"url\":\"https:\/\/compuviper.mx\/tienda\/\",\"logo\":{\"@type\":\"ImageObject\",\"inLanguage\":\"es-MX\",\"@id\":\"https:\/\/compuviper.mx\/tienda\/#\/schema\/logo\/image\/\",\"url\":\"https:\/\/compuviper.mx\/tienda\/wp-content\/uploads\/2021\/08\/Logo-Compuviper-10.png\",\"contentUrl\":\"https:\/\/compuviper.mx\/tienda\/wp-content\/uploads\/2021\/08\/Logo-Compuviper-10.png\",\"width\":1000,\"height\":500,\"caption\":\"Compuviper\"},\"image\":{\"@id\":\"https:\/\/compuviper.mx\/tienda\/#\/schema\/logo\/image\/\"},\"sameAs\":[\"https:\/\/www.facebook.com\/compuviper\",\"https:\/\/www.youtube.com\/channel\/UCf73dERp9Y3cfOq7q8BhLjA?view_as=subscriber\"]}]}<\/script>\n<meta property=\"product:brand\" content=\"APC\" \/>\n<meta property=\"product:price:amount\" content=\"8285\" \/>\n<meta property=\"product:price:currency\" content=\"MXN\" \/>\n<meta property=\"og:availability\" content=\"out of stock\" \/>\n<meta property=\"product:availability\" content=\"out of stock\" \/>\n<meta property=\"product:retailer_item_id\" content=\"SMC1000C\" \/>\n<meta property=\"product:condition\" content=\"new\" \/>\n<!-- \/ Yoast SEO plugin. -->","yoast_head_json":{"title":"[ Apc ] &#129351; Smc1000c Unidad Smart-ups C De , 1000 Va, Pantalla Lcd, 120 V, Con Smartconnect","description":"Compra Smc1000c Unidad Smart-ups C De , 1000 Va, Pantalla Lcd, 120 V, Con Smartconnect + Env\u00edo a domicilio + Pago seguro + Garant\u00eda","robots":{"index":"index","follow":"follow","max-snippet":"max-snippet:-1","max-image-preview":"max-image-preview:large","max-video-preview":"max-video-preview:-1"},"canonical":"https:\/\/compuviper.mx\/tienda\/producto\/apc-smc1000c-unidad-smart-ups-c-de-1000-va-pantalla-lcd-120-v-con-smartconnect\/","og_locale":"es_MX","og_type":"article","og_title":"[ Apc ] &#129351; Smc1000c Unidad Smart-ups C De , 1000 Va, Pantalla Lcd, 120 V, Con Smartconnect","og_description":"Compra Smc1000c Unidad Smart-ups C De , 1000 Va, Pantalla Lcd, 120 V, Con Smartconnect + Env\u00edo a domicilio + Pago seguro + Garant\u00eda","og_url":"https:\/\/compuviper.mx\/tienda\/producto\/apc-smc1000c-unidad-smart-ups-c-de-1000-va-pantalla-lcd-120-v-con-smartconnect\/","og_site_name":"Compuviper","article_publisher":"https:\/\/www.facebook.com\/compuviper","og_image":[{"width":200,"height":200,"url":"https:\/\/compuviper.mx\/tienda\/wp-content\/uploads\/2023\/12\/Unidad-smart-ups-c-de-apc-1000-va-pantalla-lcd-120-v-con-smartconnect.jpg","type":"image\/jpeg"}],"twitter_card":"summary_large_image","twitter_misc":{"Precio":"&#36;8,285 con IVA","Availability":"Out of stock"},"schema":{"@context":"https:\/\/schema.org","@graph":[{"@type":"WebPage","@id":"https:\/\/compuviper.mx\/tienda\/producto\/apc-smc1000c-unidad-smart-ups-c-de-1000-va-pantalla-lcd-120-v-con-smartconnect\/","url":"https:\/\/compuviper.mx\/tienda\/producto\/apc-smc1000c-unidad-smart-ups-c-de-1000-va-pantalla-lcd-120-v-con-smartconnect\/","name":"[ Apc ] &#129351; Smc1000c Unidad Smart-ups C De , 1000 Va, Pantalla Lcd, 120 V, Con Smartconnect","isPartOf":{"@id":"https:\/\/compuviper.mx\/tienda\/#website"},"datePublished":"2026-04-08T06:28:20+00:00","dateModified":"2026-04-08T06:28:20+00:00","description":"Compra Smc1000c Unidad Smart-ups C De , 1000 Va, Pantalla Lcd, 120 V, Con Smartconnect + Env\u00edo a domicilio + Pago seguro + Garant\u00eda","breadcrumb":{"@id":"https:\/\/compuviper.mx\/tienda\/producto\/apc-smc1000c-unidad-smart-ups-c-de-1000-va-pantalla-lcd-120-v-con-smartconnect\/#breadcrumb"},"inLanguage":"es-MX","potentialAction":[{"@type":"ReadAction","target":["https:\/\/compuviper.mx\/tienda\/producto\/apc-smc1000c-unidad-smart-ups-c-de-1000-va-pantalla-lcd-120-v-con-smartconnect\/"]}]},{"@type":"BreadcrumbList","@id":"https:\/\/compuviper.mx\/tienda\/producto\/apc-smc1000c-unidad-smart-ups-c-de-1000-va-pantalla-lcd-120-v-con-smartconnect\/#breadcrumb","itemListElement":[{"@type":"ListItem","position":1,"name":"Inicio","item":"https:\/\/compuviper.mx\/tienda\/"},{"@type":"ListItem","position":2,"name":"Productos","item":"https:\/\/compuviper.mx\/tienda\/productos\/"},{"@type":"ListItem","position":3,"name":"Energia","item":"https:\/\/compuviper.mx\/tienda\/categoria-producto\/energia\/"},{"@type":"ListItem","position":4,"name":"No Break","item":"https:\/\/compuviper.mx\/tienda\/categoria-producto\/energia\/no-break\/"},{"@type":"ListItem","position":5,"name":"Apc Smc1000c Unidad Smart-ups C De , 1000 Va, Pantalla Lcd, 120 V, Con Smartconnect"}]},{"@type":"WebSite","@id":"https:\/\/compuviper.mx\/tienda\/#website","url":"https:\/\/compuviper.mx\/tienda\/","name":"Compuviper","description":"Proveedor de Computadoras, Laptops, Servidores, Monitores, Puntos de Venta, Teclados,   Impresoras, T\u00f3ner, C\u00e1maras de Seguridad y m\u00e1s en tu tienda en l\u00ednea","publisher":{"@id":"https:\/\/compuviper.mx\/tienda\/#organization"},"potentialAction":[{"@type":"SearchAction","target":{"@type":"EntryPoint","urlTemplate":"https:\/\/compuviper.mx\/tienda\/?s={search_term_string}"},"query-input":"required name=search_term_string"}],"inLanguage":"es-MX"},{"@type":"Organization","@id":"https:\/\/compuviper.mx\/tienda\/#organization","name":"Compuviper","url":"https:\/\/compuviper.mx\/tienda\/","logo":{"@type":"ImageObject","inLanguage":"es-MX","@id":"https:\/\/compuviper.mx\/tienda\/#\/schema\/logo\/image\/","url":"https:\/\/compuviper.mx\/tienda\/wp-content\/uploads\/2021\/08\/Logo-Compuviper-10.png","contentUrl":"https:\/\/compuviper.mx\/tienda\/wp-content\/uploads\/2021\/08\/Logo-Compuviper-10.png","width":1000,"height":500,"caption":"Compuviper"},"image":{"@id":"https:\/\/compuviper.mx\/tienda\/#\/schema\/logo\/image\/"},"sameAs":["https:\/\/www.facebook.com\/compuviper","https:\/\/www.youtube.com\/channel\/UCf73dERp9Y3cfOq7q8BhLjA?view_as=subscriber"]}]},"product_brand":"APC","product_price_amount":"8285","product_price_currency":"MXN","og_availability":"out of stock","product_availability":"out of stock","product_retailer_item_id":"SMC1000C","product_condition":"new"},"_links":{"self":[{"href":"https:\/\/compuviper.mx\/tienda\/wp-json\/wp\/v2\/product\/217428"}],"collection":[{"href":"https:\/\/compuviper.mx\/tienda\/wp-json\/wp\/v2\/product"}],"about":[{"href":"https:\/\/compuviper.mx\/tienda\/wp-json\/wp\/v2\/types\/product"}],"replies":[{"embeddable":true,"href":"https:\/\/compuviper.mx\/tienda\/wp-json\/wp\/v2\/comments?post=217428"}],"wp:featuredmedia":[{"embeddable":true,"href":"https:\/\/compuviper.mx\/tienda\/wp-json\/wp\/v2\/media\/217429"}],"wp:attachment":[{"href":"https:\/\/compuviper.mx\/tienda\/wp-json\/wp\/v2\/media?parent=217428"}],"wp:term":[{"taxonomy":"product_cat","embeddable":true,"href":"https:\/\/compuviper.mx\/tienda\/wp-json\/wp\/v2\/product_cat?post=217428"},{"taxonomy":"product_tag","embeddable":true,"href":"https:\/\/compuviper.mx\/tienda\/wp-json\/wp\/v2\/product_tag?post=217428"}],"curies":[{"name":"wp","href":"https:\/\/api.w.org\/{rel}","templated":true}]}}