{"id":217418,"date":"2026-04-07T00:24:39","date_gmt":"2026-04-07T06:24:39","guid":{"rendered":"https:\/\/compuviper.mx\/tienda\/producto\/smartbitt-sbbp20ktii-3-bateria-ups-online-20kva-32-x-9a-para-sbol20ktii-3\/"},"modified":"2026-04-07T00:24:40","modified_gmt":"2026-04-07T06:24:40","slug":"smartbitt-sbbp20ktii-3-banco-de-baterias-externo-20kva-32-x-12-v-9a-para-ups-sbol20ktii-3","status":"publish","type":"product","link":"https:\/\/compuviper.mx\/tienda\/producto\/smartbitt-sbbp20ktii-3-banco-de-baterias-externo-20kva-32-x-12-v-9a-para-ups-sbol20ktii-3\/","title":{"rendered":"Smartbitt Sbbp20ktii-3 Banco De Baterias Externo     20kva (32 X 12 V 9a), Para Ups Sbol20ktii-3"},"content":{"rendered":"<table class=\"descripcion\">\n<tr>\n<td>Smartbitt bateria ups online 20kva 32 x 9a, para sbol20ktii-3<\/td>\n<\/tr>\n<\/table>\n","protected":false},"excerpt":{"rendered":"<p>Estas bater\u00edas han sido desarrolladas teniendo en cuenta las m\u00e1s criticas condiciones clim\u00e1ticas, lo que las hace especialmente adecuadas para pr\u00e1cticamente cualquier condici\u00f3n ambiental en cualquier parte del mundo. La bater\u00eda incorpora un innovado dise\u00f1o de apilamiento de las placas, lo que asegura un rendimiento constante y son ideales para nuestra l\u00edneas de ups. Las bater\u00edas han sido dise\u00f1adas para proporcionar sus respectivas capacidades nominales desde el primer d\u00eda de uso. Los m\u00f3dulos de ventilaci\u00f3n especialmente dise\u00f1ados ayudan para su \u00f3ptimo mantenimiento t\u00e9rmico<\/p>\n","protected":false},"featured_media":217419,"comment_status":"open","ping_status":"open","template":"","meta":[],"product_cat":[1511,1508],"product_tag":[1583],"acf":[],"yoast_head":"<!-- This site is optimized with the Yoast SEO plugin v21.7 - https:\/\/yoast.com\/wordpress\/plugins\/seo\/ -->\n<title>[ Smartbitt ] &#129351; Sbbp20ktii-3 Banco De Baterias Externo 20kva (32 X 12 V 9a), Para Ups Sbol20ktii-3<\/title>\n<meta name=\"description\" content=\"Compra Sbbp20ktii-3 Banco De Baterias Externo 20kva (32 X 12 V 9a), Para Ups Sbol20ktii-3 + Env\u00edo a domicilio + Pago seguro + Garant\u00eda\" \/>\n<meta name=\"robots\" content=\"index, follow, max-snippet:-1, max-image-preview:large, max-video-preview:-1\" \/>\n<link rel=\"canonical\" href=\"https:\/\/compuviper.mx\/tienda\/producto\/smartbitt-sbbp20ktii-3-banco-de-baterias-externo-20kva-32-x-12-v-9a-para-ups-sbol20ktii-3\/\" \/>\n<meta property=\"og:locale\" content=\"es_MX\" \/>\n<meta property=\"og:type\" content=\"article\" \/>\n<meta property=\"og:title\" content=\"[ Smartbitt ] &#129351; Sbbp20ktii-3 Banco De Baterias Externo 20kva (32 X 12 V 9a), Para Ups Sbol20ktii-3\" \/>\n<meta property=\"og:description\" content=\"Compra Sbbp20ktii-3 Banco De Baterias Externo 20kva (32 X 12 V 9a), Para Ups Sbol20ktii-3 + Env\u00edo a domicilio + Pago seguro + Garant\u00eda\" \/>\n<meta property=\"og:url\" content=\"https:\/\/compuviper.mx\/tienda\/producto\/smartbitt-sbbp20ktii-3-banco-de-baterias-externo-20kva-32-x-12-v-9a-para-ups-sbol20ktii-3\/\" \/>\n<meta property=\"og:site_name\" content=\"Compuviper\" \/>\n<meta property=\"article:publisher\" content=\"https:\/\/www.facebook.com\/compuviper\" \/>\n<meta property=\"article:modified_time\" content=\"2026-04-07T06:24:40+00:00\" \/>\n<meta property=\"og:image\" content=\"https:\/\/compuviper.mx\/tienda\/wp-content\/uploads\/2023\/12\/Smartbitt-bateria-ups-online-20kva-32-x-9a-para-sbol20ktii-3.jpg\" \/>\n\t<meta property=\"og:image:width\" content=\"200\" \/>\n\t<meta property=\"og:image:height\" content=\"200\" \/>\n\t<meta property=\"og:image:type\" content=\"image\/jpeg\" \/>\n<meta name=\"twitter:card\" content=\"summary_large_image\" \/>\n<meta name=\"twitter:label1\" content=\"Precio\" \/>\n\t<meta name=\"twitter:data1\" content=\"&#36;54,938 con IVA\" \/>\n\t<meta name=\"twitter:label2\" content=\"Availability\" \/>\n\t<meta name=\"twitter:data2\" content=\"On backorder\" \/>\n<script type=\"application\/ld+json\" class=\"yoast-schema-graph\">{\"@context\":\"https:\/\/schema.org\",\"@graph\":[{\"@type\":\"WebPage\",\"@id\":\"https:\/\/compuviper.mx\/tienda\/producto\/smartbitt-sbbp20ktii-3-banco-de-baterias-externo-20kva-32-x-12-v-9a-para-ups-sbol20ktii-3\/\",\"url\":\"https:\/\/compuviper.mx\/tienda\/producto\/smartbitt-sbbp20ktii-3-banco-de-baterias-externo-20kva-32-x-12-v-9a-para-ups-sbol20ktii-3\/\",\"name\":\"[ Smartbitt ] &#129351; Sbbp20ktii-3 Banco De Baterias Externo 20kva (32 X 12 V 9a), Para Ups Sbol20ktii-3\",\"isPartOf\":{\"@id\":\"https:\/\/compuviper.mx\/tienda\/#website\"},\"datePublished\":\"2026-04-07T06:24:39+00:00\",\"dateModified\":\"2026-04-07T06:24:40+00:00\",\"description\":\"Compra Sbbp20ktii-3 Banco De Baterias Externo 20kva (32 X 12 V 9a), Para Ups Sbol20ktii-3 + Env\u00edo a domicilio + Pago seguro + Garant\u00eda\",\"breadcrumb\":{\"@id\":\"https:\/\/compuviper.mx\/tienda\/producto\/smartbitt-sbbp20ktii-3-banco-de-baterias-externo-20kva-32-x-12-v-9a-para-ups-sbol20ktii-3\/#breadcrumb\"},\"inLanguage\":\"es-MX\",\"potentialAction\":[{\"@type\":\"ReadAction\",\"target\":[\"https:\/\/compuviper.mx\/tienda\/producto\/smartbitt-sbbp20ktii-3-banco-de-baterias-externo-20kva-32-x-12-v-9a-para-ups-sbol20ktii-3\/\"]}]},{\"@type\":\"BreadcrumbList\",\"@id\":\"https:\/\/compuviper.mx\/tienda\/producto\/smartbitt-sbbp20ktii-3-banco-de-baterias-externo-20kva-32-x-12-v-9a-para-ups-sbol20ktii-3\/#breadcrumb\",\"itemListElement\":[{\"@type\":\"ListItem\",\"position\":1,\"name\":\"Inicio\",\"item\":\"https:\/\/compuviper.mx\/tienda\/\"},{\"@type\":\"ListItem\",\"position\":2,\"name\":\"Productos\",\"item\":\"https:\/\/compuviper.mx\/tienda\/productos\/\"},{\"@type\":\"ListItem\",\"position\":3,\"name\":\"Energia\",\"item\":\"https:\/\/compuviper.mx\/tienda\/categoria-producto\/energia\/\"},{\"@type\":\"ListItem\",\"position\":4,\"name\":\"Bateria\",\"item\":\"https:\/\/compuviper.mx\/tienda\/categoria-producto\/energia\/bateria\/\"},{\"@type\":\"ListItem\",\"position\":5,\"name\":\"Smartbitt Sbbp20ktii-3 Banco De Baterias Externo 20kva (32 X 12 V 9a), Para Ups Sbol20ktii-3\"}]},{\"@type\":\"WebSite\",\"@id\":\"https:\/\/compuviper.mx\/tienda\/#website\",\"url\":\"https:\/\/compuviper.mx\/tienda\/\",\"name\":\"Compuviper\",\"description\":\"Proveedor de Computadoras, Laptops, Servidores, Monitores, Puntos de Venta, Teclados,   Impresoras, T\u00f3ner, C\u00e1maras de Seguridad y m\u00e1s en tu tienda en l\u00ednea\",\"publisher\":{\"@id\":\"https:\/\/compuviper.mx\/tienda\/#organization\"},\"potentialAction\":[{\"@type\":\"SearchAction\",\"target\":{\"@type\":\"EntryPoint\",\"urlTemplate\":\"https:\/\/compuviper.mx\/tienda\/?s={search_term_string}\"},\"query-input\":\"required name=search_term_string\"}],\"inLanguage\":\"es-MX\"},{\"@type\":\"Organization\",\"@id\":\"https:\/\/compuviper.mx\/tienda\/#organization\",\"name\":\"Compuviper\",\"url\":\"https:\/\/compuviper.mx\/tienda\/\",\"logo\":{\"@type\":\"ImageObject\",\"inLanguage\":\"es-MX\",\"@id\":\"https:\/\/compuviper.mx\/tienda\/#\/schema\/logo\/image\/\",\"url\":\"https:\/\/compuviper.mx\/tienda\/wp-content\/uploads\/2021\/08\/Logo-Compuviper-10.png\",\"contentUrl\":\"https:\/\/compuviper.mx\/tienda\/wp-content\/uploads\/2021\/08\/Logo-Compuviper-10.png\",\"width\":1000,\"height\":500,\"caption\":\"Compuviper\"},\"image\":{\"@id\":\"https:\/\/compuviper.mx\/tienda\/#\/schema\/logo\/image\/\"},\"sameAs\":[\"https:\/\/www.facebook.com\/compuviper\",\"https:\/\/www.youtube.com\/channel\/UCf73dERp9Y3cfOq7q8BhLjA?view_as=subscriber\"]}]}<\/script>\n<meta property=\"product:brand\" content=\"SMARTBITT\" \/>\n<meta property=\"product:price:amount\" content=\"54938\" \/>\n<meta property=\"product:price:currency\" content=\"MXN\" \/>\n<meta property=\"og:availability\" content=\"backorder\" \/>\n<meta property=\"product:availability\" content=\"available for order\" \/>\n<meta property=\"product:retailer_item_id\" content=\"SBBP20KTII-3\" \/>\n<meta property=\"product:condition\" content=\"new\" \/>\n<!-- \/ Yoast SEO plugin. -->","yoast_head_json":{"title":"[ Smartbitt ] &#129351; Sbbp20ktii-3 Banco De Baterias Externo 20kva (32 X 12 V 9a), Para Ups Sbol20ktii-3","description":"Compra Sbbp20ktii-3 Banco De Baterias Externo 20kva (32 X 12 V 9a), Para Ups Sbol20ktii-3 + Env\u00edo a domicilio + Pago seguro + Garant\u00eda","robots":{"index":"index","follow":"follow","max-snippet":"max-snippet:-1","max-image-preview":"max-image-preview:large","max-video-preview":"max-video-preview:-1"},"canonical":"https:\/\/compuviper.mx\/tienda\/producto\/smartbitt-sbbp20ktii-3-banco-de-baterias-externo-20kva-32-x-12-v-9a-para-ups-sbol20ktii-3\/","og_locale":"es_MX","og_type":"article","og_title":"[ Smartbitt ] &#129351; Sbbp20ktii-3 Banco De Baterias Externo 20kva (32 X 12 V 9a), Para Ups Sbol20ktii-3","og_description":"Compra Sbbp20ktii-3 Banco De Baterias Externo 20kva (32 X 12 V 9a), Para Ups Sbol20ktii-3 + Env\u00edo a domicilio + Pago seguro + Garant\u00eda","og_url":"https:\/\/compuviper.mx\/tienda\/producto\/smartbitt-sbbp20ktii-3-banco-de-baterias-externo-20kva-32-x-12-v-9a-para-ups-sbol20ktii-3\/","og_site_name":"Compuviper","article_publisher":"https:\/\/www.facebook.com\/compuviper","article_modified_time":"2026-04-07T06:24:40+00:00","og_image":[{"width":200,"height":200,"url":"https:\/\/compuviper.mx\/tienda\/wp-content\/uploads\/2023\/12\/Smartbitt-bateria-ups-online-20kva-32-x-9a-para-sbol20ktii-3.jpg","type":"image\/jpeg"}],"twitter_card":"summary_large_image","twitter_misc":{"Precio":"&#36;54,938 con IVA","Availability":"On backorder"},"schema":{"@context":"https:\/\/schema.org","@graph":[{"@type":"WebPage","@id":"https:\/\/compuviper.mx\/tienda\/producto\/smartbitt-sbbp20ktii-3-banco-de-baterias-externo-20kva-32-x-12-v-9a-para-ups-sbol20ktii-3\/","url":"https:\/\/compuviper.mx\/tienda\/producto\/smartbitt-sbbp20ktii-3-banco-de-baterias-externo-20kva-32-x-12-v-9a-para-ups-sbol20ktii-3\/","name":"[ Smartbitt ] &#129351; Sbbp20ktii-3 Banco De Baterias Externo 20kva (32 X 12 V 9a), Para Ups Sbol20ktii-3","isPartOf":{"@id":"https:\/\/compuviper.mx\/tienda\/#website"},"datePublished":"2026-04-07T06:24:39+00:00","dateModified":"2026-04-07T06:24:40+00:00","description":"Compra Sbbp20ktii-3 Banco De Baterias Externo 20kva (32 X 12 V 9a), Para Ups Sbol20ktii-3 + Env\u00edo a domicilio + Pago seguro + Garant\u00eda","breadcrumb":{"@id":"https:\/\/compuviper.mx\/tienda\/producto\/smartbitt-sbbp20ktii-3-banco-de-baterias-externo-20kva-32-x-12-v-9a-para-ups-sbol20ktii-3\/#breadcrumb"},"inLanguage":"es-MX","potentialAction":[{"@type":"ReadAction","target":["https:\/\/compuviper.mx\/tienda\/producto\/smartbitt-sbbp20ktii-3-banco-de-baterias-externo-20kva-32-x-12-v-9a-para-ups-sbol20ktii-3\/"]}]},{"@type":"BreadcrumbList","@id":"https:\/\/compuviper.mx\/tienda\/producto\/smartbitt-sbbp20ktii-3-banco-de-baterias-externo-20kva-32-x-12-v-9a-para-ups-sbol20ktii-3\/#breadcrumb","itemListElement":[{"@type":"ListItem","position":1,"name":"Inicio","item":"https:\/\/compuviper.mx\/tienda\/"},{"@type":"ListItem","position":2,"name":"Productos","item":"https:\/\/compuviper.mx\/tienda\/productos\/"},{"@type":"ListItem","position":3,"name":"Energia","item":"https:\/\/compuviper.mx\/tienda\/categoria-producto\/energia\/"},{"@type":"ListItem","position":4,"name":"Bateria","item":"https:\/\/compuviper.mx\/tienda\/categoria-producto\/energia\/bateria\/"},{"@type":"ListItem","position":5,"name":"Smartbitt Sbbp20ktii-3 Banco De Baterias Externo 20kva (32 X 12 V 9a), Para Ups Sbol20ktii-3"}]},{"@type":"WebSite","@id":"https:\/\/compuviper.mx\/tienda\/#website","url":"https:\/\/compuviper.mx\/tienda\/","name":"Compuviper","description":"Proveedor de Computadoras, Laptops, Servidores, Monitores, Puntos de Venta, Teclados,   Impresoras, T\u00f3ner, C\u00e1maras de Seguridad y m\u00e1s en tu tienda en l\u00ednea","publisher":{"@id":"https:\/\/compuviper.mx\/tienda\/#organization"},"potentialAction":[{"@type":"SearchAction","target":{"@type":"EntryPoint","urlTemplate":"https:\/\/compuviper.mx\/tienda\/?s={search_term_string}"},"query-input":"required name=search_term_string"}],"inLanguage":"es-MX"},{"@type":"Organization","@id":"https:\/\/compuviper.mx\/tienda\/#organization","name":"Compuviper","url":"https:\/\/compuviper.mx\/tienda\/","logo":{"@type":"ImageObject","inLanguage":"es-MX","@id":"https:\/\/compuviper.mx\/tienda\/#\/schema\/logo\/image\/","url":"https:\/\/compuviper.mx\/tienda\/wp-content\/uploads\/2021\/08\/Logo-Compuviper-10.png","contentUrl":"https:\/\/compuviper.mx\/tienda\/wp-content\/uploads\/2021\/08\/Logo-Compuviper-10.png","width":1000,"height":500,"caption":"Compuviper"},"image":{"@id":"https:\/\/compuviper.mx\/tienda\/#\/schema\/logo\/image\/"},"sameAs":["https:\/\/www.facebook.com\/compuviper","https:\/\/www.youtube.com\/channel\/UCf73dERp9Y3cfOq7q8BhLjA?view_as=subscriber"]}]},"product_brand":"SMARTBITT","product_price_amount":"54938","product_price_currency":"MXN","og_availability":"backorder","product_availability":"available for order","product_retailer_item_id":"SBBP20KTII-3","product_condition":"new"},"_links":{"self":[{"href":"https:\/\/compuviper.mx\/tienda\/wp-json\/wp\/v2\/product\/217418"}],"collection":[{"href":"https:\/\/compuviper.mx\/tienda\/wp-json\/wp\/v2\/product"}],"about":[{"href":"https:\/\/compuviper.mx\/tienda\/wp-json\/wp\/v2\/types\/product"}],"replies":[{"embeddable":true,"href":"https:\/\/compuviper.mx\/tienda\/wp-json\/wp\/v2\/comments?post=217418"}],"wp:featuredmedia":[{"embeddable":true,"href":"https:\/\/compuviper.mx\/tienda\/wp-json\/wp\/v2\/media\/217419"}],"wp:attachment":[{"href":"https:\/\/compuviper.mx\/tienda\/wp-json\/wp\/v2\/media?parent=217418"}],"wp:term":[{"taxonomy":"product_cat","embeddable":true,"href":"https:\/\/compuviper.mx\/tienda\/wp-json\/wp\/v2\/product_cat?post=217418"},{"taxonomy":"product_tag","embeddable":true,"href":"https:\/\/compuviper.mx\/tienda\/wp-json\/wp\/v2\/product_tag?post=217418"}],"curies":[{"name":"wp","href":"https:\/\/api.w.org\/{rel}","templated":true}]}}