{"id":217412,"date":"2026-04-08T00:28:15","date_gmt":"2026-04-08T06:28:15","guid":{"rendered":"https:\/\/compuviper.mx\/tienda\/producto\/cdp-upo11-1rt-ups-online-1000va-900w-torre-rack-doble-conversion-8-terminales-nema-5-15r-entrada-ac-puertos-rs-232-usb-ca-nema-5-15p\/"},"modified":"2026-04-08T00:28:15","modified_gmt":"2026-04-08T06:28:15","slug":"cdp-upo11-1rt-ups-online-torre-rack-de-1000va-900w-8c","status":"publish","type":"product","link":"https:\/\/compuviper.mx\/tienda\/producto\/cdp-upo11-1rt-ups-online-torre-rack-de-1000va-900w-8c\/","title":{"rendered":"Cdp Upo11-1rt Ups Online  Torre\/rack De 1000va\/900w 8c"},"content":{"rendered":"<table class=\"descripcion\">\n<tr>\n<td>Capacidad 1000va\/900w<\/td>\n<\/tr>\n<tr>\n<td>Dimensiones 310x438x88mm<\/td>\n<\/tr>\n<tr>\n<td>Factor de potencia  \/=0,99 @ voltaje nominal (plena carga)<\/td>\n<\/tr>\n<tr>\n<td>Forma de onda senoidal pura<\/td>\n<\/tr>\n<tr>\n<td>Peso 12 kg<\/td>\n<\/tr>\n<tr>\n<td>Software soporta windows 98\/2000\/2003\/xp\/vista\/2008\/7, linux,unix y mac<\/td>\n<\/tr>\n<tr>\n<td>Voltaje 120vca<\/td>\n<\/tr>\n<tr>\n<td>Corriente cresta 3:1<\/td>\n<\/tr>\n<tr>\n<td>Distorsi\u00f3n arm\u00f3nica  \/=3% thd (cargas lineales)  \/=6% thd (cargas no lineales)<\/td>\n<\/tr>\n<tr>\n<td>Smart rs232 si<\/td>\n<\/tr>\n<tr>\n<td>Frecuencia 40hz &#8211; 70hz<\/td>\n<\/tr>\n<tr>\n<td>Opcional snmp control y mando para snmp y web browser<\/td>\n<\/tr>\n<tr>\n<td>Tipo\/cantidad de bater\u00edas 12v\/9ah x 2<\/td>\n<\/tr>\n<\/table>\n","protected":false},"excerpt":{"rendered":"<p>La serie upo11-rt est\u00e1 disponible en 1, 2 y 3kva. Su instalaci\u00f3n puede efectuarse tipo torre o bien montada en bastidor. Se incluyen los rieles m\u00f3viles para su f\u00e1cil instalaci\u00f3n y mantenimiento. Esta serie provee la m\u00e1s avanzada tecnolog\u00eda en protecci\u00f3n el\u00e9ctrica disponible en la industria actualmente y es el ups ideal para profesionales de it altamente exigentes. Todos los modelos incluyen un procesador de se\u00f1al digital (dsp) el cual permite monitorear y administrar todos los par\u00e1metros de operaci\u00f3n. Esta familia es ideal para proteger servidores blade, san\u00b4s, equipo de telecomunicaciones y equipo industrial.<\/p>\n","protected":false},"featured_media":217413,"comment_status":"open","ping_status":"open","template":"","meta":[],"product_cat":[1508,1691],"product_tag":[1693],"acf":[],"yoast_head":"<!-- This site is optimized with the Yoast SEO plugin v21.7 - https:\/\/yoast.com\/wordpress\/plugins\/seo\/ -->\n<title>[ Cdp ] &#129351; Upo11-1rt Ups Online Torre\/rack De 1000va\/900w 8c<\/title>\n<meta name=\"description\" content=\"Compra Upo11-1rt Ups Online Torre\/rack De 1000va\/900w 8c + Env\u00edo a domicilio + Pago seguro + Garant\u00eda\" \/>\n<meta name=\"robots\" content=\"index, follow, max-snippet:-1, max-image-preview:large, max-video-preview:-1\" \/>\n<link rel=\"canonical\" href=\"https:\/\/compuviper.mx\/tienda\/producto\/cdp-upo11-1rt-ups-online-torre-rack-de-1000va-900w-8c\/\" \/>\n<meta property=\"og:locale\" content=\"es_MX\" \/>\n<meta property=\"og:type\" content=\"article\" \/>\n<meta property=\"og:title\" content=\"[ Cdp ] &#129351; Upo11-1rt Ups Online Torre\/rack De 1000va\/900w 8c\" \/>\n<meta property=\"og:description\" content=\"Compra Upo11-1rt Ups Online Torre\/rack De 1000va\/900w 8c + Env\u00edo a domicilio + Pago seguro + Garant\u00eda\" \/>\n<meta property=\"og:url\" content=\"https:\/\/compuviper.mx\/tienda\/producto\/cdp-upo11-1rt-ups-online-torre-rack-de-1000va-900w-8c\/\" \/>\n<meta property=\"og:site_name\" content=\"Compuviper\" \/>\n<meta property=\"article:publisher\" content=\"https:\/\/www.facebook.com\/compuviper\" \/>\n<meta property=\"og:image\" content=\"https:\/\/compuviper.mx\/tienda\/wp-content\/uploads\/2023\/12\/Ups-online-cdp-1000va900w-upo11-1rt-torrerackdoble-conversion-8-terminales-nema-5-15rentrada-ac-puertos-rs-232-usbca-nema-5-15p.jpg\" \/>\n\t<meta property=\"og:image:width\" content=\"200\" \/>\n\t<meta property=\"og:image:height\" content=\"200\" \/>\n\t<meta property=\"og:image:type\" content=\"image\/jpeg\" \/>\n<meta name=\"twitter:card\" content=\"summary_large_image\" \/>\n<meta name=\"twitter:label1\" content=\"Precio\" \/>\n\t<meta name=\"twitter:data1\" content=\"&#36;6,389 con IVA\" \/>\n\t<meta name=\"twitter:label2\" content=\"Availability\" \/>\n\t<meta name=\"twitter:data2\" content=\"In stock\" \/>\n<script type=\"application\/ld+json\" class=\"yoast-schema-graph\">{\"@context\":\"https:\/\/schema.org\",\"@graph\":[{\"@type\":\"WebPage\",\"@id\":\"https:\/\/compuviper.mx\/tienda\/producto\/cdp-upo11-1rt-ups-online-torre-rack-de-1000va-900w-8c\/\",\"url\":\"https:\/\/compuviper.mx\/tienda\/producto\/cdp-upo11-1rt-ups-online-torre-rack-de-1000va-900w-8c\/\",\"name\":\"[ Cdp ] &#129351; Upo11-1rt Ups Online Torre\/rack De 1000va\/900w 8c\",\"isPartOf\":{\"@id\":\"https:\/\/compuviper.mx\/tienda\/#website\"},\"datePublished\":\"2026-04-08T06:28:15+00:00\",\"dateModified\":\"2026-04-08T06:28:15+00:00\",\"description\":\"Compra Upo11-1rt Ups Online Torre\/rack De 1000va\/900w 8c + Env\u00edo a domicilio + Pago seguro + Garant\u00eda\",\"breadcrumb\":{\"@id\":\"https:\/\/compuviper.mx\/tienda\/producto\/cdp-upo11-1rt-ups-online-torre-rack-de-1000va-900w-8c\/#breadcrumb\"},\"inLanguage\":\"es-MX\",\"potentialAction\":[{\"@type\":\"ReadAction\",\"target\":[\"https:\/\/compuviper.mx\/tienda\/producto\/cdp-upo11-1rt-ups-online-torre-rack-de-1000va-900w-8c\/\"]}]},{\"@type\":\"BreadcrumbList\",\"@id\":\"https:\/\/compuviper.mx\/tienda\/producto\/cdp-upo11-1rt-ups-online-torre-rack-de-1000va-900w-8c\/#breadcrumb\",\"itemListElement\":[{\"@type\":\"ListItem\",\"position\":1,\"name\":\"Inicio\",\"item\":\"https:\/\/compuviper.mx\/tienda\/\"},{\"@type\":\"ListItem\",\"position\":2,\"name\":\"Productos\",\"item\":\"https:\/\/compuviper.mx\/tienda\/productos\/\"},{\"@type\":\"ListItem\",\"position\":3,\"name\":\"Energia\",\"item\":\"https:\/\/compuviper.mx\/tienda\/categoria-producto\/energia\/\"},{\"@type\":\"ListItem\",\"position\":4,\"name\":\"No Break\",\"item\":\"https:\/\/compuviper.mx\/tienda\/categoria-producto\/energia\/no-break\/\"},{\"@type\":\"ListItem\",\"position\":5,\"name\":\"Cdp Upo11-1rt Ups Online Torre\/rack De 1000va\/900w 8c\"}]},{\"@type\":\"WebSite\",\"@id\":\"https:\/\/compuviper.mx\/tienda\/#website\",\"url\":\"https:\/\/compuviper.mx\/tienda\/\",\"name\":\"Compuviper\",\"description\":\"Proveedor de Computadoras, Laptops, Servidores, Monitores, Puntos de Venta, Teclados,   Impresoras, T\u00f3ner, C\u00e1maras de Seguridad y m\u00e1s en tu tienda en l\u00ednea\",\"publisher\":{\"@id\":\"https:\/\/compuviper.mx\/tienda\/#organization\"},\"potentialAction\":[{\"@type\":\"SearchAction\",\"target\":{\"@type\":\"EntryPoint\",\"urlTemplate\":\"https:\/\/compuviper.mx\/tienda\/?s={search_term_string}\"},\"query-input\":\"required name=search_term_string\"}],\"inLanguage\":\"es-MX\"},{\"@type\":\"Organization\",\"@id\":\"https:\/\/compuviper.mx\/tienda\/#organization\",\"name\":\"Compuviper\",\"url\":\"https:\/\/compuviper.mx\/tienda\/\",\"logo\":{\"@type\":\"ImageObject\",\"inLanguage\":\"es-MX\",\"@id\":\"https:\/\/compuviper.mx\/tienda\/#\/schema\/logo\/image\/\",\"url\":\"https:\/\/compuviper.mx\/tienda\/wp-content\/uploads\/2021\/08\/Logo-Compuviper-10.png\",\"contentUrl\":\"https:\/\/compuviper.mx\/tienda\/wp-content\/uploads\/2021\/08\/Logo-Compuviper-10.png\",\"width\":1000,\"height\":500,\"caption\":\"Compuviper\"},\"image\":{\"@id\":\"https:\/\/compuviper.mx\/tienda\/#\/schema\/logo\/image\/\"},\"sameAs\":[\"https:\/\/www.facebook.com\/compuviper\",\"https:\/\/www.youtube.com\/channel\/UCf73dERp9Y3cfOq7q8BhLjA?view_as=subscriber\"]}]}<\/script>\n<meta property=\"product:brand\" content=\"CDP\" \/>\n<meta property=\"product:price:amount\" content=\"6389\" \/>\n<meta property=\"product:price:currency\" content=\"MXN\" \/>\n<meta property=\"og:availability\" content=\"instock\" \/>\n<meta property=\"product:availability\" content=\"instock\" \/>\n<meta property=\"product:retailer_item_id\" content=\"UPO11-1RT\" \/>\n<meta property=\"product:condition\" content=\"new\" \/>\n<!-- \/ Yoast SEO plugin. -->","yoast_head_json":{"title":"[ Cdp ] &#129351; Upo11-1rt Ups Online Torre\/rack De 1000va\/900w 8c","description":"Compra Upo11-1rt Ups Online Torre\/rack De 1000va\/900w 8c + Env\u00edo a domicilio + Pago seguro + Garant\u00eda","robots":{"index":"index","follow":"follow","max-snippet":"max-snippet:-1","max-image-preview":"max-image-preview:large","max-video-preview":"max-video-preview:-1"},"canonical":"https:\/\/compuviper.mx\/tienda\/producto\/cdp-upo11-1rt-ups-online-torre-rack-de-1000va-900w-8c\/","og_locale":"es_MX","og_type":"article","og_title":"[ Cdp ] &#129351; Upo11-1rt Ups Online Torre\/rack De 1000va\/900w 8c","og_description":"Compra Upo11-1rt Ups Online Torre\/rack De 1000va\/900w 8c + Env\u00edo a domicilio + Pago seguro + Garant\u00eda","og_url":"https:\/\/compuviper.mx\/tienda\/producto\/cdp-upo11-1rt-ups-online-torre-rack-de-1000va-900w-8c\/","og_site_name":"Compuviper","article_publisher":"https:\/\/www.facebook.com\/compuviper","og_image":[{"width":200,"height":200,"url":"https:\/\/compuviper.mx\/tienda\/wp-content\/uploads\/2023\/12\/Ups-online-cdp-1000va900w-upo11-1rt-torrerackdoble-conversion-8-terminales-nema-5-15rentrada-ac-puertos-rs-232-usbca-nema-5-15p.jpg","type":"image\/jpeg"}],"twitter_card":"summary_large_image","twitter_misc":{"Precio":"&#36;6,389 con IVA","Availability":"In stock"},"schema":{"@context":"https:\/\/schema.org","@graph":[{"@type":"WebPage","@id":"https:\/\/compuviper.mx\/tienda\/producto\/cdp-upo11-1rt-ups-online-torre-rack-de-1000va-900w-8c\/","url":"https:\/\/compuviper.mx\/tienda\/producto\/cdp-upo11-1rt-ups-online-torre-rack-de-1000va-900w-8c\/","name":"[ Cdp ] &#129351; Upo11-1rt Ups Online Torre\/rack De 1000va\/900w 8c","isPartOf":{"@id":"https:\/\/compuviper.mx\/tienda\/#website"},"datePublished":"2026-04-08T06:28:15+00:00","dateModified":"2026-04-08T06:28:15+00:00","description":"Compra Upo11-1rt Ups Online Torre\/rack De 1000va\/900w 8c + Env\u00edo a domicilio + Pago seguro + Garant\u00eda","breadcrumb":{"@id":"https:\/\/compuviper.mx\/tienda\/producto\/cdp-upo11-1rt-ups-online-torre-rack-de-1000va-900w-8c\/#breadcrumb"},"inLanguage":"es-MX","potentialAction":[{"@type":"ReadAction","target":["https:\/\/compuviper.mx\/tienda\/producto\/cdp-upo11-1rt-ups-online-torre-rack-de-1000va-900w-8c\/"]}]},{"@type":"BreadcrumbList","@id":"https:\/\/compuviper.mx\/tienda\/producto\/cdp-upo11-1rt-ups-online-torre-rack-de-1000va-900w-8c\/#breadcrumb","itemListElement":[{"@type":"ListItem","position":1,"name":"Inicio","item":"https:\/\/compuviper.mx\/tienda\/"},{"@type":"ListItem","position":2,"name":"Productos","item":"https:\/\/compuviper.mx\/tienda\/productos\/"},{"@type":"ListItem","position":3,"name":"Energia","item":"https:\/\/compuviper.mx\/tienda\/categoria-producto\/energia\/"},{"@type":"ListItem","position":4,"name":"No Break","item":"https:\/\/compuviper.mx\/tienda\/categoria-producto\/energia\/no-break\/"},{"@type":"ListItem","position":5,"name":"Cdp Upo11-1rt Ups Online Torre\/rack De 1000va\/900w 8c"}]},{"@type":"WebSite","@id":"https:\/\/compuviper.mx\/tienda\/#website","url":"https:\/\/compuviper.mx\/tienda\/","name":"Compuviper","description":"Proveedor de Computadoras, Laptops, Servidores, Monitores, Puntos de Venta, Teclados,   Impresoras, T\u00f3ner, C\u00e1maras de Seguridad y m\u00e1s en tu tienda en l\u00ednea","publisher":{"@id":"https:\/\/compuviper.mx\/tienda\/#organization"},"potentialAction":[{"@type":"SearchAction","target":{"@type":"EntryPoint","urlTemplate":"https:\/\/compuviper.mx\/tienda\/?s={search_term_string}"},"query-input":"required name=search_term_string"}],"inLanguage":"es-MX"},{"@type":"Organization","@id":"https:\/\/compuviper.mx\/tienda\/#organization","name":"Compuviper","url":"https:\/\/compuviper.mx\/tienda\/","logo":{"@type":"ImageObject","inLanguage":"es-MX","@id":"https:\/\/compuviper.mx\/tienda\/#\/schema\/logo\/image\/","url":"https:\/\/compuviper.mx\/tienda\/wp-content\/uploads\/2021\/08\/Logo-Compuviper-10.png","contentUrl":"https:\/\/compuviper.mx\/tienda\/wp-content\/uploads\/2021\/08\/Logo-Compuviper-10.png","width":1000,"height":500,"caption":"Compuviper"},"image":{"@id":"https:\/\/compuviper.mx\/tienda\/#\/schema\/logo\/image\/"},"sameAs":["https:\/\/www.facebook.com\/compuviper","https:\/\/www.youtube.com\/channel\/UCf73dERp9Y3cfOq7q8BhLjA?view_as=subscriber"]}]},"product_brand":"CDP","product_price_amount":"6389","product_price_currency":"MXN","og_availability":"instock","product_availability":"instock","product_retailer_item_id":"UPO11-1RT","product_condition":"new"},"_links":{"self":[{"href":"https:\/\/compuviper.mx\/tienda\/wp-json\/wp\/v2\/product\/217412"}],"collection":[{"href":"https:\/\/compuviper.mx\/tienda\/wp-json\/wp\/v2\/product"}],"about":[{"href":"https:\/\/compuviper.mx\/tienda\/wp-json\/wp\/v2\/types\/product"}],"replies":[{"embeddable":true,"href":"https:\/\/compuviper.mx\/tienda\/wp-json\/wp\/v2\/comments?post=217412"}],"wp:featuredmedia":[{"embeddable":true,"href":"https:\/\/compuviper.mx\/tienda\/wp-json\/wp\/v2\/media\/217413"}],"wp:attachment":[{"href":"https:\/\/compuviper.mx\/tienda\/wp-json\/wp\/v2\/media?parent=217412"}],"wp:term":[{"taxonomy":"product_cat","embeddable":true,"href":"https:\/\/compuviper.mx\/tienda\/wp-json\/wp\/v2\/product_cat?post=217412"},{"taxonomy":"product_tag","embeddable":true,"href":"https:\/\/compuviper.mx\/tienda\/wp-json\/wp\/v2\/product_tag?post=217412"}],"curies":[{"name":"wp","href":"https:\/\/api.w.org\/{rel}","templated":true}]}}