{"id":217402,"date":"2026-04-07T00:24:34","date_gmt":"2026-04-07T06:24:34","guid":{"rendered":"https:\/\/compuviper.mx\/tienda\/producto\/cdp-upo11-3-ups-online-3000va-2700w-torre-doble-conversion-4-contactos-nema-5-15r-o-5-20r-ca-nema-l5-30p\/"},"modified":"2026-04-07T00:24:34","modified_gmt":"2026-04-07T06:24:34","slug":"cdp-upo11-3-ups-online-torre-de-3000va-2700w-4cont","status":"publish","type":"product","link":"https:\/\/compuviper.mx\/tienda\/producto\/cdp-upo11-3-ups-online-torre-de-3000va-2700w-4cont\/","title":{"rendered":"Cdp Upo11-3 Ups Online  Torre De 3000va\/2700w 4cont"},"content":{"rendered":"<table class=\"descripcion\">\n<tr>\n<td>Upo11-3 potencia 3000 va \/ 2700 w<\/td>\n<\/tr>\n<tr>\n<td>Entrada 120 voltaje nominal<\/td>\n<\/tr>\n<tr>\n<td>Rango de voltaje  60vca-150 vca<\/td>\n<\/tr>\n<tr>\n<td>Rango de frecuencia  40hz-70hz<\/td>\n<\/tr>\n<tr>\n<td>Factor de pontencia  \/=0,99@voltaje nominal (plena carga)<\/td>\n<\/tr>\n<tr>\n<td>Salida<\/td>\n<\/tr>\n<tr>\n<td>Voltaje de salida 110\/115\/120\/127\/vca<\/td>\n<\/tr>\n<tr>\n<td>Regulacion de volt ac +\/-1%<\/td>\n<\/tr>\n<tr>\n<td>Rango de frecuencia modo bateria  50hz +\/-0.1 hz    60hz+\/0.1 hz<\/td>\n<\/tr>\n<tr>\n<td>Corriente de cresta 3:1<\/td>\n<\/tr>\n<tr>\n<td>Sobre carga 100%-110: alarma 110\/130:modo bateria: el ups se apaga en 30 segundos \/ modo normal= el ups transfiere a modo bypass cuando la electricidad es normal; 130% modo bateria= el ups se apaga de inmediato \/ modo normal= el ups trasnfiere a modo bypass cuando la electricidad es normal.<\/td>\n<\/tr>\n<tr>\n<td>Disistorcion armonica  \/=% thd (cargas lineales  \/=6%thd (cargas no lineales)<\/td>\n<\/tr>\n<tr>\n<td>Tiempo de trasnferencia  modo ac modo bateria cero<\/td>\n<\/tr>\n<tr>\n<td>Tipo de onda (modo bat) senoidal pura<\/td>\n<\/tr>\n<tr>\n<td>Eficiencia<\/td>\n<\/tr>\n<tr>\n<td>Modo ac   90%<\/td>\n<\/tr>\n<tr>\n<td>Modo eco  88%<\/td>\n<\/tr>\n<tr>\n<td>Bateria<\/td>\n<\/tr>\n<tr>\n<td>Tipo\/ cantidad bateria 12v\/9hx6<\/td>\n<\/tr>\n<tr>\n<td>Tiempo de recarga   4 horas para recuperar el 90%de su capacidad(tipico)<\/td>\n<\/tr>\n<tr>\n<td>Corriente de carga 82,1 vdc +\/-1%<\/td>\n<\/tr>\n<tr>\n<td>Voltaje de carga full carga 4 minutos \/ media carga 9 minutos.<\/td>\n<\/tr>\n<tr>\n<td>Tiempo de autonomia. para usar el banco de baterias externo la unidad no puede exceder el 80% de su carga y solamente se puede agregar 1 banco de baterias externa.<\/td>\n<\/tr>\n<tr>\n<td>Fisica<\/td>\n<\/tr>\n<tr>\n<td>Dimensiones (largoxaltoxprofundo)  190x318x421 mm<\/td>\n<\/tr>\n<tr>\n<td>Peso neto   27,6 kg<\/td>\n<\/tr>\n<tr>\n<td>Ambientales<\/td>\n<\/tr>\n<tr>\n<td>Humedad               20-90% rh @ 0-45 c (sin condensacion)<\/td>\n<\/tr>\n<tr>\n<td>Nivel de ruido      menor a 50dba @ 1 metro<\/td>\n<\/tr>\n<tr>\n<td>Control<\/td>\n<\/tr>\n<tr>\n<td>Smart rs232 o usb  soporta windows 2000 \/ 2003 \/ \/ 2008 \/ 7,8,10 linux y mac.<\/td>\n<\/tr>\n<tr>\n<td>Opcional snmp  control y mando para snmp y web broser ( mediante snmp interna o snmpdb9)<\/td>\n<\/tr>\n<\/table>\n","protected":false},"excerpt":{"rendered":"<p>Upo11-3 kva. La serie upo11 provee avanzada tecnolog\u00eda 100% en l\u00ednea de doble conversi\u00f3n. Los transistores de compuerta aislada bipolares (igbt) brindan aislamiento real de el voltaje de entrada. Son ideales para centros de datos, equipos de laboratorio y aplicaciones industriales. Ciertos modelos brindan tiempo de respaldo extendido a trav\u00e9s de bancos de bater\u00eda externos<\/p>\n","protected":false},"featured_media":217403,"comment_status":"open","ping_status":"open","template":"","meta":[],"product_cat":[1508,1691],"product_tag":[1693],"acf":[],"yoast_head":"<!-- This site is optimized with the Yoast SEO plugin v21.7 - https:\/\/yoast.com\/wordpress\/plugins\/seo\/ -->\n<title>[ Cdp ] &#129351; Upo11-3 Ups Online Torre De 3000va\/2700w 4cont<\/title>\n<meta name=\"description\" content=\"Compra Upo11-3 Ups Online Torre De 3000va\/2700w 4cont + Env\u00edo a domicilio + Pago seguro + Garant\u00eda\" \/>\n<meta name=\"robots\" content=\"index, follow, max-snippet:-1, max-image-preview:large, max-video-preview:-1\" \/>\n<link rel=\"canonical\" href=\"https:\/\/compuviper.mx\/tienda\/producto\/cdp-upo11-3-ups-online-torre-de-3000va-2700w-4cont\/\" \/>\n<meta property=\"og:locale\" content=\"es_MX\" \/>\n<meta property=\"og:type\" content=\"article\" \/>\n<meta property=\"og:title\" content=\"[ Cdp ] &#129351; Upo11-3 Ups Online Torre De 3000va\/2700w 4cont\" \/>\n<meta property=\"og:description\" content=\"Compra Upo11-3 Ups Online Torre De 3000va\/2700w 4cont + Env\u00edo a domicilio + Pago seguro + Garant\u00eda\" \/>\n<meta property=\"og:url\" content=\"https:\/\/compuviper.mx\/tienda\/producto\/cdp-upo11-3-ups-online-torre-de-3000va-2700w-4cont\/\" \/>\n<meta property=\"og:site_name\" content=\"Compuviper\" \/>\n<meta property=\"article:publisher\" content=\"https:\/\/www.facebook.com\/compuviper\" \/>\n<meta property=\"og:image\" content=\"https:\/\/compuviper.mx\/tienda\/wp-content\/uploads\/2023\/12\/Ups-online-cdp-3000va2700w-upo11-3-torredoble-conversion4-contactos-nema-5-15r-o-5-20rca-nema-l5-30p.jpg\" \/>\n\t<meta property=\"og:image:width\" content=\"200\" \/>\n\t<meta property=\"og:image:height\" content=\"200\" \/>\n\t<meta property=\"og:image:type\" content=\"image\/jpeg\" \/>\n<meta name=\"twitter:card\" content=\"summary_large_image\" \/>\n<meta name=\"twitter:label1\" content=\"Precio\" \/>\n\t<meta name=\"twitter:data1\" content=\"&#36;15,128 con IVA\" \/>\n\t<meta name=\"twitter:label2\" content=\"Availability\" \/>\n\t<meta name=\"twitter:data2\" content=\"In stock\" \/>\n<script type=\"application\/ld+json\" class=\"yoast-schema-graph\">{\"@context\":\"https:\/\/schema.org\",\"@graph\":[{\"@type\":\"WebPage\",\"@id\":\"https:\/\/compuviper.mx\/tienda\/producto\/cdp-upo11-3-ups-online-torre-de-3000va-2700w-4cont\/\",\"url\":\"https:\/\/compuviper.mx\/tienda\/producto\/cdp-upo11-3-ups-online-torre-de-3000va-2700w-4cont\/\",\"name\":\"[ Cdp ] &#129351; Upo11-3 Ups Online Torre De 3000va\/2700w 4cont\",\"isPartOf\":{\"@id\":\"https:\/\/compuviper.mx\/tienda\/#website\"},\"datePublished\":\"2026-04-07T06:24:34+00:00\",\"dateModified\":\"2026-04-07T06:24:34+00:00\",\"description\":\"Compra Upo11-3 Ups Online Torre De 3000va\/2700w 4cont + Env\u00edo a domicilio + Pago seguro + Garant\u00eda\",\"breadcrumb\":{\"@id\":\"https:\/\/compuviper.mx\/tienda\/producto\/cdp-upo11-3-ups-online-torre-de-3000va-2700w-4cont\/#breadcrumb\"},\"inLanguage\":\"es-MX\",\"potentialAction\":[{\"@type\":\"ReadAction\",\"target\":[\"https:\/\/compuviper.mx\/tienda\/producto\/cdp-upo11-3-ups-online-torre-de-3000va-2700w-4cont\/\"]}]},{\"@type\":\"BreadcrumbList\",\"@id\":\"https:\/\/compuviper.mx\/tienda\/producto\/cdp-upo11-3-ups-online-torre-de-3000va-2700w-4cont\/#breadcrumb\",\"itemListElement\":[{\"@type\":\"ListItem\",\"position\":1,\"name\":\"Inicio\",\"item\":\"https:\/\/compuviper.mx\/tienda\/\"},{\"@type\":\"ListItem\",\"position\":2,\"name\":\"Productos\",\"item\":\"https:\/\/compuviper.mx\/tienda\/productos\/\"},{\"@type\":\"ListItem\",\"position\":3,\"name\":\"Energia\",\"item\":\"https:\/\/compuviper.mx\/tienda\/categoria-producto\/energia\/\"},{\"@type\":\"ListItem\",\"position\":4,\"name\":\"No Break\",\"item\":\"https:\/\/compuviper.mx\/tienda\/categoria-producto\/energia\/no-break\/\"},{\"@type\":\"ListItem\",\"position\":5,\"name\":\"Cdp Upo11-3 Ups Online Torre De 3000va\/2700w 4cont\"}]},{\"@type\":\"WebSite\",\"@id\":\"https:\/\/compuviper.mx\/tienda\/#website\",\"url\":\"https:\/\/compuviper.mx\/tienda\/\",\"name\":\"Compuviper\",\"description\":\"Proveedor de Computadoras, Laptops, Servidores, Monitores, Puntos de Venta, Teclados,   Impresoras, T\u00f3ner, C\u00e1maras de Seguridad y m\u00e1s en tu tienda en l\u00ednea\",\"publisher\":{\"@id\":\"https:\/\/compuviper.mx\/tienda\/#organization\"},\"potentialAction\":[{\"@type\":\"SearchAction\",\"target\":{\"@type\":\"EntryPoint\",\"urlTemplate\":\"https:\/\/compuviper.mx\/tienda\/?s={search_term_string}\"},\"query-input\":\"required name=search_term_string\"}],\"inLanguage\":\"es-MX\"},{\"@type\":\"Organization\",\"@id\":\"https:\/\/compuviper.mx\/tienda\/#organization\",\"name\":\"Compuviper\",\"url\":\"https:\/\/compuviper.mx\/tienda\/\",\"logo\":{\"@type\":\"ImageObject\",\"inLanguage\":\"es-MX\",\"@id\":\"https:\/\/compuviper.mx\/tienda\/#\/schema\/logo\/image\/\",\"url\":\"https:\/\/compuviper.mx\/tienda\/wp-content\/uploads\/2021\/08\/Logo-Compuviper-10.png\",\"contentUrl\":\"https:\/\/compuviper.mx\/tienda\/wp-content\/uploads\/2021\/08\/Logo-Compuviper-10.png\",\"width\":1000,\"height\":500,\"caption\":\"Compuviper\"},\"image\":{\"@id\":\"https:\/\/compuviper.mx\/tienda\/#\/schema\/logo\/image\/\"},\"sameAs\":[\"https:\/\/www.facebook.com\/compuviper\",\"https:\/\/www.youtube.com\/channel\/UCf73dERp9Y3cfOq7q8BhLjA?view_as=subscriber\"]}]}<\/script>\n<meta property=\"product:brand\" content=\"CDP\" \/>\n<meta property=\"product:price:amount\" content=\"15128\" \/>\n<meta property=\"product:price:currency\" content=\"MXN\" \/>\n<meta property=\"og:availability\" content=\"instock\" \/>\n<meta property=\"product:availability\" content=\"instock\" \/>\n<meta property=\"product:retailer_item_id\" content=\"UPO11-3\" \/>\n<meta property=\"product:condition\" content=\"new\" \/>\n<!-- \/ Yoast SEO plugin. -->","yoast_head_json":{"title":"[ Cdp ] &#129351; Upo11-3 Ups Online Torre De 3000va\/2700w 4cont","description":"Compra Upo11-3 Ups Online Torre De 3000va\/2700w 4cont + Env\u00edo a domicilio + Pago seguro + Garant\u00eda","robots":{"index":"index","follow":"follow","max-snippet":"max-snippet:-1","max-image-preview":"max-image-preview:large","max-video-preview":"max-video-preview:-1"},"canonical":"https:\/\/compuviper.mx\/tienda\/producto\/cdp-upo11-3-ups-online-torre-de-3000va-2700w-4cont\/","og_locale":"es_MX","og_type":"article","og_title":"[ Cdp ] &#129351; Upo11-3 Ups Online Torre De 3000va\/2700w 4cont","og_description":"Compra Upo11-3 Ups Online Torre De 3000va\/2700w 4cont + Env\u00edo a domicilio + Pago seguro + Garant\u00eda","og_url":"https:\/\/compuviper.mx\/tienda\/producto\/cdp-upo11-3-ups-online-torre-de-3000va-2700w-4cont\/","og_site_name":"Compuviper","article_publisher":"https:\/\/www.facebook.com\/compuviper","og_image":[{"width":200,"height":200,"url":"https:\/\/compuviper.mx\/tienda\/wp-content\/uploads\/2023\/12\/Ups-online-cdp-3000va2700w-upo11-3-torredoble-conversion4-contactos-nema-5-15r-o-5-20rca-nema-l5-30p.jpg","type":"image\/jpeg"}],"twitter_card":"summary_large_image","twitter_misc":{"Precio":"&#36;15,128 con IVA","Availability":"In stock"},"schema":{"@context":"https:\/\/schema.org","@graph":[{"@type":"WebPage","@id":"https:\/\/compuviper.mx\/tienda\/producto\/cdp-upo11-3-ups-online-torre-de-3000va-2700w-4cont\/","url":"https:\/\/compuviper.mx\/tienda\/producto\/cdp-upo11-3-ups-online-torre-de-3000va-2700w-4cont\/","name":"[ Cdp ] &#129351; Upo11-3 Ups Online Torre De 3000va\/2700w 4cont","isPartOf":{"@id":"https:\/\/compuviper.mx\/tienda\/#website"},"datePublished":"2026-04-07T06:24:34+00:00","dateModified":"2026-04-07T06:24:34+00:00","description":"Compra Upo11-3 Ups Online Torre De 3000va\/2700w 4cont + Env\u00edo a domicilio + Pago seguro + Garant\u00eda","breadcrumb":{"@id":"https:\/\/compuviper.mx\/tienda\/producto\/cdp-upo11-3-ups-online-torre-de-3000va-2700w-4cont\/#breadcrumb"},"inLanguage":"es-MX","potentialAction":[{"@type":"ReadAction","target":["https:\/\/compuviper.mx\/tienda\/producto\/cdp-upo11-3-ups-online-torre-de-3000va-2700w-4cont\/"]}]},{"@type":"BreadcrumbList","@id":"https:\/\/compuviper.mx\/tienda\/producto\/cdp-upo11-3-ups-online-torre-de-3000va-2700w-4cont\/#breadcrumb","itemListElement":[{"@type":"ListItem","position":1,"name":"Inicio","item":"https:\/\/compuviper.mx\/tienda\/"},{"@type":"ListItem","position":2,"name":"Productos","item":"https:\/\/compuviper.mx\/tienda\/productos\/"},{"@type":"ListItem","position":3,"name":"Energia","item":"https:\/\/compuviper.mx\/tienda\/categoria-producto\/energia\/"},{"@type":"ListItem","position":4,"name":"No Break","item":"https:\/\/compuviper.mx\/tienda\/categoria-producto\/energia\/no-break\/"},{"@type":"ListItem","position":5,"name":"Cdp Upo11-3 Ups Online Torre De 3000va\/2700w 4cont"}]},{"@type":"WebSite","@id":"https:\/\/compuviper.mx\/tienda\/#website","url":"https:\/\/compuviper.mx\/tienda\/","name":"Compuviper","description":"Proveedor de Computadoras, Laptops, Servidores, Monitores, Puntos de Venta, Teclados,   Impresoras, T\u00f3ner, C\u00e1maras de Seguridad y m\u00e1s en tu tienda en l\u00ednea","publisher":{"@id":"https:\/\/compuviper.mx\/tienda\/#organization"},"potentialAction":[{"@type":"SearchAction","target":{"@type":"EntryPoint","urlTemplate":"https:\/\/compuviper.mx\/tienda\/?s={search_term_string}"},"query-input":"required name=search_term_string"}],"inLanguage":"es-MX"},{"@type":"Organization","@id":"https:\/\/compuviper.mx\/tienda\/#organization","name":"Compuviper","url":"https:\/\/compuviper.mx\/tienda\/","logo":{"@type":"ImageObject","inLanguage":"es-MX","@id":"https:\/\/compuviper.mx\/tienda\/#\/schema\/logo\/image\/","url":"https:\/\/compuviper.mx\/tienda\/wp-content\/uploads\/2021\/08\/Logo-Compuviper-10.png","contentUrl":"https:\/\/compuviper.mx\/tienda\/wp-content\/uploads\/2021\/08\/Logo-Compuviper-10.png","width":1000,"height":500,"caption":"Compuviper"},"image":{"@id":"https:\/\/compuviper.mx\/tienda\/#\/schema\/logo\/image\/"},"sameAs":["https:\/\/www.facebook.com\/compuviper","https:\/\/www.youtube.com\/channel\/UCf73dERp9Y3cfOq7q8BhLjA?view_as=subscriber"]}]},"product_brand":"CDP","product_price_amount":"15128","product_price_currency":"MXN","og_availability":"instock","product_availability":"instock","product_retailer_item_id":"UPO11-3","product_condition":"new"},"_links":{"self":[{"href":"https:\/\/compuviper.mx\/tienda\/wp-json\/wp\/v2\/product\/217402"}],"collection":[{"href":"https:\/\/compuviper.mx\/tienda\/wp-json\/wp\/v2\/product"}],"about":[{"href":"https:\/\/compuviper.mx\/tienda\/wp-json\/wp\/v2\/types\/product"}],"replies":[{"embeddable":true,"href":"https:\/\/compuviper.mx\/tienda\/wp-json\/wp\/v2\/comments?post=217402"}],"wp:featuredmedia":[{"embeddable":true,"href":"https:\/\/compuviper.mx\/tienda\/wp-json\/wp\/v2\/media\/217403"}],"wp:attachment":[{"href":"https:\/\/compuviper.mx\/tienda\/wp-json\/wp\/v2\/media?parent=217402"}],"wp:term":[{"taxonomy":"product_cat","embeddable":true,"href":"https:\/\/compuviper.mx\/tienda\/wp-json\/wp\/v2\/product_cat?post=217402"},{"taxonomy":"product_tag","embeddable":true,"href":"https:\/\/compuviper.mx\/tienda\/wp-json\/wp\/v2\/product_tag?post=217402"}],"curies":[{"name":"wp","href":"https:\/\/api.w.org\/{rel}","templated":true}]}}