{"id":217396,"date":"2026-04-08T00:28:09","date_gmt":"2026-04-08T06:28:09","guid":{"rendered":"https:\/\/compuviper.mx\/tienda\/producto\/cdp-upo11-1-ups-online-1000va-900w-torre-4-terminales-salida-nema-5-15r-ca-nema-5-15p\/"},"modified":"2026-04-08T00:28:10","modified_gmt":"2026-04-08T06:28:10","slug":"cdp-upo11-1-ups-online-torre-de-1000va-900w-4cont","status":"publish","type":"product","link":"https:\/\/compuviper.mx\/tienda\/producto\/cdp-upo11-1-ups-online-torre-de-1000va-900w-4cont\/","title":{"rendered":"Cdp Upo11-1 Ups Online  Torre De 1000va\/900w 4cont"},"content":{"rendered":"<table class=\"descripcion\">\n<tr>\n<td>1000 va \/ 900w<\/td>\n<\/tr>\n<tr>\n<td>Enratada  120 vca voltaje nomimal.<\/td>\n<\/tr>\n<tr>\n<td>Rango de voltaje 60vca-150vca<\/td>\n<\/tr>\n<tr>\n<td>Rango de frecuencia 40hz-70hz.<\/td>\n<\/tr>\n<tr>\n<td>Factores de potencia  \/=0,99@voltaje nominal (plena carga)<\/td>\n<\/tr>\n<tr>\n<td>Salida<\/td>\n<\/tr>\n<tr>\n<td>Voltaje de salida 110\/115\/120\/127\/vca<\/td>\n<\/tr>\n<tr>\n<td>Regulacion volt ac.  +\/-1%<\/td>\n<\/tr>\n<tr>\n<td>Rango de frecuencia modo bateria 50hz+\/0.1 hz    60 hz+\/-0.1 hz<\/td>\n<\/tr>\n<tr>\n<td>Corriente de cresta     3:1<\/td>\n<\/tr>\n<tr>\n<td>Sobrecarga     100%-110;alarma 110\/130:modo bateria el ups se apagara en 30 segundos \/modo normal<\/td>\n<\/tr>\n<tr>\n<td>Tecnologia on line\/ onda senoidal.<\/td>\n<\/tr>\n<tr>\n<td>Capacidad 1000 va\/ 900 w.<\/td>\n<\/tr>\n<tr>\n<td>Rango de voltaje entrada 60 a 150 vca.<\/td>\n<\/tr>\n<tr>\n<td>Voltaje de bateria  24 vcd<\/td>\n<\/tr>\n<tr>\n<td>Respaldo  tiempo de respaldo 4 minutos a plena carga y 9 minutos a media carga.<\/td>\n<\/tr>\n<tr>\n<td>Tipo de baterias 12\/9ah\/ 2<\/td>\n<\/tr>\n<tr>\n<td>Banco de bateria externos solo 1 gabinete.<\/td>\n<\/tr>\n<tr>\n<td>Contactos administrables   no<\/td>\n<\/tr>\n<tr>\n<td>Protector de picos para red\/ network\/fax\/modem   no<\/td>\n<\/tr>\n<tr>\n<td>Apagado de emergencia  no<\/td>\n<\/tr>\n<tr>\n<td>Dimensiones  largo-alto-profundida  145x225x285 (mm)<\/td>\n<\/tr>\n<tr>\n<td>Peso    9.8kg<\/td>\n<\/tr>\n<tr>\n<td>Sistema de enfriamento por disparadores<\/td>\n<\/tr>\n<\/table>\n","protected":false},"excerpt":{"rendered":"<p>La serie upo11 provee avanzada tecnolog\u00eda 100% en l\u00ednea de doble conversi\u00f3n. Los transistores de compuerta aislada bipolares (igbt) brindan aislamiento real de el voltaje de entrada. Son ideales para centros de datos, equipos de laboratorio y aplicaciones industriales. Brindan tiempo de respaldo extendido a trav\u00e9s de bancos de bater\u00eda externos.<\/p>\n","protected":false},"featured_media":217397,"comment_status":"open","ping_status":"open","template":"","meta":[],"product_cat":[1508,1691],"product_tag":[1693],"acf":[],"yoast_head":"<!-- This site is optimized with the Yoast SEO plugin v21.7 - https:\/\/yoast.com\/wordpress\/plugins\/seo\/ -->\n<title>[ Cdp ] &#129351; Upo11-1 Ups Online Torre De 1000va\/900w 4cont<\/title>\n<meta name=\"description\" content=\"Compra Upo11-1 Ups Online Torre De 1000va\/900w 4cont + Env\u00edo a domicilio + Pago seguro + Garant\u00eda\" \/>\n<meta name=\"robots\" content=\"index, follow, max-snippet:-1, max-image-preview:large, max-video-preview:-1\" \/>\n<link rel=\"canonical\" href=\"https:\/\/compuviper.mx\/tienda\/producto\/cdp-upo11-1-ups-online-torre-de-1000va-900w-4cont\/\" \/>\n<meta property=\"og:locale\" content=\"es_MX\" \/>\n<meta property=\"og:type\" content=\"article\" \/>\n<meta property=\"og:title\" content=\"[ Cdp ] &#129351; Upo11-1 Ups Online Torre De 1000va\/900w 4cont\" \/>\n<meta property=\"og:description\" content=\"Compra Upo11-1 Ups Online Torre De 1000va\/900w 4cont + Env\u00edo a domicilio + Pago seguro + Garant\u00eda\" \/>\n<meta property=\"og:url\" content=\"https:\/\/compuviper.mx\/tienda\/producto\/cdp-upo11-1-ups-online-torre-de-1000va-900w-4cont\/\" \/>\n<meta property=\"og:site_name\" content=\"Compuviper\" \/>\n<meta property=\"article:publisher\" content=\"https:\/\/www.facebook.com\/compuviper\" \/>\n<meta property=\"article:modified_time\" content=\"2026-04-08T06:28:10+00:00\" \/>\n<meta property=\"og:image\" content=\"https:\/\/compuviper.mx\/tienda\/wp-content\/uploads\/2023\/12\/Ups-online-cdp-1000va900w-upo11-1-torre4-terminales-salida-nema-5-15rca-nema-5-15p.jpg\" \/>\n\t<meta property=\"og:image:width\" content=\"200\" \/>\n\t<meta property=\"og:image:height\" content=\"200\" \/>\n\t<meta property=\"og:image:type\" content=\"image\/jpeg\" \/>\n<meta name=\"twitter:card\" content=\"summary_large_image\" \/>\n<meta name=\"twitter:label1\" content=\"Precio\" \/>\n\t<meta name=\"twitter:data1\" content=\"&#36;7,040 con IVA\" \/>\n\t<meta name=\"twitter:label2\" content=\"Availability\" \/>\n\t<meta name=\"twitter:data2\" content=\"In stock\" \/>\n<script type=\"application\/ld+json\" class=\"yoast-schema-graph\">{\"@context\":\"https:\/\/schema.org\",\"@graph\":[{\"@type\":\"WebPage\",\"@id\":\"https:\/\/compuviper.mx\/tienda\/producto\/cdp-upo11-1-ups-online-torre-de-1000va-900w-4cont\/\",\"url\":\"https:\/\/compuviper.mx\/tienda\/producto\/cdp-upo11-1-ups-online-torre-de-1000va-900w-4cont\/\",\"name\":\"[ Cdp ] &#129351; Upo11-1 Ups Online Torre De 1000va\/900w 4cont\",\"isPartOf\":{\"@id\":\"https:\/\/compuviper.mx\/tienda\/#website\"},\"datePublished\":\"2026-04-08T06:28:09+00:00\",\"dateModified\":\"2026-04-08T06:28:10+00:00\",\"description\":\"Compra Upo11-1 Ups Online Torre De 1000va\/900w 4cont + Env\u00edo a domicilio + Pago seguro + Garant\u00eda\",\"breadcrumb\":{\"@id\":\"https:\/\/compuviper.mx\/tienda\/producto\/cdp-upo11-1-ups-online-torre-de-1000va-900w-4cont\/#breadcrumb\"},\"inLanguage\":\"es-MX\",\"potentialAction\":[{\"@type\":\"ReadAction\",\"target\":[\"https:\/\/compuviper.mx\/tienda\/producto\/cdp-upo11-1-ups-online-torre-de-1000va-900w-4cont\/\"]}]},{\"@type\":\"BreadcrumbList\",\"@id\":\"https:\/\/compuviper.mx\/tienda\/producto\/cdp-upo11-1-ups-online-torre-de-1000va-900w-4cont\/#breadcrumb\",\"itemListElement\":[{\"@type\":\"ListItem\",\"position\":1,\"name\":\"Inicio\",\"item\":\"https:\/\/compuviper.mx\/tienda\/\"},{\"@type\":\"ListItem\",\"position\":2,\"name\":\"Productos\",\"item\":\"https:\/\/compuviper.mx\/tienda\/productos\/\"},{\"@type\":\"ListItem\",\"position\":3,\"name\":\"Energia\",\"item\":\"https:\/\/compuviper.mx\/tienda\/categoria-producto\/energia\/\"},{\"@type\":\"ListItem\",\"position\":4,\"name\":\"No Break\",\"item\":\"https:\/\/compuviper.mx\/tienda\/categoria-producto\/energia\/no-break\/\"},{\"@type\":\"ListItem\",\"position\":5,\"name\":\"Cdp Upo11-1 Ups Online Torre De 1000va\/900w 4cont\"}]},{\"@type\":\"WebSite\",\"@id\":\"https:\/\/compuviper.mx\/tienda\/#website\",\"url\":\"https:\/\/compuviper.mx\/tienda\/\",\"name\":\"Compuviper\",\"description\":\"Proveedor de Computadoras, Laptops, Servidores, Monitores, Puntos de Venta, Teclados,   Impresoras, T\u00f3ner, C\u00e1maras de Seguridad y m\u00e1s en tu tienda en l\u00ednea\",\"publisher\":{\"@id\":\"https:\/\/compuviper.mx\/tienda\/#organization\"},\"potentialAction\":[{\"@type\":\"SearchAction\",\"target\":{\"@type\":\"EntryPoint\",\"urlTemplate\":\"https:\/\/compuviper.mx\/tienda\/?s={search_term_string}\"},\"query-input\":\"required name=search_term_string\"}],\"inLanguage\":\"es-MX\"},{\"@type\":\"Organization\",\"@id\":\"https:\/\/compuviper.mx\/tienda\/#organization\",\"name\":\"Compuviper\",\"url\":\"https:\/\/compuviper.mx\/tienda\/\",\"logo\":{\"@type\":\"ImageObject\",\"inLanguage\":\"es-MX\",\"@id\":\"https:\/\/compuviper.mx\/tienda\/#\/schema\/logo\/image\/\",\"url\":\"https:\/\/compuviper.mx\/tienda\/wp-content\/uploads\/2021\/08\/Logo-Compuviper-10.png\",\"contentUrl\":\"https:\/\/compuviper.mx\/tienda\/wp-content\/uploads\/2021\/08\/Logo-Compuviper-10.png\",\"width\":1000,\"height\":500,\"caption\":\"Compuviper\"},\"image\":{\"@id\":\"https:\/\/compuviper.mx\/tienda\/#\/schema\/logo\/image\/\"},\"sameAs\":[\"https:\/\/www.facebook.com\/compuviper\",\"https:\/\/www.youtube.com\/channel\/UCf73dERp9Y3cfOq7q8BhLjA?view_as=subscriber\"]}]}<\/script>\n<meta property=\"product:brand\" content=\"CDP\" \/>\n<meta property=\"product:price:amount\" content=\"7040\" \/>\n<meta property=\"product:price:currency\" content=\"MXN\" \/>\n<meta property=\"og:availability\" content=\"instock\" \/>\n<meta property=\"product:availability\" content=\"instock\" \/>\n<meta property=\"product:retailer_item_id\" content=\"UPO11-1\" \/>\n<meta property=\"product:condition\" content=\"new\" \/>\n<!-- \/ Yoast SEO plugin. -->","yoast_head_json":{"title":"[ Cdp ] &#129351; Upo11-1 Ups Online Torre De 1000va\/900w 4cont","description":"Compra Upo11-1 Ups Online Torre De 1000va\/900w 4cont + Env\u00edo a domicilio + Pago seguro + Garant\u00eda","robots":{"index":"index","follow":"follow","max-snippet":"max-snippet:-1","max-image-preview":"max-image-preview:large","max-video-preview":"max-video-preview:-1"},"canonical":"https:\/\/compuviper.mx\/tienda\/producto\/cdp-upo11-1-ups-online-torre-de-1000va-900w-4cont\/","og_locale":"es_MX","og_type":"article","og_title":"[ Cdp ] &#129351; Upo11-1 Ups Online Torre De 1000va\/900w 4cont","og_description":"Compra Upo11-1 Ups Online Torre De 1000va\/900w 4cont + Env\u00edo a domicilio + Pago seguro + Garant\u00eda","og_url":"https:\/\/compuviper.mx\/tienda\/producto\/cdp-upo11-1-ups-online-torre-de-1000va-900w-4cont\/","og_site_name":"Compuviper","article_publisher":"https:\/\/www.facebook.com\/compuviper","article_modified_time":"2026-04-08T06:28:10+00:00","og_image":[{"width":200,"height":200,"url":"https:\/\/compuviper.mx\/tienda\/wp-content\/uploads\/2023\/12\/Ups-online-cdp-1000va900w-upo11-1-torre4-terminales-salida-nema-5-15rca-nema-5-15p.jpg","type":"image\/jpeg"}],"twitter_card":"summary_large_image","twitter_misc":{"Precio":"&#36;7,040 con IVA","Availability":"In stock"},"schema":{"@context":"https:\/\/schema.org","@graph":[{"@type":"WebPage","@id":"https:\/\/compuviper.mx\/tienda\/producto\/cdp-upo11-1-ups-online-torre-de-1000va-900w-4cont\/","url":"https:\/\/compuviper.mx\/tienda\/producto\/cdp-upo11-1-ups-online-torre-de-1000va-900w-4cont\/","name":"[ Cdp ] &#129351; Upo11-1 Ups Online Torre De 1000va\/900w 4cont","isPartOf":{"@id":"https:\/\/compuviper.mx\/tienda\/#website"},"datePublished":"2026-04-08T06:28:09+00:00","dateModified":"2026-04-08T06:28:10+00:00","description":"Compra Upo11-1 Ups Online Torre De 1000va\/900w 4cont + Env\u00edo a domicilio + Pago seguro + Garant\u00eda","breadcrumb":{"@id":"https:\/\/compuviper.mx\/tienda\/producto\/cdp-upo11-1-ups-online-torre-de-1000va-900w-4cont\/#breadcrumb"},"inLanguage":"es-MX","potentialAction":[{"@type":"ReadAction","target":["https:\/\/compuviper.mx\/tienda\/producto\/cdp-upo11-1-ups-online-torre-de-1000va-900w-4cont\/"]}]},{"@type":"BreadcrumbList","@id":"https:\/\/compuviper.mx\/tienda\/producto\/cdp-upo11-1-ups-online-torre-de-1000va-900w-4cont\/#breadcrumb","itemListElement":[{"@type":"ListItem","position":1,"name":"Inicio","item":"https:\/\/compuviper.mx\/tienda\/"},{"@type":"ListItem","position":2,"name":"Productos","item":"https:\/\/compuviper.mx\/tienda\/productos\/"},{"@type":"ListItem","position":3,"name":"Energia","item":"https:\/\/compuviper.mx\/tienda\/categoria-producto\/energia\/"},{"@type":"ListItem","position":4,"name":"No Break","item":"https:\/\/compuviper.mx\/tienda\/categoria-producto\/energia\/no-break\/"},{"@type":"ListItem","position":5,"name":"Cdp Upo11-1 Ups Online Torre De 1000va\/900w 4cont"}]},{"@type":"WebSite","@id":"https:\/\/compuviper.mx\/tienda\/#website","url":"https:\/\/compuviper.mx\/tienda\/","name":"Compuviper","description":"Proveedor de Computadoras, Laptops, Servidores, Monitores, Puntos de Venta, Teclados,   Impresoras, T\u00f3ner, C\u00e1maras de Seguridad y m\u00e1s en tu tienda en l\u00ednea","publisher":{"@id":"https:\/\/compuviper.mx\/tienda\/#organization"},"potentialAction":[{"@type":"SearchAction","target":{"@type":"EntryPoint","urlTemplate":"https:\/\/compuviper.mx\/tienda\/?s={search_term_string}"},"query-input":"required name=search_term_string"}],"inLanguage":"es-MX"},{"@type":"Organization","@id":"https:\/\/compuviper.mx\/tienda\/#organization","name":"Compuviper","url":"https:\/\/compuviper.mx\/tienda\/","logo":{"@type":"ImageObject","inLanguage":"es-MX","@id":"https:\/\/compuviper.mx\/tienda\/#\/schema\/logo\/image\/","url":"https:\/\/compuviper.mx\/tienda\/wp-content\/uploads\/2021\/08\/Logo-Compuviper-10.png","contentUrl":"https:\/\/compuviper.mx\/tienda\/wp-content\/uploads\/2021\/08\/Logo-Compuviper-10.png","width":1000,"height":500,"caption":"Compuviper"},"image":{"@id":"https:\/\/compuviper.mx\/tienda\/#\/schema\/logo\/image\/"},"sameAs":["https:\/\/www.facebook.com\/compuviper","https:\/\/www.youtube.com\/channel\/UCf73dERp9Y3cfOq7q8BhLjA?view_as=subscriber"]}]},"product_brand":"CDP","product_price_amount":"7040","product_price_currency":"MXN","og_availability":"instock","product_availability":"instock","product_retailer_item_id":"UPO11-1","product_condition":"new"},"_links":{"self":[{"href":"https:\/\/compuviper.mx\/tienda\/wp-json\/wp\/v2\/product\/217396"}],"collection":[{"href":"https:\/\/compuviper.mx\/tienda\/wp-json\/wp\/v2\/product"}],"about":[{"href":"https:\/\/compuviper.mx\/tienda\/wp-json\/wp\/v2\/types\/product"}],"replies":[{"embeddable":true,"href":"https:\/\/compuviper.mx\/tienda\/wp-json\/wp\/v2\/comments?post=217396"}],"wp:featuredmedia":[{"embeddable":true,"href":"https:\/\/compuviper.mx\/tienda\/wp-json\/wp\/v2\/media\/217397"}],"wp:attachment":[{"href":"https:\/\/compuviper.mx\/tienda\/wp-json\/wp\/v2\/media?parent=217396"}],"wp:term":[{"taxonomy":"product_cat","embeddable":true,"href":"https:\/\/compuviper.mx\/tienda\/wp-json\/wp\/v2\/product_cat?post=217396"},{"taxonomy":"product_tag","embeddable":true,"href":"https:\/\/compuviper.mx\/tienda\/wp-json\/wp\/v2\/product_tag?post=217396"}],"curies":[{"name":"wp","href":"https:\/\/api.w.org\/{rel}","templated":true}]}}