{"id":217382,"date":"2026-04-07T00:24:28","date_gmt":"2026-04-07T06:24:28","guid":{"rendered":"https:\/\/compuviper.mx\/tienda\/producto\/apc-srt1500rmxla-unidad-smart-ups-srt-de-de-1500-va-y-120-v-para-rack\/"},"modified":"2026-04-07T00:24:29","modified_gmt":"2026-04-07T06:24:29","slug":"apc-srt1500rmxla-unidad-smart-ups-srt-de-de-1500-va-y-120-v-para-rack","status":"publish","type":"product","link":"https:\/\/compuviper.mx\/tienda\/producto\/apc-srt1500rmxla-unidad-smart-ups-srt-de-de-1500-va-y-120-v-para-rack\/","title":{"rendered":"Apc Srt1500rmxla Unidad Smart-ups Srt De  De 1500 Va Y 120 V, Para Rack"},"content":{"rendered":"<table class=\"descripcion\">\n<tr>\n<td>Salida<\/td>\n<\/tr>\n<tr>\n<td>Capacidad de potencia de salida: 1.35 kvatios \/\u00a01.5 kva<\/td>\n<\/tr>\n<tr>\n<td>M\u00e1xima potencia configurable (vatios): 1.35 kvatios \/\u00a01.5 kva<\/td>\n<\/tr>\n<tr>\n<td>Tensi\u00f3n de salida nominal: 120v<\/td>\n<\/tr>\n<tr>\n<td>Distorsi\u00f3n de tensi\u00f3n de salida: menos que 2%<\/td>\n<\/tr>\n<tr>\n<td>Frequencia de salida (sincronizada con la red): 50\/60hz +\/- 3 hz<\/td>\n<\/tr>\n<tr>\n<td>Factor de cresta de carga: 03:01<\/td>\n<\/tr>\n<tr>\n<td>Topolog\u00eda: doble conversi\u00f3n en l\u00ednea<\/td>\n<\/tr>\n<tr>\n<td>Tipo de forma de onda: onda senoidal<\/td>\n<\/tr>\n<tr>\n<td>Conexiones de salida:<\/td>\n<\/tr>\n<tr>\n<td>(6) nema 5-15r (respaldo de bater\u00eda)<\/td>\n<\/tr>\n<tr>\n<td>Desviaci\u00f3n: desviaci\u00f3n incorporada<\/td>\n<\/tr>\n<tr>\n<td>Entrada<\/td>\n<\/tr>\n<tr>\n<td>Entrada de voltaje: 120v<\/td>\n<\/tr>\n<tr>\n<td>Frecuencia de entrada: 47-70 hz (detecci\u00f3n autom\u00e1tica)<\/td>\n<\/tr>\n<tr>\n<td>Tipo de enchufe: nema 5-15p<\/td>\n<\/tr>\n<tr>\n<td>Longitud del cable: 1.83metros<\/td>\n<\/tr>\n<tr>\n<td>Variaci\u00f3n de tensi\u00f3n de entrada para operaciones principales: 90 &#8211; 150v<\/td>\n<\/tr>\n<tr>\n<td>Cantidad de cables de alimentaci\u00f3n: 1<\/td>\n<\/tr>\n<tr>\n<td>Bater\u00edas y autonom\u00eda<\/td>\n<\/tr>\n<tr>\n<td>Tipo de bater\u00eda: bater\u00eda sellada de plomo sin necesidad de mantenci\u00f3n con electrolito suspendido: a prueba de filtraci\u00f3n<\/td>\n<\/tr>\n<tr>\n<td>Bater\u00edas pre-instaladas: 1<\/td>\n<\/tr>\n<tr>\n<td>Tiempo de recarga t\u00edpico: 3hora(s)<\/td>\n<\/tr>\n<tr>\n<td>Tensi\u00f3n nominal de bater\u00edas: 48v<\/td>\n<\/tr>\n<tr>\n<td>Bater\u00eda de recambio: apcrbc155<\/td>\n<\/tr>\n<tr>\n<td>Vida \u00fatil esperada de las bater\u00edas (a\u00f1os): 3-5<\/td>\n<\/tr>\n<tr>\n<td>Cantidad de cartuchos de bater\u00eda de recambio: 1<\/td>\n<\/tr>\n<\/table>\n","protected":false},"excerpt":{"rendered":"<p>Analiza las bater\u00edas a fin de advertir anticipadamente en caso de fallas posibles, lo que garantiza que el mantenimiento preventivo sea oportuno. Modo de funcionamiento que permite saltear los componentes el\u00e9ctricos en buenas condiciones energ\u00e9ticas que no se est\u00e1n utilizando para lograr un alto nivel de eficiencia operativa sin sacrificar la protecci\u00f3n.<\/p>\n","protected":false},"featured_media":217383,"comment_status":"open","ping_status":"open","template":"","meta":[],"product_cat":[1508,1691],"product_tag":[1694],"acf":[],"yoast_head":"<!-- This site is optimized with the Yoast SEO plugin v21.7 - https:\/\/yoast.com\/wordpress\/plugins\/seo\/ -->\n<title>[ Apc ] &#129351; Srt1500rmxla Unidad Smart-ups Srt De De 1500 Va Y 120 V, Para Rack<\/title>\n<meta name=\"description\" content=\"Compra Srt1500rmxla Unidad Smart-ups Srt De De 1500 Va Y 120 V, Para Rack + Env\u00edo a domicilio + Pago seguro + Garant\u00eda\" \/>\n<meta name=\"robots\" content=\"index, follow, max-snippet:-1, max-image-preview:large, max-video-preview:-1\" \/>\n<link rel=\"canonical\" href=\"https:\/\/compuviper.mx\/tienda\/producto\/apc-srt1500rmxla-unidad-smart-ups-srt-de-de-1500-va-y-120-v-para-rack\/\" \/>\n<meta property=\"og:locale\" content=\"es_MX\" \/>\n<meta property=\"og:type\" content=\"article\" \/>\n<meta property=\"og:title\" content=\"[ Apc ] &#129351; Srt1500rmxla Unidad Smart-ups Srt De De 1500 Va Y 120 V, Para Rack\" \/>\n<meta property=\"og:description\" content=\"Compra Srt1500rmxla Unidad Smart-ups Srt De De 1500 Va Y 120 V, Para Rack + Env\u00edo a domicilio + Pago seguro + Garant\u00eda\" \/>\n<meta property=\"og:url\" content=\"https:\/\/compuviper.mx\/tienda\/producto\/apc-srt1500rmxla-unidad-smart-ups-srt-de-de-1500-va-y-120-v-para-rack\/\" \/>\n<meta property=\"og:site_name\" content=\"Compuviper\" \/>\n<meta property=\"article:publisher\" content=\"https:\/\/www.facebook.com\/compuviper\" \/>\n<meta property=\"article:modified_time\" content=\"2026-04-07T06:24:29+00:00\" \/>\n<meta property=\"og:image\" content=\"https:\/\/compuviper.mx\/tienda\/wp-content\/uploads\/2023\/12\/Unidad-smart-ups-srt-de-apc-de-1500-va-y-120-v-para-rack.jpg\" \/>\n\t<meta property=\"og:image:width\" content=\"200\" \/>\n\t<meta property=\"og:image:height\" content=\"200\" \/>\n\t<meta property=\"og:image:type\" content=\"image\/jpeg\" \/>\n<meta name=\"twitter:card\" content=\"summary_large_image\" \/>\n<meta name=\"twitter:label1\" content=\"Precio\" \/>\n\t<meta name=\"twitter:data1\" content=\"&#36;22,163 con IVA\" \/>\n\t<meta name=\"twitter:label2\" content=\"Availability\" \/>\n\t<meta name=\"twitter:data2\" content=\"Out of stock\" \/>\n<script type=\"application\/ld+json\" class=\"yoast-schema-graph\">{\"@context\":\"https:\/\/schema.org\",\"@graph\":[{\"@type\":\"WebPage\",\"@id\":\"https:\/\/compuviper.mx\/tienda\/producto\/apc-srt1500rmxla-unidad-smart-ups-srt-de-de-1500-va-y-120-v-para-rack\/\",\"url\":\"https:\/\/compuviper.mx\/tienda\/producto\/apc-srt1500rmxla-unidad-smart-ups-srt-de-de-1500-va-y-120-v-para-rack\/\",\"name\":\"[ Apc ] &#129351; Srt1500rmxla Unidad Smart-ups Srt De De 1500 Va Y 120 V, Para Rack\",\"isPartOf\":{\"@id\":\"https:\/\/compuviper.mx\/tienda\/#website\"},\"datePublished\":\"2026-04-07T06:24:28+00:00\",\"dateModified\":\"2026-04-07T06:24:29+00:00\",\"description\":\"Compra Srt1500rmxla Unidad Smart-ups Srt De De 1500 Va Y 120 V, Para Rack + Env\u00edo a domicilio + Pago seguro + Garant\u00eda\",\"breadcrumb\":{\"@id\":\"https:\/\/compuviper.mx\/tienda\/producto\/apc-srt1500rmxla-unidad-smart-ups-srt-de-de-1500-va-y-120-v-para-rack\/#breadcrumb\"},\"inLanguage\":\"es-MX\",\"potentialAction\":[{\"@type\":\"ReadAction\",\"target\":[\"https:\/\/compuviper.mx\/tienda\/producto\/apc-srt1500rmxla-unidad-smart-ups-srt-de-de-1500-va-y-120-v-para-rack\/\"]}]},{\"@type\":\"BreadcrumbList\",\"@id\":\"https:\/\/compuviper.mx\/tienda\/producto\/apc-srt1500rmxla-unidad-smart-ups-srt-de-de-1500-va-y-120-v-para-rack\/#breadcrumb\",\"itemListElement\":[{\"@type\":\"ListItem\",\"position\":1,\"name\":\"Inicio\",\"item\":\"https:\/\/compuviper.mx\/tienda\/\"},{\"@type\":\"ListItem\",\"position\":2,\"name\":\"Productos\",\"item\":\"https:\/\/compuviper.mx\/tienda\/productos\/\"},{\"@type\":\"ListItem\",\"position\":3,\"name\":\"Energia\",\"item\":\"https:\/\/compuviper.mx\/tienda\/categoria-producto\/energia\/\"},{\"@type\":\"ListItem\",\"position\":4,\"name\":\"No Break\",\"item\":\"https:\/\/compuviper.mx\/tienda\/categoria-producto\/energia\/no-break\/\"},{\"@type\":\"ListItem\",\"position\":5,\"name\":\"Apc Srt1500rmxla Unidad Smart-ups Srt De De 1500 Va Y 120 V, Para Rack\"}]},{\"@type\":\"WebSite\",\"@id\":\"https:\/\/compuviper.mx\/tienda\/#website\",\"url\":\"https:\/\/compuviper.mx\/tienda\/\",\"name\":\"Compuviper\",\"description\":\"Proveedor de Computadoras, Laptops, Servidores, Monitores, Puntos de Venta, Teclados,   Impresoras, T\u00f3ner, C\u00e1maras de Seguridad y m\u00e1s en tu tienda en l\u00ednea\",\"publisher\":{\"@id\":\"https:\/\/compuviper.mx\/tienda\/#organization\"},\"potentialAction\":[{\"@type\":\"SearchAction\",\"target\":{\"@type\":\"EntryPoint\",\"urlTemplate\":\"https:\/\/compuviper.mx\/tienda\/?s={search_term_string}\"},\"query-input\":\"required name=search_term_string\"}],\"inLanguage\":\"es-MX\"},{\"@type\":\"Organization\",\"@id\":\"https:\/\/compuviper.mx\/tienda\/#organization\",\"name\":\"Compuviper\",\"url\":\"https:\/\/compuviper.mx\/tienda\/\",\"logo\":{\"@type\":\"ImageObject\",\"inLanguage\":\"es-MX\",\"@id\":\"https:\/\/compuviper.mx\/tienda\/#\/schema\/logo\/image\/\",\"url\":\"https:\/\/compuviper.mx\/tienda\/wp-content\/uploads\/2021\/08\/Logo-Compuviper-10.png\",\"contentUrl\":\"https:\/\/compuviper.mx\/tienda\/wp-content\/uploads\/2021\/08\/Logo-Compuviper-10.png\",\"width\":1000,\"height\":500,\"caption\":\"Compuviper\"},\"image\":{\"@id\":\"https:\/\/compuviper.mx\/tienda\/#\/schema\/logo\/image\/\"},\"sameAs\":[\"https:\/\/www.facebook.com\/compuviper\",\"https:\/\/www.youtube.com\/channel\/UCf73dERp9Y3cfOq7q8BhLjA?view_as=subscriber\"]}]}<\/script>\n<meta property=\"product:brand\" content=\"APC\" \/>\n<meta property=\"product:price:amount\" content=\"22163\" \/>\n<meta property=\"product:price:currency\" content=\"MXN\" \/>\n<meta property=\"og:availability\" content=\"out of stock\" \/>\n<meta property=\"product:availability\" content=\"out of stock\" \/>\n<meta property=\"product:retailer_item_id\" content=\"SRT1500RMXLA\" \/>\n<meta property=\"product:condition\" content=\"new\" \/>\n<!-- \/ Yoast SEO plugin. -->","yoast_head_json":{"title":"[ Apc ] &#129351; Srt1500rmxla Unidad Smart-ups Srt De De 1500 Va Y 120 V, Para Rack","description":"Compra Srt1500rmxla Unidad Smart-ups Srt De De 1500 Va Y 120 V, Para Rack + Env\u00edo a domicilio + Pago seguro + Garant\u00eda","robots":{"index":"index","follow":"follow","max-snippet":"max-snippet:-1","max-image-preview":"max-image-preview:large","max-video-preview":"max-video-preview:-1"},"canonical":"https:\/\/compuviper.mx\/tienda\/producto\/apc-srt1500rmxla-unidad-smart-ups-srt-de-de-1500-va-y-120-v-para-rack\/","og_locale":"es_MX","og_type":"article","og_title":"[ Apc ] &#129351; Srt1500rmxla Unidad Smart-ups Srt De De 1500 Va Y 120 V, Para Rack","og_description":"Compra Srt1500rmxla Unidad Smart-ups Srt De De 1500 Va Y 120 V, Para Rack + Env\u00edo a domicilio + Pago seguro + Garant\u00eda","og_url":"https:\/\/compuviper.mx\/tienda\/producto\/apc-srt1500rmxla-unidad-smart-ups-srt-de-de-1500-va-y-120-v-para-rack\/","og_site_name":"Compuviper","article_publisher":"https:\/\/www.facebook.com\/compuviper","article_modified_time":"2026-04-07T06:24:29+00:00","og_image":[{"width":200,"height":200,"url":"https:\/\/compuviper.mx\/tienda\/wp-content\/uploads\/2023\/12\/Unidad-smart-ups-srt-de-apc-de-1500-va-y-120-v-para-rack.jpg","type":"image\/jpeg"}],"twitter_card":"summary_large_image","twitter_misc":{"Precio":"&#36;22,163 con IVA","Availability":"Out of stock"},"schema":{"@context":"https:\/\/schema.org","@graph":[{"@type":"WebPage","@id":"https:\/\/compuviper.mx\/tienda\/producto\/apc-srt1500rmxla-unidad-smart-ups-srt-de-de-1500-va-y-120-v-para-rack\/","url":"https:\/\/compuviper.mx\/tienda\/producto\/apc-srt1500rmxla-unidad-smart-ups-srt-de-de-1500-va-y-120-v-para-rack\/","name":"[ Apc ] &#129351; Srt1500rmxla Unidad Smart-ups Srt De De 1500 Va Y 120 V, Para Rack","isPartOf":{"@id":"https:\/\/compuviper.mx\/tienda\/#website"},"datePublished":"2026-04-07T06:24:28+00:00","dateModified":"2026-04-07T06:24:29+00:00","description":"Compra Srt1500rmxla Unidad Smart-ups Srt De De 1500 Va Y 120 V, Para Rack + Env\u00edo a domicilio + Pago seguro + Garant\u00eda","breadcrumb":{"@id":"https:\/\/compuviper.mx\/tienda\/producto\/apc-srt1500rmxla-unidad-smart-ups-srt-de-de-1500-va-y-120-v-para-rack\/#breadcrumb"},"inLanguage":"es-MX","potentialAction":[{"@type":"ReadAction","target":["https:\/\/compuviper.mx\/tienda\/producto\/apc-srt1500rmxla-unidad-smart-ups-srt-de-de-1500-va-y-120-v-para-rack\/"]}]},{"@type":"BreadcrumbList","@id":"https:\/\/compuviper.mx\/tienda\/producto\/apc-srt1500rmxla-unidad-smart-ups-srt-de-de-1500-va-y-120-v-para-rack\/#breadcrumb","itemListElement":[{"@type":"ListItem","position":1,"name":"Inicio","item":"https:\/\/compuviper.mx\/tienda\/"},{"@type":"ListItem","position":2,"name":"Productos","item":"https:\/\/compuviper.mx\/tienda\/productos\/"},{"@type":"ListItem","position":3,"name":"Energia","item":"https:\/\/compuviper.mx\/tienda\/categoria-producto\/energia\/"},{"@type":"ListItem","position":4,"name":"No Break","item":"https:\/\/compuviper.mx\/tienda\/categoria-producto\/energia\/no-break\/"},{"@type":"ListItem","position":5,"name":"Apc Srt1500rmxla Unidad Smart-ups Srt De De 1500 Va Y 120 V, Para Rack"}]},{"@type":"WebSite","@id":"https:\/\/compuviper.mx\/tienda\/#website","url":"https:\/\/compuviper.mx\/tienda\/","name":"Compuviper","description":"Proveedor de Computadoras, Laptops, Servidores, Monitores, Puntos de Venta, Teclados,   Impresoras, T\u00f3ner, C\u00e1maras de Seguridad y m\u00e1s en tu tienda en l\u00ednea","publisher":{"@id":"https:\/\/compuviper.mx\/tienda\/#organization"},"potentialAction":[{"@type":"SearchAction","target":{"@type":"EntryPoint","urlTemplate":"https:\/\/compuviper.mx\/tienda\/?s={search_term_string}"},"query-input":"required name=search_term_string"}],"inLanguage":"es-MX"},{"@type":"Organization","@id":"https:\/\/compuviper.mx\/tienda\/#organization","name":"Compuviper","url":"https:\/\/compuviper.mx\/tienda\/","logo":{"@type":"ImageObject","inLanguage":"es-MX","@id":"https:\/\/compuviper.mx\/tienda\/#\/schema\/logo\/image\/","url":"https:\/\/compuviper.mx\/tienda\/wp-content\/uploads\/2021\/08\/Logo-Compuviper-10.png","contentUrl":"https:\/\/compuviper.mx\/tienda\/wp-content\/uploads\/2021\/08\/Logo-Compuviper-10.png","width":1000,"height":500,"caption":"Compuviper"},"image":{"@id":"https:\/\/compuviper.mx\/tienda\/#\/schema\/logo\/image\/"},"sameAs":["https:\/\/www.facebook.com\/compuviper","https:\/\/www.youtube.com\/channel\/UCf73dERp9Y3cfOq7q8BhLjA?view_as=subscriber"]}]},"product_brand":"APC","product_price_amount":"22163","product_price_currency":"MXN","og_availability":"out of stock","product_availability":"out of stock","product_retailer_item_id":"SRT1500RMXLA","product_condition":"new"},"_links":{"self":[{"href":"https:\/\/compuviper.mx\/tienda\/wp-json\/wp\/v2\/product\/217382"}],"collection":[{"href":"https:\/\/compuviper.mx\/tienda\/wp-json\/wp\/v2\/product"}],"about":[{"href":"https:\/\/compuviper.mx\/tienda\/wp-json\/wp\/v2\/types\/product"}],"replies":[{"embeddable":true,"href":"https:\/\/compuviper.mx\/tienda\/wp-json\/wp\/v2\/comments?post=217382"}],"wp:featuredmedia":[{"embeddable":true,"href":"https:\/\/compuviper.mx\/tienda\/wp-json\/wp\/v2\/media\/217383"}],"wp:attachment":[{"href":"https:\/\/compuviper.mx\/tienda\/wp-json\/wp\/v2\/media?parent=217382"}],"wp:term":[{"taxonomy":"product_cat","embeddable":true,"href":"https:\/\/compuviper.mx\/tienda\/wp-json\/wp\/v2\/product_cat?post=217382"},{"taxonomy":"product_tag","embeddable":true,"href":"https:\/\/compuviper.mx\/tienda\/wp-json\/wp\/v2\/product_tag?post=217382"}],"curies":[{"name":"wp","href":"https:\/\/api.w.org\/{rel}","templated":true}]}}