{"id":217374,"date":"2026-04-02T00:24:00","date_gmt":"2026-04-02T06:24:00","guid":{"rendered":"https:\/\/compuviper.mx\/tienda\/producto\/eaton-9sx3000-9103-80187-no-break-ups-modelo-9sx3000-3000va-2700w-on-line-doble-conversion-voltaje-120v-de-entrada-y-salida\/"},"modified":"2026-04-02T00:24:00","modified_gmt":"2026-04-02T06:24:00","slug":"eaton-9sx3000-9103-80187-no-break-ups-modelo-9sx3000-3000va-2700w-on-line-doble-conversion-voltaje-120v-de-entrada-y-salida","status":"publish","type":"product","link":"https:\/\/compuviper.mx\/tienda\/producto\/eaton-9sx3000-9103-80187-no-break-ups-modelo-9sx3000-3000va-2700w-on-line-doble-conversion-voltaje-120v-de-entrada-y-salida\/","title":{"rendered":"Eaton 9sx3000 (9103-80187) No Break \/ Ups \/  \/ Modelo 9sx3000  3000va \/ 2700w -on Line- Doble Conversion- Voltaje 120v De Entrada Y Salida"},"content":{"rendered":"<table class=\"descripcion\">\n<tr>\n<td>Capacidad 3 kva<\/td>\n<\/tr>\n<tr>\n<td>Rango de potencia 3000 va\/2700 watts<\/td>\n<\/tr>\n<tr>\n<td>Voltaje entrada : 120v default (100\/110\/120\/125v<\/td>\n<\/tr>\n<tr>\n<td>Voltaje salida ;:120v default (100\/110\/120\/125v<\/td>\n<\/tr>\n<tr>\n<td>Recptaculos de entrada: (1) nema l5-30p<\/td>\n<\/tr>\n<tr>\n<td>Receptaculos de salida: (4) nema 5-20r, (1) nema l5-30r<\/td>\n<\/tr>\n<tr>\n<td>Dimensions (h x w x d, inches) 13.6 x 8.4 x 16.2<\/td>\n<\/tr>\n<tr>\n<td>Peso en libras: 77.2<\/td>\n<\/tr>\n<tr>\n<td>Formato torre<\/td>\n<\/tr>\n<tr>\n<td>Color : nego\/ plata<\/td>\n<\/tr>\n<tr>\n<td>Bater\u00edas internas intercambiables en caliente y m\u00f3dulos de bater\u00eda extendida (ebm)<\/td>\n<\/tr>\n<tr>\n<td>Ficha tecnica:<\/td>\n<\/tr>\n<tr>\n<td>Http:\/\/www.eaton.com\/us\/en-us\/skupage.9sx3000.specifications.html<\/td>\n<\/tr>\n<\/table>\n","protected":false},"excerpt":{"rendered":"<p>Ups eaton 9sx. El ups eaton 9sx ofrece alta disponibilidad, flexibilidad y protecci\u00f3n avanzada para infraestructura, industrial, m\u00e9dica, inform\u00e1tica, redes, almacenamiento y telecomunicaciones. Ofrece protecci\u00f3n de doble conversi\u00f3n en l\u00ednea en formato torre con una eficiencia de hasta el 95%.<\/p>\n","protected":false},"featured_media":217375,"comment_status":"open","ping_status":"open","template":"","meta":[],"product_cat":[1508,1691],"product_tag":[1698],"acf":[],"yoast_head":"<!-- This site is optimized with the Yoast SEO plugin v21.7 - https:\/\/yoast.com\/wordpress\/plugins\/seo\/ -->\n<title>[ Eaton ] &#129351; 9sx3000 (9103-80187) No Break \/ Ups \/ \/ Modelo 9sx3000 3000va \/ 2700w -on Line- Doble Conversion- Voltaje 120v De Entrada Y Salida<\/title>\n<meta name=\"description\" content=\"Compra 9sx3000 (9103-80187) No Break \/ Ups \/ \/ Modelo 9sx3000 3000va \/ 2700w -on Line- Doble Conversion- Voltaje 120v De Entrada Y Salida + Env\u00edo a domicilio + Pago seguro + Garant\u00eda\" \/>\n<meta name=\"robots\" content=\"index, follow, max-snippet:-1, max-image-preview:large, max-video-preview:-1\" \/>\n<link rel=\"canonical\" href=\"https:\/\/compuviper.mx\/tienda\/producto\/eaton-9sx3000-9103-80187-no-break-ups-modelo-9sx3000-3000va-2700w-on-line-doble-conversion-voltaje-120v-de-entrada-y-salida\/\" \/>\n<meta property=\"og:locale\" content=\"es_MX\" \/>\n<meta property=\"og:type\" content=\"article\" \/>\n<meta property=\"og:title\" content=\"[ Eaton ] &#129351; 9sx3000 (9103-80187) No Break \/ Ups \/ \/ Modelo 9sx3000 3000va \/ 2700w -on Line- Doble Conversion- Voltaje 120v De Entrada Y Salida\" \/>\n<meta property=\"og:description\" content=\"Compra 9sx3000 (9103-80187) No Break \/ Ups \/ \/ Modelo 9sx3000 3000va \/ 2700w -on Line- Doble Conversion- Voltaje 120v De Entrada Y Salida + Env\u00edo a domicilio + Pago seguro + Garant\u00eda\" \/>\n<meta property=\"og:url\" content=\"https:\/\/compuviper.mx\/tienda\/producto\/eaton-9sx3000-9103-80187-no-break-ups-modelo-9sx3000-3000va-2700w-on-line-doble-conversion-voltaje-120v-de-entrada-y-salida\/\" \/>\n<meta property=\"og:site_name\" content=\"Compuviper\" \/>\n<meta property=\"article:publisher\" content=\"https:\/\/www.facebook.com\/compuviper\" \/>\n<meta property=\"og:image\" content=\"https:\/\/compuviper.mx\/tienda\/wp-content\/uploads\/2023\/12\/No-break-ups-eaton-modelo-9sx3000-3000va-2700w-on-line-doble-conversion-voltaje-120v-de-entrada-y-salida.jpg\" \/>\n\t<meta property=\"og:image:width\" content=\"200\" \/>\n\t<meta property=\"og:image:height\" content=\"200\" \/>\n\t<meta property=\"og:image:type\" content=\"image\/jpeg\" \/>\n<meta name=\"twitter:card\" content=\"summary_large_image\" \/>\n<meta name=\"twitter:label1\" content=\"Precio\" \/>\n\t<meta name=\"twitter:data1\" content=\"&#36;24,038 con IVA\" \/>\n\t<meta name=\"twitter:label2\" content=\"Availability\" \/>\n\t<meta name=\"twitter:data2\" content=\"In stock\" \/>\n<script type=\"application\/ld+json\" class=\"yoast-schema-graph\">{\"@context\":\"https:\/\/schema.org\",\"@graph\":[{\"@type\":\"WebPage\",\"@id\":\"https:\/\/compuviper.mx\/tienda\/producto\/eaton-9sx3000-9103-80187-no-break-ups-modelo-9sx3000-3000va-2700w-on-line-doble-conversion-voltaje-120v-de-entrada-y-salida\/\",\"url\":\"https:\/\/compuviper.mx\/tienda\/producto\/eaton-9sx3000-9103-80187-no-break-ups-modelo-9sx3000-3000va-2700w-on-line-doble-conversion-voltaje-120v-de-entrada-y-salida\/\",\"name\":\"[ Eaton ] &#129351; 9sx3000 (9103-80187) No Break \/ Ups \/ \/ Modelo 9sx3000 3000va \/ 2700w -on Line- Doble Conversion- Voltaje 120v De Entrada Y Salida\",\"isPartOf\":{\"@id\":\"https:\/\/compuviper.mx\/tienda\/#website\"},\"datePublished\":\"2026-04-02T06:24:00+00:00\",\"dateModified\":\"2026-04-02T06:24:00+00:00\",\"description\":\"Compra 9sx3000 (9103-80187) No Break \/ Ups \/ \/ Modelo 9sx3000 3000va \/ 2700w -on Line- Doble Conversion- Voltaje 120v De Entrada Y Salida + Env\u00edo a domicilio + Pago seguro + Garant\u00eda\",\"breadcrumb\":{\"@id\":\"https:\/\/compuviper.mx\/tienda\/producto\/eaton-9sx3000-9103-80187-no-break-ups-modelo-9sx3000-3000va-2700w-on-line-doble-conversion-voltaje-120v-de-entrada-y-salida\/#breadcrumb\"},\"inLanguage\":\"es-MX\",\"potentialAction\":[{\"@type\":\"ReadAction\",\"target\":[\"https:\/\/compuviper.mx\/tienda\/producto\/eaton-9sx3000-9103-80187-no-break-ups-modelo-9sx3000-3000va-2700w-on-line-doble-conversion-voltaje-120v-de-entrada-y-salida\/\"]}]},{\"@type\":\"BreadcrumbList\",\"@id\":\"https:\/\/compuviper.mx\/tienda\/producto\/eaton-9sx3000-9103-80187-no-break-ups-modelo-9sx3000-3000va-2700w-on-line-doble-conversion-voltaje-120v-de-entrada-y-salida\/#breadcrumb\",\"itemListElement\":[{\"@type\":\"ListItem\",\"position\":1,\"name\":\"Inicio\",\"item\":\"https:\/\/compuviper.mx\/tienda\/\"},{\"@type\":\"ListItem\",\"position\":2,\"name\":\"Productos\",\"item\":\"https:\/\/compuviper.mx\/tienda\/productos\/\"},{\"@type\":\"ListItem\",\"position\":3,\"name\":\"Energia\",\"item\":\"https:\/\/compuviper.mx\/tienda\/categoria-producto\/energia\/\"},{\"@type\":\"ListItem\",\"position\":4,\"name\":\"No Break\",\"item\":\"https:\/\/compuviper.mx\/tienda\/categoria-producto\/energia\/no-break\/\"},{\"@type\":\"ListItem\",\"position\":5,\"name\":\"Eaton 9sx3000 (9103-80187) No Break \/ Ups \/ \/ Modelo 9sx3000 3000va \/ 2700w -on Line- Doble Conversion- Voltaje 120v De Entrada Y Salida\"}]},{\"@type\":\"WebSite\",\"@id\":\"https:\/\/compuviper.mx\/tienda\/#website\",\"url\":\"https:\/\/compuviper.mx\/tienda\/\",\"name\":\"Compuviper\",\"description\":\"Proveedor de Computadoras, Laptops, Servidores, Monitores, Puntos de Venta, Teclados,   Impresoras, T\u00f3ner, C\u00e1maras de Seguridad y m\u00e1s en tu tienda en l\u00ednea\",\"publisher\":{\"@id\":\"https:\/\/compuviper.mx\/tienda\/#organization\"},\"potentialAction\":[{\"@type\":\"SearchAction\",\"target\":{\"@type\":\"EntryPoint\",\"urlTemplate\":\"https:\/\/compuviper.mx\/tienda\/?s={search_term_string}\"},\"query-input\":\"required name=search_term_string\"}],\"inLanguage\":\"es-MX\"},{\"@type\":\"Organization\",\"@id\":\"https:\/\/compuviper.mx\/tienda\/#organization\",\"name\":\"Compuviper\",\"url\":\"https:\/\/compuviper.mx\/tienda\/\",\"logo\":{\"@type\":\"ImageObject\",\"inLanguage\":\"es-MX\",\"@id\":\"https:\/\/compuviper.mx\/tienda\/#\/schema\/logo\/image\/\",\"url\":\"https:\/\/compuviper.mx\/tienda\/wp-content\/uploads\/2021\/08\/Logo-Compuviper-10.png\",\"contentUrl\":\"https:\/\/compuviper.mx\/tienda\/wp-content\/uploads\/2021\/08\/Logo-Compuviper-10.png\",\"width\":1000,\"height\":500,\"caption\":\"Compuviper\"},\"image\":{\"@id\":\"https:\/\/compuviper.mx\/tienda\/#\/schema\/logo\/image\/\"},\"sameAs\":[\"https:\/\/www.facebook.com\/compuviper\",\"https:\/\/www.youtube.com\/channel\/UCf73dERp9Y3cfOq7q8BhLjA?view_as=subscriber\"]}]}<\/script>\n<meta property=\"product:brand\" content=\"EATON\" \/>\n<meta property=\"product:price:amount\" content=\"24038\" \/>\n<meta property=\"product:price:currency\" content=\"MXN\" \/>\n<meta property=\"og:availability\" content=\"instock\" \/>\n<meta property=\"product:availability\" content=\"instock\" \/>\n<meta property=\"product:retailer_item_id\" content=\"9SX3000 (9103-80187)\" \/>\n<meta property=\"product:condition\" content=\"new\" \/>\n<!-- \/ Yoast SEO plugin. -->","yoast_head_json":{"title":"[ Eaton ] &#129351; 9sx3000 (9103-80187) No Break \/ Ups \/ \/ Modelo 9sx3000 3000va \/ 2700w -on Line- Doble Conversion- Voltaje 120v De Entrada Y Salida","description":"Compra 9sx3000 (9103-80187) No Break \/ Ups \/ \/ Modelo 9sx3000 3000va \/ 2700w -on Line- Doble Conversion- Voltaje 120v De Entrada Y Salida + Env\u00edo a domicilio + Pago seguro + Garant\u00eda","robots":{"index":"index","follow":"follow","max-snippet":"max-snippet:-1","max-image-preview":"max-image-preview:large","max-video-preview":"max-video-preview:-1"},"canonical":"https:\/\/compuviper.mx\/tienda\/producto\/eaton-9sx3000-9103-80187-no-break-ups-modelo-9sx3000-3000va-2700w-on-line-doble-conversion-voltaje-120v-de-entrada-y-salida\/","og_locale":"es_MX","og_type":"article","og_title":"[ Eaton ] &#129351; 9sx3000 (9103-80187) No Break \/ Ups \/ \/ Modelo 9sx3000 3000va \/ 2700w -on Line- Doble Conversion- Voltaje 120v De Entrada Y Salida","og_description":"Compra 9sx3000 (9103-80187) No Break \/ Ups \/ \/ Modelo 9sx3000 3000va \/ 2700w -on Line- Doble Conversion- Voltaje 120v De Entrada Y Salida + Env\u00edo a domicilio + Pago seguro + Garant\u00eda","og_url":"https:\/\/compuviper.mx\/tienda\/producto\/eaton-9sx3000-9103-80187-no-break-ups-modelo-9sx3000-3000va-2700w-on-line-doble-conversion-voltaje-120v-de-entrada-y-salida\/","og_site_name":"Compuviper","article_publisher":"https:\/\/www.facebook.com\/compuviper","og_image":[{"width":200,"height":200,"url":"https:\/\/compuviper.mx\/tienda\/wp-content\/uploads\/2023\/12\/No-break-ups-eaton-modelo-9sx3000-3000va-2700w-on-line-doble-conversion-voltaje-120v-de-entrada-y-salida.jpg","type":"image\/jpeg"}],"twitter_card":"summary_large_image","twitter_misc":{"Precio":"&#36;24,038 con IVA","Availability":"In stock"},"schema":{"@context":"https:\/\/schema.org","@graph":[{"@type":"WebPage","@id":"https:\/\/compuviper.mx\/tienda\/producto\/eaton-9sx3000-9103-80187-no-break-ups-modelo-9sx3000-3000va-2700w-on-line-doble-conversion-voltaje-120v-de-entrada-y-salida\/","url":"https:\/\/compuviper.mx\/tienda\/producto\/eaton-9sx3000-9103-80187-no-break-ups-modelo-9sx3000-3000va-2700w-on-line-doble-conversion-voltaje-120v-de-entrada-y-salida\/","name":"[ Eaton ] &#129351; 9sx3000 (9103-80187) No Break \/ Ups \/ \/ Modelo 9sx3000 3000va \/ 2700w -on Line- Doble Conversion- Voltaje 120v De Entrada Y Salida","isPartOf":{"@id":"https:\/\/compuviper.mx\/tienda\/#website"},"datePublished":"2026-04-02T06:24:00+00:00","dateModified":"2026-04-02T06:24:00+00:00","description":"Compra 9sx3000 (9103-80187) No Break \/ Ups \/ \/ Modelo 9sx3000 3000va \/ 2700w -on Line- Doble Conversion- Voltaje 120v De Entrada Y Salida + Env\u00edo a domicilio + Pago seguro + Garant\u00eda","breadcrumb":{"@id":"https:\/\/compuviper.mx\/tienda\/producto\/eaton-9sx3000-9103-80187-no-break-ups-modelo-9sx3000-3000va-2700w-on-line-doble-conversion-voltaje-120v-de-entrada-y-salida\/#breadcrumb"},"inLanguage":"es-MX","potentialAction":[{"@type":"ReadAction","target":["https:\/\/compuviper.mx\/tienda\/producto\/eaton-9sx3000-9103-80187-no-break-ups-modelo-9sx3000-3000va-2700w-on-line-doble-conversion-voltaje-120v-de-entrada-y-salida\/"]}]},{"@type":"BreadcrumbList","@id":"https:\/\/compuviper.mx\/tienda\/producto\/eaton-9sx3000-9103-80187-no-break-ups-modelo-9sx3000-3000va-2700w-on-line-doble-conversion-voltaje-120v-de-entrada-y-salida\/#breadcrumb","itemListElement":[{"@type":"ListItem","position":1,"name":"Inicio","item":"https:\/\/compuviper.mx\/tienda\/"},{"@type":"ListItem","position":2,"name":"Productos","item":"https:\/\/compuviper.mx\/tienda\/productos\/"},{"@type":"ListItem","position":3,"name":"Energia","item":"https:\/\/compuviper.mx\/tienda\/categoria-producto\/energia\/"},{"@type":"ListItem","position":4,"name":"No Break","item":"https:\/\/compuviper.mx\/tienda\/categoria-producto\/energia\/no-break\/"},{"@type":"ListItem","position":5,"name":"Eaton 9sx3000 (9103-80187) No Break \/ Ups \/ \/ Modelo 9sx3000 3000va \/ 2700w -on Line- Doble Conversion- Voltaje 120v De Entrada Y Salida"}]},{"@type":"WebSite","@id":"https:\/\/compuviper.mx\/tienda\/#website","url":"https:\/\/compuviper.mx\/tienda\/","name":"Compuviper","description":"Proveedor de Computadoras, Laptops, Servidores, Monitores, Puntos de Venta, Teclados,   Impresoras, T\u00f3ner, C\u00e1maras de Seguridad y m\u00e1s en tu tienda en l\u00ednea","publisher":{"@id":"https:\/\/compuviper.mx\/tienda\/#organization"},"potentialAction":[{"@type":"SearchAction","target":{"@type":"EntryPoint","urlTemplate":"https:\/\/compuviper.mx\/tienda\/?s={search_term_string}"},"query-input":"required name=search_term_string"}],"inLanguage":"es-MX"},{"@type":"Organization","@id":"https:\/\/compuviper.mx\/tienda\/#organization","name":"Compuviper","url":"https:\/\/compuviper.mx\/tienda\/","logo":{"@type":"ImageObject","inLanguage":"es-MX","@id":"https:\/\/compuviper.mx\/tienda\/#\/schema\/logo\/image\/","url":"https:\/\/compuviper.mx\/tienda\/wp-content\/uploads\/2021\/08\/Logo-Compuviper-10.png","contentUrl":"https:\/\/compuviper.mx\/tienda\/wp-content\/uploads\/2021\/08\/Logo-Compuviper-10.png","width":1000,"height":500,"caption":"Compuviper"},"image":{"@id":"https:\/\/compuviper.mx\/tienda\/#\/schema\/logo\/image\/"},"sameAs":["https:\/\/www.facebook.com\/compuviper","https:\/\/www.youtube.com\/channel\/UCf73dERp9Y3cfOq7q8BhLjA?view_as=subscriber"]}]},"product_brand":"EATON","product_price_amount":"24038","product_price_currency":"MXN","og_availability":"instock","product_availability":"instock","product_retailer_item_id":"9SX3000 (9103-80187)","product_condition":"new"},"_links":{"self":[{"href":"https:\/\/compuviper.mx\/tienda\/wp-json\/wp\/v2\/product\/217374"}],"collection":[{"href":"https:\/\/compuviper.mx\/tienda\/wp-json\/wp\/v2\/product"}],"about":[{"href":"https:\/\/compuviper.mx\/tienda\/wp-json\/wp\/v2\/types\/product"}],"replies":[{"embeddable":true,"href":"https:\/\/compuviper.mx\/tienda\/wp-json\/wp\/v2\/comments?post=217374"}],"wp:featuredmedia":[{"embeddable":true,"href":"https:\/\/compuviper.mx\/tienda\/wp-json\/wp\/v2\/media\/217375"}],"wp:attachment":[{"href":"https:\/\/compuviper.mx\/tienda\/wp-json\/wp\/v2\/media?parent=217374"}],"wp:term":[{"taxonomy":"product_cat","embeddable":true,"href":"https:\/\/compuviper.mx\/tienda\/wp-json\/wp\/v2\/product_cat?post=217374"},{"taxonomy":"product_tag","embeddable":true,"href":"https:\/\/compuviper.mx\/tienda\/wp-json\/wp\/v2\/product_tag?post=217374"}],"curies":[{"name":"wp","href":"https:\/\/api.w.org\/{rel}","templated":true}]}}