{"id":217360,"date":"2026-04-07T00:24:21","date_gmt":"2026-04-07T06:24:21","guid":{"rendered":"https:\/\/compuviper.mx\/tienda\/producto\/cyberpower-ol3000rtxl2uhv-nobreak-3000va-2700wonline-entrada-salida-200-240-vacconvertible-torre-rack-2u-2-nema-l6-20r-y-1-nema-l6-30rgaranta-3-aos-incluye-baterias\/"},"modified":"2026-04-07T00:24:22","modified_gmt":"2026-04-07T06:24:22","slug":"cyberpower-ol3000rtxl2uhv-nobreak-3000va-2700wonline-entrada-salida-200-240-vacconvertible-torre-rack-2u-2-nema-l6-20r-y-1-nema-l6-30rgaranta-3-aos-incluye-baterias","status":"publish","type":"product","link":"https:\/\/compuviper.mx\/tienda\/producto\/cyberpower-ol3000rtxl2uhv-nobreak-3000va-2700wonline-entrada-salida-200-240-vacconvertible-torre-rack-2u-2-nema-l6-20r-y-1-nema-l6-30rgaranta-3-aos-incluye-baterias\/","title":{"rendered":"Cyberpower Ol3000rtxl2uhv Nobreak () 3000va \/ 2700w,online, Entrada \/ Salida 200 &#8211; 240 Vac,convertible Torre\/rack 2u, 2 Nema L6-20r Y 1 Nema L6-30r,garant?a 3 A?os Incluye Baterias"},"content":{"rendered":"<table class=\"descripcion\">\n<tr>\n<td>General<\/td>\n<\/tr>\n<tr>\n<td>Topolog\u00eda ups: conversi\u00f3n doble en l\u00ednea (online)<\/td>\n<\/tr>\n<tr>\n<td>El ahorro de energ\u00eda s\u00ed, eco efficiency mode  97%<\/td>\n<\/tr>\n<tr>\n<td>Calificaci\u00f3n energy star\u00ae s\u00ed<\/td>\n<\/tr>\n<tr>\n<td>Entrada<\/td>\n<\/tr>\n<tr>\n<td>Voltaje 200 &#8211; 240 vac<\/td>\n<\/tr>\n<tr>\n<td>Rango de voltaje de entrada 120 &#8211; 139 vca para 0-60% de carga<\/td>\n<\/tr>\n<tr>\n<td>140 &#8211; 159 vca para 0-70% de carga<\/td>\n<\/tr>\n<tr>\n<td>140 &#8211; 159 vca para 0-70% de carga<\/td>\n<\/tr>\n<tr>\n<td>180 &#8211; 189 vca para 0-90% de carga<\/td>\n<\/tr>\n<tr>\n<td>190 &#8211; 280 vca para carga de 0-100%<\/td>\n<\/tr>\n<tr>\n<td>Rango de frecuencia 40 &#8211; 70 hz<\/td>\n<\/tr>\n<tr>\n<td>Factor de potencia de entrada 0.99<\/td>\n<\/tr>\n<tr>\n<td>Inicio fresco s\u00ed<\/td>\n<\/tr>\n<tr>\n<td>Tipo de enchufe nema l6-20p<\/td>\n<\/tr>\n<tr>\n<td>Longitud del cable (ft) 10<\/td>\n<\/tr>\n<tr>\n<td>Longitud del cable (m) 3<\/td>\n<\/tr>\n<tr>\n<td>Salida<\/td>\n<\/tr>\n<tr>\n<td>Virginia 3,000 va<\/td>\n<\/tr>\n<tr>\n<td>Watts 2,700 w<\/td>\n<\/tr>\n<tr>\n<td>En el voltaje de la bater\u00eda 200, 208, 220, 230, 240 v \u00b1 2% (configurable)<\/td>\n<\/tr>\n<tr>\n<td>En la frecuencia de la bater\u00eda 50\/60 hz \u00b1 0.25 hz (autodetecci\u00f3n o configurable)<\/td>\n<\/tr>\n<tr>\n<td>On battery waveform onda sinusoidal<\/td>\n<\/tr>\n<tr>\n<td>Tipo de salida nema l6-20r (2), nema l6-30r (1)<\/td>\n<\/tr>\n<tr>\n<td>Tiendas &#8211; total 3<\/td>\n<\/tr>\n<tr>\n<td>Factor de potencia nominal 0.9<\/td>\n<\/tr>\n<tr>\n<td>Factor de cresta 3: 1<\/td>\n<\/tr>\n<tr>\n<td>Distorsi\u00f3n arm\u00f3nica thd  3% en carga lineal,  5% en carga no lineal<\/td>\n<\/tr>\n<tr>\n<td>Intervalo de voltaje de derivaci\u00f3n del modo eco \u00b1 10%, \u00b1 15% (configurable)<\/td>\n<\/tr>\n<tr>\n<td>Derivaci\u00f3n derivaci\u00f3n interna (autom\u00e1tica y manual)<\/td>\n<\/tr>\n<tr>\n<td>Protecci\u00f3n de sobrecarga modo de l\u00ednea:<\/td>\n<\/tr>\n<tr>\n<td>105% a 125% de carga durante 1 minuto<\/td>\n<\/tr>\n<tr>\n<td>126% a 150% de carga durante 10 segundos<\/td>\n<\/tr>\n<tr>\n<td>Modo de bater\u00eda: 105% a 130% de carga durante 10 segundos<\/td>\n<\/tr>\n<tr>\n<td>131% a 150% de carga durante 2 segundos<\/td>\n<\/tr>\n<tr>\n<td>Tiempo de transferencia 0 ms<\/td>\n<\/tr>\n<tr>\n<td>Bater\u00eda<\/td>\n<\/tr>\n<tr>\n<td>Tiempo de ejecuci\u00f3n a media carga 11 min<\/td>\n<\/tr>\n<tr>\n<td>Tiempo de ejecuci\u00f3n a carga completa 3.5 min<\/td>\n<\/tr>\n<tr>\n<td>Tipo de bater\u00eda \u00e1cido de plomo sellado<\/td>\n<\/tr>\n<tr>\n<td>Tama\u00f1o de la bater\u00eda 12v \/ 9ah<\/td>\n<\/tr>\n<tr>\n<td>Cantidad de bater\u00eda 6<\/td>\n<\/tr>\n<tr>\n<td>Intercambiables en caliente s\u00ed<\/td>\n<\/tr>\n<tr>\n<td>Reemplazable s\u00ed<\/td>\n<\/tr>\n<tr>\n<td>Cartucho de bater\u00eda de repuesto rb1290x6a<\/td>\n<\/tr>\n<tr>\n<td>Cantidad de cartucho de bater\u00eda de repuesto 1<\/td>\n<\/tr>\n<tr>\n<td>Tiempo de recarga t\u00edpico 4 h (0% a 90%)<\/td>\n<\/tr>\n<tr>\n<td>Opci\u00f3n de bater\u00eda extendida bp72v60art2u<\/td>\n<\/tr>\n<tr>\n<td>Modo smart battery management (smb) s\u00ed<\/td>\n<\/tr>\n<tr>\n<td>Protecci\u00f3n contra sobretensiones y filtrado<\/td>\n<\/tr>\n<tr>\n<td>Protecci\u00f3n contra sobrecargas 1335 julios, seg\u00fan iec 61000-4-5 nivel 3<\/td>\n<\/tr>\n<tr>\n<td>Tel\u00e9fono rj11 \/ ethernet rj45 1 entrada \/ 1 salida (combo)<\/td>\n<\/tr>\n<tr>\n<td>Filtraci\u00f3n emi \/ rfi s\u00ed<\/td>\n<\/tr>\n<tr>\n<td>Gesti\u00f3n y comunicaciones<\/td>\n<\/tr>\n<tr>\n<td>Panel de control lcd acceda a 23 m\u00e9tricas de sistema desplazables, 25 configuraciones de configuraci\u00f3n y un registro de eventos.<\/td>\n<\/tr>\n<tr>\n<td>Opci\u00f3n giratoria del panel de control del lcd s\u00ed<\/td>\n<\/tr>\n<tr>\n<td>Opci\u00f3n de panel de control lcd extra\u00edble s\u00ed &#8211; requiere un cable db26 por separado<\/td>\n<\/tr>\n<tr>\n<td>Puerto usb compatible con hid s\u00ed<\/td>\n<\/tr>\n<tr>\n<td>Puerto serial s\u00ed<\/td>\n<\/tr>\n<tr>\n<td>Puerto epo s\u00ed<\/td>\n<\/tr>\n<tr>\n<td>Contactos secos s\u00ed<\/td>\n<\/tr>\n<tr>\n<td>Cables incluidos cable usb, cable serie, cable de tel\u00e9fono<\/td>\n<\/tr>\n<tr>\n<td>Indicadores led encendido (blanco)<\/td>\n<\/tr>\n<tr>\n<td>Modo de l\u00ednea (verde)<\/td>\n<\/tr>\n<tr>\n<td>Modo de bater\u00eda (amarillo)<\/td>\n<\/tr>\n<tr>\n<td>Modo de derivaci\u00f3n (amarillo)<\/td>\n<\/tr>\n<tr>\n<td>Error (rojo)<\/td>\n<\/tr>\n<tr>\n<td>Reemplace la bater\u00eda (rojo)<\/td>\n<\/tr>\n<tr>\n<td>Alarmas audibles modo de bater\u00eda<\/td>\n<\/tr>\n<tr>\n<td> bater\u00eda sobrecarga baja<\/td>\n<\/tr>\n<tr>\n<td>Fallo de ups<\/td>\n<\/tr>\n<tr>\n<td>Software powerpanel\u00ae business edition<\/td>\n<\/tr>\n<tr>\n<td>Firmware de ups actualizable s\u00ed, requiere rmcard205 1<\/td>\n<\/tr>\n<tr>\n<td>Ranura de expansi\u00f3n s\u00ed, opcional rmcard205 o relayio500<\/td>\n<\/tr>\n<tr>\n<td>F\u00edsico<\/td>\n<\/tr>\n<tr>\n<td>Tama\u00f1o de rack 2u<\/td>\n<\/tr>\n<tr>\n<td>Factor de forma rack \/ torre<\/td>\n<\/tr>\n<tr>\n<td>Construcci\u00f3n de recinto acero<\/td>\n<\/tr>\n<tr>\n<td>Accesorios de montaje incluido<\/td>\n<\/tr>\n<tr>\n<td>Dimensiones &#8211; w \u00d7 h \u00d7 d (in) 17 x 3.5 x 23.62<\/td>\n<\/tr>\n<tr>\n<td>Dimensiones &#8211; w \u00d7 h \u00d7 d (mm.) 433 x 88 x 600<\/td>\n<\/tr>\n<tr>\n<td>Peso libras) 68.2<\/td>\n<\/tr>\n<tr>\n<td>Peso (kg) 31<\/td>\n<\/tr>\n<tr>\n<td>Dimensiones del env\u00edo &#8211; w \u00d7 h \u00d7 d (in) 23.23 x 9.45 x 35.04<\/td>\n<\/tr>\n<tr>\n<td>Dimensiones del env\u00edo &#8211; w \u00d7 h \u00d7 d (mm.) 590 x 240 x 890<\/td>\n<\/tr>\n<tr>\n<td>Peso del env\u00edo (lbs) 86.9<\/td>\n<\/tr>\n<tr>\n<td>Peso de env\u00edo (kg) 39.4<\/td>\n<\/tr>\n<tr>\n<td>Ambiental<\/td>\n<\/tr>\n<tr>\n<td>Temperatura de funcionamiento 32 &#8211; 104 \u00b0 f (0 &#8211; 40 \u00b0 c)<\/td>\n<\/tr>\n<tr>\n<td>Humedad relativa de funcionamiento 0 &#8211; 90% (sin condensaci\u00f3n)<\/td>\n<\/tr>\n<tr>\n<td>Elevaci\u00f3n de operaci\u00f3n 0 &#8211; 10,000 pies (0 &#8211; 3,000 m)<\/td>\n<\/tr>\n<tr>\n<td>Temperatura de almacenamiento -4 \u00b0 f a 113 \u00b0 f (-20 \u00b0 c a 45 \u00b0 c)<\/td>\n<\/tr>\n<tr>\n<td>Humedad relativa de almacenamiento 0 &#8211; 95% (sin condensaci\u00f3n)<\/td>\n<\/tr>\n<tr>\n<td>Elevaci\u00f3n de almacenamiento 0 &#8211; 50,000 pies (0 &#8211; 15,000 m)<\/td>\n<\/tr>\n<tr>\n<td>Disipaci\u00f3n t\u00e9rmica en l\u00ednea 845 btu \/ h<\/td>\n<\/tr>\n<tr>\n<td>Disipaci\u00f3n t\u00e9rmica del modo eco (100% de carga) 265 btu \/ h<\/td>\n<\/tr>\n<tr>\n<td>Ruido audible a 1 m de la superficie de la unidad: 38 dba a 55 dba (0% a 100% de carga)<\/td>\n<\/tr>\n<tr>\n<td>Certificaciones<\/td>\n<\/tr>\n<tr>\n<td>La seguridad ul 1778<\/td>\n<\/tr>\n<tr>\n<td>Csa c22.2 no.107.3-05<\/td>\n<\/tr>\n<tr>\n<td>Clase a de fcc doc<\/td>\n<\/tr>\n<tr>\n<td>Ambiental rohs<\/td>\n<\/tr>\n<tr>\n<td>Garant\u00eda<\/td>\n<\/tr>\n<tr>\n<td>La garant\u00eda del producto: 3 a\u00f1os.<\/td>\n<\/tr>\n<\/table>\n","protected":false},"excerpt":{"rendered":"<p>Nobreak de rack \/ torre con topolog\u00eda de conversi\u00f3n doble, la aplicaci\u00f3n inteligente cyberpower en l\u00ednea ol3000rtxl2uhv proporciona salida de onda sinusoidal para aplicaciones y equipos de misi\u00f3n cr\u00edtica con una capacidad de 3000va \/ 2700w, entrad\/ salida 200 &#8211; 240 vac, lcd inteligente, onda senoidal pura, software powerpanel business edition, convertible torre\/rack 2u, 2 nema l6-20r y 1 nema l6-30r, usb\/serial tarjeta snmp\/http card (opcional). Garant\u00eda 3 a\u00f1os incluye bater\u00eda<\/p>\n","protected":false},"featured_media":217361,"comment_status":"open","ping_status":"open","template":"","meta":[],"product_cat":[1508,1691],"product_tag":[1692],"acf":[],"yoast_head":"<!-- This site is optimized with the Yoast SEO plugin v21.7 - https:\/\/yoast.com\/wordpress\/plugins\/seo\/ -->\n<title>[ Cyberpower ] &#129351; Ol3000rtxl2uhv Nobreak () 3000va \/ 2700w,online, Entrada \/ Salida 200 - 240 Vac,convertible Torre\/rack 2u, 2 Nema L6-20r Y 1 Nema L6-30r,garant\u00eda 3 A\u00f1os Incluye Baterias<\/title>\n<meta name=\"description\" content=\"Compra Ol3000rtxl2uhv Nobreak () 3000va \/ 2700w,online, Entrada \/ Salida 200 - 240 Vac,convertible Torre\/rack 2u, 2 Nema L6-20r Y 1 Nema L6-30r,garant\u00eda 3 A\u00f1os Incluye Baterias + Env\u00edo a domicilio + Pago seguro + Garant\u00eda\" \/>\n<meta name=\"robots\" content=\"index, follow, max-snippet:-1, max-image-preview:large, max-video-preview:-1\" \/>\n<link rel=\"canonical\" href=\"https:\/\/compuviper.mx\/tienda\/producto\/cyberpower-ol3000rtxl2uhv-nobreak-3000va-2700wonline-entrada-salida-200-240-vacconvertible-torre-rack-2u-2-nema-l6-20r-y-1-nema-l6-30rgaranta-3-aos-incluye-baterias\/\" \/>\n<meta property=\"og:locale\" content=\"es_MX\" \/>\n<meta property=\"og:type\" content=\"article\" \/>\n<meta property=\"og:title\" content=\"[ Cyberpower ] &#129351; Ol3000rtxl2uhv Nobreak () 3000va \/ 2700w,online, Entrada \/ Salida 200 - 240 Vac,convertible Torre\/rack 2u, 2 Nema L6-20r Y 1 Nema L6-30r,garant\u00eda 3 A\u00f1os Incluye Baterias\" \/>\n<meta property=\"og:description\" content=\"Compra Ol3000rtxl2uhv Nobreak () 3000va \/ 2700w,online, Entrada \/ Salida 200 - 240 Vac,convertible Torre\/rack 2u, 2 Nema L6-20r Y 1 Nema L6-30r,garant\u00eda 3 A\u00f1os Incluye Baterias + Env\u00edo a domicilio + Pago seguro + Garant\u00eda\" \/>\n<meta property=\"og:url\" content=\"https:\/\/compuviper.mx\/tienda\/producto\/cyberpower-ol3000rtxl2uhv-nobreak-3000va-2700wonline-entrada-salida-200-240-vacconvertible-torre-rack-2u-2-nema-l6-20r-y-1-nema-l6-30rgaranta-3-aos-incluye-baterias\/\" \/>\n<meta property=\"og:site_name\" content=\"Compuviper\" \/>\n<meta property=\"article:publisher\" content=\"https:\/\/www.facebook.com\/compuviper\" \/>\n<meta property=\"article:modified_time\" content=\"2026-04-07T06:24:22+00:00\" \/>\n<meta property=\"og:image\" content=\"https:\/\/compuviper.mx\/tienda\/wp-content\/uploads\/2023\/12\/Nobreak-ol3000rtxl2uhv-3000va-2700wonline-entrada-salida-200-240-vacconvertible-torrerack-2u-2-nema-l6-20r-y-1-nema-l6-30rgarantia-3-anos-incluye-baterias.jpg\" \/>\n\t<meta property=\"og:image:width\" content=\"200\" \/>\n\t<meta property=\"og:image:height\" content=\"200\" \/>\n\t<meta property=\"og:image:type\" content=\"image\/jpeg\" \/>\n<meta name=\"twitter:card\" content=\"summary_large_image\" \/>\n<meta name=\"twitter:label1\" content=\"Precio\" \/>\n\t<meta name=\"twitter:data1\" content=\"&#36;32,522 con IVA\" \/>\n\t<meta name=\"twitter:label2\" content=\"Availability\" \/>\n\t<meta name=\"twitter:data2\" content=\"In stock\" \/>\n<script type=\"application\/ld+json\" class=\"yoast-schema-graph\">{\"@context\":\"https:\/\/schema.org\",\"@graph\":[{\"@type\":\"WebPage\",\"@id\":\"https:\/\/compuviper.mx\/tienda\/producto\/cyberpower-ol3000rtxl2uhv-nobreak-3000va-2700wonline-entrada-salida-200-240-vacconvertible-torre-rack-2u-2-nema-l6-20r-y-1-nema-l6-30rgaranta-3-aos-incluye-baterias\/\",\"url\":\"https:\/\/compuviper.mx\/tienda\/producto\/cyberpower-ol3000rtxl2uhv-nobreak-3000va-2700wonline-entrada-salida-200-240-vacconvertible-torre-rack-2u-2-nema-l6-20r-y-1-nema-l6-30rgaranta-3-aos-incluye-baterias\/\",\"name\":\"[ Cyberpower ] &#129351; Ol3000rtxl2uhv Nobreak () 3000va \/ 2700w,online, Entrada \/ Salida 200 - 240 Vac,convertible Torre\/rack 2u, 2 Nema L6-20r Y 1 Nema L6-30r,garant\u00eda 3 A\u00f1os Incluye Baterias\",\"isPartOf\":{\"@id\":\"https:\/\/compuviper.mx\/tienda\/#website\"},\"datePublished\":\"2026-04-07T06:24:21+00:00\",\"dateModified\":\"2026-04-07T06:24:22+00:00\",\"description\":\"Compra Ol3000rtxl2uhv Nobreak () 3000va \/ 2700w,online, Entrada \/ Salida 200 - 240 Vac,convertible Torre\/rack 2u, 2 Nema L6-20r Y 1 Nema L6-30r,garant\u00eda 3 A\u00f1os Incluye Baterias + Env\u00edo a domicilio + Pago seguro + Garant\u00eda\",\"breadcrumb\":{\"@id\":\"https:\/\/compuviper.mx\/tienda\/producto\/cyberpower-ol3000rtxl2uhv-nobreak-3000va-2700wonline-entrada-salida-200-240-vacconvertible-torre-rack-2u-2-nema-l6-20r-y-1-nema-l6-30rgaranta-3-aos-incluye-baterias\/#breadcrumb\"},\"inLanguage\":\"es-MX\",\"potentialAction\":[{\"@type\":\"ReadAction\",\"target\":[\"https:\/\/compuviper.mx\/tienda\/producto\/cyberpower-ol3000rtxl2uhv-nobreak-3000va-2700wonline-entrada-salida-200-240-vacconvertible-torre-rack-2u-2-nema-l6-20r-y-1-nema-l6-30rgaranta-3-aos-incluye-baterias\/\"]}]},{\"@type\":\"BreadcrumbList\",\"@id\":\"https:\/\/compuviper.mx\/tienda\/producto\/cyberpower-ol3000rtxl2uhv-nobreak-3000va-2700wonline-entrada-salida-200-240-vacconvertible-torre-rack-2u-2-nema-l6-20r-y-1-nema-l6-30rgaranta-3-aos-incluye-baterias\/#breadcrumb\",\"itemListElement\":[{\"@type\":\"ListItem\",\"position\":1,\"name\":\"Inicio\",\"item\":\"https:\/\/compuviper.mx\/tienda\/\"},{\"@type\":\"ListItem\",\"position\":2,\"name\":\"Productos\",\"item\":\"https:\/\/compuviper.mx\/tienda\/productos\/\"},{\"@type\":\"ListItem\",\"position\":3,\"name\":\"Energia\",\"item\":\"https:\/\/compuviper.mx\/tienda\/categoria-producto\/energia\/\"},{\"@type\":\"ListItem\",\"position\":4,\"name\":\"No Break\",\"item\":\"https:\/\/compuviper.mx\/tienda\/categoria-producto\/energia\/no-break\/\"},{\"@type\":\"ListItem\",\"position\":5,\"name\":\"Cyberpower Ol3000rtxl2uhv Nobreak () 3000va \/ 2700w,online, Entrada \/ Salida 200 &#8211; 240 Vac,convertible Torre\/rack 2u, 2 Nema L6-20r Y 1 Nema L6-30r,garant?a 3 A?os Incluye Baterias\"}]},{\"@type\":\"WebSite\",\"@id\":\"https:\/\/compuviper.mx\/tienda\/#website\",\"url\":\"https:\/\/compuviper.mx\/tienda\/\",\"name\":\"Compuviper\",\"description\":\"Proveedor de Computadoras, Laptops, Servidores, Monitores, Puntos de Venta, Teclados,   Impresoras, T\u00f3ner, C\u00e1maras de Seguridad y m\u00e1s en tu tienda en l\u00ednea\",\"publisher\":{\"@id\":\"https:\/\/compuviper.mx\/tienda\/#organization\"},\"potentialAction\":[{\"@type\":\"SearchAction\",\"target\":{\"@type\":\"EntryPoint\",\"urlTemplate\":\"https:\/\/compuviper.mx\/tienda\/?s={search_term_string}\"},\"query-input\":\"required name=search_term_string\"}],\"inLanguage\":\"es-MX\"},{\"@type\":\"Organization\",\"@id\":\"https:\/\/compuviper.mx\/tienda\/#organization\",\"name\":\"Compuviper\",\"url\":\"https:\/\/compuviper.mx\/tienda\/\",\"logo\":{\"@type\":\"ImageObject\",\"inLanguage\":\"es-MX\",\"@id\":\"https:\/\/compuviper.mx\/tienda\/#\/schema\/logo\/image\/\",\"url\":\"https:\/\/compuviper.mx\/tienda\/wp-content\/uploads\/2021\/08\/Logo-Compuviper-10.png\",\"contentUrl\":\"https:\/\/compuviper.mx\/tienda\/wp-content\/uploads\/2021\/08\/Logo-Compuviper-10.png\",\"width\":1000,\"height\":500,\"caption\":\"Compuviper\"},\"image\":{\"@id\":\"https:\/\/compuviper.mx\/tienda\/#\/schema\/logo\/image\/\"},\"sameAs\":[\"https:\/\/www.facebook.com\/compuviper\",\"https:\/\/www.youtube.com\/channel\/UCf73dERp9Y3cfOq7q8BhLjA?view_as=subscriber\"]}]}<\/script>\n<meta property=\"product:brand\" content=\"CYBERPOWER\" \/>\n<meta property=\"product:price:amount\" content=\"32522\" \/>\n<meta property=\"product:price:currency\" content=\"MXN\" \/>\n<meta property=\"og:availability\" content=\"instock\" \/>\n<meta property=\"product:availability\" content=\"instock\" \/>\n<meta property=\"product:retailer_item_id\" content=\"OL3000RTXL2UHV\" \/>\n<meta property=\"product:condition\" content=\"new\" \/>\n<!-- \/ Yoast SEO plugin. -->","yoast_head_json":{"title":"[ Cyberpower ] &#129351; Ol3000rtxl2uhv Nobreak () 3000va \/ 2700w,online, Entrada \/ Salida 200 - 240 Vac,convertible Torre\/rack 2u, 2 Nema L6-20r Y 1 Nema L6-30r,garant\u00eda 3 A\u00f1os Incluye Baterias","description":"Compra Ol3000rtxl2uhv Nobreak () 3000va \/ 2700w,online, Entrada \/ Salida 200 - 240 Vac,convertible Torre\/rack 2u, 2 Nema L6-20r Y 1 Nema L6-30r,garant\u00eda 3 A\u00f1os Incluye Baterias + Env\u00edo a domicilio + Pago seguro + Garant\u00eda","robots":{"index":"index","follow":"follow","max-snippet":"max-snippet:-1","max-image-preview":"max-image-preview:large","max-video-preview":"max-video-preview:-1"},"canonical":"https:\/\/compuviper.mx\/tienda\/producto\/cyberpower-ol3000rtxl2uhv-nobreak-3000va-2700wonline-entrada-salida-200-240-vacconvertible-torre-rack-2u-2-nema-l6-20r-y-1-nema-l6-30rgaranta-3-aos-incluye-baterias\/","og_locale":"es_MX","og_type":"article","og_title":"[ Cyberpower ] &#129351; Ol3000rtxl2uhv Nobreak () 3000va \/ 2700w,online, Entrada \/ Salida 200 - 240 Vac,convertible Torre\/rack 2u, 2 Nema L6-20r Y 1 Nema L6-30r,garant\u00eda 3 A\u00f1os Incluye Baterias","og_description":"Compra Ol3000rtxl2uhv Nobreak () 3000va \/ 2700w,online, Entrada \/ Salida 200 - 240 Vac,convertible Torre\/rack 2u, 2 Nema L6-20r Y 1 Nema L6-30r,garant\u00eda 3 A\u00f1os Incluye Baterias + Env\u00edo a domicilio + Pago seguro + Garant\u00eda","og_url":"https:\/\/compuviper.mx\/tienda\/producto\/cyberpower-ol3000rtxl2uhv-nobreak-3000va-2700wonline-entrada-salida-200-240-vacconvertible-torre-rack-2u-2-nema-l6-20r-y-1-nema-l6-30rgaranta-3-aos-incluye-baterias\/","og_site_name":"Compuviper","article_publisher":"https:\/\/www.facebook.com\/compuviper","article_modified_time":"2026-04-07T06:24:22+00:00","og_image":[{"width":200,"height":200,"url":"https:\/\/compuviper.mx\/tienda\/wp-content\/uploads\/2023\/12\/Nobreak-ol3000rtxl2uhv-3000va-2700wonline-entrada-salida-200-240-vacconvertible-torrerack-2u-2-nema-l6-20r-y-1-nema-l6-30rgarantia-3-anos-incluye-baterias.jpg","type":"image\/jpeg"}],"twitter_card":"summary_large_image","twitter_misc":{"Precio":"&#36;32,522 con IVA","Availability":"In stock"},"schema":{"@context":"https:\/\/schema.org","@graph":[{"@type":"WebPage","@id":"https:\/\/compuviper.mx\/tienda\/producto\/cyberpower-ol3000rtxl2uhv-nobreak-3000va-2700wonline-entrada-salida-200-240-vacconvertible-torre-rack-2u-2-nema-l6-20r-y-1-nema-l6-30rgaranta-3-aos-incluye-baterias\/","url":"https:\/\/compuviper.mx\/tienda\/producto\/cyberpower-ol3000rtxl2uhv-nobreak-3000va-2700wonline-entrada-salida-200-240-vacconvertible-torre-rack-2u-2-nema-l6-20r-y-1-nema-l6-30rgaranta-3-aos-incluye-baterias\/","name":"[ Cyberpower ] &#129351; Ol3000rtxl2uhv Nobreak () 3000va \/ 2700w,online, Entrada \/ Salida 200 - 240 Vac,convertible Torre\/rack 2u, 2 Nema L6-20r Y 1 Nema L6-30r,garant\u00eda 3 A\u00f1os Incluye Baterias","isPartOf":{"@id":"https:\/\/compuviper.mx\/tienda\/#website"},"datePublished":"2026-04-07T06:24:21+00:00","dateModified":"2026-04-07T06:24:22+00:00","description":"Compra Ol3000rtxl2uhv Nobreak () 3000va \/ 2700w,online, Entrada \/ Salida 200 - 240 Vac,convertible Torre\/rack 2u, 2 Nema L6-20r Y 1 Nema L6-30r,garant\u00eda 3 A\u00f1os Incluye Baterias + Env\u00edo a domicilio + Pago seguro + Garant\u00eda","breadcrumb":{"@id":"https:\/\/compuviper.mx\/tienda\/producto\/cyberpower-ol3000rtxl2uhv-nobreak-3000va-2700wonline-entrada-salida-200-240-vacconvertible-torre-rack-2u-2-nema-l6-20r-y-1-nema-l6-30rgaranta-3-aos-incluye-baterias\/#breadcrumb"},"inLanguage":"es-MX","potentialAction":[{"@type":"ReadAction","target":["https:\/\/compuviper.mx\/tienda\/producto\/cyberpower-ol3000rtxl2uhv-nobreak-3000va-2700wonline-entrada-salida-200-240-vacconvertible-torre-rack-2u-2-nema-l6-20r-y-1-nema-l6-30rgaranta-3-aos-incluye-baterias\/"]}]},{"@type":"BreadcrumbList","@id":"https:\/\/compuviper.mx\/tienda\/producto\/cyberpower-ol3000rtxl2uhv-nobreak-3000va-2700wonline-entrada-salida-200-240-vacconvertible-torre-rack-2u-2-nema-l6-20r-y-1-nema-l6-30rgaranta-3-aos-incluye-baterias\/#breadcrumb","itemListElement":[{"@type":"ListItem","position":1,"name":"Inicio","item":"https:\/\/compuviper.mx\/tienda\/"},{"@type":"ListItem","position":2,"name":"Productos","item":"https:\/\/compuviper.mx\/tienda\/productos\/"},{"@type":"ListItem","position":3,"name":"Energia","item":"https:\/\/compuviper.mx\/tienda\/categoria-producto\/energia\/"},{"@type":"ListItem","position":4,"name":"No Break","item":"https:\/\/compuviper.mx\/tienda\/categoria-producto\/energia\/no-break\/"},{"@type":"ListItem","position":5,"name":"Cyberpower Ol3000rtxl2uhv Nobreak () 3000va \/ 2700w,online, Entrada \/ Salida 200 &#8211; 240 Vac,convertible Torre\/rack 2u, 2 Nema L6-20r Y 1 Nema L6-30r,garant?a 3 A?os Incluye Baterias"}]},{"@type":"WebSite","@id":"https:\/\/compuviper.mx\/tienda\/#website","url":"https:\/\/compuviper.mx\/tienda\/","name":"Compuviper","description":"Proveedor de Computadoras, Laptops, Servidores, Monitores, Puntos de Venta, Teclados,   Impresoras, T\u00f3ner, C\u00e1maras de Seguridad y m\u00e1s en tu tienda en l\u00ednea","publisher":{"@id":"https:\/\/compuviper.mx\/tienda\/#organization"},"potentialAction":[{"@type":"SearchAction","target":{"@type":"EntryPoint","urlTemplate":"https:\/\/compuviper.mx\/tienda\/?s={search_term_string}"},"query-input":"required name=search_term_string"}],"inLanguage":"es-MX"},{"@type":"Organization","@id":"https:\/\/compuviper.mx\/tienda\/#organization","name":"Compuviper","url":"https:\/\/compuviper.mx\/tienda\/","logo":{"@type":"ImageObject","inLanguage":"es-MX","@id":"https:\/\/compuviper.mx\/tienda\/#\/schema\/logo\/image\/","url":"https:\/\/compuviper.mx\/tienda\/wp-content\/uploads\/2021\/08\/Logo-Compuviper-10.png","contentUrl":"https:\/\/compuviper.mx\/tienda\/wp-content\/uploads\/2021\/08\/Logo-Compuviper-10.png","width":1000,"height":500,"caption":"Compuviper"},"image":{"@id":"https:\/\/compuviper.mx\/tienda\/#\/schema\/logo\/image\/"},"sameAs":["https:\/\/www.facebook.com\/compuviper","https:\/\/www.youtube.com\/channel\/UCf73dERp9Y3cfOq7q8BhLjA?view_as=subscriber"]}]},"product_brand":"CYBERPOWER","product_price_amount":"32522","product_price_currency":"MXN","og_availability":"instock","product_availability":"instock","product_retailer_item_id":"OL3000RTXL2UHV","product_condition":"new"},"_links":{"self":[{"href":"https:\/\/compuviper.mx\/tienda\/wp-json\/wp\/v2\/product\/217360"}],"collection":[{"href":"https:\/\/compuviper.mx\/tienda\/wp-json\/wp\/v2\/product"}],"about":[{"href":"https:\/\/compuviper.mx\/tienda\/wp-json\/wp\/v2\/types\/product"}],"replies":[{"embeddable":true,"href":"https:\/\/compuviper.mx\/tienda\/wp-json\/wp\/v2\/comments?post=217360"}],"wp:featuredmedia":[{"embeddable":true,"href":"https:\/\/compuviper.mx\/tienda\/wp-json\/wp\/v2\/media\/217361"}],"wp:attachment":[{"href":"https:\/\/compuviper.mx\/tienda\/wp-json\/wp\/v2\/media?parent=217360"}],"wp:term":[{"taxonomy":"product_cat","embeddable":true,"href":"https:\/\/compuviper.mx\/tienda\/wp-json\/wp\/v2\/product_cat?post=217360"},{"taxonomy":"product_tag","embeddable":true,"href":"https:\/\/compuviper.mx\/tienda\/wp-json\/wp\/v2\/product_tag?post=217360"}],"curies":[{"name":"wp","href":"https:\/\/api.w.org\/{rel}","templated":true}]}}