{"id":217346,"date":"2026-04-07T00:24:18","date_gmt":"2026-04-07T06:24:18","guid":{"rendered":"https:\/\/compuviper.mx\/tienda\/producto\/koblenz-200021-ol-3p-ups-on-line-doble-conversin-20-000-va-18-000-w-3-fases-de-entrada-3-fases-de-salida-garanta-de-3-aos-y-2-en-batera\/"},"modified":"2026-04-07T00:24:18","modified_gmt":"2026-04-07T06:24:18","slug":"koblenz-200021-ol-3p-ups-on-line-doble-conversin-20-000-va-18-000-w-3-fases-de-entrada-3-fases-de-salida-garanta-de-3-aos-y-2-en-batera","status":"publish","type":"product","link":"https:\/\/compuviper.mx\/tienda\/producto\/koblenz-200021-ol-3p-ups-on-line-doble-conversin-20-000-va-18-000-w-3-fases-de-entrada-3-fases-de-salida-garanta-de-3-aos-y-2-en-batera\/","title":{"rendered":"Koblenz 200021 Ol 3p Ups On Line Doble Conversi?n 20 000 Va \/ 18 000 W. 3 Fases De Entrada \/ 3 Fases De Salida, Garant?a De 3 A?os Y 2 En Bater?a."},"content":{"rendered":"<table class=\"descripcion\">\n<tr>\n<td>Ups on line 200021 ol 3p, 20kva \/ 18kw, factor de potencia .9, 3 fases de entrada \/ 3 fases de salida, on line doble conversi\u00f3n, voltaje de salida: 3&#215;208 \/ 220 vac (3ph+n), tiempo de transferencia 0, rango de frecuencia 50-60 hz, onda senoidal pura,<\/td>\n<\/tr>\n<tr>\n<td>Sobrecarga:<\/td>\n<\/tr>\n<tr>\n<td>Modo en linea: 100 &#8211; 110% por 10 min. 110 &#8211; 130% por 1 min.  130% por segundo<\/td>\n<\/tr>\n<tr>\n<td>Bater\u00eda: 100 &#8211; 110% por 30 segundos 110 &#8211; 130% por 10 segundos  130% por segundo<\/td>\n<\/tr>\n<tr>\n<td>Eficiencia:   modo l\u00ednea:    94%, modo eco:    97%, modo bater\u00eda  93.5%<\/td>\n<\/tr>\n<tr>\n<td>Entrada: voltaje nominal:  3 x 208 vac (3ph+n), voltaje nominal:  3 x 208 vac (3ph+n)<\/td>\n<\/tr>\n<tr>\n<td>Rango de frecuencia: 46~54 hz \u00f3 56~64 hz<\/td>\n<\/tr>\n<tr>\n<td>Factor de potencia: 100% carga  +-=0.99<\/td>\n<\/tr>\n<tr>\n<td>Tipo de bater\u00eda 12 v \/ 7 ah, n\u00fameros (8+8) pzs x 2<\/td>\n<\/tr>\n<tr>\n<td>Supresi\u00f3n de picos: 450 joules<\/td>\n<\/tr>\n<tr>\n<td>Dimensiones:  formato: rack, gabinete met\u00e1lico.<\/td>\n<\/tr>\n<tr>\n<td>Medidas: (profundidad x ancho x altura) 815 x 300 x 1000 mm.<\/td>\n<\/tr>\n<tr>\n<td>Garant\u00eda: 3 a\u00f1os y 2 en bater\u00eda.<\/td>\n<\/tr>\n<tr>\n<td>Ficha t\u00e9cnica: http:\/\/koblenz.com.mx\/descricao.php?p=2 and c=5 and sc=23 and pr=357<\/td>\n<\/tr>\n<\/table>\n","protected":false},"excerpt":{"rendered":"<p>Ups on line 200021 ol 3p, doble conversi\u00f3n, 20 000 va \/ 18 000 w, 3 fases, ideal para sites, centros de datos, videovigilancia, equipo medico. Garant\u00eda de 3 a\u00f1os y 2 en bater\u00edas. Incluye transformador y puesta en marcha.<\/p>\n","protected":false},"featured_media":217347,"comment_status":"open","ping_status":"open","template":"","meta":[],"product_cat":[1508,1691],"product_tag":[1577],"acf":[],"yoast_head":"<!-- This site is optimized with the Yoast SEO plugin v21.7 - https:\/\/yoast.com\/wordpress\/plugins\/seo\/ -->\n<title>[ Koblenz ] &#129351; 200021 Ol 3p Ups On Line Doble Conversi\u00f3n 20 000 Va \/ 18 000 W. 3 Fases De Entrada \/ 3 Fases De Salida, Garant\u00eda De 3 A\u00f1os Y 2 En Bater\u00eda.<\/title>\n<meta name=\"description\" content=\"Compra 200021 Ol 3p Ups On Line Doble Conversi\u00f3n 20 000 Va \/ 18 000 W. 3 Fases De Entrada \/ 3 Fases De Salida, Garant\u00eda De 3 A\u00f1os Y 2 En Bater\u00eda. + Env\u00edo a domicilio + Pago seguro + Garant\u00eda\" \/>\n<meta name=\"robots\" content=\"index, follow, max-snippet:-1, max-image-preview:large, max-video-preview:-1\" \/>\n<link rel=\"canonical\" href=\"https:\/\/compuviper.mx\/tienda\/producto\/koblenz-200021-ol-3p-ups-on-line-doble-conversin-20-000-va-18-000-w-3-fases-de-entrada-3-fases-de-salida-garanta-de-3-aos-y-2-en-batera\/\" \/>\n<meta property=\"og:locale\" content=\"es_MX\" \/>\n<meta property=\"og:type\" content=\"article\" \/>\n<meta property=\"og:title\" content=\"[ Koblenz ] &#129351; 200021 Ol 3p Ups On Line Doble Conversi\u00f3n 20 000 Va \/ 18 000 W. 3 Fases De Entrada \/ 3 Fases De Salida, Garant\u00eda De 3 A\u00f1os Y 2 En Bater\u00eda.\" \/>\n<meta property=\"og:description\" content=\"Compra 200021 Ol 3p Ups On Line Doble Conversi\u00f3n 20 000 Va \/ 18 000 W. 3 Fases De Entrada \/ 3 Fases De Salida, Garant\u00eda De 3 A\u00f1os Y 2 En Bater\u00eda. + Env\u00edo a domicilio + Pago seguro + Garant\u00eda\" \/>\n<meta property=\"og:url\" content=\"https:\/\/compuviper.mx\/tienda\/producto\/koblenz-200021-ol-3p-ups-on-line-doble-conversin-20-000-va-18-000-w-3-fases-de-entrada-3-fases-de-salida-garanta-de-3-aos-y-2-en-batera\/\" \/>\n<meta property=\"og:site_name\" content=\"Compuviper\" \/>\n<meta property=\"article:publisher\" content=\"https:\/\/www.facebook.com\/compuviper\" \/>\n<meta property=\"og:image\" content=\"https:\/\/compuviper.mx\/tienda\/wp-content\/uploads\/2023\/12\/Ups-on-line-doble-conversion-20-000-va-18-000-w.-3-fases-de-entrada-3-fases-de-salida-garantia-de-3-anos-y-2-en-bateria.jpg\" \/>\n\t<meta property=\"og:image:width\" content=\"200\" \/>\n\t<meta property=\"og:image:height\" content=\"200\" \/>\n\t<meta property=\"og:image:type\" content=\"image\/jpeg\" \/>\n<meta name=\"twitter:card\" content=\"summary_large_image\" \/>\n<meta name=\"twitter:label1\" content=\"Precio\" \/>\n\t<meta name=\"twitter:data1\" content=\"&#36;97,749 &#36;96,732 con IVA\" \/>\n\t<meta name=\"twitter:label2\" content=\"Availability\" \/>\n\t<meta name=\"twitter:data2\" content=\"Out of stock\" \/>\n<script type=\"application\/ld+json\" class=\"yoast-schema-graph\">{\"@context\":\"https:\/\/schema.org\",\"@graph\":[{\"@type\":\"WebPage\",\"@id\":\"https:\/\/compuviper.mx\/tienda\/producto\/koblenz-200021-ol-3p-ups-on-line-doble-conversin-20-000-va-18-000-w-3-fases-de-entrada-3-fases-de-salida-garanta-de-3-aos-y-2-en-batera\/\",\"url\":\"https:\/\/compuviper.mx\/tienda\/producto\/koblenz-200021-ol-3p-ups-on-line-doble-conversin-20-000-va-18-000-w-3-fases-de-entrada-3-fases-de-salida-garanta-de-3-aos-y-2-en-batera\/\",\"name\":\"[ Koblenz ] &#129351; 200021 Ol 3p Ups On Line Doble Conversi\u00f3n 20 000 Va \/ 18 000 W. 3 Fases De Entrada \/ 3 Fases De Salida, Garant\u00eda De 3 A\u00f1os Y 2 En Bater\u00eda.\",\"isPartOf\":{\"@id\":\"https:\/\/compuviper.mx\/tienda\/#website\"},\"datePublished\":\"2026-04-07T06:24:18+00:00\",\"dateModified\":\"2026-04-07T06:24:18+00:00\",\"description\":\"Compra 200021 Ol 3p Ups On Line Doble Conversi\u00f3n 20 000 Va \/ 18 000 W. 3 Fases De Entrada \/ 3 Fases De Salida, Garant\u00eda De 3 A\u00f1os Y 2 En Bater\u00eda. + Env\u00edo a domicilio + Pago seguro + Garant\u00eda\",\"breadcrumb\":{\"@id\":\"https:\/\/compuviper.mx\/tienda\/producto\/koblenz-200021-ol-3p-ups-on-line-doble-conversin-20-000-va-18-000-w-3-fases-de-entrada-3-fases-de-salida-garanta-de-3-aos-y-2-en-batera\/#breadcrumb\"},\"inLanguage\":\"es-MX\",\"potentialAction\":[{\"@type\":\"ReadAction\",\"target\":[\"https:\/\/compuviper.mx\/tienda\/producto\/koblenz-200021-ol-3p-ups-on-line-doble-conversin-20-000-va-18-000-w-3-fases-de-entrada-3-fases-de-salida-garanta-de-3-aos-y-2-en-batera\/\"]}]},{\"@type\":\"BreadcrumbList\",\"@id\":\"https:\/\/compuviper.mx\/tienda\/producto\/koblenz-200021-ol-3p-ups-on-line-doble-conversin-20-000-va-18-000-w-3-fases-de-entrada-3-fases-de-salida-garanta-de-3-aos-y-2-en-batera\/#breadcrumb\",\"itemListElement\":[{\"@type\":\"ListItem\",\"position\":1,\"name\":\"Inicio\",\"item\":\"https:\/\/compuviper.mx\/tienda\/\"},{\"@type\":\"ListItem\",\"position\":2,\"name\":\"Productos\",\"item\":\"https:\/\/compuviper.mx\/tienda\/productos\/\"},{\"@type\":\"ListItem\",\"position\":3,\"name\":\"Energia\",\"item\":\"https:\/\/compuviper.mx\/tienda\/categoria-producto\/energia\/\"},{\"@type\":\"ListItem\",\"position\":4,\"name\":\"No Break\",\"item\":\"https:\/\/compuviper.mx\/tienda\/categoria-producto\/energia\/no-break\/\"},{\"@type\":\"ListItem\",\"position\":5,\"name\":\"Koblenz 200021 Ol 3p Ups On Line Doble Conversi?n 20 000 Va \/ 18 000 W. 3 Fases De Entrada \/ 3 Fases De Salida, Garant?a De 3 A?os Y 2 En Bater?a.\"}]},{\"@type\":\"WebSite\",\"@id\":\"https:\/\/compuviper.mx\/tienda\/#website\",\"url\":\"https:\/\/compuviper.mx\/tienda\/\",\"name\":\"Compuviper\",\"description\":\"Proveedor de Computadoras, Laptops, Servidores, Monitores, Puntos de Venta, Teclados,   Impresoras, T\u00f3ner, C\u00e1maras de Seguridad y m\u00e1s en tu tienda en l\u00ednea\",\"publisher\":{\"@id\":\"https:\/\/compuviper.mx\/tienda\/#organization\"},\"potentialAction\":[{\"@type\":\"SearchAction\",\"target\":{\"@type\":\"EntryPoint\",\"urlTemplate\":\"https:\/\/compuviper.mx\/tienda\/?s={search_term_string}\"},\"query-input\":\"required name=search_term_string\"}],\"inLanguage\":\"es-MX\"},{\"@type\":\"Organization\",\"@id\":\"https:\/\/compuviper.mx\/tienda\/#organization\",\"name\":\"Compuviper\",\"url\":\"https:\/\/compuviper.mx\/tienda\/\",\"logo\":{\"@type\":\"ImageObject\",\"inLanguage\":\"es-MX\",\"@id\":\"https:\/\/compuviper.mx\/tienda\/#\/schema\/logo\/image\/\",\"url\":\"https:\/\/compuviper.mx\/tienda\/wp-content\/uploads\/2021\/08\/Logo-Compuviper-10.png\",\"contentUrl\":\"https:\/\/compuviper.mx\/tienda\/wp-content\/uploads\/2021\/08\/Logo-Compuviper-10.png\",\"width\":1000,\"height\":500,\"caption\":\"Compuviper\"},\"image\":{\"@id\":\"https:\/\/compuviper.mx\/tienda\/#\/schema\/logo\/image\/\"},\"sameAs\":[\"https:\/\/www.facebook.com\/compuviper\",\"https:\/\/www.youtube.com\/channel\/UCf73dERp9Y3cfOq7q8BhLjA?view_as=subscriber\"]}]}<\/script>\n<meta property=\"product:brand\" content=\"KOBLENZ\" \/>\n<meta property=\"product:price:amount\" content=\"96732\" \/>\n<meta property=\"product:price:currency\" content=\"MXN\" \/>\n<meta property=\"og:availability\" content=\"out of stock\" \/>\n<meta property=\"product:availability\" content=\"out of stock\" \/>\n<meta property=\"product:retailer_item_id\" content=\"200021 OL 3P\" \/>\n<meta property=\"product:condition\" content=\"new\" \/>\n<!-- \/ Yoast SEO plugin. -->","yoast_head_json":{"title":"[ Koblenz ] &#129351; 200021 Ol 3p Ups On Line Doble Conversi\u00f3n 20 000 Va \/ 18 000 W. 3 Fases De Entrada \/ 3 Fases De Salida, Garant\u00eda De 3 A\u00f1os Y 2 En Bater\u00eda.","description":"Compra 200021 Ol 3p Ups On Line Doble Conversi\u00f3n 20 000 Va \/ 18 000 W. 3 Fases De Entrada \/ 3 Fases De Salida, Garant\u00eda De 3 A\u00f1os Y 2 En Bater\u00eda. + Env\u00edo a domicilio + Pago seguro + Garant\u00eda","robots":{"index":"index","follow":"follow","max-snippet":"max-snippet:-1","max-image-preview":"max-image-preview:large","max-video-preview":"max-video-preview:-1"},"canonical":"https:\/\/compuviper.mx\/tienda\/producto\/koblenz-200021-ol-3p-ups-on-line-doble-conversin-20-000-va-18-000-w-3-fases-de-entrada-3-fases-de-salida-garanta-de-3-aos-y-2-en-batera\/","og_locale":"es_MX","og_type":"article","og_title":"[ Koblenz ] &#129351; 200021 Ol 3p Ups On Line Doble Conversi\u00f3n 20 000 Va \/ 18 000 W. 3 Fases De Entrada \/ 3 Fases De Salida, Garant\u00eda De 3 A\u00f1os Y 2 En Bater\u00eda.","og_description":"Compra 200021 Ol 3p Ups On Line Doble Conversi\u00f3n 20 000 Va \/ 18 000 W. 3 Fases De Entrada \/ 3 Fases De Salida, Garant\u00eda De 3 A\u00f1os Y 2 En Bater\u00eda. + Env\u00edo a domicilio + Pago seguro + Garant\u00eda","og_url":"https:\/\/compuviper.mx\/tienda\/producto\/koblenz-200021-ol-3p-ups-on-line-doble-conversin-20-000-va-18-000-w-3-fases-de-entrada-3-fases-de-salida-garanta-de-3-aos-y-2-en-batera\/","og_site_name":"Compuviper","article_publisher":"https:\/\/www.facebook.com\/compuviper","og_image":[{"width":200,"height":200,"url":"https:\/\/compuviper.mx\/tienda\/wp-content\/uploads\/2023\/12\/Ups-on-line-doble-conversion-20-000-va-18-000-w.-3-fases-de-entrada-3-fases-de-salida-garantia-de-3-anos-y-2-en-bateria.jpg","type":"image\/jpeg"}],"twitter_card":"summary_large_image","twitter_misc":{"Precio":"&#36;97,749 &#36;96,732 con IVA","Availability":"Out of stock"},"schema":{"@context":"https:\/\/schema.org","@graph":[{"@type":"WebPage","@id":"https:\/\/compuviper.mx\/tienda\/producto\/koblenz-200021-ol-3p-ups-on-line-doble-conversin-20-000-va-18-000-w-3-fases-de-entrada-3-fases-de-salida-garanta-de-3-aos-y-2-en-batera\/","url":"https:\/\/compuviper.mx\/tienda\/producto\/koblenz-200021-ol-3p-ups-on-line-doble-conversin-20-000-va-18-000-w-3-fases-de-entrada-3-fases-de-salida-garanta-de-3-aos-y-2-en-batera\/","name":"[ Koblenz ] &#129351; 200021 Ol 3p Ups On Line Doble Conversi\u00f3n 20 000 Va \/ 18 000 W. 3 Fases De Entrada \/ 3 Fases De Salida, Garant\u00eda De 3 A\u00f1os Y 2 En Bater\u00eda.","isPartOf":{"@id":"https:\/\/compuviper.mx\/tienda\/#website"},"datePublished":"2026-04-07T06:24:18+00:00","dateModified":"2026-04-07T06:24:18+00:00","description":"Compra 200021 Ol 3p Ups On Line Doble Conversi\u00f3n 20 000 Va \/ 18 000 W. 3 Fases De Entrada \/ 3 Fases De Salida, Garant\u00eda De 3 A\u00f1os Y 2 En Bater\u00eda. + Env\u00edo a domicilio + Pago seguro + Garant\u00eda","breadcrumb":{"@id":"https:\/\/compuviper.mx\/tienda\/producto\/koblenz-200021-ol-3p-ups-on-line-doble-conversin-20-000-va-18-000-w-3-fases-de-entrada-3-fases-de-salida-garanta-de-3-aos-y-2-en-batera\/#breadcrumb"},"inLanguage":"es-MX","potentialAction":[{"@type":"ReadAction","target":["https:\/\/compuviper.mx\/tienda\/producto\/koblenz-200021-ol-3p-ups-on-line-doble-conversin-20-000-va-18-000-w-3-fases-de-entrada-3-fases-de-salida-garanta-de-3-aos-y-2-en-batera\/"]}]},{"@type":"BreadcrumbList","@id":"https:\/\/compuviper.mx\/tienda\/producto\/koblenz-200021-ol-3p-ups-on-line-doble-conversin-20-000-va-18-000-w-3-fases-de-entrada-3-fases-de-salida-garanta-de-3-aos-y-2-en-batera\/#breadcrumb","itemListElement":[{"@type":"ListItem","position":1,"name":"Inicio","item":"https:\/\/compuviper.mx\/tienda\/"},{"@type":"ListItem","position":2,"name":"Productos","item":"https:\/\/compuviper.mx\/tienda\/productos\/"},{"@type":"ListItem","position":3,"name":"Energia","item":"https:\/\/compuviper.mx\/tienda\/categoria-producto\/energia\/"},{"@type":"ListItem","position":4,"name":"No Break","item":"https:\/\/compuviper.mx\/tienda\/categoria-producto\/energia\/no-break\/"},{"@type":"ListItem","position":5,"name":"Koblenz 200021 Ol 3p Ups On Line Doble Conversi?n 20 000 Va \/ 18 000 W. 3 Fases De Entrada \/ 3 Fases De Salida, Garant?a De 3 A?os Y 2 En Bater?a."}]},{"@type":"WebSite","@id":"https:\/\/compuviper.mx\/tienda\/#website","url":"https:\/\/compuviper.mx\/tienda\/","name":"Compuviper","description":"Proveedor de Computadoras, Laptops, Servidores, Monitores, Puntos de Venta, Teclados,   Impresoras, T\u00f3ner, C\u00e1maras de Seguridad y m\u00e1s en tu tienda en l\u00ednea","publisher":{"@id":"https:\/\/compuviper.mx\/tienda\/#organization"},"potentialAction":[{"@type":"SearchAction","target":{"@type":"EntryPoint","urlTemplate":"https:\/\/compuviper.mx\/tienda\/?s={search_term_string}"},"query-input":"required name=search_term_string"}],"inLanguage":"es-MX"},{"@type":"Organization","@id":"https:\/\/compuviper.mx\/tienda\/#organization","name":"Compuviper","url":"https:\/\/compuviper.mx\/tienda\/","logo":{"@type":"ImageObject","inLanguage":"es-MX","@id":"https:\/\/compuviper.mx\/tienda\/#\/schema\/logo\/image\/","url":"https:\/\/compuviper.mx\/tienda\/wp-content\/uploads\/2021\/08\/Logo-Compuviper-10.png","contentUrl":"https:\/\/compuviper.mx\/tienda\/wp-content\/uploads\/2021\/08\/Logo-Compuviper-10.png","width":1000,"height":500,"caption":"Compuviper"},"image":{"@id":"https:\/\/compuviper.mx\/tienda\/#\/schema\/logo\/image\/"},"sameAs":["https:\/\/www.facebook.com\/compuviper","https:\/\/www.youtube.com\/channel\/UCf73dERp9Y3cfOq7q8BhLjA?view_as=subscriber"]}]},"product_brand":"KOBLENZ","product_price_amount":"96732","product_price_currency":"MXN","og_availability":"out of stock","product_availability":"out of stock","product_retailer_item_id":"200021 OL 3P","product_condition":"new"},"_links":{"self":[{"href":"https:\/\/compuviper.mx\/tienda\/wp-json\/wp\/v2\/product\/217346"}],"collection":[{"href":"https:\/\/compuviper.mx\/tienda\/wp-json\/wp\/v2\/product"}],"about":[{"href":"https:\/\/compuviper.mx\/tienda\/wp-json\/wp\/v2\/types\/product"}],"replies":[{"embeddable":true,"href":"https:\/\/compuviper.mx\/tienda\/wp-json\/wp\/v2\/comments?post=217346"}],"wp:featuredmedia":[{"embeddable":true,"href":"https:\/\/compuviper.mx\/tienda\/wp-json\/wp\/v2\/media\/217347"}],"wp:attachment":[{"href":"https:\/\/compuviper.mx\/tienda\/wp-json\/wp\/v2\/media?parent=217346"}],"wp:term":[{"taxonomy":"product_cat","embeddable":true,"href":"https:\/\/compuviper.mx\/tienda\/wp-json\/wp\/v2\/product_cat?post=217346"},{"taxonomy":"product_tag","embeddable":true,"href":"https:\/\/compuviper.mx\/tienda\/wp-json\/wp\/v2\/product_tag?post=217346"}],"curies":[{"name":"wp","href":"https:\/\/api.w.org\/{rel}","templated":true}]}}