{"id":217334,"date":"2026-04-07T00:24:15","date_gmt":"2026-04-07T06:24:15","guid":{"rendered":"https:\/\/compuviper.mx\/tienda\/producto\/apc-be600m1-lm-no-break-de-600va-standy-by-con-7-nemas-5-15r\/"},"modified":"2026-04-07T00:24:15","modified_gmt":"2026-04-07T06:24:15","slug":"apc-be600m1-lm-no-break-de-600va-standy-by-con-7-nemas-5-15r","status":"publish","type":"product","link":"https:\/\/compuviper.mx\/tienda\/producto\/apc-be600m1-lm-no-break-de-600va-standy-by-con-7-nemas-5-15r\/","title":{"rendered":"Apc Be600m1-lm No Break De 600va Standy By Con 7 Nemas 5-15r"},"content":{"rendered":"<table class=\"descripcion\">\n<tr>\n<td>Salida<\/td>\n<\/tr>\n<tr>\n<td>Capacidad de potencia de salida<\/td>\n<\/tr>\n<tr>\n<td>330vatios \/ 600va<\/td>\n<\/tr>\n<tr>\n<td>Maxima potencia configurable (vatios)<\/td>\n<\/tr>\n<tr>\n<td>330 watts \/ 600 vas<\/td>\n<\/tr>\n<tr>\n<td>Tension de salida nominal<\/td>\n<\/tr>\n<tr>\n<td>120v<\/td>\n<\/tr>\n<tr>\n<td>Frequencia de salida (sincronizada con la red)<\/td>\n<\/tr>\n<tr>\n<td>50\/60hz +\/- 3 hz<\/td>\n<\/tr>\n<tr>\n<td>Topologia<\/td>\n<\/tr>\n<tr>\n<td>De reserva<\/td>\n<\/tr>\n<tr>\n<td>Tipo de forma de onda<\/td>\n<\/tr>\n<tr>\n<td>Aproximacion acompasada de una onda sinusoidal<\/td>\n<\/tr>\n<tr>\n<td>Conexiones de salida<\/td>\n<\/tr>\n<tr>\n<td>(2) nema 5-15r (supresor de picos)<\/td>\n<\/tr>\n<tr>\n<td>(5) nema 5-15r (respaldo de bateria)<\/td>\n<\/tr>\n<tr>\n<td>Duracion de transferencia<\/td>\n<\/tr>\n<tr>\n<td>6ms typical : 10ms maximo<\/td>\n<\/tr>\n<tr>\n<td>Entrada<\/td>\n<\/tr>\n<tr>\n<td>Entrada de voltaje<\/td>\n<\/tr>\n<tr>\n<td>120v<\/td>\n<\/tr>\n<tr>\n<td>Frecuencia de entrada<\/td>\n<\/tr>\n<tr>\n<td>50\/60 hz +\/- 3 hz (autosensible)<\/td>\n<\/tr>\n<tr>\n<td>Tipo de enchufe<\/td>\n<\/tr>\n<tr>\n<td>Nema 5-15p<\/td>\n<\/tr>\n<tr>\n<td>Longitud del cable<\/td>\n<\/tr>\n<tr>\n<td>1.52metros<\/td>\n<\/tr>\n<tr>\n<td>Variaci\u00f3n de tension de entrada para operaciones principales<\/td>\n<\/tr>\n<tr>\n<td>92 &#8211; 139v<\/td>\n<\/tr>\n<tr>\n<td>Bateria y autonom\u00eda<\/td>\n<\/tr>\n<tr>\n<td>Tipo de bater\u00eda:<\/td>\n<\/tr>\n<tr>\n<td>Bater\u00eda sellada de plomo sin necesidad de mantencion con electrolito suspendido: a prueba de filtracion<\/td>\n<\/tr>\n<tr>\n<td>Tiempo de recarga tipico<\/td>\n<\/tr>\n<tr>\n<td>10hora(s)<\/td>\n<\/tr>\n<tr>\n<td>Vida util esperada de las baterias<\/td>\n<\/tr>\n<tr>\n<td>3 &#8211; 5 a\u00f1os<\/td>\n<\/tr>\n<\/table>\n","protected":false},"excerpt":{"rendered":"<p>Be600m1-lm. Apc back-ups es 600va, 120v,1 usb puerto de carga. Posibilidad de ajuste del nivel de sensibilidad a la tension. Ofrece la posibilidad de adaptar la ups para ofrecer un rendimiento optimo con aplicaciones de generadores o en entornos energeticos especificos. Alarmas sonoras. Ofrece notificaciones sobre cambios en las condiciones de las unidades ups y de la compa\u00f1ia electrica. Autodiagnostico automatico. Garantiza la deteccion anticipada de posibles problemas mediante la realizacion de diagnosticos periodicos de los componentes de las unidades ups. Notificacion sobre fallas de la bateria. Analiza las baterias a fin de advertir anticipadamente en caso de fallas posibles, lo que garantiza que el mantenimiento preventivo sea oportuno. Indicador de fallas en el cableado de la instalacion. Este indicador led informa a los usuarios sobre posibles problemas de cableado en la instalacion electrica que puedan resultar peligrosos. Capacidad de arranque en frio. Proporciona alimentacion temporaria a traves de la bateria cuando se interrumpe el suministro de la red. Notificacion de desconexion de baterias. Advierte cuando una bateria no se encuentra disponible para ofrecer suministro de respaldo. Baterias reemplazables en caliente. Garantiza que llegue un suministro puro e ininterrumpido a los equipos protegidos durante el recambio de baterias. Reemplazo de baterias simple. Aumenta la disponibilidad de la unidad ups mediante el reemplazo de baterias rapido y sencillo. Espaciado del bloque de transformador. Conecte los enchufes de un transformador voluminoso sin tapar otras tomas de salida. Conectividad usb. Proporciona administracion de la unidad ups a traves de puertos usb.<\/p>\n","protected":false},"featured_media":217335,"comment_status":"open","ping_status":"open","template":"","meta":[],"product_cat":[1508,1691],"product_tag":[1694],"acf":[],"yoast_head":"<!-- This site is optimized with the Yoast SEO plugin v21.7 - https:\/\/yoast.com\/wordpress\/plugins\/seo\/ -->\n<title>[ Apc ] &#129351; Be600m1-lm No Break De 600va Standy By Con 7 Nemas 5-15r<\/title>\n<meta name=\"description\" content=\"Compra Be600m1-lm No Break De 600va Standy By Con 7 Nemas 5-15r + Env\u00edo a domicilio + Pago seguro + Garant\u00eda\" \/>\n<meta name=\"robots\" content=\"index, follow, max-snippet:-1, max-image-preview:large, max-video-preview:-1\" \/>\n<link rel=\"canonical\" href=\"https:\/\/compuviper.mx\/tienda\/producto\/apc-be600m1-lm-no-break-de-600va-standy-by-con-7-nemas-5-15r\/\" \/>\n<meta property=\"og:locale\" content=\"es_MX\" \/>\n<meta property=\"og:type\" content=\"article\" \/>\n<meta property=\"og:title\" content=\"[ Apc ] &#129351; Be600m1-lm No Break De 600va Standy By Con 7 Nemas 5-15r\" \/>\n<meta property=\"og:description\" content=\"Compra Be600m1-lm No Break De 600va Standy By Con 7 Nemas 5-15r + Env\u00edo a domicilio + Pago seguro + Garant\u00eda\" \/>\n<meta property=\"og:url\" content=\"https:\/\/compuviper.mx\/tienda\/producto\/apc-be600m1-lm-no-break-de-600va-standy-by-con-7-nemas-5-15r\/\" \/>\n<meta property=\"og:site_name\" content=\"Compuviper\" \/>\n<meta property=\"article:publisher\" content=\"https:\/\/www.facebook.com\/compuviper\" \/>\n<meta property=\"og:image\" content=\"https:\/\/compuviper.mx\/tienda\/wp-content\/uploads\/2023\/12\/No-break-de-600va-standy-by-con-7-nemas-5-15r.jpg\" \/>\n\t<meta property=\"og:image:width\" content=\"200\" \/>\n\t<meta property=\"og:image:height\" content=\"200\" \/>\n\t<meta property=\"og:image:type\" content=\"image\/jpeg\" \/>\n<meta name=\"twitter:card\" content=\"summary_large_image\" \/>\n<meta name=\"twitter:label1\" content=\"Precio\" \/>\n\t<meta name=\"twitter:data1\" content=\"&#36;1,530 &#36;1,442 con IVA\" \/>\n\t<meta name=\"twitter:label2\" content=\"Availability\" \/>\n\t<meta name=\"twitter:data2\" content=\"In stock\" \/>\n<script type=\"application\/ld+json\" class=\"yoast-schema-graph\">{\"@context\":\"https:\/\/schema.org\",\"@graph\":[{\"@type\":\"WebPage\",\"@id\":\"https:\/\/compuviper.mx\/tienda\/producto\/apc-be600m1-lm-no-break-de-600va-standy-by-con-7-nemas-5-15r\/\",\"url\":\"https:\/\/compuviper.mx\/tienda\/producto\/apc-be600m1-lm-no-break-de-600va-standy-by-con-7-nemas-5-15r\/\",\"name\":\"[ Apc ] &#129351; Be600m1-lm No Break De 600va Standy By Con 7 Nemas 5-15r\",\"isPartOf\":{\"@id\":\"https:\/\/compuviper.mx\/tienda\/#website\"},\"datePublished\":\"2026-04-07T06:24:15+00:00\",\"dateModified\":\"2026-04-07T06:24:15+00:00\",\"description\":\"Compra Be600m1-lm No Break De 600va Standy By Con 7 Nemas 5-15r + Env\u00edo a domicilio + Pago seguro + Garant\u00eda\",\"breadcrumb\":{\"@id\":\"https:\/\/compuviper.mx\/tienda\/producto\/apc-be600m1-lm-no-break-de-600va-standy-by-con-7-nemas-5-15r\/#breadcrumb\"},\"inLanguage\":\"es-MX\",\"potentialAction\":[{\"@type\":\"ReadAction\",\"target\":[\"https:\/\/compuviper.mx\/tienda\/producto\/apc-be600m1-lm-no-break-de-600va-standy-by-con-7-nemas-5-15r\/\"]}]},{\"@type\":\"BreadcrumbList\",\"@id\":\"https:\/\/compuviper.mx\/tienda\/producto\/apc-be600m1-lm-no-break-de-600va-standy-by-con-7-nemas-5-15r\/#breadcrumb\",\"itemListElement\":[{\"@type\":\"ListItem\",\"position\":1,\"name\":\"Inicio\",\"item\":\"https:\/\/compuviper.mx\/tienda\/\"},{\"@type\":\"ListItem\",\"position\":2,\"name\":\"Productos\",\"item\":\"https:\/\/compuviper.mx\/tienda\/productos\/\"},{\"@type\":\"ListItem\",\"position\":3,\"name\":\"Energia\",\"item\":\"https:\/\/compuviper.mx\/tienda\/categoria-producto\/energia\/\"},{\"@type\":\"ListItem\",\"position\":4,\"name\":\"No Break\",\"item\":\"https:\/\/compuviper.mx\/tienda\/categoria-producto\/energia\/no-break\/\"},{\"@type\":\"ListItem\",\"position\":5,\"name\":\"Apc Be600m1-lm No Break De 600va Standy By Con 7 Nemas 5-15r\"}]},{\"@type\":\"WebSite\",\"@id\":\"https:\/\/compuviper.mx\/tienda\/#website\",\"url\":\"https:\/\/compuviper.mx\/tienda\/\",\"name\":\"Compuviper\",\"description\":\"Proveedor de Computadoras, Laptops, Servidores, Monitores, Puntos de Venta, Teclados,   Impresoras, T\u00f3ner, C\u00e1maras de Seguridad y m\u00e1s en tu tienda en l\u00ednea\",\"publisher\":{\"@id\":\"https:\/\/compuviper.mx\/tienda\/#organization\"},\"potentialAction\":[{\"@type\":\"SearchAction\",\"target\":{\"@type\":\"EntryPoint\",\"urlTemplate\":\"https:\/\/compuviper.mx\/tienda\/?s={search_term_string}\"},\"query-input\":\"required name=search_term_string\"}],\"inLanguage\":\"es-MX\"},{\"@type\":\"Organization\",\"@id\":\"https:\/\/compuviper.mx\/tienda\/#organization\",\"name\":\"Compuviper\",\"url\":\"https:\/\/compuviper.mx\/tienda\/\",\"logo\":{\"@type\":\"ImageObject\",\"inLanguage\":\"es-MX\",\"@id\":\"https:\/\/compuviper.mx\/tienda\/#\/schema\/logo\/image\/\",\"url\":\"https:\/\/compuviper.mx\/tienda\/wp-content\/uploads\/2021\/08\/Logo-Compuviper-10.png\",\"contentUrl\":\"https:\/\/compuviper.mx\/tienda\/wp-content\/uploads\/2021\/08\/Logo-Compuviper-10.png\",\"width\":1000,\"height\":500,\"caption\":\"Compuviper\"},\"image\":{\"@id\":\"https:\/\/compuviper.mx\/tienda\/#\/schema\/logo\/image\/\"},\"sameAs\":[\"https:\/\/www.facebook.com\/compuviper\",\"https:\/\/www.youtube.com\/channel\/UCf73dERp9Y3cfOq7q8BhLjA?view_as=subscriber\"]}]}<\/script>\n<meta property=\"product:brand\" content=\"APC\" \/>\n<meta property=\"product:price:amount\" content=\"1442\" \/>\n<meta property=\"product:price:currency\" content=\"MXN\" \/>\n<meta property=\"og:availability\" content=\"instock\" \/>\n<meta property=\"product:availability\" content=\"instock\" \/>\n<meta property=\"product:retailer_item_id\" content=\"BE600M1-LM\" \/>\n<meta property=\"product:condition\" content=\"new\" \/>\n<!-- \/ Yoast SEO plugin. -->","yoast_head_json":{"title":"[ Apc ] &#129351; Be600m1-lm No Break De 600va Standy By Con 7 Nemas 5-15r","description":"Compra Be600m1-lm No Break De 600va Standy By Con 7 Nemas 5-15r + Env\u00edo a domicilio + Pago seguro + Garant\u00eda","robots":{"index":"index","follow":"follow","max-snippet":"max-snippet:-1","max-image-preview":"max-image-preview:large","max-video-preview":"max-video-preview:-1"},"canonical":"https:\/\/compuviper.mx\/tienda\/producto\/apc-be600m1-lm-no-break-de-600va-standy-by-con-7-nemas-5-15r\/","og_locale":"es_MX","og_type":"article","og_title":"[ Apc ] &#129351; Be600m1-lm No Break De 600va Standy By Con 7 Nemas 5-15r","og_description":"Compra Be600m1-lm No Break De 600va Standy By Con 7 Nemas 5-15r + Env\u00edo a domicilio + Pago seguro + Garant\u00eda","og_url":"https:\/\/compuviper.mx\/tienda\/producto\/apc-be600m1-lm-no-break-de-600va-standy-by-con-7-nemas-5-15r\/","og_site_name":"Compuviper","article_publisher":"https:\/\/www.facebook.com\/compuviper","og_image":[{"width":200,"height":200,"url":"https:\/\/compuviper.mx\/tienda\/wp-content\/uploads\/2023\/12\/No-break-de-600va-standy-by-con-7-nemas-5-15r.jpg","type":"image\/jpeg"}],"twitter_card":"summary_large_image","twitter_misc":{"Precio":"&#36;1,530 &#36;1,442 con IVA","Availability":"In stock"},"schema":{"@context":"https:\/\/schema.org","@graph":[{"@type":"WebPage","@id":"https:\/\/compuviper.mx\/tienda\/producto\/apc-be600m1-lm-no-break-de-600va-standy-by-con-7-nemas-5-15r\/","url":"https:\/\/compuviper.mx\/tienda\/producto\/apc-be600m1-lm-no-break-de-600va-standy-by-con-7-nemas-5-15r\/","name":"[ Apc ] &#129351; Be600m1-lm No Break De 600va Standy By Con 7 Nemas 5-15r","isPartOf":{"@id":"https:\/\/compuviper.mx\/tienda\/#website"},"datePublished":"2026-04-07T06:24:15+00:00","dateModified":"2026-04-07T06:24:15+00:00","description":"Compra Be600m1-lm No Break De 600va Standy By Con 7 Nemas 5-15r + Env\u00edo a domicilio + Pago seguro + Garant\u00eda","breadcrumb":{"@id":"https:\/\/compuviper.mx\/tienda\/producto\/apc-be600m1-lm-no-break-de-600va-standy-by-con-7-nemas-5-15r\/#breadcrumb"},"inLanguage":"es-MX","potentialAction":[{"@type":"ReadAction","target":["https:\/\/compuviper.mx\/tienda\/producto\/apc-be600m1-lm-no-break-de-600va-standy-by-con-7-nemas-5-15r\/"]}]},{"@type":"BreadcrumbList","@id":"https:\/\/compuviper.mx\/tienda\/producto\/apc-be600m1-lm-no-break-de-600va-standy-by-con-7-nemas-5-15r\/#breadcrumb","itemListElement":[{"@type":"ListItem","position":1,"name":"Inicio","item":"https:\/\/compuviper.mx\/tienda\/"},{"@type":"ListItem","position":2,"name":"Productos","item":"https:\/\/compuviper.mx\/tienda\/productos\/"},{"@type":"ListItem","position":3,"name":"Energia","item":"https:\/\/compuviper.mx\/tienda\/categoria-producto\/energia\/"},{"@type":"ListItem","position":4,"name":"No Break","item":"https:\/\/compuviper.mx\/tienda\/categoria-producto\/energia\/no-break\/"},{"@type":"ListItem","position":5,"name":"Apc Be600m1-lm No Break De 600va Standy By Con 7 Nemas 5-15r"}]},{"@type":"WebSite","@id":"https:\/\/compuviper.mx\/tienda\/#website","url":"https:\/\/compuviper.mx\/tienda\/","name":"Compuviper","description":"Proveedor de Computadoras, Laptops, Servidores, Monitores, Puntos de Venta, Teclados,   Impresoras, T\u00f3ner, C\u00e1maras de Seguridad y m\u00e1s en tu tienda en l\u00ednea","publisher":{"@id":"https:\/\/compuviper.mx\/tienda\/#organization"},"potentialAction":[{"@type":"SearchAction","target":{"@type":"EntryPoint","urlTemplate":"https:\/\/compuviper.mx\/tienda\/?s={search_term_string}"},"query-input":"required name=search_term_string"}],"inLanguage":"es-MX"},{"@type":"Organization","@id":"https:\/\/compuviper.mx\/tienda\/#organization","name":"Compuviper","url":"https:\/\/compuviper.mx\/tienda\/","logo":{"@type":"ImageObject","inLanguage":"es-MX","@id":"https:\/\/compuviper.mx\/tienda\/#\/schema\/logo\/image\/","url":"https:\/\/compuviper.mx\/tienda\/wp-content\/uploads\/2021\/08\/Logo-Compuviper-10.png","contentUrl":"https:\/\/compuviper.mx\/tienda\/wp-content\/uploads\/2021\/08\/Logo-Compuviper-10.png","width":1000,"height":500,"caption":"Compuviper"},"image":{"@id":"https:\/\/compuviper.mx\/tienda\/#\/schema\/logo\/image\/"},"sameAs":["https:\/\/www.facebook.com\/compuviper","https:\/\/www.youtube.com\/channel\/UCf73dERp9Y3cfOq7q8BhLjA?view_as=subscriber"]}]},"product_brand":"APC","product_price_amount":"1442","product_price_currency":"MXN","og_availability":"instock","product_availability":"instock","product_retailer_item_id":"BE600M1-LM","product_condition":"new"},"_links":{"self":[{"href":"https:\/\/compuviper.mx\/tienda\/wp-json\/wp\/v2\/product\/217334"}],"collection":[{"href":"https:\/\/compuviper.mx\/tienda\/wp-json\/wp\/v2\/product"}],"about":[{"href":"https:\/\/compuviper.mx\/tienda\/wp-json\/wp\/v2\/types\/product"}],"replies":[{"embeddable":true,"href":"https:\/\/compuviper.mx\/tienda\/wp-json\/wp\/v2\/comments?post=217334"}],"wp:featuredmedia":[{"embeddable":true,"href":"https:\/\/compuviper.mx\/tienda\/wp-json\/wp\/v2\/media\/217335"}],"wp:attachment":[{"href":"https:\/\/compuviper.mx\/tienda\/wp-json\/wp\/v2\/media?parent=217334"}],"wp:term":[{"taxonomy":"product_cat","embeddable":true,"href":"https:\/\/compuviper.mx\/tienda\/wp-json\/wp\/v2\/product_cat?post=217334"},{"taxonomy":"product_tag","embeddable":true,"href":"https:\/\/compuviper.mx\/tienda\/wp-json\/wp\/v2\/product_tag?post=217334"}],"curies":[{"name":"wp","href":"https:\/\/api.w.org\/{rel}","templated":true}]}}