{"id":217320,"date":"2026-04-07T00:24:12","date_gmt":"2026-04-07T06:24:12","guid":{"rendered":"https:\/\/compuviper.mx\/tienda\/producto\/cdp-upo22-6ax-ups-online-6kva-6000va-6000w-up022-6ax-bifasico-torre-220vca-voltaje-nominal-doble-conversion-de-alto-rendimiento-requiere-cotizas-servicios-p-garantia\/"},"modified":"2026-04-07T00:24:12","modified_gmt":"2026-04-07T06:24:12","slug":"cdp-upo22-6ax-ups-bifasico-de-6kva-torre-6000va-6000watss220vca-120-208-240vca","status":"publish","type":"product","link":"https:\/\/compuviper.mx\/tienda\/producto\/cdp-upo22-6ax-ups-bifasico-de-6kva-torre-6000va-6000watss220vca-120-208-240vca\/","title":{"rendered":"Cdp Upo22-6ax Ups Bifasico De 6kva Torre 6000va\/6000watss220vca 120\/208\/240vca"},"content":{"rendered":"<table class=\"descripcion\">\n<tr>\n<td>Potencia 6000\/5400 w<\/td>\n<\/tr>\n<tr>\n<td>Entrada 220vca voltaje nominal.<\/td>\n<\/tr>\n<tr>\n<td>Rango de frecuencia.50\/60 hz+\u00b4\/-7%<\/td>\n<\/tr>\n<tr>\n<td>Factor de potencia 0.99 a plena carga.<\/td>\n<\/tr>\n<tr>\n<td>Salida+voltaje de salida 104\/110\/115\/120\/ v o 208\/220\/230\/240 vcaregulacion volt ac +\/- 0.1hz.<\/td>\n<\/tr>\n<tr>\n<td>Corriente cresta 3:1 max<\/td>\n<\/tr>\n<tr>\n<td>Sobrecarga modo ac de bateria 100%-100%10 min\/110%-130%:1min\/ 130%:1seg.<\/td>\n<\/tr>\n<tr>\n<td>Distorcion armonica  \/=2%thd(carga lineales)<\/td>\n<\/tr>\n<tr>\n<td>Tiempo de transferencia 0 milisegundos.<\/td>\n<\/tr>\n<tr>\n<td>Tipo de onda senoidal pura.<\/td>\n<\/tr>\n<tr>\n<td>Eficiencia.<\/td>\n<\/tr>\n<tr>\n<td>Modo ac 90%<\/td>\n<\/tr>\n<tr>\n<td>Modo eco 96%<\/td>\n<\/tr>\n<tr>\n<td>Baterias<\/td>\n<\/tr>\n<tr>\n<td>Tipo \/ cantidad de baterias 12v\/7ah x 20<\/td>\n<\/tr>\n<tr>\n<td>Tiempo de carga 4 a 5 horas al 90%<\/td>\n<\/tr>\n<tr>\n<td>Fisica<\/td>\n<\/tr>\n<tr>\n<td>Dimensiones largo 250 x alto 826 x profundo 592 mm<\/td>\n<\/tr>\n<tr>\n<td>Peso neto  117 kg.<\/td>\n<\/tr>\n<tr>\n<td>Hambientales.<\/td>\n<\/tr>\n<tr>\n<td>Humedad                 95%rh@ 0-040\u00b0c (sin condensacion)<\/td>\n<\/tr>\n<tr>\n<td>Nivel de ruido  menor a 58dba @ metro<\/td>\n<\/tr>\n<tr>\n<td>Control<\/td>\n<\/tr>\n<tr>\n<td>Smart rs232 o usb soporta windows 2000\/2003\/xp\/vista\/2008\/7,810 linuxy mac.<\/td>\n<\/tr>\n<tr>\n<td>Opcional snmp  control y mando para snmp y web brower(mediante snmp o interna o snmpdb9.<\/td>\n<\/tr>\n<tr>\n<td>Emc\/seguridad (emc, en62040 c1,en62040-2)ul, t<\/td>\n<\/tr>\n<tr>\n<td>Rohs,iso 9001-iso 14000<\/td>\n<\/tr>\n<tr>\n<td>Es necesario cotizar con el pm, servicio de arranque-viaticos, flete,garantia en sitio. para hacer valida la garantia.<\/td>\n<\/tr>\n<\/table>\n","protected":false},"excerpt":{"rendered":"<p>Conexion simple de sistema paralelo para incrementar la capacidad  hasta 3 unidades mas, incrementando la capacidad de carga. Convertidor de frecuencia programable desde el panel lcd con opciones de 50 y 60 hz. Auto-diagnositico inteligente realizado por el procesador de se\u00f1al digital dsp permite al ups revisar todos su componentes y en caso de falla es desplegada en el panel lcd. Procesador de se\u00f1al digital de tiempo completo. Voltaje y frecuencia constante programable (cvcf. Modo inteligente de ahorro de energia. Funcion opcional de apagado de emergencia(epo. Transformador de aislamiento. Facil cambio de bateria en caliente. Manejo avazado de carga de baterias las protege de descargas profundas cuando existe interrupcion del servicio electrico, alargando su vida promedio<\/p>\n","protected":false},"featured_media":217321,"comment_status":"open","ping_status":"open","template":"","meta":[],"product_cat":[1508,1691],"product_tag":[1693],"acf":[],"yoast_head":"<!-- This site is optimized with the Yoast SEO plugin v21.7 - https:\/\/yoast.com\/wordpress\/plugins\/seo\/ -->\n<title>[ Cdp ] &#129351; Upo22-6ax Ups Bifasico De 6kva Torre 6000va\/6000watss220vca 120\/208\/240vca<\/title>\n<meta name=\"description\" content=\"Compra Upo22-6ax Ups Bifasico De 6kva Torre 6000va\/6000watss220vca 120\/208\/240vca + Env\u00edo a domicilio + Pago seguro + Garant\u00eda\" \/>\n<meta name=\"robots\" content=\"index, follow, max-snippet:-1, max-image-preview:large, max-video-preview:-1\" \/>\n<link rel=\"canonical\" href=\"https:\/\/compuviper.mx\/tienda\/producto\/cdp-upo22-6ax-ups-bifasico-de-6kva-torre-6000va-6000watss220vca-120-208-240vca\/\" \/>\n<meta property=\"og:locale\" content=\"es_MX\" \/>\n<meta property=\"og:type\" content=\"article\" \/>\n<meta property=\"og:title\" content=\"[ Cdp ] &#129351; Upo22-6ax Ups Bifasico De 6kva Torre 6000va\/6000watss220vca 120\/208\/240vca\" \/>\n<meta property=\"og:description\" content=\"Compra Upo22-6ax Ups Bifasico De 6kva Torre 6000va\/6000watss220vca 120\/208\/240vca + Env\u00edo a domicilio + Pago seguro + Garant\u00eda\" \/>\n<meta property=\"og:url\" content=\"https:\/\/compuviper.mx\/tienda\/producto\/cdp-upo22-6ax-ups-bifasico-de-6kva-torre-6000va-6000watss220vca-120-208-240vca\/\" \/>\n<meta property=\"og:site_name\" content=\"Compuviper\" \/>\n<meta property=\"article:publisher\" content=\"https:\/\/www.facebook.com\/compuviper\" \/>\n<meta property=\"og:image\" content=\"https:\/\/compuviper.mx\/tienda\/wp-content\/uploads\/2023\/12\/Ups-online-cdp-6kva-6000va6000w-up022-6ax-bifasico-torre220vca-voltaje-nominaldoble-conversion-de-alto-rendimientorequiere-cotizas-servicios-pgarantia.jpg\" \/>\n\t<meta property=\"og:image:width\" content=\"200\" \/>\n\t<meta property=\"og:image:height\" content=\"200\" \/>\n\t<meta property=\"og:image:type\" content=\"image\/jpeg\" \/>\n<meta name=\"twitter:card\" content=\"summary_large_image\" \/>\n<meta name=\"twitter:label1\" content=\"Precio\" \/>\n\t<meta name=\"twitter:data1\" content=\"&#36;51,709 con IVA\" \/>\n\t<meta name=\"twitter:label2\" content=\"Availability\" \/>\n\t<meta name=\"twitter:data2\" content=\"Out of stock\" \/>\n<script type=\"application\/ld+json\" class=\"yoast-schema-graph\">{\"@context\":\"https:\/\/schema.org\",\"@graph\":[{\"@type\":\"WebPage\",\"@id\":\"https:\/\/compuviper.mx\/tienda\/producto\/cdp-upo22-6ax-ups-bifasico-de-6kva-torre-6000va-6000watss220vca-120-208-240vca\/\",\"url\":\"https:\/\/compuviper.mx\/tienda\/producto\/cdp-upo22-6ax-ups-bifasico-de-6kva-torre-6000va-6000watss220vca-120-208-240vca\/\",\"name\":\"[ Cdp ] &#129351; Upo22-6ax Ups Bifasico De 6kva Torre 6000va\/6000watss220vca 120\/208\/240vca\",\"isPartOf\":{\"@id\":\"https:\/\/compuviper.mx\/tienda\/#website\"},\"datePublished\":\"2026-04-07T06:24:12+00:00\",\"dateModified\":\"2026-04-07T06:24:12+00:00\",\"description\":\"Compra Upo22-6ax Ups Bifasico De 6kva Torre 6000va\/6000watss220vca 120\/208\/240vca + Env\u00edo a domicilio + Pago seguro + Garant\u00eda\",\"breadcrumb\":{\"@id\":\"https:\/\/compuviper.mx\/tienda\/producto\/cdp-upo22-6ax-ups-bifasico-de-6kva-torre-6000va-6000watss220vca-120-208-240vca\/#breadcrumb\"},\"inLanguage\":\"es-MX\",\"potentialAction\":[{\"@type\":\"ReadAction\",\"target\":[\"https:\/\/compuviper.mx\/tienda\/producto\/cdp-upo22-6ax-ups-bifasico-de-6kva-torre-6000va-6000watss220vca-120-208-240vca\/\"]}]},{\"@type\":\"BreadcrumbList\",\"@id\":\"https:\/\/compuviper.mx\/tienda\/producto\/cdp-upo22-6ax-ups-bifasico-de-6kva-torre-6000va-6000watss220vca-120-208-240vca\/#breadcrumb\",\"itemListElement\":[{\"@type\":\"ListItem\",\"position\":1,\"name\":\"Inicio\",\"item\":\"https:\/\/compuviper.mx\/tienda\/\"},{\"@type\":\"ListItem\",\"position\":2,\"name\":\"Productos\",\"item\":\"https:\/\/compuviper.mx\/tienda\/productos\/\"},{\"@type\":\"ListItem\",\"position\":3,\"name\":\"Energia\",\"item\":\"https:\/\/compuviper.mx\/tienda\/categoria-producto\/energia\/\"},{\"@type\":\"ListItem\",\"position\":4,\"name\":\"No Break\",\"item\":\"https:\/\/compuviper.mx\/tienda\/categoria-producto\/energia\/no-break\/\"},{\"@type\":\"ListItem\",\"position\":5,\"name\":\"Cdp Upo22-6ax Ups Bifasico De 6kva Torre 6000va\/6000watss220vca 120\/208\/240vca\"}]},{\"@type\":\"WebSite\",\"@id\":\"https:\/\/compuviper.mx\/tienda\/#website\",\"url\":\"https:\/\/compuviper.mx\/tienda\/\",\"name\":\"Compuviper\",\"description\":\"Proveedor de Computadoras, Laptops, Servidores, Monitores, Puntos de Venta, Teclados,   Impresoras, T\u00f3ner, C\u00e1maras de Seguridad y m\u00e1s en tu tienda en l\u00ednea\",\"publisher\":{\"@id\":\"https:\/\/compuviper.mx\/tienda\/#organization\"},\"potentialAction\":[{\"@type\":\"SearchAction\",\"target\":{\"@type\":\"EntryPoint\",\"urlTemplate\":\"https:\/\/compuviper.mx\/tienda\/?s={search_term_string}\"},\"query-input\":\"required name=search_term_string\"}],\"inLanguage\":\"es-MX\"},{\"@type\":\"Organization\",\"@id\":\"https:\/\/compuviper.mx\/tienda\/#organization\",\"name\":\"Compuviper\",\"url\":\"https:\/\/compuviper.mx\/tienda\/\",\"logo\":{\"@type\":\"ImageObject\",\"inLanguage\":\"es-MX\",\"@id\":\"https:\/\/compuviper.mx\/tienda\/#\/schema\/logo\/image\/\",\"url\":\"https:\/\/compuviper.mx\/tienda\/wp-content\/uploads\/2021\/08\/Logo-Compuviper-10.png\",\"contentUrl\":\"https:\/\/compuviper.mx\/tienda\/wp-content\/uploads\/2021\/08\/Logo-Compuviper-10.png\",\"width\":1000,\"height\":500,\"caption\":\"Compuviper\"},\"image\":{\"@id\":\"https:\/\/compuviper.mx\/tienda\/#\/schema\/logo\/image\/\"},\"sameAs\":[\"https:\/\/www.facebook.com\/compuviper\",\"https:\/\/www.youtube.com\/channel\/UCf73dERp9Y3cfOq7q8BhLjA?view_as=subscriber\"]}]}<\/script>\n<meta property=\"product:brand\" content=\"CDP\" \/>\n<meta property=\"product:price:amount\" content=\"51709\" \/>\n<meta property=\"product:price:currency\" content=\"MXN\" \/>\n<meta property=\"og:availability\" content=\"out of stock\" \/>\n<meta property=\"product:availability\" content=\"out of stock\" \/>\n<meta property=\"product:retailer_item_id\" content=\"UPO22-6AX\" \/>\n<meta property=\"product:condition\" content=\"new\" \/>\n<!-- \/ Yoast SEO plugin. -->","yoast_head_json":{"title":"[ Cdp ] &#129351; Upo22-6ax Ups Bifasico De 6kva Torre 6000va\/6000watss220vca 120\/208\/240vca","description":"Compra Upo22-6ax Ups Bifasico De 6kva Torre 6000va\/6000watss220vca 120\/208\/240vca + Env\u00edo a domicilio + Pago seguro + Garant\u00eda","robots":{"index":"index","follow":"follow","max-snippet":"max-snippet:-1","max-image-preview":"max-image-preview:large","max-video-preview":"max-video-preview:-1"},"canonical":"https:\/\/compuviper.mx\/tienda\/producto\/cdp-upo22-6ax-ups-bifasico-de-6kva-torre-6000va-6000watss220vca-120-208-240vca\/","og_locale":"es_MX","og_type":"article","og_title":"[ Cdp ] &#129351; Upo22-6ax Ups Bifasico De 6kva Torre 6000va\/6000watss220vca 120\/208\/240vca","og_description":"Compra Upo22-6ax Ups Bifasico De 6kva Torre 6000va\/6000watss220vca 120\/208\/240vca + Env\u00edo a domicilio + Pago seguro + Garant\u00eda","og_url":"https:\/\/compuviper.mx\/tienda\/producto\/cdp-upo22-6ax-ups-bifasico-de-6kva-torre-6000va-6000watss220vca-120-208-240vca\/","og_site_name":"Compuviper","article_publisher":"https:\/\/www.facebook.com\/compuviper","og_image":[{"width":200,"height":200,"url":"https:\/\/compuviper.mx\/tienda\/wp-content\/uploads\/2023\/12\/Ups-online-cdp-6kva-6000va6000w-up022-6ax-bifasico-torre220vca-voltaje-nominaldoble-conversion-de-alto-rendimientorequiere-cotizas-servicios-pgarantia.jpg","type":"image\/jpeg"}],"twitter_card":"summary_large_image","twitter_misc":{"Precio":"&#36;51,709 con IVA","Availability":"Out of stock"},"schema":{"@context":"https:\/\/schema.org","@graph":[{"@type":"WebPage","@id":"https:\/\/compuviper.mx\/tienda\/producto\/cdp-upo22-6ax-ups-bifasico-de-6kva-torre-6000va-6000watss220vca-120-208-240vca\/","url":"https:\/\/compuviper.mx\/tienda\/producto\/cdp-upo22-6ax-ups-bifasico-de-6kva-torre-6000va-6000watss220vca-120-208-240vca\/","name":"[ Cdp ] &#129351; Upo22-6ax Ups Bifasico De 6kva Torre 6000va\/6000watss220vca 120\/208\/240vca","isPartOf":{"@id":"https:\/\/compuviper.mx\/tienda\/#website"},"datePublished":"2026-04-07T06:24:12+00:00","dateModified":"2026-04-07T06:24:12+00:00","description":"Compra Upo22-6ax Ups Bifasico De 6kva Torre 6000va\/6000watss220vca 120\/208\/240vca + Env\u00edo a domicilio + Pago seguro + Garant\u00eda","breadcrumb":{"@id":"https:\/\/compuviper.mx\/tienda\/producto\/cdp-upo22-6ax-ups-bifasico-de-6kva-torre-6000va-6000watss220vca-120-208-240vca\/#breadcrumb"},"inLanguage":"es-MX","potentialAction":[{"@type":"ReadAction","target":["https:\/\/compuviper.mx\/tienda\/producto\/cdp-upo22-6ax-ups-bifasico-de-6kva-torre-6000va-6000watss220vca-120-208-240vca\/"]}]},{"@type":"BreadcrumbList","@id":"https:\/\/compuviper.mx\/tienda\/producto\/cdp-upo22-6ax-ups-bifasico-de-6kva-torre-6000va-6000watss220vca-120-208-240vca\/#breadcrumb","itemListElement":[{"@type":"ListItem","position":1,"name":"Inicio","item":"https:\/\/compuviper.mx\/tienda\/"},{"@type":"ListItem","position":2,"name":"Productos","item":"https:\/\/compuviper.mx\/tienda\/productos\/"},{"@type":"ListItem","position":3,"name":"Energia","item":"https:\/\/compuviper.mx\/tienda\/categoria-producto\/energia\/"},{"@type":"ListItem","position":4,"name":"No Break","item":"https:\/\/compuviper.mx\/tienda\/categoria-producto\/energia\/no-break\/"},{"@type":"ListItem","position":5,"name":"Cdp Upo22-6ax Ups Bifasico De 6kva Torre 6000va\/6000watss220vca 120\/208\/240vca"}]},{"@type":"WebSite","@id":"https:\/\/compuviper.mx\/tienda\/#website","url":"https:\/\/compuviper.mx\/tienda\/","name":"Compuviper","description":"Proveedor de Computadoras, Laptops, Servidores, Monitores, Puntos de Venta, Teclados,   Impresoras, T\u00f3ner, C\u00e1maras de Seguridad y m\u00e1s en tu tienda en l\u00ednea","publisher":{"@id":"https:\/\/compuviper.mx\/tienda\/#organization"},"potentialAction":[{"@type":"SearchAction","target":{"@type":"EntryPoint","urlTemplate":"https:\/\/compuviper.mx\/tienda\/?s={search_term_string}"},"query-input":"required name=search_term_string"}],"inLanguage":"es-MX"},{"@type":"Organization","@id":"https:\/\/compuviper.mx\/tienda\/#organization","name":"Compuviper","url":"https:\/\/compuviper.mx\/tienda\/","logo":{"@type":"ImageObject","inLanguage":"es-MX","@id":"https:\/\/compuviper.mx\/tienda\/#\/schema\/logo\/image\/","url":"https:\/\/compuviper.mx\/tienda\/wp-content\/uploads\/2021\/08\/Logo-Compuviper-10.png","contentUrl":"https:\/\/compuviper.mx\/tienda\/wp-content\/uploads\/2021\/08\/Logo-Compuviper-10.png","width":1000,"height":500,"caption":"Compuviper"},"image":{"@id":"https:\/\/compuviper.mx\/tienda\/#\/schema\/logo\/image\/"},"sameAs":["https:\/\/www.facebook.com\/compuviper","https:\/\/www.youtube.com\/channel\/UCf73dERp9Y3cfOq7q8BhLjA?view_as=subscriber"]}]},"product_brand":"CDP","product_price_amount":"51709","product_price_currency":"MXN","og_availability":"out of stock","product_availability":"out of stock","product_retailer_item_id":"UPO22-6AX","product_condition":"new"},"_links":{"self":[{"href":"https:\/\/compuviper.mx\/tienda\/wp-json\/wp\/v2\/product\/217320"}],"collection":[{"href":"https:\/\/compuviper.mx\/tienda\/wp-json\/wp\/v2\/product"}],"about":[{"href":"https:\/\/compuviper.mx\/tienda\/wp-json\/wp\/v2\/types\/product"}],"replies":[{"embeddable":true,"href":"https:\/\/compuviper.mx\/tienda\/wp-json\/wp\/v2\/comments?post=217320"}],"wp:featuredmedia":[{"embeddable":true,"href":"https:\/\/compuviper.mx\/tienda\/wp-json\/wp\/v2\/media\/217321"}],"wp:attachment":[{"href":"https:\/\/compuviper.mx\/tienda\/wp-json\/wp\/v2\/media?parent=217320"}],"wp:term":[{"taxonomy":"product_cat","embeddable":true,"href":"https:\/\/compuviper.mx\/tienda\/wp-json\/wp\/v2\/product_cat?post=217320"},{"taxonomy":"product_tag","embeddable":true,"href":"https:\/\/compuviper.mx\/tienda\/wp-json\/wp\/v2\/product_tag?post=217320"}],"curies":[{"name":"wp","href":"https:\/\/api.w.org\/{rel}","templated":true}]}}