{"id":217314,"date":"2026-04-08T00:25:48","date_gmt":"2026-04-08T06:25:48","guid":{"rendered":"https:\/\/compuviper.mx\/tienda\/producto\/koblenz-20015-usb-r-no-break-lnea-profesional-2-kva-1600w-on-line-doble-conversin-8-contactos-nema-5-20r-montaje-rack-torre-pantalla-lcd-opcin-tarjeta-snmp-funcin-eco-y-epo\/"},"modified":"2026-04-08T00:25:48","modified_gmt":"2026-04-08T06:25:48","slug":"koblenz-20015-usb-r-no-break-lnea-profesional-2-kva-1600w-on-line-doble-conversin-8-contactos-nema-5-20r-montaje-rack-torre-pantalla-lcd-opcin-tarjeta-snmp-funcion-eco-y-epo","status":"publish","type":"product","link":"https:\/\/compuviper.mx\/tienda\/producto\/koblenz-20015-usb-r-no-break-lnea-profesional-2-kva-1600w-on-line-doble-conversin-8-contactos-nema-5-20r-montaje-rack-torre-pantalla-lcd-opcin-tarjeta-snmp-funcion-eco-y-epo\/","title":{"rendered":"Koblenz 20015 Usb\/r No Break Lnea Profesional 2 Kva \/ 1600w On-line Doble Conversin 8 Contactos Nema 5-20r Montaje Rack \/ Torre Pantalla Lcd Opcin Tarjeta Snmp Funcion Eco Y Epo"},"content":{"rendered":"<table class=\"descripcion\">\n<tr>\n<td>20015 usb\/r<\/td>\n<\/tr>\n<tr>\n<td>Capacidad: 2000 va \/ 1600 w, nominal voltage: 100\/110\/115\/120\/127vac, rango de voltage de entrada: 55-145 vac at 50% load  85-140 vac at 100% load, rango de frecuencia: 40hz ~ 70 hz, factor de potencia:  0.99@ tension nominal (100% de carga), salida de voltage:100\/110\/115\/120\/127vac or 200\/208\/220\/230\/240vac, regulaci\u00f3n de tensi\u00f3n: \u00b1 1%, rango de frecuencia (gama sincronizada): 47~ 53 hz or 57 ~ 63 hz, frequency range (batt. mode): 50 hz \u00b1 0.25 hz or 60hz \u00b1 0.3 hz, factor de cresta: 3:1, distorsi\u00f3n arm\u00f3nica:  and #8806; 3 % thd (carga lineal)  and #8806; 6 % thd (carga no lineal), tiempo de transferencia modo de ca a modo de bater\u00eda: cero, inversor a la<\/td>\n<\/tr>\n<tr>\n<td>Derivaci\u00f3n: 4 ms ( t\u00edpico), eficiencia: modo ac: 88%, 89%, 90%. modo bater\u00eda: 83%,87%,88%. tipo de bateria 12 v \/ 9 ah 12 v \/ 9 ah 12 v \/ 9 ah, numeros 2,4,6. tiempo tipico de<\/td>\n<\/tr>\n<tr>\n<td>Recarga: 4 horas se recuperan al 90% de capacidad, corriente de<\/td>\n<\/tr>\n<tr>\n<td>Carga: 1,0 a, tensi\u00f3n de carga: 27.4vdc \u00b1 1 % 54,7 vdc \u00b1 1 % 82,1 vdc \u00b1 1 %, tipo de bateria: dependiendo de la capacidad de las bater\u00edas externas, numeros 2,3,4,6,8,6,8. corriente de carga (m\u00e1x . ) 1.0a 2.0a 4.0a 6,0 a, tensi\u00f3n de carga 27.4vdc \u00b1 1 % 41.0vdc \u00b1 1 % 54,7 v cc \u00b1 1 % 82,1 v cc \u00b1 1 % 109.4v8d2,c1 \u00b1v 1 c %c \u00b1 1 % 109.4vdc \u00b1 1%, panel lcd: estado de ups , nivel de carga , nivel de bater\u00eda , entrada \/ salida de voltaje , de descarga temporizador , y las condiciones de falla. alarma: modo bateria: sonido cada 4 seg, baja bateria: sonido cada 4 seg, sobre carga: transmicion de sonido dos veces cada seg., averiado: sonido continuo, modelo est\u00e1ndar: dimension, d x w x (mm): 310 x 438 x 88 [2u], peso neto ( kg ): 12,19,29,3. dimension, d x w x (mm): 310 x 438 x 88 [2u] 410 x 438 x 88 [2u], peso neto ( kg ): 9, 12, 14.2. ambiente: humedad: 20-90 % hr @ 0- 40 \u00b0 c ( sin condensaci\u00f3n )<\/td>\n<\/tr>\n<tr>\n<td>Nivel de ruido:  menos de 50 dba a 1 metro.<\/td>\n<\/tr>\n<tr>\n<td>Inteligentes rs- 232 \/ usb: compatible con windows \u00ae 2000 \/ 2003 \/ xp \/ vista \/ 2008, windows \u00ae 7\/8 , linux , unix y mac.<\/td>\n<\/tr>\n<tr>\n<td>Opcional snmp: la administraci\u00f3n de energ\u00eda desde el gestor snmp y navegador web.<\/td>\n<\/tr>\n<\/table>\n","protected":false},"excerpt":{"rendered":"<p>La verdadera doble conversi\u00f3n. \u0095 control por microprocesador optimiza la fiabilidad. \u0095 la correcci\u00f3n de factor de potencia de entrada. \u0095 factor de potencia de salida 0.8. \u0095 rango de voltaje de entrada ancha ( 110-300 vac . \u0095 el modo del convertidor disponibles. \u0095 el modo eco para ahorrar s\u00f3lo est\u00e1 disponible para los modelos de energ\u00eda 1-3kva. \u0095 compatible con generador. \u0095 la corriente de carga ajustable a trav\u00e9s de lcd o software ( 1a ~ 6a . \u0095 funci\u00f3n de apagado de emergencia (epo ) s\u00f3lo est\u00e1 disponible para los modelos 6k \/ 10k<\/p>\n","protected":false},"featured_media":217315,"comment_status":"open","ping_status":"open","template":"","meta":[],"product_cat":[1508,1691],"product_tag":[1577],"acf":[],"yoast_head":"<!-- This site is optimized with the Yoast SEO plugin v21.7 - https:\/\/yoast.com\/wordpress\/plugins\/seo\/ -->\n<title>[ Koblenz ] &#129351; 20015 Usb\/r No Break Lnea Profesional 2 Kva \/ 1600w On-line Doble Conversin 8 Contactos Nema 5-20r Montaje Rack \/ Torre Pantalla Lcd Opcin Tarjeta Snmp Funcion Eco Y Epo<\/title>\n<meta name=\"description\" content=\"Compra 20015 Usb\/r No Break Lnea Profesional 2 Kva \/ 1600w On-line Doble Conversin 8 Contactos Nema 5-20r Montaje Rack \/ Torre Pantalla Lcd Opcin Tarjeta Snmp Funcion Eco Y Epo + Env\u00edo a domicilio + Pago seguro + Garant\u00eda\" \/>\n<meta name=\"robots\" content=\"index, follow, max-snippet:-1, max-image-preview:large, max-video-preview:-1\" \/>\n<link rel=\"canonical\" href=\"https:\/\/compuviper.mx\/tienda\/producto\/koblenz-20015-usb-r-no-break-lnea-profesional-2-kva-1600w-on-line-doble-conversin-8-contactos-nema-5-20r-montaje-rack-torre-pantalla-lcd-opcin-tarjeta-snmp-funcion-eco-y-epo\/\" \/>\n<meta property=\"og:locale\" content=\"es_MX\" \/>\n<meta property=\"og:type\" content=\"article\" \/>\n<meta property=\"og:title\" content=\"[ Koblenz ] &#129351; 20015 Usb\/r No Break Lnea Profesional 2 Kva \/ 1600w On-line Doble Conversin 8 Contactos Nema 5-20r Montaje Rack \/ Torre Pantalla Lcd Opcin Tarjeta Snmp Funcion Eco Y Epo\" \/>\n<meta property=\"og:description\" content=\"Compra 20015 Usb\/r No Break Lnea Profesional 2 Kva \/ 1600w On-line Doble Conversin 8 Contactos Nema 5-20r Montaje Rack \/ Torre Pantalla Lcd Opcin Tarjeta Snmp Funcion Eco Y Epo + Env\u00edo a domicilio + Pago seguro + Garant\u00eda\" \/>\n<meta property=\"og:url\" content=\"https:\/\/compuviper.mx\/tienda\/producto\/koblenz-20015-usb-r-no-break-lnea-profesional-2-kva-1600w-on-line-doble-conversin-8-contactos-nema-5-20r-montaje-rack-torre-pantalla-lcd-opcin-tarjeta-snmp-funcion-eco-y-epo\/\" \/>\n<meta property=\"og:site_name\" content=\"Compuviper\" \/>\n<meta property=\"article:publisher\" content=\"https:\/\/www.facebook.com\/compuviper\" \/>\n<meta property=\"og:image\" content=\"https:\/\/compuviper.mx\/tienda\/wp-content\/uploads\/2023\/12\/No-break-lnea-profesional-2-kva-1600w-on-line-doble-conversin-8-contactos-nema-5-20r-montaje-rack-torre-pantalla-lcd-opcin-tarjeta-snmp-funcin-eco-y-epo.jpg\" \/>\n\t<meta property=\"og:image:width\" content=\"200\" \/>\n\t<meta property=\"og:image:height\" content=\"200\" \/>\n\t<meta property=\"og:image:type\" content=\"image\/jpeg\" \/>\n<meta name=\"twitter:card\" content=\"summary_large_image\" \/>\n<meta name=\"twitter:label1\" content=\"Precio\" \/>\n\t<meta name=\"twitter:data1\" content=\"&#36;10,129 con IVA\" \/>\n\t<meta name=\"twitter:label2\" content=\"Availability\" \/>\n\t<meta name=\"twitter:data2\" content=\"Out of stock\" \/>\n<script type=\"application\/ld+json\" class=\"yoast-schema-graph\">{\"@context\":\"https:\/\/schema.org\",\"@graph\":[{\"@type\":\"WebPage\",\"@id\":\"https:\/\/compuviper.mx\/tienda\/producto\/koblenz-20015-usb-r-no-break-lnea-profesional-2-kva-1600w-on-line-doble-conversin-8-contactos-nema-5-20r-montaje-rack-torre-pantalla-lcd-opcin-tarjeta-snmp-funcion-eco-y-epo\/\",\"url\":\"https:\/\/compuviper.mx\/tienda\/producto\/koblenz-20015-usb-r-no-break-lnea-profesional-2-kva-1600w-on-line-doble-conversin-8-contactos-nema-5-20r-montaje-rack-torre-pantalla-lcd-opcin-tarjeta-snmp-funcion-eco-y-epo\/\",\"name\":\"[ Koblenz ] &#129351; 20015 Usb\/r No Break Lnea Profesional 2 Kva \/ 1600w On-line Doble Conversin 8 Contactos Nema 5-20r Montaje Rack \/ Torre Pantalla Lcd Opcin Tarjeta Snmp Funcion Eco Y Epo\",\"isPartOf\":{\"@id\":\"https:\/\/compuviper.mx\/tienda\/#website\"},\"datePublished\":\"2026-04-08T06:25:48+00:00\",\"dateModified\":\"2026-04-08T06:25:48+00:00\",\"description\":\"Compra 20015 Usb\/r No Break Lnea Profesional 2 Kva \/ 1600w On-line Doble Conversin 8 Contactos Nema 5-20r Montaje Rack \/ Torre Pantalla Lcd Opcin Tarjeta Snmp Funcion Eco Y Epo + Env\u00edo a domicilio + Pago seguro + Garant\u00eda\",\"breadcrumb\":{\"@id\":\"https:\/\/compuviper.mx\/tienda\/producto\/koblenz-20015-usb-r-no-break-lnea-profesional-2-kva-1600w-on-line-doble-conversin-8-contactos-nema-5-20r-montaje-rack-torre-pantalla-lcd-opcin-tarjeta-snmp-funcion-eco-y-epo\/#breadcrumb\"},\"inLanguage\":\"es-MX\",\"potentialAction\":[{\"@type\":\"ReadAction\",\"target\":[\"https:\/\/compuviper.mx\/tienda\/producto\/koblenz-20015-usb-r-no-break-lnea-profesional-2-kva-1600w-on-line-doble-conversin-8-contactos-nema-5-20r-montaje-rack-torre-pantalla-lcd-opcin-tarjeta-snmp-funcion-eco-y-epo\/\"]}]},{\"@type\":\"BreadcrumbList\",\"@id\":\"https:\/\/compuviper.mx\/tienda\/producto\/koblenz-20015-usb-r-no-break-lnea-profesional-2-kva-1600w-on-line-doble-conversin-8-contactos-nema-5-20r-montaje-rack-torre-pantalla-lcd-opcin-tarjeta-snmp-funcion-eco-y-epo\/#breadcrumb\",\"itemListElement\":[{\"@type\":\"ListItem\",\"position\":1,\"name\":\"Inicio\",\"item\":\"https:\/\/compuviper.mx\/tienda\/\"},{\"@type\":\"ListItem\",\"position\":2,\"name\":\"Productos\",\"item\":\"https:\/\/compuviper.mx\/tienda\/productos\/\"},{\"@type\":\"ListItem\",\"position\":3,\"name\":\"Energia\",\"item\":\"https:\/\/compuviper.mx\/tienda\/categoria-producto\/energia\/\"},{\"@type\":\"ListItem\",\"position\":4,\"name\":\"No Break\",\"item\":\"https:\/\/compuviper.mx\/tienda\/categoria-producto\/energia\/no-break\/\"},{\"@type\":\"ListItem\",\"position\":5,\"name\":\"Koblenz 20015 Usb\/r No Break Lnea Profesional 2 Kva \/ 1600w On-line Doble Conversin 8 Contactos Nema 5-20r Montaje Rack \/ Torre Pantalla Lcd Opcin Tarjeta Snmp Funcion Eco Y Epo\"}]},{\"@type\":\"WebSite\",\"@id\":\"https:\/\/compuviper.mx\/tienda\/#website\",\"url\":\"https:\/\/compuviper.mx\/tienda\/\",\"name\":\"Compuviper\",\"description\":\"Proveedor de Computadoras, Laptops, Servidores, Monitores, Puntos de Venta, Teclados,   Impresoras, T\u00f3ner, C\u00e1maras de Seguridad y m\u00e1s en tu tienda en l\u00ednea\",\"publisher\":{\"@id\":\"https:\/\/compuviper.mx\/tienda\/#organization\"},\"potentialAction\":[{\"@type\":\"SearchAction\",\"target\":{\"@type\":\"EntryPoint\",\"urlTemplate\":\"https:\/\/compuviper.mx\/tienda\/?s={search_term_string}\"},\"query-input\":\"required name=search_term_string\"}],\"inLanguage\":\"es-MX\"},{\"@type\":\"Organization\",\"@id\":\"https:\/\/compuviper.mx\/tienda\/#organization\",\"name\":\"Compuviper\",\"url\":\"https:\/\/compuviper.mx\/tienda\/\",\"logo\":{\"@type\":\"ImageObject\",\"inLanguage\":\"es-MX\",\"@id\":\"https:\/\/compuviper.mx\/tienda\/#\/schema\/logo\/image\/\",\"url\":\"https:\/\/compuviper.mx\/tienda\/wp-content\/uploads\/2021\/08\/Logo-Compuviper-10.png\",\"contentUrl\":\"https:\/\/compuviper.mx\/tienda\/wp-content\/uploads\/2021\/08\/Logo-Compuviper-10.png\",\"width\":1000,\"height\":500,\"caption\":\"Compuviper\"},\"image\":{\"@id\":\"https:\/\/compuviper.mx\/tienda\/#\/schema\/logo\/image\/\"},\"sameAs\":[\"https:\/\/www.facebook.com\/compuviper\",\"https:\/\/www.youtube.com\/channel\/UCf73dERp9Y3cfOq7q8BhLjA?view_as=subscriber\"]}]}<\/script>\n<meta property=\"product:brand\" content=\"KOBLENZ\" \/>\n<meta property=\"product:price:amount\" content=\"10129\" \/>\n<meta property=\"product:price:currency\" content=\"MXN\" \/>\n<meta property=\"og:availability\" content=\"out of stock\" \/>\n<meta property=\"product:availability\" content=\"out of stock\" \/>\n<meta property=\"product:retailer_item_id\" content=\"20015 USB\/R\" \/>\n<meta property=\"product:condition\" content=\"new\" \/>\n<!-- \/ Yoast SEO plugin. -->","yoast_head_json":{"title":"[ Koblenz ] &#129351; 20015 Usb\/r No Break Lnea Profesional 2 Kva \/ 1600w On-line Doble Conversin 8 Contactos Nema 5-20r Montaje Rack \/ Torre Pantalla Lcd Opcin Tarjeta Snmp Funcion Eco Y Epo","description":"Compra 20015 Usb\/r No Break Lnea Profesional 2 Kva \/ 1600w On-line Doble Conversin 8 Contactos Nema 5-20r Montaje Rack \/ Torre Pantalla Lcd Opcin Tarjeta Snmp Funcion Eco Y Epo + Env\u00edo a domicilio + Pago seguro + Garant\u00eda","robots":{"index":"index","follow":"follow","max-snippet":"max-snippet:-1","max-image-preview":"max-image-preview:large","max-video-preview":"max-video-preview:-1"},"canonical":"https:\/\/compuviper.mx\/tienda\/producto\/koblenz-20015-usb-r-no-break-lnea-profesional-2-kva-1600w-on-line-doble-conversin-8-contactos-nema-5-20r-montaje-rack-torre-pantalla-lcd-opcin-tarjeta-snmp-funcion-eco-y-epo\/","og_locale":"es_MX","og_type":"article","og_title":"[ Koblenz ] &#129351; 20015 Usb\/r No Break Lnea Profesional 2 Kva \/ 1600w On-line Doble Conversin 8 Contactos Nema 5-20r Montaje Rack \/ Torre Pantalla Lcd Opcin Tarjeta Snmp Funcion Eco Y Epo","og_description":"Compra 20015 Usb\/r No Break Lnea Profesional 2 Kva \/ 1600w On-line Doble Conversin 8 Contactos Nema 5-20r Montaje Rack \/ Torre Pantalla Lcd Opcin Tarjeta Snmp Funcion Eco Y Epo + Env\u00edo a domicilio + Pago seguro + Garant\u00eda","og_url":"https:\/\/compuviper.mx\/tienda\/producto\/koblenz-20015-usb-r-no-break-lnea-profesional-2-kva-1600w-on-line-doble-conversin-8-contactos-nema-5-20r-montaje-rack-torre-pantalla-lcd-opcin-tarjeta-snmp-funcion-eco-y-epo\/","og_site_name":"Compuviper","article_publisher":"https:\/\/www.facebook.com\/compuviper","og_image":[{"width":200,"height":200,"url":"https:\/\/compuviper.mx\/tienda\/wp-content\/uploads\/2023\/12\/No-break-lnea-profesional-2-kva-1600w-on-line-doble-conversin-8-contactos-nema-5-20r-montaje-rack-torre-pantalla-lcd-opcin-tarjeta-snmp-funcin-eco-y-epo.jpg","type":"image\/jpeg"}],"twitter_card":"summary_large_image","twitter_misc":{"Precio":"&#36;10,129 con IVA","Availability":"Out of stock"},"schema":{"@context":"https:\/\/schema.org","@graph":[{"@type":"WebPage","@id":"https:\/\/compuviper.mx\/tienda\/producto\/koblenz-20015-usb-r-no-break-lnea-profesional-2-kva-1600w-on-line-doble-conversin-8-contactos-nema-5-20r-montaje-rack-torre-pantalla-lcd-opcin-tarjeta-snmp-funcion-eco-y-epo\/","url":"https:\/\/compuviper.mx\/tienda\/producto\/koblenz-20015-usb-r-no-break-lnea-profesional-2-kva-1600w-on-line-doble-conversin-8-contactos-nema-5-20r-montaje-rack-torre-pantalla-lcd-opcin-tarjeta-snmp-funcion-eco-y-epo\/","name":"[ Koblenz ] &#129351; 20015 Usb\/r No Break Lnea Profesional 2 Kva \/ 1600w On-line Doble Conversin 8 Contactos Nema 5-20r Montaje Rack \/ Torre Pantalla Lcd Opcin Tarjeta Snmp Funcion Eco Y Epo","isPartOf":{"@id":"https:\/\/compuviper.mx\/tienda\/#website"},"datePublished":"2026-04-08T06:25:48+00:00","dateModified":"2026-04-08T06:25:48+00:00","description":"Compra 20015 Usb\/r No Break Lnea Profesional 2 Kva \/ 1600w On-line Doble Conversin 8 Contactos Nema 5-20r Montaje Rack \/ Torre Pantalla Lcd Opcin Tarjeta Snmp Funcion Eco Y Epo + Env\u00edo a domicilio + Pago seguro + Garant\u00eda","breadcrumb":{"@id":"https:\/\/compuviper.mx\/tienda\/producto\/koblenz-20015-usb-r-no-break-lnea-profesional-2-kva-1600w-on-line-doble-conversin-8-contactos-nema-5-20r-montaje-rack-torre-pantalla-lcd-opcin-tarjeta-snmp-funcion-eco-y-epo\/#breadcrumb"},"inLanguage":"es-MX","potentialAction":[{"@type":"ReadAction","target":["https:\/\/compuviper.mx\/tienda\/producto\/koblenz-20015-usb-r-no-break-lnea-profesional-2-kva-1600w-on-line-doble-conversin-8-contactos-nema-5-20r-montaje-rack-torre-pantalla-lcd-opcin-tarjeta-snmp-funcion-eco-y-epo\/"]}]},{"@type":"BreadcrumbList","@id":"https:\/\/compuviper.mx\/tienda\/producto\/koblenz-20015-usb-r-no-break-lnea-profesional-2-kva-1600w-on-line-doble-conversin-8-contactos-nema-5-20r-montaje-rack-torre-pantalla-lcd-opcin-tarjeta-snmp-funcion-eco-y-epo\/#breadcrumb","itemListElement":[{"@type":"ListItem","position":1,"name":"Inicio","item":"https:\/\/compuviper.mx\/tienda\/"},{"@type":"ListItem","position":2,"name":"Productos","item":"https:\/\/compuviper.mx\/tienda\/productos\/"},{"@type":"ListItem","position":3,"name":"Energia","item":"https:\/\/compuviper.mx\/tienda\/categoria-producto\/energia\/"},{"@type":"ListItem","position":4,"name":"No Break","item":"https:\/\/compuviper.mx\/tienda\/categoria-producto\/energia\/no-break\/"},{"@type":"ListItem","position":5,"name":"Koblenz 20015 Usb\/r No Break Lnea Profesional 2 Kva \/ 1600w On-line Doble Conversin 8 Contactos Nema 5-20r Montaje Rack \/ Torre Pantalla Lcd Opcin Tarjeta Snmp Funcion Eco Y Epo"}]},{"@type":"WebSite","@id":"https:\/\/compuviper.mx\/tienda\/#website","url":"https:\/\/compuviper.mx\/tienda\/","name":"Compuviper","description":"Proveedor de Computadoras, Laptops, Servidores, Monitores, Puntos de Venta, Teclados,   Impresoras, T\u00f3ner, C\u00e1maras de Seguridad y m\u00e1s en tu tienda en l\u00ednea","publisher":{"@id":"https:\/\/compuviper.mx\/tienda\/#organization"},"potentialAction":[{"@type":"SearchAction","target":{"@type":"EntryPoint","urlTemplate":"https:\/\/compuviper.mx\/tienda\/?s={search_term_string}"},"query-input":"required name=search_term_string"}],"inLanguage":"es-MX"},{"@type":"Organization","@id":"https:\/\/compuviper.mx\/tienda\/#organization","name":"Compuviper","url":"https:\/\/compuviper.mx\/tienda\/","logo":{"@type":"ImageObject","inLanguage":"es-MX","@id":"https:\/\/compuviper.mx\/tienda\/#\/schema\/logo\/image\/","url":"https:\/\/compuviper.mx\/tienda\/wp-content\/uploads\/2021\/08\/Logo-Compuviper-10.png","contentUrl":"https:\/\/compuviper.mx\/tienda\/wp-content\/uploads\/2021\/08\/Logo-Compuviper-10.png","width":1000,"height":500,"caption":"Compuviper"},"image":{"@id":"https:\/\/compuviper.mx\/tienda\/#\/schema\/logo\/image\/"},"sameAs":["https:\/\/www.facebook.com\/compuviper","https:\/\/www.youtube.com\/channel\/UCf73dERp9Y3cfOq7q8BhLjA?view_as=subscriber"]}]},"product_brand":"KOBLENZ","product_price_amount":"10129","product_price_currency":"MXN","og_availability":"out of stock","product_availability":"out of stock","product_retailer_item_id":"20015 USB\/R","product_condition":"new"},"_links":{"self":[{"href":"https:\/\/compuviper.mx\/tienda\/wp-json\/wp\/v2\/product\/217314"}],"collection":[{"href":"https:\/\/compuviper.mx\/tienda\/wp-json\/wp\/v2\/product"}],"about":[{"href":"https:\/\/compuviper.mx\/tienda\/wp-json\/wp\/v2\/types\/product"}],"replies":[{"embeddable":true,"href":"https:\/\/compuviper.mx\/tienda\/wp-json\/wp\/v2\/comments?post=217314"}],"wp:featuredmedia":[{"embeddable":true,"href":"https:\/\/compuviper.mx\/tienda\/wp-json\/wp\/v2\/media\/217315"}],"wp:attachment":[{"href":"https:\/\/compuviper.mx\/tienda\/wp-json\/wp\/v2\/media?parent=217314"}],"wp:term":[{"taxonomy":"product_cat","embeddable":true,"href":"https:\/\/compuviper.mx\/tienda\/wp-json\/wp\/v2\/product_cat?post=217314"},{"taxonomy":"product_tag","embeddable":true,"href":"https:\/\/compuviper.mx\/tienda\/wp-json\/wp\/v2\/product_tag?post=217314"}],"curies":[{"name":"wp","href":"https:\/\/api.w.org\/{rel}","templated":true}]}}