{"id":217312,"date":"2026-04-08T00:25:47","date_gmt":"2026-04-08T06:25:47","guid":{"rendered":"https:\/\/compuviper.mx\/tienda\/producto\/tripp-lite-smart1500lcdxl-nobreak-interactivo-de-120v-1500va-900w-avr-tiempo-de-autonomia-ampliado-8-tomacorrientes-2u-racktorre-lcdusbserial-db9garantia-limitada-de-3-aos\/"},"modified":"2026-04-08T00:25:47","modified_gmt":"2026-04-08T06:25:47","slug":"tripp-lite-smart1500lcdxl-nobreak-interactivo-de-120v-1500va-900w-avr-tiempo-de-autonomia-ampliado-8-tomacorrientes-2u-racktorre-lcdusbserial-db9garantia-limitada-de-3-aos","status":"publish","type":"product","link":"https:\/\/compuviper.mx\/tienda\/producto\/tripp-lite-smart1500lcdxl-nobreak-interactivo-de-120v-1500va-900w-avr-tiempo-de-autonomia-ampliado-8-tomacorrientes-2u-racktorre-lcdusbserial-db9garantia-limitada-de-3-aos\/","title":{"rendered":"Tripp-lite Smart1500lcdxl Nobreak  , Interactivo De 120v 1500va 900w, Avr, Tiempo De Autonomia Ampliado, 8 Tomacorrientes, 2u Rack,torre, Lcd,usb,serial Db9garantia Limitada De 3 A?os."},"content":{"rendered":"<table class=\"descripcion\">\n<tr>\n<td>Salida<\/td>\n<\/tr>\n<tr>\n<td>Capacidad de salida en volts amperes (va) 1500<\/td>\n<\/tr>\n<tr>\n<td>Capacidad de salida (kva) 1.5<\/td>\n<\/tr>\n<tr>\n<td>Capacidad de salida (watts) 900<\/td>\n<\/tr>\n<tr>\n<td>Voltaje(s) nominal(es) de salida soportado(s) 110v; 115v; 120v<\/td>\n<\/tr>\n<tr>\n<td>Detalles del voltaje nominal: salida nominal de 115 v en modo de respaldo por bater\u00eda<\/td>\n<\/tr>\n<tr>\n<td>Compatibilidad de frecuencia 60 hz<\/td>\n<\/tr>\n<tr>\n<td>Regulaci\u00f3n del voltaje de salida (modo de l\u00ednea) -18%, +8%<\/td>\n<\/tr>\n<tr>\n<td>Regulaci\u00f3n del voltaje de salida (modo de bater\u00eda) +\/- 5%<\/td>\n<\/tr>\n<tr>\n<td>Tomacorrientes (8) 5-15r<\/td>\n<\/tr>\n<tr>\n<td>Forma de onda de ca de salida (modo de ca) onda sinusoidal<\/td>\n<\/tr>\n<tr>\n<td>Forma de onda de ca de salida (modo en bater\u00eda) onda sinusoidal pwm<\/td>\n<\/tr>\n<tr>\n<td>Entrada<\/td>\n<\/tr>\n<tr>\n<td>Corriente especificada de entrada (carga m\u00e1xima) 8.5a<\/td>\n<\/tr>\n<tr>\n<td>Voltaje(s) nominal(es) de entrada soportado(s) 120v ca<\/td>\n<\/tr>\n<tr>\n<td>Tipo de conexi\u00f3n de entrada del ups 5-15p; en \u00e1ngulo recto<\/td>\n<\/tr>\n<tr>\n<td>Breakers de entrada 10a<\/td>\n<\/tr>\n<tr>\n<td>Longitud del cable de alimentaci\u00f3n del ups (pies) 6<\/td>\n<\/tr>\n<tr>\n<td>Longitud del cable de alimentaci\u00f3n del ups (m) 1.8<\/td>\n<\/tr>\n<tr>\n<td>Servicio el\u00e9ctrico recomendado 15a 120v<\/td>\n<\/tr>\n<tr>\n<td>Fase de entrada monof\u00e1sico<\/td>\n<\/tr>\n<tr>\n<td>Bater\u00eda<\/td>\n<\/tr>\n<tr>\n<td>Autonom\u00eda a plena carga (min.) 4 min. (900w)<\/td>\n<\/tr>\n<tr>\n<td>Autonom\u00eda a media carga (min.) 12 min. (450w)<\/td>\n<\/tr>\n<tr>\n<td>Compatibilidad con m\u00f3dulo de bater\u00edas externas bp24v15rt2u (l\u00edmite 1)<\/td>\n<\/tr>\n<tr>\n<td>Voltaje cd del sistema (vcd) 24<\/td>\n<\/tr>\n<tr>\n<td>Tasa de recarga de bater\u00edas (bater\u00edas incluidas) menos de 4.5 horas desde el 10% hasta el 90%<\/td>\n<\/tr>\n<tr>\n<td>Autonom\u00eda ampliable s\u00ed<\/td>\n<\/tr>\n<tr>\n<td>Regulaci\u00f3n de voltaje<\/td>\n<\/tr>\n<tr>\n<td>Descripci\u00f3n de la regulaci\u00f3n de voltaje la regulaci\u00f3n autom\u00e1tica de voltaje (avr) mantiene la operaci\u00f3n con corriente de la l\u00ednea con un rango de voltajes de entrada entre 75 a 147<\/td>\n<\/tr>\n<tr>\n<td>Los voltajes de entrada de entre 128 y 147 son reducidos en un 12%<\/td>\n<\/tr>\n<tr>\n<td>Los voltajes de entrada entre 93 y 107 se elevan en un 14%.<\/td>\n<\/tr>\n<tr>\n<td>Los voltajes de entrada entre 75 y 92 se elevan en un 30%<\/td>\n<\/tr>\n<tr>\n<td>Interfaz de usuario, alertas y controles<\/td>\n<\/tr>\n<tr>\n<td>Pantalla lcd del panel frontal la interfaz num\u00e9rica de lcd reporta voltaje de entrada, voltaje de salida, porcentaje de carga de la bater\u00eda, tiempo de respaldo estimado en minutos, porcentaje de carga, watts de carga; iconos adicionales del lcd informan el estado del nivel de carga de la bater\u00eda (5 barras), modo de energ\u00eda de l\u00ednea, modo de bater\u00eda, reemplazo de bater\u00eda y regulaci\u00f3n autom\u00e1tica de voltaje \/ avr; las opciones de control de la interfaz de lcd incluyen desactivado de alarma, recorrido de pantalla, inicio de autodiagn\u00f3stico, brillo del lcd, calibraci\u00f3n de bater\u00eda externa y sensibilidad de l\u00ednea<\/td>\n<\/tr>\n<tr>\n<td>Interruptores: 2 interruptores controlan el estado de la energ\u00eda apagado\/encendido y la cancelaci\u00f3n de alarma\/operaci\u00f3n del autodiagn\u00f3stico; el interruptor atenuador controla el brillo del lcd<\/td>\n<\/tr>\n<tr>\n<td>La alarma de falla del suministro el\u00e9ctrico se puede silenciar utilizando el interruptor de cancelaci\u00f3n de alarma; una vez silenciada, la alarma volver\u00e1 a emitir sonido para indicar el estado de bater\u00eda baja<\/td>\n<\/tr>\n<tr>\n<td>La alarma ac\u00fastica indica condiciones de falla de energ\u00eda y bater\u00eda baja; la alarma puede silenciarse permanentemente mediante la interfaz de lcd<\/td>\n<\/tr>\n<tr>\n<td>Indicadores led pantalla lcd de panel frontal<\/td>\n<\/tr>\n<tr>\n<td>Supresi\u00f3n de sobrecarga \/ ruido<\/td>\n<\/tr>\n<tr>\n<td>Valor nominal en joules de supresi\u00f3n ca del ups 1038<\/td>\n<\/tr>\n<tr>\n<td>Tiempo de respuesta de supresi\u00f3n de ca del ups instant\u00e1neo<\/td>\n<\/tr>\n<tr>\n<td>Supresi\u00f3n en la l\u00ednea de datos del ups 1 l\u00ednea tel\/dsl (1 entrada \/ 1 salida); t ethernet 10\/100base<\/td>\n<\/tr>\n<tr>\n<td>Supresi\u00f3n de ruido emi \/ rfi en ca s\u00ed<\/td>\n<\/tr>\n<tr>\n<td>F\u00edsicas<\/td>\n<\/tr>\n<tr>\n<td>Descripci\u00f3n de los accesorios de instalaci\u00f3n incluidos un par de orejas de instalaci\u00f3n permiten la instalaci\u00f3n en torre y en rack de 2 y 4 postes<\/td>\n<\/tr>\n<tr>\n<td>Los factores de forma de instalaci\u00f3n son soportados con los accesorios opcionales torre<\/td>\n<\/tr>\n<tr>\n<td>Factor de forma primario para instalar en rack<\/td>\n<\/tr>\n<tr>\n<td>Dimensiones del m\u00f3dulo de potencia del ups (al x an x pr \/ cm) 8.89 x 43.82 x 26.67<\/td>\n<\/tr>\n<tr>\n<td>Altura del rack (espacios u)2<\/td>\n<\/tr>\n<tr>\n<td>Profundidad m\u00ednima de rack requerida (cm) 34.29<\/td>\n<\/tr>\n<tr>\n<td>Peso del m\u00f3dulo de potencia del ups (kg) 13.34<\/td>\n<\/tr>\n<tr>\n<td>Dimensiones de envi\u00f3 del ups (al x an x pr \/ cm) 19.05 x 38.10 x 54.61<\/td>\n<\/tr>\n<tr>\n<td>Peso de env\u00edo (kg) 15.2<\/td>\n<\/tr>\n<tr>\n<td>M\u00e9todo de enfriamiento: ventilador<\/td>\n<\/tr>\n<tr>\n<td>Material del gabinete del ups: abs<\/td>\n<\/tr>\n<tr>\n<td>Profundidad m\u00ednima de rack requerida (mm) 343<\/td>\n<\/tr>\n<tr>\n<td>Altura del ups primario (mm) 89<\/td>\n<\/tr>\n<tr>\n<td>Ancho del ups primario (mm) 438<\/td>\n<\/tr>\n<tr>\n<td>Profundidad del ups primario (mm) 267<\/td>\n<\/tr>\n<tr>\n<td>Altura de embarque (mm) 190<\/td>\n<\/tr>\n<tr>\n<td>Ancho de embarque (mm) 381<\/td>\n<\/tr>\n<tr>\n<td>Profundidad de embarque (mm) 546<\/td>\n<\/tr>\n<tr>\n<td>Ambientales<\/td>\n<\/tr>\n<tr>\n<td>Rango de temperatura de operaci\u00f3n +32 \u00baf a +104 \u00baf \/ 0 \u00bac a +40 \u00bac<\/td>\n<\/tr>\n<tr>\n<td>Rango de temperatura de almacenamiento +5 a +122 \u00baf\/-15 a +50 \u00bac<\/td>\n<\/tr>\n<tr>\n<td>Humedad relativa 0 a 95%, sin condensaci\u00f3n<\/td>\n<\/tr>\n<tr>\n<td>Modo de ca btu \/ hr. (plena carga) 78<\/td>\n<\/tr>\n<tr>\n<td>Modo de bater\u00eda btu \/ hr. (plena carga) 721<\/td>\n<\/tr>\n<tr>\n<td>Clasificaci\u00f3n de eficiencia del modo de ca (100% de carga) 97%<\/td>\n<\/tr>\n<tr>\n<td>Comunicaciones<\/td>\n<\/tr>\n<tr>\n<td>Interfaz de comunicaciones: usb (compatible con hid); db9 serial; cierre de contactos<\/td>\n<\/tr>\n<tr>\n<td>Descripci\u00f3n del puerto de monitoreo de red: soporta el monitoreo detallado de las condiciones de energ\u00eda del ups y del sitio<\/td>\n<\/tr>\n<tr>\n<td>Software poweralert: para monitoreo local mediante los puertos de comunicaci\u00f3n del ups incorporados, descargue el programa poweralert local en http:\/\/www.tripplite.com\/poweralert<\/td>\n<\/tr>\n<tr>\n<td>Cable de comunicaciones: cableado usb y db9 serial incluido<\/td>\n<\/tr>\n<tr>\n<td>Compatibilidad con watchdog: soporta la aplicaci\u00f3n watchdog, las opciones de reinicio mediante os o apagado y encendido manual para aplicaciones remotas<\/td>\n<\/tr>\n<tr>\n<td>Tiempo de transferencia l\u00ednea \/ bater\u00eda<\/td>\n<\/tr>\n<tr>\n<td>Tiempo de transferencia: 4 milisegundos de ca a modo de bater\u00eda \/ 2 milisegundos de modo bater\u00eda a ca<\/td>\n<\/tr>\n<tr>\n<td>Transferencia de bajo voltaje a energ\u00eda de bater\u00eda (calibraci\u00f3n) 75<\/td>\n<\/tr>\n<tr>\n<td>Transferencia de alto voltaje a energ\u00eda de bater\u00eda (calibraci\u00f3n) 147<\/td>\n<\/tr>\n<tr>\n<td>Funciones especiales<\/td>\n<\/tr>\n<tr>\n<td>Arranque en fr\u00edo (arranque en modo de bater\u00eda durante una falla del suministro el\u00e9ctrico) soporta la operaci\u00f3n de arranque en fr\u00edo<\/td>\n<\/tr>\n<tr>\n<td>Caracter\u00edsticas de ahorro de energ\u00eda ecol\u00f3gico:eficiencia mayor a 95% &#8211; ups ecol\u00f3gico<\/td>\n<\/tr>\n<tr>\n<td>Certificaciones<\/td>\n<\/tr>\n<tr>\n<td>Garant\u00eda<\/td>\n<\/tr>\n<tr>\n<td>Periodo de garant\u00eda del producto (m\u00e9xico) garant\u00eda limitada de 3 a\u00f1os<\/td>\n<\/tr>\n<\/table>\n","protected":false},"excerpt":{"rendered":"<p>El sistema de respaldo ininterrumpido smartpro smart1500lcdxl interactivo de 120v, 1500va\/900w con lcd proporciona respaldo y protecci\u00f3n de energ\u00eda de ca contra apagones, ca\u00eddas de voltaje, sobre tensiones y ruido en la l\u00ednea que pueden da\u00f1ar los aparatos electr\u00f3nicos o destruir la informaci\u00f3n. Ideal para respaldar su computadora de escritorio o componentes audiovisuales, estos ups interactivos cambian a modo de respaldo por bater\u00eda en milisegundos para mantener conectado su equipo por suficiente tiempo para guardar archivos y apagar con seguridad sin p\u00e9rdida de datos.  Ocho tomacorrientes nema 5-15r protegen contra sobretensiones, as\u00ed como suministran hasta 12 minutos de respaldo por bater\u00eda del ups a media carga (450w) y 4 minutos de respaldo a plena carga (900w). Puede tener a\u00fan m\u00e1s tiempo de autonom\u00eda conectando un m\u00f3dulo opcional de bater\u00edas externas bp24v15rt2u. La regulaci\u00f3n autom\u00e1tica de voltaje (avr) corrige severos bajos voltajes de hasta 75 v y sobrevoltajes de hasta 147 v sin usar energ\u00eda de la bater\u00eda. La filtraci\u00f3n de ruido emi\/rfi mejora el rendimiento de su equipo y evita da\u00f1os. Una especificaci\u00f3n de supresi\u00f3n de sobretensiones de 1038 joules protege a su equipo contra las da\u00f1inas sobretensiones. La clavija nema 5-15p en \u00e1ngulo recto ahorradora de espacio, con cable de 1.83 m [6 pies] conecta a cualquier contacto nema 5-15r. La gran pantalla lcd giratoria, con atenuador muestra de un vistazo en tiempo real los estados de voltaje de entrada, carga, avr, autonom\u00eda restante de la bater\u00eda y de la bater\u00eda. Con el software poweralert (disponible mediante descarga gratuita) el smart1500lcdxl permite el apagado seguro del sistema y guardado de archivos sin supervisor en caso de una falla prolongada de energ\u00eda.<\/p>\n","protected":false},"featured_media":217313,"comment_status":"open","ping_status":"open","template":"","meta":[],"product_cat":[1508,1691],"product_tag":[1510],"acf":[],"yoast_head":"<!-- This site is optimized with the Yoast SEO plugin v21.7 - https:\/\/yoast.com\/wordpress\/plugins\/seo\/ -->\n<title>[ Tripp-lite ] &#129351; Smart1500lcdxl Nobreak , Interactivo De 120v 1500va 900w, Avr, Tiempo De Autonomia Ampliado, 8 Tomacorrientes, 2u Rack,torre, Lcd,usb,serial Db9garantia Limitada De 3 A\u00f1os.<\/title>\n<meta name=\"description\" content=\"Compra Smart1500lcdxl Nobreak , Interactivo De 120v 1500va 900w, Avr, Tiempo De Autonomia Ampliado, 8 Tomacorrientes, 2u Rack,torre, Lcd,usb,serial Db9garantia Limitada De 3 A\u00f1os. + Env\u00edo a domicilio + Pago seguro + Garant\u00eda\" \/>\n<meta name=\"robots\" content=\"index, follow, max-snippet:-1, max-image-preview:large, max-video-preview:-1\" \/>\n<link rel=\"canonical\" href=\"https:\/\/compuviper.mx\/tienda\/producto\/tripp-lite-smart1500lcdxl-nobreak-interactivo-de-120v-1500va-900w-avr-tiempo-de-autonomia-ampliado-8-tomacorrientes-2u-racktorre-lcdusbserial-db9garantia-limitada-de-3-aos\/\" \/>\n<meta property=\"og:locale\" content=\"es_MX\" \/>\n<meta property=\"og:type\" content=\"article\" \/>\n<meta property=\"og:title\" content=\"[ Tripp-lite ] &#129351; Smart1500lcdxl Nobreak , Interactivo De 120v 1500va 900w, Avr, Tiempo De Autonomia Ampliado, 8 Tomacorrientes, 2u Rack,torre, Lcd,usb,serial Db9garantia Limitada De 3 A\u00f1os.\" \/>\n<meta property=\"og:description\" content=\"Compra Smart1500lcdxl Nobreak , Interactivo De 120v 1500va 900w, Avr, Tiempo De Autonomia Ampliado, 8 Tomacorrientes, 2u Rack,torre, Lcd,usb,serial Db9garantia Limitada De 3 A\u00f1os. + Env\u00edo a domicilio + Pago seguro + Garant\u00eda\" \/>\n<meta property=\"og:url\" content=\"https:\/\/compuviper.mx\/tienda\/producto\/tripp-lite-smart1500lcdxl-nobreak-interactivo-de-120v-1500va-900w-avr-tiempo-de-autonomia-ampliado-8-tomacorrientes-2u-racktorre-lcdusbserial-db9garantia-limitada-de-3-aos\/\" \/>\n<meta property=\"og:site_name\" content=\"Compuviper\" \/>\n<meta property=\"article:publisher\" content=\"https:\/\/www.facebook.com\/compuviper\" \/>\n<meta property=\"og:image\" content=\"https:\/\/compuviper.mx\/tienda\/wp-content\/uploads\/2023\/12\/Nobreak-tripp-lite-smart1500lcdxl-interactivo-de-120v-1500va-900w-avr-tiempo-de-autonomia-ampliado-8-tomacorrientes-2u-racktorre-lcdusbserial-db9garantia-limitada-de-3-anos.jpg\" \/>\n\t<meta property=\"og:image:width\" content=\"200\" \/>\n\t<meta property=\"og:image:height\" content=\"200\" \/>\n\t<meta property=\"og:image:type\" content=\"image\/jpeg\" \/>\n<meta name=\"twitter:card\" content=\"summary_large_image\" \/>\n<meta name=\"twitter:label1\" content=\"Precio\" \/>\n\t<meta name=\"twitter:data1\" content=\"&#36;9,429 con IVA\" \/>\n\t<meta name=\"twitter:label2\" content=\"Availability\" \/>\n\t<meta name=\"twitter:data2\" content=\"Out of stock\" \/>\n<script type=\"application\/ld+json\" class=\"yoast-schema-graph\">{\"@context\":\"https:\/\/schema.org\",\"@graph\":[{\"@type\":\"WebPage\",\"@id\":\"https:\/\/compuviper.mx\/tienda\/producto\/tripp-lite-smart1500lcdxl-nobreak-interactivo-de-120v-1500va-900w-avr-tiempo-de-autonomia-ampliado-8-tomacorrientes-2u-racktorre-lcdusbserial-db9garantia-limitada-de-3-aos\/\",\"url\":\"https:\/\/compuviper.mx\/tienda\/producto\/tripp-lite-smart1500lcdxl-nobreak-interactivo-de-120v-1500va-900w-avr-tiempo-de-autonomia-ampliado-8-tomacorrientes-2u-racktorre-lcdusbserial-db9garantia-limitada-de-3-aos\/\",\"name\":\"[ Tripp-lite ] &#129351; Smart1500lcdxl Nobreak , Interactivo De 120v 1500va 900w, Avr, Tiempo De Autonomia Ampliado, 8 Tomacorrientes, 2u Rack,torre, Lcd,usb,serial Db9garantia Limitada De 3 A\u00f1os.\",\"isPartOf\":{\"@id\":\"https:\/\/compuviper.mx\/tienda\/#website\"},\"datePublished\":\"2026-04-08T06:25:47+00:00\",\"dateModified\":\"2026-04-08T06:25:47+00:00\",\"description\":\"Compra Smart1500lcdxl Nobreak , Interactivo De 120v 1500va 900w, Avr, Tiempo De Autonomia Ampliado, 8 Tomacorrientes, 2u Rack,torre, Lcd,usb,serial Db9garantia Limitada De 3 A\u00f1os. + Env\u00edo a domicilio + Pago seguro + Garant\u00eda\",\"breadcrumb\":{\"@id\":\"https:\/\/compuviper.mx\/tienda\/producto\/tripp-lite-smart1500lcdxl-nobreak-interactivo-de-120v-1500va-900w-avr-tiempo-de-autonomia-ampliado-8-tomacorrientes-2u-racktorre-lcdusbserial-db9garantia-limitada-de-3-aos\/#breadcrumb\"},\"inLanguage\":\"es-MX\",\"potentialAction\":[{\"@type\":\"ReadAction\",\"target\":[\"https:\/\/compuviper.mx\/tienda\/producto\/tripp-lite-smart1500lcdxl-nobreak-interactivo-de-120v-1500va-900w-avr-tiempo-de-autonomia-ampliado-8-tomacorrientes-2u-racktorre-lcdusbserial-db9garantia-limitada-de-3-aos\/\"]}]},{\"@type\":\"BreadcrumbList\",\"@id\":\"https:\/\/compuviper.mx\/tienda\/producto\/tripp-lite-smart1500lcdxl-nobreak-interactivo-de-120v-1500va-900w-avr-tiempo-de-autonomia-ampliado-8-tomacorrientes-2u-racktorre-lcdusbserial-db9garantia-limitada-de-3-aos\/#breadcrumb\",\"itemListElement\":[{\"@type\":\"ListItem\",\"position\":1,\"name\":\"Inicio\",\"item\":\"https:\/\/compuviper.mx\/tienda\/\"},{\"@type\":\"ListItem\",\"position\":2,\"name\":\"Productos\",\"item\":\"https:\/\/compuviper.mx\/tienda\/productos\/\"},{\"@type\":\"ListItem\",\"position\":3,\"name\":\"Energia\",\"item\":\"https:\/\/compuviper.mx\/tienda\/categoria-producto\/energia\/\"},{\"@type\":\"ListItem\",\"position\":4,\"name\":\"No Break\",\"item\":\"https:\/\/compuviper.mx\/tienda\/categoria-producto\/energia\/no-break\/\"},{\"@type\":\"ListItem\",\"position\":5,\"name\":\"Tripp-lite Smart1500lcdxl Nobreak , Interactivo De 120v 1500va 900w, Avr, Tiempo De Autonomia Ampliado, 8 Tomacorrientes, 2u Rack,torre, Lcd,usb,serial Db9garantia Limitada De 3 A?os.\"}]},{\"@type\":\"WebSite\",\"@id\":\"https:\/\/compuviper.mx\/tienda\/#website\",\"url\":\"https:\/\/compuviper.mx\/tienda\/\",\"name\":\"Compuviper\",\"description\":\"Proveedor de Computadoras, Laptops, Servidores, Monitores, Puntos de Venta, Teclados,   Impresoras, T\u00f3ner, C\u00e1maras de Seguridad y m\u00e1s en tu tienda en l\u00ednea\",\"publisher\":{\"@id\":\"https:\/\/compuviper.mx\/tienda\/#organization\"},\"potentialAction\":[{\"@type\":\"SearchAction\",\"target\":{\"@type\":\"EntryPoint\",\"urlTemplate\":\"https:\/\/compuviper.mx\/tienda\/?s={search_term_string}\"},\"query-input\":\"required name=search_term_string\"}],\"inLanguage\":\"es-MX\"},{\"@type\":\"Organization\",\"@id\":\"https:\/\/compuviper.mx\/tienda\/#organization\",\"name\":\"Compuviper\",\"url\":\"https:\/\/compuviper.mx\/tienda\/\",\"logo\":{\"@type\":\"ImageObject\",\"inLanguage\":\"es-MX\",\"@id\":\"https:\/\/compuviper.mx\/tienda\/#\/schema\/logo\/image\/\",\"url\":\"https:\/\/compuviper.mx\/tienda\/wp-content\/uploads\/2021\/08\/Logo-Compuviper-10.png\",\"contentUrl\":\"https:\/\/compuviper.mx\/tienda\/wp-content\/uploads\/2021\/08\/Logo-Compuviper-10.png\",\"width\":1000,\"height\":500,\"caption\":\"Compuviper\"},\"image\":{\"@id\":\"https:\/\/compuviper.mx\/tienda\/#\/schema\/logo\/image\/\"},\"sameAs\":[\"https:\/\/www.facebook.com\/compuviper\",\"https:\/\/www.youtube.com\/channel\/UCf73dERp9Y3cfOq7q8BhLjA?view_as=subscriber\"]}]}<\/script>\n<meta property=\"product:brand\" content=\"TRIPP-LITE\" \/>\n<meta property=\"product:price:amount\" content=\"9429\" \/>\n<meta property=\"product:price:currency\" content=\"MXN\" \/>\n<meta property=\"og:availability\" content=\"out of stock\" \/>\n<meta property=\"product:availability\" content=\"out of stock\" \/>\n<meta property=\"product:retailer_item_id\" content=\"SMART1500LCDXL\" \/>\n<meta property=\"product:condition\" content=\"new\" \/>\n<!-- \/ Yoast SEO plugin. -->","yoast_head_json":{"title":"[ Tripp-lite ] &#129351; Smart1500lcdxl Nobreak , Interactivo De 120v 1500va 900w, Avr, Tiempo De Autonomia Ampliado, 8 Tomacorrientes, 2u Rack,torre, Lcd,usb,serial Db9garantia Limitada De 3 A\u00f1os.","description":"Compra Smart1500lcdxl Nobreak , Interactivo De 120v 1500va 900w, Avr, Tiempo De Autonomia Ampliado, 8 Tomacorrientes, 2u Rack,torre, Lcd,usb,serial Db9garantia Limitada De 3 A\u00f1os. + Env\u00edo a domicilio + Pago seguro + Garant\u00eda","robots":{"index":"index","follow":"follow","max-snippet":"max-snippet:-1","max-image-preview":"max-image-preview:large","max-video-preview":"max-video-preview:-1"},"canonical":"https:\/\/compuviper.mx\/tienda\/producto\/tripp-lite-smart1500lcdxl-nobreak-interactivo-de-120v-1500va-900w-avr-tiempo-de-autonomia-ampliado-8-tomacorrientes-2u-racktorre-lcdusbserial-db9garantia-limitada-de-3-aos\/","og_locale":"es_MX","og_type":"article","og_title":"[ Tripp-lite ] &#129351; Smart1500lcdxl Nobreak , Interactivo De 120v 1500va 900w, Avr, Tiempo De Autonomia Ampliado, 8 Tomacorrientes, 2u Rack,torre, Lcd,usb,serial Db9garantia Limitada De 3 A\u00f1os.","og_description":"Compra Smart1500lcdxl Nobreak , Interactivo De 120v 1500va 900w, Avr, Tiempo De Autonomia Ampliado, 8 Tomacorrientes, 2u Rack,torre, Lcd,usb,serial Db9garantia Limitada De 3 A\u00f1os. + Env\u00edo a domicilio + Pago seguro + Garant\u00eda","og_url":"https:\/\/compuviper.mx\/tienda\/producto\/tripp-lite-smart1500lcdxl-nobreak-interactivo-de-120v-1500va-900w-avr-tiempo-de-autonomia-ampliado-8-tomacorrientes-2u-racktorre-lcdusbserial-db9garantia-limitada-de-3-aos\/","og_site_name":"Compuviper","article_publisher":"https:\/\/www.facebook.com\/compuviper","og_image":[{"width":200,"height":200,"url":"https:\/\/compuviper.mx\/tienda\/wp-content\/uploads\/2023\/12\/Nobreak-tripp-lite-smart1500lcdxl-interactivo-de-120v-1500va-900w-avr-tiempo-de-autonomia-ampliado-8-tomacorrientes-2u-racktorre-lcdusbserial-db9garantia-limitada-de-3-anos.jpg","type":"image\/jpeg"}],"twitter_card":"summary_large_image","twitter_misc":{"Precio":"&#36;9,429 con IVA","Availability":"Out of stock"},"schema":{"@context":"https:\/\/schema.org","@graph":[{"@type":"WebPage","@id":"https:\/\/compuviper.mx\/tienda\/producto\/tripp-lite-smart1500lcdxl-nobreak-interactivo-de-120v-1500va-900w-avr-tiempo-de-autonomia-ampliado-8-tomacorrientes-2u-racktorre-lcdusbserial-db9garantia-limitada-de-3-aos\/","url":"https:\/\/compuviper.mx\/tienda\/producto\/tripp-lite-smart1500lcdxl-nobreak-interactivo-de-120v-1500va-900w-avr-tiempo-de-autonomia-ampliado-8-tomacorrientes-2u-racktorre-lcdusbserial-db9garantia-limitada-de-3-aos\/","name":"[ Tripp-lite ] &#129351; Smart1500lcdxl Nobreak , Interactivo De 120v 1500va 900w, Avr, Tiempo De Autonomia Ampliado, 8 Tomacorrientes, 2u Rack,torre, Lcd,usb,serial Db9garantia Limitada De 3 A\u00f1os.","isPartOf":{"@id":"https:\/\/compuviper.mx\/tienda\/#website"},"datePublished":"2026-04-08T06:25:47+00:00","dateModified":"2026-04-08T06:25:47+00:00","description":"Compra Smart1500lcdxl Nobreak , Interactivo De 120v 1500va 900w, Avr, Tiempo De Autonomia Ampliado, 8 Tomacorrientes, 2u Rack,torre, Lcd,usb,serial Db9garantia Limitada De 3 A\u00f1os. + Env\u00edo a domicilio + Pago seguro + Garant\u00eda","breadcrumb":{"@id":"https:\/\/compuviper.mx\/tienda\/producto\/tripp-lite-smart1500lcdxl-nobreak-interactivo-de-120v-1500va-900w-avr-tiempo-de-autonomia-ampliado-8-tomacorrientes-2u-racktorre-lcdusbserial-db9garantia-limitada-de-3-aos\/#breadcrumb"},"inLanguage":"es-MX","potentialAction":[{"@type":"ReadAction","target":["https:\/\/compuviper.mx\/tienda\/producto\/tripp-lite-smart1500lcdxl-nobreak-interactivo-de-120v-1500va-900w-avr-tiempo-de-autonomia-ampliado-8-tomacorrientes-2u-racktorre-lcdusbserial-db9garantia-limitada-de-3-aos\/"]}]},{"@type":"BreadcrumbList","@id":"https:\/\/compuviper.mx\/tienda\/producto\/tripp-lite-smart1500lcdxl-nobreak-interactivo-de-120v-1500va-900w-avr-tiempo-de-autonomia-ampliado-8-tomacorrientes-2u-racktorre-lcdusbserial-db9garantia-limitada-de-3-aos\/#breadcrumb","itemListElement":[{"@type":"ListItem","position":1,"name":"Inicio","item":"https:\/\/compuviper.mx\/tienda\/"},{"@type":"ListItem","position":2,"name":"Productos","item":"https:\/\/compuviper.mx\/tienda\/productos\/"},{"@type":"ListItem","position":3,"name":"Energia","item":"https:\/\/compuviper.mx\/tienda\/categoria-producto\/energia\/"},{"@type":"ListItem","position":4,"name":"No Break","item":"https:\/\/compuviper.mx\/tienda\/categoria-producto\/energia\/no-break\/"},{"@type":"ListItem","position":5,"name":"Tripp-lite Smart1500lcdxl Nobreak , Interactivo De 120v 1500va 900w, Avr, Tiempo De Autonomia Ampliado, 8 Tomacorrientes, 2u Rack,torre, Lcd,usb,serial Db9garantia Limitada De 3 A?os."}]},{"@type":"WebSite","@id":"https:\/\/compuviper.mx\/tienda\/#website","url":"https:\/\/compuviper.mx\/tienda\/","name":"Compuviper","description":"Proveedor de Computadoras, Laptops, Servidores, Monitores, Puntos de Venta, Teclados,   Impresoras, T\u00f3ner, C\u00e1maras de Seguridad y m\u00e1s en tu tienda en l\u00ednea","publisher":{"@id":"https:\/\/compuviper.mx\/tienda\/#organization"},"potentialAction":[{"@type":"SearchAction","target":{"@type":"EntryPoint","urlTemplate":"https:\/\/compuviper.mx\/tienda\/?s={search_term_string}"},"query-input":"required name=search_term_string"}],"inLanguage":"es-MX"},{"@type":"Organization","@id":"https:\/\/compuviper.mx\/tienda\/#organization","name":"Compuviper","url":"https:\/\/compuviper.mx\/tienda\/","logo":{"@type":"ImageObject","inLanguage":"es-MX","@id":"https:\/\/compuviper.mx\/tienda\/#\/schema\/logo\/image\/","url":"https:\/\/compuviper.mx\/tienda\/wp-content\/uploads\/2021\/08\/Logo-Compuviper-10.png","contentUrl":"https:\/\/compuviper.mx\/tienda\/wp-content\/uploads\/2021\/08\/Logo-Compuviper-10.png","width":1000,"height":500,"caption":"Compuviper"},"image":{"@id":"https:\/\/compuviper.mx\/tienda\/#\/schema\/logo\/image\/"},"sameAs":["https:\/\/www.facebook.com\/compuviper","https:\/\/www.youtube.com\/channel\/UCf73dERp9Y3cfOq7q8BhLjA?view_as=subscriber"]}]},"product_brand":"TRIPP-LITE","product_price_amount":"9429","product_price_currency":"MXN","og_availability":"out of stock","product_availability":"out of stock","product_retailer_item_id":"SMART1500LCDXL","product_condition":"new"},"_links":{"self":[{"href":"https:\/\/compuviper.mx\/tienda\/wp-json\/wp\/v2\/product\/217312"}],"collection":[{"href":"https:\/\/compuviper.mx\/tienda\/wp-json\/wp\/v2\/product"}],"about":[{"href":"https:\/\/compuviper.mx\/tienda\/wp-json\/wp\/v2\/types\/product"}],"replies":[{"embeddable":true,"href":"https:\/\/compuviper.mx\/tienda\/wp-json\/wp\/v2\/comments?post=217312"}],"wp:featuredmedia":[{"embeddable":true,"href":"https:\/\/compuviper.mx\/tienda\/wp-json\/wp\/v2\/media\/217313"}],"wp:attachment":[{"href":"https:\/\/compuviper.mx\/tienda\/wp-json\/wp\/v2\/media?parent=217312"}],"wp:term":[{"taxonomy":"product_cat","embeddable":true,"href":"https:\/\/compuviper.mx\/tienda\/wp-json\/wp\/v2\/product_cat?post=217312"},{"taxonomy":"product_tag","embeddable":true,"href":"https:\/\/compuviper.mx\/tienda\/wp-json\/wp\/v2\/product_tag?post=217312"}],"curies":[{"name":"wp","href":"https:\/\/api.w.org\/{rel}","templated":true}]}}