{"id":217286,"date":"2026-04-07T00:24:02","date_gmt":"2026-04-07T06:24:02","guid":{"rendered":"https:\/\/compuviper.mx\/tienda\/producto\/apc-srt3000rmxla-no-break-de-3000va-doble-conversion-on-line-con-8-nemas-5-20r-1-nema-l5-30r\/"},"modified":"2026-04-07T00:24:03","modified_gmt":"2026-04-07T06:24:03","slug":"apc-srt3000rmxla-no-break-de-3000va-doble-conversion-on-line-con-8-nemas-5-20r-1-nema-l5-30r","status":"publish","type":"product","link":"https:\/\/compuviper.mx\/tienda\/producto\/apc-srt3000rmxla-no-break-de-3000va-doble-conversion-on-line-con-8-nemas-5-20r-1-nema-l5-30r\/","title":{"rendered":"Apc Srt3000rmxla No Break De 3000va Doble Conversion On Line Con 8 Nemas 5-20r 1 Nema L5-30r"},"content":{"rendered":"<table class=\"descripcion\">\n<tr>\n<td>Salida<\/td>\n<\/tr>\n<tr>\n<td>Capacidad de potencia de salida: 2.7 kvatios\/3.0 kva<\/td>\n<\/tr>\n<tr>\n<td>Maxima potencia configurable: 2.7 kvatios\/3.0 kva<\/td>\n<\/tr>\n<tr>\n<td>Tension de salida nominal: 120v<\/td>\n<\/tr>\n<tr>\n<td>Distorsi\u00f2n de tension de salida: menos que 2%<\/td>\n<\/tr>\n<tr>\n<td>Frequencia de salida (sincronizada con la red):50\/60hz +\/- 3 hz<\/td>\n<\/tr>\n<tr>\n<td>Factor de cresta de carga: 3 : 1<\/td>\n<\/tr>\n<tr>\n<td>Topolog\u00eca: doble conversi\u00f2n en l\u00ecnea<\/td>\n<\/tr>\n<tr>\n<td>Tipo de forma de onda: onda senoidal<\/td>\n<\/tr>\n<tr>\n<td>Conexiones de salida:<\/td>\n<\/tr>\n<tr>\n<td>(8) nema 5-20r (respaldo de bater\u00eda)<\/td>\n<\/tr>\n<tr>\n<td>(1) nema l5-30r (respaldo de bater\u00eda)<\/td>\n<\/tr>\n<tr>\n<td>Desviaci\u00f2n: desviaci\u00f2n interna (autom\u00e0tica y manual)<\/td>\n<\/tr>\n<tr>\n<td>Entrada<\/td>\n<\/tr>\n<tr>\n<td>Entrada de voltaje: 120v<\/td>\n<\/tr>\n<tr>\n<td>Frecuencia de entrada: 40 &#8211; 70 hz (autosensor)<\/td>\n<\/tr>\n<tr>\n<td>Tipo de enchufe: nema l5-30p<\/td>\n<\/tr>\n<tr>\n<td>Longitud de cable: 2.44 metros<\/td>\n<\/tr>\n<tr>\n<td>Cantidad de cables de alimentaci\u00f2n: 1<\/td>\n<\/tr>\n<tr>\n<td>Bater\u00ecas y autonomia<\/td>\n<\/tr>\n<tr>\n<td>Tipo de bater\u00eca: bater\u00eca sellada de plomo sin necesidad de mantenci\u00f2n con electrolito suspendido a prueba de filtraci\u00f2n.<\/td>\n<\/tr>\n<tr>\n<td>Baterias pre-instaladas:1<\/td>\n<\/tr>\n<tr>\n<td>Tiempo de recarga tipico: 3 horas<\/td>\n<\/tr>\n<tr>\n<td>Bater\u00eca de recambio: apcrbc152<\/td>\n<\/tr>\n<tr>\n<td>Vida \u00f9til esperada de las bater\u00ecas: 3-5 a\u00f1os<\/td>\n<\/tr>\n<tr>\n<td>Cantidad de cartuchos de bateri\u00eca de recambio: 1<\/td>\n<\/tr>\n<tr>\n<td>Duraci\u00f2n prolongable: 1<\/td>\n<\/tr>\n<tr>\n<td>Capacidad va\/hora de la bater\u00eca: 454<\/td>\n<\/tr>\n<\/table>\n","protected":false},"excerpt":{"rendered":"<p>Notificaci\u00f2n sobre fallas de la bater\u00eca: analiza las bater\u00ecas a fin de advertir anticipadamente en casos de fallas posibles, lo que garantiza que el mantenimiento preventivo sea oportuno. Modo eco: modo de funcionamiento que permite saltear los componentes el\u00e8ctricos en buenas condiciones  energ\u00e8ticas que no se est\u00e0n utilizando para lograr un alto nivle de eficiencia operativa sin sacrificar la protecci\u00f2n. Pantalla gr\u00e0fica lcd: diagrama de esquema y de texto que muestra modos de operaci\u00f2n, par\u00e0metros del sistema y  alamras. Convertible para torre o rack. Protege la inversi\u00f2n inicial en sistema ups cuando se migra de un entorno en torro a otro de montaje en rack.<\/p>\n","protected":false},"featured_media":217287,"comment_status":"open","ping_status":"open","template":"","meta":[],"product_cat":[1508,1691],"product_tag":[1694],"acf":[],"yoast_head":"<!-- This site is optimized with the Yoast SEO plugin v21.7 - https:\/\/yoast.com\/wordpress\/plugins\/seo\/ -->\n<title>[ Apc ] &#129351; Srt3000rmxla No Break De 3000va Doble Conversion On Line Con 8 Nemas 5-20r 1 Nema L5-30r<\/title>\n<meta name=\"description\" content=\"Compra Srt3000rmxla No Break De 3000va Doble Conversion On Line Con 8 Nemas 5-20r 1 Nema L5-30r + Env\u00edo a domicilio + Pago seguro + Garant\u00eda\" \/>\n<meta name=\"robots\" content=\"index, follow, max-snippet:-1, max-image-preview:large, max-video-preview:-1\" \/>\n<link rel=\"canonical\" href=\"https:\/\/compuviper.mx\/tienda\/producto\/apc-srt3000rmxla-no-break-de-3000va-doble-conversion-on-line-con-8-nemas-5-20r-1-nema-l5-30r\/\" \/>\n<meta property=\"og:locale\" content=\"es_MX\" \/>\n<meta property=\"og:type\" content=\"article\" \/>\n<meta property=\"og:title\" content=\"[ Apc ] &#129351; Srt3000rmxla No Break De 3000va Doble Conversion On Line Con 8 Nemas 5-20r 1 Nema L5-30r\" \/>\n<meta property=\"og:description\" content=\"Compra Srt3000rmxla No Break De 3000va Doble Conversion On Line Con 8 Nemas 5-20r 1 Nema L5-30r + Env\u00edo a domicilio + Pago seguro + Garant\u00eda\" \/>\n<meta property=\"og:url\" content=\"https:\/\/compuviper.mx\/tienda\/producto\/apc-srt3000rmxla-no-break-de-3000va-doble-conversion-on-line-con-8-nemas-5-20r-1-nema-l5-30r\/\" \/>\n<meta property=\"og:site_name\" content=\"Compuviper\" \/>\n<meta property=\"article:publisher\" content=\"https:\/\/www.facebook.com\/compuviper\" \/>\n<meta property=\"article:modified_time\" content=\"2026-04-07T06:24:03+00:00\" \/>\n<meta property=\"og:image\" content=\"https:\/\/compuviper.mx\/tienda\/wp-content\/uploads\/2023\/12\/No-break-de-3000va-doble-conversion-on-line-con-8-nemas-5-20r-1-nema-l5-30r.jpg\" \/>\n\t<meta property=\"og:image:width\" content=\"200\" \/>\n\t<meta property=\"og:image:height\" content=\"200\" \/>\n\t<meta property=\"og:image:type\" content=\"image\/jpeg\" \/>\n<meta name=\"twitter:card\" content=\"summary_large_image\" \/>\n<meta name=\"twitter:label1\" content=\"Precio\" \/>\n\t<meta name=\"twitter:data1\" content=\"&#36;31,309 &#36;28,676 con IVA\" \/>\n\t<meta name=\"twitter:label2\" content=\"Availability\" \/>\n\t<meta name=\"twitter:data2\" content=\"Out of stock\" \/>\n<script type=\"application\/ld+json\" class=\"yoast-schema-graph\">{\"@context\":\"https:\/\/schema.org\",\"@graph\":[{\"@type\":\"WebPage\",\"@id\":\"https:\/\/compuviper.mx\/tienda\/producto\/apc-srt3000rmxla-no-break-de-3000va-doble-conversion-on-line-con-8-nemas-5-20r-1-nema-l5-30r\/\",\"url\":\"https:\/\/compuviper.mx\/tienda\/producto\/apc-srt3000rmxla-no-break-de-3000va-doble-conversion-on-line-con-8-nemas-5-20r-1-nema-l5-30r\/\",\"name\":\"[ Apc ] &#129351; Srt3000rmxla No Break De 3000va Doble Conversion On Line Con 8 Nemas 5-20r 1 Nema L5-30r\",\"isPartOf\":{\"@id\":\"https:\/\/compuviper.mx\/tienda\/#website\"},\"datePublished\":\"2026-04-07T06:24:02+00:00\",\"dateModified\":\"2026-04-07T06:24:03+00:00\",\"description\":\"Compra Srt3000rmxla No Break De 3000va Doble Conversion On Line Con 8 Nemas 5-20r 1 Nema L5-30r + Env\u00edo a domicilio + Pago seguro + Garant\u00eda\",\"breadcrumb\":{\"@id\":\"https:\/\/compuviper.mx\/tienda\/producto\/apc-srt3000rmxla-no-break-de-3000va-doble-conversion-on-line-con-8-nemas-5-20r-1-nema-l5-30r\/#breadcrumb\"},\"inLanguage\":\"es-MX\",\"potentialAction\":[{\"@type\":\"ReadAction\",\"target\":[\"https:\/\/compuviper.mx\/tienda\/producto\/apc-srt3000rmxla-no-break-de-3000va-doble-conversion-on-line-con-8-nemas-5-20r-1-nema-l5-30r\/\"]}]},{\"@type\":\"BreadcrumbList\",\"@id\":\"https:\/\/compuviper.mx\/tienda\/producto\/apc-srt3000rmxla-no-break-de-3000va-doble-conversion-on-line-con-8-nemas-5-20r-1-nema-l5-30r\/#breadcrumb\",\"itemListElement\":[{\"@type\":\"ListItem\",\"position\":1,\"name\":\"Inicio\",\"item\":\"https:\/\/compuviper.mx\/tienda\/\"},{\"@type\":\"ListItem\",\"position\":2,\"name\":\"Productos\",\"item\":\"https:\/\/compuviper.mx\/tienda\/productos\/\"},{\"@type\":\"ListItem\",\"position\":3,\"name\":\"Energia\",\"item\":\"https:\/\/compuviper.mx\/tienda\/categoria-producto\/energia\/\"},{\"@type\":\"ListItem\",\"position\":4,\"name\":\"No Break\",\"item\":\"https:\/\/compuviper.mx\/tienda\/categoria-producto\/energia\/no-break\/\"},{\"@type\":\"ListItem\",\"position\":5,\"name\":\"Apc Srt3000rmxla No Break De 3000va Doble Conversion On Line Con 8 Nemas 5-20r 1 Nema L5-30r\"}]},{\"@type\":\"WebSite\",\"@id\":\"https:\/\/compuviper.mx\/tienda\/#website\",\"url\":\"https:\/\/compuviper.mx\/tienda\/\",\"name\":\"Compuviper\",\"description\":\"Proveedor de Computadoras, Laptops, Servidores, Monitores, Puntos de Venta, Teclados,   Impresoras, T\u00f3ner, C\u00e1maras de Seguridad y m\u00e1s en tu tienda en l\u00ednea\",\"publisher\":{\"@id\":\"https:\/\/compuviper.mx\/tienda\/#organization\"},\"potentialAction\":[{\"@type\":\"SearchAction\",\"target\":{\"@type\":\"EntryPoint\",\"urlTemplate\":\"https:\/\/compuviper.mx\/tienda\/?s={search_term_string}\"},\"query-input\":\"required name=search_term_string\"}],\"inLanguage\":\"es-MX\"},{\"@type\":\"Organization\",\"@id\":\"https:\/\/compuviper.mx\/tienda\/#organization\",\"name\":\"Compuviper\",\"url\":\"https:\/\/compuviper.mx\/tienda\/\",\"logo\":{\"@type\":\"ImageObject\",\"inLanguage\":\"es-MX\",\"@id\":\"https:\/\/compuviper.mx\/tienda\/#\/schema\/logo\/image\/\",\"url\":\"https:\/\/compuviper.mx\/tienda\/wp-content\/uploads\/2021\/08\/Logo-Compuviper-10.png\",\"contentUrl\":\"https:\/\/compuviper.mx\/tienda\/wp-content\/uploads\/2021\/08\/Logo-Compuviper-10.png\",\"width\":1000,\"height\":500,\"caption\":\"Compuviper\"},\"image\":{\"@id\":\"https:\/\/compuviper.mx\/tienda\/#\/schema\/logo\/image\/\"},\"sameAs\":[\"https:\/\/www.facebook.com\/compuviper\",\"https:\/\/www.youtube.com\/channel\/UCf73dERp9Y3cfOq7q8BhLjA?view_as=subscriber\"]}]}<\/script>\n<meta property=\"product:brand\" content=\"APC\" \/>\n<meta property=\"product:price:amount\" content=\"28676\" \/>\n<meta property=\"product:price:currency\" content=\"MXN\" \/>\n<meta property=\"og:availability\" content=\"out of stock\" \/>\n<meta property=\"product:availability\" content=\"out of stock\" \/>\n<meta property=\"product:retailer_item_id\" content=\"SRT3000RMXLA\" \/>\n<meta property=\"product:condition\" content=\"new\" \/>\n<!-- \/ Yoast SEO plugin. -->","yoast_head_json":{"title":"[ Apc ] &#129351; Srt3000rmxla No Break De 3000va Doble Conversion On Line Con 8 Nemas 5-20r 1 Nema L5-30r","description":"Compra Srt3000rmxla No Break De 3000va Doble Conversion On Line Con 8 Nemas 5-20r 1 Nema L5-30r + Env\u00edo a domicilio + Pago seguro + Garant\u00eda","robots":{"index":"index","follow":"follow","max-snippet":"max-snippet:-1","max-image-preview":"max-image-preview:large","max-video-preview":"max-video-preview:-1"},"canonical":"https:\/\/compuviper.mx\/tienda\/producto\/apc-srt3000rmxla-no-break-de-3000va-doble-conversion-on-line-con-8-nemas-5-20r-1-nema-l5-30r\/","og_locale":"es_MX","og_type":"article","og_title":"[ Apc ] &#129351; Srt3000rmxla No Break De 3000va Doble Conversion On Line Con 8 Nemas 5-20r 1 Nema L5-30r","og_description":"Compra Srt3000rmxla No Break De 3000va Doble Conversion On Line Con 8 Nemas 5-20r 1 Nema L5-30r + Env\u00edo a domicilio + Pago seguro + Garant\u00eda","og_url":"https:\/\/compuviper.mx\/tienda\/producto\/apc-srt3000rmxla-no-break-de-3000va-doble-conversion-on-line-con-8-nemas-5-20r-1-nema-l5-30r\/","og_site_name":"Compuviper","article_publisher":"https:\/\/www.facebook.com\/compuviper","article_modified_time":"2026-04-07T06:24:03+00:00","og_image":[{"width":200,"height":200,"url":"https:\/\/compuviper.mx\/tienda\/wp-content\/uploads\/2023\/12\/No-break-de-3000va-doble-conversion-on-line-con-8-nemas-5-20r-1-nema-l5-30r.jpg","type":"image\/jpeg"}],"twitter_card":"summary_large_image","twitter_misc":{"Precio":"&#36;31,309 &#36;28,676 con IVA","Availability":"Out of stock"},"schema":{"@context":"https:\/\/schema.org","@graph":[{"@type":"WebPage","@id":"https:\/\/compuviper.mx\/tienda\/producto\/apc-srt3000rmxla-no-break-de-3000va-doble-conversion-on-line-con-8-nemas-5-20r-1-nema-l5-30r\/","url":"https:\/\/compuviper.mx\/tienda\/producto\/apc-srt3000rmxla-no-break-de-3000va-doble-conversion-on-line-con-8-nemas-5-20r-1-nema-l5-30r\/","name":"[ Apc ] &#129351; Srt3000rmxla No Break De 3000va Doble Conversion On Line Con 8 Nemas 5-20r 1 Nema L5-30r","isPartOf":{"@id":"https:\/\/compuviper.mx\/tienda\/#website"},"datePublished":"2026-04-07T06:24:02+00:00","dateModified":"2026-04-07T06:24:03+00:00","description":"Compra Srt3000rmxla No Break De 3000va Doble Conversion On Line Con 8 Nemas 5-20r 1 Nema L5-30r + Env\u00edo a domicilio + Pago seguro + Garant\u00eda","breadcrumb":{"@id":"https:\/\/compuviper.mx\/tienda\/producto\/apc-srt3000rmxla-no-break-de-3000va-doble-conversion-on-line-con-8-nemas-5-20r-1-nema-l5-30r\/#breadcrumb"},"inLanguage":"es-MX","potentialAction":[{"@type":"ReadAction","target":["https:\/\/compuviper.mx\/tienda\/producto\/apc-srt3000rmxla-no-break-de-3000va-doble-conversion-on-line-con-8-nemas-5-20r-1-nema-l5-30r\/"]}]},{"@type":"BreadcrumbList","@id":"https:\/\/compuviper.mx\/tienda\/producto\/apc-srt3000rmxla-no-break-de-3000va-doble-conversion-on-line-con-8-nemas-5-20r-1-nema-l5-30r\/#breadcrumb","itemListElement":[{"@type":"ListItem","position":1,"name":"Inicio","item":"https:\/\/compuviper.mx\/tienda\/"},{"@type":"ListItem","position":2,"name":"Productos","item":"https:\/\/compuviper.mx\/tienda\/productos\/"},{"@type":"ListItem","position":3,"name":"Energia","item":"https:\/\/compuviper.mx\/tienda\/categoria-producto\/energia\/"},{"@type":"ListItem","position":4,"name":"No Break","item":"https:\/\/compuviper.mx\/tienda\/categoria-producto\/energia\/no-break\/"},{"@type":"ListItem","position":5,"name":"Apc Srt3000rmxla No Break De 3000va Doble Conversion On Line Con 8 Nemas 5-20r 1 Nema L5-30r"}]},{"@type":"WebSite","@id":"https:\/\/compuviper.mx\/tienda\/#website","url":"https:\/\/compuviper.mx\/tienda\/","name":"Compuviper","description":"Proveedor de Computadoras, Laptops, Servidores, Monitores, Puntos de Venta, Teclados,   Impresoras, T\u00f3ner, C\u00e1maras de Seguridad y m\u00e1s en tu tienda en l\u00ednea","publisher":{"@id":"https:\/\/compuviper.mx\/tienda\/#organization"},"potentialAction":[{"@type":"SearchAction","target":{"@type":"EntryPoint","urlTemplate":"https:\/\/compuviper.mx\/tienda\/?s={search_term_string}"},"query-input":"required name=search_term_string"}],"inLanguage":"es-MX"},{"@type":"Organization","@id":"https:\/\/compuviper.mx\/tienda\/#organization","name":"Compuviper","url":"https:\/\/compuviper.mx\/tienda\/","logo":{"@type":"ImageObject","inLanguage":"es-MX","@id":"https:\/\/compuviper.mx\/tienda\/#\/schema\/logo\/image\/","url":"https:\/\/compuviper.mx\/tienda\/wp-content\/uploads\/2021\/08\/Logo-Compuviper-10.png","contentUrl":"https:\/\/compuviper.mx\/tienda\/wp-content\/uploads\/2021\/08\/Logo-Compuviper-10.png","width":1000,"height":500,"caption":"Compuviper"},"image":{"@id":"https:\/\/compuviper.mx\/tienda\/#\/schema\/logo\/image\/"},"sameAs":["https:\/\/www.facebook.com\/compuviper","https:\/\/www.youtube.com\/channel\/UCf73dERp9Y3cfOq7q8BhLjA?view_as=subscriber"]}]},"product_brand":"APC","product_price_amount":"28676","product_price_currency":"MXN","og_availability":"out of stock","product_availability":"out of stock","product_retailer_item_id":"SRT3000RMXLA","product_condition":"new"},"_links":{"self":[{"href":"https:\/\/compuviper.mx\/tienda\/wp-json\/wp\/v2\/product\/217286"}],"collection":[{"href":"https:\/\/compuviper.mx\/tienda\/wp-json\/wp\/v2\/product"}],"about":[{"href":"https:\/\/compuviper.mx\/tienda\/wp-json\/wp\/v2\/types\/product"}],"replies":[{"embeddable":true,"href":"https:\/\/compuviper.mx\/tienda\/wp-json\/wp\/v2\/comments?post=217286"}],"wp:featuredmedia":[{"embeddable":true,"href":"https:\/\/compuviper.mx\/tienda\/wp-json\/wp\/v2\/media\/217287"}],"wp:attachment":[{"href":"https:\/\/compuviper.mx\/tienda\/wp-json\/wp\/v2\/media?parent=217286"}],"wp:term":[{"taxonomy":"product_cat","embeddable":true,"href":"https:\/\/compuviper.mx\/tienda\/wp-json\/wp\/v2\/product_cat?post=217286"},{"taxonomy":"product_tag","embeddable":true,"href":"https:\/\/compuviper.mx\/tienda\/wp-json\/wp\/v2\/product_tag?post=217286"}],"curies":[{"name":"wp","href":"https:\/\/api.w.org\/{rel}","templated":true}]}}