{"id":217280,"date":"2026-04-07T00:24:00","date_gmt":"2026-04-07T06:24:00","guid":{"rendered":"https:\/\/compuviper.mx\/tienda\/producto\/cdp-upo22-10ax-ups-online-10kva-10000va-10000w-bifasico-torre-frecuencia-50-60ghz-140-110-115-120-vca-o-208-220-vca-requiere-cotizar-servicios-p-garantia\/"},"modified":"2026-04-07T00:24:01","modified_gmt":"2026-04-07T06:24:01","slug":"cdp-upo22-10ax-ups-bifasico-de-10kva-torre-10000va-10000w-220vca-120-208-240vca","status":"publish","type":"product","link":"https:\/\/compuviper.mx\/tienda\/producto\/cdp-upo22-10ax-ups-bifasico-de-10kva-torre-10000va-10000w-220vca-120-208-240vca\/","title":{"rendered":"Cdp Upo22-10ax Ups Bifasico De 10kva Torre 10000va\/10000w 220vca 120\/208\/240vca"},"content":{"rendered":"<table class=\"descripcion\">\n<tr>\n<td>Capacidad: 10 000va\/10 000w<\/td>\n<\/tr>\n<tr>\n<td>Dimensiones: 250x826x592mm<\/td>\n<\/tr>\n<tr>\n<td>Distorci\u00f3n armonica:  \/=2% thd (carga lineales)<\/td>\n<\/tr>\n<tr>\n<td>Peso: 142kg<\/td>\n<\/tr>\n<tr>\n<td>Rango de frecuencia: 50\/60hz+\/-7%<\/td>\n<\/tr>\n<tr>\n<td>Distorsion armonica:  \/=2% x thd carga lineales<\/td>\n<\/tr>\n<tr>\n<td>Smart rs232 soporta windows 98\/2000\/2003\/xp\/vista\/2008\/7, linux, unix y mac<\/td>\n<\/tr>\n<tr>\n<td>Transferencua por alto voltaje: 300vca +\/-3% (l-l)<\/td>\n<\/tr>\n<tr>\n<td>Transferencia por bajo voltaje: 110vca +\/-3% a media carga \/ 176vca +\/-3% a plena carga (l-l)<\/td>\n<\/tr>\n<tr>\n<td>Factor de potencia: 0.99 a plena carga<\/td>\n<\/tr>\n<tr>\n<td>Voltaje de salida: 140\/110\/115\/120 vca o 208\/220 vca<\/td>\n<\/tr>\n<tr>\n<td>Regulacion de voltaje ac: +\/- 3%<\/td>\n<\/tr>\n<tr>\n<td>Tiempo de transferencia e inversor: 0 ms<\/td>\n<\/tr>\n<tr>\n<td>Fase: monofasica con polo a tierra<\/td>\n<\/tr>\n<tr>\n<td>Bateria tipo: 12v\/9ah x 20<\/td>\n<\/tr>\n<tr>\n<td>Tiempo de recarga: 9 horas al 90%<\/td>\n<\/tr>\n<tr>\n<td>Temperatura de operacion: 0-40 grados celsius<\/td>\n<\/tr>\n<tr>\n<td>Humedad de operacion:  95% sin condensacion<\/td>\n<\/tr>\n<tr>\n<td>Nivel de ruido: menor a 60dba x 1 metro<\/td>\n<\/tr>\n<tr>\n<td>Opcional no incluido: control snmp y navegador web<\/td>\n<\/tr>\n<\/table>\n","protected":false},"excerpt":{"rendered":"<p>Upo22-10 ax. La serie upo22 ax en la linea ups es la mas avanzada de cdp para el manejo corporativo de la energ\u00eda. Avanzado dise\u00f1o con tecnolog\u00eda (igbt) para el aislamiento verdadero de la entrada de la ca. Las caracteristicas incluyen la tecnologia single chip para una confiabilidad excepcional. Cuenta con certificaci\u00f3n ul.<\/p>\n","protected":false},"featured_media":217281,"comment_status":"open","ping_status":"open","template":"","meta":[],"product_cat":[1508,1691],"product_tag":[1693],"acf":[],"yoast_head":"<!-- This site is optimized with the Yoast SEO plugin v21.7 - https:\/\/yoast.com\/wordpress\/plugins\/seo\/ -->\n<title>[ Cdp ] &#129351; Upo22-10ax Ups Bifasico De 10kva Torre 10000va\/10000w 220vca 120\/208\/240vca<\/title>\n<meta name=\"description\" content=\"Compra Upo22-10ax Ups Bifasico De 10kva Torre 10000va\/10000w 220vca 120\/208\/240vca + Env\u00edo a domicilio + Pago seguro + Garant\u00eda\" \/>\n<meta name=\"robots\" content=\"index, follow, max-snippet:-1, max-image-preview:large, max-video-preview:-1\" \/>\n<link rel=\"canonical\" href=\"https:\/\/compuviper.mx\/tienda\/producto\/cdp-upo22-10ax-ups-bifasico-de-10kva-torre-10000va-10000w-220vca-120-208-240vca\/\" \/>\n<meta property=\"og:locale\" content=\"es_MX\" \/>\n<meta property=\"og:type\" content=\"article\" \/>\n<meta property=\"og:title\" content=\"[ Cdp ] &#129351; Upo22-10ax Ups Bifasico De 10kva Torre 10000va\/10000w 220vca 120\/208\/240vca\" \/>\n<meta property=\"og:description\" content=\"Compra Upo22-10ax Ups Bifasico De 10kva Torre 10000va\/10000w 220vca 120\/208\/240vca + Env\u00edo a domicilio + Pago seguro + Garant\u00eda\" \/>\n<meta property=\"og:url\" content=\"https:\/\/compuviper.mx\/tienda\/producto\/cdp-upo22-10ax-ups-bifasico-de-10kva-torre-10000va-10000w-220vca-120-208-240vca\/\" \/>\n<meta property=\"og:site_name\" content=\"Compuviper\" \/>\n<meta property=\"article:publisher\" content=\"https:\/\/www.facebook.com\/compuviper\" \/>\n<meta property=\"article:modified_time\" content=\"2026-04-07T06:24:01+00:00\" \/>\n<meta property=\"og:image\" content=\"https:\/\/compuviper.mx\/tienda\/wp-content\/uploads\/2023\/12\/Ups-online-cdp-10kva-10000va10000w-upo22-10ax-bifasico-torrefrecuencia-5060ghz-140110115120-vca-o-208220-vca-requiere-cotizar-servicios-pgarantia.jpg\" \/>\n\t<meta property=\"og:image:width\" content=\"200\" \/>\n\t<meta property=\"og:image:height\" content=\"200\" \/>\n\t<meta property=\"og:image:type\" content=\"image\/jpeg\" \/>\n<meta name=\"twitter:card\" content=\"summary_large_image\" \/>\n<meta name=\"twitter:label1\" content=\"Precio\" \/>\n\t<meta name=\"twitter:data1\" content=\"&#36;66,186 con IVA\" \/>\n\t<meta name=\"twitter:label2\" content=\"Availability\" \/>\n\t<meta name=\"twitter:data2\" content=\"Out of stock\" \/>\n<script type=\"application\/ld+json\" class=\"yoast-schema-graph\">{\"@context\":\"https:\/\/schema.org\",\"@graph\":[{\"@type\":\"WebPage\",\"@id\":\"https:\/\/compuviper.mx\/tienda\/producto\/cdp-upo22-10ax-ups-bifasico-de-10kva-torre-10000va-10000w-220vca-120-208-240vca\/\",\"url\":\"https:\/\/compuviper.mx\/tienda\/producto\/cdp-upo22-10ax-ups-bifasico-de-10kva-torre-10000va-10000w-220vca-120-208-240vca\/\",\"name\":\"[ Cdp ] &#129351; Upo22-10ax Ups Bifasico De 10kva Torre 10000va\/10000w 220vca 120\/208\/240vca\",\"isPartOf\":{\"@id\":\"https:\/\/compuviper.mx\/tienda\/#website\"},\"datePublished\":\"2026-04-07T06:24:00+00:00\",\"dateModified\":\"2026-04-07T06:24:01+00:00\",\"description\":\"Compra Upo22-10ax Ups Bifasico De 10kva Torre 10000va\/10000w 220vca 120\/208\/240vca + Env\u00edo a domicilio + Pago seguro + Garant\u00eda\",\"breadcrumb\":{\"@id\":\"https:\/\/compuviper.mx\/tienda\/producto\/cdp-upo22-10ax-ups-bifasico-de-10kva-torre-10000va-10000w-220vca-120-208-240vca\/#breadcrumb\"},\"inLanguage\":\"es-MX\",\"potentialAction\":[{\"@type\":\"ReadAction\",\"target\":[\"https:\/\/compuviper.mx\/tienda\/producto\/cdp-upo22-10ax-ups-bifasico-de-10kva-torre-10000va-10000w-220vca-120-208-240vca\/\"]}]},{\"@type\":\"BreadcrumbList\",\"@id\":\"https:\/\/compuviper.mx\/tienda\/producto\/cdp-upo22-10ax-ups-bifasico-de-10kva-torre-10000va-10000w-220vca-120-208-240vca\/#breadcrumb\",\"itemListElement\":[{\"@type\":\"ListItem\",\"position\":1,\"name\":\"Inicio\",\"item\":\"https:\/\/compuviper.mx\/tienda\/\"},{\"@type\":\"ListItem\",\"position\":2,\"name\":\"Productos\",\"item\":\"https:\/\/compuviper.mx\/tienda\/productos\/\"},{\"@type\":\"ListItem\",\"position\":3,\"name\":\"Energia\",\"item\":\"https:\/\/compuviper.mx\/tienda\/categoria-producto\/energia\/\"},{\"@type\":\"ListItem\",\"position\":4,\"name\":\"No Break\",\"item\":\"https:\/\/compuviper.mx\/tienda\/categoria-producto\/energia\/no-break\/\"},{\"@type\":\"ListItem\",\"position\":5,\"name\":\"Cdp Upo22-10ax Ups Bifasico De 10kva Torre 10000va\/10000w 220vca 120\/208\/240vca\"}]},{\"@type\":\"WebSite\",\"@id\":\"https:\/\/compuviper.mx\/tienda\/#website\",\"url\":\"https:\/\/compuviper.mx\/tienda\/\",\"name\":\"Compuviper\",\"description\":\"Proveedor de Computadoras, Laptops, Servidores, Monitores, Puntos de Venta, Teclados,   Impresoras, T\u00f3ner, C\u00e1maras de Seguridad y m\u00e1s en tu tienda en l\u00ednea\",\"publisher\":{\"@id\":\"https:\/\/compuviper.mx\/tienda\/#organization\"},\"potentialAction\":[{\"@type\":\"SearchAction\",\"target\":{\"@type\":\"EntryPoint\",\"urlTemplate\":\"https:\/\/compuviper.mx\/tienda\/?s={search_term_string}\"},\"query-input\":\"required name=search_term_string\"}],\"inLanguage\":\"es-MX\"},{\"@type\":\"Organization\",\"@id\":\"https:\/\/compuviper.mx\/tienda\/#organization\",\"name\":\"Compuviper\",\"url\":\"https:\/\/compuviper.mx\/tienda\/\",\"logo\":{\"@type\":\"ImageObject\",\"inLanguage\":\"es-MX\",\"@id\":\"https:\/\/compuviper.mx\/tienda\/#\/schema\/logo\/image\/\",\"url\":\"https:\/\/compuviper.mx\/tienda\/wp-content\/uploads\/2021\/08\/Logo-Compuviper-10.png\",\"contentUrl\":\"https:\/\/compuviper.mx\/tienda\/wp-content\/uploads\/2021\/08\/Logo-Compuviper-10.png\",\"width\":1000,\"height\":500,\"caption\":\"Compuviper\"},\"image\":{\"@id\":\"https:\/\/compuviper.mx\/tienda\/#\/schema\/logo\/image\/\"},\"sameAs\":[\"https:\/\/www.facebook.com\/compuviper\",\"https:\/\/www.youtube.com\/channel\/UCf73dERp9Y3cfOq7q8BhLjA?view_as=subscriber\"]}]}<\/script>\n<meta property=\"product:brand\" content=\"CDP\" \/>\n<meta property=\"product:price:amount\" content=\"66186\" \/>\n<meta property=\"product:price:currency\" content=\"MXN\" \/>\n<meta property=\"og:availability\" content=\"out of stock\" \/>\n<meta property=\"product:availability\" content=\"out of stock\" \/>\n<meta property=\"product:retailer_item_id\" content=\"UPO22-10AX\" \/>\n<meta property=\"product:condition\" content=\"new\" \/>\n<!-- \/ Yoast SEO plugin. -->","yoast_head_json":{"title":"[ Cdp ] &#129351; Upo22-10ax Ups Bifasico De 10kva Torre 10000va\/10000w 220vca 120\/208\/240vca","description":"Compra Upo22-10ax Ups Bifasico De 10kva Torre 10000va\/10000w 220vca 120\/208\/240vca + Env\u00edo a domicilio + Pago seguro + Garant\u00eda","robots":{"index":"index","follow":"follow","max-snippet":"max-snippet:-1","max-image-preview":"max-image-preview:large","max-video-preview":"max-video-preview:-1"},"canonical":"https:\/\/compuviper.mx\/tienda\/producto\/cdp-upo22-10ax-ups-bifasico-de-10kva-torre-10000va-10000w-220vca-120-208-240vca\/","og_locale":"es_MX","og_type":"article","og_title":"[ Cdp ] &#129351; Upo22-10ax Ups Bifasico De 10kva Torre 10000va\/10000w 220vca 120\/208\/240vca","og_description":"Compra Upo22-10ax Ups Bifasico De 10kva Torre 10000va\/10000w 220vca 120\/208\/240vca + Env\u00edo a domicilio + Pago seguro + Garant\u00eda","og_url":"https:\/\/compuviper.mx\/tienda\/producto\/cdp-upo22-10ax-ups-bifasico-de-10kva-torre-10000va-10000w-220vca-120-208-240vca\/","og_site_name":"Compuviper","article_publisher":"https:\/\/www.facebook.com\/compuviper","article_modified_time":"2026-04-07T06:24:01+00:00","og_image":[{"width":200,"height":200,"url":"https:\/\/compuviper.mx\/tienda\/wp-content\/uploads\/2023\/12\/Ups-online-cdp-10kva-10000va10000w-upo22-10ax-bifasico-torrefrecuencia-5060ghz-140110115120-vca-o-208220-vca-requiere-cotizar-servicios-pgarantia.jpg","type":"image\/jpeg"}],"twitter_card":"summary_large_image","twitter_misc":{"Precio":"&#36;66,186 con IVA","Availability":"Out of stock"},"schema":{"@context":"https:\/\/schema.org","@graph":[{"@type":"WebPage","@id":"https:\/\/compuviper.mx\/tienda\/producto\/cdp-upo22-10ax-ups-bifasico-de-10kva-torre-10000va-10000w-220vca-120-208-240vca\/","url":"https:\/\/compuviper.mx\/tienda\/producto\/cdp-upo22-10ax-ups-bifasico-de-10kva-torre-10000va-10000w-220vca-120-208-240vca\/","name":"[ Cdp ] &#129351; Upo22-10ax Ups Bifasico De 10kva Torre 10000va\/10000w 220vca 120\/208\/240vca","isPartOf":{"@id":"https:\/\/compuviper.mx\/tienda\/#website"},"datePublished":"2026-04-07T06:24:00+00:00","dateModified":"2026-04-07T06:24:01+00:00","description":"Compra Upo22-10ax Ups Bifasico De 10kva Torre 10000va\/10000w 220vca 120\/208\/240vca + Env\u00edo a domicilio + Pago seguro + Garant\u00eda","breadcrumb":{"@id":"https:\/\/compuviper.mx\/tienda\/producto\/cdp-upo22-10ax-ups-bifasico-de-10kva-torre-10000va-10000w-220vca-120-208-240vca\/#breadcrumb"},"inLanguage":"es-MX","potentialAction":[{"@type":"ReadAction","target":["https:\/\/compuviper.mx\/tienda\/producto\/cdp-upo22-10ax-ups-bifasico-de-10kva-torre-10000va-10000w-220vca-120-208-240vca\/"]}]},{"@type":"BreadcrumbList","@id":"https:\/\/compuviper.mx\/tienda\/producto\/cdp-upo22-10ax-ups-bifasico-de-10kva-torre-10000va-10000w-220vca-120-208-240vca\/#breadcrumb","itemListElement":[{"@type":"ListItem","position":1,"name":"Inicio","item":"https:\/\/compuviper.mx\/tienda\/"},{"@type":"ListItem","position":2,"name":"Productos","item":"https:\/\/compuviper.mx\/tienda\/productos\/"},{"@type":"ListItem","position":3,"name":"Energia","item":"https:\/\/compuviper.mx\/tienda\/categoria-producto\/energia\/"},{"@type":"ListItem","position":4,"name":"No Break","item":"https:\/\/compuviper.mx\/tienda\/categoria-producto\/energia\/no-break\/"},{"@type":"ListItem","position":5,"name":"Cdp Upo22-10ax Ups Bifasico De 10kva Torre 10000va\/10000w 220vca 120\/208\/240vca"}]},{"@type":"WebSite","@id":"https:\/\/compuviper.mx\/tienda\/#website","url":"https:\/\/compuviper.mx\/tienda\/","name":"Compuviper","description":"Proveedor de Computadoras, Laptops, Servidores, Monitores, Puntos de Venta, Teclados,   Impresoras, T\u00f3ner, C\u00e1maras de Seguridad y m\u00e1s en tu tienda en l\u00ednea","publisher":{"@id":"https:\/\/compuviper.mx\/tienda\/#organization"},"potentialAction":[{"@type":"SearchAction","target":{"@type":"EntryPoint","urlTemplate":"https:\/\/compuviper.mx\/tienda\/?s={search_term_string}"},"query-input":"required name=search_term_string"}],"inLanguage":"es-MX"},{"@type":"Organization","@id":"https:\/\/compuviper.mx\/tienda\/#organization","name":"Compuviper","url":"https:\/\/compuviper.mx\/tienda\/","logo":{"@type":"ImageObject","inLanguage":"es-MX","@id":"https:\/\/compuviper.mx\/tienda\/#\/schema\/logo\/image\/","url":"https:\/\/compuviper.mx\/tienda\/wp-content\/uploads\/2021\/08\/Logo-Compuviper-10.png","contentUrl":"https:\/\/compuviper.mx\/tienda\/wp-content\/uploads\/2021\/08\/Logo-Compuviper-10.png","width":1000,"height":500,"caption":"Compuviper"},"image":{"@id":"https:\/\/compuviper.mx\/tienda\/#\/schema\/logo\/image\/"},"sameAs":["https:\/\/www.facebook.com\/compuviper","https:\/\/www.youtube.com\/channel\/UCf73dERp9Y3cfOq7q8BhLjA?view_as=subscriber"]}]},"product_brand":"CDP","product_price_amount":"66186","product_price_currency":"MXN","og_availability":"out of stock","product_availability":"out of stock","product_retailer_item_id":"UPO22-10AX","product_condition":"new"},"_links":{"self":[{"href":"https:\/\/compuviper.mx\/tienda\/wp-json\/wp\/v2\/product\/217280"}],"collection":[{"href":"https:\/\/compuviper.mx\/tienda\/wp-json\/wp\/v2\/product"}],"about":[{"href":"https:\/\/compuviper.mx\/tienda\/wp-json\/wp\/v2\/types\/product"}],"replies":[{"embeddable":true,"href":"https:\/\/compuviper.mx\/tienda\/wp-json\/wp\/v2\/comments?post=217280"}],"wp:featuredmedia":[{"embeddable":true,"href":"https:\/\/compuviper.mx\/tienda\/wp-json\/wp\/v2\/media\/217281"}],"wp:attachment":[{"href":"https:\/\/compuviper.mx\/tienda\/wp-json\/wp\/v2\/media?parent=217280"}],"wp:term":[{"taxonomy":"product_cat","embeddable":true,"href":"https:\/\/compuviper.mx\/tienda\/wp-json\/wp\/v2\/product_cat?post=217280"},{"taxonomy":"product_tag","embeddable":true,"href":"https:\/\/compuviper.mx\/tienda\/wp-json\/wp\/v2\/product_tag?post=217280"}],"curies":[{"name":"wp","href":"https:\/\/api.w.org\/{rel}","templated":true}]}}