{"id":217274,"date":"2026-04-07T00:23:58","date_gmt":"2026-04-07T06:23:58","guid":{"rendered":"https:\/\/compuviper.mx\/tienda\/producto\/apc-srt2200xla-no-break-de-2200va-doble-conversion-on-line-con-6-nemas-5-20r-1-nema-l5-20r\/"},"modified":"2026-04-07T00:23:59","modified_gmt":"2026-04-07T06:23:59","slug":"apc-srt2200xla-no-break-de-2200va-doble-conversion-on-line-con-6-nemas-5-20r-1-nema-l5-20r","status":"publish","type":"product","link":"https:\/\/compuviper.mx\/tienda\/producto\/apc-srt2200xla-no-break-de-2200va-doble-conversion-on-line-con-6-nemas-5-20r-1-nema-l5-20r\/","title":{"rendered":"Apc Srt2200xla No Break De 2200va Doble Conversion On Line Con 6 Nemas 5-20r 1 Nema L5-20r"},"content":{"rendered":"<table class=\"descripcion\">\n<tr>\n<td>Salida<\/td>\n<\/tr>\n<tr>\n<td>Capacidad de potencia de salida 1.8 kvatios \/ 2.2 kva m\u00e1xima potencia configurable (vatios) 1.8 kvatios \/ 2.2 kva tensi\u00f3n de salida nominal 120v distorsi\u00f3n de tensi\u00f3n de salida menos que 2% frequencia de salida (sincronizada con la red) 50\/60hz +\/- 3 hz factor de cresta de carga 3 : 1 topolog\u00eda doble conversi\u00f3n en l\u00ednea tipo de forma de onda onda senoidal conexiones de salida<\/td>\n<\/tr>\n<tr>\n<td>(6) nema 5-20r (respaldo de bater\u00eda)<\/td>\n<\/tr>\n<tr>\n<td>(1) nema l5-20r (respaldo de bater\u00eda)<\/td>\n<\/tr>\n<tr>\n<td>Desviaci\u00f3n desviaci\u00f3n interna (autom\u00e1tica y manual)<\/td>\n<\/tr>\n<tr>\n<td>Entrada<\/td>\n<\/tr>\n<tr>\n<td>Entrada de voltaje 120v frecuencia de entrada 40 &#8211; 70 hz (autosensor) tipo de enchufe nema 5-20p longitud del cable 1.83 metroscantidad de cables de alimentaci\u00f3n 1<\/td>\n<\/tr>\n<tr>\n<td>Bater\u00edas y autonom\u00eda<\/td>\n<\/tr>\n<tr>\n<td>Tipo de bater\u00eda: bater\u00eda sellada de plomo sin necesidad de mantenci\u00f3n con electrolito suspendido: a prueba de filtraci\u00f3n bater\u00edas pre-instaladas 1 tiempo de recarga t\u00edpico 3 hora(s)bater\u00eda de recambio apcrbc 141 vida \u00fatil esperada de las bater\u00edas (a\u00f1os) 3 &#8211; 5c antidad de cartuchos de bater\u00eda de recambio 1 duraci\u00f3n prolongable 1 capacidad va\/hora de la bater\u00eda 306<\/td>\n<\/tr>\n<\/table>\n","protected":false},"excerpt":{"rendered":"<p>Srt2200xlacaracter\u00edsticas. Apc smart-ups srt 2200va 120v. Notificaci\u00f3n sobre fallas de la bater\u00eda analiza las bater\u00edas a fin de advertir anticipadamente en caso de fallas posibles, lo que garantiza que el mantenimiento preventivo sea oportuno.Modo eco modo de funcionamiento que permite saltear los componentes el\u00e9ctricos en buenas condiciones energ\u00e9ticas que no se est\u00e1n utilizando para lograr un alto nivel de eficiencia operativa sin sacrificar la protecci\u00f3n.Pantalla gr\u00e1fica lcd diagramas de esquema y de texto que muestran modos de operaci\u00f3n, par\u00e1metros del sistema y alarmas.Convertible para torre o rack protege la inversi\u00f3n inicial en sistemas ups cuando se migra de un entorno en torre a otro de montaje en rack.<\/p>\n","protected":false},"featured_media":217275,"comment_status":"open","ping_status":"open","template":"","meta":[],"product_cat":[1508,1691],"product_tag":[1694],"acf":[],"yoast_head":"<!-- This site is optimized with the Yoast SEO plugin v21.7 - https:\/\/yoast.com\/wordpress\/plugins\/seo\/ -->\n<title>[ Apc ] &#129351; Srt2200xla No Break De 2200va Doble Conversion On Line Con 6 Nemas 5-20r 1 Nema L5-20r<\/title>\n<meta name=\"description\" content=\"Compra Srt2200xla No Break De 2200va Doble Conversion On Line Con 6 Nemas 5-20r 1 Nema L5-20r + Env\u00edo a domicilio + Pago seguro + Garant\u00eda\" \/>\n<meta name=\"robots\" content=\"index, follow, max-snippet:-1, max-image-preview:large, max-video-preview:-1\" \/>\n<link rel=\"canonical\" href=\"https:\/\/compuviper.mx\/tienda\/producto\/apc-srt2200xla-no-break-de-2200va-doble-conversion-on-line-con-6-nemas-5-20r-1-nema-l5-20r\/\" \/>\n<meta property=\"og:locale\" content=\"es_MX\" \/>\n<meta property=\"og:type\" content=\"article\" \/>\n<meta property=\"og:title\" content=\"[ Apc ] &#129351; Srt2200xla No Break De 2200va Doble Conversion On Line Con 6 Nemas 5-20r 1 Nema L5-20r\" \/>\n<meta property=\"og:description\" content=\"Compra Srt2200xla No Break De 2200va Doble Conversion On Line Con 6 Nemas 5-20r 1 Nema L5-20r + Env\u00edo a domicilio + Pago seguro + Garant\u00eda\" \/>\n<meta property=\"og:url\" content=\"https:\/\/compuviper.mx\/tienda\/producto\/apc-srt2200xla-no-break-de-2200va-doble-conversion-on-line-con-6-nemas-5-20r-1-nema-l5-20r\/\" \/>\n<meta property=\"og:site_name\" content=\"Compuviper\" \/>\n<meta property=\"article:publisher\" content=\"https:\/\/www.facebook.com\/compuviper\" \/>\n<meta property=\"article:modified_time\" content=\"2026-04-07T06:23:59+00:00\" \/>\n<meta property=\"og:image\" content=\"https:\/\/compuviper.mx\/tienda\/wp-content\/uploads\/2023\/12\/No-break-de-2200va-doble-conversion-on-line-con-6-nemas-5-20r-1-nema-l5-20r.jpg\" \/>\n\t<meta property=\"og:image:width\" content=\"200\" \/>\n\t<meta property=\"og:image:height\" content=\"200\" \/>\n\t<meta property=\"og:image:type\" content=\"image\/jpeg\" \/>\n<meta name=\"twitter:card\" content=\"summary_large_image\" \/>\n<meta name=\"twitter:label1\" content=\"Precio\" \/>\n\t<meta name=\"twitter:data1\" content=\"&#36;24,715 con IVA\" \/>\n\t<meta name=\"twitter:label2\" content=\"Availability\" \/>\n\t<meta name=\"twitter:data2\" content=\"Out of stock\" \/>\n<script type=\"application\/ld+json\" class=\"yoast-schema-graph\">{\"@context\":\"https:\/\/schema.org\",\"@graph\":[{\"@type\":\"WebPage\",\"@id\":\"https:\/\/compuviper.mx\/tienda\/producto\/apc-srt2200xla-no-break-de-2200va-doble-conversion-on-line-con-6-nemas-5-20r-1-nema-l5-20r\/\",\"url\":\"https:\/\/compuviper.mx\/tienda\/producto\/apc-srt2200xla-no-break-de-2200va-doble-conversion-on-line-con-6-nemas-5-20r-1-nema-l5-20r\/\",\"name\":\"[ Apc ] &#129351; Srt2200xla No Break De 2200va Doble Conversion On Line Con 6 Nemas 5-20r 1 Nema L5-20r\",\"isPartOf\":{\"@id\":\"https:\/\/compuviper.mx\/tienda\/#website\"},\"datePublished\":\"2026-04-07T06:23:58+00:00\",\"dateModified\":\"2026-04-07T06:23:59+00:00\",\"description\":\"Compra Srt2200xla No Break De 2200va Doble Conversion On Line Con 6 Nemas 5-20r 1 Nema L5-20r + Env\u00edo a domicilio + Pago seguro + Garant\u00eda\",\"breadcrumb\":{\"@id\":\"https:\/\/compuviper.mx\/tienda\/producto\/apc-srt2200xla-no-break-de-2200va-doble-conversion-on-line-con-6-nemas-5-20r-1-nema-l5-20r\/#breadcrumb\"},\"inLanguage\":\"es-MX\",\"potentialAction\":[{\"@type\":\"ReadAction\",\"target\":[\"https:\/\/compuviper.mx\/tienda\/producto\/apc-srt2200xla-no-break-de-2200va-doble-conversion-on-line-con-6-nemas-5-20r-1-nema-l5-20r\/\"]}]},{\"@type\":\"BreadcrumbList\",\"@id\":\"https:\/\/compuviper.mx\/tienda\/producto\/apc-srt2200xla-no-break-de-2200va-doble-conversion-on-line-con-6-nemas-5-20r-1-nema-l5-20r\/#breadcrumb\",\"itemListElement\":[{\"@type\":\"ListItem\",\"position\":1,\"name\":\"Inicio\",\"item\":\"https:\/\/compuviper.mx\/tienda\/\"},{\"@type\":\"ListItem\",\"position\":2,\"name\":\"Productos\",\"item\":\"https:\/\/compuviper.mx\/tienda\/productos\/\"},{\"@type\":\"ListItem\",\"position\":3,\"name\":\"Energia\",\"item\":\"https:\/\/compuviper.mx\/tienda\/categoria-producto\/energia\/\"},{\"@type\":\"ListItem\",\"position\":4,\"name\":\"No Break\",\"item\":\"https:\/\/compuviper.mx\/tienda\/categoria-producto\/energia\/no-break\/\"},{\"@type\":\"ListItem\",\"position\":5,\"name\":\"Apc Srt2200xla No Break De 2200va Doble Conversion On Line Con 6 Nemas 5-20r 1 Nema L5-20r\"}]},{\"@type\":\"WebSite\",\"@id\":\"https:\/\/compuviper.mx\/tienda\/#website\",\"url\":\"https:\/\/compuviper.mx\/tienda\/\",\"name\":\"Compuviper\",\"description\":\"Proveedor de Computadoras, Laptops, Servidores, Monitores, Puntos de Venta, Teclados,   Impresoras, T\u00f3ner, C\u00e1maras de Seguridad y m\u00e1s en tu tienda en l\u00ednea\",\"publisher\":{\"@id\":\"https:\/\/compuviper.mx\/tienda\/#organization\"},\"potentialAction\":[{\"@type\":\"SearchAction\",\"target\":{\"@type\":\"EntryPoint\",\"urlTemplate\":\"https:\/\/compuviper.mx\/tienda\/?s={search_term_string}\"},\"query-input\":\"required name=search_term_string\"}],\"inLanguage\":\"es-MX\"},{\"@type\":\"Organization\",\"@id\":\"https:\/\/compuviper.mx\/tienda\/#organization\",\"name\":\"Compuviper\",\"url\":\"https:\/\/compuviper.mx\/tienda\/\",\"logo\":{\"@type\":\"ImageObject\",\"inLanguage\":\"es-MX\",\"@id\":\"https:\/\/compuviper.mx\/tienda\/#\/schema\/logo\/image\/\",\"url\":\"https:\/\/compuviper.mx\/tienda\/wp-content\/uploads\/2021\/08\/Logo-Compuviper-10.png\",\"contentUrl\":\"https:\/\/compuviper.mx\/tienda\/wp-content\/uploads\/2021\/08\/Logo-Compuviper-10.png\",\"width\":1000,\"height\":500,\"caption\":\"Compuviper\"},\"image\":{\"@id\":\"https:\/\/compuviper.mx\/tienda\/#\/schema\/logo\/image\/\"},\"sameAs\":[\"https:\/\/www.facebook.com\/compuviper\",\"https:\/\/www.youtube.com\/channel\/UCf73dERp9Y3cfOq7q8BhLjA?view_as=subscriber\"]}]}<\/script>\n<meta property=\"product:brand\" content=\"APC\" \/>\n<meta property=\"product:price:amount\" content=\"24715\" \/>\n<meta property=\"product:price:currency\" content=\"MXN\" \/>\n<meta property=\"og:availability\" content=\"out of stock\" \/>\n<meta property=\"product:availability\" content=\"out of stock\" \/>\n<meta property=\"product:retailer_item_id\" content=\"SRT2200XLA\" \/>\n<meta property=\"product:condition\" content=\"new\" \/>\n<!-- \/ Yoast SEO plugin. -->","yoast_head_json":{"title":"[ Apc ] &#129351; Srt2200xla No Break De 2200va Doble Conversion On Line Con 6 Nemas 5-20r 1 Nema L5-20r","description":"Compra Srt2200xla No Break De 2200va Doble Conversion On Line Con 6 Nemas 5-20r 1 Nema L5-20r + Env\u00edo a domicilio + Pago seguro + Garant\u00eda","robots":{"index":"index","follow":"follow","max-snippet":"max-snippet:-1","max-image-preview":"max-image-preview:large","max-video-preview":"max-video-preview:-1"},"canonical":"https:\/\/compuviper.mx\/tienda\/producto\/apc-srt2200xla-no-break-de-2200va-doble-conversion-on-line-con-6-nemas-5-20r-1-nema-l5-20r\/","og_locale":"es_MX","og_type":"article","og_title":"[ Apc ] &#129351; Srt2200xla No Break De 2200va Doble Conversion On Line Con 6 Nemas 5-20r 1 Nema L5-20r","og_description":"Compra Srt2200xla No Break De 2200va Doble Conversion On Line Con 6 Nemas 5-20r 1 Nema L5-20r + Env\u00edo a domicilio + Pago seguro + Garant\u00eda","og_url":"https:\/\/compuviper.mx\/tienda\/producto\/apc-srt2200xla-no-break-de-2200va-doble-conversion-on-line-con-6-nemas-5-20r-1-nema-l5-20r\/","og_site_name":"Compuviper","article_publisher":"https:\/\/www.facebook.com\/compuviper","article_modified_time":"2026-04-07T06:23:59+00:00","og_image":[{"width":200,"height":200,"url":"https:\/\/compuviper.mx\/tienda\/wp-content\/uploads\/2023\/12\/No-break-de-2200va-doble-conversion-on-line-con-6-nemas-5-20r-1-nema-l5-20r.jpg","type":"image\/jpeg"}],"twitter_card":"summary_large_image","twitter_misc":{"Precio":"&#36;24,715 con IVA","Availability":"Out of stock"},"schema":{"@context":"https:\/\/schema.org","@graph":[{"@type":"WebPage","@id":"https:\/\/compuviper.mx\/tienda\/producto\/apc-srt2200xla-no-break-de-2200va-doble-conversion-on-line-con-6-nemas-5-20r-1-nema-l5-20r\/","url":"https:\/\/compuviper.mx\/tienda\/producto\/apc-srt2200xla-no-break-de-2200va-doble-conversion-on-line-con-6-nemas-5-20r-1-nema-l5-20r\/","name":"[ Apc ] &#129351; Srt2200xla No Break De 2200va Doble Conversion On Line Con 6 Nemas 5-20r 1 Nema L5-20r","isPartOf":{"@id":"https:\/\/compuviper.mx\/tienda\/#website"},"datePublished":"2026-04-07T06:23:58+00:00","dateModified":"2026-04-07T06:23:59+00:00","description":"Compra Srt2200xla No Break De 2200va Doble Conversion On Line Con 6 Nemas 5-20r 1 Nema L5-20r + Env\u00edo a domicilio + Pago seguro + Garant\u00eda","breadcrumb":{"@id":"https:\/\/compuviper.mx\/tienda\/producto\/apc-srt2200xla-no-break-de-2200va-doble-conversion-on-line-con-6-nemas-5-20r-1-nema-l5-20r\/#breadcrumb"},"inLanguage":"es-MX","potentialAction":[{"@type":"ReadAction","target":["https:\/\/compuviper.mx\/tienda\/producto\/apc-srt2200xla-no-break-de-2200va-doble-conversion-on-line-con-6-nemas-5-20r-1-nema-l5-20r\/"]}]},{"@type":"BreadcrumbList","@id":"https:\/\/compuviper.mx\/tienda\/producto\/apc-srt2200xla-no-break-de-2200va-doble-conversion-on-line-con-6-nemas-5-20r-1-nema-l5-20r\/#breadcrumb","itemListElement":[{"@type":"ListItem","position":1,"name":"Inicio","item":"https:\/\/compuviper.mx\/tienda\/"},{"@type":"ListItem","position":2,"name":"Productos","item":"https:\/\/compuviper.mx\/tienda\/productos\/"},{"@type":"ListItem","position":3,"name":"Energia","item":"https:\/\/compuviper.mx\/tienda\/categoria-producto\/energia\/"},{"@type":"ListItem","position":4,"name":"No Break","item":"https:\/\/compuviper.mx\/tienda\/categoria-producto\/energia\/no-break\/"},{"@type":"ListItem","position":5,"name":"Apc Srt2200xla No Break De 2200va Doble Conversion On Line Con 6 Nemas 5-20r 1 Nema L5-20r"}]},{"@type":"WebSite","@id":"https:\/\/compuviper.mx\/tienda\/#website","url":"https:\/\/compuviper.mx\/tienda\/","name":"Compuviper","description":"Proveedor de Computadoras, Laptops, Servidores, Monitores, Puntos de Venta, Teclados,   Impresoras, T\u00f3ner, C\u00e1maras de Seguridad y m\u00e1s en tu tienda en l\u00ednea","publisher":{"@id":"https:\/\/compuviper.mx\/tienda\/#organization"},"potentialAction":[{"@type":"SearchAction","target":{"@type":"EntryPoint","urlTemplate":"https:\/\/compuviper.mx\/tienda\/?s={search_term_string}"},"query-input":"required name=search_term_string"}],"inLanguage":"es-MX"},{"@type":"Organization","@id":"https:\/\/compuviper.mx\/tienda\/#organization","name":"Compuviper","url":"https:\/\/compuviper.mx\/tienda\/","logo":{"@type":"ImageObject","inLanguage":"es-MX","@id":"https:\/\/compuviper.mx\/tienda\/#\/schema\/logo\/image\/","url":"https:\/\/compuviper.mx\/tienda\/wp-content\/uploads\/2021\/08\/Logo-Compuviper-10.png","contentUrl":"https:\/\/compuviper.mx\/tienda\/wp-content\/uploads\/2021\/08\/Logo-Compuviper-10.png","width":1000,"height":500,"caption":"Compuviper"},"image":{"@id":"https:\/\/compuviper.mx\/tienda\/#\/schema\/logo\/image\/"},"sameAs":["https:\/\/www.facebook.com\/compuviper","https:\/\/www.youtube.com\/channel\/UCf73dERp9Y3cfOq7q8BhLjA?view_as=subscriber"]}]},"product_brand":"APC","product_price_amount":"24715","product_price_currency":"MXN","og_availability":"out of stock","product_availability":"out of stock","product_retailer_item_id":"SRT2200XLA","product_condition":"new"},"_links":{"self":[{"href":"https:\/\/compuviper.mx\/tienda\/wp-json\/wp\/v2\/product\/217274"}],"collection":[{"href":"https:\/\/compuviper.mx\/tienda\/wp-json\/wp\/v2\/product"}],"about":[{"href":"https:\/\/compuviper.mx\/tienda\/wp-json\/wp\/v2\/types\/product"}],"replies":[{"embeddable":true,"href":"https:\/\/compuviper.mx\/tienda\/wp-json\/wp\/v2\/comments?post=217274"}],"wp:featuredmedia":[{"embeddable":true,"href":"https:\/\/compuviper.mx\/tienda\/wp-json\/wp\/v2\/media\/217275"}],"wp:attachment":[{"href":"https:\/\/compuviper.mx\/tienda\/wp-json\/wp\/v2\/media?parent=217274"}],"wp:term":[{"taxonomy":"product_cat","embeddable":true,"href":"https:\/\/compuviper.mx\/tienda\/wp-json\/wp\/v2\/product_cat?post=217274"},{"taxonomy":"product_tag","embeddable":true,"href":"https:\/\/compuviper.mx\/tienda\/wp-json\/wp\/v2\/product_tag?post=217274"}],"curies":[{"name":"wp","href":"https:\/\/api.w.org\/{rel}","templated":true}]}}