{"id":217264,"date":"2026-04-07T00:23:56","date_gmt":"2026-04-07T06:23:56","guid":{"rendered":"https:\/\/compuviper.mx\/tienda\/producto\/koblenz-100019-ol-2p-ups-on-line-doble-conversin-rack-torre-con-funciones-eco-epo-y-bypass-1-fase-de-entrada-1-fase-de-salida-10000-va-10000-w-nota-no-incluye-puesta-y-marcha-preguntar-al\/"},"modified":"2026-04-07T00:23:56","modified_gmt":"2026-04-07T06:23:56","slug":"koblenz-100019-ol-2p-ups-on-line-doble-conversin-rack-torre-con-funciones-eco-epo-y-bypass-1-fase-de-entrada-1-fase-de-salida-10000-va-10000-w-nota-no-incluye-puesta-y-marcha-preguntar-al","status":"publish","type":"product","link":"https:\/\/compuviper.mx\/tienda\/producto\/koblenz-100019-ol-2p-ups-on-line-doble-conversin-rack-torre-con-funciones-eco-epo-y-bypass-1-fase-de-entrada-1-fase-de-salida-10000-va-10000-w-nota-no-incluye-puesta-y-marcha-preguntar-al\/","title":{"rendered":"Koblenz 100019 Ol 2p Ups On Line  Doble Conversin Rack \/ Torre. Con Funciones Eco, Epo Y Bypass. 1 Fase De Entrada\/ 1 Fase De Salida, 10000 Va \/ 10000 W. Nota No Incluye Puesta Y Marcha, Preguntar Al Pm."},"content":{"rendered":"<table class=\"descripcion\">\n<tr>\n<td>Ups on line 10000 va \/ 10000 w. doble conversion, rack \/ torre.<\/td>\n<\/tr>\n<tr>\n<td>\u0095doble conversion verdadera<\/td>\n<\/tr>\n<tr>\n<td>\u0095tecnolog\u00eda dsp que garantiza un alto rendimiento<\/td>\n<\/tr>\n<tr>\n<td>\u0095factor de potencia de salida 1<\/td>\n<\/tr>\n<tr>\n<td>\u0095amplio rango de voltaje de entrada (110-300 v~)<\/td>\n<\/tr>\n<tr>\n<td>\u0095correcci\u00f3n del factor de potencia de entrada activo 0.99<\/td>\n<\/tr>\n<tr>\n<td>\u0095modo convertidor de frecuencia 50 hz \/ 60 hz<\/td>\n<\/tr>\n<tr>\n<td>\u0095funci\u00f3n de apagado de emergencia (epo)<\/td>\n<\/tr>\n<tr>\n<td>\u0095compatible con generador<\/td>\n<\/tr>\n<tr>\n<td>\u0095comunicaci\u00f3n snmp\/usb\/rs-232<\/td>\n<\/tr>\n<tr>\n<td>\u0095los n\u00fameros de la bater\u00eda ajustables<\/td>\n<\/tr>\n<tr>\n<td>\u0095redundancia en paralelo n + x opcional<\/td>\n<\/tr>\n<tr>\n<td>Ups on line de doble conversi\u00f3n ideal para el respaldo de aplicaciones<\/td>\n<\/tr>\n<tr>\n<td>Cr\u00edticas de voz, datos, redes, servidores, sistemas de seguridad, sistemas<\/td>\n<\/tr>\n<tr>\n<td>De fabricaci\u00f3n.<\/td>\n<\/tr>\n<tr>\n<td>Su tiempo de transferencia cero garantiza el funcionamiento cont\u00ednuo<\/td>\n<\/tr>\n<tr>\n<td>Durante cortes de corriente, fluctuaciones de voltaje y sobretensiones.<\/td>\n<\/tr>\n<tr>\n<td>Salida de onda senoidal pura que garantiza la compatibilidad con<\/td>\n<\/tr>\n<tr>\n<td>Cualquier equipo.<\/td>\n<\/tr>\n<tr>\n<td>Funci\u00f3n eco que permite la disminuci\u00f3n de la producci\u00f3n de calor y el<\/td>\n<\/tr>\n<tr>\n<td>Ahorro en costos de energ\u00eda.<\/td>\n<\/tr>\n<tr>\n<td>Dise\u00f1o para cambio de bater\u00edas en caliente (hot swap) que permite el<\/td>\n<\/tr>\n<tr>\n<td>Reemplazo f\u00e1cil y r\u00e1pido sin comprometer el suministro de energ\u00eda a sus<\/td>\n<\/tr>\n<tr>\n<td>Aplicaciones.<\/td>\n<\/tr>\n<tr>\n<td>Tiempo de respaldo escalable a trav\u00e9s de bancos de bater\u00edas adicionales.<\/td>\n<\/tr>\n<tr>\n<td>Funci\u00f3n epo que permite el apagado de emergencia.<\/td>\n<\/tr>\n<tr>\n<td>Contactos de salida programables.<\/td>\n<\/tr>\n<tr>\n<td>Pantalla lcd que permite el monitoreo de las funciones del equipo.<\/td>\n<\/tr>\n<\/table>\n","protected":false},"excerpt":{"rendered":"<p>Respalda tus equipos con el mejor ups on line koblenz, doble conversi\u00f3n rack \/ torre. Con funciones eco, epo y bypass. 1 fase de entrada\/ 1 fase de salida, 10000 va \/ 10000 w.<\/p>\n","protected":false},"featured_media":217265,"comment_status":"open","ping_status":"open","template":"","meta":[],"product_cat":[1508,1691],"product_tag":[1577],"acf":[],"yoast_head":"<!-- This site is optimized with the Yoast SEO plugin v21.7 - https:\/\/yoast.com\/wordpress\/plugins\/seo\/ -->\n<title>[ Koblenz ] &#129351; 100019 Ol 2p Ups On Line Doble Conversin Rack \/ Torre. Con Funciones Eco, Epo Y Bypass. 1 Fase De Entrada\/ 1 Fase De Salida, 10000 Va \/ 10000 W. Nota No Incluye Puesta Y Marcha, Preguntar Al Pm.<\/title>\n<meta name=\"description\" content=\"Compra 100019 Ol 2p Ups On Line Doble Conversin Rack \/ Torre. Con Funciones Eco, Epo Y Bypass. 1 Fase De Entrada\/ 1 Fase De Salida, 10000 Va \/ 10000 W. Nota No Incluye Puesta Y Marcha, Preguntar Al Pm. + Env\u00edo a domicilio + Pago seguro + Garant\u00eda\" \/>\n<meta name=\"robots\" content=\"index, follow, max-snippet:-1, max-image-preview:large, max-video-preview:-1\" \/>\n<link rel=\"canonical\" href=\"https:\/\/compuviper.mx\/tienda\/producto\/koblenz-100019-ol-2p-ups-on-line-doble-conversin-rack-torre-con-funciones-eco-epo-y-bypass-1-fase-de-entrada-1-fase-de-salida-10000-va-10000-w-nota-no-incluye-puesta-y-marcha-preguntar-al\/\" \/>\n<meta property=\"og:locale\" content=\"es_MX\" \/>\n<meta property=\"og:type\" content=\"article\" \/>\n<meta property=\"og:title\" content=\"[ Koblenz ] &#129351; 100019 Ol 2p Ups On Line Doble Conversin Rack \/ Torre. Con Funciones Eco, Epo Y Bypass. 1 Fase De Entrada\/ 1 Fase De Salida, 10000 Va \/ 10000 W. Nota No Incluye Puesta Y Marcha, Preguntar Al Pm.\" \/>\n<meta property=\"og:description\" content=\"Compra 100019 Ol 2p Ups On Line Doble Conversin Rack \/ Torre. Con Funciones Eco, Epo Y Bypass. 1 Fase De Entrada\/ 1 Fase De Salida, 10000 Va \/ 10000 W. Nota No Incluye Puesta Y Marcha, Preguntar Al Pm. + Env\u00edo a domicilio + Pago seguro + Garant\u00eda\" \/>\n<meta property=\"og:url\" content=\"https:\/\/compuviper.mx\/tienda\/producto\/koblenz-100019-ol-2p-ups-on-line-doble-conversin-rack-torre-con-funciones-eco-epo-y-bypass-1-fase-de-entrada-1-fase-de-salida-10000-va-10000-w-nota-no-incluye-puesta-y-marcha-preguntar-al\/\" \/>\n<meta property=\"og:site_name\" content=\"Compuviper\" \/>\n<meta property=\"article:publisher\" content=\"https:\/\/www.facebook.com\/compuviper\" \/>\n<meta property=\"og:image\" content=\"https:\/\/compuviper.mx\/tienda\/wp-content\/uploads\/2023\/12\/Ups-on-line-koblenz-doble-conversin-rack-torre.-con-funciones-eco-epo-y-bypass.-1-fase-de-entrada-1-fase-de-salida-10000-va-10000-w.-nota-no-incluye-puesta-y-marcha-preguntar-al-pm.jpg\" \/>\n\t<meta property=\"og:image:width\" content=\"200\" \/>\n\t<meta property=\"og:image:height\" content=\"200\" \/>\n\t<meta property=\"og:image:type\" content=\"image\/jpeg\" \/>\n<meta name=\"twitter:card\" content=\"summary_large_image\" \/>\n<meta name=\"twitter:label1\" content=\"Precio\" \/>\n\t<meta name=\"twitter:data1\" content=\"&#36;64,587 con IVA\" \/>\n\t<meta name=\"twitter:label2\" content=\"Availability\" \/>\n\t<meta name=\"twitter:data2\" content=\"On backorder\" \/>\n<script type=\"application\/ld+json\" class=\"yoast-schema-graph\">{\"@context\":\"https:\/\/schema.org\",\"@graph\":[{\"@type\":\"WebPage\",\"@id\":\"https:\/\/compuviper.mx\/tienda\/producto\/koblenz-100019-ol-2p-ups-on-line-doble-conversin-rack-torre-con-funciones-eco-epo-y-bypass-1-fase-de-entrada-1-fase-de-salida-10000-va-10000-w-nota-no-incluye-puesta-y-marcha-preguntar-al\/\",\"url\":\"https:\/\/compuviper.mx\/tienda\/producto\/koblenz-100019-ol-2p-ups-on-line-doble-conversin-rack-torre-con-funciones-eco-epo-y-bypass-1-fase-de-entrada-1-fase-de-salida-10000-va-10000-w-nota-no-incluye-puesta-y-marcha-preguntar-al\/\",\"name\":\"[ Koblenz ] &#129351; 100019 Ol 2p Ups On Line Doble Conversin Rack \/ Torre. Con Funciones Eco, Epo Y Bypass. 1 Fase De Entrada\/ 1 Fase De Salida, 10000 Va \/ 10000 W. Nota No Incluye Puesta Y Marcha, Preguntar Al Pm.\",\"isPartOf\":{\"@id\":\"https:\/\/compuviper.mx\/tienda\/#website\"},\"datePublished\":\"2026-04-07T06:23:56+00:00\",\"dateModified\":\"2026-04-07T06:23:56+00:00\",\"description\":\"Compra 100019 Ol 2p Ups On Line Doble Conversin Rack \/ Torre. Con Funciones Eco, Epo Y Bypass. 1 Fase De Entrada\/ 1 Fase De Salida, 10000 Va \/ 10000 W. Nota No Incluye Puesta Y Marcha, Preguntar Al Pm. + Env\u00edo a domicilio + Pago seguro + Garant\u00eda\",\"breadcrumb\":{\"@id\":\"https:\/\/compuviper.mx\/tienda\/producto\/koblenz-100019-ol-2p-ups-on-line-doble-conversin-rack-torre-con-funciones-eco-epo-y-bypass-1-fase-de-entrada-1-fase-de-salida-10000-va-10000-w-nota-no-incluye-puesta-y-marcha-preguntar-al\/#breadcrumb\"},\"inLanguage\":\"es-MX\",\"potentialAction\":[{\"@type\":\"ReadAction\",\"target\":[\"https:\/\/compuviper.mx\/tienda\/producto\/koblenz-100019-ol-2p-ups-on-line-doble-conversin-rack-torre-con-funciones-eco-epo-y-bypass-1-fase-de-entrada-1-fase-de-salida-10000-va-10000-w-nota-no-incluye-puesta-y-marcha-preguntar-al\/\"]}]},{\"@type\":\"BreadcrumbList\",\"@id\":\"https:\/\/compuviper.mx\/tienda\/producto\/koblenz-100019-ol-2p-ups-on-line-doble-conversin-rack-torre-con-funciones-eco-epo-y-bypass-1-fase-de-entrada-1-fase-de-salida-10000-va-10000-w-nota-no-incluye-puesta-y-marcha-preguntar-al\/#breadcrumb\",\"itemListElement\":[{\"@type\":\"ListItem\",\"position\":1,\"name\":\"Inicio\",\"item\":\"https:\/\/compuviper.mx\/tienda\/\"},{\"@type\":\"ListItem\",\"position\":2,\"name\":\"Productos\",\"item\":\"https:\/\/compuviper.mx\/tienda\/productos\/\"},{\"@type\":\"ListItem\",\"position\":3,\"name\":\"Energia\",\"item\":\"https:\/\/compuviper.mx\/tienda\/categoria-producto\/energia\/\"},{\"@type\":\"ListItem\",\"position\":4,\"name\":\"No Break\",\"item\":\"https:\/\/compuviper.mx\/tienda\/categoria-producto\/energia\/no-break\/\"},{\"@type\":\"ListItem\",\"position\":5,\"name\":\"Koblenz 100019 Ol 2p Ups On Line Doble Conversin Rack \/ Torre. Con Funciones Eco, Epo Y Bypass. 1 Fase De Entrada\/ 1 Fase De Salida, 10000 Va \/ 10000 W. Nota No Incluye Puesta Y Marcha, Preguntar Al Pm.\"}]},{\"@type\":\"WebSite\",\"@id\":\"https:\/\/compuviper.mx\/tienda\/#website\",\"url\":\"https:\/\/compuviper.mx\/tienda\/\",\"name\":\"Compuviper\",\"description\":\"Proveedor de Computadoras, Laptops, Servidores, Monitores, Puntos de Venta, Teclados,   Impresoras, T\u00f3ner, C\u00e1maras de Seguridad y m\u00e1s en tu tienda en l\u00ednea\",\"publisher\":{\"@id\":\"https:\/\/compuviper.mx\/tienda\/#organization\"},\"potentialAction\":[{\"@type\":\"SearchAction\",\"target\":{\"@type\":\"EntryPoint\",\"urlTemplate\":\"https:\/\/compuviper.mx\/tienda\/?s={search_term_string}\"},\"query-input\":\"required name=search_term_string\"}],\"inLanguage\":\"es-MX\"},{\"@type\":\"Organization\",\"@id\":\"https:\/\/compuviper.mx\/tienda\/#organization\",\"name\":\"Compuviper\",\"url\":\"https:\/\/compuviper.mx\/tienda\/\",\"logo\":{\"@type\":\"ImageObject\",\"inLanguage\":\"es-MX\",\"@id\":\"https:\/\/compuviper.mx\/tienda\/#\/schema\/logo\/image\/\",\"url\":\"https:\/\/compuviper.mx\/tienda\/wp-content\/uploads\/2021\/08\/Logo-Compuviper-10.png\",\"contentUrl\":\"https:\/\/compuviper.mx\/tienda\/wp-content\/uploads\/2021\/08\/Logo-Compuviper-10.png\",\"width\":1000,\"height\":500,\"caption\":\"Compuviper\"},\"image\":{\"@id\":\"https:\/\/compuviper.mx\/tienda\/#\/schema\/logo\/image\/\"},\"sameAs\":[\"https:\/\/www.facebook.com\/compuviper\",\"https:\/\/www.youtube.com\/channel\/UCf73dERp9Y3cfOq7q8BhLjA?view_as=subscriber\"]}]}<\/script>\n<meta property=\"product:brand\" content=\"KOBLENZ\" \/>\n<meta property=\"product:price:amount\" content=\"64587\" \/>\n<meta property=\"product:price:currency\" content=\"MXN\" \/>\n<meta property=\"og:availability\" content=\"backorder\" \/>\n<meta property=\"product:availability\" content=\"available for order\" \/>\n<meta property=\"product:retailer_item_id\" content=\"100019 OL 2P\" \/>\n<meta property=\"product:condition\" content=\"new\" \/>\n<!-- \/ Yoast SEO plugin. -->","yoast_head_json":{"title":"[ Koblenz ] &#129351; 100019 Ol 2p Ups On Line Doble Conversin Rack \/ Torre. Con Funciones Eco, Epo Y Bypass. 1 Fase De Entrada\/ 1 Fase De Salida, 10000 Va \/ 10000 W. Nota No Incluye Puesta Y Marcha, Preguntar Al Pm.","description":"Compra 100019 Ol 2p Ups On Line Doble Conversin Rack \/ Torre. Con Funciones Eco, Epo Y Bypass. 1 Fase De Entrada\/ 1 Fase De Salida, 10000 Va \/ 10000 W. Nota No Incluye Puesta Y Marcha, Preguntar Al Pm. + Env\u00edo a domicilio + Pago seguro + Garant\u00eda","robots":{"index":"index","follow":"follow","max-snippet":"max-snippet:-1","max-image-preview":"max-image-preview:large","max-video-preview":"max-video-preview:-1"},"canonical":"https:\/\/compuviper.mx\/tienda\/producto\/koblenz-100019-ol-2p-ups-on-line-doble-conversin-rack-torre-con-funciones-eco-epo-y-bypass-1-fase-de-entrada-1-fase-de-salida-10000-va-10000-w-nota-no-incluye-puesta-y-marcha-preguntar-al\/","og_locale":"es_MX","og_type":"article","og_title":"[ Koblenz ] &#129351; 100019 Ol 2p Ups On Line Doble Conversin Rack \/ Torre. Con Funciones Eco, Epo Y Bypass. 1 Fase De Entrada\/ 1 Fase De Salida, 10000 Va \/ 10000 W. Nota No Incluye Puesta Y Marcha, Preguntar Al Pm.","og_description":"Compra 100019 Ol 2p Ups On Line Doble Conversin Rack \/ Torre. Con Funciones Eco, Epo Y Bypass. 1 Fase De Entrada\/ 1 Fase De Salida, 10000 Va \/ 10000 W. Nota No Incluye Puesta Y Marcha, Preguntar Al Pm. + Env\u00edo a domicilio + Pago seguro + Garant\u00eda","og_url":"https:\/\/compuviper.mx\/tienda\/producto\/koblenz-100019-ol-2p-ups-on-line-doble-conversin-rack-torre-con-funciones-eco-epo-y-bypass-1-fase-de-entrada-1-fase-de-salida-10000-va-10000-w-nota-no-incluye-puesta-y-marcha-preguntar-al\/","og_site_name":"Compuviper","article_publisher":"https:\/\/www.facebook.com\/compuviper","og_image":[{"width":200,"height":200,"url":"https:\/\/compuviper.mx\/tienda\/wp-content\/uploads\/2023\/12\/Ups-on-line-koblenz-doble-conversin-rack-torre.-con-funciones-eco-epo-y-bypass.-1-fase-de-entrada-1-fase-de-salida-10000-va-10000-w.-nota-no-incluye-puesta-y-marcha-preguntar-al-pm.jpg","type":"image\/jpeg"}],"twitter_card":"summary_large_image","twitter_misc":{"Precio":"&#36;64,587 con IVA","Availability":"On backorder"},"schema":{"@context":"https:\/\/schema.org","@graph":[{"@type":"WebPage","@id":"https:\/\/compuviper.mx\/tienda\/producto\/koblenz-100019-ol-2p-ups-on-line-doble-conversin-rack-torre-con-funciones-eco-epo-y-bypass-1-fase-de-entrada-1-fase-de-salida-10000-va-10000-w-nota-no-incluye-puesta-y-marcha-preguntar-al\/","url":"https:\/\/compuviper.mx\/tienda\/producto\/koblenz-100019-ol-2p-ups-on-line-doble-conversin-rack-torre-con-funciones-eco-epo-y-bypass-1-fase-de-entrada-1-fase-de-salida-10000-va-10000-w-nota-no-incluye-puesta-y-marcha-preguntar-al\/","name":"[ Koblenz ] &#129351; 100019 Ol 2p Ups On Line Doble Conversin Rack \/ Torre. Con Funciones Eco, Epo Y Bypass. 1 Fase De Entrada\/ 1 Fase De Salida, 10000 Va \/ 10000 W. Nota No Incluye Puesta Y Marcha, Preguntar Al Pm.","isPartOf":{"@id":"https:\/\/compuviper.mx\/tienda\/#website"},"datePublished":"2026-04-07T06:23:56+00:00","dateModified":"2026-04-07T06:23:56+00:00","description":"Compra 100019 Ol 2p Ups On Line Doble Conversin Rack \/ Torre. Con Funciones Eco, Epo Y Bypass. 1 Fase De Entrada\/ 1 Fase De Salida, 10000 Va \/ 10000 W. Nota No Incluye Puesta Y Marcha, Preguntar Al Pm. + Env\u00edo a domicilio + Pago seguro + Garant\u00eda","breadcrumb":{"@id":"https:\/\/compuviper.mx\/tienda\/producto\/koblenz-100019-ol-2p-ups-on-line-doble-conversin-rack-torre-con-funciones-eco-epo-y-bypass-1-fase-de-entrada-1-fase-de-salida-10000-va-10000-w-nota-no-incluye-puesta-y-marcha-preguntar-al\/#breadcrumb"},"inLanguage":"es-MX","potentialAction":[{"@type":"ReadAction","target":["https:\/\/compuviper.mx\/tienda\/producto\/koblenz-100019-ol-2p-ups-on-line-doble-conversin-rack-torre-con-funciones-eco-epo-y-bypass-1-fase-de-entrada-1-fase-de-salida-10000-va-10000-w-nota-no-incluye-puesta-y-marcha-preguntar-al\/"]}]},{"@type":"BreadcrumbList","@id":"https:\/\/compuviper.mx\/tienda\/producto\/koblenz-100019-ol-2p-ups-on-line-doble-conversin-rack-torre-con-funciones-eco-epo-y-bypass-1-fase-de-entrada-1-fase-de-salida-10000-va-10000-w-nota-no-incluye-puesta-y-marcha-preguntar-al\/#breadcrumb","itemListElement":[{"@type":"ListItem","position":1,"name":"Inicio","item":"https:\/\/compuviper.mx\/tienda\/"},{"@type":"ListItem","position":2,"name":"Productos","item":"https:\/\/compuviper.mx\/tienda\/productos\/"},{"@type":"ListItem","position":3,"name":"Energia","item":"https:\/\/compuviper.mx\/tienda\/categoria-producto\/energia\/"},{"@type":"ListItem","position":4,"name":"No Break","item":"https:\/\/compuviper.mx\/tienda\/categoria-producto\/energia\/no-break\/"},{"@type":"ListItem","position":5,"name":"Koblenz 100019 Ol 2p Ups On Line Doble Conversin Rack \/ Torre. Con Funciones Eco, Epo Y Bypass. 1 Fase De Entrada\/ 1 Fase De Salida, 10000 Va \/ 10000 W. Nota No Incluye Puesta Y Marcha, Preguntar Al Pm."}]},{"@type":"WebSite","@id":"https:\/\/compuviper.mx\/tienda\/#website","url":"https:\/\/compuviper.mx\/tienda\/","name":"Compuviper","description":"Proveedor de Computadoras, Laptops, Servidores, Monitores, Puntos de Venta, Teclados,   Impresoras, T\u00f3ner, C\u00e1maras de Seguridad y m\u00e1s en tu tienda en l\u00ednea","publisher":{"@id":"https:\/\/compuviper.mx\/tienda\/#organization"},"potentialAction":[{"@type":"SearchAction","target":{"@type":"EntryPoint","urlTemplate":"https:\/\/compuviper.mx\/tienda\/?s={search_term_string}"},"query-input":"required name=search_term_string"}],"inLanguage":"es-MX"},{"@type":"Organization","@id":"https:\/\/compuviper.mx\/tienda\/#organization","name":"Compuviper","url":"https:\/\/compuviper.mx\/tienda\/","logo":{"@type":"ImageObject","inLanguage":"es-MX","@id":"https:\/\/compuviper.mx\/tienda\/#\/schema\/logo\/image\/","url":"https:\/\/compuviper.mx\/tienda\/wp-content\/uploads\/2021\/08\/Logo-Compuviper-10.png","contentUrl":"https:\/\/compuviper.mx\/tienda\/wp-content\/uploads\/2021\/08\/Logo-Compuviper-10.png","width":1000,"height":500,"caption":"Compuviper"},"image":{"@id":"https:\/\/compuviper.mx\/tienda\/#\/schema\/logo\/image\/"},"sameAs":["https:\/\/www.facebook.com\/compuviper","https:\/\/www.youtube.com\/channel\/UCf73dERp9Y3cfOq7q8BhLjA?view_as=subscriber"]}]},"product_brand":"KOBLENZ","product_price_amount":"64587","product_price_currency":"MXN","og_availability":"backorder","product_availability":"available for order","product_retailer_item_id":"100019 OL 2P","product_condition":"new"},"_links":{"self":[{"href":"https:\/\/compuviper.mx\/tienda\/wp-json\/wp\/v2\/product\/217264"}],"collection":[{"href":"https:\/\/compuviper.mx\/tienda\/wp-json\/wp\/v2\/product"}],"about":[{"href":"https:\/\/compuviper.mx\/tienda\/wp-json\/wp\/v2\/types\/product"}],"replies":[{"embeddable":true,"href":"https:\/\/compuviper.mx\/tienda\/wp-json\/wp\/v2\/comments?post=217264"}],"wp:featuredmedia":[{"embeddable":true,"href":"https:\/\/compuviper.mx\/tienda\/wp-json\/wp\/v2\/media\/217265"}],"wp:attachment":[{"href":"https:\/\/compuviper.mx\/tienda\/wp-json\/wp\/v2\/media?parent=217264"}],"wp:term":[{"taxonomy":"product_cat","embeddable":true,"href":"https:\/\/compuviper.mx\/tienda\/wp-json\/wp\/v2\/product_cat?post=217264"},{"taxonomy":"product_tag","embeddable":true,"href":"https:\/\/compuviper.mx\/tienda\/wp-json\/wp\/v2\/product_tag?post=217264"}],"curies":[{"name":"wp","href":"https:\/\/api.w.org\/{rel}","templated":true}]}}