{"id":217260,"date":"2026-04-07T00:23:55","date_gmt":"2026-04-07T06:23:55","guid":{"rendered":"https:\/\/compuviper.mx\/tienda\/producto\/apc-srt3000xla-smart-ups-srt-3000va-120v\/"},"modified":"2026-04-07T00:23:55","modified_gmt":"2026-04-07T06:23:55","slug":"apc-srt3000xla-smart-ups-srt-3000va-120v","status":"publish","type":"product","link":"https:\/\/compuviper.mx\/tienda\/producto\/apc-srt3000xla-smart-ups-srt-3000va-120v\/","title":{"rendered":"Apc Srt3000xla  Smart-ups Srt 3000va 120v"},"content":{"rendered":"<table class=\"descripcion\">\n<tr>\n<td>Salida<\/td>\n<\/tr>\n<tr>\n<td>Capacidad de potencia de salida: 2.7 kvatios \/\u00a03.0 kva<\/td>\n<\/tr>\n<tr>\n<td>M\u00e1xima potencia configurable (vatios):2.7 kvatios \/\u00a03.0 kva<\/td>\n<\/tr>\n<tr>\n<td>Tensi\u00f3n de salida nominal: 120v<\/td>\n<\/tr>\n<tr>\n<td>Distorsi\u00f3n de tensi\u00f3n de salida: menos que 2%<\/td>\n<\/tr>\n<tr>\n<td>Frequencia de salida (sincronizada con la red): 50\/60hz +\/- 3 hz<\/td>\n<\/tr>\n<tr>\n<td>Factor de cresta de carga: 3:1<\/td>\n<\/tr>\n<tr>\n<td>Topolog\u00eda: doble conversi\u00f3n en l\u00ednea<\/td>\n<\/tr>\n<tr>\n<td>Tipo de forma de onda: onda senoidal<\/td>\n<\/tr>\n<tr>\n<td>Conexiones de salida: (1) nema l5-30r (respaldo de bater\u00eda), (8) nema 5-20r (respaldo de bater\u00eda)<\/td>\n<\/tr>\n<tr>\n<td>Desviaci\u00f3n: desviaci\u00f3n interna (autom\u00e1tica y manual)<\/td>\n<\/tr>\n<tr>\n<td>Entrada<\/td>\n<\/tr>\n<tr>\n<td>Entrada de voltaje: 120v<\/td>\n<\/tr>\n<tr>\n<td>Frecuencia de entrada: 40 &#8211; 70 hz (autosensor)<\/td>\n<\/tr>\n<tr>\n<td>Tipo de enchufe: nema l5-30p<\/td>\n<\/tr>\n<tr>\n<td>Longitud del cable: 3.05metros<\/td>\n<\/tr>\n<tr>\n<td>Cantidad de cables de alimentaci\u00f3n: 1<\/td>\n<\/tr>\n<tr>\n<td>Bater\u00edas y autonom\u00eda<\/td>\n<\/tr>\n<tr>\n<td>Tipo de bater\u00eda: bater\u00eda sellada de plomo sin necesidad de mantenci\u00f3n con electrolito suspendido: a prueba de filtraci\u00f3n<\/td>\n<\/tr>\n<tr>\n<td>Bater\u00edas pre-instaladas: 1<\/td>\n<\/tr>\n<tr>\n<td>Tiempo de recarga t\u00edpico: 3hora(s)<\/td>\n<\/tr>\n<tr>\n<td>Bater\u00eda de recambio: apcrbc152<\/td>\n<\/tr>\n<tr>\n<td>Vida \u00fatil esperada de las bater\u00edas: 3-5 a\u00f1os<\/td>\n<\/tr>\n<tr>\n<td>Cantidad de cartuchos de bater\u00eda de recambio: 1<\/td>\n<\/tr>\n<tr>\n<td>Duraci\u00f3n prolongable: 1<\/td>\n<\/tr>\n<tr>\n<td>Capacidad va\/hora de la bater\u00eda: 454<\/td>\n<\/tr>\n<\/table>\n","protected":false},"excerpt":{"rendered":"<p>Notificaci\u00f3n sobre fallas de la bater\u00eda. Analiza las bater\u00edas a fin de advertir anticipadamente en caso de fallas posibles, lo que garantiza que el mantenimiento preventivo sea oportuno. Modo eco. Modo de funcionamiento que permite saltear los componentes el\u00e9ctricos en buenas condiciones energ\u00e9ticas que no se est\u00e1n utilizando para lograr un alto nivel de eficiencia operativa sin sacrificar la protecci\u00f3n. Modo ecol\u00f3gico. Modo de funcionamiento que permite saltear los componentes el\u00e9ctricos en buenas condiciones energ\u00e9ticas que no se est\u00e1n utilizando para lograr un alt\u00edsimo nivel de eficiencia operativa sin sacrificar la protecci\u00f3n (patente en tr\u00e1mite) . Pantalla gr\u00e1fica lcd. Diagramas de esquema y de texto que muestran modos de operaci\u00f3n, par\u00e1metros del sistema y alarmas. Convertible para torre o rack. Protege la inversi\u00f3n inicial en sistemas ups cuando se migra de un entorno en torre a otro de montaje en rack.<\/p>\n","protected":false},"featured_media":217261,"comment_status":"open","ping_status":"open","template":"","meta":[],"product_cat":[1508,1691],"product_tag":[1694],"acf":[],"yoast_head":"<!-- This site is optimized with the Yoast SEO plugin v21.7 - https:\/\/yoast.com\/wordpress\/plugins\/seo\/ -->\n<title>[ Apc ] &#129351; Srt3000xla Smart-ups Srt 3000va 120v<\/title>\n<meta name=\"description\" content=\"Compra Srt3000xla Smart-ups Srt 3000va 120v + Env\u00edo a domicilio + Pago seguro + Garant\u00eda\" \/>\n<meta name=\"robots\" content=\"index, follow, max-snippet:-1, max-image-preview:large, max-video-preview:-1\" \/>\n<link rel=\"canonical\" href=\"https:\/\/compuviper.mx\/tienda\/producto\/apc-srt3000xla-smart-ups-srt-3000va-120v\/\" \/>\n<meta property=\"og:locale\" content=\"es_MX\" \/>\n<meta property=\"og:type\" content=\"article\" \/>\n<meta property=\"og:title\" content=\"[ Apc ] &#129351; Srt3000xla Smart-ups Srt 3000va 120v\" \/>\n<meta property=\"og:description\" content=\"Compra Srt3000xla Smart-ups Srt 3000va 120v + Env\u00edo a domicilio + Pago seguro + Garant\u00eda\" \/>\n<meta property=\"og:url\" content=\"https:\/\/compuviper.mx\/tienda\/producto\/apc-srt3000xla-smart-ups-srt-3000va-120v\/\" \/>\n<meta property=\"og:site_name\" content=\"Compuviper\" \/>\n<meta property=\"article:publisher\" content=\"https:\/\/www.facebook.com\/compuviper\" \/>\n<meta property=\"og:image\" content=\"https:\/\/compuviper.mx\/tienda\/wp-content\/uploads\/2023\/12\/Apc-smart-ups-srt-3000va-120v.jpg\" \/>\n\t<meta property=\"og:image:width\" content=\"200\" \/>\n\t<meta property=\"og:image:height\" content=\"200\" \/>\n\t<meta property=\"og:image:type\" content=\"image\/jpeg\" \/>\n<meta name=\"twitter:card\" content=\"summary_large_image\" \/>\n<meta name=\"twitter:label1\" content=\"Precio\" \/>\n\t<meta name=\"twitter:data1\" content=\"&#36;30,241 &#36;29,636 con IVA\" \/>\n\t<meta name=\"twitter:label2\" content=\"Availability\" \/>\n\t<meta name=\"twitter:data2\" content=\"In stock\" \/>\n<script type=\"application\/ld+json\" class=\"yoast-schema-graph\">{\"@context\":\"https:\/\/schema.org\",\"@graph\":[{\"@type\":\"WebPage\",\"@id\":\"https:\/\/compuviper.mx\/tienda\/producto\/apc-srt3000xla-smart-ups-srt-3000va-120v\/\",\"url\":\"https:\/\/compuviper.mx\/tienda\/producto\/apc-srt3000xla-smart-ups-srt-3000va-120v\/\",\"name\":\"[ Apc ] &#129351; Srt3000xla Smart-ups Srt 3000va 120v\",\"isPartOf\":{\"@id\":\"https:\/\/compuviper.mx\/tienda\/#website\"},\"datePublished\":\"2026-04-07T06:23:55+00:00\",\"dateModified\":\"2026-04-07T06:23:55+00:00\",\"description\":\"Compra Srt3000xla Smart-ups Srt 3000va 120v + Env\u00edo a domicilio + Pago seguro + Garant\u00eda\",\"breadcrumb\":{\"@id\":\"https:\/\/compuviper.mx\/tienda\/producto\/apc-srt3000xla-smart-ups-srt-3000va-120v\/#breadcrumb\"},\"inLanguage\":\"es-MX\",\"potentialAction\":[{\"@type\":\"ReadAction\",\"target\":[\"https:\/\/compuviper.mx\/tienda\/producto\/apc-srt3000xla-smart-ups-srt-3000va-120v\/\"]}]},{\"@type\":\"BreadcrumbList\",\"@id\":\"https:\/\/compuviper.mx\/tienda\/producto\/apc-srt3000xla-smart-ups-srt-3000va-120v\/#breadcrumb\",\"itemListElement\":[{\"@type\":\"ListItem\",\"position\":1,\"name\":\"Inicio\",\"item\":\"https:\/\/compuviper.mx\/tienda\/\"},{\"@type\":\"ListItem\",\"position\":2,\"name\":\"Productos\",\"item\":\"https:\/\/compuviper.mx\/tienda\/productos\/\"},{\"@type\":\"ListItem\",\"position\":3,\"name\":\"Energia\",\"item\":\"https:\/\/compuviper.mx\/tienda\/categoria-producto\/energia\/\"},{\"@type\":\"ListItem\",\"position\":4,\"name\":\"No Break\",\"item\":\"https:\/\/compuviper.mx\/tienda\/categoria-producto\/energia\/no-break\/\"},{\"@type\":\"ListItem\",\"position\":5,\"name\":\"Apc Srt3000xla Smart-ups Srt 3000va 120v\"}]},{\"@type\":\"WebSite\",\"@id\":\"https:\/\/compuviper.mx\/tienda\/#website\",\"url\":\"https:\/\/compuviper.mx\/tienda\/\",\"name\":\"Compuviper\",\"description\":\"Proveedor de Computadoras, Laptops, Servidores, Monitores, Puntos de Venta, Teclados,   Impresoras, T\u00f3ner, C\u00e1maras de Seguridad y m\u00e1s en tu tienda en l\u00ednea\",\"publisher\":{\"@id\":\"https:\/\/compuviper.mx\/tienda\/#organization\"},\"potentialAction\":[{\"@type\":\"SearchAction\",\"target\":{\"@type\":\"EntryPoint\",\"urlTemplate\":\"https:\/\/compuviper.mx\/tienda\/?s={search_term_string}\"},\"query-input\":\"required name=search_term_string\"}],\"inLanguage\":\"es-MX\"},{\"@type\":\"Organization\",\"@id\":\"https:\/\/compuviper.mx\/tienda\/#organization\",\"name\":\"Compuviper\",\"url\":\"https:\/\/compuviper.mx\/tienda\/\",\"logo\":{\"@type\":\"ImageObject\",\"inLanguage\":\"es-MX\",\"@id\":\"https:\/\/compuviper.mx\/tienda\/#\/schema\/logo\/image\/\",\"url\":\"https:\/\/compuviper.mx\/tienda\/wp-content\/uploads\/2021\/08\/Logo-Compuviper-10.png\",\"contentUrl\":\"https:\/\/compuviper.mx\/tienda\/wp-content\/uploads\/2021\/08\/Logo-Compuviper-10.png\",\"width\":1000,\"height\":500,\"caption\":\"Compuviper\"},\"image\":{\"@id\":\"https:\/\/compuviper.mx\/tienda\/#\/schema\/logo\/image\/\"},\"sameAs\":[\"https:\/\/www.facebook.com\/compuviper\",\"https:\/\/www.youtube.com\/channel\/UCf73dERp9Y3cfOq7q8BhLjA?view_as=subscriber\"]}]}<\/script>\n<meta property=\"product:brand\" content=\"APC\" \/>\n<meta property=\"product:price:amount\" content=\"29636\" \/>\n<meta property=\"product:price:currency\" content=\"MXN\" \/>\n<meta property=\"og:availability\" content=\"instock\" \/>\n<meta property=\"product:availability\" content=\"instock\" \/>\n<meta property=\"product:retailer_item_id\" content=\"SRT3000XLA\" \/>\n<meta property=\"product:condition\" content=\"new\" \/>\n<!-- \/ Yoast SEO plugin. -->","yoast_head_json":{"title":"[ Apc ] &#129351; Srt3000xla Smart-ups Srt 3000va 120v","description":"Compra Srt3000xla Smart-ups Srt 3000va 120v + Env\u00edo a domicilio + Pago seguro + Garant\u00eda","robots":{"index":"index","follow":"follow","max-snippet":"max-snippet:-1","max-image-preview":"max-image-preview:large","max-video-preview":"max-video-preview:-1"},"canonical":"https:\/\/compuviper.mx\/tienda\/producto\/apc-srt3000xla-smart-ups-srt-3000va-120v\/","og_locale":"es_MX","og_type":"article","og_title":"[ Apc ] &#129351; Srt3000xla Smart-ups Srt 3000va 120v","og_description":"Compra Srt3000xla Smart-ups Srt 3000va 120v + Env\u00edo a domicilio + Pago seguro + Garant\u00eda","og_url":"https:\/\/compuviper.mx\/tienda\/producto\/apc-srt3000xla-smart-ups-srt-3000va-120v\/","og_site_name":"Compuviper","article_publisher":"https:\/\/www.facebook.com\/compuviper","og_image":[{"width":200,"height":200,"url":"https:\/\/compuviper.mx\/tienda\/wp-content\/uploads\/2023\/12\/Apc-smart-ups-srt-3000va-120v.jpg","type":"image\/jpeg"}],"twitter_card":"summary_large_image","twitter_misc":{"Precio":"&#36;30,241 &#36;29,636 con IVA","Availability":"In stock"},"schema":{"@context":"https:\/\/schema.org","@graph":[{"@type":"WebPage","@id":"https:\/\/compuviper.mx\/tienda\/producto\/apc-srt3000xla-smart-ups-srt-3000va-120v\/","url":"https:\/\/compuviper.mx\/tienda\/producto\/apc-srt3000xla-smart-ups-srt-3000va-120v\/","name":"[ Apc ] &#129351; Srt3000xla Smart-ups Srt 3000va 120v","isPartOf":{"@id":"https:\/\/compuviper.mx\/tienda\/#website"},"datePublished":"2026-04-07T06:23:55+00:00","dateModified":"2026-04-07T06:23:55+00:00","description":"Compra Srt3000xla Smart-ups Srt 3000va 120v + Env\u00edo a domicilio + Pago seguro + Garant\u00eda","breadcrumb":{"@id":"https:\/\/compuviper.mx\/tienda\/producto\/apc-srt3000xla-smart-ups-srt-3000va-120v\/#breadcrumb"},"inLanguage":"es-MX","potentialAction":[{"@type":"ReadAction","target":["https:\/\/compuviper.mx\/tienda\/producto\/apc-srt3000xla-smart-ups-srt-3000va-120v\/"]}]},{"@type":"BreadcrumbList","@id":"https:\/\/compuviper.mx\/tienda\/producto\/apc-srt3000xla-smart-ups-srt-3000va-120v\/#breadcrumb","itemListElement":[{"@type":"ListItem","position":1,"name":"Inicio","item":"https:\/\/compuviper.mx\/tienda\/"},{"@type":"ListItem","position":2,"name":"Productos","item":"https:\/\/compuviper.mx\/tienda\/productos\/"},{"@type":"ListItem","position":3,"name":"Energia","item":"https:\/\/compuviper.mx\/tienda\/categoria-producto\/energia\/"},{"@type":"ListItem","position":4,"name":"No Break","item":"https:\/\/compuviper.mx\/tienda\/categoria-producto\/energia\/no-break\/"},{"@type":"ListItem","position":5,"name":"Apc Srt3000xla Smart-ups Srt 3000va 120v"}]},{"@type":"WebSite","@id":"https:\/\/compuviper.mx\/tienda\/#website","url":"https:\/\/compuviper.mx\/tienda\/","name":"Compuviper","description":"Proveedor de Computadoras, Laptops, Servidores, Monitores, Puntos de Venta, Teclados,   Impresoras, T\u00f3ner, C\u00e1maras de Seguridad y m\u00e1s en tu tienda en l\u00ednea","publisher":{"@id":"https:\/\/compuviper.mx\/tienda\/#organization"},"potentialAction":[{"@type":"SearchAction","target":{"@type":"EntryPoint","urlTemplate":"https:\/\/compuviper.mx\/tienda\/?s={search_term_string}"},"query-input":"required name=search_term_string"}],"inLanguage":"es-MX"},{"@type":"Organization","@id":"https:\/\/compuviper.mx\/tienda\/#organization","name":"Compuviper","url":"https:\/\/compuviper.mx\/tienda\/","logo":{"@type":"ImageObject","inLanguage":"es-MX","@id":"https:\/\/compuviper.mx\/tienda\/#\/schema\/logo\/image\/","url":"https:\/\/compuviper.mx\/tienda\/wp-content\/uploads\/2021\/08\/Logo-Compuviper-10.png","contentUrl":"https:\/\/compuviper.mx\/tienda\/wp-content\/uploads\/2021\/08\/Logo-Compuviper-10.png","width":1000,"height":500,"caption":"Compuviper"},"image":{"@id":"https:\/\/compuviper.mx\/tienda\/#\/schema\/logo\/image\/"},"sameAs":["https:\/\/www.facebook.com\/compuviper","https:\/\/www.youtube.com\/channel\/UCf73dERp9Y3cfOq7q8BhLjA?view_as=subscriber"]}]},"product_brand":"APC","product_price_amount":"29636","product_price_currency":"MXN","og_availability":"instock","product_availability":"instock","product_retailer_item_id":"SRT3000XLA","product_condition":"new"},"_links":{"self":[{"href":"https:\/\/compuviper.mx\/tienda\/wp-json\/wp\/v2\/product\/217260"}],"collection":[{"href":"https:\/\/compuviper.mx\/tienda\/wp-json\/wp\/v2\/product"}],"about":[{"href":"https:\/\/compuviper.mx\/tienda\/wp-json\/wp\/v2\/types\/product"}],"replies":[{"embeddable":true,"href":"https:\/\/compuviper.mx\/tienda\/wp-json\/wp\/v2\/comments?post=217260"}],"wp:featuredmedia":[{"embeddable":true,"href":"https:\/\/compuviper.mx\/tienda\/wp-json\/wp\/v2\/media\/217261"}],"wp:attachment":[{"href":"https:\/\/compuviper.mx\/tienda\/wp-json\/wp\/v2\/media?parent=217260"}],"wp:term":[{"taxonomy":"product_cat","embeddable":true,"href":"https:\/\/compuviper.mx\/tienda\/wp-json\/wp\/v2\/product_cat?post=217260"},{"taxonomy":"product_tag","embeddable":true,"href":"https:\/\/compuviper.mx\/tienda\/wp-json\/wp\/v2\/product_tag?post=217260"}],"curies":[{"name":"wp","href":"https:\/\/api.w.org\/{rel}","templated":true}]}}