{"id":217254,"date":"2026-04-07T00:23:53","date_gmt":"2026-04-07T06:23:53","guid":{"rendered":"https:\/\/compuviper.mx\/tienda\/producto\/vica-optima-k-no-break-con-regulador-integrado-1000va-500-watts-6-contactos-regulados-y-respaldados-tipo-nema-5-15r-software-de-monitoreo-3-aos-de-garantia-2-en-bateria\/"},"modified":"2026-04-07T00:23:53","modified_gmt":"2026-04-07T06:23:53","slug":"vica-optima-k-no-break-ups-1000va-500w-6-tomas-nema-5-15r-4-2-rj11-45-3-aos-de-garantia","status":"publish","type":"product","link":"https:\/\/compuviper.mx\/tienda\/producto\/vica-optima-k-no-break-ups-1000va-500w-6-tomas-nema-5-15r-4-2-rj11-45-3-aos-de-garantia\/","title":{"rendered":"Vica Optima K No Break Ups    1000va\/500w 6 Tomas Nema 5-15r (4\/2) \/rj11\/45, 3 A?os De Garantia"},"content":{"rendered":"<table class=\"descripcion\">\n<tr>\n<td>Entrada:<\/td>\n<\/tr>\n<tr>\n<td>Voltaje 127vca 60 hz<\/td>\n<\/tr>\n<tr>\n<td>Rango de voltaje :81~145vca<\/td>\n<\/tr>\n<tr>\n<td>Rango de frecuencia:60\/50 hz (autosensible)<\/td>\n<\/tr>\n<tr>\n<td>Salida:<\/td>\n<\/tr>\n<tr>\n<td>Voltaje de salida 120 vca.<\/td>\n<\/tr>\n<tr>\n<td>Voltaje de regulacion ( modo bateria):+\/-10%<\/td>\n<\/tr>\n<tr>\n<td>Frecuencia de rango:60hz \u00f3 50hz +\/- 1hz<\/td>\n<\/tr>\n<tr>\n<td>Tiempo de transferencia 2~6 ms<\/td>\n<\/tr>\n<tr>\n<td>Tipo de onda senoidal<\/td>\n<\/tr>\n<tr>\n<td>Bateria.<\/td>\n<\/tr>\n<tr>\n<td>Tipo y numero 12vcc\/8ah<\/td>\n<\/tr>\n<tr>\n<td>Carga de flotante de voltaje:13.7vcd<\/td>\n<\/tr>\n<tr>\n<td>Tiempo de carga 4~6 horas para 90% de carga<\/td>\n<\/tr>\n<tr>\n<td>Proteccion completa: sobrecarga y proteccion de sobrecarga.<\/td>\n<\/tr>\n<tr>\n<td>Fisica<\/td>\n<\/tr>\n<tr>\n<td>Numero de tomas 6 tipo nema 5-15r<\/td>\n<\/tr>\n<tr>\n<td>Proteccion de linea n\/a<\/td>\n<\/tr>\n<tr>\n<td>Software de monitoreo:si<\/td>\n<\/tr>\n<tr>\n<td>Indicadores de visuales de led<\/td>\n<\/tr>\n<tr>\n<td>Proteccion contra sobrecarga:breaker termico<\/td>\n<\/tr>\n<tr>\n<td>Dimesiones 27.9&#215;10.1&#215;14.2cm<\/td>\n<\/tr>\n<tr>\n<td>Peso 4.9kg<\/td>\n<\/tr>\n<tr>\n<td>Garantia 3 a\u00f1os<\/td>\n<\/tr>\n<\/table>\n","protected":false},"excerpt":{"rendered":"<p>Entrada: Voltaje 127vca 60 hz Rango de voltaje :81~145vca Rango de frecuencia:60\/50 hz (autosensible) Salida: Voltaje de salida 120 vca. Voltaje de regulacion ( modo bateria):+\/-10% Frecuencia de rango:60hz \u00f3 50hz +\/- 1hz Tiempo de transferencia 2~6 ms Tipo de onda senoidal Bateria. Tipo y numero 12vcc\/8ah Carga de flotante de voltaje:13.7vcd Tiempo de carga [&hellip;]<\/p>\n","protected":false},"featured_media":217255,"comment_status":"open","ping_status":"open","template":"","meta":[],"product_cat":[1508,1691],"product_tag":[1695],"acf":[],"yoast_head":"<!-- This site is optimized with the Yoast SEO plugin v21.7 - https:\/\/yoast.com\/wordpress\/plugins\/seo\/ -->\n<title>[ Vica ] &#129351; Optima K No Break Ups 1000va\/500w 6 Tomas Nema 5-15r (4\/2) \/rj11\/45, 3 A\u00f1os De Garantia<\/title>\n<meta name=\"description\" content=\"Compra Optima K No Break Ups 1000va\/500w 6 Tomas Nema 5-15r (4\/2) \/rj11\/45, 3 A\u00f1os De Garantia + Env\u00edo a domicilio + Pago seguro + Garant\u00eda\" \/>\n<meta name=\"robots\" content=\"index, follow, max-snippet:-1, max-image-preview:large, max-video-preview:-1\" \/>\n<link rel=\"canonical\" href=\"https:\/\/compuviper.mx\/tienda\/producto\/vica-optima-k-no-break-ups-1000va-500w-6-tomas-nema-5-15r-4-2-rj11-45-3-aos-de-garantia\/\" \/>\n<meta property=\"og:locale\" content=\"es_MX\" \/>\n<meta property=\"og:type\" content=\"article\" \/>\n<meta property=\"og:title\" content=\"[ Vica ] &#129351; Optima K No Break Ups 1000va\/500w 6 Tomas Nema 5-15r (4\/2) \/rj11\/45, 3 A\u00f1os De Garantia\" \/>\n<meta property=\"og:description\" content=\"Compra Optima K No Break Ups 1000va\/500w 6 Tomas Nema 5-15r (4\/2) \/rj11\/45, 3 A\u00f1os De Garantia + Env\u00edo a domicilio + Pago seguro + Garant\u00eda\" \/>\n<meta property=\"og:url\" content=\"https:\/\/compuviper.mx\/tienda\/producto\/vica-optima-k-no-break-ups-1000va-500w-6-tomas-nema-5-15r-4-2-rj11-45-3-aos-de-garantia\/\" \/>\n<meta property=\"og:site_name\" content=\"Compuviper\" \/>\n<meta property=\"article:publisher\" content=\"https:\/\/www.facebook.com\/compuviper\" \/>\n<meta property=\"og:image\" content=\"https:\/\/compuviper.mx\/tienda\/wp-content\/uploads\/2023\/12\/No-break-con-regulador-integrado-optima-k-1000va-500-watts-6-contactos-regulados-y-respaldados-tipo-nema-5-15r-software-de-monitoreo-3-anos-de-garantia-2-en-bateria.jpg\" \/>\n\t<meta property=\"og:image:width\" content=\"200\" \/>\n\t<meta property=\"og:image:height\" content=\"200\" \/>\n\t<meta property=\"og:image:type\" content=\"image\/jpeg\" \/>\n<meta name=\"twitter:card\" content=\"summary_large_image\" \/>\n<meta name=\"twitter:label1\" content=\"Precio\" \/>\n\t<meta name=\"twitter:data1\" content=\"&#36;1,604 &#36;1,559 con IVA\" \/>\n\t<meta name=\"twitter:label2\" content=\"Availability\" \/>\n\t<meta name=\"twitter:data2\" content=\"In stock\" \/>\n<script type=\"application\/ld+json\" class=\"yoast-schema-graph\">{\"@context\":\"https:\/\/schema.org\",\"@graph\":[{\"@type\":\"WebPage\",\"@id\":\"https:\/\/compuviper.mx\/tienda\/producto\/vica-optima-k-no-break-ups-1000va-500w-6-tomas-nema-5-15r-4-2-rj11-45-3-aos-de-garantia\/\",\"url\":\"https:\/\/compuviper.mx\/tienda\/producto\/vica-optima-k-no-break-ups-1000va-500w-6-tomas-nema-5-15r-4-2-rj11-45-3-aos-de-garantia\/\",\"name\":\"[ Vica ] &#129351; Optima K No Break Ups 1000va\/500w 6 Tomas Nema 5-15r (4\/2) \/rj11\/45, 3 A\u00f1os De Garantia\",\"isPartOf\":{\"@id\":\"https:\/\/compuviper.mx\/tienda\/#website\"},\"datePublished\":\"2026-04-07T06:23:53+00:00\",\"dateModified\":\"2026-04-07T06:23:53+00:00\",\"description\":\"Compra Optima K No Break Ups 1000va\/500w 6 Tomas Nema 5-15r (4\/2) \/rj11\/45, 3 A\u00f1os De Garantia + Env\u00edo a domicilio + Pago seguro + Garant\u00eda\",\"breadcrumb\":{\"@id\":\"https:\/\/compuviper.mx\/tienda\/producto\/vica-optima-k-no-break-ups-1000va-500w-6-tomas-nema-5-15r-4-2-rj11-45-3-aos-de-garantia\/#breadcrumb\"},\"inLanguage\":\"es-MX\",\"potentialAction\":[{\"@type\":\"ReadAction\",\"target\":[\"https:\/\/compuviper.mx\/tienda\/producto\/vica-optima-k-no-break-ups-1000va-500w-6-tomas-nema-5-15r-4-2-rj11-45-3-aos-de-garantia\/\"]}]},{\"@type\":\"BreadcrumbList\",\"@id\":\"https:\/\/compuviper.mx\/tienda\/producto\/vica-optima-k-no-break-ups-1000va-500w-6-tomas-nema-5-15r-4-2-rj11-45-3-aos-de-garantia\/#breadcrumb\",\"itemListElement\":[{\"@type\":\"ListItem\",\"position\":1,\"name\":\"Inicio\",\"item\":\"https:\/\/compuviper.mx\/tienda\/\"},{\"@type\":\"ListItem\",\"position\":2,\"name\":\"Productos\",\"item\":\"https:\/\/compuviper.mx\/tienda\/productos\/\"},{\"@type\":\"ListItem\",\"position\":3,\"name\":\"Energia\",\"item\":\"https:\/\/compuviper.mx\/tienda\/categoria-producto\/energia\/\"},{\"@type\":\"ListItem\",\"position\":4,\"name\":\"No Break\",\"item\":\"https:\/\/compuviper.mx\/tienda\/categoria-producto\/energia\/no-break\/\"},{\"@type\":\"ListItem\",\"position\":5,\"name\":\"Vica Optima K No Break Ups 1000va\/500w 6 Tomas Nema 5-15r (4\/2) \/rj11\/45, 3 A?os De Garantia\"}]},{\"@type\":\"WebSite\",\"@id\":\"https:\/\/compuviper.mx\/tienda\/#website\",\"url\":\"https:\/\/compuviper.mx\/tienda\/\",\"name\":\"Compuviper\",\"description\":\"Proveedor de Computadoras, Laptops, Servidores, Monitores, Puntos de Venta, Teclados,   Impresoras, T\u00f3ner, C\u00e1maras de Seguridad y m\u00e1s en tu tienda en l\u00ednea\",\"publisher\":{\"@id\":\"https:\/\/compuviper.mx\/tienda\/#organization\"},\"potentialAction\":[{\"@type\":\"SearchAction\",\"target\":{\"@type\":\"EntryPoint\",\"urlTemplate\":\"https:\/\/compuviper.mx\/tienda\/?s={search_term_string}\"},\"query-input\":\"required name=search_term_string\"}],\"inLanguage\":\"es-MX\"},{\"@type\":\"Organization\",\"@id\":\"https:\/\/compuviper.mx\/tienda\/#organization\",\"name\":\"Compuviper\",\"url\":\"https:\/\/compuviper.mx\/tienda\/\",\"logo\":{\"@type\":\"ImageObject\",\"inLanguage\":\"es-MX\",\"@id\":\"https:\/\/compuviper.mx\/tienda\/#\/schema\/logo\/image\/\",\"url\":\"https:\/\/compuviper.mx\/tienda\/wp-content\/uploads\/2021\/08\/Logo-Compuviper-10.png\",\"contentUrl\":\"https:\/\/compuviper.mx\/tienda\/wp-content\/uploads\/2021\/08\/Logo-Compuviper-10.png\",\"width\":1000,\"height\":500,\"caption\":\"Compuviper\"},\"image\":{\"@id\":\"https:\/\/compuviper.mx\/tienda\/#\/schema\/logo\/image\/\"},\"sameAs\":[\"https:\/\/www.facebook.com\/compuviper\",\"https:\/\/www.youtube.com\/channel\/UCf73dERp9Y3cfOq7q8BhLjA?view_as=subscriber\"]}]}<\/script>\n<meta property=\"product:brand\" content=\"VICA\" \/>\n<meta property=\"product:price:amount\" content=\"1559\" \/>\n<meta property=\"product:price:currency\" content=\"MXN\" \/>\n<meta property=\"og:availability\" content=\"instock\" \/>\n<meta property=\"product:availability\" content=\"instock\" \/>\n<meta property=\"product:retailer_item_id\" content=\"OPTIMA K\" \/>\n<meta property=\"product:condition\" content=\"new\" \/>\n<!-- \/ Yoast SEO plugin. -->","yoast_head_json":{"title":"[ Vica ] &#129351; Optima K No Break Ups 1000va\/500w 6 Tomas Nema 5-15r (4\/2) \/rj11\/45, 3 A\u00f1os De Garantia","description":"Compra Optima K No Break Ups 1000va\/500w 6 Tomas Nema 5-15r (4\/2) \/rj11\/45, 3 A\u00f1os De Garantia + Env\u00edo a domicilio + Pago seguro + Garant\u00eda","robots":{"index":"index","follow":"follow","max-snippet":"max-snippet:-1","max-image-preview":"max-image-preview:large","max-video-preview":"max-video-preview:-1"},"canonical":"https:\/\/compuviper.mx\/tienda\/producto\/vica-optima-k-no-break-ups-1000va-500w-6-tomas-nema-5-15r-4-2-rj11-45-3-aos-de-garantia\/","og_locale":"es_MX","og_type":"article","og_title":"[ Vica ] &#129351; Optima K No Break Ups 1000va\/500w 6 Tomas Nema 5-15r (4\/2) \/rj11\/45, 3 A\u00f1os De Garantia","og_description":"Compra Optima K No Break Ups 1000va\/500w 6 Tomas Nema 5-15r (4\/2) \/rj11\/45, 3 A\u00f1os De Garantia + Env\u00edo a domicilio + Pago seguro + Garant\u00eda","og_url":"https:\/\/compuviper.mx\/tienda\/producto\/vica-optima-k-no-break-ups-1000va-500w-6-tomas-nema-5-15r-4-2-rj11-45-3-aos-de-garantia\/","og_site_name":"Compuviper","article_publisher":"https:\/\/www.facebook.com\/compuviper","og_image":[{"width":200,"height":200,"url":"https:\/\/compuviper.mx\/tienda\/wp-content\/uploads\/2023\/12\/No-break-con-regulador-integrado-optima-k-1000va-500-watts-6-contactos-regulados-y-respaldados-tipo-nema-5-15r-software-de-monitoreo-3-anos-de-garantia-2-en-bateria.jpg","type":"image\/jpeg"}],"twitter_card":"summary_large_image","twitter_misc":{"Precio":"&#36;1,604 &#36;1,559 con IVA","Availability":"In stock"},"schema":{"@context":"https:\/\/schema.org","@graph":[{"@type":"WebPage","@id":"https:\/\/compuviper.mx\/tienda\/producto\/vica-optima-k-no-break-ups-1000va-500w-6-tomas-nema-5-15r-4-2-rj11-45-3-aos-de-garantia\/","url":"https:\/\/compuviper.mx\/tienda\/producto\/vica-optima-k-no-break-ups-1000va-500w-6-tomas-nema-5-15r-4-2-rj11-45-3-aos-de-garantia\/","name":"[ Vica ] &#129351; Optima K No Break Ups 1000va\/500w 6 Tomas Nema 5-15r (4\/2) \/rj11\/45, 3 A\u00f1os De Garantia","isPartOf":{"@id":"https:\/\/compuviper.mx\/tienda\/#website"},"datePublished":"2026-04-07T06:23:53+00:00","dateModified":"2026-04-07T06:23:53+00:00","description":"Compra Optima K No Break Ups 1000va\/500w 6 Tomas Nema 5-15r (4\/2) \/rj11\/45, 3 A\u00f1os De Garantia + Env\u00edo a domicilio + Pago seguro + Garant\u00eda","breadcrumb":{"@id":"https:\/\/compuviper.mx\/tienda\/producto\/vica-optima-k-no-break-ups-1000va-500w-6-tomas-nema-5-15r-4-2-rj11-45-3-aos-de-garantia\/#breadcrumb"},"inLanguage":"es-MX","potentialAction":[{"@type":"ReadAction","target":["https:\/\/compuviper.mx\/tienda\/producto\/vica-optima-k-no-break-ups-1000va-500w-6-tomas-nema-5-15r-4-2-rj11-45-3-aos-de-garantia\/"]}]},{"@type":"BreadcrumbList","@id":"https:\/\/compuviper.mx\/tienda\/producto\/vica-optima-k-no-break-ups-1000va-500w-6-tomas-nema-5-15r-4-2-rj11-45-3-aos-de-garantia\/#breadcrumb","itemListElement":[{"@type":"ListItem","position":1,"name":"Inicio","item":"https:\/\/compuviper.mx\/tienda\/"},{"@type":"ListItem","position":2,"name":"Productos","item":"https:\/\/compuviper.mx\/tienda\/productos\/"},{"@type":"ListItem","position":3,"name":"Energia","item":"https:\/\/compuviper.mx\/tienda\/categoria-producto\/energia\/"},{"@type":"ListItem","position":4,"name":"No Break","item":"https:\/\/compuviper.mx\/tienda\/categoria-producto\/energia\/no-break\/"},{"@type":"ListItem","position":5,"name":"Vica Optima K No Break Ups 1000va\/500w 6 Tomas Nema 5-15r (4\/2) \/rj11\/45, 3 A?os De Garantia"}]},{"@type":"WebSite","@id":"https:\/\/compuviper.mx\/tienda\/#website","url":"https:\/\/compuviper.mx\/tienda\/","name":"Compuviper","description":"Proveedor de Computadoras, Laptops, Servidores, Monitores, Puntos de Venta, Teclados,   Impresoras, T\u00f3ner, C\u00e1maras de Seguridad y m\u00e1s en tu tienda en l\u00ednea","publisher":{"@id":"https:\/\/compuviper.mx\/tienda\/#organization"},"potentialAction":[{"@type":"SearchAction","target":{"@type":"EntryPoint","urlTemplate":"https:\/\/compuviper.mx\/tienda\/?s={search_term_string}"},"query-input":"required name=search_term_string"}],"inLanguage":"es-MX"},{"@type":"Organization","@id":"https:\/\/compuviper.mx\/tienda\/#organization","name":"Compuviper","url":"https:\/\/compuviper.mx\/tienda\/","logo":{"@type":"ImageObject","inLanguage":"es-MX","@id":"https:\/\/compuviper.mx\/tienda\/#\/schema\/logo\/image\/","url":"https:\/\/compuviper.mx\/tienda\/wp-content\/uploads\/2021\/08\/Logo-Compuviper-10.png","contentUrl":"https:\/\/compuviper.mx\/tienda\/wp-content\/uploads\/2021\/08\/Logo-Compuviper-10.png","width":1000,"height":500,"caption":"Compuviper"},"image":{"@id":"https:\/\/compuviper.mx\/tienda\/#\/schema\/logo\/image\/"},"sameAs":["https:\/\/www.facebook.com\/compuviper","https:\/\/www.youtube.com\/channel\/UCf73dERp9Y3cfOq7q8BhLjA?view_as=subscriber"]}]},"product_brand":"VICA","product_price_amount":"1559","product_price_currency":"MXN","og_availability":"instock","product_availability":"instock","product_retailer_item_id":"OPTIMA K","product_condition":"new"},"_links":{"self":[{"href":"https:\/\/compuviper.mx\/tienda\/wp-json\/wp\/v2\/product\/217254"}],"collection":[{"href":"https:\/\/compuviper.mx\/tienda\/wp-json\/wp\/v2\/product"}],"about":[{"href":"https:\/\/compuviper.mx\/tienda\/wp-json\/wp\/v2\/types\/product"}],"replies":[{"embeddable":true,"href":"https:\/\/compuviper.mx\/tienda\/wp-json\/wp\/v2\/comments?post=217254"}],"wp:featuredmedia":[{"embeddable":true,"href":"https:\/\/compuviper.mx\/tienda\/wp-json\/wp\/v2\/media\/217255"}],"wp:attachment":[{"href":"https:\/\/compuviper.mx\/tienda\/wp-json\/wp\/v2\/media?parent=217254"}],"wp:term":[{"taxonomy":"product_cat","embeddable":true,"href":"https:\/\/compuviper.mx\/tienda\/wp-json\/wp\/v2\/product_cat?post=217254"},{"taxonomy":"product_tag","embeddable":true,"href":"https:\/\/compuviper.mx\/tienda\/wp-json\/wp\/v2\/product_tag?post=217254"}],"curies":[{"name":"wp","href":"https:\/\/api.w.org\/{rel}","templated":true}]}}