{"id":217238,"date":"2026-04-08T00:25:27","date_gmt":"2026-04-08T06:25:27","guid":{"rendered":"https:\/\/compuviper.mx\/tienda\/producto\/cyberpower-ols2000-no-break-2000va-1800w-online-lcd-torre-voltaje-de-entrada-y-salida-120v-6-nemas-x-5-20r-2-aos-de-garanta-en-equipo1-ao-en-batera\/"},"modified":"2026-04-08T00:25:27","modified_gmt":"2026-04-08T06:25:27","slug":"cyberpower-ols2000aols2000-no-break-ols2000-2000va-1800w-online-lcd-torre-voltaje-de-entrada-y-salida-120v-4-nemas-x-5-20r-2-aos-de-garanta-en-equipo1-ao-en-batera","status":"publish","type":"product","link":"https:\/\/compuviper.mx\/tienda\/producto\/cyberpower-ols2000aols2000-no-break-ols2000-2000va-1800w-online-lcd-torre-voltaje-de-entrada-y-salida-120v-4-nemas-x-5-20r-2-aos-de-garanta-en-equipo1-ao-en-batera\/","title":{"rendered":"Cyberpower Ols2000a,ols2000 No Break  Ols2000 2000va \/ 1800w, Online, Lcd ,torre, Voltaje De Entrada Y Salida 120v ,4 Nemas X 5-20r, 2 A?os De Garanta En Equipo,1 A?o En Batera."},"content":{"rendered":"<table class=\"descripcion\">\n<tr>\n<td>Potencia: 2000va \/ 1800w<\/td>\n<\/tr>\n<tr>\n<td>Topologia: online doble conversi\u00f3n, lcd inteligente, onda senoidal pura, software powerpanel business edition, gabinete torre,<\/td>\n<\/tr>\n<tr>\n<td>6 nema 5-20r , usb\/serial tarjeta snmp\/http card (opcional).<\/td>\n<\/tr>\n<\/table>\n","protected":false},"excerpt":{"rendered":"<p>Ups (no breaks) true online de doble conversi\u00f3n con cero tiempo de transferencia. Salida onda senoidal pura. Gabinete torre. Dise\u00f1ados para aplicaciones de redes corporativas.  Paquetes de bater\u00edas adicionales disponibles. Capacidad de administraci\u00f3n remota http\/snmp. Software de administraci\u00f3n powerpanel business edition. Gabinete de metal solido.  2 a\u00f1os de garant\u00eda, 1 a\u00f1o en bater\u00eda.<\/p>\n","protected":false},"featured_media":217239,"comment_status":"open","ping_status":"open","template":"","meta":[],"product_cat":[1508,1691],"product_tag":[1692],"acf":[],"yoast_head":"<!-- This site is optimized with the Yoast SEO plugin v21.7 - https:\/\/yoast.com\/wordpress\/plugins\/seo\/ -->\n<title>[ Cyberpower ] &#129351; Ols2000a,ols2000 No Break Ols2000 2000va \/ 1800w, Online, Lcd ,torre, Voltaje De Entrada Y Salida 120v ,4 Nemas X 5-20r, 2 A\u00f1os De Garanta En Equipo,1 A\u00f1o En Batera.<\/title>\n<meta name=\"description\" content=\"Compra Ols2000a,ols2000 No Break Ols2000 2000va \/ 1800w, Online, Lcd ,torre, Voltaje De Entrada Y Salida 120v ,4 Nemas X 5-20r, 2 A\u00f1os De Garanta En Equipo,1 A\u00f1o En Batera. + Env\u00edo a domicilio + Pago seguro + Garant\u00eda\" \/>\n<meta name=\"robots\" content=\"index, follow, max-snippet:-1, max-image-preview:large, max-video-preview:-1\" \/>\n<link rel=\"canonical\" href=\"https:\/\/compuviper.mx\/tienda\/producto\/cyberpower-ols2000aols2000-no-break-ols2000-2000va-1800w-online-lcd-torre-voltaje-de-entrada-y-salida-120v-4-nemas-x-5-20r-2-aos-de-garanta-en-equipo1-ao-en-batera\/\" \/>\n<meta property=\"og:locale\" content=\"es_MX\" \/>\n<meta property=\"og:type\" content=\"article\" \/>\n<meta property=\"og:title\" content=\"[ Cyberpower ] &#129351; Ols2000a,ols2000 No Break Ols2000 2000va \/ 1800w, Online, Lcd ,torre, Voltaje De Entrada Y Salida 120v ,4 Nemas X 5-20r, 2 A\u00f1os De Garanta En Equipo,1 A\u00f1o En Batera.\" \/>\n<meta property=\"og:description\" content=\"Compra Ols2000a,ols2000 No Break Ols2000 2000va \/ 1800w, Online, Lcd ,torre, Voltaje De Entrada Y Salida 120v ,4 Nemas X 5-20r, 2 A\u00f1os De Garanta En Equipo,1 A\u00f1o En Batera. + Env\u00edo a domicilio + Pago seguro + Garant\u00eda\" \/>\n<meta property=\"og:url\" content=\"https:\/\/compuviper.mx\/tienda\/producto\/cyberpower-ols2000aols2000-no-break-ols2000-2000va-1800w-online-lcd-torre-voltaje-de-entrada-y-salida-120v-4-nemas-x-5-20r-2-aos-de-garanta-en-equipo1-ao-en-batera\/\" \/>\n<meta property=\"og:site_name\" content=\"Compuviper\" \/>\n<meta property=\"article:publisher\" content=\"https:\/\/www.facebook.com\/compuviper\" \/>\n<meta property=\"og:image\" content=\"https:\/\/compuviper.mx\/tienda\/wp-content\/uploads\/2023\/12\/No-break-cyberpower-ols2000-2000va-1800w-online-lcd-torre-voltaje-de-entrada-y-salida-120v-6-nemas-x-5-20r-2-anos-de-garantia-en-equipo1-ano-en-bateria.jpg\" \/>\n\t<meta property=\"og:image:width\" content=\"200\" \/>\n\t<meta property=\"og:image:height\" content=\"200\" \/>\n\t<meta property=\"og:image:type\" content=\"image\/jpeg\" \/>\n<meta name=\"twitter:card\" content=\"summary_large_image\" \/>\n<meta name=\"twitter:label1\" content=\"Precio\" \/>\n\t<meta name=\"twitter:data1\" content=\"&#36;13,598 &#36;13,127 con IVA\" \/>\n\t<meta name=\"twitter:label2\" content=\"Availability\" \/>\n\t<meta name=\"twitter:data2\" content=\"Out of stock\" \/>\n<script type=\"application\/ld+json\" class=\"yoast-schema-graph\">{\"@context\":\"https:\/\/schema.org\",\"@graph\":[{\"@type\":\"WebPage\",\"@id\":\"https:\/\/compuviper.mx\/tienda\/producto\/cyberpower-ols2000aols2000-no-break-ols2000-2000va-1800w-online-lcd-torre-voltaje-de-entrada-y-salida-120v-4-nemas-x-5-20r-2-aos-de-garanta-en-equipo1-ao-en-batera\/\",\"url\":\"https:\/\/compuviper.mx\/tienda\/producto\/cyberpower-ols2000aols2000-no-break-ols2000-2000va-1800w-online-lcd-torre-voltaje-de-entrada-y-salida-120v-4-nemas-x-5-20r-2-aos-de-garanta-en-equipo1-ao-en-batera\/\",\"name\":\"[ Cyberpower ] &#129351; Ols2000a,ols2000 No Break Ols2000 2000va \/ 1800w, Online, Lcd ,torre, Voltaje De Entrada Y Salida 120v ,4 Nemas X 5-20r, 2 A\u00f1os De Garanta En Equipo,1 A\u00f1o En Batera.\",\"isPartOf\":{\"@id\":\"https:\/\/compuviper.mx\/tienda\/#website\"},\"datePublished\":\"2026-04-08T06:25:27+00:00\",\"dateModified\":\"2026-04-08T06:25:27+00:00\",\"description\":\"Compra Ols2000a,ols2000 No Break Ols2000 2000va \/ 1800w, Online, Lcd ,torre, Voltaje De Entrada Y Salida 120v ,4 Nemas X 5-20r, 2 A\u00f1os De Garanta En Equipo,1 A\u00f1o En Batera. + Env\u00edo a domicilio + Pago seguro + Garant\u00eda\",\"breadcrumb\":{\"@id\":\"https:\/\/compuviper.mx\/tienda\/producto\/cyberpower-ols2000aols2000-no-break-ols2000-2000va-1800w-online-lcd-torre-voltaje-de-entrada-y-salida-120v-4-nemas-x-5-20r-2-aos-de-garanta-en-equipo1-ao-en-batera\/#breadcrumb\"},\"inLanguage\":\"es-MX\",\"potentialAction\":[{\"@type\":\"ReadAction\",\"target\":[\"https:\/\/compuviper.mx\/tienda\/producto\/cyberpower-ols2000aols2000-no-break-ols2000-2000va-1800w-online-lcd-torre-voltaje-de-entrada-y-salida-120v-4-nemas-x-5-20r-2-aos-de-garanta-en-equipo1-ao-en-batera\/\"]}]},{\"@type\":\"BreadcrumbList\",\"@id\":\"https:\/\/compuviper.mx\/tienda\/producto\/cyberpower-ols2000aols2000-no-break-ols2000-2000va-1800w-online-lcd-torre-voltaje-de-entrada-y-salida-120v-4-nemas-x-5-20r-2-aos-de-garanta-en-equipo1-ao-en-batera\/#breadcrumb\",\"itemListElement\":[{\"@type\":\"ListItem\",\"position\":1,\"name\":\"Inicio\",\"item\":\"https:\/\/compuviper.mx\/tienda\/\"},{\"@type\":\"ListItem\",\"position\":2,\"name\":\"Productos\",\"item\":\"https:\/\/compuviper.mx\/tienda\/productos\/\"},{\"@type\":\"ListItem\",\"position\":3,\"name\":\"Energia\",\"item\":\"https:\/\/compuviper.mx\/tienda\/categoria-producto\/energia\/\"},{\"@type\":\"ListItem\",\"position\":4,\"name\":\"No Break\",\"item\":\"https:\/\/compuviper.mx\/tienda\/categoria-producto\/energia\/no-break\/\"},{\"@type\":\"ListItem\",\"position\":5,\"name\":\"Cyberpower Ols2000a,ols2000 No Break Ols2000 2000va \/ 1800w, Online, Lcd ,torre, Voltaje De Entrada Y Salida 120v ,4 Nemas X 5-20r, 2 A?os De Garanta En Equipo,1 A?o En Batera.\"}]},{\"@type\":\"WebSite\",\"@id\":\"https:\/\/compuviper.mx\/tienda\/#website\",\"url\":\"https:\/\/compuviper.mx\/tienda\/\",\"name\":\"Compuviper\",\"description\":\"Proveedor de Computadoras, Laptops, Servidores, Monitores, Puntos de Venta, Teclados,   Impresoras, T\u00f3ner, C\u00e1maras de Seguridad y m\u00e1s en tu tienda en l\u00ednea\",\"publisher\":{\"@id\":\"https:\/\/compuviper.mx\/tienda\/#organization\"},\"potentialAction\":[{\"@type\":\"SearchAction\",\"target\":{\"@type\":\"EntryPoint\",\"urlTemplate\":\"https:\/\/compuviper.mx\/tienda\/?s={search_term_string}\"},\"query-input\":\"required name=search_term_string\"}],\"inLanguage\":\"es-MX\"},{\"@type\":\"Organization\",\"@id\":\"https:\/\/compuviper.mx\/tienda\/#organization\",\"name\":\"Compuviper\",\"url\":\"https:\/\/compuviper.mx\/tienda\/\",\"logo\":{\"@type\":\"ImageObject\",\"inLanguage\":\"es-MX\",\"@id\":\"https:\/\/compuviper.mx\/tienda\/#\/schema\/logo\/image\/\",\"url\":\"https:\/\/compuviper.mx\/tienda\/wp-content\/uploads\/2021\/08\/Logo-Compuviper-10.png\",\"contentUrl\":\"https:\/\/compuviper.mx\/tienda\/wp-content\/uploads\/2021\/08\/Logo-Compuviper-10.png\",\"width\":1000,\"height\":500,\"caption\":\"Compuviper\"},\"image\":{\"@id\":\"https:\/\/compuviper.mx\/tienda\/#\/schema\/logo\/image\/\"},\"sameAs\":[\"https:\/\/www.facebook.com\/compuviper\",\"https:\/\/www.youtube.com\/channel\/UCf73dERp9Y3cfOq7q8BhLjA?view_as=subscriber\"]}]}<\/script>\n<meta property=\"product:brand\" content=\"CYBERPOWER\" \/>\n<meta property=\"product:price:amount\" content=\"13127\" \/>\n<meta property=\"product:price:currency\" content=\"MXN\" \/>\n<meta property=\"og:availability\" content=\"out of stock\" \/>\n<meta property=\"product:availability\" content=\"out of stock\" \/>\n<meta property=\"product:retailer_item_id\" content=\"OLS2000a,OLS2000\" \/>\n<meta property=\"product:condition\" content=\"new\" \/>\n<!-- \/ Yoast SEO plugin. -->","yoast_head_json":{"title":"[ Cyberpower ] &#129351; Ols2000a,ols2000 No Break Ols2000 2000va \/ 1800w, Online, Lcd ,torre, Voltaje De Entrada Y Salida 120v ,4 Nemas X 5-20r, 2 A\u00f1os De Garanta En Equipo,1 A\u00f1o En Batera.","description":"Compra Ols2000a,ols2000 No Break Ols2000 2000va \/ 1800w, Online, Lcd ,torre, Voltaje De Entrada Y Salida 120v ,4 Nemas X 5-20r, 2 A\u00f1os De Garanta En Equipo,1 A\u00f1o En Batera. + Env\u00edo a domicilio + Pago seguro + Garant\u00eda","robots":{"index":"index","follow":"follow","max-snippet":"max-snippet:-1","max-image-preview":"max-image-preview:large","max-video-preview":"max-video-preview:-1"},"canonical":"https:\/\/compuviper.mx\/tienda\/producto\/cyberpower-ols2000aols2000-no-break-ols2000-2000va-1800w-online-lcd-torre-voltaje-de-entrada-y-salida-120v-4-nemas-x-5-20r-2-aos-de-garanta-en-equipo1-ao-en-batera\/","og_locale":"es_MX","og_type":"article","og_title":"[ Cyberpower ] &#129351; Ols2000a,ols2000 No Break Ols2000 2000va \/ 1800w, Online, Lcd ,torre, Voltaje De Entrada Y Salida 120v ,4 Nemas X 5-20r, 2 A\u00f1os De Garanta En Equipo,1 A\u00f1o En Batera.","og_description":"Compra Ols2000a,ols2000 No Break Ols2000 2000va \/ 1800w, Online, Lcd ,torre, Voltaje De Entrada Y Salida 120v ,4 Nemas X 5-20r, 2 A\u00f1os De Garanta En Equipo,1 A\u00f1o En Batera. + Env\u00edo a domicilio + Pago seguro + Garant\u00eda","og_url":"https:\/\/compuviper.mx\/tienda\/producto\/cyberpower-ols2000aols2000-no-break-ols2000-2000va-1800w-online-lcd-torre-voltaje-de-entrada-y-salida-120v-4-nemas-x-5-20r-2-aos-de-garanta-en-equipo1-ao-en-batera\/","og_site_name":"Compuviper","article_publisher":"https:\/\/www.facebook.com\/compuviper","og_image":[{"width":200,"height":200,"url":"https:\/\/compuviper.mx\/tienda\/wp-content\/uploads\/2023\/12\/No-break-cyberpower-ols2000-2000va-1800w-online-lcd-torre-voltaje-de-entrada-y-salida-120v-6-nemas-x-5-20r-2-anos-de-garantia-en-equipo1-ano-en-bateria.jpg","type":"image\/jpeg"}],"twitter_card":"summary_large_image","twitter_misc":{"Precio":"&#36;13,598 &#36;13,127 con IVA","Availability":"Out of stock"},"schema":{"@context":"https:\/\/schema.org","@graph":[{"@type":"WebPage","@id":"https:\/\/compuviper.mx\/tienda\/producto\/cyberpower-ols2000aols2000-no-break-ols2000-2000va-1800w-online-lcd-torre-voltaje-de-entrada-y-salida-120v-4-nemas-x-5-20r-2-aos-de-garanta-en-equipo1-ao-en-batera\/","url":"https:\/\/compuviper.mx\/tienda\/producto\/cyberpower-ols2000aols2000-no-break-ols2000-2000va-1800w-online-lcd-torre-voltaje-de-entrada-y-salida-120v-4-nemas-x-5-20r-2-aos-de-garanta-en-equipo1-ao-en-batera\/","name":"[ Cyberpower ] &#129351; Ols2000a,ols2000 No Break Ols2000 2000va \/ 1800w, Online, Lcd ,torre, Voltaje De Entrada Y Salida 120v ,4 Nemas X 5-20r, 2 A\u00f1os De Garanta En Equipo,1 A\u00f1o En Batera.","isPartOf":{"@id":"https:\/\/compuviper.mx\/tienda\/#website"},"datePublished":"2026-04-08T06:25:27+00:00","dateModified":"2026-04-08T06:25:27+00:00","description":"Compra Ols2000a,ols2000 No Break Ols2000 2000va \/ 1800w, Online, Lcd ,torre, Voltaje De Entrada Y Salida 120v ,4 Nemas X 5-20r, 2 A\u00f1os De Garanta En Equipo,1 A\u00f1o En Batera. + Env\u00edo a domicilio + Pago seguro + Garant\u00eda","breadcrumb":{"@id":"https:\/\/compuviper.mx\/tienda\/producto\/cyberpower-ols2000aols2000-no-break-ols2000-2000va-1800w-online-lcd-torre-voltaje-de-entrada-y-salida-120v-4-nemas-x-5-20r-2-aos-de-garanta-en-equipo1-ao-en-batera\/#breadcrumb"},"inLanguage":"es-MX","potentialAction":[{"@type":"ReadAction","target":["https:\/\/compuviper.mx\/tienda\/producto\/cyberpower-ols2000aols2000-no-break-ols2000-2000va-1800w-online-lcd-torre-voltaje-de-entrada-y-salida-120v-4-nemas-x-5-20r-2-aos-de-garanta-en-equipo1-ao-en-batera\/"]}]},{"@type":"BreadcrumbList","@id":"https:\/\/compuviper.mx\/tienda\/producto\/cyberpower-ols2000aols2000-no-break-ols2000-2000va-1800w-online-lcd-torre-voltaje-de-entrada-y-salida-120v-4-nemas-x-5-20r-2-aos-de-garanta-en-equipo1-ao-en-batera\/#breadcrumb","itemListElement":[{"@type":"ListItem","position":1,"name":"Inicio","item":"https:\/\/compuviper.mx\/tienda\/"},{"@type":"ListItem","position":2,"name":"Productos","item":"https:\/\/compuviper.mx\/tienda\/productos\/"},{"@type":"ListItem","position":3,"name":"Energia","item":"https:\/\/compuviper.mx\/tienda\/categoria-producto\/energia\/"},{"@type":"ListItem","position":4,"name":"No Break","item":"https:\/\/compuviper.mx\/tienda\/categoria-producto\/energia\/no-break\/"},{"@type":"ListItem","position":5,"name":"Cyberpower Ols2000a,ols2000 No Break Ols2000 2000va \/ 1800w, Online, Lcd ,torre, Voltaje De Entrada Y Salida 120v ,4 Nemas X 5-20r, 2 A?os De Garanta En Equipo,1 A?o En Batera."}]},{"@type":"WebSite","@id":"https:\/\/compuviper.mx\/tienda\/#website","url":"https:\/\/compuviper.mx\/tienda\/","name":"Compuviper","description":"Proveedor de Computadoras, Laptops, Servidores, Monitores, Puntos de Venta, Teclados,   Impresoras, T\u00f3ner, C\u00e1maras de Seguridad y m\u00e1s en tu tienda en l\u00ednea","publisher":{"@id":"https:\/\/compuviper.mx\/tienda\/#organization"},"potentialAction":[{"@type":"SearchAction","target":{"@type":"EntryPoint","urlTemplate":"https:\/\/compuviper.mx\/tienda\/?s={search_term_string}"},"query-input":"required name=search_term_string"}],"inLanguage":"es-MX"},{"@type":"Organization","@id":"https:\/\/compuviper.mx\/tienda\/#organization","name":"Compuviper","url":"https:\/\/compuviper.mx\/tienda\/","logo":{"@type":"ImageObject","inLanguage":"es-MX","@id":"https:\/\/compuviper.mx\/tienda\/#\/schema\/logo\/image\/","url":"https:\/\/compuviper.mx\/tienda\/wp-content\/uploads\/2021\/08\/Logo-Compuviper-10.png","contentUrl":"https:\/\/compuviper.mx\/tienda\/wp-content\/uploads\/2021\/08\/Logo-Compuviper-10.png","width":1000,"height":500,"caption":"Compuviper"},"image":{"@id":"https:\/\/compuviper.mx\/tienda\/#\/schema\/logo\/image\/"},"sameAs":["https:\/\/www.facebook.com\/compuviper","https:\/\/www.youtube.com\/channel\/UCf73dERp9Y3cfOq7q8BhLjA?view_as=subscriber"]}]},"product_brand":"CYBERPOWER","product_price_amount":"13127","product_price_currency":"MXN","og_availability":"out of stock","product_availability":"out of stock","product_retailer_item_id":"OLS2000a,OLS2000","product_condition":"new"},"_links":{"self":[{"href":"https:\/\/compuviper.mx\/tienda\/wp-json\/wp\/v2\/product\/217238"}],"collection":[{"href":"https:\/\/compuviper.mx\/tienda\/wp-json\/wp\/v2\/product"}],"about":[{"href":"https:\/\/compuviper.mx\/tienda\/wp-json\/wp\/v2\/types\/product"}],"replies":[{"embeddable":true,"href":"https:\/\/compuviper.mx\/tienda\/wp-json\/wp\/v2\/comments?post=217238"}],"wp:featuredmedia":[{"embeddable":true,"href":"https:\/\/compuviper.mx\/tienda\/wp-json\/wp\/v2\/media\/217239"}],"wp:attachment":[{"href":"https:\/\/compuviper.mx\/tienda\/wp-json\/wp\/v2\/media?parent=217238"}],"wp:term":[{"taxonomy":"product_cat","embeddable":true,"href":"https:\/\/compuviper.mx\/tienda\/wp-json\/wp\/v2\/product_cat?post=217238"},{"taxonomy":"product_tag","embeddable":true,"href":"https:\/\/compuviper.mx\/tienda\/wp-json\/wp\/v2\/product_tag?post=217238"}],"curies":[{"name":"wp","href":"https:\/\/api.w.org\/{rel}","templated":true}]}}