{"id":217236,"date":"2026-04-07T00:23:49","date_gmt":"2026-04-07T06:23:49","guid":{"rendered":"https:\/\/compuviper.mx\/tienda\/producto\/cyberpower-ols3000-no-break-3000va-2700w-online-lcd-torre-voltaje-de-entrada-y-salida-120v-6-x-nema-5-20r-2-aos-de-garanta-1-batera\/"},"modified":"2026-04-07T00:23:49","modified_gmt":"2026-04-07T06:23:49","slug":"cyberpower-ols3000aols3000-no-break-ols3000-3000va-2700w-online-lcd-torre-voltaje-de-entrada-y-salida-120v-nema-5-20r-x-4-2-aos-de-garanta-1-batera","status":"publish","type":"product","link":"https:\/\/compuviper.mx\/tienda\/producto\/cyberpower-ols3000aols3000-no-break-ols3000-3000va-2700w-online-lcd-torre-voltaje-de-entrada-y-salida-120v-nema-5-20r-x-4-2-aos-de-garanta-1-batera\/","title":{"rendered":"Cyberpower Ols3000a,ols3000 No Break  Ols3000 3000va \/ 2700w Online, Lcd ,torre, Voltaje De Entrada Y Salida 120v, Nema 5-20r X 4, 2 A?os De Garanta 1 Batera."},"content":{"rendered":"<table class=\"descripcion\">\n<tr>\n<td>General<\/td>\n<\/tr>\n<tr>\n<td>Fase: monof\u00e1sico<\/td>\n<\/tr>\n<tr>\n<td>Topolog\u00eda de ups: doble conversi\u00f3n en linea<\/td>\n<\/tr>\n<tr>\n<td>Tecnolog\u00eda de ahorro de energ\u00eda: eficiencia de modo eco en l\u00ednea   95%<\/td>\n<\/tr>\n<tr>\n<td>Compatible con active pfc: s\u00ed<\/td>\n<\/tr>\n<tr>\n<td>Entrada<\/td>\n<\/tr>\n<tr>\n<td>Compatible con generador: s\u00ed<\/td>\n<\/tr>\n<tr>\n<td>Tensi\u00f3n de entrada nominal ( vca ): 120 \u00b1 10%<\/td>\n<\/tr>\n<tr>\n<td>Rango de tensi\u00f3n de entrada ( vca ): 80 ~ 150<\/td>\n<\/tr>\n<tr>\n<td>Rango de tensi\u00f3n ajustable ( vca )<\/td>\n<\/tr>\n<tr>\n<td>0~50% de carga para 55 ~ 150 vac<\/td>\n<\/tr>\n<tr>\n<td>0~60% de carga para 60 ~ 150 vac<\/td>\n<\/tr>\n<tr>\n<td>0~80% de carga para 70 ~ 150 vac<\/td>\n<\/tr>\n<tr>\n<td>0~10% de carga para 80 ~ 150 vac<\/td>\n<\/tr>\n<tr>\n<td>Frecuencia de entrada ( s.f. ): 50 \u00b1 3, 60 \u00b1 3<\/td>\n<\/tr>\n<tr>\n<td>Detecci\u00f3n de frecuencia de entrada: sensor autom\u00e1tico<\/td>\n<\/tr>\n<tr>\n<td>Corriente de entrada nominal ( a ) 25<\/td>\n<\/tr>\n<tr>\n<td>Factor de entrada de potencia 0.9<\/td>\n<\/tr>\n<tr>\n<td>Tipo de conector de entrada: nema l5-30p \u00bf<\/td>\n<\/tr>\n<tr>\n<td>Estilo de conector. recto<\/td>\n<\/tr>\n<tr>\n<td>Tipo de conector de cable de alimentaci\u00f3n extra\u00edble: nema l5-30p x 1 \u00bf<\/td>\n<\/tr>\n<tr>\n<td>Longitud del cable de alimentaci\u00f3n (pies): 5.9<\/td>\n<\/tr>\n<tr>\n<td>Longitud del cable de alimentaci\u00f3n de alimentaci\u00f3n (m): 1.8<\/td>\n<\/tr>\n<tr>\n<td>Salida<\/td>\n<\/tr>\n<tr>\n<td>Capacidad (va) 3000<\/td>\n<\/tr>\n<tr>\n<td>Capacidad (watts) 2700<\/td>\n<\/tr>\n<tr>\n<td>Forma de onda en bater\u00eda: onda sinusoidal pura<\/td>\n<\/tr>\n<tr>\n<td>Tensi\u00f3n(es) en bater\u00eda ( vca )<\/td>\n<\/tr>\n<tr>\n<td>100 \u00b1 1%<\/td>\n<\/tr>\n<tr>\n<td>110 \u00b1 1%<\/td>\n<\/tr>\n<tr>\n<td>115 \u00b1 1%<\/td>\n<\/tr>\n<tr>\n<td>120 \u00b1 1%<\/td>\n<\/tr>\n<tr>\n<td>127 \u00b1 1%<\/td>\n<\/tr>\n<tr>\n<td>Ajustes de tensi\u00f3n de salida: configurable<\/td>\n<\/tr>\n<tr>\n<td>Frecuencia en bater\u00eda ( s.f. ): 50 \u00b1 0.5%, 60 \u00b1 0.5%<\/td>\n<\/tr>\n<tr>\n<td>Ajustes de frecuencia de salida: configurable<\/td>\n<\/tr>\n<tr>\n<td>Factor de potencia: 0.9<\/td>\n<\/tr>\n<tr>\n<td>Tolerancia de tensi\u00f3n en modo eco<\/td>\n<\/tr>\n<tr>\n<td>\u00b1 15 %<\/td>\n<\/tr>\n<tr>\n<td>Protecci\u00f3n contra sobrecargas: limitaci\u00f3n de tensi\u00f3n interna, disyuntor, fusible<\/td>\n<\/tr>\n<tr>\n<td>Protecci\u00f3n contra sobrecargas (modo en l\u00ednea): carga de 110~120% durante 1 min, carga de  120% inmediata<\/td>\n<\/tr>\n<tr>\n<td>Protecci\u00f3n contra sobrecargas (modo bater\u00eda): carga de 110~120% durante 10 seg, carga de  120% inmediata<\/td>\n<\/tr>\n<tr>\n<td>Protecci\u00f3n contra sobrecargas (modo bypass):  130% de carga inmediatamente<\/td>\n<\/tr>\n<tr>\n<td>Factor de cresta- 3 : 1<\/td>\n<\/tr>\n<tr>\n<td>Distorsi\u00f3n arm\u00f3nica (carga lineal): thd\u00bf3%<\/td>\n<\/tr>\n<tr>\n<td>Distorsi\u00f3n arm\u00f3nica (carga no lineal): thd\u00bf5%<\/td>\n<\/tr>\n<tr>\n<td>Bypass interno: bypass autom\u00e1tico, bypass manual<\/td>\n<\/tr>\n<tr>\n<td>Salida (s) \u00bf total 6<\/td>\n<\/tr>\n<tr>\n<td>Tipo de salida<\/td>\n<\/tr>\n<tr>\n<td>Nema 5-20r x 6 \u00bf<\/td>\n<\/tr>\n<tr>\n<td>Regleta de conexiones permanentes x 1<\/td>\n<\/tr>\n<tr>\n<td>Salida (s) &#8211; bater\u00eda y protecci\u00f3n contra sobretensiones: 6<\/td>\n<\/tr>\n<tr>\n<td>Tiempo de transferencia t\u00edpico ( ms ) 0<\/td>\n<\/tr>\n<tr>\n<td>Bater\u00eda<\/td>\n<\/tr>\n<tr>\n<td>Tiempo de ejecuci\u00f3n a media carga ( min ) 14<\/td>\n<\/tr>\n<tr>\n<td>Tiempo de ejecuci\u00f3n a carga completa ( min ) 4<\/td>\n<\/tr>\n<tr>\n<td>Tiempo de recarga t\u00edpico ( horas ) 5<\/td>\n<\/tr>\n<tr>\n<td>Corriente de carga m\u00e1xima ( a ) 1<\/td>\n<\/tr>\n<tr>\n<td>Arranque en bater\u00eda: s\u00ed<\/td>\n<\/tr>\n<tr>\n<td>Gesti\u00f3n inteligente de bater\u00edas (sbm): s\u00ed<\/td>\n<\/tr>\n<tr>\n<td>Reemplazable por el usuario: no<\/td>\n<\/tr>\n<tr>\n<td>Tipo de bater\u00eda: plomo \u00e1cido sellada<\/td>\n<\/tr>\n<tr>\n<td>Cantidad de bater\u00edas (cada rbp) ( pzs ) 6<\/td>\n<\/tr>\n<tr>\n<td>Tensi\u00f3n de la bater\u00eda (cada rbp) ( v ) 72<\/td>\n<\/tr>\n<tr>\n<td>Capacidad de bater\u00eda individual ( ah ) 12 v 9 ah<\/td>\n<\/tr>\n<tr>\n<td>M\u00f3dulo de bater\u00eda extendida (ebm) bpse72v45a<\/td>\n<\/tr>\n<tr>\n<td>Cantidad de ebm m\u00e1ximo ( pzs ) 3<\/td>\n<\/tr>\n<tr>\n<td>Protecci\u00f3n contra sobretensiones y filtrado<\/td>\n<\/tr>\n<tr>\n<td>Supresi\u00f3n de sobretensiones ( joules ) 760<\/td>\n<\/tr>\n<tr>\n<td>Filtraci\u00f3n emi y rfi: s\u00ed<\/td>\n<\/tr>\n<tr>\n<td>Protecci\u00f3n de tel\u00e9fono y red rj11\/rj45 (combo): 1 entrada, 1 salida<\/td>\n<\/tr>\n<tr>\n<td>Protecci\u00f3n de tel\u00e9fono rj11: 1 entrada, 1 salida<\/td>\n<\/tr>\n<tr>\n<td>Gesti\u00f3n y comunicaciones<\/td>\n<\/tr>\n<tr>\n<td>Panel lcd: s\u00ed<\/td>\n<\/tr>\n<tr>\n<td>Pantalla de informaci\u00f3n lcd<\/td>\n<\/tr>\n<tr>\n<td>Tipo de funcionamiento, estado de la alimentaci\u00f3n, estado de la bater\u00eda, estado de la carga, fallo y advertencia, otra informaci\u00f3n, evento y registro<\/td>\n<\/tr>\n<tr>\n<td>Hid compatible puerto (s) usb: 1<\/td>\n<\/tr>\n<tr>\n<td>Puerto (epo) de apagado de emergencia: s\u00ed<\/td>\n<\/tr>\n<tr>\n<td>Alarmas audibles<\/td>\n<\/tr>\n<tr>\n<td>Modo de bater\u00eda, bater\u00eda baja, sobrecarga, sobrecarga, sobrecalentamiento, fallo de ups, sustituir bater\u00eda<\/td>\n<\/tr>\n<tr>\n<td>Gesti\u00f3n de cables ( pzs ): cable usb x1, l\u00ednea de tel\u00e9fono x1<\/td>\n<\/tr>\n<tr>\n<td>Software de gesti\u00f3n de la potencia: edici\u00f3n empresarial powerpanel\u00ae<\/td>\n<\/tr>\n<tr>\n<td>Monitoreo remoto snmp \/ http: s\u00ed &#8211; con rmcard205 opcional<\/td>\n<\/tr>\n<tr>\n<td>Ajustes y control lcd: ajustes de modo, ajustes de alarma, entrada y salida, ajustes de la bater\u00eda<\/td>\n<\/tr>\n<tr>\n<td>F\u00edsico<\/td>\n<\/tr>\n<tr>\n<td>Factor de forma: torre<\/td>\n<\/tr>\n<tr>\n<td>Construcci\u00f3n de carcasa: metal<\/td>\n<\/tr>\n<tr>\n<td>Color: negro<\/td>\n<\/tr>\n<tr>\n<td>Tama\u00f1o f\u00edsico &#8211; m\u00f3dulo de ups<\/td>\n<\/tr>\n<tr>\n<td>Dimensiones (anxalxp) (pulgadas): 7.72 x 12.27 x 16.38<\/td>\n<\/tr>\n<tr>\n<td>Dimensiones (anxalxp) (mm): 196 x 337 x 416<\/td>\n<\/tr>\n<tr>\n<td>Peso (libras) 62.17<\/td>\n<\/tr>\n<tr>\n<td>Peso (kg) 28.2<\/td>\n<\/tr>\n<tr>\n<td>Dimensiones para el env\u00edo<\/td>\n<\/tr>\n<tr>\n<td>Dimensiones (anxalxp) (pulgadas) 11.61 x 18.03 x 20.43<\/td>\n<\/tr>\n<tr>\n<td>Dimensiones (anxalxp) (mm) 295 x 458 x 519<\/td>\n<\/tr>\n<tr>\n<td>Peso (libras) 67.02<\/td>\n<\/tr>\n<tr>\n<td>Peso (kg) 30.4<\/td>\n<\/tr>\n<tr>\n<td>Medioambiental<\/td>\n<\/tr>\n<tr>\n<td>Temperatura de funcionamiento (\u00baf) 32 ~ 104<\/td>\n<\/tr>\n<tr>\n<td>Temperatura de funcionamiento (\u00bac) 0 ~ 40<\/td>\n<\/tr>\n<tr>\n<td>Humedad relativa de funcionamiento (sin condensaci\u00f3n) ( % ) 20 ~ 90<\/td>\n<\/tr>\n<tr>\n<td>Elevaci\u00f3n de funcionamiento ( pies\/metros ) 0-5.000 pies (0-1.500 metros)<\/td>\n<\/tr>\n<tr>\n<td>Temperatura de almacenamiento (\u00baf) -4 ~ 122<\/td>\n<\/tr>\n<tr>\n<td>Temperatura de almacenamiento (\u00bac) -20 ~ 50<\/td>\n<\/tr>\n<tr>\n<td>Humedad relativa de almacenamiento (sin condensaci\u00f3n) ( % ) 10 ~ 90<\/td>\n<\/tr>\n<tr>\n<td>Elevaci\u00f3n de almacenamiento ( pies\/metros ): 0-5.000 pies (0-1.500 metros)<\/td>\n<\/tr>\n<tr>\n<td>Disipaci\u00f3n t\u00e9rmica en l\u00ednea ( btu\/h ) 1126<\/td>\n<\/tr>\n<tr>\n<td>Ruido audible a 1,5m desde la superficie de la unidad ( dba ) 45<\/td>\n<\/tr>\n<tr>\n<td>Certificaciones<\/td>\n<\/tr>\n<tr>\n<td>Certificaciones: nom<\/td>\n<\/tr>\n<tr>\n<td>Rohs: s\u00ed<\/td>\n<\/tr>\n<tr>\n<td>Garantia de 2 a\u00f1os en equipo, 1 a\u00f1o en bateria.<\/td>\n<\/tr>\n<\/table>\n","protected":false},"excerpt":{"rendered":"<p>Cyberpower ols3000 es un ups de alto rendimiento que ofrece una topolog\u00eda en l\u00ednea de doble conversi\u00f3n, que proporciona una potencia perfecta de onda senoidal pura para dispositivos de misi\u00f3n cr\u00edtica como nas y servidores, dvr \/ sistemas de vigilancia, transporte e infraestructura, y sistemas de emergencia. Por lo general, se integra en el entorno de back office, sala de servidores y centro de datos.<\/p>\n","protected":false},"featured_media":217237,"comment_status":"open","ping_status":"open","template":"","meta":[],"product_cat":[1508,1691],"product_tag":[1692],"acf":[],"yoast_head":"<!-- This site is optimized with the Yoast SEO plugin v21.7 - https:\/\/yoast.com\/wordpress\/plugins\/seo\/ -->\n<title>[ Cyberpower ] &#129351; Ols3000a,ols3000 No Break Ols3000 3000va \/ 2700w Online, Lcd ,torre, Voltaje De Entrada Y Salida 120v, Nema 5-20r X 4, 2 A\u00f1os De Garanta 1 Batera.<\/title>\n<meta name=\"description\" content=\"Compra Ols3000a,ols3000 No Break Ols3000 3000va \/ 2700w Online, Lcd ,torre, Voltaje De Entrada Y Salida 120v, Nema 5-20r X 4, 2 A\u00f1os De Garanta 1 Batera. + Env\u00edo a domicilio + Pago seguro + Garant\u00eda\" \/>\n<meta name=\"robots\" content=\"index, follow, max-snippet:-1, max-image-preview:large, max-video-preview:-1\" \/>\n<link rel=\"canonical\" href=\"https:\/\/compuviper.mx\/tienda\/producto\/cyberpower-ols3000aols3000-no-break-ols3000-3000va-2700w-online-lcd-torre-voltaje-de-entrada-y-salida-120v-nema-5-20r-x-4-2-aos-de-garanta-1-batera\/\" \/>\n<meta property=\"og:locale\" content=\"es_MX\" \/>\n<meta property=\"og:type\" content=\"article\" \/>\n<meta property=\"og:title\" content=\"[ Cyberpower ] &#129351; Ols3000a,ols3000 No Break Ols3000 3000va \/ 2700w Online, Lcd ,torre, Voltaje De Entrada Y Salida 120v, Nema 5-20r X 4, 2 A\u00f1os De Garanta 1 Batera.\" \/>\n<meta property=\"og:description\" content=\"Compra Ols3000a,ols3000 No Break Ols3000 3000va \/ 2700w Online, Lcd ,torre, Voltaje De Entrada Y Salida 120v, Nema 5-20r X 4, 2 A\u00f1os De Garanta 1 Batera. + Env\u00edo a domicilio + Pago seguro + Garant\u00eda\" \/>\n<meta property=\"og:url\" content=\"https:\/\/compuviper.mx\/tienda\/producto\/cyberpower-ols3000aols3000-no-break-ols3000-3000va-2700w-online-lcd-torre-voltaje-de-entrada-y-salida-120v-nema-5-20r-x-4-2-aos-de-garanta-1-batera\/\" \/>\n<meta property=\"og:site_name\" content=\"Compuviper\" \/>\n<meta property=\"article:publisher\" content=\"https:\/\/www.facebook.com\/compuviper\" \/>\n<meta property=\"og:image\" content=\"https:\/\/compuviper.mx\/tienda\/wp-content\/uploads\/2023\/12\/No-break-cyberpower-ols3000-3000va-2700w-online-lcd-torre-voltaje-de-entrada-y-salida-120v-6-x-nema-5-20r-2-anos-de-garantia-1-bateria.jpg\" \/>\n\t<meta property=\"og:image:width\" content=\"200\" \/>\n\t<meta property=\"og:image:height\" content=\"200\" \/>\n\t<meta property=\"og:image:type\" content=\"image\/jpeg\" \/>\n<meta name=\"twitter:card\" content=\"summary_large_image\" \/>\n<meta name=\"twitter:label1\" content=\"Precio\" \/>\n\t<meta name=\"twitter:data1\" content=\"&#36;17,444 con IVA\" \/>\n\t<meta name=\"twitter:label2\" content=\"Availability\" \/>\n\t<meta name=\"twitter:data2\" content=\"In stock\" \/>\n<script type=\"application\/ld+json\" class=\"yoast-schema-graph\">{\"@context\":\"https:\/\/schema.org\",\"@graph\":[{\"@type\":\"WebPage\",\"@id\":\"https:\/\/compuviper.mx\/tienda\/producto\/cyberpower-ols3000aols3000-no-break-ols3000-3000va-2700w-online-lcd-torre-voltaje-de-entrada-y-salida-120v-nema-5-20r-x-4-2-aos-de-garanta-1-batera\/\",\"url\":\"https:\/\/compuviper.mx\/tienda\/producto\/cyberpower-ols3000aols3000-no-break-ols3000-3000va-2700w-online-lcd-torre-voltaje-de-entrada-y-salida-120v-nema-5-20r-x-4-2-aos-de-garanta-1-batera\/\",\"name\":\"[ Cyberpower ] &#129351; Ols3000a,ols3000 No Break Ols3000 3000va \/ 2700w Online, Lcd ,torre, Voltaje De Entrada Y Salida 120v, Nema 5-20r X 4, 2 A\u00f1os De Garanta 1 Batera.\",\"isPartOf\":{\"@id\":\"https:\/\/compuviper.mx\/tienda\/#website\"},\"datePublished\":\"2026-04-07T06:23:49+00:00\",\"dateModified\":\"2026-04-07T06:23:49+00:00\",\"description\":\"Compra Ols3000a,ols3000 No Break Ols3000 3000va \/ 2700w Online, Lcd ,torre, Voltaje De Entrada Y Salida 120v, Nema 5-20r X 4, 2 A\u00f1os De Garanta 1 Batera. + Env\u00edo a domicilio + Pago seguro + Garant\u00eda\",\"breadcrumb\":{\"@id\":\"https:\/\/compuviper.mx\/tienda\/producto\/cyberpower-ols3000aols3000-no-break-ols3000-3000va-2700w-online-lcd-torre-voltaje-de-entrada-y-salida-120v-nema-5-20r-x-4-2-aos-de-garanta-1-batera\/#breadcrumb\"},\"inLanguage\":\"es-MX\",\"potentialAction\":[{\"@type\":\"ReadAction\",\"target\":[\"https:\/\/compuviper.mx\/tienda\/producto\/cyberpower-ols3000aols3000-no-break-ols3000-3000va-2700w-online-lcd-torre-voltaje-de-entrada-y-salida-120v-nema-5-20r-x-4-2-aos-de-garanta-1-batera\/\"]}]},{\"@type\":\"BreadcrumbList\",\"@id\":\"https:\/\/compuviper.mx\/tienda\/producto\/cyberpower-ols3000aols3000-no-break-ols3000-3000va-2700w-online-lcd-torre-voltaje-de-entrada-y-salida-120v-nema-5-20r-x-4-2-aos-de-garanta-1-batera\/#breadcrumb\",\"itemListElement\":[{\"@type\":\"ListItem\",\"position\":1,\"name\":\"Inicio\",\"item\":\"https:\/\/compuviper.mx\/tienda\/\"},{\"@type\":\"ListItem\",\"position\":2,\"name\":\"Productos\",\"item\":\"https:\/\/compuviper.mx\/tienda\/productos\/\"},{\"@type\":\"ListItem\",\"position\":3,\"name\":\"Energia\",\"item\":\"https:\/\/compuviper.mx\/tienda\/categoria-producto\/energia\/\"},{\"@type\":\"ListItem\",\"position\":4,\"name\":\"No Break\",\"item\":\"https:\/\/compuviper.mx\/tienda\/categoria-producto\/energia\/no-break\/\"},{\"@type\":\"ListItem\",\"position\":5,\"name\":\"Cyberpower Ols3000a,ols3000 No Break Ols3000 3000va \/ 2700w Online, Lcd ,torre, Voltaje De Entrada Y Salida 120v, Nema 5-20r X 4, 2 A?os De Garanta 1 Batera.\"}]},{\"@type\":\"WebSite\",\"@id\":\"https:\/\/compuviper.mx\/tienda\/#website\",\"url\":\"https:\/\/compuviper.mx\/tienda\/\",\"name\":\"Compuviper\",\"description\":\"Proveedor de Computadoras, Laptops, Servidores, Monitores, Puntos de Venta, Teclados,   Impresoras, T\u00f3ner, C\u00e1maras de Seguridad y m\u00e1s en tu tienda en l\u00ednea\",\"publisher\":{\"@id\":\"https:\/\/compuviper.mx\/tienda\/#organization\"},\"potentialAction\":[{\"@type\":\"SearchAction\",\"target\":{\"@type\":\"EntryPoint\",\"urlTemplate\":\"https:\/\/compuviper.mx\/tienda\/?s={search_term_string}\"},\"query-input\":\"required name=search_term_string\"}],\"inLanguage\":\"es-MX\"},{\"@type\":\"Organization\",\"@id\":\"https:\/\/compuviper.mx\/tienda\/#organization\",\"name\":\"Compuviper\",\"url\":\"https:\/\/compuviper.mx\/tienda\/\",\"logo\":{\"@type\":\"ImageObject\",\"inLanguage\":\"es-MX\",\"@id\":\"https:\/\/compuviper.mx\/tienda\/#\/schema\/logo\/image\/\",\"url\":\"https:\/\/compuviper.mx\/tienda\/wp-content\/uploads\/2021\/08\/Logo-Compuviper-10.png\",\"contentUrl\":\"https:\/\/compuviper.mx\/tienda\/wp-content\/uploads\/2021\/08\/Logo-Compuviper-10.png\",\"width\":1000,\"height\":500,\"caption\":\"Compuviper\"},\"image\":{\"@id\":\"https:\/\/compuviper.mx\/tienda\/#\/schema\/logo\/image\/\"},\"sameAs\":[\"https:\/\/www.facebook.com\/compuviper\",\"https:\/\/www.youtube.com\/channel\/UCf73dERp9Y3cfOq7q8BhLjA?view_as=subscriber\"]}]}<\/script>\n<meta property=\"product:brand\" content=\"CYBERPOWER\" \/>\n<meta property=\"product:price:amount\" content=\"17444\" \/>\n<meta property=\"product:price:currency\" content=\"MXN\" \/>\n<meta property=\"og:availability\" content=\"instock\" \/>\n<meta property=\"product:availability\" content=\"instock\" \/>\n<meta property=\"product:retailer_item_id\" content=\"OLS3000a,OLS3000\" \/>\n<meta property=\"product:condition\" content=\"new\" \/>\n<!-- \/ Yoast SEO plugin. -->","yoast_head_json":{"title":"[ Cyberpower ] &#129351; Ols3000a,ols3000 No Break Ols3000 3000va \/ 2700w Online, Lcd ,torre, Voltaje De Entrada Y Salida 120v, Nema 5-20r X 4, 2 A\u00f1os De Garanta 1 Batera.","description":"Compra Ols3000a,ols3000 No Break Ols3000 3000va \/ 2700w Online, Lcd ,torre, Voltaje De Entrada Y Salida 120v, Nema 5-20r X 4, 2 A\u00f1os De Garanta 1 Batera. + Env\u00edo a domicilio + Pago seguro + Garant\u00eda","robots":{"index":"index","follow":"follow","max-snippet":"max-snippet:-1","max-image-preview":"max-image-preview:large","max-video-preview":"max-video-preview:-1"},"canonical":"https:\/\/compuviper.mx\/tienda\/producto\/cyberpower-ols3000aols3000-no-break-ols3000-3000va-2700w-online-lcd-torre-voltaje-de-entrada-y-salida-120v-nema-5-20r-x-4-2-aos-de-garanta-1-batera\/","og_locale":"es_MX","og_type":"article","og_title":"[ Cyberpower ] &#129351; Ols3000a,ols3000 No Break Ols3000 3000va \/ 2700w Online, Lcd ,torre, Voltaje De Entrada Y Salida 120v, Nema 5-20r X 4, 2 A\u00f1os De Garanta 1 Batera.","og_description":"Compra Ols3000a,ols3000 No Break Ols3000 3000va \/ 2700w Online, Lcd ,torre, Voltaje De Entrada Y Salida 120v, Nema 5-20r X 4, 2 A\u00f1os De Garanta 1 Batera. + Env\u00edo a domicilio + Pago seguro + Garant\u00eda","og_url":"https:\/\/compuviper.mx\/tienda\/producto\/cyberpower-ols3000aols3000-no-break-ols3000-3000va-2700w-online-lcd-torre-voltaje-de-entrada-y-salida-120v-nema-5-20r-x-4-2-aos-de-garanta-1-batera\/","og_site_name":"Compuviper","article_publisher":"https:\/\/www.facebook.com\/compuviper","og_image":[{"width":200,"height":200,"url":"https:\/\/compuviper.mx\/tienda\/wp-content\/uploads\/2023\/12\/No-break-cyberpower-ols3000-3000va-2700w-online-lcd-torre-voltaje-de-entrada-y-salida-120v-6-x-nema-5-20r-2-anos-de-garantia-1-bateria.jpg","type":"image\/jpeg"}],"twitter_card":"summary_large_image","twitter_misc":{"Precio":"&#36;17,444 con IVA","Availability":"In stock"},"schema":{"@context":"https:\/\/schema.org","@graph":[{"@type":"WebPage","@id":"https:\/\/compuviper.mx\/tienda\/producto\/cyberpower-ols3000aols3000-no-break-ols3000-3000va-2700w-online-lcd-torre-voltaje-de-entrada-y-salida-120v-nema-5-20r-x-4-2-aos-de-garanta-1-batera\/","url":"https:\/\/compuviper.mx\/tienda\/producto\/cyberpower-ols3000aols3000-no-break-ols3000-3000va-2700w-online-lcd-torre-voltaje-de-entrada-y-salida-120v-nema-5-20r-x-4-2-aos-de-garanta-1-batera\/","name":"[ Cyberpower ] &#129351; Ols3000a,ols3000 No Break Ols3000 3000va \/ 2700w Online, Lcd ,torre, Voltaje De Entrada Y Salida 120v, Nema 5-20r X 4, 2 A\u00f1os De Garanta 1 Batera.","isPartOf":{"@id":"https:\/\/compuviper.mx\/tienda\/#website"},"datePublished":"2026-04-07T06:23:49+00:00","dateModified":"2026-04-07T06:23:49+00:00","description":"Compra Ols3000a,ols3000 No Break Ols3000 3000va \/ 2700w Online, Lcd ,torre, Voltaje De Entrada Y Salida 120v, Nema 5-20r X 4, 2 A\u00f1os De Garanta 1 Batera. + Env\u00edo a domicilio + Pago seguro + Garant\u00eda","breadcrumb":{"@id":"https:\/\/compuviper.mx\/tienda\/producto\/cyberpower-ols3000aols3000-no-break-ols3000-3000va-2700w-online-lcd-torre-voltaje-de-entrada-y-salida-120v-nema-5-20r-x-4-2-aos-de-garanta-1-batera\/#breadcrumb"},"inLanguage":"es-MX","potentialAction":[{"@type":"ReadAction","target":["https:\/\/compuviper.mx\/tienda\/producto\/cyberpower-ols3000aols3000-no-break-ols3000-3000va-2700w-online-lcd-torre-voltaje-de-entrada-y-salida-120v-nema-5-20r-x-4-2-aos-de-garanta-1-batera\/"]}]},{"@type":"BreadcrumbList","@id":"https:\/\/compuviper.mx\/tienda\/producto\/cyberpower-ols3000aols3000-no-break-ols3000-3000va-2700w-online-lcd-torre-voltaje-de-entrada-y-salida-120v-nema-5-20r-x-4-2-aos-de-garanta-1-batera\/#breadcrumb","itemListElement":[{"@type":"ListItem","position":1,"name":"Inicio","item":"https:\/\/compuviper.mx\/tienda\/"},{"@type":"ListItem","position":2,"name":"Productos","item":"https:\/\/compuviper.mx\/tienda\/productos\/"},{"@type":"ListItem","position":3,"name":"Energia","item":"https:\/\/compuviper.mx\/tienda\/categoria-producto\/energia\/"},{"@type":"ListItem","position":4,"name":"No Break","item":"https:\/\/compuviper.mx\/tienda\/categoria-producto\/energia\/no-break\/"},{"@type":"ListItem","position":5,"name":"Cyberpower Ols3000a,ols3000 No Break Ols3000 3000va \/ 2700w Online, Lcd ,torre, Voltaje De Entrada Y Salida 120v, Nema 5-20r X 4, 2 A?os De Garanta 1 Batera."}]},{"@type":"WebSite","@id":"https:\/\/compuviper.mx\/tienda\/#website","url":"https:\/\/compuviper.mx\/tienda\/","name":"Compuviper","description":"Proveedor de Computadoras, Laptops, Servidores, Monitores, Puntos de Venta, Teclados,   Impresoras, T\u00f3ner, C\u00e1maras de Seguridad y m\u00e1s en tu tienda en l\u00ednea","publisher":{"@id":"https:\/\/compuviper.mx\/tienda\/#organization"},"potentialAction":[{"@type":"SearchAction","target":{"@type":"EntryPoint","urlTemplate":"https:\/\/compuviper.mx\/tienda\/?s={search_term_string}"},"query-input":"required name=search_term_string"}],"inLanguage":"es-MX"},{"@type":"Organization","@id":"https:\/\/compuviper.mx\/tienda\/#organization","name":"Compuviper","url":"https:\/\/compuviper.mx\/tienda\/","logo":{"@type":"ImageObject","inLanguage":"es-MX","@id":"https:\/\/compuviper.mx\/tienda\/#\/schema\/logo\/image\/","url":"https:\/\/compuviper.mx\/tienda\/wp-content\/uploads\/2021\/08\/Logo-Compuviper-10.png","contentUrl":"https:\/\/compuviper.mx\/tienda\/wp-content\/uploads\/2021\/08\/Logo-Compuviper-10.png","width":1000,"height":500,"caption":"Compuviper"},"image":{"@id":"https:\/\/compuviper.mx\/tienda\/#\/schema\/logo\/image\/"},"sameAs":["https:\/\/www.facebook.com\/compuviper","https:\/\/www.youtube.com\/channel\/UCf73dERp9Y3cfOq7q8BhLjA?view_as=subscriber"]}]},"product_brand":"CYBERPOWER","product_price_amount":"17444","product_price_currency":"MXN","og_availability":"instock","product_availability":"instock","product_retailer_item_id":"OLS3000a,OLS3000","product_condition":"new"},"_links":{"self":[{"href":"https:\/\/compuviper.mx\/tienda\/wp-json\/wp\/v2\/product\/217236"}],"collection":[{"href":"https:\/\/compuviper.mx\/tienda\/wp-json\/wp\/v2\/product"}],"about":[{"href":"https:\/\/compuviper.mx\/tienda\/wp-json\/wp\/v2\/types\/product"}],"replies":[{"embeddable":true,"href":"https:\/\/compuviper.mx\/tienda\/wp-json\/wp\/v2\/comments?post=217236"}],"wp:featuredmedia":[{"embeddable":true,"href":"https:\/\/compuviper.mx\/tienda\/wp-json\/wp\/v2\/media\/217237"}],"wp:attachment":[{"href":"https:\/\/compuviper.mx\/tienda\/wp-json\/wp\/v2\/media?parent=217236"}],"wp:term":[{"taxonomy":"product_cat","embeddable":true,"href":"https:\/\/compuviper.mx\/tienda\/wp-json\/wp\/v2\/product_cat?post=217236"},{"taxonomy":"product_tag","embeddable":true,"href":"https:\/\/compuviper.mx\/tienda\/wp-json\/wp\/v2\/product_tag?post=217236"}],"curies":[{"name":"wp","href":"https:\/\/api.w.org\/{rel}","templated":true}]}}