{"id":217234,"date":"2026-04-07T00:23:48","date_gmt":"2026-04-07T06:23:48","guid":{"rendered":"https:\/\/compuviper.mx\/tienda\/producto\/cyberpower-avrg750lcd-no-break-760va-450-watts-interactivo-torre-pantalla-lcd-12-nema-5-15r-6-respaldo-y-6-supresin-3-aos-incluyendo-batera\/"},"modified":"2026-04-07T00:23:49","modified_gmt":"2026-04-07T06:23:49","slug":"cyberpower-avrg750lcd-no-break-760va-450-watts-interactivo-torre-pantalla-lcd-12-nema-5-15r-6-respaldo-y-6-supresin-3-aos-incluyendo-batera","status":"publish","type":"product","link":"https:\/\/compuviper.mx\/tienda\/producto\/cyberpower-avrg750lcd-no-break-760va-450-watts-interactivo-torre-pantalla-lcd-12-nema-5-15r-6-respaldo-y-6-supresin-3-aos-incluyendo-batera\/","title":{"rendered":"Cyberpower Avrg750lcd No Break  () 760va \/ 450 Watts, Interactivo, Torre, Pantalla Lcd, 12 ? Nema 5-15r, 6 Respaldo Y 6 Supresi?n, 3 A?os Incluyendo Bater?a."},"content":{"rendered":"<table class=\"descripcion\">\n<tr>\n<td>General<\/td>\n<\/tr>\n<tr>\n<td>Topolog\u00eda de ups l\u00ednea interactiva<\/td>\n<\/tr>\n<tr>\n<td>El ahorro de energ\u00eda derivaci\u00f3n greenpower ups \u0099<\/td>\n<\/tr>\n<tr>\n<td>Entrada<\/td>\n<\/tr>\n<tr>\n<td>Voltaje 120 vca nominal<\/td>\n<\/tr>\n<tr>\n<td>Rango de voltaje de entrada 90-148 vca<\/td>\n<\/tr>\n<tr>\n<td>Frecuencia 60 hz \u00b1 3 hz<\/td>\n<\/tr>\n<tr>\n<td>Tipo de enchufe nema 5-15p<\/td>\n<\/tr>\n<tr>\n<td>Estilo de enchufe \u00e1ngulo recto, desplazamiento a la derecha de 45 \u00b0<\/td>\n<\/tr>\n<tr>\n<td>Longitud del cable 5 pies<\/td>\n<\/tr>\n<tr>\n<td>Salida<\/td>\n<\/tr>\n<tr>\n<td>Virginia 750 va<\/td>\n<\/tr>\n<tr>\n<td>Vatios 450 w<\/td>\n<\/tr>\n<tr>\n<td>Regulaci\u00f3n autom\u00e1tica de voltaje impulso + 10% \/ buck -10%<\/td>\n<\/tr>\n<tr>\n<td>En voltaje de la bater\u00eda 120 vca \u00b1 5%<\/td>\n<\/tr>\n<tr>\n<td>En frecuencia de bater\u00eda 60 hz \u00b1 1%<\/td>\n<\/tr>\n<tr>\n<td>En forma de onda de la bater\u00eda onda sinusoidal simulada<\/td>\n<\/tr>\n<tr>\n<td>Puntos de venta &#8211; total 12<\/td>\n<\/tr>\n<tr>\n<td>Tomacorrientes: bater\u00eda y protecci\u00f3n contra sobretensiones 6<\/td>\n<\/tr>\n<tr>\n<td>Tomacorrientes: protegidos solo contra sobretensiones 6<\/td>\n<\/tr>\n<tr>\n<td>Tiempo de transferencia 4 ms<\/td>\n<\/tr>\n<tr>\n<td>Tipo de salida nema 5-15r<\/td>\n<\/tr>\n<tr>\n<td>Protecci\u00f3n de sobrecarga limitaci\u00f3n de circuitos internos<\/td>\n<\/tr>\n<tr>\n<td>Cortacircuitos<\/td>\n<\/tr>\n<tr>\n<td>Factor de potencia nominal 0,6<\/td>\n<\/tr>\n<tr>\n<td>Bater\u00eda<\/td>\n<\/tr>\n<tr>\n<td>Tiempo de ejecuci\u00f3n a media carga 7,6 minutos<\/td>\n<\/tr>\n<tr>\n<td>Tiempo de ejecuci\u00f3n a plena carga 2,5 minutos<\/td>\n<\/tr>\n<tr>\n<td>Tipo de bater\u00eda \u00e1cido de plomo sellado<\/td>\n<\/tr>\n<tr>\n<td>Tama\u00f1o de la bater\u00eda 12v \/ 7ah<\/td>\n<\/tr>\n<tr>\n<td>Cantidad de bater\u00eda 1<\/td>\n<\/tr>\n<tr>\n<td>Intercambiables en caliente no<\/td>\n<\/tr>\n<tr>\n<td>Reemplazable por el usuario si<\/td>\n<\/tr>\n<tr>\n<td>Cartucho de bater\u00eda de repuesto rb1270b<\/td>\n<\/tr>\n<tr>\n<td>Cantidad de cartucho de bater\u00eda de repuesto 1<\/td>\n<\/tr>\n<tr>\n<td>Tiempo de recarga t\u00edpico 8 horas<\/td>\n<\/tr>\n<tr>\n<td>Protecci\u00f3n contra sobretensiones y filtrado<\/td>\n<\/tr>\n<tr>\n<td>Supresi\u00f3n de sobretensiones 1.030 j<\/td>\n<\/tr>\n<tr>\n<td>Tel\u00e9fono rj11 1 entrada, 2 salidas<\/td>\n<\/tr>\n<tr>\n<td>Filtraci\u00f3n emi \/ rfi si<\/td>\n<\/tr>\n<tr>\n<td>Gesti\u00f3n y comunicaciones<\/td>\n<\/tr>\n<tr>\n<td>Puerto usb compatible con hid si<\/td>\n<\/tr>\n<tr>\n<td>Mantenimiento de cable cable usb<\/td>\n<\/tr>\n<tr>\n<td>Indicadores led encendido<\/td>\n<\/tr>\n<tr>\n<td>Fallo de cableado<\/td>\n<\/tr>\n<tr>\n<td>Panel lcd multifunci\u00f3n: voltaje, frecuencia, tiempo de ejecuci\u00f3n, % carga, % de bater\u00eda, en l\u00ednea, apagado<\/td>\n<\/tr>\n<tr>\n<td>Alarmas audibles: en la bater\u00eda, bater\u00eda baja: sobrecarga, culpa<\/td>\n<\/tr>\n<tr>\n<td>Software: powerpanel\u00ae personal<\/td>\n<\/tr>\n<tr>\n<td>F\u00edsico<\/td>\n<\/tr>\n<tr>\n<td>Factor de forma compacto<\/td>\n<\/tr>\n<tr>\n<td>Ranuras de montaje de ojo de cerradura si<\/td>\n<\/tr>\n<tr>\n<td>Dimensiones &#8211; w \u00d7 h \u00d7 d (in) 12,2 \u00d7 7 \u00d7 3,5<\/td>\n<\/tr>\n<tr>\n<td>Peso libras) 12,4<\/td>\n<\/tr>\n<tr>\n<td>Ambiental<\/td>\n<\/tr>\n<tr>\n<td>Temperatura de funcionamiento 32 \u00b0 f &#8211; 104 \u00b0 f \u00b0 f (0 \u00b0 c &#8211; 40 \u00b0 c \u00b0 c)<\/td>\n<\/tr>\n<tr>\n<td>Humedad de funcionamiento 0 &#8211; 90% (sin condensaci\u00f3n)<\/td>\n<\/tr>\n<tr>\n<td>Temperatura de almacenamiento 5 &#8211; 113 \u00b0 f (-15 &#8211; 45 \u00b0 c)<\/td>\n<\/tr>\n<tr>\n<td>Elevaci\u00f3n operativa m\u00e1xima 6.562 pies (2.000 m)<\/td>\n<\/tr>\n<tr>\n<td>Elevaci\u00f3n m\u00e1xima de almacenamiento 50.000 pies (15.000 m)<\/td>\n<\/tr>\n<tr>\n<td>Certificaciones<\/td>\n<\/tr>\n<tr>\n<td>La seguridad ul1778 cuarto<\/td>\n<\/tr>\n<tr>\n<td>Cul 107.3-05, fcc doc clase b<\/td>\n<\/tr>\n<tr>\n<td>Ambiental rohs<\/td>\n<\/tr>\n<tr>\n<td>Garant\u00eda<\/td>\n<\/tr>\n<tr>\n<td>La garant\u00eda del producto 3 a\u00f1os limitada.<\/td>\n<\/tr>\n<\/table>\n","protected":false},"excerpt":{"rendered":"<p>Un ups compacto con topolog\u00eda interactiva en l\u00ednea, el cyberpower avrg750lcd proporciona respaldo de bater\u00eda (usando salida de onda sinusoidal simulada) y protecci\u00f3n contra sobretensiones para computadoras de escritorio, estaciones de trabajo, dispositivos de red y sistemas de entretenimiento en el hogar. El avrg750lcd usa regulaci\u00f3n autom\u00e1tica de voltaje (avr) para corregir fluctuaciones menores de energ\u00eda sin cambiar a bater\u00eda, lo que prolonga la vida \u00fatil de la bater\u00eda. Avr es esencial en \u00e1reas donde las fluctuaciones de energ\u00eda ocurren con frecuencia<\/p>\n","protected":false},"featured_media":217235,"comment_status":"open","ping_status":"open","template":"","meta":[],"product_cat":[1508,1691],"product_tag":[1692],"acf":[],"yoast_head":"<!-- This site is optimized with the Yoast SEO plugin v21.7 - https:\/\/yoast.com\/wordpress\/plugins\/seo\/ -->\n<title>[ Cyberpower ] &#129351; Avrg750lcd No Break () 760va \/ 450 Watts, Interactivo, Torre, Pantalla Lcd, 12 \u00d7 Nema 5-15r, 6 Respaldo Y 6 Supresi\u00f3n, 3 A\u00f1os Incluyendo Bater\u00eda.<\/title>\n<meta name=\"description\" content=\"Compra Avrg750lcd No Break () 760va \/ 450 Watts, Interactivo, Torre, Pantalla Lcd, 12 \u00d7 Nema 5-15r, 6 Respaldo Y 6 Supresi\u00f3n, 3 A\u00f1os Incluyendo Bater\u00eda. + Env\u00edo a domicilio + Pago seguro + Garant\u00eda\" \/>\n<meta name=\"robots\" content=\"index, follow, max-snippet:-1, max-image-preview:large, max-video-preview:-1\" \/>\n<link rel=\"canonical\" href=\"https:\/\/compuviper.mx\/tienda\/producto\/cyberpower-avrg750lcd-no-break-760va-450-watts-interactivo-torre-pantalla-lcd-12-nema-5-15r-6-respaldo-y-6-supresin-3-aos-incluyendo-batera\/\" \/>\n<meta property=\"og:locale\" content=\"es_MX\" \/>\n<meta property=\"og:type\" content=\"article\" \/>\n<meta property=\"og:title\" content=\"[ Cyberpower ] &#129351; Avrg750lcd No Break () 760va \/ 450 Watts, Interactivo, Torre, Pantalla Lcd, 12 \u00d7 Nema 5-15r, 6 Respaldo Y 6 Supresi\u00f3n, 3 A\u00f1os Incluyendo Bater\u00eda.\" \/>\n<meta property=\"og:description\" content=\"Compra Avrg750lcd No Break () 760va \/ 450 Watts, Interactivo, Torre, Pantalla Lcd, 12 \u00d7 Nema 5-15r, 6 Respaldo Y 6 Supresi\u00f3n, 3 A\u00f1os Incluyendo Bater\u00eda. + Env\u00edo a domicilio + Pago seguro + Garant\u00eda\" \/>\n<meta property=\"og:url\" content=\"https:\/\/compuviper.mx\/tienda\/producto\/cyberpower-avrg750lcd-no-break-760va-450-watts-interactivo-torre-pantalla-lcd-12-nema-5-15r-6-respaldo-y-6-supresin-3-aos-incluyendo-batera\/\" \/>\n<meta property=\"og:site_name\" content=\"Compuviper\" \/>\n<meta property=\"article:publisher\" content=\"https:\/\/www.facebook.com\/compuviper\" \/>\n<meta property=\"article:modified_time\" content=\"2026-04-07T06:23:49+00:00\" \/>\n<meta property=\"og:image\" content=\"https:\/\/compuviper.mx\/tienda\/wp-content\/uploads\/2023\/12\/No-break-cyberpower-avrg750lcd-760va-450-watts-interactivo-torre-pantalla-lcd-12-\u00d7-nema-5-15r-6-respaldo-y-6-supresion-3-anos-incluyendo-bateria.jpg\" \/>\n\t<meta property=\"og:image:width\" content=\"200\" \/>\n\t<meta property=\"og:image:height\" content=\"200\" \/>\n\t<meta property=\"og:image:type\" content=\"image\/jpeg\" \/>\n<meta name=\"twitter:card\" content=\"summary_large_image\" \/>\n<meta name=\"twitter:label1\" content=\"Precio\" \/>\n\t<meta name=\"twitter:data1\" content=\"&#36;2,763 &#36;2,709 con IVA\" \/>\n\t<meta name=\"twitter:label2\" content=\"Availability\" \/>\n\t<meta name=\"twitter:data2\" content=\"In stock\" \/>\n<script type=\"application\/ld+json\" class=\"yoast-schema-graph\">{\"@context\":\"https:\/\/schema.org\",\"@graph\":[{\"@type\":\"WebPage\",\"@id\":\"https:\/\/compuviper.mx\/tienda\/producto\/cyberpower-avrg750lcd-no-break-760va-450-watts-interactivo-torre-pantalla-lcd-12-nema-5-15r-6-respaldo-y-6-supresin-3-aos-incluyendo-batera\/\",\"url\":\"https:\/\/compuviper.mx\/tienda\/producto\/cyberpower-avrg750lcd-no-break-760va-450-watts-interactivo-torre-pantalla-lcd-12-nema-5-15r-6-respaldo-y-6-supresin-3-aos-incluyendo-batera\/\",\"name\":\"[ Cyberpower ] &#129351; Avrg750lcd No Break () 760va \/ 450 Watts, Interactivo, Torre, Pantalla Lcd, 12 \u00d7 Nema 5-15r, 6 Respaldo Y 6 Supresi\u00f3n, 3 A\u00f1os Incluyendo Bater\u00eda.\",\"isPartOf\":{\"@id\":\"https:\/\/compuviper.mx\/tienda\/#website\"},\"datePublished\":\"2026-04-07T06:23:48+00:00\",\"dateModified\":\"2026-04-07T06:23:49+00:00\",\"description\":\"Compra Avrg750lcd No Break () 760va \/ 450 Watts, Interactivo, Torre, Pantalla Lcd, 12 \u00d7 Nema 5-15r, 6 Respaldo Y 6 Supresi\u00f3n, 3 A\u00f1os Incluyendo Bater\u00eda. + Env\u00edo a domicilio + Pago seguro + Garant\u00eda\",\"breadcrumb\":{\"@id\":\"https:\/\/compuviper.mx\/tienda\/producto\/cyberpower-avrg750lcd-no-break-760va-450-watts-interactivo-torre-pantalla-lcd-12-nema-5-15r-6-respaldo-y-6-supresin-3-aos-incluyendo-batera\/#breadcrumb\"},\"inLanguage\":\"es-MX\",\"potentialAction\":[{\"@type\":\"ReadAction\",\"target\":[\"https:\/\/compuviper.mx\/tienda\/producto\/cyberpower-avrg750lcd-no-break-760va-450-watts-interactivo-torre-pantalla-lcd-12-nema-5-15r-6-respaldo-y-6-supresin-3-aos-incluyendo-batera\/\"]}]},{\"@type\":\"BreadcrumbList\",\"@id\":\"https:\/\/compuviper.mx\/tienda\/producto\/cyberpower-avrg750lcd-no-break-760va-450-watts-interactivo-torre-pantalla-lcd-12-nema-5-15r-6-respaldo-y-6-supresin-3-aos-incluyendo-batera\/#breadcrumb\",\"itemListElement\":[{\"@type\":\"ListItem\",\"position\":1,\"name\":\"Inicio\",\"item\":\"https:\/\/compuviper.mx\/tienda\/\"},{\"@type\":\"ListItem\",\"position\":2,\"name\":\"Productos\",\"item\":\"https:\/\/compuviper.mx\/tienda\/productos\/\"},{\"@type\":\"ListItem\",\"position\":3,\"name\":\"Energia\",\"item\":\"https:\/\/compuviper.mx\/tienda\/categoria-producto\/energia\/\"},{\"@type\":\"ListItem\",\"position\":4,\"name\":\"No Break\",\"item\":\"https:\/\/compuviper.mx\/tienda\/categoria-producto\/energia\/no-break\/\"},{\"@type\":\"ListItem\",\"position\":5,\"name\":\"Cyberpower Avrg750lcd No Break () 760va \/ 450 Watts, Interactivo, Torre, Pantalla Lcd, 12 ? Nema 5-15r, 6 Respaldo Y 6 Supresi?n, 3 A?os Incluyendo Bater?a.\"}]},{\"@type\":\"WebSite\",\"@id\":\"https:\/\/compuviper.mx\/tienda\/#website\",\"url\":\"https:\/\/compuviper.mx\/tienda\/\",\"name\":\"Compuviper\",\"description\":\"Proveedor de Computadoras, Laptops, Servidores, Monitores, Puntos de Venta, Teclados,   Impresoras, T\u00f3ner, C\u00e1maras de Seguridad y m\u00e1s en tu tienda en l\u00ednea\",\"publisher\":{\"@id\":\"https:\/\/compuviper.mx\/tienda\/#organization\"},\"potentialAction\":[{\"@type\":\"SearchAction\",\"target\":{\"@type\":\"EntryPoint\",\"urlTemplate\":\"https:\/\/compuviper.mx\/tienda\/?s={search_term_string}\"},\"query-input\":\"required name=search_term_string\"}],\"inLanguage\":\"es-MX\"},{\"@type\":\"Organization\",\"@id\":\"https:\/\/compuviper.mx\/tienda\/#organization\",\"name\":\"Compuviper\",\"url\":\"https:\/\/compuviper.mx\/tienda\/\",\"logo\":{\"@type\":\"ImageObject\",\"inLanguage\":\"es-MX\",\"@id\":\"https:\/\/compuviper.mx\/tienda\/#\/schema\/logo\/image\/\",\"url\":\"https:\/\/compuviper.mx\/tienda\/wp-content\/uploads\/2021\/08\/Logo-Compuviper-10.png\",\"contentUrl\":\"https:\/\/compuviper.mx\/tienda\/wp-content\/uploads\/2021\/08\/Logo-Compuviper-10.png\",\"width\":1000,\"height\":500,\"caption\":\"Compuviper\"},\"image\":{\"@id\":\"https:\/\/compuviper.mx\/tienda\/#\/schema\/logo\/image\/\"},\"sameAs\":[\"https:\/\/www.facebook.com\/compuviper\",\"https:\/\/www.youtube.com\/channel\/UCf73dERp9Y3cfOq7q8BhLjA?view_as=subscriber\"]}]}<\/script>\n<meta property=\"product:brand\" content=\"CYBERPOWER\" \/>\n<meta property=\"product:price:amount\" content=\"2709\" \/>\n<meta property=\"product:price:currency\" content=\"MXN\" \/>\n<meta property=\"og:availability\" content=\"instock\" \/>\n<meta property=\"product:availability\" content=\"instock\" \/>\n<meta property=\"product:retailer_item_id\" content=\"AVRG750LCD\" \/>\n<meta property=\"product:condition\" content=\"new\" \/>\n<!-- \/ Yoast SEO plugin. -->","yoast_head_json":{"title":"[ Cyberpower ] &#129351; Avrg750lcd No Break () 760va \/ 450 Watts, Interactivo, Torre, Pantalla Lcd, 12 \u00d7 Nema 5-15r, 6 Respaldo Y 6 Supresi\u00f3n, 3 A\u00f1os Incluyendo Bater\u00eda.","description":"Compra Avrg750lcd No Break () 760va \/ 450 Watts, Interactivo, Torre, Pantalla Lcd, 12 \u00d7 Nema 5-15r, 6 Respaldo Y 6 Supresi\u00f3n, 3 A\u00f1os Incluyendo Bater\u00eda. + Env\u00edo a domicilio + Pago seguro + Garant\u00eda","robots":{"index":"index","follow":"follow","max-snippet":"max-snippet:-1","max-image-preview":"max-image-preview:large","max-video-preview":"max-video-preview:-1"},"canonical":"https:\/\/compuviper.mx\/tienda\/producto\/cyberpower-avrg750lcd-no-break-760va-450-watts-interactivo-torre-pantalla-lcd-12-nema-5-15r-6-respaldo-y-6-supresin-3-aos-incluyendo-batera\/","og_locale":"es_MX","og_type":"article","og_title":"[ Cyberpower ] &#129351; Avrg750lcd No Break () 760va \/ 450 Watts, Interactivo, Torre, Pantalla Lcd, 12 \u00d7 Nema 5-15r, 6 Respaldo Y 6 Supresi\u00f3n, 3 A\u00f1os Incluyendo Bater\u00eda.","og_description":"Compra Avrg750lcd No Break () 760va \/ 450 Watts, Interactivo, Torre, Pantalla Lcd, 12 \u00d7 Nema 5-15r, 6 Respaldo Y 6 Supresi\u00f3n, 3 A\u00f1os Incluyendo Bater\u00eda. + Env\u00edo a domicilio + Pago seguro + Garant\u00eda","og_url":"https:\/\/compuviper.mx\/tienda\/producto\/cyberpower-avrg750lcd-no-break-760va-450-watts-interactivo-torre-pantalla-lcd-12-nema-5-15r-6-respaldo-y-6-supresin-3-aos-incluyendo-batera\/","og_site_name":"Compuviper","article_publisher":"https:\/\/www.facebook.com\/compuviper","article_modified_time":"2026-04-07T06:23:49+00:00","og_image":[{"width":200,"height":200,"url":"https:\/\/compuviper.mx\/tienda\/wp-content\/uploads\/2023\/12\/No-break-cyberpower-avrg750lcd-760va-450-watts-interactivo-torre-pantalla-lcd-12-\u00d7-nema-5-15r-6-respaldo-y-6-supresion-3-anos-incluyendo-bateria.jpg","type":"image\/jpeg"}],"twitter_card":"summary_large_image","twitter_misc":{"Precio":"&#36;2,763 &#36;2,709 con IVA","Availability":"In stock"},"schema":{"@context":"https:\/\/schema.org","@graph":[{"@type":"WebPage","@id":"https:\/\/compuviper.mx\/tienda\/producto\/cyberpower-avrg750lcd-no-break-760va-450-watts-interactivo-torre-pantalla-lcd-12-nema-5-15r-6-respaldo-y-6-supresin-3-aos-incluyendo-batera\/","url":"https:\/\/compuviper.mx\/tienda\/producto\/cyberpower-avrg750lcd-no-break-760va-450-watts-interactivo-torre-pantalla-lcd-12-nema-5-15r-6-respaldo-y-6-supresin-3-aos-incluyendo-batera\/","name":"[ Cyberpower ] &#129351; Avrg750lcd No Break () 760va \/ 450 Watts, Interactivo, Torre, Pantalla Lcd, 12 \u00d7 Nema 5-15r, 6 Respaldo Y 6 Supresi\u00f3n, 3 A\u00f1os Incluyendo Bater\u00eda.","isPartOf":{"@id":"https:\/\/compuviper.mx\/tienda\/#website"},"datePublished":"2026-04-07T06:23:48+00:00","dateModified":"2026-04-07T06:23:49+00:00","description":"Compra Avrg750lcd No Break () 760va \/ 450 Watts, Interactivo, Torre, Pantalla Lcd, 12 \u00d7 Nema 5-15r, 6 Respaldo Y 6 Supresi\u00f3n, 3 A\u00f1os Incluyendo Bater\u00eda. + Env\u00edo a domicilio + Pago seguro + Garant\u00eda","breadcrumb":{"@id":"https:\/\/compuviper.mx\/tienda\/producto\/cyberpower-avrg750lcd-no-break-760va-450-watts-interactivo-torre-pantalla-lcd-12-nema-5-15r-6-respaldo-y-6-supresin-3-aos-incluyendo-batera\/#breadcrumb"},"inLanguage":"es-MX","potentialAction":[{"@type":"ReadAction","target":["https:\/\/compuviper.mx\/tienda\/producto\/cyberpower-avrg750lcd-no-break-760va-450-watts-interactivo-torre-pantalla-lcd-12-nema-5-15r-6-respaldo-y-6-supresin-3-aos-incluyendo-batera\/"]}]},{"@type":"BreadcrumbList","@id":"https:\/\/compuviper.mx\/tienda\/producto\/cyberpower-avrg750lcd-no-break-760va-450-watts-interactivo-torre-pantalla-lcd-12-nema-5-15r-6-respaldo-y-6-supresin-3-aos-incluyendo-batera\/#breadcrumb","itemListElement":[{"@type":"ListItem","position":1,"name":"Inicio","item":"https:\/\/compuviper.mx\/tienda\/"},{"@type":"ListItem","position":2,"name":"Productos","item":"https:\/\/compuviper.mx\/tienda\/productos\/"},{"@type":"ListItem","position":3,"name":"Energia","item":"https:\/\/compuviper.mx\/tienda\/categoria-producto\/energia\/"},{"@type":"ListItem","position":4,"name":"No Break","item":"https:\/\/compuviper.mx\/tienda\/categoria-producto\/energia\/no-break\/"},{"@type":"ListItem","position":5,"name":"Cyberpower Avrg750lcd No Break () 760va \/ 450 Watts, Interactivo, Torre, Pantalla Lcd, 12 ? Nema 5-15r, 6 Respaldo Y 6 Supresi?n, 3 A?os Incluyendo Bater?a."}]},{"@type":"WebSite","@id":"https:\/\/compuviper.mx\/tienda\/#website","url":"https:\/\/compuviper.mx\/tienda\/","name":"Compuviper","description":"Proveedor de Computadoras, Laptops, Servidores, Monitores, Puntos de Venta, Teclados,   Impresoras, T\u00f3ner, C\u00e1maras de Seguridad y m\u00e1s en tu tienda en l\u00ednea","publisher":{"@id":"https:\/\/compuviper.mx\/tienda\/#organization"},"potentialAction":[{"@type":"SearchAction","target":{"@type":"EntryPoint","urlTemplate":"https:\/\/compuviper.mx\/tienda\/?s={search_term_string}"},"query-input":"required name=search_term_string"}],"inLanguage":"es-MX"},{"@type":"Organization","@id":"https:\/\/compuviper.mx\/tienda\/#organization","name":"Compuviper","url":"https:\/\/compuviper.mx\/tienda\/","logo":{"@type":"ImageObject","inLanguage":"es-MX","@id":"https:\/\/compuviper.mx\/tienda\/#\/schema\/logo\/image\/","url":"https:\/\/compuviper.mx\/tienda\/wp-content\/uploads\/2021\/08\/Logo-Compuviper-10.png","contentUrl":"https:\/\/compuviper.mx\/tienda\/wp-content\/uploads\/2021\/08\/Logo-Compuviper-10.png","width":1000,"height":500,"caption":"Compuviper"},"image":{"@id":"https:\/\/compuviper.mx\/tienda\/#\/schema\/logo\/image\/"},"sameAs":["https:\/\/www.facebook.com\/compuviper","https:\/\/www.youtube.com\/channel\/UCf73dERp9Y3cfOq7q8BhLjA?view_as=subscriber"]}]},"product_brand":"CYBERPOWER","product_price_amount":"2709","product_price_currency":"MXN","og_availability":"instock","product_availability":"instock","product_retailer_item_id":"AVRG750LCD","product_condition":"new"},"_links":{"self":[{"href":"https:\/\/compuviper.mx\/tienda\/wp-json\/wp\/v2\/product\/217234"}],"collection":[{"href":"https:\/\/compuviper.mx\/tienda\/wp-json\/wp\/v2\/product"}],"about":[{"href":"https:\/\/compuviper.mx\/tienda\/wp-json\/wp\/v2\/types\/product"}],"replies":[{"embeddable":true,"href":"https:\/\/compuviper.mx\/tienda\/wp-json\/wp\/v2\/comments?post=217234"}],"wp:featuredmedia":[{"embeddable":true,"href":"https:\/\/compuviper.mx\/tienda\/wp-json\/wp\/v2\/media\/217235"}],"wp:attachment":[{"href":"https:\/\/compuviper.mx\/tienda\/wp-json\/wp\/v2\/media?parent=217234"}],"wp:term":[{"taxonomy":"product_cat","embeddable":true,"href":"https:\/\/compuviper.mx\/tienda\/wp-json\/wp\/v2\/product_cat?post=217234"},{"taxonomy":"product_tag","embeddable":true,"href":"https:\/\/compuviper.mx\/tienda\/wp-json\/wp\/v2\/product_tag?post=217234"}],"curies":[{"name":"wp","href":"https:\/\/api.w.org\/{rel}","templated":true}]}}