{"id":217224,"date":"2026-04-25T00:17:27","date_gmt":"2026-04-25T06:17:27","guid":{"rendered":"https:\/\/compuviper.mx\/tienda\/producto\/tripp-lite-smart3000rmxl2u-ups-tripplite-serie-smartpro-3kva-3000w-120v-onda-sinusoidal-int-7-tom-aut-extendidaopciones-de-tarjeta-de-red-webcardlxelcdusbdb92urack-torrerequiere-bp72vrm2u-ap\/"},"modified":"2026-04-25T00:17:27","modified_gmt":"2026-04-25T06:17:27","slug":"tripp-lite-smart3000rmxl2u-ups-tripplite-serie-smartpro-3kva-3000w-120v-onda-sinusoidal-int-7-tom-aut-extendidaopciones-de-tarjeta-de-red-webcardlxelcdusbdb92urack-torrerequiere-bp72vrm2u-ap","status":"publish","type":"product","link":"https:\/\/compuviper.mx\/tienda\/producto\/tripp-lite-smart3000rmxl2u-ups-tripplite-serie-smartpro-3kva-3000w-120v-onda-sinusoidal-int-7-tom-aut-extendidaopciones-de-tarjeta-de-red-webcardlxelcdusbdb92urack-torrerequiere-bp72vrm2u-ap\/","title":{"rendered":"Tripp-lite Smart3000rmxl2u Ups Tripplite  Serie Smartpro 3kva 3000w 120v Onda Sinusoidal Int, 7 Tom. Aut Extendida,opciones De Tarjeta De Red Webcardlxe,lcd,usb,db9,2u,rack\/torre,requiere Bp72vrm2u Aparte"},"content":{"rendered":"<table class=\"descripcion\">\n<tr>\n<td>Ups serie smartpro 3000va 3000w 120v de onda sinusoidal, interactivo de eaton tripp lite &#8211; 7 tomacorrientes, autonom\u00eda extendida, opciones de tarjeta de red, lcd, usb, db9, 2u en rack o torre.<\/td>\n<\/tr>\n<tr>\n<td>Cartucho de bater\u00edas internas de reemplazo para ups  744-a3122<\/td>\n<\/tr>\n<tr>\n<td>Tarjetas de administraci\u00f3n de red  webcardlxe<\/td>\n<\/tr>\n<tr>\n<td>Compatibilidad con m\u00f3dulo de bater\u00edas externas    bp72vrm2u  (limit 4)<\/td>\n<\/tr>\n<tr>\n<td>Los factores de forma de instalaci\u00f3n son soportados con los accesorios opcionales 4 post rackmount short-depth ( 4postrailkitwm ); instalaci\u00f3n en pared ( 2postrmkitwm )<\/td>\n<\/tr>\n<tr>\n<td>Proporciona respaldo completo por bater\u00eda y salida de energ\u00eda de onda sinusoidal pura para servidores, switches y otros equipos de ti distribuidos de alta gama.<\/td>\n<\/tr>\n<tr>\n<td>Protege los equipos contra apagones, ca\u00eddas de voltaje, sobretensiones transitorias y ruido en la l\u00ednea<\/td>\n<\/tr>\n<tr>\n<td>Mantiene el equipo funcionando durante apagones para permitir tiempo para el guardado de archivos y apagado seguro<\/td>\n<\/tr>\n<tr>\n<td>El factor de potencia de uno garantiza la potencia m\u00e1xima posible a cada especificaci\u00f3n de potencia<\/td>\n<\/tr>\n<tr>\n<td>Certificado por energy star 2.0 para ayudarle a ahorrar electricidad, reducir costos y proteger el medio ambiente<\/td>\n<\/tr>\n<tr>\n<td>El lcd de 2 l\u00edneas en el panel frontal con 10 pantallas seleccionables muestra informaci\u00f3n detallada de la energ\u00eda del ups y del sitio<\/td>\n<\/tr>\n<tr>\n<td>Garant\u00eda de 2 a\u00f1os, 3 a\u00f1os con registro. nota: es necesario el registro para la garant\u00eda de 3 a\u00f1os.<\/td>\n<\/tr>\n<tr>\n<td>Para aplicaciones de autonom\u00eda extendida, este ups de la serie smartpro de tripp lite para rack o torre tiene un sistema interno de 72v cd y requiere emparejamiento solamente con el m\u00f3dulo de bater\u00edas extendidas bp72vrm2u (vendido por separado). para monitoreo remoto se requiere la tarjeta webcardlxe.<\/td>\n<\/tr>\n<tr>\n<td>Si su smart3000rmxl2u tiene el panel lcd verde, usa un sistema de 48v cd y requiere el uso de los m\u00f3dulos de bater\u00edas extendidas bp48v24-2u, bp48v60rt-3u o bp48v27-2us solamente.<\/td>\n<\/tr>\n<\/table>\n","protected":false},"excerpt":{"rendered":"<p>Respaldo por bater\u00eda de 3kva\/3kw\/120v para implementaciones de ti distribuidas, telecomunicaciones o empresas. Este sistema ups interactivo para instalaci\u00f3n en rack proporciona confiable respaldo por bater\u00eda y protecci\u00f3n de energ\u00eda de ca contra apagones, ca\u00eddas de voltaje, sobretensiones y ruido en la l\u00ednea que pueden da\u00f1ar su valioso equipo de ti o destruir la informaci\u00f3n. El smart3000rmxl2u es el administrador de energ\u00eda ideal para equipo de red de alta gama en rack, incluyendo servidores, tel\u00e9fonos voip, almacenamiento de datos y switches poe. El factor de potencia de uno garantiza la mayor cantidad de watts posible a cada especificaci\u00f3n de potencia, de modo que pueda conectar m\u00e1s equipo. El confiable respaldo por bater\u00eda ampliable lo mantiene operativo durante apagones. Los m\u00f3dulos de bater\u00edas vrla hot-swap, reemplazables en campo le permiten trabajar durante fallas breves de energ\u00eda y le dan tiempo suficiente para guardar archivos y apagar con seguridad su sistema en caso de un apag\u00f3n prolongado. El cambio de alimentaci\u00f3n de l\u00ednea a bater\u00eda ocurre en milisegundos para mantener la operaci\u00f3n continua del equipo conectado sin interrupci\u00f3n o reinicio. Se dispone de autonom\u00eda adicional conectando hasta cuatro m\u00f3dulos opcionales de bater\u00edas extendidas (bp72vrm2u, vendidos por separado). La tarjeta de administraci\u00f3n de red de plataforma lx opcional permite el acceso remoto 24\/7. La interfaz de red webcardlxe (vendida por separado) permite una configuraci\u00f3n y administraci\u00f3n remotas completas, incluida la desconexi\u00f3n de carga, el reinicio de los equipos conectados y el apagado seguro. La funci\u00f3n de sondeo autom\u00e1tico basada en ip garantiza un tiempo de actividad continuo de la red comunic\u00e1ndose con otros dispositivos de red, detectando la p\u00e9rdida de conectividad y reiniciando autom\u00e1ticamente los equipos de ti. Los m\u00f3dulos opcionales envirosense2 (e2mt, e2mtdo y e2mthdi, se venden por separado) ofrecen diversas opciones de monitoreo y control ambiental. Los tomacorrientes nema 5-15r protegen sus componentes conectados. Un tomacorriente l5-30r y seis 5-20r administrados alimentan al equipo conectado con una salida de ca de onda sinusoidal pura y le permiten monitorear el consumo de energ\u00eda hasta el nivel del grupo de tomacorrientes. La energ\u00eda provista por estos tomacorrientes est\u00e1 filtrada para proteger a los equipos conectados contra las da\u00f1inas sobretensiones y ruidos en la l\u00ednea cuatro tomacorrientes est\u00e1n agrupados en dos bancos de carga programables que le permiten eliminar las cargas no cr\u00edticas para extender la autonom\u00eda para cargas cr\u00edticas. Los ventiladores de enfriamiento delanteros y traseros ayudan a proteger el equipo contra sobrecalentamiento. La regulaci\u00f3n autom\u00e1tica de voltaje [avr] corrige condiciones de bajo y alto voltaje. La avr protege su equipo contra da\u00f1os incrementales del hardware, p\u00e9rdida de informaci\u00f3n y problemas de desempe\u00f1o causados por condiciones de bajo voltaje y sobrevoltajes. El smart3000rmxl2u mantiene la salida nominal regulada de 120v durante ca\u00eddas de voltaje y sobrevoltajes de 80v a 151v, mientras mantiene la bater\u00eda totalmente cargada y lista para hacerse cargo en el caso de una falla de energ\u00eda. La protecci\u00f3n premium contra ruido en la l\u00ednea por emi\/rfi le ayuda a su equipo a funcionar mejor. Este sistema ups filtra la interferencia electromagn\u00e9tica e interferencia de radio frecuencia que pueden perturbar su hardware o causar p\u00e9rdida de datos. Este filtro de emi y rfi tambi\u00e9n ayuda a que sus componentes conectados se desempe\u00f1en mejor y duren m\u00e1s. Certificado energy star para ayudarle a ahorrar dinero y proteger el medio ambiente. Cumpliendo los estrictos requerimientos del departamento de energ\u00eda de los ee uu y la agencia de protecci\u00f3n ambiental de los ee uu, este sistema ups energy star 2.0 proporciona alta eficiencia operativa para indicar una reducci\u00f3n en las emisiones en btu, ahorrar en costos de energ\u00eda de la red p\u00fablica y enfriamiento y ayudar a proteger el medio ambiente. Intuitiva interfaz en el panel frontal para conveniente operaci\u00f3n y monitoreo del ups. La pantalla de monitoreo lcd de dos l\u00edneas en el panel frontal cuenta con 10 pantallas seleccionables que permiten acceso r\u00e1pido a una amplia gama de informaci\u00f3n detallada de la energ\u00eda del ups y el sitio. Los led muestran el estado del ups: una luz verde significa que la energ\u00eda de la red p\u00fablica est\u00e1 conectada, una luz naranja significa que el ups est\u00e1 en modo de respaldo por bater\u00eda y una luz roja indica una alarma o falla activa. El panel de control gira para permitir configuraciones para instalaci\u00f3n en rack y torre. Los puertos de comunicaciones avanzados permiten el guardado y apagado autom\u00e1ticos. Los puertos rs-232 y usb se conectan a un dispositivo para una variedad de opciones de comunicaci\u00f3n (se incluyen los cables). Puede programarse un puerto de relevador de contacto seco mediante el lcd para proporcionar comunicaciones confiables para la automatizaci\u00f3n y componentes industriales. El puerto rpo\/roo permite el apagado de emergencia o el reinicio remoto de todos los equipos conectados. Vers\u00e1tiles opciones de instalaci\u00f3n. Puede instalar el smart3000rmxl2u en solamente 2u de espacio en un rack est\u00e1ndar eia de 19&#8243; usando los accesorios incluidos. Tambi\u00e9n puede adaptarlo para instalaci\u00f3n en torre usando los soportes para instalaci\u00f3n en torre incluidos. El cable de alimentaci\u00f3n de 3.05 m [10 pies] con clavija nema 5-30p se conecta a un tomacorriente de ca compatible.<\/p>\n","protected":false},"featured_media":217225,"comment_status":"open","ping_status":"open","template":"","meta":[],"product_cat":[1508,1691],"product_tag":[1510],"acf":[],"yoast_head":"<!-- This site is optimized with the Yoast SEO plugin v21.7 - https:\/\/yoast.com\/wordpress\/plugins\/seo\/ -->\n<title>[ Tripp-lite ] &#129351; Smart3000rmxl2u Ups Tripplite Serie Smartpro 3kva 3000w 120v Onda Sinusoidal Int, 7 Tom. Aut Extendida,opciones De Tarjeta De Red Webcardlxe,lcd,usb,db9,2u,rack\/torre,requiere Bp72vrm2u Aparte<\/title>\n<meta name=\"description\" content=\"Compra Smart3000rmxl2u Ups Tripplite Serie Smartpro 3kva 3000w 120v Onda Sinusoidal Int, 7 Tom. Aut Extendida,opciones De Tarjeta De Red Webcardlxe,lcd,usb,db9,2u,rack\/torre,requiere Bp72vrm2u Aparte + Env\u00edo a domicilio + Pago seguro + Garant\u00eda\" \/>\n<meta name=\"robots\" content=\"index, follow, max-snippet:-1, max-image-preview:large, max-video-preview:-1\" \/>\n<link rel=\"canonical\" href=\"https:\/\/compuviper.mx\/tienda\/producto\/tripp-lite-smart3000rmxl2u-ups-tripplite-serie-smartpro-3kva-3000w-120v-onda-sinusoidal-int-7-tom-aut-extendidaopciones-de-tarjeta-de-red-webcardlxelcdusbdb92urack-torrerequiere-bp72vrm2u-ap\/\" \/>\n<meta property=\"og:locale\" content=\"es_MX\" \/>\n<meta property=\"og:type\" content=\"article\" \/>\n<meta property=\"og:title\" content=\"[ Tripp-lite ] &#129351; Smart3000rmxl2u Ups Tripplite Serie Smartpro 3kva 3000w 120v Onda Sinusoidal Int, 7 Tom. Aut Extendida,opciones De Tarjeta De Red Webcardlxe,lcd,usb,db9,2u,rack\/torre,requiere Bp72vrm2u Aparte\" \/>\n<meta property=\"og:description\" content=\"Compra Smart3000rmxl2u Ups Tripplite Serie Smartpro 3kva 3000w 120v Onda Sinusoidal Int, 7 Tom. Aut Extendida,opciones De Tarjeta De Red Webcardlxe,lcd,usb,db9,2u,rack\/torre,requiere Bp72vrm2u Aparte + Env\u00edo a domicilio + Pago seguro + Garant\u00eda\" \/>\n<meta property=\"og:url\" content=\"https:\/\/compuviper.mx\/tienda\/producto\/tripp-lite-smart3000rmxl2u-ups-tripplite-serie-smartpro-3kva-3000w-120v-onda-sinusoidal-int-7-tom-aut-extendidaopciones-de-tarjeta-de-red-webcardlxelcdusbdb92urack-torrerequiere-bp72vrm2u-ap\/\" \/>\n<meta property=\"og:site_name\" content=\"Compuviper\" \/>\n<meta property=\"article:publisher\" content=\"https:\/\/www.facebook.com\/compuviper\" \/>\n<meta property=\"og:image\" content=\"https:\/\/compuviper.mx\/tienda\/wp-content\/uploads\/2023\/12\/Ups-tripplite-smart3000rmxl2u-serie-smartpro-3kva-3000w-120v-onda-sinusoidal-int-7-tom.-aut-extendidaopciones-de-tarjeta-de-red-webcardlxelcdusbdb92uracktorrerequiere-bp72vrm2u-aparte.jpg\" \/>\n\t<meta property=\"og:image:width\" content=\"200\" \/>\n\t<meta property=\"og:image:height\" content=\"200\" \/>\n\t<meta property=\"og:image:type\" content=\"image\/jpeg\" \/>\n<meta name=\"twitter:card\" content=\"summary_large_image\" \/>\n<meta name=\"twitter:label1\" content=\"Precio\" \/>\n\t<meta name=\"twitter:data1\" content=\"&#36;20,453 con IVA\" \/>\n\t<meta name=\"twitter:label2\" content=\"Availability\" \/>\n\t<meta name=\"twitter:data2\" content=\"In stock\" \/>\n<script type=\"application\/ld+json\" class=\"yoast-schema-graph\">{\"@context\":\"https:\/\/schema.org\",\"@graph\":[{\"@type\":\"WebPage\",\"@id\":\"https:\/\/compuviper.mx\/tienda\/producto\/tripp-lite-smart3000rmxl2u-ups-tripplite-serie-smartpro-3kva-3000w-120v-onda-sinusoidal-int-7-tom-aut-extendidaopciones-de-tarjeta-de-red-webcardlxelcdusbdb92urack-torrerequiere-bp72vrm2u-ap\/\",\"url\":\"https:\/\/compuviper.mx\/tienda\/producto\/tripp-lite-smart3000rmxl2u-ups-tripplite-serie-smartpro-3kva-3000w-120v-onda-sinusoidal-int-7-tom-aut-extendidaopciones-de-tarjeta-de-red-webcardlxelcdusbdb92urack-torrerequiere-bp72vrm2u-ap\/\",\"name\":\"[ Tripp-lite ] &#129351; Smart3000rmxl2u Ups Tripplite Serie Smartpro 3kva 3000w 120v Onda Sinusoidal Int, 7 Tom. Aut Extendida,opciones De Tarjeta De Red Webcardlxe,lcd,usb,db9,2u,rack\/torre,requiere Bp72vrm2u Aparte\",\"isPartOf\":{\"@id\":\"https:\/\/compuviper.mx\/tienda\/#website\"},\"datePublished\":\"2026-04-25T06:17:27+00:00\",\"dateModified\":\"2026-04-25T06:17:27+00:00\",\"description\":\"Compra Smart3000rmxl2u Ups Tripplite Serie Smartpro 3kva 3000w 120v Onda Sinusoidal Int, 7 Tom. Aut Extendida,opciones De Tarjeta De Red Webcardlxe,lcd,usb,db9,2u,rack\/torre,requiere Bp72vrm2u Aparte + Env\u00edo a domicilio + Pago seguro + Garant\u00eda\",\"breadcrumb\":{\"@id\":\"https:\/\/compuviper.mx\/tienda\/producto\/tripp-lite-smart3000rmxl2u-ups-tripplite-serie-smartpro-3kva-3000w-120v-onda-sinusoidal-int-7-tom-aut-extendidaopciones-de-tarjeta-de-red-webcardlxelcdusbdb92urack-torrerequiere-bp72vrm2u-ap\/#breadcrumb\"},\"inLanguage\":\"es-MX\",\"potentialAction\":[{\"@type\":\"ReadAction\",\"target\":[\"https:\/\/compuviper.mx\/tienda\/producto\/tripp-lite-smart3000rmxl2u-ups-tripplite-serie-smartpro-3kva-3000w-120v-onda-sinusoidal-int-7-tom-aut-extendidaopciones-de-tarjeta-de-red-webcardlxelcdusbdb92urack-torrerequiere-bp72vrm2u-ap\/\"]}]},{\"@type\":\"BreadcrumbList\",\"@id\":\"https:\/\/compuviper.mx\/tienda\/producto\/tripp-lite-smart3000rmxl2u-ups-tripplite-serie-smartpro-3kva-3000w-120v-onda-sinusoidal-int-7-tom-aut-extendidaopciones-de-tarjeta-de-red-webcardlxelcdusbdb92urack-torrerequiere-bp72vrm2u-ap\/#breadcrumb\",\"itemListElement\":[{\"@type\":\"ListItem\",\"position\":1,\"name\":\"Inicio\",\"item\":\"https:\/\/compuviper.mx\/tienda\/\"},{\"@type\":\"ListItem\",\"position\":2,\"name\":\"Productos\",\"item\":\"https:\/\/compuviper.mx\/tienda\/productos\/\"},{\"@type\":\"ListItem\",\"position\":3,\"name\":\"Energia\",\"item\":\"https:\/\/compuviper.mx\/tienda\/categoria-producto\/energia\/\"},{\"@type\":\"ListItem\",\"position\":4,\"name\":\"No Break\",\"item\":\"https:\/\/compuviper.mx\/tienda\/categoria-producto\/energia\/no-break\/\"},{\"@type\":\"ListItem\",\"position\":5,\"name\":\"Tripp-lite Smart3000rmxl2u Ups Tripplite Serie Smartpro 3kva 3000w 120v Onda Sinusoidal Int, 7 Tom. Aut Extendida,opciones De Tarjeta De Red Webcardlxe,lcd,usb,db9,2u,rack\/torre,requiere Bp72vrm2u Aparte\"}]},{\"@type\":\"WebSite\",\"@id\":\"https:\/\/compuviper.mx\/tienda\/#website\",\"url\":\"https:\/\/compuviper.mx\/tienda\/\",\"name\":\"Compuviper\",\"description\":\"Proveedor de Computadoras, Laptops, Servidores, Monitores, Puntos de Venta, Teclados,   Impresoras, T\u00f3ner, C\u00e1maras de Seguridad y m\u00e1s en tu tienda en l\u00ednea\",\"publisher\":{\"@id\":\"https:\/\/compuviper.mx\/tienda\/#organization\"},\"potentialAction\":[{\"@type\":\"SearchAction\",\"target\":{\"@type\":\"EntryPoint\",\"urlTemplate\":\"https:\/\/compuviper.mx\/tienda\/?s={search_term_string}\"},\"query-input\":\"required name=search_term_string\"}],\"inLanguage\":\"es-MX\"},{\"@type\":\"Organization\",\"@id\":\"https:\/\/compuviper.mx\/tienda\/#organization\",\"name\":\"Compuviper\",\"url\":\"https:\/\/compuviper.mx\/tienda\/\",\"logo\":{\"@type\":\"ImageObject\",\"inLanguage\":\"es-MX\",\"@id\":\"https:\/\/compuviper.mx\/tienda\/#\/schema\/logo\/image\/\",\"url\":\"https:\/\/compuviper.mx\/tienda\/wp-content\/uploads\/2021\/08\/Logo-Compuviper-10.png\",\"contentUrl\":\"https:\/\/compuviper.mx\/tienda\/wp-content\/uploads\/2021\/08\/Logo-Compuviper-10.png\",\"width\":1000,\"height\":500,\"caption\":\"Compuviper\"},\"image\":{\"@id\":\"https:\/\/compuviper.mx\/tienda\/#\/schema\/logo\/image\/\"},\"sameAs\":[\"https:\/\/www.facebook.com\/compuviper\",\"https:\/\/www.youtube.com\/channel\/UCf73dERp9Y3cfOq7q8BhLjA?view_as=subscriber\"]}]}<\/script>\n<meta property=\"product:brand\" content=\"TRIPP-LITE\" \/>\n<meta property=\"product:price:amount\" content=\"20453\" \/>\n<meta property=\"product:price:currency\" content=\"MXN\" \/>\n<meta property=\"og:availability\" content=\"instock\" \/>\n<meta property=\"product:availability\" content=\"instock\" \/>\n<meta property=\"product:retailer_item_id\" content=\"SMART3000RMXL2U\" \/>\n<meta property=\"product:condition\" content=\"new\" \/>\n<!-- \/ Yoast SEO plugin. -->","yoast_head_json":{"title":"[ Tripp-lite ] &#129351; Smart3000rmxl2u Ups Tripplite Serie Smartpro 3kva 3000w 120v Onda Sinusoidal Int, 7 Tom. Aut Extendida,opciones De Tarjeta De Red Webcardlxe,lcd,usb,db9,2u,rack\/torre,requiere Bp72vrm2u Aparte","description":"Compra Smart3000rmxl2u Ups Tripplite Serie Smartpro 3kva 3000w 120v Onda Sinusoidal Int, 7 Tom. Aut Extendida,opciones De Tarjeta De Red Webcardlxe,lcd,usb,db9,2u,rack\/torre,requiere Bp72vrm2u Aparte + Env\u00edo a domicilio + Pago seguro + Garant\u00eda","robots":{"index":"index","follow":"follow","max-snippet":"max-snippet:-1","max-image-preview":"max-image-preview:large","max-video-preview":"max-video-preview:-1"},"canonical":"https:\/\/compuviper.mx\/tienda\/producto\/tripp-lite-smart3000rmxl2u-ups-tripplite-serie-smartpro-3kva-3000w-120v-onda-sinusoidal-int-7-tom-aut-extendidaopciones-de-tarjeta-de-red-webcardlxelcdusbdb92urack-torrerequiere-bp72vrm2u-ap\/","og_locale":"es_MX","og_type":"article","og_title":"[ Tripp-lite ] &#129351; Smart3000rmxl2u Ups Tripplite Serie Smartpro 3kva 3000w 120v Onda Sinusoidal Int, 7 Tom. Aut Extendida,opciones De Tarjeta De Red Webcardlxe,lcd,usb,db9,2u,rack\/torre,requiere Bp72vrm2u Aparte","og_description":"Compra Smart3000rmxl2u Ups Tripplite Serie Smartpro 3kva 3000w 120v Onda Sinusoidal Int, 7 Tom. Aut Extendida,opciones De Tarjeta De Red Webcardlxe,lcd,usb,db9,2u,rack\/torre,requiere Bp72vrm2u Aparte + Env\u00edo a domicilio + Pago seguro + Garant\u00eda","og_url":"https:\/\/compuviper.mx\/tienda\/producto\/tripp-lite-smart3000rmxl2u-ups-tripplite-serie-smartpro-3kva-3000w-120v-onda-sinusoidal-int-7-tom-aut-extendidaopciones-de-tarjeta-de-red-webcardlxelcdusbdb92urack-torrerequiere-bp72vrm2u-ap\/","og_site_name":"Compuviper","article_publisher":"https:\/\/www.facebook.com\/compuviper","og_image":[{"width":200,"height":200,"url":"https:\/\/compuviper.mx\/tienda\/wp-content\/uploads\/2023\/12\/Ups-tripplite-smart3000rmxl2u-serie-smartpro-3kva-3000w-120v-onda-sinusoidal-int-7-tom.-aut-extendidaopciones-de-tarjeta-de-red-webcardlxelcdusbdb92uracktorrerequiere-bp72vrm2u-aparte.jpg","type":"image\/jpeg"}],"twitter_card":"summary_large_image","twitter_misc":{"Precio":"&#36;20,453 con IVA","Availability":"In stock"},"schema":{"@context":"https:\/\/schema.org","@graph":[{"@type":"WebPage","@id":"https:\/\/compuviper.mx\/tienda\/producto\/tripp-lite-smart3000rmxl2u-ups-tripplite-serie-smartpro-3kva-3000w-120v-onda-sinusoidal-int-7-tom-aut-extendidaopciones-de-tarjeta-de-red-webcardlxelcdusbdb92urack-torrerequiere-bp72vrm2u-ap\/","url":"https:\/\/compuviper.mx\/tienda\/producto\/tripp-lite-smart3000rmxl2u-ups-tripplite-serie-smartpro-3kva-3000w-120v-onda-sinusoidal-int-7-tom-aut-extendidaopciones-de-tarjeta-de-red-webcardlxelcdusbdb92urack-torrerequiere-bp72vrm2u-ap\/","name":"[ Tripp-lite ] &#129351; Smart3000rmxl2u Ups Tripplite Serie Smartpro 3kva 3000w 120v Onda Sinusoidal Int, 7 Tom. Aut Extendida,opciones De Tarjeta De Red Webcardlxe,lcd,usb,db9,2u,rack\/torre,requiere Bp72vrm2u Aparte","isPartOf":{"@id":"https:\/\/compuviper.mx\/tienda\/#website"},"datePublished":"2026-04-25T06:17:27+00:00","dateModified":"2026-04-25T06:17:27+00:00","description":"Compra Smart3000rmxl2u Ups Tripplite Serie Smartpro 3kva 3000w 120v Onda Sinusoidal Int, 7 Tom. Aut Extendida,opciones De Tarjeta De Red Webcardlxe,lcd,usb,db9,2u,rack\/torre,requiere Bp72vrm2u Aparte + Env\u00edo a domicilio + Pago seguro + Garant\u00eda","breadcrumb":{"@id":"https:\/\/compuviper.mx\/tienda\/producto\/tripp-lite-smart3000rmxl2u-ups-tripplite-serie-smartpro-3kva-3000w-120v-onda-sinusoidal-int-7-tom-aut-extendidaopciones-de-tarjeta-de-red-webcardlxelcdusbdb92urack-torrerequiere-bp72vrm2u-ap\/#breadcrumb"},"inLanguage":"es-MX","potentialAction":[{"@type":"ReadAction","target":["https:\/\/compuviper.mx\/tienda\/producto\/tripp-lite-smart3000rmxl2u-ups-tripplite-serie-smartpro-3kva-3000w-120v-onda-sinusoidal-int-7-tom-aut-extendidaopciones-de-tarjeta-de-red-webcardlxelcdusbdb92urack-torrerequiere-bp72vrm2u-ap\/"]}]},{"@type":"BreadcrumbList","@id":"https:\/\/compuviper.mx\/tienda\/producto\/tripp-lite-smart3000rmxl2u-ups-tripplite-serie-smartpro-3kva-3000w-120v-onda-sinusoidal-int-7-tom-aut-extendidaopciones-de-tarjeta-de-red-webcardlxelcdusbdb92urack-torrerequiere-bp72vrm2u-ap\/#breadcrumb","itemListElement":[{"@type":"ListItem","position":1,"name":"Inicio","item":"https:\/\/compuviper.mx\/tienda\/"},{"@type":"ListItem","position":2,"name":"Productos","item":"https:\/\/compuviper.mx\/tienda\/productos\/"},{"@type":"ListItem","position":3,"name":"Energia","item":"https:\/\/compuviper.mx\/tienda\/categoria-producto\/energia\/"},{"@type":"ListItem","position":4,"name":"No Break","item":"https:\/\/compuviper.mx\/tienda\/categoria-producto\/energia\/no-break\/"},{"@type":"ListItem","position":5,"name":"Tripp-lite Smart3000rmxl2u Ups Tripplite Serie Smartpro 3kva 3000w 120v Onda Sinusoidal Int, 7 Tom. Aut Extendida,opciones De Tarjeta De Red Webcardlxe,lcd,usb,db9,2u,rack\/torre,requiere Bp72vrm2u Aparte"}]},{"@type":"WebSite","@id":"https:\/\/compuviper.mx\/tienda\/#website","url":"https:\/\/compuviper.mx\/tienda\/","name":"Compuviper","description":"Proveedor de Computadoras, Laptops, Servidores, Monitores, Puntos de Venta, Teclados,   Impresoras, T\u00f3ner, C\u00e1maras de Seguridad y m\u00e1s en tu tienda en l\u00ednea","publisher":{"@id":"https:\/\/compuviper.mx\/tienda\/#organization"},"potentialAction":[{"@type":"SearchAction","target":{"@type":"EntryPoint","urlTemplate":"https:\/\/compuviper.mx\/tienda\/?s={search_term_string}"},"query-input":"required name=search_term_string"}],"inLanguage":"es-MX"},{"@type":"Organization","@id":"https:\/\/compuviper.mx\/tienda\/#organization","name":"Compuviper","url":"https:\/\/compuviper.mx\/tienda\/","logo":{"@type":"ImageObject","inLanguage":"es-MX","@id":"https:\/\/compuviper.mx\/tienda\/#\/schema\/logo\/image\/","url":"https:\/\/compuviper.mx\/tienda\/wp-content\/uploads\/2021\/08\/Logo-Compuviper-10.png","contentUrl":"https:\/\/compuviper.mx\/tienda\/wp-content\/uploads\/2021\/08\/Logo-Compuviper-10.png","width":1000,"height":500,"caption":"Compuviper"},"image":{"@id":"https:\/\/compuviper.mx\/tienda\/#\/schema\/logo\/image\/"},"sameAs":["https:\/\/www.facebook.com\/compuviper","https:\/\/www.youtube.com\/channel\/UCf73dERp9Y3cfOq7q8BhLjA?view_as=subscriber"]}]},"product_brand":"TRIPP-LITE","product_price_amount":"20453","product_price_currency":"MXN","og_availability":"instock","product_availability":"instock","product_retailer_item_id":"SMART3000RMXL2U","product_condition":"new"},"_links":{"self":[{"href":"https:\/\/compuviper.mx\/tienda\/wp-json\/wp\/v2\/product\/217224"}],"collection":[{"href":"https:\/\/compuviper.mx\/tienda\/wp-json\/wp\/v2\/product"}],"about":[{"href":"https:\/\/compuviper.mx\/tienda\/wp-json\/wp\/v2\/types\/product"}],"replies":[{"embeddable":true,"href":"https:\/\/compuviper.mx\/tienda\/wp-json\/wp\/v2\/comments?post=217224"}],"wp:featuredmedia":[{"embeddable":true,"href":"https:\/\/compuviper.mx\/tienda\/wp-json\/wp\/v2\/media\/217225"}],"wp:attachment":[{"href":"https:\/\/compuviper.mx\/tienda\/wp-json\/wp\/v2\/media?parent=217224"}],"wp:term":[{"taxonomy":"product_cat","embeddable":true,"href":"https:\/\/compuviper.mx\/tienda\/wp-json\/wp\/v2\/product_cat?post=217224"},{"taxonomy":"product_tag","embeddable":true,"href":"https:\/\/compuviper.mx\/tienda\/wp-json\/wp\/v2\/product_tag?post=217224"}],"curies":[{"name":"wp","href":"https:\/\/api.w.org\/{rel}","templated":true}]}}