{"id":217222,"date":"2026-04-02T00:23:21","date_gmt":"2026-04-02T06:23:21","guid":{"rendered":"https:\/\/compuviper.mx\/tienda\/producto\/koblenz-15007-usb-r-no-break-interactivo-1500va-900w-cont-7-con-bat4-y-3-con-supr-usb-rj11-rj45-hasta-180min\/"},"modified":"2026-04-02T00:23:21","modified_gmt":"2026-04-02T06:23:21","slug":"koblenz-15007-usb-r-no-break-interactivo-1500va-900w-cont-7-con-bat4-y-3-con-supr-usb-rj11-rj45-hasta-180min","status":"publish","type":"product","link":"https:\/\/compuviper.mx\/tienda\/producto\/koblenz-15007-usb-r-no-break-interactivo-1500va-900w-cont-7-con-bat4-y-3-con-supr-usb-rj11-rj45-hasta-180min\/","title":{"rendered":"Koblenz 15007-usb\/r No Break Interactivo  1500va \/ 900w Cont 7 Con Bat4 Y 3 Con Supr\/usb\/rj11\/rj45\/ Hasta 180min"},"content":{"rendered":"<table class=\"descripcion\">\n<tr>\n<td>No break interactivo, onda cuasisenoidal<\/td>\n<\/tr>\n<tr>\n<td> capacidad 1500 \/ 900 w<\/td>\n<\/tr>\n<tr>\n<td> 7 contactos: 4 respaldados, 3 con supresi\u00f3n de picos<\/td>\n<\/tr>\n<tr>\n<td> hasta 180 minutos de respaldo con una pc y monitor 50w<\/td>\n<\/tr>\n<tr>\n<td> regulador koblenz integrado<\/td>\n<\/tr>\n<tr>\n<td> puerto usb y software de desconexi\u00f3n<\/td>\n<\/tr>\n<tr>\n<td> protecci\u00f3n para l\u00ednea telef\u00f3nica rj11\/rj45<\/td>\n<\/tr>\n<tr>\n<td> protecci\u00f3n cable coaxial<\/td>\n<\/tr>\n<tr>\n<td> 6 indicadores: encendido, sobrecarga, nivel de bater\u00eda, bater\u00eda trabajando,<\/td>\n<\/tr>\n<tr>\n<td>  reemplazo de supresor, reemplazo de bater\u00eda<\/td>\n<\/tr>\n<tr>\n<td> puerta de f\u00e1cil acceso a bater\u00eda<\/td>\n<\/tr>\n<tr>\n<td> cable de l\u00ednea de 1.82 m de longitud<\/td>\n<\/tr>\n<tr>\n<td> p\u00f3liza de seguro por usd $25,000 en equipo conectado<\/td>\n<\/tr>\n<tr>\n<td> garant\u00eda de 5 a\u00f1os , 2 en bater\u00eda<\/td>\n<\/tr>\n<tr>\n<td> cubierta met\u00e1lica heavy duty<\/td>\n<\/tr>\n<\/table>\n","protected":false},"excerpt":{"rendered":"<p>Ups l\u00ednea interactiva con regulador de voltaje integrado, ideal para la protecci\u00f3n de equipos de escritorio. Protecci\u00f3n para tel\u00e9fono, fax modem rj-11 y cable coaxial rg6. Protecci\u00f3n contra sobre carga a trav\u00e9s de un indicador visual y alarma audible. Regulador de voltaje integrado (altos y bajos) que permite la estabilizaci\u00f3n del voltaje. Poliza de seguro hasta $25,000 d\u00f3lares en equipo conectado.<\/p>\n","protected":false},"featured_media":217223,"comment_status":"open","ping_status":"open","template":"","meta":[],"product_cat":[1508,1691],"product_tag":[1577],"acf":[],"yoast_head":"<!-- This site is optimized with the Yoast SEO plugin v21.7 - https:\/\/yoast.com\/wordpress\/plugins\/seo\/ -->\n<title>[ Koblenz ] &#129351; 15007-usb\/r No Break Interactivo 1500va \/ 900w Cont 7 Con Bat4 Y 3 Con Supr\/usb\/rj11\/rj45\/ Hasta 180min<\/title>\n<meta name=\"description\" content=\"Compra 15007-usb\/r No Break Interactivo 1500va \/ 900w Cont 7 Con Bat4 Y 3 Con Supr\/usb\/rj11\/rj45\/ Hasta 180min + Env\u00edo a domicilio + Pago seguro + Garant\u00eda\" \/>\n<meta name=\"robots\" content=\"index, follow, max-snippet:-1, max-image-preview:large, max-video-preview:-1\" \/>\n<link rel=\"canonical\" href=\"https:\/\/compuviper.mx\/tienda\/producto\/koblenz-15007-usb-r-no-break-interactivo-1500va-900w-cont-7-con-bat4-y-3-con-supr-usb-rj11-rj45-hasta-180min\/\" \/>\n<meta property=\"og:locale\" content=\"es_MX\" \/>\n<meta property=\"og:type\" content=\"article\" \/>\n<meta property=\"og:title\" content=\"[ Koblenz ] &#129351; 15007-usb\/r No Break Interactivo 1500va \/ 900w Cont 7 Con Bat4 Y 3 Con Supr\/usb\/rj11\/rj45\/ Hasta 180min\" \/>\n<meta property=\"og:description\" content=\"Compra 15007-usb\/r No Break Interactivo 1500va \/ 900w Cont 7 Con Bat4 Y 3 Con Supr\/usb\/rj11\/rj45\/ Hasta 180min + Env\u00edo a domicilio + Pago seguro + Garant\u00eda\" \/>\n<meta property=\"og:url\" content=\"https:\/\/compuviper.mx\/tienda\/producto\/koblenz-15007-usb-r-no-break-interactivo-1500va-900w-cont-7-con-bat4-y-3-con-supr-usb-rj11-rj45-hasta-180min\/\" \/>\n<meta property=\"og:site_name\" content=\"Compuviper\" \/>\n<meta property=\"article:publisher\" content=\"https:\/\/www.facebook.com\/compuviper\" \/>\n<meta property=\"og:image\" content=\"https:\/\/compuviper.mx\/tienda\/wp-content\/uploads\/2023\/12\/No-break-interactivo-koblenz-1500va-900w-cont-7-con-bat4-y-3-con-suprusbrj11rj45-hasta-180min.jpg\" \/>\n\t<meta property=\"og:image:width\" content=\"200\" \/>\n\t<meta property=\"og:image:height\" content=\"200\" \/>\n\t<meta property=\"og:image:type\" content=\"image\/jpeg\" \/>\n<meta name=\"twitter:card\" content=\"summary_large_image\" \/>\n<meta name=\"twitter:label1\" content=\"Precio\" \/>\n\t<meta name=\"twitter:data1\" content=\"&#36;5,402 &#36;5,187 con IVA\" \/>\n\t<meta name=\"twitter:label2\" content=\"Availability\" \/>\n\t<meta name=\"twitter:data2\" content=\"Out of stock\" \/>\n<script type=\"application\/ld+json\" class=\"yoast-schema-graph\">{\"@context\":\"https:\/\/schema.org\",\"@graph\":[{\"@type\":\"WebPage\",\"@id\":\"https:\/\/compuviper.mx\/tienda\/producto\/koblenz-15007-usb-r-no-break-interactivo-1500va-900w-cont-7-con-bat4-y-3-con-supr-usb-rj11-rj45-hasta-180min\/\",\"url\":\"https:\/\/compuviper.mx\/tienda\/producto\/koblenz-15007-usb-r-no-break-interactivo-1500va-900w-cont-7-con-bat4-y-3-con-supr-usb-rj11-rj45-hasta-180min\/\",\"name\":\"[ Koblenz ] &#129351; 15007-usb\/r No Break Interactivo 1500va \/ 900w Cont 7 Con Bat4 Y 3 Con Supr\/usb\/rj11\/rj45\/ Hasta 180min\",\"isPartOf\":{\"@id\":\"https:\/\/compuviper.mx\/tienda\/#website\"},\"datePublished\":\"2026-04-02T06:23:21+00:00\",\"dateModified\":\"2026-04-02T06:23:21+00:00\",\"description\":\"Compra 15007-usb\/r No Break Interactivo 1500va \/ 900w Cont 7 Con Bat4 Y 3 Con Supr\/usb\/rj11\/rj45\/ Hasta 180min + Env\u00edo a domicilio + Pago seguro + Garant\u00eda\",\"breadcrumb\":{\"@id\":\"https:\/\/compuviper.mx\/tienda\/producto\/koblenz-15007-usb-r-no-break-interactivo-1500va-900w-cont-7-con-bat4-y-3-con-supr-usb-rj11-rj45-hasta-180min\/#breadcrumb\"},\"inLanguage\":\"es-MX\",\"potentialAction\":[{\"@type\":\"ReadAction\",\"target\":[\"https:\/\/compuviper.mx\/tienda\/producto\/koblenz-15007-usb-r-no-break-interactivo-1500va-900w-cont-7-con-bat4-y-3-con-supr-usb-rj11-rj45-hasta-180min\/\"]}]},{\"@type\":\"BreadcrumbList\",\"@id\":\"https:\/\/compuviper.mx\/tienda\/producto\/koblenz-15007-usb-r-no-break-interactivo-1500va-900w-cont-7-con-bat4-y-3-con-supr-usb-rj11-rj45-hasta-180min\/#breadcrumb\",\"itemListElement\":[{\"@type\":\"ListItem\",\"position\":1,\"name\":\"Inicio\",\"item\":\"https:\/\/compuviper.mx\/tienda\/\"},{\"@type\":\"ListItem\",\"position\":2,\"name\":\"Productos\",\"item\":\"https:\/\/compuviper.mx\/tienda\/productos\/\"},{\"@type\":\"ListItem\",\"position\":3,\"name\":\"Energia\",\"item\":\"https:\/\/compuviper.mx\/tienda\/categoria-producto\/energia\/\"},{\"@type\":\"ListItem\",\"position\":4,\"name\":\"No Break\",\"item\":\"https:\/\/compuviper.mx\/tienda\/categoria-producto\/energia\/no-break\/\"},{\"@type\":\"ListItem\",\"position\":5,\"name\":\"Koblenz 15007-usb\/r No Break Interactivo 1500va \/ 900w Cont 7 Con Bat4 Y 3 Con Supr\/usb\/rj11\/rj45\/ Hasta 180min\"}]},{\"@type\":\"WebSite\",\"@id\":\"https:\/\/compuviper.mx\/tienda\/#website\",\"url\":\"https:\/\/compuviper.mx\/tienda\/\",\"name\":\"Compuviper\",\"description\":\"Proveedor de Computadoras, Laptops, Servidores, Monitores, Puntos de Venta, Teclados,   Impresoras, T\u00f3ner, C\u00e1maras de Seguridad y m\u00e1s en tu tienda en l\u00ednea\",\"publisher\":{\"@id\":\"https:\/\/compuviper.mx\/tienda\/#organization\"},\"potentialAction\":[{\"@type\":\"SearchAction\",\"target\":{\"@type\":\"EntryPoint\",\"urlTemplate\":\"https:\/\/compuviper.mx\/tienda\/?s={search_term_string}\"},\"query-input\":\"required name=search_term_string\"}],\"inLanguage\":\"es-MX\"},{\"@type\":\"Organization\",\"@id\":\"https:\/\/compuviper.mx\/tienda\/#organization\",\"name\":\"Compuviper\",\"url\":\"https:\/\/compuviper.mx\/tienda\/\",\"logo\":{\"@type\":\"ImageObject\",\"inLanguage\":\"es-MX\",\"@id\":\"https:\/\/compuviper.mx\/tienda\/#\/schema\/logo\/image\/\",\"url\":\"https:\/\/compuviper.mx\/tienda\/wp-content\/uploads\/2021\/08\/Logo-Compuviper-10.png\",\"contentUrl\":\"https:\/\/compuviper.mx\/tienda\/wp-content\/uploads\/2021\/08\/Logo-Compuviper-10.png\",\"width\":1000,\"height\":500,\"caption\":\"Compuviper\"},\"image\":{\"@id\":\"https:\/\/compuviper.mx\/tienda\/#\/schema\/logo\/image\/\"},\"sameAs\":[\"https:\/\/www.facebook.com\/compuviper\",\"https:\/\/www.youtube.com\/channel\/UCf73dERp9Y3cfOq7q8BhLjA?view_as=subscriber\"]}]}<\/script>\n<meta property=\"product:brand\" content=\"KOBLENZ\" \/>\n<meta property=\"product:price:amount\" content=\"5187\" \/>\n<meta property=\"product:price:currency\" content=\"MXN\" \/>\n<meta property=\"og:availability\" content=\"out of stock\" \/>\n<meta property=\"product:availability\" content=\"out of stock\" \/>\n<meta property=\"product:retailer_item_id\" content=\"15007-USB\/R\" \/>\n<meta property=\"product:condition\" content=\"new\" \/>\n<!-- \/ Yoast SEO plugin. -->","yoast_head_json":{"title":"[ Koblenz ] &#129351; 15007-usb\/r No Break Interactivo 1500va \/ 900w Cont 7 Con Bat4 Y 3 Con Supr\/usb\/rj11\/rj45\/ Hasta 180min","description":"Compra 15007-usb\/r No Break Interactivo 1500va \/ 900w Cont 7 Con Bat4 Y 3 Con Supr\/usb\/rj11\/rj45\/ Hasta 180min + Env\u00edo a domicilio + Pago seguro + Garant\u00eda","robots":{"index":"index","follow":"follow","max-snippet":"max-snippet:-1","max-image-preview":"max-image-preview:large","max-video-preview":"max-video-preview:-1"},"canonical":"https:\/\/compuviper.mx\/tienda\/producto\/koblenz-15007-usb-r-no-break-interactivo-1500va-900w-cont-7-con-bat4-y-3-con-supr-usb-rj11-rj45-hasta-180min\/","og_locale":"es_MX","og_type":"article","og_title":"[ Koblenz ] &#129351; 15007-usb\/r No Break Interactivo 1500va \/ 900w Cont 7 Con Bat4 Y 3 Con Supr\/usb\/rj11\/rj45\/ Hasta 180min","og_description":"Compra 15007-usb\/r No Break Interactivo 1500va \/ 900w Cont 7 Con Bat4 Y 3 Con Supr\/usb\/rj11\/rj45\/ Hasta 180min + Env\u00edo a domicilio + Pago seguro + Garant\u00eda","og_url":"https:\/\/compuviper.mx\/tienda\/producto\/koblenz-15007-usb-r-no-break-interactivo-1500va-900w-cont-7-con-bat4-y-3-con-supr-usb-rj11-rj45-hasta-180min\/","og_site_name":"Compuviper","article_publisher":"https:\/\/www.facebook.com\/compuviper","og_image":[{"width":200,"height":200,"url":"https:\/\/compuviper.mx\/tienda\/wp-content\/uploads\/2023\/12\/No-break-interactivo-koblenz-1500va-900w-cont-7-con-bat4-y-3-con-suprusbrj11rj45-hasta-180min.jpg","type":"image\/jpeg"}],"twitter_card":"summary_large_image","twitter_misc":{"Precio":"&#36;5,402 &#36;5,187 con IVA","Availability":"Out of stock"},"schema":{"@context":"https:\/\/schema.org","@graph":[{"@type":"WebPage","@id":"https:\/\/compuviper.mx\/tienda\/producto\/koblenz-15007-usb-r-no-break-interactivo-1500va-900w-cont-7-con-bat4-y-3-con-supr-usb-rj11-rj45-hasta-180min\/","url":"https:\/\/compuviper.mx\/tienda\/producto\/koblenz-15007-usb-r-no-break-interactivo-1500va-900w-cont-7-con-bat4-y-3-con-supr-usb-rj11-rj45-hasta-180min\/","name":"[ Koblenz ] &#129351; 15007-usb\/r No Break Interactivo 1500va \/ 900w Cont 7 Con Bat4 Y 3 Con Supr\/usb\/rj11\/rj45\/ Hasta 180min","isPartOf":{"@id":"https:\/\/compuviper.mx\/tienda\/#website"},"datePublished":"2026-04-02T06:23:21+00:00","dateModified":"2026-04-02T06:23:21+00:00","description":"Compra 15007-usb\/r No Break Interactivo 1500va \/ 900w Cont 7 Con Bat4 Y 3 Con Supr\/usb\/rj11\/rj45\/ Hasta 180min + Env\u00edo a domicilio + Pago seguro + Garant\u00eda","breadcrumb":{"@id":"https:\/\/compuviper.mx\/tienda\/producto\/koblenz-15007-usb-r-no-break-interactivo-1500va-900w-cont-7-con-bat4-y-3-con-supr-usb-rj11-rj45-hasta-180min\/#breadcrumb"},"inLanguage":"es-MX","potentialAction":[{"@type":"ReadAction","target":["https:\/\/compuviper.mx\/tienda\/producto\/koblenz-15007-usb-r-no-break-interactivo-1500va-900w-cont-7-con-bat4-y-3-con-supr-usb-rj11-rj45-hasta-180min\/"]}]},{"@type":"BreadcrumbList","@id":"https:\/\/compuviper.mx\/tienda\/producto\/koblenz-15007-usb-r-no-break-interactivo-1500va-900w-cont-7-con-bat4-y-3-con-supr-usb-rj11-rj45-hasta-180min\/#breadcrumb","itemListElement":[{"@type":"ListItem","position":1,"name":"Inicio","item":"https:\/\/compuviper.mx\/tienda\/"},{"@type":"ListItem","position":2,"name":"Productos","item":"https:\/\/compuviper.mx\/tienda\/productos\/"},{"@type":"ListItem","position":3,"name":"Energia","item":"https:\/\/compuviper.mx\/tienda\/categoria-producto\/energia\/"},{"@type":"ListItem","position":4,"name":"No Break","item":"https:\/\/compuviper.mx\/tienda\/categoria-producto\/energia\/no-break\/"},{"@type":"ListItem","position":5,"name":"Koblenz 15007-usb\/r No Break Interactivo 1500va \/ 900w Cont 7 Con Bat4 Y 3 Con Supr\/usb\/rj11\/rj45\/ Hasta 180min"}]},{"@type":"WebSite","@id":"https:\/\/compuviper.mx\/tienda\/#website","url":"https:\/\/compuviper.mx\/tienda\/","name":"Compuviper","description":"Proveedor de Computadoras, Laptops, Servidores, Monitores, Puntos de Venta, Teclados,   Impresoras, T\u00f3ner, C\u00e1maras de Seguridad y m\u00e1s en tu tienda en l\u00ednea","publisher":{"@id":"https:\/\/compuviper.mx\/tienda\/#organization"},"potentialAction":[{"@type":"SearchAction","target":{"@type":"EntryPoint","urlTemplate":"https:\/\/compuviper.mx\/tienda\/?s={search_term_string}"},"query-input":"required name=search_term_string"}],"inLanguage":"es-MX"},{"@type":"Organization","@id":"https:\/\/compuviper.mx\/tienda\/#organization","name":"Compuviper","url":"https:\/\/compuviper.mx\/tienda\/","logo":{"@type":"ImageObject","inLanguage":"es-MX","@id":"https:\/\/compuviper.mx\/tienda\/#\/schema\/logo\/image\/","url":"https:\/\/compuviper.mx\/tienda\/wp-content\/uploads\/2021\/08\/Logo-Compuviper-10.png","contentUrl":"https:\/\/compuviper.mx\/tienda\/wp-content\/uploads\/2021\/08\/Logo-Compuviper-10.png","width":1000,"height":500,"caption":"Compuviper"},"image":{"@id":"https:\/\/compuviper.mx\/tienda\/#\/schema\/logo\/image\/"},"sameAs":["https:\/\/www.facebook.com\/compuviper","https:\/\/www.youtube.com\/channel\/UCf73dERp9Y3cfOq7q8BhLjA?view_as=subscriber"]}]},"product_brand":"KOBLENZ","product_price_amount":"5187","product_price_currency":"MXN","og_availability":"out of stock","product_availability":"out of stock","product_retailer_item_id":"15007-USB\/R","product_condition":"new"},"_links":{"self":[{"href":"https:\/\/compuviper.mx\/tienda\/wp-json\/wp\/v2\/product\/217222"}],"collection":[{"href":"https:\/\/compuviper.mx\/tienda\/wp-json\/wp\/v2\/product"}],"about":[{"href":"https:\/\/compuviper.mx\/tienda\/wp-json\/wp\/v2\/types\/product"}],"replies":[{"embeddable":true,"href":"https:\/\/compuviper.mx\/tienda\/wp-json\/wp\/v2\/comments?post=217222"}],"wp:featuredmedia":[{"embeddable":true,"href":"https:\/\/compuviper.mx\/tienda\/wp-json\/wp\/v2\/media\/217223"}],"wp:attachment":[{"href":"https:\/\/compuviper.mx\/tienda\/wp-json\/wp\/v2\/media?parent=217222"}],"wp:term":[{"taxonomy":"product_cat","embeddable":true,"href":"https:\/\/compuviper.mx\/tienda\/wp-json\/wp\/v2\/product_cat?post=217222"},{"taxonomy":"product_tag","embeddable":true,"href":"https:\/\/compuviper.mx\/tienda\/wp-json\/wp\/v2\/product_tag?post=217222"}],"curies":[{"name":"wp","href":"https:\/\/api.w.org\/{rel}","templated":true}]}}