{"id":217212,"date":"2026-04-25T00:17:24","date_gmt":"2026-04-25T06:17:24","guid":{"rendered":"https:\/\/compuviper.mx\/tienda\/producto\/tripp-lite-smart1300lcdt-no-break-torre-720w-120v-avr-interactivo-lcd-8-contactos-5-15r\/"},"modified":"2026-04-25T00:17:25","modified_gmt":"2026-04-25T06:17:25","slug":"tripp-lite-smart1300lcdt-no-break-torre-720w-120v-avr-interactivo-lcd-8-contactos-5-15r","status":"publish","type":"product","link":"https:\/\/compuviper.mx\/tienda\/producto\/tripp-lite-smart1300lcdt-no-break-torre-720w-120v-avr-interactivo-lcd-8-contactos-5-15r\/","title":{"rendered":"Tripp-lite Smart1300lcdt No Break   Torre 720w 120v Avr Interactivo Lcd 8 Contactos 5\/15r"},"content":{"rendered":"<table class=\"descripcion\">\n<tr>\n<td>Confiable respaldo por bater\u00eda<\/td>\n<\/tr>\n<tr>\n<td>\u0095 suministra protecci\u00f3n de energ\u00eda de alto rendimiento de 1300va\/720w para computadoras de escritorio, componentes de audio\/video, centros de medios y otros dispositivos electr\u00f3nicos<\/td>\n<\/tr>\n<tr>\n<td>\u0095 soporta una computadora b\u00e1sica de escritorio y un monitor lcd por hasta 64 minutos durante un apag\u00f3n<\/td>\n<\/tr>\n<tr>\n<td>\u0095 soporta 50% de carga (360w) hasta por 10 minutos<\/td>\n<\/tr>\n<tr>\n<td>\u0095 la alarma ac\u00fastica indica la perdida de energ\u00eda de la red p\u00fablica o bater\u00eda baja<\/td>\n<\/tr>\n<tr>\n<td>Tomacorrientes optimizados<\/td>\n<\/tr>\n<tr>\n<td>\u0095 4 tomacorrientes nema 5-15r entregan respaldo por bater\u00eda para dispositivos que requieren alimentaci\u00f3n constante<\/td>\n<\/tr>\n<tr>\n<td>\u0095 los 8 tomacorrientes protegen contra sobretensiones que puedan da\u00f1ar equipos o datos<\/td>\n<\/tr>\n<tr>\n<td>\u0095 la clavija nema 5-15p con cable de 1.83 m [6 pies] conecta a cualquier contacto nema 5-15r<\/td>\n<\/tr>\n<tr>\n<td>Regulaci\u00f3n autom\u00e1tica de voltaje (avr)<\/td>\n<\/tr>\n<tr>\n<td>\u0095 corrige bajos voltajes de hasta 92v y sobrevoltajes hasta 150v sin p\u00e9rdida de energ\u00eda de respaldo de la bater\u00eda.<\/td>\n<\/tr>\n<tr>\n<td>Pantalla lcd de estado<\/td>\n<\/tr>\n<tr>\n<td>\u0095 la gran pantalla lcd muestra en tiempo real los estados de voltaje, carga, avr y bater\u00eda.<\/td>\n<\/tr>\n<tr>\n<td>\u0095 muestra autom\u00e1ticamente la autonom\u00eda restante de la bater\u00eda en minutos durante una interrupci\u00f3n en el servicio el\u00e9ctrico<\/td>\n<\/tr>\n<tr>\n<td>Supresi\u00f3n de sobretensiones en la l\u00ednea de alimentaci\u00f3n de ca, coaxial y tel\/dsl<\/td>\n<\/tr>\n<tr>\n<td>\u0095 la especificaci\u00f3n de supresi\u00f3n de sobretensiones de 650 joules protege al equipo conectado y datos contra las da\u00f1inas sobretensiones<\/td>\n<\/tr>\n<tr>\n<td>\u0095 los enchufes rj11 para tel\/dsl protegen la conexi\u00f3n est\u00e1ndar telef\u00f3nica de marcado\/dsl\/ethernet<\/td>\n<\/tr>\n<tr>\n<td>\u0095 los conectores coaxiales protegen conexi\u00f3n de catv, internet por cable de banda ancha, sat\u00e9lite o antena de transmisi\u00f3n<\/td>\n<\/tr>\n<tr>\n<td>Filtrado de ruido emi\/efi en la l\u00ednea<\/td>\n<\/tr>\n<tr>\n<td>\u0095 elimina la interferencia electromagn\u00e9tica y de radiofrecuencia que pueda interrumpir o da\u00f1ar el funcionamiento de su equipo<\/td>\n<\/tr>\n<tr>\n<td>Puerto de comunicaci\u00f3n usb y software poweralert gratuito<\/td>\n<\/tr>\n<tr>\n<td>\u0095 el puerto del usb compatible con hid se integra con administraci\u00f3n de energ\u00eda y apagado autom\u00e1tico de windows y mac os x incorporados<\/td>\n<\/tr>\n<tr>\n<td>\u0095 trabaja con el software poweralert (disponible mediante descarga gratuita de la web) para permitir el apagado seguro del sistema y guardado de archivos sin supervisi\u00f3n durante una falla prolongada de energ\u00eda.<\/td>\n<\/tr>\n<tr>\n<td>Factor de forma primario torre<\/td>\n<\/tr>\n<tr>\n<td>Dimensiones del m\u00f3dulo de potencia del ups (al x an x pr \/ cm) 20.32 x 14.60 x 39.62<\/td>\n<\/tr>\n<tr>\n<td>Peso del m\u00f3dulo de potencia del ups (kg) 9.39<\/td>\n<\/tr>\n<tr>\n<td>Dimensiones de envi\u00f3 del ups (al x an x pr \/ cm) 23.1 x 28.7 x 49.3<\/td>\n<\/tr>\n<tr>\n<td>Peso de env\u00edo (kg) 11.2<\/td>\n<\/tr>\n<tr>\n<td>M\u00e9todo de enfriamiento ventilador<\/td>\n<\/tr>\n<tr>\n<td>Altura del ups primario (mm) 203<\/td>\n<\/tr>\n<tr>\n<td>Ancho del ups primario (mm) 146<\/td>\n<\/tr>\n<tr>\n<td>Profundidad del ups primario (mm) 396<\/td>\n<\/tr>\n<tr>\n<td>Altura de embarque (mm) 231<\/td>\n<\/tr>\n<tr>\n<td>Ancho de embarque (mm) 287<\/td>\n<\/tr>\n<tr>\n<td>Profundidad de embarque (mm) 493<\/td>\n<\/tr>\n<tr>\n<td>Ambientales<\/td>\n<\/tr>\n<tr>\n<td>Rango de temperatura de operaci\u00f3n +32 \u00baf a +104 \u00baf \/ 0 \u00bac a +40 \u00bac<\/td>\n<\/tr>\n<tr>\n<td>Rango de temperatura de almacenamiento +5 a +122 \u00baf\/-15 a +50 \u00bac<\/td>\n<\/tr>\n<tr>\n<td>Humedad relativa de 5% a 95%, sin condensaci\u00f3n<\/td>\n<\/tr>\n<tr>\n<td>Modo de ca btu \/ hr. (plena carga) 100<\/td>\n<\/tr>\n<tr>\n<td>Modo de bater\u00eda btu \/ hr. (plena carga) 776<\/td>\n<\/tr>\n<tr>\n<td>Clasificaci\u00f3n de eficiencia del modo de ca (100% de carga) 95%<\/td>\n<\/tr>\n<tr>\n<td>Comunicaciones<\/td>\n<\/tr>\n<tr>\n<td>Interfaz de comunicaciones usb (compatible con hid)<\/td>\n<\/tr>\n<tr>\n<td>Descripci\u00f3n del puerto de monitoreo de red soporta el monitoreo detallado de las condiciones de energ\u00eda del ups y del sitio<\/td>\n<\/tr>\n<tr>\n<td>Software poweralert para monitoreo local mediante el puerto usb del ups incorporado, descargue el programa poweralert local en http:\/\/www.tripplite.com\/poweralert<\/td>\n<\/tr>\n<tr>\n<td>Cable de comunicaciones cableado usb incluido<\/td>\n<\/tr>\n<tr>\n<td>Compatibilidad con watchdog soporta la aplicaci\u00f3n watchdog, las opciones de reinicio mediante os o apagado y encendido manual para aplicaciones remotas<\/td>\n<\/tr>\n<tr>\n<td>Tiempo de transferencia l\u00ednea \/ bater\u00eda<\/td>\n<\/tr>\n<tr>\n<td>Tiempo de transferencia 2 milisegundos (modo ca a bater\u00eda), 6 milisegundos (de modo bater\u00eda a ca)<\/td>\n<\/tr>\n<tr>\n<td>Transferencia de bajo voltaje a energ\u00eda de bater\u00eda (calibraci\u00f3n) 92<\/td>\n<\/tr>\n<tr>\n<td>Transferencia de alto voltaje a energ\u00eda de bater\u00eda (calibraci\u00f3n) 150<\/td>\n<\/tr>\n<tr>\n<td>Funciones especiales<\/td>\n<\/tr>\n<tr>\n<td>Arranque en fr\u00edo (arranque en modo de bater\u00eda durante una falla del suministro el\u00e9ctrico) soporta la operaci\u00f3n de arranque en fr\u00edo<\/td>\n<\/tr>\n<tr>\n<td>Funciones del ups de alta disponibilidad bater\u00edas de cambio en operaci\u00f3n<\/td>\n<\/tr>\n<tr>\n<td>Caracter\u00edsticas de ahorro de energ\u00eda ecol\u00f3gico eficiencia mayor a 95% &#8211; ups ecol\u00f3gico<\/td>\n<\/tr>\n<tr>\n<td>Certificaciones<\/td>\n<\/tr>\n<tr>\n<td>Certificaciones del ups probado para ul1778 (ee. uu.); probado para csa (canad\u00e1); probado para nom (m\u00e9xico); cumple con fcc parte 15 categor\u00eda a (emi)<\/td>\n<\/tr>\n<\/table>\n","protected":false},"excerpt":{"rendered":"<p>El sistema de respaldo ininterrumpible smartpro smart1300lcdt interactivo de 120v, 1300va\/720w con lcd proporciona respaldo y protecci\u00f3n de energ\u00eda de ca contra apagones, ca\u00eddas de voltaje, sobretensiones y ruido en la l\u00ednea que pueden da\u00f1ar los aparatos electr\u00f3nicos o destruir la informaci\u00f3n. Ideal para respaldar su computadora de escritorio o componentes audiovisuales, estos ups interactivos cambian a modo de respaldo por bater\u00eda en milisegundos para mantener conectado su equipo por suficiente tiempo para guardar archivos y apagar con seguridad sin p\u00e9rdida de datos. En tanto que todos los ocho tomacorrientes nema 5-15r protegen contra sobretensiones, cuatro de estos tomacorrientes ofrecen adem\u00e1s hasta 64 minutos se soporte por bater\u00eda del ups para una pc b\u00e1sica de escritorio y monitor lcd y hasta 10 minutos de respaldo a media carga (360w). La regulaci\u00f3n autom\u00e1tica de voltaje (avr) corrige severos bajos voltajes de hasta 92v y sobrevoltajes de hasta 150v sin usar energ\u00eda de la bater\u00eda. La filtraci\u00f3n de ruido emi\/rfi mejora el rendimiento de su equipo y evita da\u00f1os. Una especificaci\u00f3n de supresi\u00f3n de sobretensiones de 650 joules protege a su equipo contra las da\u00f1inas sobretensiones. La clavija nema 5-15p con cable de 1.83 m [6 pies] conecta a cualquier contacto nema 5-15r. La gran pantalla lcd giratoria, con atenuador muestra de un vistazo en tiempo real los estados de voltaje de entrada, sobrecarga, avr, autonom\u00eda restante de la bater\u00eda y de la bater\u00eda. La alarma suena para indicar p\u00e9rdida de energ\u00eda o bater\u00eda baja. Con el software poweralert gratuito (disponible mediante descarga gratuita de la web) el smart1300lcdt permite el apagado seguro del sistema y guardado de archivos sin supervisi\u00f3n en caso de una falla prolongada de energ\u00eda.<\/p>\n","protected":false},"featured_media":217213,"comment_status":"open","ping_status":"open","template":"","meta":[],"product_cat":[1508,1691],"product_tag":[1510],"acf":[],"yoast_head":"<!-- This site is optimized with the Yoast SEO plugin v21.7 - https:\/\/yoast.com\/wordpress\/plugins\/seo\/ -->\n<title>[ Tripp-lite ] &#129351; Smart1300lcdt No Break Torre 720w 120v Avr Interactivo Lcd 8 Contactos 5\/15r<\/title>\n<meta name=\"description\" content=\"Compra Smart1300lcdt No Break Torre 720w 120v Avr Interactivo Lcd 8 Contactos 5\/15r + Env\u00edo a domicilio + Pago seguro + Garant\u00eda\" \/>\n<meta name=\"robots\" content=\"index, follow, max-snippet:-1, max-image-preview:large, max-video-preview:-1\" \/>\n<link rel=\"canonical\" href=\"https:\/\/compuviper.mx\/tienda\/producto\/tripp-lite-smart1300lcdt-no-break-torre-720w-120v-avr-interactivo-lcd-8-contactos-5-15r\/\" \/>\n<meta property=\"og:locale\" content=\"es_MX\" \/>\n<meta property=\"og:type\" content=\"article\" \/>\n<meta property=\"og:title\" content=\"[ Tripp-lite ] &#129351; Smart1300lcdt No Break Torre 720w 120v Avr Interactivo Lcd 8 Contactos 5\/15r\" \/>\n<meta property=\"og:description\" content=\"Compra Smart1300lcdt No Break Torre 720w 120v Avr Interactivo Lcd 8 Contactos 5\/15r + Env\u00edo a domicilio + Pago seguro + Garant\u00eda\" \/>\n<meta property=\"og:url\" content=\"https:\/\/compuviper.mx\/tienda\/producto\/tripp-lite-smart1300lcdt-no-break-torre-720w-120v-avr-interactivo-lcd-8-contactos-5-15r\/\" \/>\n<meta property=\"og:site_name\" content=\"Compuviper\" \/>\n<meta property=\"article:publisher\" content=\"https:\/\/www.facebook.com\/compuviper\" \/>\n<meta property=\"article:modified_time\" content=\"2026-04-25T06:17:25+00:00\" \/>\n<meta property=\"og:image\" content=\"https:\/\/compuviper.mx\/tienda\/wp-content\/uploads\/2023\/12\/No-break-tripp-lite-smart1300lcdt-torre-720w-120v-avr-interactivo-lcd-8-contactos-515r.jpg\" \/>\n\t<meta property=\"og:image:width\" content=\"200\" \/>\n\t<meta property=\"og:image:height\" content=\"200\" \/>\n\t<meta property=\"og:image:type\" content=\"image\/jpeg\" \/>\n<meta name=\"twitter:card\" content=\"summary_large_image\" \/>\n<meta name=\"twitter:label1\" content=\"Precio\" \/>\n\t<meta name=\"twitter:data1\" content=\"&#36;4,609 con IVA\" \/>\n\t<meta name=\"twitter:label2\" content=\"Availability\" \/>\n\t<meta name=\"twitter:data2\" content=\"In stock\" \/>\n<script type=\"application\/ld+json\" class=\"yoast-schema-graph\">{\"@context\":\"https:\/\/schema.org\",\"@graph\":[{\"@type\":\"WebPage\",\"@id\":\"https:\/\/compuviper.mx\/tienda\/producto\/tripp-lite-smart1300lcdt-no-break-torre-720w-120v-avr-interactivo-lcd-8-contactos-5-15r\/\",\"url\":\"https:\/\/compuviper.mx\/tienda\/producto\/tripp-lite-smart1300lcdt-no-break-torre-720w-120v-avr-interactivo-lcd-8-contactos-5-15r\/\",\"name\":\"[ Tripp-lite ] &#129351; Smart1300lcdt No Break Torre 720w 120v Avr Interactivo Lcd 8 Contactos 5\/15r\",\"isPartOf\":{\"@id\":\"https:\/\/compuviper.mx\/tienda\/#website\"},\"datePublished\":\"2026-04-25T06:17:24+00:00\",\"dateModified\":\"2026-04-25T06:17:25+00:00\",\"description\":\"Compra Smart1300lcdt No Break Torre 720w 120v Avr Interactivo Lcd 8 Contactos 5\/15r + Env\u00edo a domicilio + Pago seguro + Garant\u00eda\",\"breadcrumb\":{\"@id\":\"https:\/\/compuviper.mx\/tienda\/producto\/tripp-lite-smart1300lcdt-no-break-torre-720w-120v-avr-interactivo-lcd-8-contactos-5-15r\/#breadcrumb\"},\"inLanguage\":\"es-MX\",\"potentialAction\":[{\"@type\":\"ReadAction\",\"target\":[\"https:\/\/compuviper.mx\/tienda\/producto\/tripp-lite-smart1300lcdt-no-break-torre-720w-120v-avr-interactivo-lcd-8-contactos-5-15r\/\"]}]},{\"@type\":\"BreadcrumbList\",\"@id\":\"https:\/\/compuviper.mx\/tienda\/producto\/tripp-lite-smart1300lcdt-no-break-torre-720w-120v-avr-interactivo-lcd-8-contactos-5-15r\/#breadcrumb\",\"itemListElement\":[{\"@type\":\"ListItem\",\"position\":1,\"name\":\"Inicio\",\"item\":\"https:\/\/compuviper.mx\/tienda\/\"},{\"@type\":\"ListItem\",\"position\":2,\"name\":\"Productos\",\"item\":\"https:\/\/compuviper.mx\/tienda\/productos\/\"},{\"@type\":\"ListItem\",\"position\":3,\"name\":\"Energia\",\"item\":\"https:\/\/compuviper.mx\/tienda\/categoria-producto\/energia\/\"},{\"@type\":\"ListItem\",\"position\":4,\"name\":\"No Break\",\"item\":\"https:\/\/compuviper.mx\/tienda\/categoria-producto\/energia\/no-break\/\"},{\"@type\":\"ListItem\",\"position\":5,\"name\":\"Tripp-lite Smart1300lcdt No Break Torre 720w 120v Avr Interactivo Lcd 8 Contactos 5\/15r\"}]},{\"@type\":\"WebSite\",\"@id\":\"https:\/\/compuviper.mx\/tienda\/#website\",\"url\":\"https:\/\/compuviper.mx\/tienda\/\",\"name\":\"Compuviper\",\"description\":\"Proveedor de Computadoras, Laptops, Servidores, Monitores, Puntos de Venta, Teclados,   Impresoras, T\u00f3ner, C\u00e1maras de Seguridad y m\u00e1s en tu tienda en l\u00ednea\",\"publisher\":{\"@id\":\"https:\/\/compuviper.mx\/tienda\/#organization\"},\"potentialAction\":[{\"@type\":\"SearchAction\",\"target\":{\"@type\":\"EntryPoint\",\"urlTemplate\":\"https:\/\/compuviper.mx\/tienda\/?s={search_term_string}\"},\"query-input\":\"required name=search_term_string\"}],\"inLanguage\":\"es-MX\"},{\"@type\":\"Organization\",\"@id\":\"https:\/\/compuviper.mx\/tienda\/#organization\",\"name\":\"Compuviper\",\"url\":\"https:\/\/compuviper.mx\/tienda\/\",\"logo\":{\"@type\":\"ImageObject\",\"inLanguage\":\"es-MX\",\"@id\":\"https:\/\/compuviper.mx\/tienda\/#\/schema\/logo\/image\/\",\"url\":\"https:\/\/compuviper.mx\/tienda\/wp-content\/uploads\/2021\/08\/Logo-Compuviper-10.png\",\"contentUrl\":\"https:\/\/compuviper.mx\/tienda\/wp-content\/uploads\/2021\/08\/Logo-Compuviper-10.png\",\"width\":1000,\"height\":500,\"caption\":\"Compuviper\"},\"image\":{\"@id\":\"https:\/\/compuviper.mx\/tienda\/#\/schema\/logo\/image\/\"},\"sameAs\":[\"https:\/\/www.facebook.com\/compuviper\",\"https:\/\/www.youtube.com\/channel\/UCf73dERp9Y3cfOq7q8BhLjA?view_as=subscriber\"]}]}<\/script>\n<meta property=\"product:brand\" content=\"TRIPP-LITE\" \/>\n<meta property=\"product:price:amount\" content=\"4609\" \/>\n<meta property=\"product:price:currency\" content=\"MXN\" \/>\n<meta property=\"og:availability\" content=\"instock\" \/>\n<meta property=\"product:availability\" content=\"instock\" \/>\n<meta property=\"product:retailer_item_id\" content=\"SMART1300LCDT\" \/>\n<meta property=\"product:condition\" content=\"new\" \/>\n<!-- \/ Yoast SEO plugin. -->","yoast_head_json":{"title":"[ Tripp-lite ] &#129351; Smart1300lcdt No Break Torre 720w 120v Avr Interactivo Lcd 8 Contactos 5\/15r","description":"Compra Smart1300lcdt No Break Torre 720w 120v Avr Interactivo Lcd 8 Contactos 5\/15r + Env\u00edo a domicilio + Pago seguro + Garant\u00eda","robots":{"index":"index","follow":"follow","max-snippet":"max-snippet:-1","max-image-preview":"max-image-preview:large","max-video-preview":"max-video-preview:-1"},"canonical":"https:\/\/compuviper.mx\/tienda\/producto\/tripp-lite-smart1300lcdt-no-break-torre-720w-120v-avr-interactivo-lcd-8-contactos-5-15r\/","og_locale":"es_MX","og_type":"article","og_title":"[ Tripp-lite ] &#129351; Smart1300lcdt No Break Torre 720w 120v Avr Interactivo Lcd 8 Contactos 5\/15r","og_description":"Compra Smart1300lcdt No Break Torre 720w 120v Avr Interactivo Lcd 8 Contactos 5\/15r + Env\u00edo a domicilio + Pago seguro + Garant\u00eda","og_url":"https:\/\/compuviper.mx\/tienda\/producto\/tripp-lite-smart1300lcdt-no-break-torre-720w-120v-avr-interactivo-lcd-8-contactos-5-15r\/","og_site_name":"Compuviper","article_publisher":"https:\/\/www.facebook.com\/compuviper","article_modified_time":"2026-04-25T06:17:25+00:00","og_image":[{"width":200,"height":200,"url":"https:\/\/compuviper.mx\/tienda\/wp-content\/uploads\/2023\/12\/No-break-tripp-lite-smart1300lcdt-torre-720w-120v-avr-interactivo-lcd-8-contactos-515r.jpg","type":"image\/jpeg"}],"twitter_card":"summary_large_image","twitter_misc":{"Precio":"&#36;4,609 con IVA","Availability":"In stock"},"schema":{"@context":"https:\/\/schema.org","@graph":[{"@type":"WebPage","@id":"https:\/\/compuviper.mx\/tienda\/producto\/tripp-lite-smart1300lcdt-no-break-torre-720w-120v-avr-interactivo-lcd-8-contactos-5-15r\/","url":"https:\/\/compuviper.mx\/tienda\/producto\/tripp-lite-smart1300lcdt-no-break-torre-720w-120v-avr-interactivo-lcd-8-contactos-5-15r\/","name":"[ Tripp-lite ] &#129351; Smart1300lcdt No Break Torre 720w 120v Avr Interactivo Lcd 8 Contactos 5\/15r","isPartOf":{"@id":"https:\/\/compuviper.mx\/tienda\/#website"},"datePublished":"2026-04-25T06:17:24+00:00","dateModified":"2026-04-25T06:17:25+00:00","description":"Compra Smart1300lcdt No Break Torre 720w 120v Avr Interactivo Lcd 8 Contactos 5\/15r + Env\u00edo a domicilio + Pago seguro + Garant\u00eda","breadcrumb":{"@id":"https:\/\/compuviper.mx\/tienda\/producto\/tripp-lite-smart1300lcdt-no-break-torre-720w-120v-avr-interactivo-lcd-8-contactos-5-15r\/#breadcrumb"},"inLanguage":"es-MX","potentialAction":[{"@type":"ReadAction","target":["https:\/\/compuviper.mx\/tienda\/producto\/tripp-lite-smart1300lcdt-no-break-torre-720w-120v-avr-interactivo-lcd-8-contactos-5-15r\/"]}]},{"@type":"BreadcrumbList","@id":"https:\/\/compuviper.mx\/tienda\/producto\/tripp-lite-smart1300lcdt-no-break-torre-720w-120v-avr-interactivo-lcd-8-contactos-5-15r\/#breadcrumb","itemListElement":[{"@type":"ListItem","position":1,"name":"Inicio","item":"https:\/\/compuviper.mx\/tienda\/"},{"@type":"ListItem","position":2,"name":"Productos","item":"https:\/\/compuviper.mx\/tienda\/productos\/"},{"@type":"ListItem","position":3,"name":"Energia","item":"https:\/\/compuviper.mx\/tienda\/categoria-producto\/energia\/"},{"@type":"ListItem","position":4,"name":"No Break","item":"https:\/\/compuviper.mx\/tienda\/categoria-producto\/energia\/no-break\/"},{"@type":"ListItem","position":5,"name":"Tripp-lite Smart1300lcdt No Break Torre 720w 120v Avr Interactivo Lcd 8 Contactos 5\/15r"}]},{"@type":"WebSite","@id":"https:\/\/compuviper.mx\/tienda\/#website","url":"https:\/\/compuviper.mx\/tienda\/","name":"Compuviper","description":"Proveedor de Computadoras, Laptops, Servidores, Monitores, Puntos de Venta, Teclados,   Impresoras, T\u00f3ner, C\u00e1maras de Seguridad y m\u00e1s en tu tienda en l\u00ednea","publisher":{"@id":"https:\/\/compuviper.mx\/tienda\/#organization"},"potentialAction":[{"@type":"SearchAction","target":{"@type":"EntryPoint","urlTemplate":"https:\/\/compuviper.mx\/tienda\/?s={search_term_string}"},"query-input":"required name=search_term_string"}],"inLanguage":"es-MX"},{"@type":"Organization","@id":"https:\/\/compuviper.mx\/tienda\/#organization","name":"Compuviper","url":"https:\/\/compuviper.mx\/tienda\/","logo":{"@type":"ImageObject","inLanguage":"es-MX","@id":"https:\/\/compuviper.mx\/tienda\/#\/schema\/logo\/image\/","url":"https:\/\/compuviper.mx\/tienda\/wp-content\/uploads\/2021\/08\/Logo-Compuviper-10.png","contentUrl":"https:\/\/compuviper.mx\/tienda\/wp-content\/uploads\/2021\/08\/Logo-Compuviper-10.png","width":1000,"height":500,"caption":"Compuviper"},"image":{"@id":"https:\/\/compuviper.mx\/tienda\/#\/schema\/logo\/image\/"},"sameAs":["https:\/\/www.facebook.com\/compuviper","https:\/\/www.youtube.com\/channel\/UCf73dERp9Y3cfOq7q8BhLjA?view_as=subscriber"]}]},"product_brand":"TRIPP-LITE","product_price_amount":"4609","product_price_currency":"MXN","og_availability":"instock","product_availability":"instock","product_retailer_item_id":"SMART1300LCDT","product_condition":"new"},"_links":{"self":[{"href":"https:\/\/compuviper.mx\/tienda\/wp-json\/wp\/v2\/product\/217212"}],"collection":[{"href":"https:\/\/compuviper.mx\/tienda\/wp-json\/wp\/v2\/product"}],"about":[{"href":"https:\/\/compuviper.mx\/tienda\/wp-json\/wp\/v2\/types\/product"}],"replies":[{"embeddable":true,"href":"https:\/\/compuviper.mx\/tienda\/wp-json\/wp\/v2\/comments?post=217212"}],"wp:featuredmedia":[{"embeddable":true,"href":"https:\/\/compuviper.mx\/tienda\/wp-json\/wp\/v2\/media\/217213"}],"wp:attachment":[{"href":"https:\/\/compuviper.mx\/tienda\/wp-json\/wp\/v2\/media?parent=217212"}],"wp:term":[{"taxonomy":"product_cat","embeddable":true,"href":"https:\/\/compuviper.mx\/tienda\/wp-json\/wp\/v2\/product_cat?post=217212"},{"taxonomy":"product_tag","embeddable":true,"href":"https:\/\/compuviper.mx\/tienda\/wp-json\/wp\/v2\/product_tag?post=217212"}],"curies":[{"name":"wp","href":"https:\/\/api.w.org\/{rel}","templated":true}]}}