{"id":217210,"date":"2026-04-07T00:23:43","date_gmt":"2026-04-07T06:23:43","guid":{"rendered":"https:\/\/compuviper.mx\/tienda\/producto\/smartbitt-sbol10kt-2t-ups-torre-10kva-9000w-online-torre-208-120v-config-slot-snmp-lcd-transformador-iso\/"},"modified":"2026-04-07T00:23:43","modified_gmt":"2026-04-07T06:23:43","slug":"smartbitt-sbol10ktg1-2sbol10kt-2t-ups-online-sbol10ktg1-2-10kva-10-kw-tecnologia-on-line-montaje-torre-voltaje-de-entrada-208-voltaje-de-salida-208-120-conexin-de-entrada-y-salida-harwired","status":"publish","type":"product","link":"https:\/\/compuviper.mx\/tienda\/producto\/smartbitt-sbol10ktg1-2sbol10kt-2t-ups-online-sbol10ktg1-2-10kva-10-kw-tecnologia-on-line-montaje-torre-voltaje-de-entrada-208-voltaje-de-salida-208-120-conexin-de-entrada-y-salida-harwired\/","title":{"rendered":"Smartbitt Sbol10ktg1-2,sbol10kt-2t Ups Online  Sbol10ktg1-2 10kva\/10 Kw, Tecnologia On-line, Montaje Torre, Voltaje De Entrada 208, Voltaje De Salida 208 \/ 120, Conexi?n De Entrada Y Salida Harwired, Slot Snmp"},"content":{"rendered":"<table class=\"descripcion\">\n<tr>\n<td>\u0095 capacidad 10kva\/9000w<\/td>\n<\/tr>\n<tr>\n<td>\u0095 amplia gama de voltaje de entrada (110 v -300 v)<\/td>\n<\/tr>\n<tr>\n<td>\u0095 rango de frecuencia (modo bater\u00eda) 50 hz \u00b1 0.1 hz o 60hz \u00b1 0.1 hz<\/td>\n<\/tr>\n<tr>\n<td>\u0095 tipo de bater\u00eda 12 v-9ah<\/td>\n<\/tr>\n<tr>\n<td>\u0095 numero de bater\u00edas 20<\/td>\n<\/tr>\n<tr>\n<td>\u0095 tiempo de carga recuperaci\u00f3n en 9hrs al 90%<\/td>\n<\/tr>\n<tr>\n<td>\u0095 indicador panel lcd  de estado ups, el nivel de carga, nivel de bater\u00eda, voltaje de entrada\/salida,<\/td>\n<\/tr>\n<tr>\n<td>\u0095 temporizador de descarga y las condiciones de falla<\/td>\n<\/tr>\n<tr>\n<td>\u0095 snmp + usb + rs -232 soporta windows 2000\/2003\/xp\/vista\/2008, windows 7\/8, linux, unix, y mac<\/td>\n<\/tr>\n<tr>\n<td>Http:\/\/www.smartbitt.com\/datasheets\/sbol10kt-2.pdf<\/td>\n<\/tr>\n<\/table>\n","protected":false},"excerpt":{"rendered":"<p>Principales caracter\u00edsticas. \u0095 doble conversi\u00f3n. \u0095 alto rendimiento garant\u00edas tecnolog\u00eda dsp. \u0095 dise\u00f1o tipo torre. \u0095 interfase lcd amigable con el usuario. \u0095 entrada activa del factor de potencia. \u0095 50hz\/60hz modo de convertidor de frecuencia. \u0095 funcionamiento en modo eco para el ahorro energ\u00e9tico. \u0095 funci\u00f3n de apagado de emergencia (epo). \u0095 generador compatible. \u0095 comunicaciones snmp\/usb\/rs-232.<\/p>\n","protected":false},"featured_media":217211,"comment_status":"open","ping_status":"open","template":"","meta":[],"product_cat":[1508,1691],"product_tag":[1583],"acf":[],"yoast_head":"<!-- This site is optimized with the Yoast SEO plugin v21.7 - https:\/\/yoast.com\/wordpress\/plugins\/seo\/ -->\n<title>[ Smartbitt ] &#129351; Sbol10ktg1-2,sbol10kt-2t Ups Online Sbol10ktg1-2 10kva\/10 Kw, Tecnologia On-line, Montaje Torre, Voltaje De Entrada 208, Voltaje De Salida 208 \/ 120, Conexi\u00f3n De Entrada Y Salida Harwired, Slot Snmp<\/title>\n<meta name=\"description\" content=\"Compra Sbol10ktg1-2,sbol10kt-2t Ups Online Sbol10ktg1-2 10kva\/10 Kw, Tecnologia On-line, Montaje Torre, Voltaje De Entrada 208, Voltaje De Salida 208 \/ 120, Conexi\u00f3n De Entrada Y Salida Harwired, Slot Snmp + Env\u00edo a domicilio + Pago seguro + Garant\u00eda\" \/>\n<meta name=\"robots\" content=\"index, follow, max-snippet:-1, max-image-preview:large, max-video-preview:-1\" \/>\n<link rel=\"canonical\" href=\"https:\/\/compuviper.mx\/tienda\/producto\/smartbitt-sbol10ktg1-2sbol10kt-2t-ups-online-sbol10ktg1-2-10kva-10-kw-tecnologia-on-line-montaje-torre-voltaje-de-entrada-208-voltaje-de-salida-208-120-conexin-de-entrada-y-salida-harwired\/\" \/>\n<meta property=\"og:locale\" content=\"es_MX\" \/>\n<meta property=\"og:type\" content=\"article\" \/>\n<meta property=\"og:title\" content=\"[ Smartbitt ] &#129351; Sbol10ktg1-2,sbol10kt-2t Ups Online Sbol10ktg1-2 10kva\/10 Kw, Tecnologia On-line, Montaje Torre, Voltaje De Entrada 208, Voltaje De Salida 208 \/ 120, Conexi\u00f3n De Entrada Y Salida Harwired, Slot Snmp\" \/>\n<meta property=\"og:description\" content=\"Compra Sbol10ktg1-2,sbol10kt-2t Ups Online Sbol10ktg1-2 10kva\/10 Kw, Tecnologia On-line, Montaje Torre, Voltaje De Entrada 208, Voltaje De Salida 208 \/ 120, Conexi\u00f3n De Entrada Y Salida Harwired, Slot Snmp + Env\u00edo a domicilio + Pago seguro + Garant\u00eda\" \/>\n<meta property=\"og:url\" content=\"https:\/\/compuviper.mx\/tienda\/producto\/smartbitt-sbol10ktg1-2sbol10kt-2t-ups-online-sbol10ktg1-2-10kva-10-kw-tecnologia-on-line-montaje-torre-voltaje-de-entrada-208-voltaje-de-salida-208-120-conexin-de-entrada-y-salida-harwired\/\" \/>\n<meta property=\"og:site_name\" content=\"Compuviper\" \/>\n<meta property=\"article:publisher\" content=\"https:\/\/www.facebook.com\/compuviper\" \/>\n<meta property=\"og:image\" content=\"https:\/\/compuviper.mx\/tienda\/wp-content\/uploads\/2023\/12\/Ups-torre-smartbitt-10kva9000w-online-torre-208120v-config-slot-snmp-lcd-transformador-iso.jpg\" \/>\n\t<meta property=\"og:image:width\" content=\"200\" \/>\n\t<meta property=\"og:image:height\" content=\"200\" \/>\n\t<meta property=\"og:image:type\" content=\"image\/jpeg\" \/>\n<meta name=\"twitter:card\" content=\"summary_large_image\" \/>\n<meta name=\"twitter:label1\" content=\"Precio\" \/>\n\t<meta name=\"twitter:data1\" content=\"&#36;48,961 con IVA\" \/>\n\t<meta name=\"twitter:label2\" content=\"Availability\" \/>\n\t<meta name=\"twitter:data2\" content=\"Out of stock\" \/>\n<script type=\"application\/ld+json\" class=\"yoast-schema-graph\">{\"@context\":\"https:\/\/schema.org\",\"@graph\":[{\"@type\":\"WebPage\",\"@id\":\"https:\/\/compuviper.mx\/tienda\/producto\/smartbitt-sbol10ktg1-2sbol10kt-2t-ups-online-sbol10ktg1-2-10kva-10-kw-tecnologia-on-line-montaje-torre-voltaje-de-entrada-208-voltaje-de-salida-208-120-conexin-de-entrada-y-salida-harwired\/\",\"url\":\"https:\/\/compuviper.mx\/tienda\/producto\/smartbitt-sbol10ktg1-2sbol10kt-2t-ups-online-sbol10ktg1-2-10kva-10-kw-tecnologia-on-line-montaje-torre-voltaje-de-entrada-208-voltaje-de-salida-208-120-conexin-de-entrada-y-salida-harwired\/\",\"name\":\"[ Smartbitt ] &#129351; Sbol10ktg1-2,sbol10kt-2t Ups Online Sbol10ktg1-2 10kva\/10 Kw, Tecnologia On-line, Montaje Torre, Voltaje De Entrada 208, Voltaje De Salida 208 \/ 120, Conexi\u00f3n De Entrada Y Salida Harwired, Slot Snmp\",\"isPartOf\":{\"@id\":\"https:\/\/compuviper.mx\/tienda\/#website\"},\"datePublished\":\"2026-04-07T06:23:43+00:00\",\"dateModified\":\"2026-04-07T06:23:43+00:00\",\"description\":\"Compra Sbol10ktg1-2,sbol10kt-2t Ups Online Sbol10ktg1-2 10kva\/10 Kw, Tecnologia On-line, Montaje Torre, Voltaje De Entrada 208, Voltaje De Salida 208 \/ 120, Conexi\u00f3n De Entrada Y Salida Harwired, Slot Snmp + Env\u00edo a domicilio + Pago seguro + Garant\u00eda\",\"breadcrumb\":{\"@id\":\"https:\/\/compuviper.mx\/tienda\/producto\/smartbitt-sbol10ktg1-2sbol10kt-2t-ups-online-sbol10ktg1-2-10kva-10-kw-tecnologia-on-line-montaje-torre-voltaje-de-entrada-208-voltaje-de-salida-208-120-conexin-de-entrada-y-salida-harwired\/#breadcrumb\"},\"inLanguage\":\"es-MX\",\"potentialAction\":[{\"@type\":\"ReadAction\",\"target\":[\"https:\/\/compuviper.mx\/tienda\/producto\/smartbitt-sbol10ktg1-2sbol10kt-2t-ups-online-sbol10ktg1-2-10kva-10-kw-tecnologia-on-line-montaje-torre-voltaje-de-entrada-208-voltaje-de-salida-208-120-conexin-de-entrada-y-salida-harwired\/\"]}]},{\"@type\":\"BreadcrumbList\",\"@id\":\"https:\/\/compuviper.mx\/tienda\/producto\/smartbitt-sbol10ktg1-2sbol10kt-2t-ups-online-sbol10ktg1-2-10kva-10-kw-tecnologia-on-line-montaje-torre-voltaje-de-entrada-208-voltaje-de-salida-208-120-conexin-de-entrada-y-salida-harwired\/#breadcrumb\",\"itemListElement\":[{\"@type\":\"ListItem\",\"position\":1,\"name\":\"Inicio\",\"item\":\"https:\/\/compuviper.mx\/tienda\/\"},{\"@type\":\"ListItem\",\"position\":2,\"name\":\"Productos\",\"item\":\"https:\/\/compuviper.mx\/tienda\/productos\/\"},{\"@type\":\"ListItem\",\"position\":3,\"name\":\"Energia\",\"item\":\"https:\/\/compuviper.mx\/tienda\/categoria-producto\/energia\/\"},{\"@type\":\"ListItem\",\"position\":4,\"name\":\"No Break\",\"item\":\"https:\/\/compuviper.mx\/tienda\/categoria-producto\/energia\/no-break\/\"},{\"@type\":\"ListItem\",\"position\":5,\"name\":\"Smartbitt Sbol10ktg1-2,sbol10kt-2t Ups Online Sbol10ktg1-2 10kva\/10 Kw, Tecnologia On-line, Montaje Torre, Voltaje De Entrada 208, Voltaje De Salida 208 \/ 120, Conexi?n De Entrada Y Salida Harwired, Slot Snmp\"}]},{\"@type\":\"WebSite\",\"@id\":\"https:\/\/compuviper.mx\/tienda\/#website\",\"url\":\"https:\/\/compuviper.mx\/tienda\/\",\"name\":\"Compuviper\",\"description\":\"Proveedor de Computadoras, Laptops, Servidores, Monitores, Puntos de Venta, Teclados,   Impresoras, T\u00f3ner, C\u00e1maras de Seguridad y m\u00e1s en tu tienda en l\u00ednea\",\"publisher\":{\"@id\":\"https:\/\/compuviper.mx\/tienda\/#organization\"},\"potentialAction\":[{\"@type\":\"SearchAction\",\"target\":{\"@type\":\"EntryPoint\",\"urlTemplate\":\"https:\/\/compuviper.mx\/tienda\/?s={search_term_string}\"},\"query-input\":\"required name=search_term_string\"}],\"inLanguage\":\"es-MX\"},{\"@type\":\"Organization\",\"@id\":\"https:\/\/compuviper.mx\/tienda\/#organization\",\"name\":\"Compuviper\",\"url\":\"https:\/\/compuviper.mx\/tienda\/\",\"logo\":{\"@type\":\"ImageObject\",\"inLanguage\":\"es-MX\",\"@id\":\"https:\/\/compuviper.mx\/tienda\/#\/schema\/logo\/image\/\",\"url\":\"https:\/\/compuviper.mx\/tienda\/wp-content\/uploads\/2021\/08\/Logo-Compuviper-10.png\",\"contentUrl\":\"https:\/\/compuviper.mx\/tienda\/wp-content\/uploads\/2021\/08\/Logo-Compuviper-10.png\",\"width\":1000,\"height\":500,\"caption\":\"Compuviper\"},\"image\":{\"@id\":\"https:\/\/compuviper.mx\/tienda\/#\/schema\/logo\/image\/\"},\"sameAs\":[\"https:\/\/www.facebook.com\/compuviper\",\"https:\/\/www.youtube.com\/channel\/UCf73dERp9Y3cfOq7q8BhLjA?view_as=subscriber\"]}]}<\/script>\n<meta property=\"product:brand\" content=\"SMARTBITT\" \/>\n<meta property=\"product:price:amount\" content=\"48961\" \/>\n<meta property=\"product:price:currency\" content=\"MXN\" \/>\n<meta property=\"og:availability\" content=\"out of stock\" \/>\n<meta property=\"product:availability\" content=\"out of stock\" \/>\n<meta property=\"product:retailer_item_id\" content=\"SBOL10KTG1-2,SBOL10KT-2T\" \/>\n<meta property=\"product:condition\" content=\"new\" \/>\n<!-- \/ Yoast SEO plugin. -->","yoast_head_json":{"title":"[ Smartbitt ] &#129351; Sbol10ktg1-2,sbol10kt-2t Ups Online Sbol10ktg1-2 10kva\/10 Kw, Tecnologia On-line, Montaje Torre, Voltaje De Entrada 208, Voltaje De Salida 208 \/ 120, Conexi\u00f3n De Entrada Y Salida Harwired, Slot Snmp","description":"Compra Sbol10ktg1-2,sbol10kt-2t Ups Online Sbol10ktg1-2 10kva\/10 Kw, Tecnologia On-line, Montaje Torre, Voltaje De Entrada 208, Voltaje De Salida 208 \/ 120, Conexi\u00f3n De Entrada Y Salida Harwired, Slot Snmp + Env\u00edo a domicilio + Pago seguro + Garant\u00eda","robots":{"index":"index","follow":"follow","max-snippet":"max-snippet:-1","max-image-preview":"max-image-preview:large","max-video-preview":"max-video-preview:-1"},"canonical":"https:\/\/compuviper.mx\/tienda\/producto\/smartbitt-sbol10ktg1-2sbol10kt-2t-ups-online-sbol10ktg1-2-10kva-10-kw-tecnologia-on-line-montaje-torre-voltaje-de-entrada-208-voltaje-de-salida-208-120-conexin-de-entrada-y-salida-harwired\/","og_locale":"es_MX","og_type":"article","og_title":"[ Smartbitt ] &#129351; Sbol10ktg1-2,sbol10kt-2t Ups Online Sbol10ktg1-2 10kva\/10 Kw, Tecnologia On-line, Montaje Torre, Voltaje De Entrada 208, Voltaje De Salida 208 \/ 120, Conexi\u00f3n De Entrada Y Salida Harwired, Slot Snmp","og_description":"Compra Sbol10ktg1-2,sbol10kt-2t Ups Online Sbol10ktg1-2 10kva\/10 Kw, Tecnologia On-line, Montaje Torre, Voltaje De Entrada 208, Voltaje De Salida 208 \/ 120, Conexi\u00f3n De Entrada Y Salida Harwired, Slot Snmp + Env\u00edo a domicilio + Pago seguro + Garant\u00eda","og_url":"https:\/\/compuviper.mx\/tienda\/producto\/smartbitt-sbol10ktg1-2sbol10kt-2t-ups-online-sbol10ktg1-2-10kva-10-kw-tecnologia-on-line-montaje-torre-voltaje-de-entrada-208-voltaje-de-salida-208-120-conexin-de-entrada-y-salida-harwired\/","og_site_name":"Compuviper","article_publisher":"https:\/\/www.facebook.com\/compuviper","og_image":[{"width":200,"height":200,"url":"https:\/\/compuviper.mx\/tienda\/wp-content\/uploads\/2023\/12\/Ups-torre-smartbitt-10kva9000w-online-torre-208120v-config-slot-snmp-lcd-transformador-iso.jpg","type":"image\/jpeg"}],"twitter_card":"summary_large_image","twitter_misc":{"Precio":"&#36;48,961 con IVA","Availability":"Out of stock"},"schema":{"@context":"https:\/\/schema.org","@graph":[{"@type":"WebPage","@id":"https:\/\/compuviper.mx\/tienda\/producto\/smartbitt-sbol10ktg1-2sbol10kt-2t-ups-online-sbol10ktg1-2-10kva-10-kw-tecnologia-on-line-montaje-torre-voltaje-de-entrada-208-voltaje-de-salida-208-120-conexin-de-entrada-y-salida-harwired\/","url":"https:\/\/compuviper.mx\/tienda\/producto\/smartbitt-sbol10ktg1-2sbol10kt-2t-ups-online-sbol10ktg1-2-10kva-10-kw-tecnologia-on-line-montaje-torre-voltaje-de-entrada-208-voltaje-de-salida-208-120-conexin-de-entrada-y-salida-harwired\/","name":"[ Smartbitt ] &#129351; Sbol10ktg1-2,sbol10kt-2t Ups Online Sbol10ktg1-2 10kva\/10 Kw, Tecnologia On-line, Montaje Torre, Voltaje De Entrada 208, Voltaje De Salida 208 \/ 120, Conexi\u00f3n De Entrada Y Salida Harwired, Slot Snmp","isPartOf":{"@id":"https:\/\/compuviper.mx\/tienda\/#website"},"datePublished":"2026-04-07T06:23:43+00:00","dateModified":"2026-04-07T06:23:43+00:00","description":"Compra Sbol10ktg1-2,sbol10kt-2t Ups Online Sbol10ktg1-2 10kva\/10 Kw, Tecnologia On-line, Montaje Torre, Voltaje De Entrada 208, Voltaje De Salida 208 \/ 120, Conexi\u00f3n De Entrada Y Salida Harwired, Slot Snmp + Env\u00edo a domicilio + Pago seguro + Garant\u00eda","breadcrumb":{"@id":"https:\/\/compuviper.mx\/tienda\/producto\/smartbitt-sbol10ktg1-2sbol10kt-2t-ups-online-sbol10ktg1-2-10kva-10-kw-tecnologia-on-line-montaje-torre-voltaje-de-entrada-208-voltaje-de-salida-208-120-conexin-de-entrada-y-salida-harwired\/#breadcrumb"},"inLanguage":"es-MX","potentialAction":[{"@type":"ReadAction","target":["https:\/\/compuviper.mx\/tienda\/producto\/smartbitt-sbol10ktg1-2sbol10kt-2t-ups-online-sbol10ktg1-2-10kva-10-kw-tecnologia-on-line-montaje-torre-voltaje-de-entrada-208-voltaje-de-salida-208-120-conexin-de-entrada-y-salida-harwired\/"]}]},{"@type":"BreadcrumbList","@id":"https:\/\/compuviper.mx\/tienda\/producto\/smartbitt-sbol10ktg1-2sbol10kt-2t-ups-online-sbol10ktg1-2-10kva-10-kw-tecnologia-on-line-montaje-torre-voltaje-de-entrada-208-voltaje-de-salida-208-120-conexin-de-entrada-y-salida-harwired\/#breadcrumb","itemListElement":[{"@type":"ListItem","position":1,"name":"Inicio","item":"https:\/\/compuviper.mx\/tienda\/"},{"@type":"ListItem","position":2,"name":"Productos","item":"https:\/\/compuviper.mx\/tienda\/productos\/"},{"@type":"ListItem","position":3,"name":"Energia","item":"https:\/\/compuviper.mx\/tienda\/categoria-producto\/energia\/"},{"@type":"ListItem","position":4,"name":"No Break","item":"https:\/\/compuviper.mx\/tienda\/categoria-producto\/energia\/no-break\/"},{"@type":"ListItem","position":5,"name":"Smartbitt Sbol10ktg1-2,sbol10kt-2t Ups Online Sbol10ktg1-2 10kva\/10 Kw, Tecnologia On-line, Montaje Torre, Voltaje De Entrada 208, Voltaje De Salida 208 \/ 120, Conexi?n De Entrada Y Salida Harwired, Slot Snmp"}]},{"@type":"WebSite","@id":"https:\/\/compuviper.mx\/tienda\/#website","url":"https:\/\/compuviper.mx\/tienda\/","name":"Compuviper","description":"Proveedor de Computadoras, Laptops, Servidores, Monitores, Puntos de Venta, Teclados,   Impresoras, T\u00f3ner, C\u00e1maras de Seguridad y m\u00e1s en tu tienda en l\u00ednea","publisher":{"@id":"https:\/\/compuviper.mx\/tienda\/#organization"},"potentialAction":[{"@type":"SearchAction","target":{"@type":"EntryPoint","urlTemplate":"https:\/\/compuviper.mx\/tienda\/?s={search_term_string}"},"query-input":"required name=search_term_string"}],"inLanguage":"es-MX"},{"@type":"Organization","@id":"https:\/\/compuviper.mx\/tienda\/#organization","name":"Compuviper","url":"https:\/\/compuviper.mx\/tienda\/","logo":{"@type":"ImageObject","inLanguage":"es-MX","@id":"https:\/\/compuviper.mx\/tienda\/#\/schema\/logo\/image\/","url":"https:\/\/compuviper.mx\/tienda\/wp-content\/uploads\/2021\/08\/Logo-Compuviper-10.png","contentUrl":"https:\/\/compuviper.mx\/tienda\/wp-content\/uploads\/2021\/08\/Logo-Compuviper-10.png","width":1000,"height":500,"caption":"Compuviper"},"image":{"@id":"https:\/\/compuviper.mx\/tienda\/#\/schema\/logo\/image\/"},"sameAs":["https:\/\/www.facebook.com\/compuviper","https:\/\/www.youtube.com\/channel\/UCf73dERp9Y3cfOq7q8BhLjA?view_as=subscriber"]}]},"product_brand":"SMARTBITT","product_price_amount":"48961","product_price_currency":"MXN","og_availability":"out of stock","product_availability":"out of stock","product_retailer_item_id":"SBOL10KTG1-2,SBOL10KT-2T","product_condition":"new"},"_links":{"self":[{"href":"https:\/\/compuviper.mx\/tienda\/wp-json\/wp\/v2\/product\/217210"}],"collection":[{"href":"https:\/\/compuviper.mx\/tienda\/wp-json\/wp\/v2\/product"}],"about":[{"href":"https:\/\/compuviper.mx\/tienda\/wp-json\/wp\/v2\/types\/product"}],"replies":[{"embeddable":true,"href":"https:\/\/compuviper.mx\/tienda\/wp-json\/wp\/v2\/comments?post=217210"}],"wp:featuredmedia":[{"embeddable":true,"href":"https:\/\/compuviper.mx\/tienda\/wp-json\/wp\/v2\/media\/217211"}],"wp:attachment":[{"href":"https:\/\/compuviper.mx\/tienda\/wp-json\/wp\/v2\/media?parent=217210"}],"wp:term":[{"taxonomy":"product_cat","embeddable":true,"href":"https:\/\/compuviper.mx\/tienda\/wp-json\/wp\/v2\/product_cat?post=217210"},{"taxonomy":"product_tag","embeddable":true,"href":"https:\/\/compuviper.mx\/tienda\/wp-json\/wp\/v2\/product_tag?post=217210"}],"curies":[{"name":"wp","href":"https:\/\/api.w.org\/{rel}","templated":true}]}}