{"id":217208,"date":"2026-04-02T00:23:18","date_gmt":"2026-04-02T06:23:18","guid":{"rendered":"https:\/\/compuviper.mx\/tienda\/producto\/smartbitt-sbnb2200proii-no-break-2-2kva-1800-watts-interactivo-torre-rack-2u\/"},"modified":"2026-04-02T00:23:18","modified_gmt":"2026-04-02T06:23:18","slug":"smartbitt-sbnb2200proii-no-break-interactivo-2-2kva-1800w-interactivo-senoidal-torre-rack-2u-clavija-nema-5-20p-8-contactos-nema-5-15-20r-con-respaldo-de-bateras-panel-lcd","status":"publish","type":"product","link":"https:\/\/compuviper.mx\/tienda\/producto\/smartbitt-sbnb2200proii-no-break-interactivo-2-2kva-1800w-interactivo-senoidal-torre-rack-2u-clavija-nema-5-20p-8-contactos-nema-5-15-20r-con-respaldo-de-bateras-panel-lcd\/","title":{"rendered":"Smartbitt Sbnb2200proii No-break Interactivo   2.2kva\/1800w Interactivo Senoidal, Torre\/rack 2u, Clavija Nema 5-20p, 8 Contactos Nema 5-15\/20r, Con Respaldo De Bateras, Panel Lcd"},"content":{"rendered":"<table class=\"descripcion\">\n<tr>\n<td>Modelo<\/td>\n<\/tr>\n<tr>\n<td>Sbnb2200proii<\/td>\n<\/tr>\n<tr>\n<td>Capacidad 2200 va \/ 1800 w<\/td>\n<\/tr>\n<tr>\n<td>Entrada<\/td>\n<\/tr>\n<tr>\n<td>Rango de voltaje aceptable 60 -150 vca<\/td>\n<\/tr>\n<tr>\n<td>Rango de frecuencia 60 &#8211; 50 hz (detecci\u00f3n autom\u00e1tica)<\/td>\n<\/tr>\n<tr>\n<td>Salida<\/td>\n<\/tr>\n<tr>\n<td>Voltaje de salida 110, 115, 120, 127 v +\/- 10%<\/td>\n<\/tr>\n<tr>\n<td>Regulaci\u00f3n de voltaje  + \/ &#8211; 3% (modo bater\u00eda)<\/td>\n<\/tr>\n<tr>\n<td>Rango de frecuencia (modo bateria) 50hz \u00f3 60hz +\/- 1hz<\/td>\n<\/tr>\n<tr>\n<td>Factor de cresta 3:1<\/td>\n<\/tr>\n<tr>\n<td>Distorsi\u00f3n arm\u00f3nica 8% max @ 100% carga lineal.<\/td>\n<\/tr>\n<tr>\n<td>15% max @ 100% carga no lineal<\/td>\n<\/tr>\n<tr>\n<td>Tiempo de transferencia habitualmente 2-6 ms<\/td>\n<\/tr>\n<tr>\n<td>Forma de onda (modo bater\u00eda) onda senoidal pura<\/td>\n<\/tr>\n<tr>\n<td>Rendimiento \/ eficiencia<\/td>\n<\/tr>\n<tr>\n<td>Modo ac (normal) 97%<\/td>\n<\/tr>\n<tr>\n<td>Modo buck y boost 90%<\/td>\n<\/tr>\n<tr>\n<td>Modo bater\u00eda 85%<\/td>\n<\/tr>\n<tr>\n<td>Bater\u00eda<\/td>\n<\/tr>\n<tr>\n<td>Modelo standar<\/td>\n<\/tr>\n<tr>\n<td>Tipo de bater\u00eda 12v 7ah (x4)<\/td>\n<\/tr>\n<tr>\n<td>Voltaje de recarga 54.8 vdc +\/- 1%<\/td>\n<\/tr>\n<tr>\n<td>Tiempo de carga habitual 4 hrs. al 90% de capacidad<\/td>\n<\/tr>\n<tr>\n<td>Modelo long-run<\/td>\n<\/tr>\n<tr>\n<td>Corriente de carga 4a \/ 8a<\/td>\n<\/tr>\n<tr>\n<td>Voltaje de carga  54.8 vdc +\/- 1%<\/td>\n<\/tr>\n<tr>\n<td>Protecci\u00f3n<\/td>\n<\/tr>\n<tr>\n<td>Protecciones sobrecarga, corto circuito, descarga prolongada de bater\u00edas<\/td>\n<\/tr>\n<tr>\n<td>Alarmas<\/td>\n<\/tr>\n<tr>\n<td>Modo bater\u00eda suena cada 10 segundos<\/td>\n<\/tr>\n<tr>\n<td>Bater\u00eda baja sonando cada segundo<\/td>\n<\/tr>\n<tr>\n<td>Sobrecarga suena cada 0.5 segundos<\/td>\n<\/tr>\n<tr>\n<td>Falla suena continuamente<\/td>\n<\/tr>\n<tr>\n<td>Caracteristicas<\/td>\n<\/tr>\n<tr>\n<td>Dimensiones 480 x 438 x 88 mm<\/td>\n<\/tr>\n<tr>\n<td>Peso 23.1 kg<\/td>\n<\/tr>\n<tr>\n<td>Ambiente apropiado<\/td>\n<\/tr>\n<tr>\n<td>Humedad relativa 0-90% rh @ 0-40\u00ba c (sin condensaci\u00f3n)<\/td>\n<\/tr>\n<tr>\n<td>Nivel de ruido menos de 45 db<\/td>\n<\/tr>\n<tr>\n<td> comunicaciones<\/td>\n<\/tr>\n<tr>\n<td>Puertos rs-232 \/ usb \/ slot inteligente soporte de windows linux unix y mac<\/td>\n<\/tr>\n<tr>\n<td>Tarjeta snmp (opcional) (no incluida) administraci\u00f3n de energ\u00eda de un gestor de snmp y navegador web<\/td>\n<\/tr>\n<tr>\n<td>*el tiempo de respaldo puede variar dependiendo la carga conectada al ups.<\/td>\n<\/tr>\n<\/table>\n","protected":false},"excerpt":{"rendered":"<p>Tecnolog\u00eda interactiva senoidal. Equipos ideales para soluciones profesionales, empresariales . Su dise\u00f1o tipo rack\/torre es una de las caracter\u00edsticas destacables en estos productos, adem\u00e1s de una pantalla lcd que le brindara toda la informaci\u00f3n que necesita saber para un correcto monitoreo del ups. Pantalla x-y. Pantalla lcd de funci\u00f3n x-y, donde al colocar el ups de manera horizontal o vertical la pantalla se ajusta para que puedas tener una mejor visi\u00f3n del monitoreo. La pantalla es de lectura f\u00e1cil para que puedas conocer el estado del ups a la perfecci\u00f3n. Ventajas. Descubra las ventajas de un equipo que presenta una eficiencia competitiva. De f\u00e1cil lectura, tama\u00f1o ideal y una calidad en el acabado y en el interior del equipo que se muestra como una gran soluci\u00f3n para su empresa o negocio. Eficiencia  and  funcionalidad. Equipos creados para soluciones empresariales,  el modelo pro surge como una soluci\u00f3n altamente confiable. Descubra las ventajas de un equipo que presenta una eficiencia competitiva, de f\u00e1cil lectura, tama\u00f1o ideal con una calidad en el acabado exterior de primera y en el interior del equipo mostrandose como una gran soluci\u00f3n para su empresa o negocio. Principales caracter\u00edsticas. Salidas para conexi\u00f3n de cargas cr\u00edticas.  Entrada de red ca.  Interruptor de entrada.  Supresor de picos de red \/ fax \/ m\u00f3dem.  Conexi\u00f3n para interruptor de emergencia (epo.  Puerto de comunicaci\u00f3n usb.  Puerto de comunicaci\u00f3n rs-232.  Conector de bater\u00edas externo.  Puerto de conexi\u00f3n de bater\u00edas externas.  Terminales de entrada.  Contactos de salida.  Slot inteligente para tarjeta snmp (no incluida)<\/p>\n","protected":false},"featured_media":217209,"comment_status":"open","ping_status":"open","template":"","meta":[],"product_cat":[1508,1691],"product_tag":[1583],"acf":[],"yoast_head":"<!-- This site is optimized with the Yoast SEO plugin v21.7 - https:\/\/yoast.com\/wordpress\/plugins\/seo\/ -->\n<title>[ Smartbitt ] &#129351; Sbnb2200proii No-break Interactivo 2.2kva\/1800w Interactivo Senoidal, Torre\/rack 2u, Clavija Nema 5-20p, 8 Contactos Nema 5-15\/20r, Con Respaldo De Bateras, Panel Lcd<\/title>\n<meta name=\"description\" content=\"Compra Sbnb2200proii No-break Interactivo 2.2kva\/1800w Interactivo Senoidal, Torre\/rack 2u, Clavija Nema 5-20p, 8 Contactos Nema 5-15\/20r, Con Respaldo De Bateras, Panel Lcd + Env\u00edo a domicilio + Pago seguro + Garant\u00eda\" \/>\n<meta name=\"robots\" content=\"index, follow, max-snippet:-1, max-image-preview:large, max-video-preview:-1\" \/>\n<link rel=\"canonical\" href=\"https:\/\/compuviper.mx\/tienda\/producto\/smartbitt-sbnb2200proii-no-break-interactivo-2-2kva-1800w-interactivo-senoidal-torre-rack-2u-clavija-nema-5-20p-8-contactos-nema-5-15-20r-con-respaldo-de-bateras-panel-lcd\/\" \/>\n<meta property=\"og:locale\" content=\"es_MX\" \/>\n<meta property=\"og:type\" content=\"article\" \/>\n<meta property=\"og:title\" content=\"[ Smartbitt ] &#129351; Sbnb2200proii No-break Interactivo 2.2kva\/1800w Interactivo Senoidal, Torre\/rack 2u, Clavija Nema 5-20p, 8 Contactos Nema 5-15\/20r, Con Respaldo De Bateras, Panel Lcd\" \/>\n<meta property=\"og:description\" content=\"Compra Sbnb2200proii No-break Interactivo 2.2kva\/1800w Interactivo Senoidal, Torre\/rack 2u, Clavija Nema 5-20p, 8 Contactos Nema 5-15\/20r, Con Respaldo De Bateras, Panel Lcd + Env\u00edo a domicilio + Pago seguro + Garant\u00eda\" \/>\n<meta property=\"og:url\" content=\"https:\/\/compuviper.mx\/tienda\/producto\/smartbitt-sbnb2200proii-no-break-interactivo-2-2kva-1800w-interactivo-senoidal-torre-rack-2u-clavija-nema-5-20p-8-contactos-nema-5-15-20r-con-respaldo-de-bateras-panel-lcd\/\" \/>\n<meta property=\"og:site_name\" content=\"Compuviper\" \/>\n<meta property=\"article:publisher\" content=\"https:\/\/www.facebook.com\/compuviper\" \/>\n<meta property=\"og:image\" content=\"https:\/\/compuviper.mx\/tienda\/wp-content\/uploads\/2023\/12\/No-break-smartbitt-2.2kva1800-watts-interactivo-torre-rack-2u.jpg\" \/>\n\t<meta property=\"og:image:width\" content=\"200\" \/>\n\t<meta property=\"og:image:height\" content=\"200\" \/>\n\t<meta property=\"og:image:type\" content=\"image\/jpeg\" \/>\n<meta name=\"twitter:card\" content=\"summary_large_image\" \/>\n<meta name=\"twitter:label1\" content=\"Precio\" \/>\n\t<meta name=\"twitter:data1\" content=\"&#36;11,287 con IVA\" \/>\n\t<meta name=\"twitter:label2\" content=\"Availability\" \/>\n\t<meta name=\"twitter:data2\" content=\"In stock\" \/>\n<script type=\"application\/ld+json\" class=\"yoast-schema-graph\">{\"@context\":\"https:\/\/schema.org\",\"@graph\":[{\"@type\":\"WebPage\",\"@id\":\"https:\/\/compuviper.mx\/tienda\/producto\/smartbitt-sbnb2200proii-no-break-interactivo-2-2kva-1800w-interactivo-senoidal-torre-rack-2u-clavija-nema-5-20p-8-contactos-nema-5-15-20r-con-respaldo-de-bateras-panel-lcd\/\",\"url\":\"https:\/\/compuviper.mx\/tienda\/producto\/smartbitt-sbnb2200proii-no-break-interactivo-2-2kva-1800w-interactivo-senoidal-torre-rack-2u-clavija-nema-5-20p-8-contactos-nema-5-15-20r-con-respaldo-de-bateras-panel-lcd\/\",\"name\":\"[ Smartbitt ] &#129351; Sbnb2200proii No-break Interactivo 2.2kva\/1800w Interactivo Senoidal, Torre\/rack 2u, Clavija Nema 5-20p, 8 Contactos Nema 5-15\/20r, Con Respaldo De Bateras, Panel Lcd\",\"isPartOf\":{\"@id\":\"https:\/\/compuviper.mx\/tienda\/#website\"},\"datePublished\":\"2026-04-02T06:23:18+00:00\",\"dateModified\":\"2026-04-02T06:23:18+00:00\",\"description\":\"Compra Sbnb2200proii No-break Interactivo 2.2kva\/1800w Interactivo Senoidal, Torre\/rack 2u, Clavija Nema 5-20p, 8 Contactos Nema 5-15\/20r, Con Respaldo De Bateras, Panel Lcd + Env\u00edo a domicilio + Pago seguro + Garant\u00eda\",\"breadcrumb\":{\"@id\":\"https:\/\/compuviper.mx\/tienda\/producto\/smartbitt-sbnb2200proii-no-break-interactivo-2-2kva-1800w-interactivo-senoidal-torre-rack-2u-clavija-nema-5-20p-8-contactos-nema-5-15-20r-con-respaldo-de-bateras-panel-lcd\/#breadcrumb\"},\"inLanguage\":\"es-MX\",\"potentialAction\":[{\"@type\":\"ReadAction\",\"target\":[\"https:\/\/compuviper.mx\/tienda\/producto\/smartbitt-sbnb2200proii-no-break-interactivo-2-2kva-1800w-interactivo-senoidal-torre-rack-2u-clavija-nema-5-20p-8-contactos-nema-5-15-20r-con-respaldo-de-bateras-panel-lcd\/\"]}]},{\"@type\":\"BreadcrumbList\",\"@id\":\"https:\/\/compuviper.mx\/tienda\/producto\/smartbitt-sbnb2200proii-no-break-interactivo-2-2kva-1800w-interactivo-senoidal-torre-rack-2u-clavija-nema-5-20p-8-contactos-nema-5-15-20r-con-respaldo-de-bateras-panel-lcd\/#breadcrumb\",\"itemListElement\":[{\"@type\":\"ListItem\",\"position\":1,\"name\":\"Inicio\",\"item\":\"https:\/\/compuviper.mx\/tienda\/\"},{\"@type\":\"ListItem\",\"position\":2,\"name\":\"Productos\",\"item\":\"https:\/\/compuviper.mx\/tienda\/productos\/\"},{\"@type\":\"ListItem\",\"position\":3,\"name\":\"Energia\",\"item\":\"https:\/\/compuviper.mx\/tienda\/categoria-producto\/energia\/\"},{\"@type\":\"ListItem\",\"position\":4,\"name\":\"No Break\",\"item\":\"https:\/\/compuviper.mx\/tienda\/categoria-producto\/energia\/no-break\/\"},{\"@type\":\"ListItem\",\"position\":5,\"name\":\"Smartbitt Sbnb2200proii No-break Interactivo 2.2kva\/1800w Interactivo Senoidal, Torre\/rack 2u, Clavija Nema 5-20p, 8 Contactos Nema 5-15\/20r, Con Respaldo De Bateras, Panel Lcd\"}]},{\"@type\":\"WebSite\",\"@id\":\"https:\/\/compuviper.mx\/tienda\/#website\",\"url\":\"https:\/\/compuviper.mx\/tienda\/\",\"name\":\"Compuviper\",\"description\":\"Proveedor de Computadoras, Laptops, Servidores, Monitores, Puntos de Venta, Teclados,   Impresoras, T\u00f3ner, C\u00e1maras de Seguridad y m\u00e1s en tu tienda en l\u00ednea\",\"publisher\":{\"@id\":\"https:\/\/compuviper.mx\/tienda\/#organization\"},\"potentialAction\":[{\"@type\":\"SearchAction\",\"target\":{\"@type\":\"EntryPoint\",\"urlTemplate\":\"https:\/\/compuviper.mx\/tienda\/?s={search_term_string}\"},\"query-input\":\"required name=search_term_string\"}],\"inLanguage\":\"es-MX\"},{\"@type\":\"Organization\",\"@id\":\"https:\/\/compuviper.mx\/tienda\/#organization\",\"name\":\"Compuviper\",\"url\":\"https:\/\/compuviper.mx\/tienda\/\",\"logo\":{\"@type\":\"ImageObject\",\"inLanguage\":\"es-MX\",\"@id\":\"https:\/\/compuviper.mx\/tienda\/#\/schema\/logo\/image\/\",\"url\":\"https:\/\/compuviper.mx\/tienda\/wp-content\/uploads\/2021\/08\/Logo-Compuviper-10.png\",\"contentUrl\":\"https:\/\/compuviper.mx\/tienda\/wp-content\/uploads\/2021\/08\/Logo-Compuviper-10.png\",\"width\":1000,\"height\":500,\"caption\":\"Compuviper\"},\"image\":{\"@id\":\"https:\/\/compuviper.mx\/tienda\/#\/schema\/logo\/image\/\"},\"sameAs\":[\"https:\/\/www.facebook.com\/compuviper\",\"https:\/\/www.youtube.com\/channel\/UCf73dERp9Y3cfOq7q8BhLjA?view_as=subscriber\"]}]}<\/script>\n<meta property=\"product:brand\" content=\"SMARTBITT\" \/>\n<meta property=\"product:price:amount\" content=\"11287\" \/>\n<meta property=\"product:price:currency\" content=\"MXN\" \/>\n<meta property=\"og:availability\" content=\"instock\" \/>\n<meta property=\"product:availability\" content=\"instock\" \/>\n<meta property=\"product:retailer_item_id\" content=\"SBNB2200PROII\" \/>\n<meta property=\"product:condition\" content=\"new\" \/>\n<!-- \/ Yoast SEO plugin. -->","yoast_head_json":{"title":"[ Smartbitt ] &#129351; Sbnb2200proii No-break Interactivo 2.2kva\/1800w Interactivo Senoidal, Torre\/rack 2u, Clavija Nema 5-20p, 8 Contactos Nema 5-15\/20r, Con Respaldo De Bateras, Panel Lcd","description":"Compra Sbnb2200proii No-break Interactivo 2.2kva\/1800w Interactivo Senoidal, Torre\/rack 2u, Clavija Nema 5-20p, 8 Contactos Nema 5-15\/20r, Con Respaldo De Bateras, Panel Lcd + Env\u00edo a domicilio + Pago seguro + Garant\u00eda","robots":{"index":"index","follow":"follow","max-snippet":"max-snippet:-1","max-image-preview":"max-image-preview:large","max-video-preview":"max-video-preview:-1"},"canonical":"https:\/\/compuviper.mx\/tienda\/producto\/smartbitt-sbnb2200proii-no-break-interactivo-2-2kva-1800w-interactivo-senoidal-torre-rack-2u-clavija-nema-5-20p-8-contactos-nema-5-15-20r-con-respaldo-de-bateras-panel-lcd\/","og_locale":"es_MX","og_type":"article","og_title":"[ Smartbitt ] &#129351; Sbnb2200proii No-break Interactivo 2.2kva\/1800w Interactivo Senoidal, Torre\/rack 2u, Clavija Nema 5-20p, 8 Contactos Nema 5-15\/20r, Con Respaldo De Bateras, Panel Lcd","og_description":"Compra Sbnb2200proii No-break Interactivo 2.2kva\/1800w Interactivo Senoidal, Torre\/rack 2u, Clavija Nema 5-20p, 8 Contactos Nema 5-15\/20r, Con Respaldo De Bateras, Panel Lcd + Env\u00edo a domicilio + Pago seguro + Garant\u00eda","og_url":"https:\/\/compuviper.mx\/tienda\/producto\/smartbitt-sbnb2200proii-no-break-interactivo-2-2kva-1800w-interactivo-senoidal-torre-rack-2u-clavija-nema-5-20p-8-contactos-nema-5-15-20r-con-respaldo-de-bateras-panel-lcd\/","og_site_name":"Compuviper","article_publisher":"https:\/\/www.facebook.com\/compuviper","og_image":[{"width":200,"height":200,"url":"https:\/\/compuviper.mx\/tienda\/wp-content\/uploads\/2023\/12\/No-break-smartbitt-2.2kva1800-watts-interactivo-torre-rack-2u.jpg","type":"image\/jpeg"}],"twitter_card":"summary_large_image","twitter_misc":{"Precio":"&#36;11,287 con IVA","Availability":"In stock"},"schema":{"@context":"https:\/\/schema.org","@graph":[{"@type":"WebPage","@id":"https:\/\/compuviper.mx\/tienda\/producto\/smartbitt-sbnb2200proii-no-break-interactivo-2-2kva-1800w-interactivo-senoidal-torre-rack-2u-clavija-nema-5-20p-8-contactos-nema-5-15-20r-con-respaldo-de-bateras-panel-lcd\/","url":"https:\/\/compuviper.mx\/tienda\/producto\/smartbitt-sbnb2200proii-no-break-interactivo-2-2kva-1800w-interactivo-senoidal-torre-rack-2u-clavija-nema-5-20p-8-contactos-nema-5-15-20r-con-respaldo-de-bateras-panel-lcd\/","name":"[ Smartbitt ] &#129351; Sbnb2200proii No-break Interactivo 2.2kva\/1800w Interactivo Senoidal, Torre\/rack 2u, Clavija Nema 5-20p, 8 Contactos Nema 5-15\/20r, Con Respaldo De Bateras, Panel Lcd","isPartOf":{"@id":"https:\/\/compuviper.mx\/tienda\/#website"},"datePublished":"2026-04-02T06:23:18+00:00","dateModified":"2026-04-02T06:23:18+00:00","description":"Compra Sbnb2200proii No-break Interactivo 2.2kva\/1800w Interactivo Senoidal, Torre\/rack 2u, Clavija Nema 5-20p, 8 Contactos Nema 5-15\/20r, Con Respaldo De Bateras, Panel Lcd + Env\u00edo a domicilio + Pago seguro + Garant\u00eda","breadcrumb":{"@id":"https:\/\/compuviper.mx\/tienda\/producto\/smartbitt-sbnb2200proii-no-break-interactivo-2-2kva-1800w-interactivo-senoidal-torre-rack-2u-clavija-nema-5-20p-8-contactos-nema-5-15-20r-con-respaldo-de-bateras-panel-lcd\/#breadcrumb"},"inLanguage":"es-MX","potentialAction":[{"@type":"ReadAction","target":["https:\/\/compuviper.mx\/tienda\/producto\/smartbitt-sbnb2200proii-no-break-interactivo-2-2kva-1800w-interactivo-senoidal-torre-rack-2u-clavija-nema-5-20p-8-contactos-nema-5-15-20r-con-respaldo-de-bateras-panel-lcd\/"]}]},{"@type":"BreadcrumbList","@id":"https:\/\/compuviper.mx\/tienda\/producto\/smartbitt-sbnb2200proii-no-break-interactivo-2-2kva-1800w-interactivo-senoidal-torre-rack-2u-clavija-nema-5-20p-8-contactos-nema-5-15-20r-con-respaldo-de-bateras-panel-lcd\/#breadcrumb","itemListElement":[{"@type":"ListItem","position":1,"name":"Inicio","item":"https:\/\/compuviper.mx\/tienda\/"},{"@type":"ListItem","position":2,"name":"Productos","item":"https:\/\/compuviper.mx\/tienda\/productos\/"},{"@type":"ListItem","position":3,"name":"Energia","item":"https:\/\/compuviper.mx\/tienda\/categoria-producto\/energia\/"},{"@type":"ListItem","position":4,"name":"No Break","item":"https:\/\/compuviper.mx\/tienda\/categoria-producto\/energia\/no-break\/"},{"@type":"ListItem","position":5,"name":"Smartbitt Sbnb2200proii No-break Interactivo 2.2kva\/1800w Interactivo Senoidal, Torre\/rack 2u, Clavija Nema 5-20p, 8 Contactos Nema 5-15\/20r, Con Respaldo De Bateras, Panel Lcd"}]},{"@type":"WebSite","@id":"https:\/\/compuviper.mx\/tienda\/#website","url":"https:\/\/compuviper.mx\/tienda\/","name":"Compuviper","description":"Proveedor de Computadoras, Laptops, Servidores, Monitores, Puntos de Venta, Teclados,   Impresoras, T\u00f3ner, C\u00e1maras de Seguridad y m\u00e1s en tu tienda en l\u00ednea","publisher":{"@id":"https:\/\/compuviper.mx\/tienda\/#organization"},"potentialAction":[{"@type":"SearchAction","target":{"@type":"EntryPoint","urlTemplate":"https:\/\/compuviper.mx\/tienda\/?s={search_term_string}"},"query-input":"required name=search_term_string"}],"inLanguage":"es-MX"},{"@type":"Organization","@id":"https:\/\/compuviper.mx\/tienda\/#organization","name":"Compuviper","url":"https:\/\/compuviper.mx\/tienda\/","logo":{"@type":"ImageObject","inLanguage":"es-MX","@id":"https:\/\/compuviper.mx\/tienda\/#\/schema\/logo\/image\/","url":"https:\/\/compuviper.mx\/tienda\/wp-content\/uploads\/2021\/08\/Logo-Compuviper-10.png","contentUrl":"https:\/\/compuviper.mx\/tienda\/wp-content\/uploads\/2021\/08\/Logo-Compuviper-10.png","width":1000,"height":500,"caption":"Compuviper"},"image":{"@id":"https:\/\/compuviper.mx\/tienda\/#\/schema\/logo\/image\/"},"sameAs":["https:\/\/www.facebook.com\/compuviper","https:\/\/www.youtube.com\/channel\/UCf73dERp9Y3cfOq7q8BhLjA?view_as=subscriber"]}]},"product_brand":"SMARTBITT","product_price_amount":"11287","product_price_currency":"MXN","og_availability":"instock","product_availability":"instock","product_retailer_item_id":"SBNB2200PROII","product_condition":"new"},"_links":{"self":[{"href":"https:\/\/compuviper.mx\/tienda\/wp-json\/wp\/v2\/product\/217208"}],"collection":[{"href":"https:\/\/compuviper.mx\/tienda\/wp-json\/wp\/v2\/product"}],"about":[{"href":"https:\/\/compuviper.mx\/tienda\/wp-json\/wp\/v2\/types\/product"}],"replies":[{"embeddable":true,"href":"https:\/\/compuviper.mx\/tienda\/wp-json\/wp\/v2\/comments?post=217208"}],"wp:featuredmedia":[{"embeddable":true,"href":"https:\/\/compuviper.mx\/tienda\/wp-json\/wp\/v2\/media\/217209"}],"wp:attachment":[{"href":"https:\/\/compuviper.mx\/tienda\/wp-json\/wp\/v2\/media?parent=217208"}],"wp:term":[{"taxonomy":"product_cat","embeddable":true,"href":"https:\/\/compuviper.mx\/tienda\/wp-json\/wp\/v2\/product_cat?post=217208"},{"taxonomy":"product_tag","embeddable":true,"href":"https:\/\/compuviper.mx\/tienda\/wp-json\/wp\/v2\/product_tag?post=217208"}],"curies":[{"name":"wp","href":"https:\/\/api.w.org\/{rel}","templated":true}]}}