{"id":217188,"date":"2026-04-18T00:28:39","date_gmt":"2026-04-18T06:28:39","guid":{"rendered":"https:\/\/compuviper.mx\/tienda\/producto\/tripp-lite-omni900lcd-nobreak-interactivo-de-120v-900va-y-475w-torre-pantalla-lcd-y-puerto-usb\/"},"modified":"2026-04-18T00:28:39","modified_gmt":"2026-04-18T06:28:39","slug":"tripp-lite-omni900lcd-nobreak-interactivo-de-120v-900va-y-475w-torre-pantalla-lcd-y-puerto-usb","status":"publish","type":"product","link":"https:\/\/compuviper.mx\/tienda\/producto\/tripp-lite-omni900lcd-nobreak-interactivo-de-120v-900va-y-475w-torre-pantalla-lcd-y-puerto-usb\/","title":{"rendered":"Tripp-lite Omni900lcd Nobreak  , Interactivo De 120v, 900va Y 475w, Torre, Pantalla Lcd Y Puerto Usb"},"content":{"rendered":"<table class=\"descripcion\">\n<tr>\n<td>\u0095  pantalla lcd con atenuador indica el voltaje de entrada, capacidad de la bater\u00eda y una variedad de condiciones de funcionamiento la pantalla es giratoria para para f\u00e1cil visualizaci\u00f3n cuando el ups est\u00e9 en posici\u00f3n vertical u horizontal<\/td>\n<\/tr>\n<tr>\n<td>\u0095  el sistema de respaldo ininterrumpible omni900lcd digital ofrece regulaci\u00f3n de voltaje, supresi\u00f3n de sobretensiones y soporte de larga duraci\u00f3n por bater\u00eda durante apagones<\/td>\n<\/tr>\n<tr>\n<td>\u0095  soporta pcs b\u00e1sicas por hasta 50 minutos o componentes individuales de vcr\/dvr por hasta 2.5 horas durante apagones<\/td>\n<\/tr>\n<tr>\n<td>\u0095  la eficiencia del 97% del modo de l\u00ednea ahorra energ\u00eda y reduce la salida de calor en btu.<\/td>\n<\/tr>\n<tr>\n<td>\u0095  regula ca\u00eddas de voltaje de hasta 89v a niveles utilizables, sin usar energ\u00eda de la bater\u00eda<\/td>\n<\/tr>\n<tr>\n<td>\u0095  incluye 4 tomacorrientes soportados por la bater\u00eda y con protecci\u00f3n contra sobretensiones y 4 tomacorrientes adicionales s\u00f3lo para supresi\u00f3n de sobretensiones.<\/td>\n<\/tr>\n<tr>\n<td>\u0095  puerto usb incluido que permite el apagado sin supervisi\u00f3n y seguro del sistema en caso de fallas prolongadas del suministro el\u00e9ctrico (cable suministrado por el usuario)<\/td>\n<\/tr>\n<tr>\n<td>\u0095  interfaz usb compatible con hid permite la integraci\u00f3n con las funciones incorporadas de administraci\u00f3n de energ\u00eda y de apagado autom\u00e1tico de windows y mac os x<\/td>\n<\/tr>\n<tr>\n<td>\u0095  el software poweralert se puede descargar en forma gratuita de www.tripplite.com<\/td>\n<\/tr>\n<tr>\n<td>\u0095  la capacidad de potencia de 900va\/475 watts soporta una variedad de computadoras delicadas, sistemas de sonido envolvente, entre otros equipos<\/td>\n<\/tr>\n<tr>\n<td>\u0095  tiempo de autonom\u00eda a plena carga de 3 minutos (900va\/475 watts), tiempo de autonom\u00eda a media carga de 10 minutos (450va\/237 watts).<\/td>\n<\/tr>\n<tr>\n<td>\u0095  el gabinete se adapta a formato de torre o formato de entrepa\u00f1o para instalaci\u00f3n en rack. formato para instalaci\u00f3n en rack (2u) requiere un entrepa\u00f1o adicional, disponible por separado<\/td>\n<\/tr>\n<tr>\n<td>\u0095  se puede reemplazar la bater\u00eda a trav\u00e9s del panel de acceso incorporado<\/td>\n<\/tr>\n<tr>\n<td>\u0095  pdu opcional pdub15 con derivaci\u00f3n permite el reemplazo hot-swap del ups sin interrupci\u00f3n al equipo conectado<\/td>\n<\/tr>\n<tr>\n<td>\u0095  $200,000 seguro m\u00e1ximo de por vida para los equipos conectados (ee. uu., canad\u00e1 y puerto rico \u00fanicamente)<\/td>\n<\/tr>\n<\/table>\n","protected":false},"excerpt":{"rendered":"<p>El sistema ups digital interactivo omni900lcd de tripp lite ofrece regulaci\u00f3n de voltaje, supresi\u00f3n de sobretensiones y duradero soporte de bater\u00eda para computadoras personales, sistemas de entretenimiento en el hogar y centros multimedia. Los circuitos internos del ups admiten hasta 50 minutos de funcionamiento de computadoras personales de nivel b\u00e1sico \u00f3 2.5 horas de funcionamiento de componentes individuales de vcr\/dvr durante fallas del suministro el\u00e9ctrico. Evita la p\u00e9rdida de datos, las interrupciones mientras visualiza algo, grabaciones perdidas y la p\u00e9rdida de la programaci\u00f3n de componentes. Los circuitos de regulaci\u00f3n autom\u00e1tica de voltaje regulan las ca\u00eddas de voltaje de hasta 89v a niveles utilizables sin consumir energ\u00eda de la bater\u00eda. La eficiencia del 97% en modo de l\u00ednea ahorra energ\u00eda y reduce la salida de calor. Ofrece protecci\u00f3n de energ\u00eda completa en una atractiva configuraci\u00f3n en torre de color negro. Incluye 4 tomacorrientes soportados por la bater\u00eda y protegidos contra sobretensiones y 4 tomacorrientes adicionales s\u00f3lo para supresi\u00f3n de sobretensiones para dispositivos que no requieren soporte de bater\u00eda. El puerto usb permite el cierre sin supervisi\u00f3n del sistema en forma opcional, sin p\u00e9rdida de datos en caso de fallas prolongadas en el suministro el\u00e9ctrico. El software poweralert se puede descargar en forma gratuita de www.Tripplite.Com. La interfaz usb compatible con hid permite la integraci\u00f3n con las caracter\u00edsticas incorporadas de administraci\u00f3n de energ\u00eda y apagado autom\u00e1tico de windows y mac os x. La alarma ac\u00fastica incorporada y la gran pantalla lcd del panel frontal para visualizaci\u00f3n de voltaje indican el estatus de energ\u00eda de la l\u00ednea, de la bater\u00eda, de bater\u00eda baja\/reemplazo de bater\u00eda y la operaci\u00f3n de elevaci\u00f3n de voltaje. La pantalla lcd incluye un atenuador y rota f\u00e1cilmente para una mejor visualizaci\u00f3n en las diferentes aplicaciones. La capacidad de administraci\u00f3n de 900va\/475 watts soporta computadoras personales de nivel b\u00e1sico, sistemas de entretenimiento en el hogar, estaciones de trabajo en red y componentes de audio\/video. Ofrece tiempo de autonom\u00eda de la bater\u00eda durante 3 minutos a plena carga de 900va\/475 watts y 10 minutos a media carga de 450va\/237 watts. Permite el reemplazo de la bater\u00eda a trav\u00e9s del panel de acceso incorporado. $200,000 de seguro m\u00e1ximo de por vida (ee. Uu., canad\u00e1 y puerto rico \u00fanicamente)<\/p>\n","protected":false},"featured_media":217189,"comment_status":"open","ping_status":"open","template":"","meta":[],"product_cat":[1508,1691],"product_tag":[1510],"acf":[],"yoast_head":"<!-- This site is optimized with the Yoast SEO plugin v21.7 - https:\/\/yoast.com\/wordpress\/plugins\/seo\/ -->\n<title>[ Tripp-lite ] &#129351; Omni900lcd Nobreak , Interactivo De 120v, 900va Y 475w, Torre, Pantalla Lcd Y Puerto Usb<\/title>\n<meta name=\"description\" content=\"Compra Omni900lcd Nobreak , Interactivo De 120v, 900va Y 475w, Torre, Pantalla Lcd Y Puerto Usb + Env\u00edo a domicilio + Pago seguro + Garant\u00eda\" \/>\n<meta name=\"robots\" content=\"index, follow, max-snippet:-1, max-image-preview:large, max-video-preview:-1\" \/>\n<link rel=\"canonical\" href=\"https:\/\/compuviper.mx\/tienda\/producto\/tripp-lite-omni900lcd-nobreak-interactivo-de-120v-900va-y-475w-torre-pantalla-lcd-y-puerto-usb\/\" \/>\n<meta property=\"og:locale\" content=\"es_MX\" \/>\n<meta property=\"og:type\" content=\"article\" \/>\n<meta property=\"og:title\" content=\"[ Tripp-lite ] &#129351; Omni900lcd Nobreak , Interactivo De 120v, 900va Y 475w, Torre, Pantalla Lcd Y Puerto Usb\" \/>\n<meta property=\"og:description\" content=\"Compra Omni900lcd Nobreak , Interactivo De 120v, 900va Y 475w, Torre, Pantalla Lcd Y Puerto Usb + Env\u00edo a domicilio + Pago seguro + Garant\u00eda\" \/>\n<meta property=\"og:url\" content=\"https:\/\/compuviper.mx\/tienda\/producto\/tripp-lite-omni900lcd-nobreak-interactivo-de-120v-900va-y-475w-torre-pantalla-lcd-y-puerto-usb\/\" \/>\n<meta property=\"og:site_name\" content=\"Compuviper\" \/>\n<meta property=\"article:publisher\" content=\"https:\/\/www.facebook.com\/compuviper\" \/>\n<meta property=\"og:image\" content=\"https:\/\/compuviper.mx\/tienda\/wp-content\/uploads\/2023\/12\/Nobreak-tripp-lite-omni900lcd-interactivo-de-120v-900va-y-475w-torre-pantalla-lcd-y-puerto-usb.jpg\" \/>\n\t<meta property=\"og:image:width\" content=\"200\" \/>\n\t<meta property=\"og:image:height\" content=\"200\" \/>\n\t<meta property=\"og:image:type\" content=\"image\/jpeg\" \/>\n<meta name=\"twitter:card\" content=\"summary_large_image\" \/>\n<meta name=\"twitter:label1\" content=\"Precio\" \/>\n\t<meta name=\"twitter:data1\" content=\"&#36;4,063 &#36;3,887 con IVA\" \/>\n\t<meta name=\"twitter:label2\" content=\"Availability\" \/>\n\t<meta name=\"twitter:data2\" content=\"In stock\" \/>\n<script type=\"application\/ld+json\" class=\"yoast-schema-graph\">{\"@context\":\"https:\/\/schema.org\",\"@graph\":[{\"@type\":\"WebPage\",\"@id\":\"https:\/\/compuviper.mx\/tienda\/producto\/tripp-lite-omni900lcd-nobreak-interactivo-de-120v-900va-y-475w-torre-pantalla-lcd-y-puerto-usb\/\",\"url\":\"https:\/\/compuviper.mx\/tienda\/producto\/tripp-lite-omni900lcd-nobreak-interactivo-de-120v-900va-y-475w-torre-pantalla-lcd-y-puerto-usb\/\",\"name\":\"[ Tripp-lite ] &#129351; Omni900lcd Nobreak , Interactivo De 120v, 900va Y 475w, Torre, Pantalla Lcd Y Puerto Usb\",\"isPartOf\":{\"@id\":\"https:\/\/compuviper.mx\/tienda\/#website\"},\"datePublished\":\"2026-04-18T06:28:39+00:00\",\"dateModified\":\"2026-04-18T06:28:39+00:00\",\"description\":\"Compra Omni900lcd Nobreak , Interactivo De 120v, 900va Y 475w, Torre, Pantalla Lcd Y Puerto Usb + Env\u00edo a domicilio + Pago seguro + Garant\u00eda\",\"breadcrumb\":{\"@id\":\"https:\/\/compuviper.mx\/tienda\/producto\/tripp-lite-omni900lcd-nobreak-interactivo-de-120v-900va-y-475w-torre-pantalla-lcd-y-puerto-usb\/#breadcrumb\"},\"inLanguage\":\"es-MX\",\"potentialAction\":[{\"@type\":\"ReadAction\",\"target\":[\"https:\/\/compuviper.mx\/tienda\/producto\/tripp-lite-omni900lcd-nobreak-interactivo-de-120v-900va-y-475w-torre-pantalla-lcd-y-puerto-usb\/\"]}]},{\"@type\":\"BreadcrumbList\",\"@id\":\"https:\/\/compuviper.mx\/tienda\/producto\/tripp-lite-omni900lcd-nobreak-interactivo-de-120v-900va-y-475w-torre-pantalla-lcd-y-puerto-usb\/#breadcrumb\",\"itemListElement\":[{\"@type\":\"ListItem\",\"position\":1,\"name\":\"Inicio\",\"item\":\"https:\/\/compuviper.mx\/tienda\/\"},{\"@type\":\"ListItem\",\"position\":2,\"name\":\"Productos\",\"item\":\"https:\/\/compuviper.mx\/tienda\/productos\/\"},{\"@type\":\"ListItem\",\"position\":3,\"name\":\"Energia\",\"item\":\"https:\/\/compuviper.mx\/tienda\/categoria-producto\/energia\/\"},{\"@type\":\"ListItem\",\"position\":4,\"name\":\"No Break\",\"item\":\"https:\/\/compuviper.mx\/tienda\/categoria-producto\/energia\/no-break\/\"},{\"@type\":\"ListItem\",\"position\":5,\"name\":\"Tripp-lite Omni900lcd Nobreak , Interactivo De 120v, 900va Y 475w, Torre, Pantalla Lcd Y Puerto Usb\"}]},{\"@type\":\"WebSite\",\"@id\":\"https:\/\/compuviper.mx\/tienda\/#website\",\"url\":\"https:\/\/compuviper.mx\/tienda\/\",\"name\":\"Compuviper\",\"description\":\"Proveedor de Computadoras, Laptops, Servidores, Monitores, Puntos de Venta, Teclados,   Impresoras, T\u00f3ner, C\u00e1maras de Seguridad y m\u00e1s en tu tienda en l\u00ednea\",\"publisher\":{\"@id\":\"https:\/\/compuviper.mx\/tienda\/#organization\"},\"potentialAction\":[{\"@type\":\"SearchAction\",\"target\":{\"@type\":\"EntryPoint\",\"urlTemplate\":\"https:\/\/compuviper.mx\/tienda\/?s={search_term_string}\"},\"query-input\":\"required name=search_term_string\"}],\"inLanguage\":\"es-MX\"},{\"@type\":\"Organization\",\"@id\":\"https:\/\/compuviper.mx\/tienda\/#organization\",\"name\":\"Compuviper\",\"url\":\"https:\/\/compuviper.mx\/tienda\/\",\"logo\":{\"@type\":\"ImageObject\",\"inLanguage\":\"es-MX\",\"@id\":\"https:\/\/compuviper.mx\/tienda\/#\/schema\/logo\/image\/\",\"url\":\"https:\/\/compuviper.mx\/tienda\/wp-content\/uploads\/2021\/08\/Logo-Compuviper-10.png\",\"contentUrl\":\"https:\/\/compuviper.mx\/tienda\/wp-content\/uploads\/2021\/08\/Logo-Compuviper-10.png\",\"width\":1000,\"height\":500,\"caption\":\"Compuviper\"},\"image\":{\"@id\":\"https:\/\/compuviper.mx\/tienda\/#\/schema\/logo\/image\/\"},\"sameAs\":[\"https:\/\/www.facebook.com\/compuviper\",\"https:\/\/www.youtube.com\/channel\/UCf73dERp9Y3cfOq7q8BhLjA?view_as=subscriber\"]}]}<\/script>\n<meta property=\"product:brand\" content=\"TRIPP-LITE\" \/>\n<meta property=\"product:price:amount\" content=\"3887\" \/>\n<meta property=\"product:price:currency\" content=\"MXN\" \/>\n<meta property=\"og:availability\" content=\"instock\" \/>\n<meta property=\"product:availability\" content=\"instock\" \/>\n<meta property=\"product:retailer_item_id\" content=\"OMNI900LCD\" \/>\n<meta property=\"product:condition\" content=\"new\" \/>\n<!-- \/ Yoast SEO plugin. -->","yoast_head_json":{"title":"[ Tripp-lite ] &#129351; Omni900lcd Nobreak , Interactivo De 120v, 900va Y 475w, Torre, Pantalla Lcd Y Puerto Usb","description":"Compra Omni900lcd Nobreak , Interactivo De 120v, 900va Y 475w, Torre, Pantalla Lcd Y Puerto Usb + Env\u00edo a domicilio + Pago seguro + Garant\u00eda","robots":{"index":"index","follow":"follow","max-snippet":"max-snippet:-1","max-image-preview":"max-image-preview:large","max-video-preview":"max-video-preview:-1"},"canonical":"https:\/\/compuviper.mx\/tienda\/producto\/tripp-lite-omni900lcd-nobreak-interactivo-de-120v-900va-y-475w-torre-pantalla-lcd-y-puerto-usb\/","og_locale":"es_MX","og_type":"article","og_title":"[ Tripp-lite ] &#129351; Omni900lcd Nobreak , Interactivo De 120v, 900va Y 475w, Torre, Pantalla Lcd Y Puerto Usb","og_description":"Compra Omni900lcd Nobreak , Interactivo De 120v, 900va Y 475w, Torre, Pantalla Lcd Y Puerto Usb + Env\u00edo a domicilio + Pago seguro + Garant\u00eda","og_url":"https:\/\/compuviper.mx\/tienda\/producto\/tripp-lite-omni900lcd-nobreak-interactivo-de-120v-900va-y-475w-torre-pantalla-lcd-y-puerto-usb\/","og_site_name":"Compuviper","article_publisher":"https:\/\/www.facebook.com\/compuviper","og_image":[{"width":200,"height":200,"url":"https:\/\/compuviper.mx\/tienda\/wp-content\/uploads\/2023\/12\/Nobreak-tripp-lite-omni900lcd-interactivo-de-120v-900va-y-475w-torre-pantalla-lcd-y-puerto-usb.jpg","type":"image\/jpeg"}],"twitter_card":"summary_large_image","twitter_misc":{"Precio":"&#36;4,063 &#36;3,887 con IVA","Availability":"In stock"},"schema":{"@context":"https:\/\/schema.org","@graph":[{"@type":"WebPage","@id":"https:\/\/compuviper.mx\/tienda\/producto\/tripp-lite-omni900lcd-nobreak-interactivo-de-120v-900va-y-475w-torre-pantalla-lcd-y-puerto-usb\/","url":"https:\/\/compuviper.mx\/tienda\/producto\/tripp-lite-omni900lcd-nobreak-interactivo-de-120v-900va-y-475w-torre-pantalla-lcd-y-puerto-usb\/","name":"[ Tripp-lite ] &#129351; Omni900lcd Nobreak , Interactivo De 120v, 900va Y 475w, Torre, Pantalla Lcd Y Puerto Usb","isPartOf":{"@id":"https:\/\/compuviper.mx\/tienda\/#website"},"datePublished":"2026-04-18T06:28:39+00:00","dateModified":"2026-04-18T06:28:39+00:00","description":"Compra Omni900lcd Nobreak , Interactivo De 120v, 900va Y 475w, Torre, Pantalla Lcd Y Puerto Usb + Env\u00edo a domicilio + Pago seguro + Garant\u00eda","breadcrumb":{"@id":"https:\/\/compuviper.mx\/tienda\/producto\/tripp-lite-omni900lcd-nobreak-interactivo-de-120v-900va-y-475w-torre-pantalla-lcd-y-puerto-usb\/#breadcrumb"},"inLanguage":"es-MX","potentialAction":[{"@type":"ReadAction","target":["https:\/\/compuviper.mx\/tienda\/producto\/tripp-lite-omni900lcd-nobreak-interactivo-de-120v-900va-y-475w-torre-pantalla-lcd-y-puerto-usb\/"]}]},{"@type":"BreadcrumbList","@id":"https:\/\/compuviper.mx\/tienda\/producto\/tripp-lite-omni900lcd-nobreak-interactivo-de-120v-900va-y-475w-torre-pantalla-lcd-y-puerto-usb\/#breadcrumb","itemListElement":[{"@type":"ListItem","position":1,"name":"Inicio","item":"https:\/\/compuviper.mx\/tienda\/"},{"@type":"ListItem","position":2,"name":"Productos","item":"https:\/\/compuviper.mx\/tienda\/productos\/"},{"@type":"ListItem","position":3,"name":"Energia","item":"https:\/\/compuviper.mx\/tienda\/categoria-producto\/energia\/"},{"@type":"ListItem","position":4,"name":"No Break","item":"https:\/\/compuviper.mx\/tienda\/categoria-producto\/energia\/no-break\/"},{"@type":"ListItem","position":5,"name":"Tripp-lite Omni900lcd Nobreak , Interactivo De 120v, 900va Y 475w, Torre, Pantalla Lcd Y Puerto Usb"}]},{"@type":"WebSite","@id":"https:\/\/compuviper.mx\/tienda\/#website","url":"https:\/\/compuviper.mx\/tienda\/","name":"Compuviper","description":"Proveedor de Computadoras, Laptops, Servidores, Monitores, Puntos de Venta, Teclados,   Impresoras, T\u00f3ner, C\u00e1maras de Seguridad y m\u00e1s en tu tienda en l\u00ednea","publisher":{"@id":"https:\/\/compuviper.mx\/tienda\/#organization"},"potentialAction":[{"@type":"SearchAction","target":{"@type":"EntryPoint","urlTemplate":"https:\/\/compuviper.mx\/tienda\/?s={search_term_string}"},"query-input":"required name=search_term_string"}],"inLanguage":"es-MX"},{"@type":"Organization","@id":"https:\/\/compuviper.mx\/tienda\/#organization","name":"Compuviper","url":"https:\/\/compuviper.mx\/tienda\/","logo":{"@type":"ImageObject","inLanguage":"es-MX","@id":"https:\/\/compuviper.mx\/tienda\/#\/schema\/logo\/image\/","url":"https:\/\/compuviper.mx\/tienda\/wp-content\/uploads\/2021\/08\/Logo-Compuviper-10.png","contentUrl":"https:\/\/compuviper.mx\/tienda\/wp-content\/uploads\/2021\/08\/Logo-Compuviper-10.png","width":1000,"height":500,"caption":"Compuviper"},"image":{"@id":"https:\/\/compuviper.mx\/tienda\/#\/schema\/logo\/image\/"},"sameAs":["https:\/\/www.facebook.com\/compuviper","https:\/\/www.youtube.com\/channel\/UCf73dERp9Y3cfOq7q8BhLjA?view_as=subscriber"]}]},"product_brand":"TRIPP-LITE","product_price_amount":"3887","product_price_currency":"MXN","og_availability":"instock","product_availability":"instock","product_retailer_item_id":"OMNI900LCD","product_condition":"new"},"_links":{"self":[{"href":"https:\/\/compuviper.mx\/tienda\/wp-json\/wp\/v2\/product\/217188"}],"collection":[{"href":"https:\/\/compuviper.mx\/tienda\/wp-json\/wp\/v2\/product"}],"about":[{"href":"https:\/\/compuviper.mx\/tienda\/wp-json\/wp\/v2\/types\/product"}],"replies":[{"embeddable":true,"href":"https:\/\/compuviper.mx\/tienda\/wp-json\/wp\/v2\/comments?post=217188"}],"wp:featuredmedia":[{"embeddable":true,"href":"https:\/\/compuviper.mx\/tienda\/wp-json\/wp\/v2\/media\/217189"}],"wp:attachment":[{"href":"https:\/\/compuviper.mx\/tienda\/wp-json\/wp\/v2\/media?parent=217188"}],"wp:term":[{"taxonomy":"product_cat","embeddable":true,"href":"https:\/\/compuviper.mx\/tienda\/wp-json\/wp\/v2\/product_cat?post=217188"},{"taxonomy":"product_tag","embeddable":true,"href":"https:\/\/compuviper.mx\/tienda\/wp-json\/wp\/v2\/product_tag?post=217188"}],"curies":[{"name":"wp","href":"https:\/\/api.w.org\/{rel}","templated":true}]}}