{"id":217186,"date":"2026-04-25T00:17:15","date_gmt":"2026-04-25T06:17:15","guid":{"rendered":"https:\/\/compuviper.mx\/tienda\/producto\/tripp-lite-rbc51-batera-interna-modelo-para-ups-especficos-apc-belkin-powerwar-y-otros-1ao-de-garantia\/"},"modified":"2026-04-25T00:17:15","modified_gmt":"2026-04-25T06:17:15","slug":"tripp-lite-rbc51-batera-interna-modelo-para-ups-especficos-apc-belkin-powerwar-y-otros-1ao-de-garantia","status":"publish","type":"product","link":"https:\/\/compuviper.mx\/tienda\/producto\/tripp-lite-rbc51-batera-interna-modelo-para-ups-especficos-apc-belkin-powerwar-y-otros-1ao-de-garantia\/","title":{"rendered":"Tripp-lite Rbc51 Batera Interna  Modelo  Para Ups Especficos Apc Belkin Powerwar Y Otros 1a?o De Garantia."},"content":{"rendered":"<table class=\"descripcion\">\n<tr>\n<td>\u0095  hasta 30% de mayor autonom\u00eda que los reemplazos b\u00e1sicos<\/td>\n<\/tr>\n<tr>\n<td>\u0095  bater\u00edas premium certificadas como oem<\/td>\n<\/tr>\n<tr>\n<td>\u0095  construcci\u00f3n robusta a prueba de fugas [sulfatado]<\/td>\n<\/tr>\n<tr>\n<td>\u0095  libre de mantenimiento<\/td>\n<\/tr>\n<tr>\n<td>\u0095  amplio rango de temperatura de operaci\u00f3n<\/td>\n<\/tr>\n<tr>\n<td>\u0095  reestablece el rendimiento de autonom\u00eda del ups a sus especificaciones originales de rendimiento<\/td>\n<\/tr>\n<tr>\n<td>\u0095  el embalaje reutilizable contiene las bater\u00edas vencidas para entregarlas en el centro de reciclado<\/td>\n<\/tr>\n<tr>\n<td>\u0095  compatible con una variedad de marcas de ups<\/td>\n<\/tr>\n<tr>\n<td>1 a\u00f1o de garantia.<\/td>\n<\/tr>\n<\/table>\n","protected":false},"excerpt":{"rendered":"<p>El cartucho premium de reemplazo de bater\u00eda rbc51 de ups de tripp lite le da nueva vida a los sistemas ups que tiene bater\u00edas internas vencidas o d\u00e9biles. Como cada cartucho de bater\u00eda de reemplazo de tripp lite, se selecciona y certifica cuidadosamente para que cumpla o supere las especificaciones originales del fabricante y se env\u00eda listo para instalar en su sistema de ups. Su empaque reutilizable guarda las bater\u00edas agotadas para entregarlas en el centro de reciclado. El rbc51 es compatible con una amplia variedad de sistemas ups, incluyendo modelos selectos de tripp lite, apc, belkin, best, powerware, liebert y m\u00e1s. 1 a\u00f1o de garantia.<\/p>\n","protected":false},"featured_media":217187,"comment_status":"open","ping_status":"open","template":"","meta":[],"product_cat":[1511,1508],"product_tag":[1510],"acf":[],"yoast_head":"<!-- This site is optimized with the Yoast SEO plugin v21.7 - https:\/\/yoast.com\/wordpress\/plugins\/seo\/ -->\n<title>[ Tripp-lite ] &#129351; Rbc51 Batera Interna Modelo Para Ups Especficos Apc Belkin Powerwar Y Otros 1a\u00f1o De Garantia.<\/title>\n<meta name=\"description\" content=\"Compra Rbc51 Batera Interna Modelo Para Ups Especficos Apc Belkin Powerwar Y Otros 1a\u00f1o De Garantia. + Env\u00edo a domicilio + Pago seguro + Garant\u00eda\" \/>\n<meta name=\"robots\" content=\"index, follow, max-snippet:-1, max-image-preview:large, max-video-preview:-1\" \/>\n<link rel=\"canonical\" href=\"https:\/\/compuviper.mx\/tienda\/producto\/tripp-lite-rbc51-batera-interna-modelo-para-ups-especficos-apc-belkin-powerwar-y-otros-1ao-de-garantia\/\" \/>\n<meta property=\"og:locale\" content=\"es_MX\" \/>\n<meta property=\"og:type\" content=\"article\" \/>\n<meta property=\"og:title\" content=\"[ Tripp-lite ] &#129351; Rbc51 Batera Interna Modelo Para Ups Especficos Apc Belkin Powerwar Y Otros 1a\u00f1o De Garantia.\" \/>\n<meta property=\"og:description\" content=\"Compra Rbc51 Batera Interna Modelo Para Ups Especficos Apc Belkin Powerwar Y Otros 1a\u00f1o De Garantia. + Env\u00edo a domicilio + Pago seguro + Garant\u00eda\" \/>\n<meta property=\"og:url\" content=\"https:\/\/compuviper.mx\/tienda\/producto\/tripp-lite-rbc51-batera-interna-modelo-para-ups-especficos-apc-belkin-powerwar-y-otros-1ao-de-garantia\/\" \/>\n<meta property=\"og:site_name\" content=\"Compuviper\" \/>\n<meta property=\"article:publisher\" content=\"https:\/\/www.facebook.com\/compuviper\" \/>\n<meta property=\"og:image\" content=\"https:\/\/compuviper.mx\/tienda\/wp-content\/uploads\/2023\/12\/Batera-interna-tripp-lite-modelo-rbc51-para-ups-especficos-apc-belkin-powerwar-y-otros-1ano-de-garantia.jpg\" \/>\n\t<meta property=\"og:image:width\" content=\"200\" \/>\n\t<meta property=\"og:image:height\" content=\"200\" \/>\n\t<meta property=\"og:image:type\" content=\"image\/jpeg\" \/>\n<meta name=\"twitter:card\" content=\"summary_large_image\" \/>\n<meta name=\"twitter:label1\" content=\"Precio\" \/>\n\t<meta name=\"twitter:data1\" content=\"&#36;1,145 con IVA\" \/>\n\t<meta name=\"twitter:label2\" content=\"Availability\" \/>\n\t<meta name=\"twitter:data2\" content=\"In stock\" \/>\n<script type=\"application\/ld+json\" class=\"yoast-schema-graph\">{\"@context\":\"https:\/\/schema.org\",\"@graph\":[{\"@type\":\"WebPage\",\"@id\":\"https:\/\/compuviper.mx\/tienda\/producto\/tripp-lite-rbc51-batera-interna-modelo-para-ups-especficos-apc-belkin-powerwar-y-otros-1ao-de-garantia\/\",\"url\":\"https:\/\/compuviper.mx\/tienda\/producto\/tripp-lite-rbc51-batera-interna-modelo-para-ups-especficos-apc-belkin-powerwar-y-otros-1ao-de-garantia\/\",\"name\":\"[ Tripp-lite ] &#129351; Rbc51 Batera Interna Modelo Para Ups Especficos Apc Belkin Powerwar Y Otros 1a\u00f1o De Garantia.\",\"isPartOf\":{\"@id\":\"https:\/\/compuviper.mx\/tienda\/#website\"},\"datePublished\":\"2026-04-25T06:17:15+00:00\",\"dateModified\":\"2026-04-25T06:17:15+00:00\",\"description\":\"Compra Rbc51 Batera Interna Modelo Para Ups Especficos Apc Belkin Powerwar Y Otros 1a\u00f1o De Garantia. + Env\u00edo a domicilio + Pago seguro + Garant\u00eda\",\"breadcrumb\":{\"@id\":\"https:\/\/compuviper.mx\/tienda\/producto\/tripp-lite-rbc51-batera-interna-modelo-para-ups-especficos-apc-belkin-powerwar-y-otros-1ao-de-garantia\/#breadcrumb\"},\"inLanguage\":\"es-MX\",\"potentialAction\":[{\"@type\":\"ReadAction\",\"target\":[\"https:\/\/compuviper.mx\/tienda\/producto\/tripp-lite-rbc51-batera-interna-modelo-para-ups-especficos-apc-belkin-powerwar-y-otros-1ao-de-garantia\/\"]}]},{\"@type\":\"BreadcrumbList\",\"@id\":\"https:\/\/compuviper.mx\/tienda\/producto\/tripp-lite-rbc51-batera-interna-modelo-para-ups-especficos-apc-belkin-powerwar-y-otros-1ao-de-garantia\/#breadcrumb\",\"itemListElement\":[{\"@type\":\"ListItem\",\"position\":1,\"name\":\"Inicio\",\"item\":\"https:\/\/compuviper.mx\/tienda\/\"},{\"@type\":\"ListItem\",\"position\":2,\"name\":\"Productos\",\"item\":\"https:\/\/compuviper.mx\/tienda\/productos\/\"},{\"@type\":\"ListItem\",\"position\":3,\"name\":\"Energia\",\"item\":\"https:\/\/compuviper.mx\/tienda\/categoria-producto\/energia\/\"},{\"@type\":\"ListItem\",\"position\":4,\"name\":\"Bateria\",\"item\":\"https:\/\/compuviper.mx\/tienda\/categoria-producto\/energia\/bateria\/\"},{\"@type\":\"ListItem\",\"position\":5,\"name\":\"Tripp-lite Rbc51 Batera Interna Modelo Para Ups Especficos Apc Belkin Powerwar Y Otros 1a?o De Garantia.\"}]},{\"@type\":\"WebSite\",\"@id\":\"https:\/\/compuviper.mx\/tienda\/#website\",\"url\":\"https:\/\/compuviper.mx\/tienda\/\",\"name\":\"Compuviper\",\"description\":\"Proveedor de Computadoras, Laptops, Servidores, Monitores, Puntos de Venta, Teclados,   Impresoras, T\u00f3ner, C\u00e1maras de Seguridad y m\u00e1s en tu tienda en l\u00ednea\",\"publisher\":{\"@id\":\"https:\/\/compuviper.mx\/tienda\/#organization\"},\"potentialAction\":[{\"@type\":\"SearchAction\",\"target\":{\"@type\":\"EntryPoint\",\"urlTemplate\":\"https:\/\/compuviper.mx\/tienda\/?s={search_term_string}\"},\"query-input\":\"required name=search_term_string\"}],\"inLanguage\":\"es-MX\"},{\"@type\":\"Organization\",\"@id\":\"https:\/\/compuviper.mx\/tienda\/#organization\",\"name\":\"Compuviper\",\"url\":\"https:\/\/compuviper.mx\/tienda\/\",\"logo\":{\"@type\":\"ImageObject\",\"inLanguage\":\"es-MX\",\"@id\":\"https:\/\/compuviper.mx\/tienda\/#\/schema\/logo\/image\/\",\"url\":\"https:\/\/compuviper.mx\/tienda\/wp-content\/uploads\/2021\/08\/Logo-Compuviper-10.png\",\"contentUrl\":\"https:\/\/compuviper.mx\/tienda\/wp-content\/uploads\/2021\/08\/Logo-Compuviper-10.png\",\"width\":1000,\"height\":500,\"caption\":\"Compuviper\"},\"image\":{\"@id\":\"https:\/\/compuviper.mx\/tienda\/#\/schema\/logo\/image\/\"},\"sameAs\":[\"https:\/\/www.facebook.com\/compuviper\",\"https:\/\/www.youtube.com\/channel\/UCf73dERp9Y3cfOq7q8BhLjA?view_as=subscriber\"]}]}<\/script>\n<meta property=\"product:brand\" content=\"TRIPP-LITE\" \/>\n<meta property=\"product:price:amount\" content=\"1145\" \/>\n<meta property=\"product:price:currency\" content=\"MXN\" \/>\n<meta property=\"og:availability\" content=\"instock\" \/>\n<meta property=\"product:availability\" content=\"instock\" \/>\n<meta property=\"product:retailer_item_id\" content=\"RBC51\" \/>\n<meta property=\"product:condition\" content=\"new\" \/>\n<!-- \/ Yoast SEO plugin. -->","yoast_head_json":{"title":"[ Tripp-lite ] &#129351; Rbc51 Batera Interna Modelo Para Ups Especficos Apc Belkin Powerwar Y Otros 1a\u00f1o De Garantia.","description":"Compra Rbc51 Batera Interna Modelo Para Ups Especficos Apc Belkin Powerwar Y Otros 1a\u00f1o De Garantia. + Env\u00edo a domicilio + Pago seguro + Garant\u00eda","robots":{"index":"index","follow":"follow","max-snippet":"max-snippet:-1","max-image-preview":"max-image-preview:large","max-video-preview":"max-video-preview:-1"},"canonical":"https:\/\/compuviper.mx\/tienda\/producto\/tripp-lite-rbc51-batera-interna-modelo-para-ups-especficos-apc-belkin-powerwar-y-otros-1ao-de-garantia\/","og_locale":"es_MX","og_type":"article","og_title":"[ Tripp-lite ] &#129351; Rbc51 Batera Interna Modelo Para Ups Especficos Apc Belkin Powerwar Y Otros 1a\u00f1o De Garantia.","og_description":"Compra Rbc51 Batera Interna Modelo Para Ups Especficos Apc Belkin Powerwar Y Otros 1a\u00f1o De Garantia. + Env\u00edo a domicilio + Pago seguro + Garant\u00eda","og_url":"https:\/\/compuviper.mx\/tienda\/producto\/tripp-lite-rbc51-batera-interna-modelo-para-ups-especficos-apc-belkin-powerwar-y-otros-1ao-de-garantia\/","og_site_name":"Compuviper","article_publisher":"https:\/\/www.facebook.com\/compuviper","og_image":[{"width":200,"height":200,"url":"https:\/\/compuviper.mx\/tienda\/wp-content\/uploads\/2023\/12\/Batera-interna-tripp-lite-modelo-rbc51-para-ups-especficos-apc-belkin-powerwar-y-otros-1ano-de-garantia.jpg","type":"image\/jpeg"}],"twitter_card":"summary_large_image","twitter_misc":{"Precio":"&#36;1,145 con IVA","Availability":"In stock"},"schema":{"@context":"https:\/\/schema.org","@graph":[{"@type":"WebPage","@id":"https:\/\/compuviper.mx\/tienda\/producto\/tripp-lite-rbc51-batera-interna-modelo-para-ups-especficos-apc-belkin-powerwar-y-otros-1ao-de-garantia\/","url":"https:\/\/compuviper.mx\/tienda\/producto\/tripp-lite-rbc51-batera-interna-modelo-para-ups-especficos-apc-belkin-powerwar-y-otros-1ao-de-garantia\/","name":"[ Tripp-lite ] &#129351; Rbc51 Batera Interna Modelo Para Ups Especficos Apc Belkin Powerwar Y Otros 1a\u00f1o De Garantia.","isPartOf":{"@id":"https:\/\/compuviper.mx\/tienda\/#website"},"datePublished":"2026-04-25T06:17:15+00:00","dateModified":"2026-04-25T06:17:15+00:00","description":"Compra Rbc51 Batera Interna Modelo Para Ups Especficos Apc Belkin Powerwar Y Otros 1a\u00f1o De Garantia. + Env\u00edo a domicilio + Pago seguro + Garant\u00eda","breadcrumb":{"@id":"https:\/\/compuviper.mx\/tienda\/producto\/tripp-lite-rbc51-batera-interna-modelo-para-ups-especficos-apc-belkin-powerwar-y-otros-1ao-de-garantia\/#breadcrumb"},"inLanguage":"es-MX","potentialAction":[{"@type":"ReadAction","target":["https:\/\/compuviper.mx\/tienda\/producto\/tripp-lite-rbc51-batera-interna-modelo-para-ups-especficos-apc-belkin-powerwar-y-otros-1ao-de-garantia\/"]}]},{"@type":"BreadcrumbList","@id":"https:\/\/compuviper.mx\/tienda\/producto\/tripp-lite-rbc51-batera-interna-modelo-para-ups-especficos-apc-belkin-powerwar-y-otros-1ao-de-garantia\/#breadcrumb","itemListElement":[{"@type":"ListItem","position":1,"name":"Inicio","item":"https:\/\/compuviper.mx\/tienda\/"},{"@type":"ListItem","position":2,"name":"Productos","item":"https:\/\/compuviper.mx\/tienda\/productos\/"},{"@type":"ListItem","position":3,"name":"Energia","item":"https:\/\/compuviper.mx\/tienda\/categoria-producto\/energia\/"},{"@type":"ListItem","position":4,"name":"Bateria","item":"https:\/\/compuviper.mx\/tienda\/categoria-producto\/energia\/bateria\/"},{"@type":"ListItem","position":5,"name":"Tripp-lite Rbc51 Batera Interna Modelo Para Ups Especficos Apc Belkin Powerwar Y Otros 1a?o De Garantia."}]},{"@type":"WebSite","@id":"https:\/\/compuviper.mx\/tienda\/#website","url":"https:\/\/compuviper.mx\/tienda\/","name":"Compuviper","description":"Proveedor de Computadoras, Laptops, Servidores, Monitores, Puntos de Venta, Teclados,   Impresoras, T\u00f3ner, C\u00e1maras de Seguridad y m\u00e1s en tu tienda en l\u00ednea","publisher":{"@id":"https:\/\/compuviper.mx\/tienda\/#organization"},"potentialAction":[{"@type":"SearchAction","target":{"@type":"EntryPoint","urlTemplate":"https:\/\/compuviper.mx\/tienda\/?s={search_term_string}"},"query-input":"required name=search_term_string"}],"inLanguage":"es-MX"},{"@type":"Organization","@id":"https:\/\/compuviper.mx\/tienda\/#organization","name":"Compuviper","url":"https:\/\/compuviper.mx\/tienda\/","logo":{"@type":"ImageObject","inLanguage":"es-MX","@id":"https:\/\/compuviper.mx\/tienda\/#\/schema\/logo\/image\/","url":"https:\/\/compuviper.mx\/tienda\/wp-content\/uploads\/2021\/08\/Logo-Compuviper-10.png","contentUrl":"https:\/\/compuviper.mx\/tienda\/wp-content\/uploads\/2021\/08\/Logo-Compuviper-10.png","width":1000,"height":500,"caption":"Compuviper"},"image":{"@id":"https:\/\/compuviper.mx\/tienda\/#\/schema\/logo\/image\/"},"sameAs":["https:\/\/www.facebook.com\/compuviper","https:\/\/www.youtube.com\/channel\/UCf73dERp9Y3cfOq7q8BhLjA?view_as=subscriber"]}]},"product_brand":"TRIPP-LITE","product_price_amount":"1145","product_price_currency":"MXN","og_availability":"instock","product_availability":"instock","product_retailer_item_id":"RBC51","product_condition":"new"},"_links":{"self":[{"href":"https:\/\/compuviper.mx\/tienda\/wp-json\/wp\/v2\/product\/217186"}],"collection":[{"href":"https:\/\/compuviper.mx\/tienda\/wp-json\/wp\/v2\/product"}],"about":[{"href":"https:\/\/compuviper.mx\/tienda\/wp-json\/wp\/v2\/types\/product"}],"replies":[{"embeddable":true,"href":"https:\/\/compuviper.mx\/tienda\/wp-json\/wp\/v2\/comments?post=217186"}],"wp:featuredmedia":[{"embeddable":true,"href":"https:\/\/compuviper.mx\/tienda\/wp-json\/wp\/v2\/media\/217187"}],"wp:attachment":[{"href":"https:\/\/compuviper.mx\/tienda\/wp-json\/wp\/v2\/media?parent=217186"}],"wp:term":[{"taxonomy":"product_cat","embeddable":true,"href":"https:\/\/compuviper.mx\/tienda\/wp-json\/wp\/v2\/product_cat?post=217186"},{"taxonomy":"product_tag","embeddable":true,"href":"https:\/\/compuviper.mx\/tienda\/wp-json\/wp\/v2\/product_tag?post=217186"}],"curies":[{"name":"wp","href":"https:\/\/api.w.org\/{rel}","templated":true}]}}