{"id":217172,"date":"2026-04-07T00:23:29","date_gmt":"2026-04-07T06:23:29","guid":{"rendered":"https:\/\/compuviper.mx\/tienda\/producto\/apc-srt6kxlt-no-break-ups-smart-ups-srt-6000va-6000w-208v-208v-6-contactos-3l6-30r-2l6-20r-1-hw-on\/"},"modified":"2026-04-07T00:23:29","modified_gmt":"2026-04-07T06:23:29","slug":"apc-srt6kxlt-no-break-ups-smart-ups-srt-6000va-6000w-208v-208v-6-contactos-3l6-30r-2l6-20r-1-hw-on","status":"publish","type":"product","link":"https:\/\/compuviper.mx\/tienda\/producto\/apc-srt6kxlt-no-break-ups-smart-ups-srt-6000va-6000w-208v-208v-6-contactos-3l6-30r-2l6-20r-1-hw-on\/","title":{"rendered":"Apc Srt6kxlt No Break\/ups  Smart Ups Srt 6000va\/6000w 208v\/208v 6 Contactos 3l6-30r\/2l6-20r\/1 Hw On"},"content":{"rendered":"<table class=\"descripcion\">\n<tr>\n<td>Salida<\/td>\n<\/tr>\n<tr>\n<td>Capacidad de potencia de salida: 6.0 kvatios \/ 6.0 kva<\/td>\n<\/tr>\n<tr>\n<td>M\u00e1xima potencia configurable (vatios): 6.0 kvatios \/ 6.0 kva<\/td>\n<\/tr>\n<tr>\n<td>Tensi\u00f3n de salida nominal: 208v<\/td>\n<\/tr>\n<tr>\n<td>Distorsi\u00f3n de tensi\u00f3n de salida: menos que 2%<\/td>\n<\/tr>\n<tr>\n<td>Frequencia de salida (sincronizada con la red): 50\/60hz +\/- 3 hz<\/td>\n<\/tr>\n<tr>\n<td>Otras tensiones de salida: 240<\/td>\n<\/tr>\n<tr>\n<td>Factor de cresta de carga: 03:01<\/td>\n<\/tr>\n<tr>\n<td>Topolog\u00eda: doble conversi\u00f3n en l\u00ednea<\/td>\n<\/tr>\n<tr>\n<td>Tipo de forma de onda: onda senoidal<\/td>\n<\/tr>\n<tr>\n<td>Conexiones de salida: (1) hard wire 3-wire (2ph + g) (respaldo de bater\u00eda), (2) nema l6-20r (respaldo de bater\u00eda), (3) nema l6-30r (respaldo de bater\u00eda)<\/td>\n<\/tr>\n<tr>\n<td>Desviaci\u00f3n: desviaci\u00f3n interna (autom\u00e1tica y manual)<\/td>\n<\/tr>\n<tr>\n<td>Entrada<\/td>\n<\/tr>\n<tr>\n<td>Entrada de voltaje: 208v<\/td>\n<\/tr>\n<tr>\n<td>Frecuencia de entrada: 40 &#8211; 70 hz (autosensor)<\/td>\n<\/tr>\n<tr>\n<td>Tipo de enchufe: hard wire 3-wire (2ph + g)<\/td>\n<\/tr>\n<tr>\n<td>Variaci\u00f3n de tensi\u00f3n de entrada para operaciones principales: 160 &#8211; 275v<\/td>\n<\/tr>\n<tr>\n<td>Variaci\u00f3n de tensi\u00f3n de entrada adaptable para operaciones principales: 100 &#8211; 275 (half load)v<\/td>\n<\/tr>\n<tr>\n<td>Otras tensiones de entrada: 240<\/td>\n<\/tr>\n<tr>\n<td>Bater\u00edas y autonom\u00eda<\/td>\n<\/tr>\n<tr>\n<td>Tipo de bater\u00eda: bater\u00eda sellada de plomo sin necesidad de mantenci\u00f3n con electrolito suspendido: a prueba de filtraci\u00f3n<\/td>\n<\/tr>\n<tr>\n<td>Tiempo de recarga t\u00edpico: 1.5 horas<\/td>\n<\/tr>\n<tr>\n<td>Bater\u00eda de recambio: apcrbc140<\/td>\n<\/tr>\n<tr>\n<td>Vida \u00fatil esperada de las bater\u00edas: 3-5 a\u00f1os<\/td>\n<\/tr>\n<tr>\n<td>Cantidad de cartuchos de bater\u00eda de recambio: 1<\/td>\n<\/tr>\n<tr>\n<td>Duraci\u00f3n prolongable: 1<\/td>\n<\/tr>\n<tr>\n<td>Capacidad va\/hora de la bater\u00eda: 875<\/td>\n<\/tr>\n<\/table>\n","protected":false},"excerpt":{"rendered":"<p>La serie smart-ups srt de apc es una nueva familia de unidades ups funcionales de alta densidad para redes de voz y datos, laboratorios m\u00e9dicos y aplicaciones para la industria ligera. Con una capacidad m\u00e1xima de 5 kva en un formato convertible para rack o torre, los usuarios pueden albergar servidores -que registran consumos muy elevados- o racks de equipos sumamente cargados. Este factor de forma flexible permite la estandarizaci\u00f3n entre aplicaciones diversas. Los cargadores internos de alta potencia permiten la incorporaci\u00f3n de paquetes de bater\u00edas con dise\u00f1o uniforme pr\u00e1cticamente ilimitados para cubrir las exigentes necesidades de autonom\u00eda de los sistemas clave para los negocios. Para los clientes cuyas aplicaciones se encuentran en entornos hostiles para las cuales se necesitan precisi\u00f3n extrema en la regulaci\u00f3n de la tensi\u00f3n y la frecuencia, bypass interno y correcci\u00f3n del factor de potencia en la entrada -caracter\u00edstica t\u00edpica de la topolog\u00eda on line de doble conversi\u00f3n-<\/p>\n","protected":false},"featured_media":217173,"comment_status":"open","ping_status":"open","template":"","meta":[],"product_cat":[1508,1691],"product_tag":[1694],"acf":[],"yoast_head":"<!-- This site is optimized with the Yoast SEO plugin v21.7 - https:\/\/yoast.com\/wordpress\/plugins\/seo\/ -->\n<title>[ Apc ] &#129351; Srt6kxlt No Break\/ups Smart Ups Srt 6000va\/6000w 208v\/208v 6 Contactos 3l6-30r\/2l6-20r\/1 Hw On<\/title>\n<meta name=\"description\" content=\"Compra Srt6kxlt No Break\/ups Smart Ups Srt 6000va\/6000w 208v\/208v 6 Contactos 3l6-30r\/2l6-20r\/1 Hw On + Env\u00edo a domicilio + Pago seguro + Garant\u00eda\" \/>\n<meta name=\"robots\" content=\"index, follow, max-snippet:-1, max-image-preview:large, max-video-preview:-1\" \/>\n<link rel=\"canonical\" href=\"https:\/\/compuviper.mx\/tienda\/producto\/apc-srt6kxlt-no-break-ups-smart-ups-srt-6000va-6000w-208v-208v-6-contactos-3l6-30r-2l6-20r-1-hw-on\/\" \/>\n<meta property=\"og:locale\" content=\"es_MX\" \/>\n<meta property=\"og:type\" content=\"article\" \/>\n<meta property=\"og:title\" content=\"[ Apc ] &#129351; Srt6kxlt No Break\/ups Smart Ups Srt 6000va\/6000w 208v\/208v 6 Contactos 3l6-30r\/2l6-20r\/1 Hw On\" \/>\n<meta property=\"og:description\" content=\"Compra Srt6kxlt No Break\/ups Smart Ups Srt 6000va\/6000w 208v\/208v 6 Contactos 3l6-30r\/2l6-20r\/1 Hw On + Env\u00edo a domicilio + Pago seguro + Garant\u00eda\" \/>\n<meta property=\"og:url\" content=\"https:\/\/compuviper.mx\/tienda\/producto\/apc-srt6kxlt-no-break-ups-smart-ups-srt-6000va-6000w-208v-208v-6-contactos-3l6-30r-2l6-20r-1-hw-on\/\" \/>\n<meta property=\"og:site_name\" content=\"Compuviper\" \/>\n<meta property=\"article:publisher\" content=\"https:\/\/www.facebook.com\/compuviper\" \/>\n<meta property=\"og:image\" content=\"https:\/\/compuviper.mx\/tienda\/wp-content\/uploads\/2023\/12\/No-breakups-apc-smart-ups-srt-6000va6000w-208v208v-6-contactos-3l6-30r2l6-20r1-hw-on.jpg\" \/>\n\t<meta property=\"og:image:width\" content=\"200\" \/>\n\t<meta property=\"og:image:height\" content=\"200\" \/>\n\t<meta property=\"og:image:type\" content=\"image\/jpeg\" \/>\n<meta name=\"twitter:card\" content=\"summary_large_image\" \/>\n<meta name=\"twitter:label1\" content=\"Precio\" \/>\n\t<meta name=\"twitter:data1\" content=\"&#36;73,682 con IVA\" \/>\n\t<meta name=\"twitter:label2\" content=\"Availability\" \/>\n\t<meta name=\"twitter:data2\" content=\"Out of stock\" \/>\n<script type=\"application\/ld+json\" class=\"yoast-schema-graph\">{\"@context\":\"https:\/\/schema.org\",\"@graph\":[{\"@type\":\"WebPage\",\"@id\":\"https:\/\/compuviper.mx\/tienda\/producto\/apc-srt6kxlt-no-break-ups-smart-ups-srt-6000va-6000w-208v-208v-6-contactos-3l6-30r-2l6-20r-1-hw-on\/\",\"url\":\"https:\/\/compuviper.mx\/tienda\/producto\/apc-srt6kxlt-no-break-ups-smart-ups-srt-6000va-6000w-208v-208v-6-contactos-3l6-30r-2l6-20r-1-hw-on\/\",\"name\":\"[ Apc ] &#129351; Srt6kxlt No Break\/ups Smart Ups Srt 6000va\/6000w 208v\/208v 6 Contactos 3l6-30r\/2l6-20r\/1 Hw On\",\"isPartOf\":{\"@id\":\"https:\/\/compuviper.mx\/tienda\/#website\"},\"datePublished\":\"2026-04-07T06:23:29+00:00\",\"dateModified\":\"2026-04-07T06:23:29+00:00\",\"description\":\"Compra Srt6kxlt No Break\/ups Smart Ups Srt 6000va\/6000w 208v\/208v 6 Contactos 3l6-30r\/2l6-20r\/1 Hw On + Env\u00edo a domicilio + Pago seguro + Garant\u00eda\",\"breadcrumb\":{\"@id\":\"https:\/\/compuviper.mx\/tienda\/producto\/apc-srt6kxlt-no-break-ups-smart-ups-srt-6000va-6000w-208v-208v-6-contactos-3l6-30r-2l6-20r-1-hw-on\/#breadcrumb\"},\"inLanguage\":\"es-MX\",\"potentialAction\":[{\"@type\":\"ReadAction\",\"target\":[\"https:\/\/compuviper.mx\/tienda\/producto\/apc-srt6kxlt-no-break-ups-smart-ups-srt-6000va-6000w-208v-208v-6-contactos-3l6-30r-2l6-20r-1-hw-on\/\"]}]},{\"@type\":\"BreadcrumbList\",\"@id\":\"https:\/\/compuviper.mx\/tienda\/producto\/apc-srt6kxlt-no-break-ups-smart-ups-srt-6000va-6000w-208v-208v-6-contactos-3l6-30r-2l6-20r-1-hw-on\/#breadcrumb\",\"itemListElement\":[{\"@type\":\"ListItem\",\"position\":1,\"name\":\"Inicio\",\"item\":\"https:\/\/compuviper.mx\/tienda\/\"},{\"@type\":\"ListItem\",\"position\":2,\"name\":\"Productos\",\"item\":\"https:\/\/compuviper.mx\/tienda\/productos\/\"},{\"@type\":\"ListItem\",\"position\":3,\"name\":\"Energia\",\"item\":\"https:\/\/compuviper.mx\/tienda\/categoria-producto\/energia\/\"},{\"@type\":\"ListItem\",\"position\":4,\"name\":\"No Break\",\"item\":\"https:\/\/compuviper.mx\/tienda\/categoria-producto\/energia\/no-break\/\"},{\"@type\":\"ListItem\",\"position\":5,\"name\":\"Apc Srt6kxlt No Break\/ups Smart Ups Srt 6000va\/6000w 208v\/208v 6 Contactos 3l6-30r\/2l6-20r\/1 Hw On\"}]},{\"@type\":\"WebSite\",\"@id\":\"https:\/\/compuviper.mx\/tienda\/#website\",\"url\":\"https:\/\/compuviper.mx\/tienda\/\",\"name\":\"Compuviper\",\"description\":\"Proveedor de Computadoras, Laptops, Servidores, Monitores, Puntos de Venta, Teclados,   Impresoras, T\u00f3ner, C\u00e1maras de Seguridad y m\u00e1s en tu tienda en l\u00ednea\",\"publisher\":{\"@id\":\"https:\/\/compuviper.mx\/tienda\/#organization\"},\"potentialAction\":[{\"@type\":\"SearchAction\",\"target\":{\"@type\":\"EntryPoint\",\"urlTemplate\":\"https:\/\/compuviper.mx\/tienda\/?s={search_term_string}\"},\"query-input\":\"required name=search_term_string\"}],\"inLanguage\":\"es-MX\"},{\"@type\":\"Organization\",\"@id\":\"https:\/\/compuviper.mx\/tienda\/#organization\",\"name\":\"Compuviper\",\"url\":\"https:\/\/compuviper.mx\/tienda\/\",\"logo\":{\"@type\":\"ImageObject\",\"inLanguage\":\"es-MX\",\"@id\":\"https:\/\/compuviper.mx\/tienda\/#\/schema\/logo\/image\/\",\"url\":\"https:\/\/compuviper.mx\/tienda\/wp-content\/uploads\/2021\/08\/Logo-Compuviper-10.png\",\"contentUrl\":\"https:\/\/compuviper.mx\/tienda\/wp-content\/uploads\/2021\/08\/Logo-Compuviper-10.png\",\"width\":1000,\"height\":500,\"caption\":\"Compuviper\"},\"image\":{\"@id\":\"https:\/\/compuviper.mx\/tienda\/#\/schema\/logo\/image\/\"},\"sameAs\":[\"https:\/\/www.facebook.com\/compuviper\",\"https:\/\/www.youtube.com\/channel\/UCf73dERp9Y3cfOq7q8BhLjA?view_as=subscriber\"]}]}<\/script>\n<meta property=\"product:brand\" content=\"APC\" \/>\n<meta property=\"product:price:amount\" content=\"73682\" \/>\n<meta property=\"product:price:currency\" content=\"MXN\" \/>\n<meta property=\"og:availability\" content=\"out of stock\" \/>\n<meta property=\"product:availability\" content=\"out of stock\" \/>\n<meta property=\"product:retailer_item_id\" content=\"SRT6KXLT\" \/>\n<meta property=\"product:condition\" content=\"new\" \/>\n<!-- \/ Yoast SEO plugin. -->","yoast_head_json":{"title":"[ Apc ] &#129351; Srt6kxlt No Break\/ups Smart Ups Srt 6000va\/6000w 208v\/208v 6 Contactos 3l6-30r\/2l6-20r\/1 Hw On","description":"Compra Srt6kxlt No Break\/ups Smart Ups Srt 6000va\/6000w 208v\/208v 6 Contactos 3l6-30r\/2l6-20r\/1 Hw On + Env\u00edo a domicilio + Pago seguro + Garant\u00eda","robots":{"index":"index","follow":"follow","max-snippet":"max-snippet:-1","max-image-preview":"max-image-preview:large","max-video-preview":"max-video-preview:-1"},"canonical":"https:\/\/compuviper.mx\/tienda\/producto\/apc-srt6kxlt-no-break-ups-smart-ups-srt-6000va-6000w-208v-208v-6-contactos-3l6-30r-2l6-20r-1-hw-on\/","og_locale":"es_MX","og_type":"article","og_title":"[ Apc ] &#129351; Srt6kxlt No Break\/ups Smart Ups Srt 6000va\/6000w 208v\/208v 6 Contactos 3l6-30r\/2l6-20r\/1 Hw On","og_description":"Compra Srt6kxlt No Break\/ups Smart Ups Srt 6000va\/6000w 208v\/208v 6 Contactos 3l6-30r\/2l6-20r\/1 Hw On + Env\u00edo a domicilio + Pago seguro + Garant\u00eda","og_url":"https:\/\/compuviper.mx\/tienda\/producto\/apc-srt6kxlt-no-break-ups-smart-ups-srt-6000va-6000w-208v-208v-6-contactos-3l6-30r-2l6-20r-1-hw-on\/","og_site_name":"Compuviper","article_publisher":"https:\/\/www.facebook.com\/compuviper","og_image":[{"width":200,"height":200,"url":"https:\/\/compuviper.mx\/tienda\/wp-content\/uploads\/2023\/12\/No-breakups-apc-smart-ups-srt-6000va6000w-208v208v-6-contactos-3l6-30r2l6-20r1-hw-on.jpg","type":"image\/jpeg"}],"twitter_card":"summary_large_image","twitter_misc":{"Precio":"&#36;73,682 con IVA","Availability":"Out of stock"},"schema":{"@context":"https:\/\/schema.org","@graph":[{"@type":"WebPage","@id":"https:\/\/compuviper.mx\/tienda\/producto\/apc-srt6kxlt-no-break-ups-smart-ups-srt-6000va-6000w-208v-208v-6-contactos-3l6-30r-2l6-20r-1-hw-on\/","url":"https:\/\/compuviper.mx\/tienda\/producto\/apc-srt6kxlt-no-break-ups-smart-ups-srt-6000va-6000w-208v-208v-6-contactos-3l6-30r-2l6-20r-1-hw-on\/","name":"[ Apc ] &#129351; Srt6kxlt No Break\/ups Smart Ups Srt 6000va\/6000w 208v\/208v 6 Contactos 3l6-30r\/2l6-20r\/1 Hw On","isPartOf":{"@id":"https:\/\/compuviper.mx\/tienda\/#website"},"datePublished":"2026-04-07T06:23:29+00:00","dateModified":"2026-04-07T06:23:29+00:00","description":"Compra Srt6kxlt No Break\/ups Smart Ups Srt 6000va\/6000w 208v\/208v 6 Contactos 3l6-30r\/2l6-20r\/1 Hw On + Env\u00edo a domicilio + Pago seguro + Garant\u00eda","breadcrumb":{"@id":"https:\/\/compuviper.mx\/tienda\/producto\/apc-srt6kxlt-no-break-ups-smart-ups-srt-6000va-6000w-208v-208v-6-contactos-3l6-30r-2l6-20r-1-hw-on\/#breadcrumb"},"inLanguage":"es-MX","potentialAction":[{"@type":"ReadAction","target":["https:\/\/compuviper.mx\/tienda\/producto\/apc-srt6kxlt-no-break-ups-smart-ups-srt-6000va-6000w-208v-208v-6-contactos-3l6-30r-2l6-20r-1-hw-on\/"]}]},{"@type":"BreadcrumbList","@id":"https:\/\/compuviper.mx\/tienda\/producto\/apc-srt6kxlt-no-break-ups-smart-ups-srt-6000va-6000w-208v-208v-6-contactos-3l6-30r-2l6-20r-1-hw-on\/#breadcrumb","itemListElement":[{"@type":"ListItem","position":1,"name":"Inicio","item":"https:\/\/compuviper.mx\/tienda\/"},{"@type":"ListItem","position":2,"name":"Productos","item":"https:\/\/compuviper.mx\/tienda\/productos\/"},{"@type":"ListItem","position":3,"name":"Energia","item":"https:\/\/compuviper.mx\/tienda\/categoria-producto\/energia\/"},{"@type":"ListItem","position":4,"name":"No Break","item":"https:\/\/compuviper.mx\/tienda\/categoria-producto\/energia\/no-break\/"},{"@type":"ListItem","position":5,"name":"Apc Srt6kxlt No Break\/ups Smart Ups Srt 6000va\/6000w 208v\/208v 6 Contactos 3l6-30r\/2l6-20r\/1 Hw On"}]},{"@type":"WebSite","@id":"https:\/\/compuviper.mx\/tienda\/#website","url":"https:\/\/compuviper.mx\/tienda\/","name":"Compuviper","description":"Proveedor de Computadoras, Laptops, Servidores, Monitores, Puntos de Venta, Teclados,   Impresoras, T\u00f3ner, C\u00e1maras de Seguridad y m\u00e1s en tu tienda en l\u00ednea","publisher":{"@id":"https:\/\/compuviper.mx\/tienda\/#organization"},"potentialAction":[{"@type":"SearchAction","target":{"@type":"EntryPoint","urlTemplate":"https:\/\/compuviper.mx\/tienda\/?s={search_term_string}"},"query-input":"required name=search_term_string"}],"inLanguage":"es-MX"},{"@type":"Organization","@id":"https:\/\/compuviper.mx\/tienda\/#organization","name":"Compuviper","url":"https:\/\/compuviper.mx\/tienda\/","logo":{"@type":"ImageObject","inLanguage":"es-MX","@id":"https:\/\/compuviper.mx\/tienda\/#\/schema\/logo\/image\/","url":"https:\/\/compuviper.mx\/tienda\/wp-content\/uploads\/2021\/08\/Logo-Compuviper-10.png","contentUrl":"https:\/\/compuviper.mx\/tienda\/wp-content\/uploads\/2021\/08\/Logo-Compuviper-10.png","width":1000,"height":500,"caption":"Compuviper"},"image":{"@id":"https:\/\/compuviper.mx\/tienda\/#\/schema\/logo\/image\/"},"sameAs":["https:\/\/www.facebook.com\/compuviper","https:\/\/www.youtube.com\/channel\/UCf73dERp9Y3cfOq7q8BhLjA?view_as=subscriber"]}]},"product_brand":"APC","product_price_amount":"73682","product_price_currency":"MXN","og_availability":"out of stock","product_availability":"out of stock","product_retailer_item_id":"SRT6KXLT","product_condition":"new"},"_links":{"self":[{"href":"https:\/\/compuviper.mx\/tienda\/wp-json\/wp\/v2\/product\/217172"}],"collection":[{"href":"https:\/\/compuviper.mx\/tienda\/wp-json\/wp\/v2\/product"}],"about":[{"href":"https:\/\/compuviper.mx\/tienda\/wp-json\/wp\/v2\/types\/product"}],"replies":[{"embeddable":true,"href":"https:\/\/compuviper.mx\/tienda\/wp-json\/wp\/v2\/comments?post=217172"}],"wp:featuredmedia":[{"embeddable":true,"href":"https:\/\/compuviper.mx\/tienda\/wp-json\/wp\/v2\/media\/217173"}],"wp:attachment":[{"href":"https:\/\/compuviper.mx\/tienda\/wp-json\/wp\/v2\/media?parent=217172"}],"wp:term":[{"taxonomy":"product_cat","embeddable":true,"href":"https:\/\/compuviper.mx\/tienda\/wp-json\/wp\/v2\/product_cat?post=217172"},{"taxonomy":"product_tag","embeddable":true,"href":"https:\/\/compuviper.mx\/tienda\/wp-json\/wp\/v2\/product_tag?post=217172"}],"curies":[{"name":"wp","href":"https:\/\/api.w.org\/{rel}","templated":true}]}}