{"id":217162,"date":"2026-04-28T00:26:03","date_gmt":"2026-04-28T06:26:03","guid":{"rendered":"https:\/\/compuviper.mx\/tienda\/producto\/smartbitt-sbnb500-no-break-500va-250w-4-contactos-con-regulador-y-supresor-de-picos\/"},"modified":"2026-04-28T00:26:03","modified_gmt":"2026-04-28T06:26:03","slug":"smartbitt-sbnb500-no-break-interactivo-500va-250w-clavija-nema-5-15p-4-contactos-tipo-nema-5-15r-todos-con-respaldo-de-baterias-regulacion-y-supresion-de-picos","status":"publish","type":"product","link":"https:\/\/compuviper.mx\/tienda\/producto\/smartbitt-sbnb500-no-break-interactivo-500va-250w-clavija-nema-5-15p-4-contactos-tipo-nema-5-15r-todos-con-respaldo-de-baterias-regulacion-y-supresion-de-picos\/","title":{"rendered":"Smartbitt Sbnb500 No Break Interactivo     500va \/ 250w, Clavija Nema 5-15p, 4 Contactos, Tipo Nema 5-15r, Todos Con Respaldo De Baterias, Regulacion Y Supresion De Picos."},"content":{"rendered":"<table class=\"descripcion\">\n<tr>\n<td>No break smartbitt: sbnb500<\/td>\n<\/tr>\n<tr>\n<td>Salida<\/td>\n<\/tr>\n<tr>\n<td>Potencia:     500 va \/ 250 w<\/td>\n<\/tr>\n<tr>\n<td>Voltaje nominal:  120 vca +\/-10%<\/td>\n<\/tr>\n<tr>\n<td>Frecuencia nominal:    50\/60 hz<\/td>\n<\/tr>\n<tr>\n<td>Forma de onda:    onda senoidal simulada en modo bater\u00eda<\/td>\n<\/tr>\n<tr>\n<td>Tiempo de transferencia:    4-6 ms<\/td>\n<\/tr>\n<tr>\n<td>Numero de contactos:   4<\/td>\n<\/tr>\n<tr>\n<td>Tipo de contactos:    nema 5-15r<\/td>\n<\/tr>\n<tr>\n<td>Entrada<\/td>\n<\/tr>\n<tr>\n<td>Rango de regulaci\u00f3n:     90-145 vca<\/td>\n<\/tr>\n<tr>\n<td>Voltaje nominal:      120 vca<\/td>\n<\/tr>\n<tr>\n<td>Frecuencia nominal:          50\/60 hz<\/td>\n<\/tr>\n<tr>\n<td>Tipo de conexi\u00f3n:      nema 5-15p<\/td>\n<\/tr>\n<tr>\n<td>Corriente m\u00e1xima:     5a<\/td>\n<\/tr>\n<tr>\n<td>Bater\u00eda<\/td>\n<\/tr>\n<tr>\n<td>Cantidad de bater\u00edas:        1<\/td>\n<\/tr>\n<tr>\n<td>Tipo de bater\u00edas:        12vcd 5ah<\/td>\n<\/tr>\n<tr>\n<td>Descarga al 100%         3 min. con carga lineal<\/td>\n<\/tr>\n<tr>\n<td>Descarga al 50%         7 min. con carga lineal<\/td>\n<\/tr>\n<tr>\n<td>Recuperaci\u00f3n:            4 horas al 90%<\/td>\n<\/tr>\n<tr>\n<td>Protecciones<\/td>\n<\/tr>\n<tr>\n<td>Sobrecarga:        dsp<\/td>\n<\/tr>\n<tr>\n<td>Tipo de protecci\u00f3n:     fusible 5a<\/td>\n<\/tr>\n<tr>\n<td>Cortocircuito:      dsp<\/td>\n<\/tr>\n<tr>\n<td>Caracter\u00edsticas f\u00edsicas<\/td>\n<\/tr>\n<tr>\n<td>Arquitectura:          en forma de torre<\/td>\n<\/tr>\n<tr>\n<td>Interruptor:        de presi\u00f3n on\/off<\/td>\n<\/tr>\n<tr>\n<td>Indicador de encendido:       led verde fijo<\/td>\n<\/tr>\n<tr>\n<td>Indicador de modo bater\u00eda:  led verde intermitente con sonido beep cada 10 segundos<\/td>\n<\/tr>\n<tr>\n<td>Indicador bater\u00eda baja:   led verde intermitente con sonido beep cada segundo<\/td>\n<\/tr>\n<tr>\n<td>Indicador sobrecarga:    led verde intermitente con sonido beep cada 0.5 segundos<\/td>\n<\/tr>\n<tr>\n<td>Indicador de falla:   sonido continuo<\/td>\n<\/tr>\n<tr>\n<td>Longitud de cable (mm):   1200<\/td>\n<\/tr>\n<tr>\n<td>Largo (mm):    275<\/td>\n<\/tr>\n<tr>\n<td>Ancho (mm):   96<\/td>\n<\/tr>\n<tr>\n<td>Alto (mm):   144<\/td>\n<\/tr>\n<tr>\n<td>Peso (kg):   3.7<\/td>\n<\/tr>\n<tr>\n<td>Color:     negro<\/td>\n<\/tr>\n<tr>\n<td>Montaje:    torre en piso<\/td>\n<\/tr>\n<tr>\n<td>Tiempo de respaldo de hasta 25 min depende de la carga a conectar.<\/td>\n<\/tr>\n<tr>\n<td>Certificaciones:  nom-001, rohs, iso 9001<\/td>\n<\/tr>\n<tr>\n<td>Ambiente de operaci\u00f3n<\/td>\n<\/tr>\n<tr>\n<td>Temperatura de operaci\u00f3n:      0-40c\u00b0<\/td>\n<\/tr>\n<tr>\n<td>Humedad relativa:       0-95%<\/td>\n<\/tr>\n<tr>\n<td>Nivel de ruido:         40 db<\/td>\n<\/tr>\n<tr>\n<td>Elevaci\u00f3n operativa (m):     0-2000 s.n.m<\/td>\n<\/tr>\n<tr>\n<td>Garant\u00eda<\/td>\n<\/tr>\n<tr>\n<td>Garant\u00eda por defecto de f\u00e1brica:   3 a\u00f1os en electr\u00f3nica y 2 a\u00f1os en bater\u00eda<\/td>\n<\/tr>\n<tr>\n<td>Nota: las especificaciones del producto est\u00e1n sujetas a cambios sin previo aviso.<\/td>\n<\/tr>\n<\/table>\n","protected":false},"excerpt":{"rendered":"<p>Aplicaciones ideales. Pc o mac. Consolas de videojuegos. Modems o ruteadores de internet. Equipos de audio. Equipos para sistemas de cable y tv. Punto de venta. Tvs. Equipos de cctv y videocamaras. Fabricados con la mejor tecnolog\u00eda, cuida siempre tus equipos y tu inversi\u00f3n con smartbitt.<\/p>\n","protected":false},"featured_media":217163,"comment_status":"open","ping_status":"open","template":"","meta":[],"product_cat":[1508,1691],"product_tag":[1583],"acf":[],"yoast_head":"<!-- This site is optimized with the Yoast SEO plugin v21.7 - https:\/\/yoast.com\/wordpress\/plugins\/seo\/ -->\n<title>[ Smartbitt ] &#129351; Sbnb500 No Break Interactivo 500va \/ 250w, Clavija Nema 5-15p, 4 Contactos, Tipo Nema 5-15r, Todos Con Respaldo De Baterias, Regulacion Y Supresion De Picos.<\/title>\n<meta name=\"description\" content=\"Compra Sbnb500 No Break Interactivo 500va \/ 250w, Clavija Nema 5-15p, 4 Contactos, Tipo Nema 5-15r, Todos Con Respaldo De Baterias, Regulacion Y Supresion De Picos. + Env\u00edo a domicilio + Pago seguro + Garant\u00eda\" \/>\n<meta name=\"robots\" content=\"index, follow, max-snippet:-1, max-image-preview:large, max-video-preview:-1\" \/>\n<link rel=\"canonical\" href=\"https:\/\/compuviper.mx\/tienda\/producto\/smartbitt-sbnb500-no-break-interactivo-500va-250w-clavija-nema-5-15p-4-contactos-tipo-nema-5-15r-todos-con-respaldo-de-baterias-regulacion-y-supresion-de-picos\/\" \/>\n<meta property=\"og:locale\" content=\"es_MX\" \/>\n<meta property=\"og:type\" content=\"article\" \/>\n<meta property=\"og:title\" content=\"[ Smartbitt ] &#129351; Sbnb500 No Break Interactivo 500va \/ 250w, Clavija Nema 5-15p, 4 Contactos, Tipo Nema 5-15r, Todos Con Respaldo De Baterias, Regulacion Y Supresion De Picos.\" \/>\n<meta property=\"og:description\" content=\"Compra Sbnb500 No Break Interactivo 500va \/ 250w, Clavija Nema 5-15p, 4 Contactos, Tipo Nema 5-15r, Todos Con Respaldo De Baterias, Regulacion Y Supresion De Picos. + Env\u00edo a domicilio + Pago seguro + Garant\u00eda\" \/>\n<meta property=\"og:url\" content=\"https:\/\/compuviper.mx\/tienda\/producto\/smartbitt-sbnb500-no-break-interactivo-500va-250w-clavija-nema-5-15p-4-contactos-tipo-nema-5-15r-todos-con-respaldo-de-baterias-regulacion-y-supresion-de-picos\/\" \/>\n<meta property=\"og:site_name\" content=\"Compuviper\" \/>\n<meta property=\"article:publisher\" content=\"https:\/\/www.facebook.com\/compuviper\" \/>\n<meta property=\"og:image\" content=\"https:\/\/compuviper.mx\/tienda\/wp-content\/uploads\/2023\/12\/No-break-smartbitt-500va-250w-4-contactos-con-regulador-y-supresor-de-picos.jpg\" \/>\n\t<meta property=\"og:image:width\" content=\"200\" \/>\n\t<meta property=\"og:image:height\" content=\"200\" \/>\n\t<meta property=\"og:image:type\" content=\"image\/jpeg\" \/>\n<meta name=\"twitter:card\" content=\"summary_large_image\" \/>\n<meta name=\"twitter:label1\" content=\"Precio\" \/>\n\t<meta name=\"twitter:data1\" content=\"&#36;940 &#36;917 con IVA\" \/>\n\t<meta name=\"twitter:label2\" content=\"Availability\" \/>\n\t<meta name=\"twitter:data2\" content=\"In stock\" \/>\n<script type=\"application\/ld+json\" class=\"yoast-schema-graph\">{\"@context\":\"https:\/\/schema.org\",\"@graph\":[{\"@type\":\"WebPage\",\"@id\":\"https:\/\/compuviper.mx\/tienda\/producto\/smartbitt-sbnb500-no-break-interactivo-500va-250w-clavija-nema-5-15p-4-contactos-tipo-nema-5-15r-todos-con-respaldo-de-baterias-regulacion-y-supresion-de-picos\/\",\"url\":\"https:\/\/compuviper.mx\/tienda\/producto\/smartbitt-sbnb500-no-break-interactivo-500va-250w-clavija-nema-5-15p-4-contactos-tipo-nema-5-15r-todos-con-respaldo-de-baterias-regulacion-y-supresion-de-picos\/\",\"name\":\"[ Smartbitt ] &#129351; Sbnb500 No Break Interactivo 500va \/ 250w, Clavija Nema 5-15p, 4 Contactos, Tipo Nema 5-15r, Todos Con Respaldo De Baterias, Regulacion Y Supresion De Picos.\",\"isPartOf\":{\"@id\":\"https:\/\/compuviper.mx\/tienda\/#website\"},\"datePublished\":\"2026-04-28T06:26:03+00:00\",\"dateModified\":\"2026-04-28T06:26:03+00:00\",\"description\":\"Compra Sbnb500 No Break Interactivo 500va \/ 250w, Clavija Nema 5-15p, 4 Contactos, Tipo Nema 5-15r, Todos Con Respaldo De Baterias, Regulacion Y Supresion De Picos. + Env\u00edo a domicilio + Pago seguro + Garant\u00eda\",\"breadcrumb\":{\"@id\":\"https:\/\/compuviper.mx\/tienda\/producto\/smartbitt-sbnb500-no-break-interactivo-500va-250w-clavija-nema-5-15p-4-contactos-tipo-nema-5-15r-todos-con-respaldo-de-baterias-regulacion-y-supresion-de-picos\/#breadcrumb\"},\"inLanguage\":\"es-MX\",\"potentialAction\":[{\"@type\":\"ReadAction\",\"target\":[\"https:\/\/compuviper.mx\/tienda\/producto\/smartbitt-sbnb500-no-break-interactivo-500va-250w-clavija-nema-5-15p-4-contactos-tipo-nema-5-15r-todos-con-respaldo-de-baterias-regulacion-y-supresion-de-picos\/\"]}]},{\"@type\":\"BreadcrumbList\",\"@id\":\"https:\/\/compuviper.mx\/tienda\/producto\/smartbitt-sbnb500-no-break-interactivo-500va-250w-clavija-nema-5-15p-4-contactos-tipo-nema-5-15r-todos-con-respaldo-de-baterias-regulacion-y-supresion-de-picos\/#breadcrumb\",\"itemListElement\":[{\"@type\":\"ListItem\",\"position\":1,\"name\":\"Inicio\",\"item\":\"https:\/\/compuviper.mx\/tienda\/\"},{\"@type\":\"ListItem\",\"position\":2,\"name\":\"Productos\",\"item\":\"https:\/\/compuviper.mx\/tienda\/productos\/\"},{\"@type\":\"ListItem\",\"position\":3,\"name\":\"Energia\",\"item\":\"https:\/\/compuviper.mx\/tienda\/categoria-producto\/energia\/\"},{\"@type\":\"ListItem\",\"position\":4,\"name\":\"No Break\",\"item\":\"https:\/\/compuviper.mx\/tienda\/categoria-producto\/energia\/no-break\/\"},{\"@type\":\"ListItem\",\"position\":5,\"name\":\"Smartbitt Sbnb500 No Break Interactivo 500va \/ 250w, Clavija Nema 5-15p, 4 Contactos, Tipo Nema 5-15r, Todos Con Respaldo De Baterias, Regulacion Y Supresion De Picos.\"}]},{\"@type\":\"WebSite\",\"@id\":\"https:\/\/compuviper.mx\/tienda\/#website\",\"url\":\"https:\/\/compuviper.mx\/tienda\/\",\"name\":\"Compuviper\",\"description\":\"Proveedor de Computadoras, Laptops, Servidores, Monitores, Puntos de Venta, Teclados,   Impresoras, T\u00f3ner, C\u00e1maras de Seguridad y m\u00e1s en tu tienda en l\u00ednea\",\"publisher\":{\"@id\":\"https:\/\/compuviper.mx\/tienda\/#organization\"},\"potentialAction\":[{\"@type\":\"SearchAction\",\"target\":{\"@type\":\"EntryPoint\",\"urlTemplate\":\"https:\/\/compuviper.mx\/tienda\/?s={search_term_string}\"},\"query-input\":\"required name=search_term_string\"}],\"inLanguage\":\"es-MX\"},{\"@type\":\"Organization\",\"@id\":\"https:\/\/compuviper.mx\/tienda\/#organization\",\"name\":\"Compuviper\",\"url\":\"https:\/\/compuviper.mx\/tienda\/\",\"logo\":{\"@type\":\"ImageObject\",\"inLanguage\":\"es-MX\",\"@id\":\"https:\/\/compuviper.mx\/tienda\/#\/schema\/logo\/image\/\",\"url\":\"https:\/\/compuviper.mx\/tienda\/wp-content\/uploads\/2021\/08\/Logo-Compuviper-10.png\",\"contentUrl\":\"https:\/\/compuviper.mx\/tienda\/wp-content\/uploads\/2021\/08\/Logo-Compuviper-10.png\",\"width\":1000,\"height\":500,\"caption\":\"Compuviper\"},\"image\":{\"@id\":\"https:\/\/compuviper.mx\/tienda\/#\/schema\/logo\/image\/\"},\"sameAs\":[\"https:\/\/www.facebook.com\/compuviper\",\"https:\/\/www.youtube.com\/channel\/UCf73dERp9Y3cfOq7q8BhLjA?view_as=subscriber\"]}]}<\/script>\n<meta property=\"product:brand\" content=\"SMARTBITT\" \/>\n<meta property=\"product:price:amount\" content=\"917\" \/>\n<meta property=\"product:price:currency\" content=\"MXN\" \/>\n<meta property=\"og:availability\" content=\"instock\" \/>\n<meta property=\"product:availability\" content=\"instock\" \/>\n<meta property=\"product:retailer_item_id\" content=\"SBNB500\" \/>\n<meta property=\"product:condition\" content=\"new\" \/>\n<!-- \/ Yoast SEO plugin. -->","yoast_head_json":{"title":"[ Smartbitt ] &#129351; Sbnb500 No Break Interactivo 500va \/ 250w, Clavija Nema 5-15p, 4 Contactos, Tipo Nema 5-15r, Todos Con Respaldo De Baterias, Regulacion Y Supresion De Picos.","description":"Compra Sbnb500 No Break Interactivo 500va \/ 250w, Clavija Nema 5-15p, 4 Contactos, Tipo Nema 5-15r, Todos Con Respaldo De Baterias, Regulacion Y Supresion De Picos. + Env\u00edo a domicilio + Pago seguro + Garant\u00eda","robots":{"index":"index","follow":"follow","max-snippet":"max-snippet:-1","max-image-preview":"max-image-preview:large","max-video-preview":"max-video-preview:-1"},"canonical":"https:\/\/compuviper.mx\/tienda\/producto\/smartbitt-sbnb500-no-break-interactivo-500va-250w-clavija-nema-5-15p-4-contactos-tipo-nema-5-15r-todos-con-respaldo-de-baterias-regulacion-y-supresion-de-picos\/","og_locale":"es_MX","og_type":"article","og_title":"[ Smartbitt ] &#129351; Sbnb500 No Break Interactivo 500va \/ 250w, Clavija Nema 5-15p, 4 Contactos, Tipo Nema 5-15r, Todos Con Respaldo De Baterias, Regulacion Y Supresion De Picos.","og_description":"Compra Sbnb500 No Break Interactivo 500va \/ 250w, Clavija Nema 5-15p, 4 Contactos, Tipo Nema 5-15r, Todos Con Respaldo De Baterias, Regulacion Y Supresion De Picos. + Env\u00edo a domicilio + Pago seguro + Garant\u00eda","og_url":"https:\/\/compuviper.mx\/tienda\/producto\/smartbitt-sbnb500-no-break-interactivo-500va-250w-clavija-nema-5-15p-4-contactos-tipo-nema-5-15r-todos-con-respaldo-de-baterias-regulacion-y-supresion-de-picos\/","og_site_name":"Compuviper","article_publisher":"https:\/\/www.facebook.com\/compuviper","og_image":[{"width":200,"height":200,"url":"https:\/\/compuviper.mx\/tienda\/wp-content\/uploads\/2023\/12\/No-break-smartbitt-500va-250w-4-contactos-con-regulador-y-supresor-de-picos.jpg","type":"image\/jpeg"}],"twitter_card":"summary_large_image","twitter_misc":{"Precio":"&#36;940 &#36;917 con IVA","Availability":"In stock"},"schema":{"@context":"https:\/\/schema.org","@graph":[{"@type":"WebPage","@id":"https:\/\/compuviper.mx\/tienda\/producto\/smartbitt-sbnb500-no-break-interactivo-500va-250w-clavija-nema-5-15p-4-contactos-tipo-nema-5-15r-todos-con-respaldo-de-baterias-regulacion-y-supresion-de-picos\/","url":"https:\/\/compuviper.mx\/tienda\/producto\/smartbitt-sbnb500-no-break-interactivo-500va-250w-clavija-nema-5-15p-4-contactos-tipo-nema-5-15r-todos-con-respaldo-de-baterias-regulacion-y-supresion-de-picos\/","name":"[ Smartbitt ] &#129351; Sbnb500 No Break Interactivo 500va \/ 250w, Clavija Nema 5-15p, 4 Contactos, Tipo Nema 5-15r, Todos Con Respaldo De Baterias, Regulacion Y Supresion De Picos.","isPartOf":{"@id":"https:\/\/compuviper.mx\/tienda\/#website"},"datePublished":"2026-04-28T06:26:03+00:00","dateModified":"2026-04-28T06:26:03+00:00","description":"Compra Sbnb500 No Break Interactivo 500va \/ 250w, Clavija Nema 5-15p, 4 Contactos, Tipo Nema 5-15r, Todos Con Respaldo De Baterias, Regulacion Y Supresion De Picos. + Env\u00edo a domicilio + Pago seguro + Garant\u00eda","breadcrumb":{"@id":"https:\/\/compuviper.mx\/tienda\/producto\/smartbitt-sbnb500-no-break-interactivo-500va-250w-clavija-nema-5-15p-4-contactos-tipo-nema-5-15r-todos-con-respaldo-de-baterias-regulacion-y-supresion-de-picos\/#breadcrumb"},"inLanguage":"es-MX","potentialAction":[{"@type":"ReadAction","target":["https:\/\/compuviper.mx\/tienda\/producto\/smartbitt-sbnb500-no-break-interactivo-500va-250w-clavija-nema-5-15p-4-contactos-tipo-nema-5-15r-todos-con-respaldo-de-baterias-regulacion-y-supresion-de-picos\/"]}]},{"@type":"BreadcrumbList","@id":"https:\/\/compuviper.mx\/tienda\/producto\/smartbitt-sbnb500-no-break-interactivo-500va-250w-clavija-nema-5-15p-4-contactos-tipo-nema-5-15r-todos-con-respaldo-de-baterias-regulacion-y-supresion-de-picos\/#breadcrumb","itemListElement":[{"@type":"ListItem","position":1,"name":"Inicio","item":"https:\/\/compuviper.mx\/tienda\/"},{"@type":"ListItem","position":2,"name":"Productos","item":"https:\/\/compuviper.mx\/tienda\/productos\/"},{"@type":"ListItem","position":3,"name":"Energia","item":"https:\/\/compuviper.mx\/tienda\/categoria-producto\/energia\/"},{"@type":"ListItem","position":4,"name":"No Break","item":"https:\/\/compuviper.mx\/tienda\/categoria-producto\/energia\/no-break\/"},{"@type":"ListItem","position":5,"name":"Smartbitt Sbnb500 No Break Interactivo 500va \/ 250w, Clavija Nema 5-15p, 4 Contactos, Tipo Nema 5-15r, Todos Con Respaldo De Baterias, Regulacion Y Supresion De Picos."}]},{"@type":"WebSite","@id":"https:\/\/compuviper.mx\/tienda\/#website","url":"https:\/\/compuviper.mx\/tienda\/","name":"Compuviper","description":"Proveedor de Computadoras, Laptops, Servidores, Monitores, Puntos de Venta, Teclados,   Impresoras, T\u00f3ner, C\u00e1maras de Seguridad y m\u00e1s en tu tienda en l\u00ednea","publisher":{"@id":"https:\/\/compuviper.mx\/tienda\/#organization"},"potentialAction":[{"@type":"SearchAction","target":{"@type":"EntryPoint","urlTemplate":"https:\/\/compuviper.mx\/tienda\/?s={search_term_string}"},"query-input":"required name=search_term_string"}],"inLanguage":"es-MX"},{"@type":"Organization","@id":"https:\/\/compuviper.mx\/tienda\/#organization","name":"Compuviper","url":"https:\/\/compuviper.mx\/tienda\/","logo":{"@type":"ImageObject","inLanguage":"es-MX","@id":"https:\/\/compuviper.mx\/tienda\/#\/schema\/logo\/image\/","url":"https:\/\/compuviper.mx\/tienda\/wp-content\/uploads\/2021\/08\/Logo-Compuviper-10.png","contentUrl":"https:\/\/compuviper.mx\/tienda\/wp-content\/uploads\/2021\/08\/Logo-Compuviper-10.png","width":1000,"height":500,"caption":"Compuviper"},"image":{"@id":"https:\/\/compuviper.mx\/tienda\/#\/schema\/logo\/image\/"},"sameAs":["https:\/\/www.facebook.com\/compuviper","https:\/\/www.youtube.com\/channel\/UCf73dERp9Y3cfOq7q8BhLjA?view_as=subscriber"]}]},"product_brand":"SMARTBITT","product_price_amount":"917","product_price_currency":"MXN","og_availability":"instock","product_availability":"instock","product_retailer_item_id":"SBNB500","product_condition":"new"},"_links":{"self":[{"href":"https:\/\/compuviper.mx\/tienda\/wp-json\/wp\/v2\/product\/217162"}],"collection":[{"href":"https:\/\/compuviper.mx\/tienda\/wp-json\/wp\/v2\/product"}],"about":[{"href":"https:\/\/compuviper.mx\/tienda\/wp-json\/wp\/v2\/types\/product"}],"replies":[{"embeddable":true,"href":"https:\/\/compuviper.mx\/tienda\/wp-json\/wp\/v2\/comments?post=217162"}],"wp:featuredmedia":[{"embeddable":true,"href":"https:\/\/compuviper.mx\/tienda\/wp-json\/wp\/v2\/media\/217163"}],"wp:attachment":[{"href":"https:\/\/compuviper.mx\/tienda\/wp-json\/wp\/v2\/media?parent=217162"}],"wp:term":[{"taxonomy":"product_cat","embeddable":true,"href":"https:\/\/compuviper.mx\/tienda\/wp-json\/wp\/v2\/product_cat?post=217162"},{"taxonomy":"product_tag","embeddable":true,"href":"https:\/\/compuviper.mx\/tienda\/wp-json\/wp\/v2\/product_tag?post=217162"}],"curies":[{"name":"wp","href":"https:\/\/api.w.org\/{rel}","templated":true}]}}