{"id":217160,"date":"2026-04-02T00:23:01","date_gmt":"2026-04-02T06:23:01","guid":{"rendered":"https:\/\/compuviper.mx\/tienda\/producto\/eaton-5p1500-no-break-ups-modelo-interactivo-1440va-1100w-in-15-15p-out-8-5-20r\/"},"modified":"2026-04-02T00:23:01","modified_gmt":"2026-04-02T06:23:01","slug":"eaton-5p1500-no-break-ups-modelo-interactivo-1440va-1100w-in-15-15p-out-8-5-20r","status":"publish","type":"product","link":"https:\/\/compuviper.mx\/tienda\/producto\/eaton-5p1500-no-break-ups-modelo-interactivo-1440va-1100w-in-15-15p-out-8-5-20r\/","title":{"rendered":"Eaton 5p1500 No Break \/ Ups \/ \/ Modelo   Interactivo 1440va\/1100w In 15-15p Out 8 5-20r"},"content":{"rendered":"<table class=\"descripcion\">\n<tr>\n<td>Modelo 5p<\/td>\n<\/tr>\n<tr>\n<td>Rango v\/w 1440\/1100<\/td>\n<\/tr>\n<tr>\n<td>Formato  torre<\/td>\n<\/tr>\n<tr>\n<td>Volt in\/out\/120<\/td>\n<\/tr>\n<tr>\n<td>Color negro y plata<\/td>\n<\/tr>\n<tr>\n<td>Dimensiones 9.1&#215;5.9&#215;17.5(en pulgadas)<\/td>\n<\/tr>\n<tr>\n<td>Peso (lbs) 35.6<\/td>\n<\/tr>\n<tr>\n<td>Eficiencia del 97%<\/td>\n<\/tr>\n<tr>\n<td>Entrada electrica (1)nema 5-15p<\/td>\n<\/tr>\n<tr>\n<td>Salida (8) nema 5-15r<\/td>\n<\/tr>\n<tr>\n<td>Ficha tecnica:<\/td>\n<\/tr>\n<tr>\n<td>Http:\/\/www.eaton.com\/us\/en-us\/skupage.5p1500.html<\/td>\n<\/tr>\n<\/table>\n","protected":false},"excerpt":{"rendered":"<p>El ups eaton modelo 5p tipo torre a la clase empresarial  la energia confiable para respaldare sus equipos con una eficiencia de hasta el 99% nuestros equipos cuentan con la calificacion energy star, cuentan con pantalla lcd grafica que le permite ver el estado del sai en un solo paso,proporcionara energia mas eficiente que cualquier ups de la competencia y si lo combinas con el software\u0094intellingent power manager\u0094 le permitira administrar sin problemas  los equipos conectados  incluso en entornos virtualizados.<\/p>\n","protected":false},"featured_media":217161,"comment_status":"open","ping_status":"open","template":"","meta":[],"product_cat":[1508,1691],"product_tag":[1698],"acf":[],"yoast_head":"<!-- This site is optimized with the Yoast SEO plugin v21.7 - https:\/\/yoast.com\/wordpress\/plugins\/seo\/ -->\n<title>[ Eaton ] &#129351; 5p1500 No Break \/ Ups \/ \/ Modelo Interactivo 1440va\/1100w In 15-15p Out 8 5-20r<\/title>\n<meta name=\"description\" content=\"Compra 5p1500 No Break \/ Ups \/ \/ Modelo Interactivo 1440va\/1100w In 15-15p Out 8 5-20r + Env\u00edo a domicilio + Pago seguro + Garant\u00eda\" \/>\n<meta name=\"robots\" content=\"index, follow, max-snippet:-1, max-image-preview:large, max-video-preview:-1\" \/>\n<link rel=\"canonical\" href=\"https:\/\/compuviper.mx\/tienda\/producto\/eaton-5p1500-no-break-ups-modelo-interactivo-1440va-1100w-in-15-15p-out-8-5-20r\/\" \/>\n<meta property=\"og:locale\" content=\"es_MX\" \/>\n<meta property=\"og:type\" content=\"article\" \/>\n<meta property=\"og:title\" content=\"[ Eaton ] &#129351; 5p1500 No Break \/ Ups \/ \/ Modelo Interactivo 1440va\/1100w In 15-15p Out 8 5-20r\" \/>\n<meta property=\"og:description\" content=\"Compra 5p1500 No Break \/ Ups \/ \/ Modelo Interactivo 1440va\/1100w In 15-15p Out 8 5-20r + Env\u00edo a domicilio + Pago seguro + Garant\u00eda\" \/>\n<meta property=\"og:url\" content=\"https:\/\/compuviper.mx\/tienda\/producto\/eaton-5p1500-no-break-ups-modelo-interactivo-1440va-1100w-in-15-15p-out-8-5-20r\/\" \/>\n<meta property=\"og:site_name\" content=\"Compuviper\" \/>\n<meta property=\"article:publisher\" content=\"https:\/\/www.facebook.com\/compuviper\" \/>\n<meta property=\"og:image\" content=\"https:\/\/compuviper.mx\/tienda\/wp-content\/uploads\/2023\/12\/No-break-ups-eaton-modelo-5p1500-interactivo-1440va1100w-in-15-15p-out-8-5-20r.jpg\" \/>\n\t<meta property=\"og:image:width\" content=\"200\" \/>\n\t<meta property=\"og:image:height\" content=\"200\" \/>\n\t<meta property=\"og:image:type\" content=\"image\/jpeg\" \/>\n<meta name=\"twitter:card\" content=\"summary_large_image\" \/>\n<meta name=\"twitter:label1\" content=\"Precio\" \/>\n\t<meta name=\"twitter:data1\" content=\"&#36;10,357 con IVA\" \/>\n\t<meta name=\"twitter:label2\" content=\"Availability\" \/>\n\t<meta name=\"twitter:data2\" content=\"Out of stock\" \/>\n<script type=\"application\/ld+json\" class=\"yoast-schema-graph\">{\"@context\":\"https:\/\/schema.org\",\"@graph\":[{\"@type\":\"WebPage\",\"@id\":\"https:\/\/compuviper.mx\/tienda\/producto\/eaton-5p1500-no-break-ups-modelo-interactivo-1440va-1100w-in-15-15p-out-8-5-20r\/\",\"url\":\"https:\/\/compuviper.mx\/tienda\/producto\/eaton-5p1500-no-break-ups-modelo-interactivo-1440va-1100w-in-15-15p-out-8-5-20r\/\",\"name\":\"[ Eaton ] &#129351; 5p1500 No Break \/ Ups \/ \/ Modelo Interactivo 1440va\/1100w In 15-15p Out 8 5-20r\",\"isPartOf\":{\"@id\":\"https:\/\/compuviper.mx\/tienda\/#website\"},\"datePublished\":\"2026-04-02T06:23:01+00:00\",\"dateModified\":\"2026-04-02T06:23:01+00:00\",\"description\":\"Compra 5p1500 No Break \/ Ups \/ \/ Modelo Interactivo 1440va\/1100w In 15-15p Out 8 5-20r + Env\u00edo a domicilio + Pago seguro + Garant\u00eda\",\"breadcrumb\":{\"@id\":\"https:\/\/compuviper.mx\/tienda\/producto\/eaton-5p1500-no-break-ups-modelo-interactivo-1440va-1100w-in-15-15p-out-8-5-20r\/#breadcrumb\"},\"inLanguage\":\"es-MX\",\"potentialAction\":[{\"@type\":\"ReadAction\",\"target\":[\"https:\/\/compuviper.mx\/tienda\/producto\/eaton-5p1500-no-break-ups-modelo-interactivo-1440va-1100w-in-15-15p-out-8-5-20r\/\"]}]},{\"@type\":\"BreadcrumbList\",\"@id\":\"https:\/\/compuviper.mx\/tienda\/producto\/eaton-5p1500-no-break-ups-modelo-interactivo-1440va-1100w-in-15-15p-out-8-5-20r\/#breadcrumb\",\"itemListElement\":[{\"@type\":\"ListItem\",\"position\":1,\"name\":\"Inicio\",\"item\":\"https:\/\/compuviper.mx\/tienda\/\"},{\"@type\":\"ListItem\",\"position\":2,\"name\":\"Productos\",\"item\":\"https:\/\/compuviper.mx\/tienda\/productos\/\"},{\"@type\":\"ListItem\",\"position\":3,\"name\":\"Energia\",\"item\":\"https:\/\/compuviper.mx\/tienda\/categoria-producto\/energia\/\"},{\"@type\":\"ListItem\",\"position\":4,\"name\":\"No Break\",\"item\":\"https:\/\/compuviper.mx\/tienda\/categoria-producto\/energia\/no-break\/\"},{\"@type\":\"ListItem\",\"position\":5,\"name\":\"Eaton 5p1500 No Break \/ Ups \/ \/ Modelo Interactivo 1440va\/1100w In 15-15p Out 8 5-20r\"}]},{\"@type\":\"WebSite\",\"@id\":\"https:\/\/compuviper.mx\/tienda\/#website\",\"url\":\"https:\/\/compuviper.mx\/tienda\/\",\"name\":\"Compuviper\",\"description\":\"Proveedor de Computadoras, Laptops, Servidores, Monitores, Puntos de Venta, Teclados,   Impresoras, T\u00f3ner, C\u00e1maras de Seguridad y m\u00e1s en tu tienda en l\u00ednea\",\"publisher\":{\"@id\":\"https:\/\/compuviper.mx\/tienda\/#organization\"},\"potentialAction\":[{\"@type\":\"SearchAction\",\"target\":{\"@type\":\"EntryPoint\",\"urlTemplate\":\"https:\/\/compuviper.mx\/tienda\/?s={search_term_string}\"},\"query-input\":\"required name=search_term_string\"}],\"inLanguage\":\"es-MX\"},{\"@type\":\"Organization\",\"@id\":\"https:\/\/compuviper.mx\/tienda\/#organization\",\"name\":\"Compuviper\",\"url\":\"https:\/\/compuviper.mx\/tienda\/\",\"logo\":{\"@type\":\"ImageObject\",\"inLanguage\":\"es-MX\",\"@id\":\"https:\/\/compuviper.mx\/tienda\/#\/schema\/logo\/image\/\",\"url\":\"https:\/\/compuviper.mx\/tienda\/wp-content\/uploads\/2021\/08\/Logo-Compuviper-10.png\",\"contentUrl\":\"https:\/\/compuviper.mx\/tienda\/wp-content\/uploads\/2021\/08\/Logo-Compuviper-10.png\",\"width\":1000,\"height\":500,\"caption\":\"Compuviper\"},\"image\":{\"@id\":\"https:\/\/compuviper.mx\/tienda\/#\/schema\/logo\/image\/\"},\"sameAs\":[\"https:\/\/www.facebook.com\/compuviper\",\"https:\/\/www.youtube.com\/channel\/UCf73dERp9Y3cfOq7q8BhLjA?view_as=subscriber\"]}]}<\/script>\n<meta property=\"product:brand\" content=\"EATON\" \/>\n<meta property=\"product:price:amount\" content=\"10357\" \/>\n<meta property=\"product:price:currency\" content=\"MXN\" \/>\n<meta property=\"og:availability\" content=\"out of stock\" \/>\n<meta property=\"product:availability\" content=\"out of stock\" \/>\n<meta property=\"product:retailer_item_id\" content=\"5P1500\" \/>\n<meta property=\"product:condition\" content=\"new\" \/>\n<!-- \/ Yoast SEO plugin. -->","yoast_head_json":{"title":"[ Eaton ] &#129351; 5p1500 No Break \/ Ups \/ \/ Modelo Interactivo 1440va\/1100w In 15-15p Out 8 5-20r","description":"Compra 5p1500 No Break \/ Ups \/ \/ Modelo Interactivo 1440va\/1100w In 15-15p Out 8 5-20r + Env\u00edo a domicilio + Pago seguro + Garant\u00eda","robots":{"index":"index","follow":"follow","max-snippet":"max-snippet:-1","max-image-preview":"max-image-preview:large","max-video-preview":"max-video-preview:-1"},"canonical":"https:\/\/compuviper.mx\/tienda\/producto\/eaton-5p1500-no-break-ups-modelo-interactivo-1440va-1100w-in-15-15p-out-8-5-20r\/","og_locale":"es_MX","og_type":"article","og_title":"[ Eaton ] &#129351; 5p1500 No Break \/ Ups \/ \/ Modelo Interactivo 1440va\/1100w In 15-15p Out 8 5-20r","og_description":"Compra 5p1500 No Break \/ Ups \/ \/ Modelo Interactivo 1440va\/1100w In 15-15p Out 8 5-20r + Env\u00edo a domicilio + Pago seguro + Garant\u00eda","og_url":"https:\/\/compuviper.mx\/tienda\/producto\/eaton-5p1500-no-break-ups-modelo-interactivo-1440va-1100w-in-15-15p-out-8-5-20r\/","og_site_name":"Compuviper","article_publisher":"https:\/\/www.facebook.com\/compuviper","og_image":[{"width":200,"height":200,"url":"https:\/\/compuviper.mx\/tienda\/wp-content\/uploads\/2023\/12\/No-break-ups-eaton-modelo-5p1500-interactivo-1440va1100w-in-15-15p-out-8-5-20r.jpg","type":"image\/jpeg"}],"twitter_card":"summary_large_image","twitter_misc":{"Precio":"&#36;10,357 con IVA","Availability":"Out of stock"},"schema":{"@context":"https:\/\/schema.org","@graph":[{"@type":"WebPage","@id":"https:\/\/compuviper.mx\/tienda\/producto\/eaton-5p1500-no-break-ups-modelo-interactivo-1440va-1100w-in-15-15p-out-8-5-20r\/","url":"https:\/\/compuviper.mx\/tienda\/producto\/eaton-5p1500-no-break-ups-modelo-interactivo-1440va-1100w-in-15-15p-out-8-5-20r\/","name":"[ Eaton ] &#129351; 5p1500 No Break \/ Ups \/ \/ Modelo Interactivo 1440va\/1100w In 15-15p Out 8 5-20r","isPartOf":{"@id":"https:\/\/compuviper.mx\/tienda\/#website"},"datePublished":"2026-04-02T06:23:01+00:00","dateModified":"2026-04-02T06:23:01+00:00","description":"Compra 5p1500 No Break \/ Ups \/ \/ Modelo Interactivo 1440va\/1100w In 15-15p Out 8 5-20r + Env\u00edo a domicilio + Pago seguro + Garant\u00eda","breadcrumb":{"@id":"https:\/\/compuviper.mx\/tienda\/producto\/eaton-5p1500-no-break-ups-modelo-interactivo-1440va-1100w-in-15-15p-out-8-5-20r\/#breadcrumb"},"inLanguage":"es-MX","potentialAction":[{"@type":"ReadAction","target":["https:\/\/compuviper.mx\/tienda\/producto\/eaton-5p1500-no-break-ups-modelo-interactivo-1440va-1100w-in-15-15p-out-8-5-20r\/"]}]},{"@type":"BreadcrumbList","@id":"https:\/\/compuviper.mx\/tienda\/producto\/eaton-5p1500-no-break-ups-modelo-interactivo-1440va-1100w-in-15-15p-out-8-5-20r\/#breadcrumb","itemListElement":[{"@type":"ListItem","position":1,"name":"Inicio","item":"https:\/\/compuviper.mx\/tienda\/"},{"@type":"ListItem","position":2,"name":"Productos","item":"https:\/\/compuviper.mx\/tienda\/productos\/"},{"@type":"ListItem","position":3,"name":"Energia","item":"https:\/\/compuviper.mx\/tienda\/categoria-producto\/energia\/"},{"@type":"ListItem","position":4,"name":"No Break","item":"https:\/\/compuviper.mx\/tienda\/categoria-producto\/energia\/no-break\/"},{"@type":"ListItem","position":5,"name":"Eaton 5p1500 No Break \/ Ups \/ \/ Modelo Interactivo 1440va\/1100w In 15-15p Out 8 5-20r"}]},{"@type":"WebSite","@id":"https:\/\/compuviper.mx\/tienda\/#website","url":"https:\/\/compuviper.mx\/tienda\/","name":"Compuviper","description":"Proveedor de Computadoras, Laptops, Servidores, Monitores, Puntos de Venta, Teclados,   Impresoras, T\u00f3ner, C\u00e1maras de Seguridad y m\u00e1s en tu tienda en l\u00ednea","publisher":{"@id":"https:\/\/compuviper.mx\/tienda\/#organization"},"potentialAction":[{"@type":"SearchAction","target":{"@type":"EntryPoint","urlTemplate":"https:\/\/compuviper.mx\/tienda\/?s={search_term_string}"},"query-input":"required name=search_term_string"}],"inLanguage":"es-MX"},{"@type":"Organization","@id":"https:\/\/compuviper.mx\/tienda\/#organization","name":"Compuviper","url":"https:\/\/compuviper.mx\/tienda\/","logo":{"@type":"ImageObject","inLanguage":"es-MX","@id":"https:\/\/compuviper.mx\/tienda\/#\/schema\/logo\/image\/","url":"https:\/\/compuviper.mx\/tienda\/wp-content\/uploads\/2021\/08\/Logo-Compuviper-10.png","contentUrl":"https:\/\/compuviper.mx\/tienda\/wp-content\/uploads\/2021\/08\/Logo-Compuviper-10.png","width":1000,"height":500,"caption":"Compuviper"},"image":{"@id":"https:\/\/compuviper.mx\/tienda\/#\/schema\/logo\/image\/"},"sameAs":["https:\/\/www.facebook.com\/compuviper","https:\/\/www.youtube.com\/channel\/UCf73dERp9Y3cfOq7q8BhLjA?view_as=subscriber"]}]},"product_brand":"EATON","product_price_amount":"10357","product_price_currency":"MXN","og_availability":"out of stock","product_availability":"out of stock","product_retailer_item_id":"5P1500","product_condition":"new"},"_links":{"self":[{"href":"https:\/\/compuviper.mx\/tienda\/wp-json\/wp\/v2\/product\/217160"}],"collection":[{"href":"https:\/\/compuviper.mx\/tienda\/wp-json\/wp\/v2\/product"}],"about":[{"href":"https:\/\/compuviper.mx\/tienda\/wp-json\/wp\/v2\/types\/product"}],"replies":[{"embeddable":true,"href":"https:\/\/compuviper.mx\/tienda\/wp-json\/wp\/v2\/comments?post=217160"}],"wp:featuredmedia":[{"embeddable":true,"href":"https:\/\/compuviper.mx\/tienda\/wp-json\/wp\/v2\/media\/217161"}],"wp:attachment":[{"href":"https:\/\/compuviper.mx\/tienda\/wp-json\/wp\/v2\/media?parent=217160"}],"wp:term":[{"taxonomy":"product_cat","embeddable":true,"href":"https:\/\/compuviper.mx\/tienda\/wp-json\/wp\/v2\/product_cat?post=217160"},{"taxonomy":"product_tag","embeddable":true,"href":"https:\/\/compuviper.mx\/tienda\/wp-json\/wp\/v2\/product_tag?post=217160"}],"curies":[{"name":"wp","href":"https:\/\/api.w.org\/{rel}","templated":true}]}}