{"id":217154,"date":"2026-04-08T00:25:00","date_gmt":"2026-04-08T06:25:00","guid":{"rendered":"https:\/\/compuviper.mx\/tienda\/producto\/apc-apcrbc140-cartucho-de-baterias-de-recambio-140-de-para-modelos-surta3000xl-srt5kxlt-srt6kxlt-srt8kxlt-srt10kxlt-surt15krmxlt-surt20krmxlt-lo-conforman-las-2-baterias-que-se-visualizan-en-la\/"},"modified":"2026-04-08T00:25:01","modified_gmt":"2026-04-08T06:25:01","slug":"apc-apcrbc140-cartucho-de-baterias-de-recambio-140-de-para-modelos-surta3000xl-srt5kxlt-srt6kxlt-srt8kxlt-srt10kxlt-surt15krmxlt-surt20krmxlt-lo-conforman-las-2-baterias-que-se-visualizan-en-la","status":"publish","type":"product","link":"https:\/\/compuviper.mx\/tienda\/producto\/apc-apcrbc140-cartucho-de-baterias-de-recambio-140-de-para-modelos-surta3000xl-srt5kxlt-srt6kxlt-srt8kxlt-srt10kxlt-surt15krmxlt-surt20krmxlt-lo-conforman-las-2-baterias-que-se-visualizan-en-la\/","title":{"rendered":"Apc Apcrbc140 Cartucho De Baterias De Recambio 140 De  Para Modelos Surta3000xl, Srt5kxlt, Srt6kxlt, Srt8kxlt, Srt10kxlt, Surt15krmxlt, Surt20krmxlt Lo Conforman Las 2 Baterias Que Se Visualizan En La Imagen"},"content":{"rendered":"<table class=\"descripcion\">\n<tr>\n<td>Bateria sellada de plomo sin necesidad de mantencion con electrolito suspendido: a prueba de filtracion.<\/td>\n<\/tr>\n<tr>\n<td>Tipo de bater\u00eda: bater\u00eda sellada de plomo sin necesidad de mantenci\u00f3n con electrolito suspendido: a prueba de filtraci\u00f3n<\/td>\n<\/tr>\n<tr>\n<td>Montaje de bater\u00edas: cartucho de bater\u00eda adjunto<\/td>\n<\/tr>\n<tr>\n<td>Vida \u00fatil esperada de las bater\u00edas: 3-5 a\u00f1os<\/td>\n<\/tr>\n<tr>\n<td>Nota sobre el cartucho de bater\u00eda de recambio: each apcrbc140 consists of 2 battery modules as shown in the product image.<\/td>\n<\/tr>\n<tr>\n<td>Cantidad de cartuchos de bater\u00eda de recambio:1<\/td>\n<\/tr>\n<tr>\n<td>Capacidad va\/hora de la bater\u00eda: 960<\/td>\n<\/tr>\n<\/table>\n","protected":false},"excerpt":{"rendered":"<p>Bateria de reemplazo<\/p>\n","protected":false},"featured_media":217155,"comment_status":"open","ping_status":"open","template":"","meta":[],"product_cat":[1508,1511],"product_tag":[1694],"acf":[],"yoast_head":"<!-- This site is optimized with the Yoast SEO plugin v21.7 - https:\/\/yoast.com\/wordpress\/plugins\/seo\/ -->\n<title>[ Apc ] &#129351; Apcrbc140 Cartucho De Baterias De Recambio 140 De Para Modelos Surta3000xl, Srt5kxlt, Srt6kxlt, Srt8kxlt, Srt10kxlt, Surt15krmxlt, Surt20krmxlt Lo Conforman Las 2 Baterias Que Se Visualizan En La Imagen<\/title>\n<meta name=\"description\" content=\"Compra Apcrbc140 Cartucho De Baterias De Recambio 140 De Para Modelos Surta3000xl, Srt5kxlt, Srt6kxlt, Srt8kxlt, Srt10kxlt, Surt15krmxlt, Surt20krmxlt Lo Conforman Las 2 Baterias Que Se Visualizan En La Imagen + Env\u00edo a domicilio + Pago seguro + Garant\u00eda\" \/>\n<meta name=\"robots\" content=\"index, follow, max-snippet:-1, max-image-preview:large, max-video-preview:-1\" \/>\n<link rel=\"canonical\" href=\"https:\/\/compuviper.mx\/tienda\/producto\/apc-apcrbc140-cartucho-de-baterias-de-recambio-140-de-para-modelos-surta3000xl-srt5kxlt-srt6kxlt-srt8kxlt-srt10kxlt-surt15krmxlt-surt20krmxlt-lo-conforman-las-2-baterias-que-se-visualizan-en-la\/\" \/>\n<meta property=\"og:locale\" content=\"es_MX\" \/>\n<meta property=\"og:type\" content=\"article\" \/>\n<meta property=\"og:title\" content=\"[ Apc ] &#129351; Apcrbc140 Cartucho De Baterias De Recambio 140 De Para Modelos Surta3000xl, Srt5kxlt, Srt6kxlt, Srt8kxlt, Srt10kxlt, Surt15krmxlt, Surt20krmxlt Lo Conforman Las 2 Baterias Que Se Visualizan En La Imagen\" \/>\n<meta property=\"og:description\" content=\"Compra Apcrbc140 Cartucho De Baterias De Recambio 140 De Para Modelos Surta3000xl, Srt5kxlt, Srt6kxlt, Srt8kxlt, Srt10kxlt, Surt15krmxlt, Surt20krmxlt Lo Conforman Las 2 Baterias Que Se Visualizan En La Imagen + Env\u00edo a domicilio + Pago seguro + Garant\u00eda\" \/>\n<meta property=\"og:url\" content=\"https:\/\/compuviper.mx\/tienda\/producto\/apc-apcrbc140-cartucho-de-baterias-de-recambio-140-de-para-modelos-surta3000xl-srt5kxlt-srt6kxlt-srt8kxlt-srt10kxlt-surt15krmxlt-surt20krmxlt-lo-conforman-las-2-baterias-que-se-visualizan-en-la\/\" \/>\n<meta property=\"og:site_name\" content=\"Compuviper\" \/>\n<meta property=\"article:publisher\" content=\"https:\/\/www.facebook.com\/compuviper\" \/>\n<meta property=\"article:modified_time\" content=\"2026-04-08T06:25:01+00:00\" \/>\n<meta property=\"og:image\" content=\"https:\/\/compuviper.mx\/tienda\/wp-content\/uploads\/2023\/12\/Cartucho-de-baterias-de-recambio-140-de-apc-para-modelos-surta3000xl-srt5kxlt-srt6kxlt-srt8kxlt-srt10kxlt-surt15krmxlt-surt20krmxlt-lo-conforman-las-2-baterias-que-se-visualizan-en-la-imagen.jpg\" \/>\n\t<meta property=\"og:image:width\" content=\"200\" \/>\n\t<meta property=\"og:image:height\" content=\"200\" \/>\n\t<meta property=\"og:image:type\" content=\"image\/jpeg\" \/>\n<meta name=\"twitter:card\" content=\"summary_large_image\" \/>\n<meta name=\"twitter:label1\" content=\"Precio\" \/>\n\t<meta name=\"twitter:data1\" content=\"&#36;10,739 &#36;9,835 con IVA\" \/>\n\t<meta name=\"twitter:label2\" content=\"Availability\" \/>\n\t<meta name=\"twitter:data2\" content=\"Out of stock\" \/>\n<script type=\"application\/ld+json\" class=\"yoast-schema-graph\">{\"@context\":\"https:\/\/schema.org\",\"@graph\":[{\"@type\":\"WebPage\",\"@id\":\"https:\/\/compuviper.mx\/tienda\/producto\/apc-apcrbc140-cartucho-de-baterias-de-recambio-140-de-para-modelos-surta3000xl-srt5kxlt-srt6kxlt-srt8kxlt-srt10kxlt-surt15krmxlt-surt20krmxlt-lo-conforman-las-2-baterias-que-se-visualizan-en-la\/\",\"url\":\"https:\/\/compuviper.mx\/tienda\/producto\/apc-apcrbc140-cartucho-de-baterias-de-recambio-140-de-para-modelos-surta3000xl-srt5kxlt-srt6kxlt-srt8kxlt-srt10kxlt-surt15krmxlt-surt20krmxlt-lo-conforman-las-2-baterias-que-se-visualizan-en-la\/\",\"name\":\"[ Apc ] &#129351; Apcrbc140 Cartucho De Baterias De Recambio 140 De Para Modelos Surta3000xl, Srt5kxlt, Srt6kxlt, Srt8kxlt, Srt10kxlt, Surt15krmxlt, Surt20krmxlt Lo Conforman Las 2 Baterias Que Se Visualizan En La Imagen\",\"isPartOf\":{\"@id\":\"https:\/\/compuviper.mx\/tienda\/#website\"},\"datePublished\":\"2026-04-08T06:25:00+00:00\",\"dateModified\":\"2026-04-08T06:25:01+00:00\",\"description\":\"Compra Apcrbc140 Cartucho De Baterias De Recambio 140 De Para Modelos Surta3000xl, Srt5kxlt, Srt6kxlt, Srt8kxlt, Srt10kxlt, Surt15krmxlt, Surt20krmxlt Lo Conforman Las 2 Baterias Que Se Visualizan En La Imagen + Env\u00edo a domicilio + Pago seguro + Garant\u00eda\",\"breadcrumb\":{\"@id\":\"https:\/\/compuviper.mx\/tienda\/producto\/apc-apcrbc140-cartucho-de-baterias-de-recambio-140-de-para-modelos-surta3000xl-srt5kxlt-srt6kxlt-srt8kxlt-srt10kxlt-surt15krmxlt-surt20krmxlt-lo-conforman-las-2-baterias-que-se-visualizan-en-la\/#breadcrumb\"},\"inLanguage\":\"es-MX\",\"potentialAction\":[{\"@type\":\"ReadAction\",\"target\":[\"https:\/\/compuviper.mx\/tienda\/producto\/apc-apcrbc140-cartucho-de-baterias-de-recambio-140-de-para-modelos-surta3000xl-srt5kxlt-srt6kxlt-srt8kxlt-srt10kxlt-surt15krmxlt-surt20krmxlt-lo-conforman-las-2-baterias-que-se-visualizan-en-la\/\"]}]},{\"@type\":\"BreadcrumbList\",\"@id\":\"https:\/\/compuviper.mx\/tienda\/producto\/apc-apcrbc140-cartucho-de-baterias-de-recambio-140-de-para-modelos-surta3000xl-srt5kxlt-srt6kxlt-srt8kxlt-srt10kxlt-surt15krmxlt-surt20krmxlt-lo-conforman-las-2-baterias-que-se-visualizan-en-la\/#breadcrumb\",\"itemListElement\":[{\"@type\":\"ListItem\",\"position\":1,\"name\":\"Inicio\",\"item\":\"https:\/\/compuviper.mx\/tienda\/\"},{\"@type\":\"ListItem\",\"position\":2,\"name\":\"Productos\",\"item\":\"https:\/\/compuviper.mx\/tienda\/productos\/\"},{\"@type\":\"ListItem\",\"position\":3,\"name\":\"Energia\",\"item\":\"https:\/\/compuviper.mx\/tienda\/categoria-producto\/energia\/\"},{\"@type\":\"ListItem\",\"position\":4,\"name\":\"Bateria\",\"item\":\"https:\/\/compuviper.mx\/tienda\/categoria-producto\/energia\/bateria\/\"},{\"@type\":\"ListItem\",\"position\":5,\"name\":\"Apc Apcrbc140 Cartucho De Baterias De Recambio 140 De Para Modelos Surta3000xl, Srt5kxlt, Srt6kxlt, Srt8kxlt, Srt10kxlt, Surt15krmxlt, Surt20krmxlt Lo Conforman Las 2 Baterias Que Se Visualizan En La Imagen\"}]},{\"@type\":\"WebSite\",\"@id\":\"https:\/\/compuviper.mx\/tienda\/#website\",\"url\":\"https:\/\/compuviper.mx\/tienda\/\",\"name\":\"Compuviper\",\"description\":\"Proveedor de Computadoras, Laptops, Servidores, Monitores, Puntos de Venta, Teclados,   Impresoras, T\u00f3ner, C\u00e1maras de Seguridad y m\u00e1s en tu tienda en l\u00ednea\",\"publisher\":{\"@id\":\"https:\/\/compuviper.mx\/tienda\/#organization\"},\"potentialAction\":[{\"@type\":\"SearchAction\",\"target\":{\"@type\":\"EntryPoint\",\"urlTemplate\":\"https:\/\/compuviper.mx\/tienda\/?s={search_term_string}\"},\"query-input\":\"required name=search_term_string\"}],\"inLanguage\":\"es-MX\"},{\"@type\":\"Organization\",\"@id\":\"https:\/\/compuviper.mx\/tienda\/#organization\",\"name\":\"Compuviper\",\"url\":\"https:\/\/compuviper.mx\/tienda\/\",\"logo\":{\"@type\":\"ImageObject\",\"inLanguage\":\"es-MX\",\"@id\":\"https:\/\/compuviper.mx\/tienda\/#\/schema\/logo\/image\/\",\"url\":\"https:\/\/compuviper.mx\/tienda\/wp-content\/uploads\/2021\/08\/Logo-Compuviper-10.png\",\"contentUrl\":\"https:\/\/compuviper.mx\/tienda\/wp-content\/uploads\/2021\/08\/Logo-Compuviper-10.png\",\"width\":1000,\"height\":500,\"caption\":\"Compuviper\"},\"image\":{\"@id\":\"https:\/\/compuviper.mx\/tienda\/#\/schema\/logo\/image\/\"},\"sameAs\":[\"https:\/\/www.facebook.com\/compuviper\",\"https:\/\/www.youtube.com\/channel\/UCf73dERp9Y3cfOq7q8BhLjA?view_as=subscriber\"]}]}<\/script>\n<meta property=\"product:brand\" content=\"APC\" \/>\n<meta property=\"product:price:amount\" content=\"9835\" \/>\n<meta property=\"product:price:currency\" content=\"MXN\" \/>\n<meta property=\"og:availability\" content=\"out of stock\" \/>\n<meta property=\"product:availability\" content=\"out of stock\" \/>\n<meta property=\"product:retailer_item_id\" content=\"APCRBC140\" \/>\n<meta property=\"product:condition\" content=\"new\" \/>\n<!-- \/ Yoast SEO plugin. -->","yoast_head_json":{"title":"[ Apc ] &#129351; Apcrbc140 Cartucho De Baterias De Recambio 140 De Para Modelos Surta3000xl, Srt5kxlt, Srt6kxlt, Srt8kxlt, Srt10kxlt, Surt15krmxlt, Surt20krmxlt Lo Conforman Las 2 Baterias Que Se Visualizan En La Imagen","description":"Compra Apcrbc140 Cartucho De Baterias De Recambio 140 De Para Modelos Surta3000xl, Srt5kxlt, Srt6kxlt, Srt8kxlt, Srt10kxlt, Surt15krmxlt, Surt20krmxlt Lo Conforman Las 2 Baterias Que Se Visualizan En La Imagen + Env\u00edo a domicilio + Pago seguro + Garant\u00eda","robots":{"index":"index","follow":"follow","max-snippet":"max-snippet:-1","max-image-preview":"max-image-preview:large","max-video-preview":"max-video-preview:-1"},"canonical":"https:\/\/compuviper.mx\/tienda\/producto\/apc-apcrbc140-cartucho-de-baterias-de-recambio-140-de-para-modelos-surta3000xl-srt5kxlt-srt6kxlt-srt8kxlt-srt10kxlt-surt15krmxlt-surt20krmxlt-lo-conforman-las-2-baterias-que-se-visualizan-en-la\/","og_locale":"es_MX","og_type":"article","og_title":"[ Apc ] &#129351; Apcrbc140 Cartucho De Baterias De Recambio 140 De Para Modelos Surta3000xl, Srt5kxlt, Srt6kxlt, Srt8kxlt, Srt10kxlt, Surt15krmxlt, Surt20krmxlt Lo Conforman Las 2 Baterias Que Se Visualizan En La Imagen","og_description":"Compra Apcrbc140 Cartucho De Baterias De Recambio 140 De Para Modelos Surta3000xl, Srt5kxlt, Srt6kxlt, Srt8kxlt, Srt10kxlt, Surt15krmxlt, Surt20krmxlt Lo Conforman Las 2 Baterias Que Se Visualizan En La Imagen + Env\u00edo a domicilio + Pago seguro + Garant\u00eda","og_url":"https:\/\/compuviper.mx\/tienda\/producto\/apc-apcrbc140-cartucho-de-baterias-de-recambio-140-de-para-modelos-surta3000xl-srt5kxlt-srt6kxlt-srt8kxlt-srt10kxlt-surt15krmxlt-surt20krmxlt-lo-conforman-las-2-baterias-que-se-visualizan-en-la\/","og_site_name":"Compuviper","article_publisher":"https:\/\/www.facebook.com\/compuviper","article_modified_time":"2026-04-08T06:25:01+00:00","og_image":[{"width":200,"height":200,"url":"https:\/\/compuviper.mx\/tienda\/wp-content\/uploads\/2023\/12\/Cartucho-de-baterias-de-recambio-140-de-apc-para-modelos-surta3000xl-srt5kxlt-srt6kxlt-srt8kxlt-srt10kxlt-surt15krmxlt-surt20krmxlt-lo-conforman-las-2-baterias-que-se-visualizan-en-la-imagen.jpg","type":"image\/jpeg"}],"twitter_card":"summary_large_image","twitter_misc":{"Precio":"&#36;10,739 &#36;9,835 con IVA","Availability":"Out of stock"},"schema":{"@context":"https:\/\/schema.org","@graph":[{"@type":"WebPage","@id":"https:\/\/compuviper.mx\/tienda\/producto\/apc-apcrbc140-cartucho-de-baterias-de-recambio-140-de-para-modelos-surta3000xl-srt5kxlt-srt6kxlt-srt8kxlt-srt10kxlt-surt15krmxlt-surt20krmxlt-lo-conforman-las-2-baterias-que-se-visualizan-en-la\/","url":"https:\/\/compuviper.mx\/tienda\/producto\/apc-apcrbc140-cartucho-de-baterias-de-recambio-140-de-para-modelos-surta3000xl-srt5kxlt-srt6kxlt-srt8kxlt-srt10kxlt-surt15krmxlt-surt20krmxlt-lo-conforman-las-2-baterias-que-se-visualizan-en-la\/","name":"[ Apc ] &#129351; Apcrbc140 Cartucho De Baterias De Recambio 140 De Para Modelos Surta3000xl, Srt5kxlt, Srt6kxlt, Srt8kxlt, Srt10kxlt, Surt15krmxlt, Surt20krmxlt Lo Conforman Las 2 Baterias Que Se Visualizan En La Imagen","isPartOf":{"@id":"https:\/\/compuviper.mx\/tienda\/#website"},"datePublished":"2026-04-08T06:25:00+00:00","dateModified":"2026-04-08T06:25:01+00:00","description":"Compra Apcrbc140 Cartucho De Baterias De Recambio 140 De Para Modelos Surta3000xl, Srt5kxlt, Srt6kxlt, Srt8kxlt, Srt10kxlt, Surt15krmxlt, Surt20krmxlt Lo Conforman Las 2 Baterias Que Se Visualizan En La Imagen + Env\u00edo a domicilio + Pago seguro + Garant\u00eda","breadcrumb":{"@id":"https:\/\/compuviper.mx\/tienda\/producto\/apc-apcrbc140-cartucho-de-baterias-de-recambio-140-de-para-modelos-surta3000xl-srt5kxlt-srt6kxlt-srt8kxlt-srt10kxlt-surt15krmxlt-surt20krmxlt-lo-conforman-las-2-baterias-que-se-visualizan-en-la\/#breadcrumb"},"inLanguage":"es-MX","potentialAction":[{"@type":"ReadAction","target":["https:\/\/compuviper.mx\/tienda\/producto\/apc-apcrbc140-cartucho-de-baterias-de-recambio-140-de-para-modelos-surta3000xl-srt5kxlt-srt6kxlt-srt8kxlt-srt10kxlt-surt15krmxlt-surt20krmxlt-lo-conforman-las-2-baterias-que-se-visualizan-en-la\/"]}]},{"@type":"BreadcrumbList","@id":"https:\/\/compuviper.mx\/tienda\/producto\/apc-apcrbc140-cartucho-de-baterias-de-recambio-140-de-para-modelos-surta3000xl-srt5kxlt-srt6kxlt-srt8kxlt-srt10kxlt-surt15krmxlt-surt20krmxlt-lo-conforman-las-2-baterias-que-se-visualizan-en-la\/#breadcrumb","itemListElement":[{"@type":"ListItem","position":1,"name":"Inicio","item":"https:\/\/compuviper.mx\/tienda\/"},{"@type":"ListItem","position":2,"name":"Productos","item":"https:\/\/compuviper.mx\/tienda\/productos\/"},{"@type":"ListItem","position":3,"name":"Energia","item":"https:\/\/compuviper.mx\/tienda\/categoria-producto\/energia\/"},{"@type":"ListItem","position":4,"name":"Bateria","item":"https:\/\/compuviper.mx\/tienda\/categoria-producto\/energia\/bateria\/"},{"@type":"ListItem","position":5,"name":"Apc Apcrbc140 Cartucho De Baterias De Recambio 140 De Para Modelos Surta3000xl, Srt5kxlt, Srt6kxlt, Srt8kxlt, Srt10kxlt, Surt15krmxlt, Surt20krmxlt Lo Conforman Las 2 Baterias Que Se Visualizan En La Imagen"}]},{"@type":"WebSite","@id":"https:\/\/compuviper.mx\/tienda\/#website","url":"https:\/\/compuviper.mx\/tienda\/","name":"Compuviper","description":"Proveedor de Computadoras, Laptops, Servidores, Monitores, Puntos de Venta, Teclados,   Impresoras, T\u00f3ner, C\u00e1maras de Seguridad y m\u00e1s en tu tienda en l\u00ednea","publisher":{"@id":"https:\/\/compuviper.mx\/tienda\/#organization"},"potentialAction":[{"@type":"SearchAction","target":{"@type":"EntryPoint","urlTemplate":"https:\/\/compuviper.mx\/tienda\/?s={search_term_string}"},"query-input":"required name=search_term_string"}],"inLanguage":"es-MX"},{"@type":"Organization","@id":"https:\/\/compuviper.mx\/tienda\/#organization","name":"Compuviper","url":"https:\/\/compuviper.mx\/tienda\/","logo":{"@type":"ImageObject","inLanguage":"es-MX","@id":"https:\/\/compuviper.mx\/tienda\/#\/schema\/logo\/image\/","url":"https:\/\/compuviper.mx\/tienda\/wp-content\/uploads\/2021\/08\/Logo-Compuviper-10.png","contentUrl":"https:\/\/compuviper.mx\/tienda\/wp-content\/uploads\/2021\/08\/Logo-Compuviper-10.png","width":1000,"height":500,"caption":"Compuviper"},"image":{"@id":"https:\/\/compuviper.mx\/tienda\/#\/schema\/logo\/image\/"},"sameAs":["https:\/\/www.facebook.com\/compuviper","https:\/\/www.youtube.com\/channel\/UCf73dERp9Y3cfOq7q8BhLjA?view_as=subscriber"]}]},"product_brand":"APC","product_price_amount":"9835","product_price_currency":"MXN","og_availability":"out of stock","product_availability":"out of stock","product_retailer_item_id":"APCRBC140","product_condition":"new"},"_links":{"self":[{"href":"https:\/\/compuviper.mx\/tienda\/wp-json\/wp\/v2\/product\/217154"}],"collection":[{"href":"https:\/\/compuviper.mx\/tienda\/wp-json\/wp\/v2\/product"}],"about":[{"href":"https:\/\/compuviper.mx\/tienda\/wp-json\/wp\/v2\/types\/product"}],"replies":[{"embeddable":true,"href":"https:\/\/compuviper.mx\/tienda\/wp-json\/wp\/v2\/comments?post=217154"}],"wp:featuredmedia":[{"embeddable":true,"href":"https:\/\/compuviper.mx\/tienda\/wp-json\/wp\/v2\/media\/217155"}],"wp:attachment":[{"href":"https:\/\/compuviper.mx\/tienda\/wp-json\/wp\/v2\/media?parent=217154"}],"wp:term":[{"taxonomy":"product_cat","embeddable":true,"href":"https:\/\/compuviper.mx\/tienda\/wp-json\/wp\/v2\/product_cat?post=217154"},{"taxonomy":"product_tag","embeddable":true,"href":"https:\/\/compuviper.mx\/tienda\/wp-json\/wp\/v2\/product_tag?post=217154"}],"curies":[{"name":"wp","href":"https:\/\/api.w.org\/{rel}","templated":true}]}}