{"id":217148,"date":"2026-04-02T00:22:58","date_gmt":"2026-04-02T06:22:58","guid":{"rendered":"https:\/\/compuviper.mx\/tienda\/producto\/cyberpower-om900atlcd-no-break-900va-540w-interactivo-torre-6-nema-5-15r-3-respaldo-y-3-supresin-2-aos-de-garanta-en-equipo-1-ao-en-bateras\/"},"modified":"2026-04-02T00:22:58","modified_gmt":"2026-04-02T06:22:58","slug":"cyberpower-om900atlcd-no-break-900va-420w-interactivo-torre-6-nema-5-15r-3-respaldo-y-3-supresion-2-aos-de-garanta-en-equipo-1-ao-en-baterias","status":"publish","type":"product","link":"https:\/\/compuviper.mx\/tienda\/producto\/cyberpower-om900atlcd-no-break-900va-420w-interactivo-torre-6-nema-5-15r-3-respaldo-y-3-supresion-2-aos-de-garanta-en-equipo-1-ao-en-baterias\/","title":{"rendered":"Cyberpower Om900atlcd No Break   900va \/ 420w, Interactivo, Torre, 6 Nema 5-15r, 3 Respaldo Y 3 Supresion, 2 A?os De Garanta En Equipo, 1 A?o En Baterias."},"content":{"rendered":"<table class=\"descripcion\">\n<tr>\n<td>Topolog\u00eda de ups: interactivo<\/td>\n<\/tr>\n<tr>\n<td>Entrada<\/td>\n<\/tr>\n<tr>\n<td>Tensi\u00f3n de entrada nominal ( vca ) 120 \u00b1 10%<\/td>\n<\/tr>\n<tr>\n<td>Rango de tensi\u00f3n de entrada ( vca ) 82 ~ 148<\/td>\n<\/tr>\n<tr>\n<td>Frecuencia de entrada ( s.f. ) 50 \u00b1 5, 60 \u00b1 5<\/td>\n<\/tr>\n<tr>\n<td>Detecci\u00f3n de frecuencia de entrada: sensor autom\u00e1tico<\/td>\n<\/tr>\n<tr>\n<td>Corriente de entrada nominal ( a ): 7.5<\/td>\n<\/tr>\n<tr>\n<td>Tipo de conector de entrada: nema 5-15p \u00bf<\/td>\n<\/tr>\n<tr>\n<td>Estilo de conector: recto<\/td>\n<\/tr>\n<tr>\n<td>Longitud del cable de alimentaci\u00f3n (pies) 6<\/td>\n<\/tr>\n<tr>\n<td>Longitud del cable de alimentaci\u00f3n de alimentaci\u00f3n (m) 1.8<\/td>\n<\/tr>\n<tr>\n<td>Salida<\/td>\n<\/tr>\n<tr>\n<td>Capacidad (va) 900<\/td>\n<\/tr>\n<tr>\n<td>Capacidad (vatios) 540<\/td>\n<\/tr>\n<tr>\n<td>Forma de onda en bater\u00eda: onda sinusoidal simulada<\/td>\n<\/tr>\n<tr>\n<td>Tensi\u00f3n(es) en bater\u00eda ( vca ) 120 \u00b1 10%<\/td>\n<\/tr>\n<tr>\n<td>Frecuencia en bater\u00eda ( s.f. ) 50 \u00b1 1%, 60 \u00b1 1%<\/td>\n<\/tr>\n<tr>\n<td>Regulaci\u00f3n de tensi\u00f3n autom\u00e1tica (avr): doble aumento, m\u00ednimo individual<\/td>\n<\/tr>\n<tr>\n<td>Protecci\u00f3n contra sobrecargas: disyuntor<\/td>\n<\/tr>\n<tr>\n<td>Salida (s) \u00bf total 6<\/td>\n<\/tr>\n<tr>\n<td>Tipo de salida: nema 5-15r x 6 \u00bf<\/td>\n<\/tr>\n<tr>\n<td>Salida (s) &#8211; bater\u00eda y protecci\u00f3n contra sobretensiones 3<\/td>\n<\/tr>\n<tr>\n<td>Salida (s) &#8211; s\u00f3lo protecci\u00f3n contra sobretensiones 3<\/td>\n<\/tr>\n<tr>\n<td>Tiempo de transferencia t\u00edpico ( ms ) 4<\/td>\n<\/tr>\n<tr>\n<td>Bater\u00eda<\/td>\n<\/tr>\n<tr>\n<td>Tiempo de respaldo a media carga (min) 7<\/td>\n<\/tr>\n<tr>\n<td>Tiempo de respaldo a plena carga (min) 3<\/td>\n<\/tr>\n<tr>\n<td>Tiempo de recarga t\u00edpico (horas) 8<\/td>\n<\/tr>\n<tr>\n<td>Arranque en bater\u00eda: s\u00ed<\/td>\n<\/tr>\n<tr>\n<td>Reemplazable por el usuario: no<\/td>\n<\/tr>\n<tr>\n<td>Tipo de bater\u00eda: plomo \u00e1cido sellada<\/td>\n<\/tr>\n<tr>\n<td>Protecci\u00f3n contra sobretensiones y filtrado<\/td>\n<\/tr>\n<tr>\n<td>Supresi\u00f3n de sobretensiones ( julios ) 245<\/td>\n<\/tr>\n<tr>\n<td>Filtraci\u00f3n emi y rfi: s\u00ed<\/td>\n<\/tr>\n<tr>\n<td>Protecci\u00f3n de tel\u00e9fono y red rj11\/rj45 (combo): 1 entrada, 1 salida<\/td>\n<\/tr>\n<tr>\n<td>Gesti\u00f3n y comunicaciones<\/td>\n<\/tr>\n<tr>\n<td>Panel lcd: s\u00ed<\/td>\n<\/tr>\n<tr>\n<td>Pantalla de informaci\u00f3n lcd: tipo de funcionamiento , estado de la alimentaci\u00f3n , estado de la bater\u00eda , estado de la carga , otra informaci\u00f3n<\/td>\n<\/tr>\n<tr>\n<td>Indicadores led: encendido , modo de l\u00ednea , modo de bater\u00eda , bater\u00eda baja<\/td>\n<\/tr>\n<tr>\n<td>Hid compatible puerto (s) usb: 1<\/td>\n<\/tr>\n<tr>\n<td>Alarmas audibles: modo de bater\u00eda , bater\u00eda baja , sobrecarga , fallo de sai<\/td>\n<\/tr>\n<tr>\n<td>Gesti\u00f3n de cables ( pzs ): cable usb x1<\/td>\n<\/tr>\n<tr>\n<td>Software de gesti\u00f3n de la potencia: edici\u00f3n personal powerpanel\u00ae<\/td>\n<\/tr>\n<tr>\n<td>F\u00edsico<\/td>\n<\/tr>\n<tr>\n<td>Factor de forma: torre<\/td>\n<\/tr>\n<tr>\n<td>Construcci\u00f3n de carcasa: pl\u00e1stico<\/td>\n<\/tr>\n<tr>\n<td>Color: negro<\/td>\n<\/tr>\n<tr>\n<td>Tama\u00f1o f\u00edsico &#8211; m\u00f3dulo de sai<\/td>\n<\/tr>\n<tr>\n<td>Dimensiones (anxalxp) (mm): 96 x 138 x 286<\/td>\n<\/tr>\n<tr>\n<td>Peso (kg): 4.92<\/td>\n<\/tr>\n<tr>\n<td>Medioambiental<\/td>\n<\/tr>\n<tr>\n<td>Temperatura de funcionamiento (\u00bac): 0 ~ 40<\/td>\n<\/tr>\n<tr>\n<td>Humedad relativa de funcionamiento (sin condensaci\u00f3n) ( % ): 0 ~ 90<\/td>\n<\/tr>\n<tr>\n<td>Elevaci\u00f3n de funcionamiento ( pies\/metros ) 0-10.000 pies (0-3.000 metros)<\/td>\n<\/tr>\n<tr>\n<td>Temperatura de almacenamiento (\u00bac) -20 ~ 50<\/td>\n<\/tr>\n<tr>\n<td>Humedad relativa de almacenamiento (sin condensaci\u00f3n) ( % ) 0 ~ 90<\/td>\n<\/tr>\n<tr>\n<td>Elevaci\u00f3n de almacenamiento ( pies\/metros ) 0-10.000 pies (0-3.000 metros)<\/td>\n<\/tr>\n<tr>\n<td>Disipaci\u00f3n t\u00e9rmica en l\u00ednea ( btu\/h ) 102.4<\/td>\n<\/tr>\n<tr>\n<td>Ruido audible a 1,5m desde la superficie de la unidad ( dba ) 40<\/td>\n<\/tr>\n<tr>\n<td>Certificaciones<\/td>\n<\/tr>\n<tr>\n<td>Certificaciones: nom, rohs<\/td>\n<\/tr>\n<tr>\n<td>Garantia: 2 a\u00f1os<\/td>\n<\/tr>\n<\/table>\n","protected":false},"excerpt":{"rendered":"<p>900va con regulador de voltaje (avr),  mini torre, 6 nema 5-15r, 3 respaldo y 3 supresi\u00f3n, protecci\u00f3n l\u00ednea telef\u00f3nica y red rj11\/rj45, puerto usb. Software de administraci\u00f3n powerpanel personal edition<\/p>\n","protected":false},"featured_media":217149,"comment_status":"open","ping_status":"open","template":"","meta":[],"product_cat":[1508,1691],"product_tag":[1692],"acf":[],"yoast_head":"<!-- This site is optimized with the Yoast SEO plugin v21.7 - https:\/\/yoast.com\/wordpress\/plugins\/seo\/ -->\n<title>[ Cyberpower ] &#129351; Om900atlcd No Break 900va \/ 420w, Interactivo, Torre, 6 Nema 5-15r, 3 Respaldo Y 3 Supresion, 2 A\u00f1os De Garanta En Equipo, 1 A\u00f1o En Baterias.<\/title>\n<meta name=\"description\" content=\"Compra Om900atlcd No Break 900va \/ 420w, Interactivo, Torre, 6 Nema 5-15r, 3 Respaldo Y 3 Supresion, 2 A\u00f1os De Garanta En Equipo, 1 A\u00f1o En Baterias. + Env\u00edo a domicilio + Pago seguro + Garant\u00eda\" \/>\n<meta name=\"robots\" content=\"index, follow, max-snippet:-1, max-image-preview:large, max-video-preview:-1\" \/>\n<link rel=\"canonical\" href=\"https:\/\/compuviper.mx\/tienda\/producto\/cyberpower-om900atlcd-no-break-900va-420w-interactivo-torre-6-nema-5-15r-3-respaldo-y-3-supresion-2-aos-de-garanta-en-equipo-1-ao-en-baterias\/\" \/>\n<meta property=\"og:locale\" content=\"es_MX\" \/>\n<meta property=\"og:type\" content=\"article\" \/>\n<meta property=\"og:title\" content=\"[ Cyberpower ] &#129351; Om900atlcd No Break 900va \/ 420w, Interactivo, Torre, 6 Nema 5-15r, 3 Respaldo Y 3 Supresion, 2 A\u00f1os De Garanta En Equipo, 1 A\u00f1o En Baterias.\" \/>\n<meta property=\"og:description\" content=\"Compra Om900atlcd No Break 900va \/ 420w, Interactivo, Torre, 6 Nema 5-15r, 3 Respaldo Y 3 Supresion, 2 A\u00f1os De Garanta En Equipo, 1 A\u00f1o En Baterias. + Env\u00edo a domicilio + Pago seguro + Garant\u00eda\" \/>\n<meta property=\"og:url\" content=\"https:\/\/compuviper.mx\/tienda\/producto\/cyberpower-om900atlcd-no-break-900va-420w-interactivo-torre-6-nema-5-15r-3-respaldo-y-3-supresion-2-aos-de-garanta-en-equipo-1-ao-en-baterias\/\" \/>\n<meta property=\"og:site_name\" content=\"Compuviper\" \/>\n<meta property=\"article:publisher\" content=\"https:\/\/www.facebook.com\/compuviper\" \/>\n<meta property=\"og:image\" content=\"https:\/\/compuviper.mx\/tienda\/wp-content\/uploads\/2023\/12\/No-break-cyberpower-om900atlcd-900va-540w-interactivo-torre-6-\u00d7-nema-5-15r-3-respaldo-y-3-supresion-2-anos-de-garantia-en-equipo-1-ano-en-baterias.jpg\" \/>\n\t<meta property=\"og:image:width\" content=\"200\" \/>\n\t<meta property=\"og:image:height\" content=\"200\" \/>\n\t<meta property=\"og:image:type\" content=\"image\/jpeg\" \/>\n<meta name=\"twitter:card\" content=\"summary_large_image\" \/>\n<meta name=\"twitter:label1\" content=\"Precio\" \/>\n\t<meta name=\"twitter:data1\" content=\"&#36;2,126 &#36;2,095 con IVA\" \/>\n\t<meta name=\"twitter:label2\" content=\"Availability\" \/>\n\t<meta name=\"twitter:data2\" content=\"In stock\" \/>\n<script type=\"application\/ld+json\" class=\"yoast-schema-graph\">{\"@context\":\"https:\/\/schema.org\",\"@graph\":[{\"@type\":\"WebPage\",\"@id\":\"https:\/\/compuviper.mx\/tienda\/producto\/cyberpower-om900atlcd-no-break-900va-420w-interactivo-torre-6-nema-5-15r-3-respaldo-y-3-supresion-2-aos-de-garanta-en-equipo-1-ao-en-baterias\/\",\"url\":\"https:\/\/compuviper.mx\/tienda\/producto\/cyberpower-om900atlcd-no-break-900va-420w-interactivo-torre-6-nema-5-15r-3-respaldo-y-3-supresion-2-aos-de-garanta-en-equipo-1-ao-en-baterias\/\",\"name\":\"[ Cyberpower ] &#129351; Om900atlcd No Break 900va \/ 420w, Interactivo, Torre, 6 Nema 5-15r, 3 Respaldo Y 3 Supresion, 2 A\u00f1os De Garanta En Equipo, 1 A\u00f1o En Baterias.\",\"isPartOf\":{\"@id\":\"https:\/\/compuviper.mx\/tienda\/#website\"},\"datePublished\":\"2026-04-02T06:22:58+00:00\",\"dateModified\":\"2026-04-02T06:22:58+00:00\",\"description\":\"Compra Om900atlcd No Break 900va \/ 420w, Interactivo, Torre, 6 Nema 5-15r, 3 Respaldo Y 3 Supresion, 2 A\u00f1os De Garanta En Equipo, 1 A\u00f1o En Baterias. + Env\u00edo a domicilio + Pago seguro + Garant\u00eda\",\"breadcrumb\":{\"@id\":\"https:\/\/compuviper.mx\/tienda\/producto\/cyberpower-om900atlcd-no-break-900va-420w-interactivo-torre-6-nema-5-15r-3-respaldo-y-3-supresion-2-aos-de-garanta-en-equipo-1-ao-en-baterias\/#breadcrumb\"},\"inLanguage\":\"es-MX\",\"potentialAction\":[{\"@type\":\"ReadAction\",\"target\":[\"https:\/\/compuviper.mx\/tienda\/producto\/cyberpower-om900atlcd-no-break-900va-420w-interactivo-torre-6-nema-5-15r-3-respaldo-y-3-supresion-2-aos-de-garanta-en-equipo-1-ao-en-baterias\/\"]}]},{\"@type\":\"BreadcrumbList\",\"@id\":\"https:\/\/compuviper.mx\/tienda\/producto\/cyberpower-om900atlcd-no-break-900va-420w-interactivo-torre-6-nema-5-15r-3-respaldo-y-3-supresion-2-aos-de-garanta-en-equipo-1-ao-en-baterias\/#breadcrumb\",\"itemListElement\":[{\"@type\":\"ListItem\",\"position\":1,\"name\":\"Inicio\",\"item\":\"https:\/\/compuviper.mx\/tienda\/\"},{\"@type\":\"ListItem\",\"position\":2,\"name\":\"Productos\",\"item\":\"https:\/\/compuviper.mx\/tienda\/productos\/\"},{\"@type\":\"ListItem\",\"position\":3,\"name\":\"Energia\",\"item\":\"https:\/\/compuviper.mx\/tienda\/categoria-producto\/energia\/\"},{\"@type\":\"ListItem\",\"position\":4,\"name\":\"No Break\",\"item\":\"https:\/\/compuviper.mx\/tienda\/categoria-producto\/energia\/no-break\/\"},{\"@type\":\"ListItem\",\"position\":5,\"name\":\"Cyberpower Om900atlcd No Break 900va \/ 420w, Interactivo, Torre, 6 Nema 5-15r, 3 Respaldo Y 3 Supresion, 2 A?os De Garanta En Equipo, 1 A?o En Baterias.\"}]},{\"@type\":\"WebSite\",\"@id\":\"https:\/\/compuviper.mx\/tienda\/#website\",\"url\":\"https:\/\/compuviper.mx\/tienda\/\",\"name\":\"Compuviper\",\"description\":\"Proveedor de Computadoras, Laptops, Servidores, Monitores, Puntos de Venta, Teclados,   Impresoras, T\u00f3ner, C\u00e1maras de Seguridad y m\u00e1s en tu tienda en l\u00ednea\",\"publisher\":{\"@id\":\"https:\/\/compuviper.mx\/tienda\/#organization\"},\"potentialAction\":[{\"@type\":\"SearchAction\",\"target\":{\"@type\":\"EntryPoint\",\"urlTemplate\":\"https:\/\/compuviper.mx\/tienda\/?s={search_term_string}\"},\"query-input\":\"required name=search_term_string\"}],\"inLanguage\":\"es-MX\"},{\"@type\":\"Organization\",\"@id\":\"https:\/\/compuviper.mx\/tienda\/#organization\",\"name\":\"Compuviper\",\"url\":\"https:\/\/compuviper.mx\/tienda\/\",\"logo\":{\"@type\":\"ImageObject\",\"inLanguage\":\"es-MX\",\"@id\":\"https:\/\/compuviper.mx\/tienda\/#\/schema\/logo\/image\/\",\"url\":\"https:\/\/compuviper.mx\/tienda\/wp-content\/uploads\/2021\/08\/Logo-Compuviper-10.png\",\"contentUrl\":\"https:\/\/compuviper.mx\/tienda\/wp-content\/uploads\/2021\/08\/Logo-Compuviper-10.png\",\"width\":1000,\"height\":500,\"caption\":\"Compuviper\"},\"image\":{\"@id\":\"https:\/\/compuviper.mx\/tienda\/#\/schema\/logo\/image\/\"},\"sameAs\":[\"https:\/\/www.facebook.com\/compuviper\",\"https:\/\/www.youtube.com\/channel\/UCf73dERp9Y3cfOq7q8BhLjA?view_as=subscriber\"]}]}<\/script>\n<meta property=\"product:brand\" content=\"CYBERPOWER\" \/>\n<meta property=\"product:price:amount\" content=\"2095\" \/>\n<meta property=\"product:price:currency\" content=\"MXN\" \/>\n<meta property=\"og:availability\" content=\"instock\" \/>\n<meta property=\"product:availability\" content=\"instock\" \/>\n<meta property=\"product:retailer_item_id\" content=\"OM900ATLCD\" \/>\n<meta property=\"product:condition\" content=\"new\" \/>\n<!-- \/ Yoast SEO plugin. -->","yoast_head_json":{"title":"[ Cyberpower ] &#129351; Om900atlcd No Break 900va \/ 420w, Interactivo, Torre, 6 Nema 5-15r, 3 Respaldo Y 3 Supresion, 2 A\u00f1os De Garanta En Equipo, 1 A\u00f1o En Baterias.","description":"Compra Om900atlcd No Break 900va \/ 420w, Interactivo, Torre, 6 Nema 5-15r, 3 Respaldo Y 3 Supresion, 2 A\u00f1os De Garanta En Equipo, 1 A\u00f1o En Baterias. + Env\u00edo a domicilio + Pago seguro + Garant\u00eda","robots":{"index":"index","follow":"follow","max-snippet":"max-snippet:-1","max-image-preview":"max-image-preview:large","max-video-preview":"max-video-preview:-1"},"canonical":"https:\/\/compuviper.mx\/tienda\/producto\/cyberpower-om900atlcd-no-break-900va-420w-interactivo-torre-6-nema-5-15r-3-respaldo-y-3-supresion-2-aos-de-garanta-en-equipo-1-ao-en-baterias\/","og_locale":"es_MX","og_type":"article","og_title":"[ Cyberpower ] &#129351; Om900atlcd No Break 900va \/ 420w, Interactivo, Torre, 6 Nema 5-15r, 3 Respaldo Y 3 Supresion, 2 A\u00f1os De Garanta En Equipo, 1 A\u00f1o En Baterias.","og_description":"Compra Om900atlcd No Break 900va \/ 420w, Interactivo, Torre, 6 Nema 5-15r, 3 Respaldo Y 3 Supresion, 2 A\u00f1os De Garanta En Equipo, 1 A\u00f1o En Baterias. + Env\u00edo a domicilio + Pago seguro + Garant\u00eda","og_url":"https:\/\/compuviper.mx\/tienda\/producto\/cyberpower-om900atlcd-no-break-900va-420w-interactivo-torre-6-nema-5-15r-3-respaldo-y-3-supresion-2-aos-de-garanta-en-equipo-1-ao-en-baterias\/","og_site_name":"Compuviper","article_publisher":"https:\/\/www.facebook.com\/compuviper","og_image":[{"width":200,"height":200,"url":"https:\/\/compuviper.mx\/tienda\/wp-content\/uploads\/2023\/12\/No-break-cyberpower-om900atlcd-900va-540w-interactivo-torre-6-\u00d7-nema-5-15r-3-respaldo-y-3-supresion-2-anos-de-garantia-en-equipo-1-ano-en-baterias.jpg","type":"image\/jpeg"}],"twitter_card":"summary_large_image","twitter_misc":{"Precio":"&#36;2,126 &#36;2,095 con IVA","Availability":"In stock"},"schema":{"@context":"https:\/\/schema.org","@graph":[{"@type":"WebPage","@id":"https:\/\/compuviper.mx\/tienda\/producto\/cyberpower-om900atlcd-no-break-900va-420w-interactivo-torre-6-nema-5-15r-3-respaldo-y-3-supresion-2-aos-de-garanta-en-equipo-1-ao-en-baterias\/","url":"https:\/\/compuviper.mx\/tienda\/producto\/cyberpower-om900atlcd-no-break-900va-420w-interactivo-torre-6-nema-5-15r-3-respaldo-y-3-supresion-2-aos-de-garanta-en-equipo-1-ao-en-baterias\/","name":"[ Cyberpower ] &#129351; Om900atlcd No Break 900va \/ 420w, Interactivo, Torre, 6 Nema 5-15r, 3 Respaldo Y 3 Supresion, 2 A\u00f1os De Garanta En Equipo, 1 A\u00f1o En Baterias.","isPartOf":{"@id":"https:\/\/compuviper.mx\/tienda\/#website"},"datePublished":"2026-04-02T06:22:58+00:00","dateModified":"2026-04-02T06:22:58+00:00","description":"Compra Om900atlcd No Break 900va \/ 420w, Interactivo, Torre, 6 Nema 5-15r, 3 Respaldo Y 3 Supresion, 2 A\u00f1os De Garanta En Equipo, 1 A\u00f1o En Baterias. + Env\u00edo a domicilio + Pago seguro + Garant\u00eda","breadcrumb":{"@id":"https:\/\/compuviper.mx\/tienda\/producto\/cyberpower-om900atlcd-no-break-900va-420w-interactivo-torre-6-nema-5-15r-3-respaldo-y-3-supresion-2-aos-de-garanta-en-equipo-1-ao-en-baterias\/#breadcrumb"},"inLanguage":"es-MX","potentialAction":[{"@type":"ReadAction","target":["https:\/\/compuviper.mx\/tienda\/producto\/cyberpower-om900atlcd-no-break-900va-420w-interactivo-torre-6-nema-5-15r-3-respaldo-y-3-supresion-2-aos-de-garanta-en-equipo-1-ao-en-baterias\/"]}]},{"@type":"BreadcrumbList","@id":"https:\/\/compuviper.mx\/tienda\/producto\/cyberpower-om900atlcd-no-break-900va-420w-interactivo-torre-6-nema-5-15r-3-respaldo-y-3-supresion-2-aos-de-garanta-en-equipo-1-ao-en-baterias\/#breadcrumb","itemListElement":[{"@type":"ListItem","position":1,"name":"Inicio","item":"https:\/\/compuviper.mx\/tienda\/"},{"@type":"ListItem","position":2,"name":"Productos","item":"https:\/\/compuviper.mx\/tienda\/productos\/"},{"@type":"ListItem","position":3,"name":"Energia","item":"https:\/\/compuviper.mx\/tienda\/categoria-producto\/energia\/"},{"@type":"ListItem","position":4,"name":"No Break","item":"https:\/\/compuviper.mx\/tienda\/categoria-producto\/energia\/no-break\/"},{"@type":"ListItem","position":5,"name":"Cyberpower Om900atlcd No Break 900va \/ 420w, Interactivo, Torre, 6 Nema 5-15r, 3 Respaldo Y 3 Supresion, 2 A?os De Garanta En Equipo, 1 A?o En Baterias."}]},{"@type":"WebSite","@id":"https:\/\/compuviper.mx\/tienda\/#website","url":"https:\/\/compuviper.mx\/tienda\/","name":"Compuviper","description":"Proveedor de Computadoras, Laptops, Servidores, Monitores, Puntos de Venta, Teclados,   Impresoras, T\u00f3ner, C\u00e1maras de Seguridad y m\u00e1s en tu tienda en l\u00ednea","publisher":{"@id":"https:\/\/compuviper.mx\/tienda\/#organization"},"potentialAction":[{"@type":"SearchAction","target":{"@type":"EntryPoint","urlTemplate":"https:\/\/compuviper.mx\/tienda\/?s={search_term_string}"},"query-input":"required name=search_term_string"}],"inLanguage":"es-MX"},{"@type":"Organization","@id":"https:\/\/compuviper.mx\/tienda\/#organization","name":"Compuviper","url":"https:\/\/compuviper.mx\/tienda\/","logo":{"@type":"ImageObject","inLanguage":"es-MX","@id":"https:\/\/compuviper.mx\/tienda\/#\/schema\/logo\/image\/","url":"https:\/\/compuviper.mx\/tienda\/wp-content\/uploads\/2021\/08\/Logo-Compuviper-10.png","contentUrl":"https:\/\/compuviper.mx\/tienda\/wp-content\/uploads\/2021\/08\/Logo-Compuviper-10.png","width":1000,"height":500,"caption":"Compuviper"},"image":{"@id":"https:\/\/compuviper.mx\/tienda\/#\/schema\/logo\/image\/"},"sameAs":["https:\/\/www.facebook.com\/compuviper","https:\/\/www.youtube.com\/channel\/UCf73dERp9Y3cfOq7q8BhLjA?view_as=subscriber"]}]},"product_brand":"CYBERPOWER","product_price_amount":"2095","product_price_currency":"MXN","og_availability":"instock","product_availability":"instock","product_retailer_item_id":"OM900ATLCD","product_condition":"new"},"_links":{"self":[{"href":"https:\/\/compuviper.mx\/tienda\/wp-json\/wp\/v2\/product\/217148"}],"collection":[{"href":"https:\/\/compuviper.mx\/tienda\/wp-json\/wp\/v2\/product"}],"about":[{"href":"https:\/\/compuviper.mx\/tienda\/wp-json\/wp\/v2\/types\/product"}],"replies":[{"embeddable":true,"href":"https:\/\/compuviper.mx\/tienda\/wp-json\/wp\/v2\/comments?post=217148"}],"wp:featuredmedia":[{"embeddable":true,"href":"https:\/\/compuviper.mx\/tienda\/wp-json\/wp\/v2\/media\/217149"}],"wp:attachment":[{"href":"https:\/\/compuviper.mx\/tienda\/wp-json\/wp\/v2\/media?parent=217148"}],"wp:term":[{"taxonomy":"product_cat","embeddable":true,"href":"https:\/\/compuviper.mx\/tienda\/wp-json\/wp\/v2\/product_cat?post=217148"},{"taxonomy":"product_tag","embeddable":true,"href":"https:\/\/compuviper.mx\/tienda\/wp-json\/wp\/v2\/product_tag?post=217148"}],"curies":[{"name":"wp","href":"https:\/\/api.w.org\/{rel}","templated":true}]}}