{"id":217135,"date":"2026-04-02T00:22:25","date_gmt":"2026-04-02T06:22:25","guid":{"rendered":"https:\/\/compuviper.mx\/tienda\/producto\/dahua-dh-xvr5216an-i3-dvr-xvr5216an-i3-de-16-canales-de-5-mp-lite-wizsense-h-265-16-ch-hdcvi-8-canales-ip-hasta-24-ch-ip-2-canales-de-reconocimiento-facial\/"},"modified":"2026-04-02T00:22:25","modified_gmt":"2026-04-02T06:22:25","slug":"dahua-dh-xvr5216an-i3-dvr-xvr5216an-i3-de-16-canales-de-5-mp-lite-wizsense-h-265-16-ch-hdcvi-8-canales-ip-hasta-24-ch-ip-2-canales-de-reconocimiento-facial","status":"publish","type":"product","link":"https:\/\/compuviper.mx\/tienda\/producto\/dahua-dh-xvr5216an-i3-dvr-xvr5216an-i3-de-16-canales-de-5-mp-lite-wizsense-h-265-16-ch-hdcvi-8-canales-ip-hasta-24-ch-ip-2-canales-de-reconocimiento-facial\/","title":{"rendered":"Dahua Dh-xvr5216an-i3 Dvr\/ \/ Xvr5216an-i3 &#8211; \/ De 16 Canales De 5 Mp Lite\/ Wizsense\/ H.265\/\/ 16 Ch Hdcvi 8 Canales Ip\/ Hasta 24 Ch Ip\/ 2 Canales De Reconocimiento Facial"},"content":{"rendered":"<table class=\"descripcion\">\n<tr>\n<td>Informaci\u00f3n general<\/td>\n<\/tr>\n<tr>\n<td>Dahua technology, un proveedor de servicios y soluciones de iot inteligente centrado en video l\u00edder en el mundo, el xvr5216an-i3 con smd plus de canal completo m\u00e1x. para beneficiar a los clientes de la actualizaci\u00f3n de ia. esta serie ha sido desarrollada para reducir las tasas de falsas alarmas y el costo de la vigilancia humana, brindando as\u00ed un gran valor a los clientes que buscan productos con alarma precisa para humanos\/veh\u00edculos para elevar el nivel de seguridad de varias instalaciones interiores y exteriores.<\/td>\n<\/tr>\n<tr>\n<td>Reconocimiento facial en tiempo real<\/td>\n<\/tr>\n<tr>\n<td>Reconocimiento facial en tiempo real de transmisi\u00f3n de video. funciones de an\u00e1lisis de atributos faciales que incluyen g\u00e9nero, edad, expresi\u00f3n, anteojos, bigote, m\u00e1scara facial. identificar personas y tambi\u00e9n capturar, grabar rostros con metadatos. filtrado de caracter\u00edsticas faciales mientras se muestra en tiempo real, solo muestra caras con caracter\u00edsticas objetivo.<\/td>\n<\/tr>\n<tr>\n<td>* el reconocimiento facial tiene efecto cuando se selecciona rostro en modo ai.<\/td>\n<\/tr>\n<tr>\n<td>Protecci\u00f3n perimetral<\/td>\n<\/tr>\n<tr>\n<td>Filtrado autom\u00e1tico de falsas alarmas causadas por animales, hojas susurrantes, luces brillantes, etc. permite que el sistema act\u00fae como reconocimiento secundario de los objetivos. mejora de la precisi\u00f3n de las alarmas.<\/td>\n<\/tr>\n<tr>\n<td>* la protecci\u00f3n perimetral entra en vigor cuando se selecciona ivs and smd en modo ai.<\/td>\n<\/tr>\n<tr>\n<td>Smd plus<\/td>\n<\/tr>\n<tr>\n<td>Con un algoritmo inteligente, la tecnolog\u00eda de detecci\u00f3n de movimiento inteligente de dahua puede categorizar los objetivos que activan la detecci\u00f3n de movimiento y filtrar la alarma de detecci\u00f3n de movimiento activada por objetivos no afectados para generar una alarma efectiva y precisa.<\/td>\n<\/tr>\n<tr>\n<td>* smd plus surte efecto cuando se selecciona smd o ivs and smd en modo ai.<\/td>\n<\/tr>\n<\/table>\n","protected":false},"excerpt":{"rendered":"<p>Especificaciones. \u0095 entradas de v\u00eddeo:16 uds. Bnc. \u0095 salidas de v\u00eddeo:1 uds. Hdmi 4k (1080p con funciones ai activadas), 1 uds. Vga. \u0095 m\u00e9todo de compresi\u00f3n de im\u00e1genes:ai coding \/ h.265+ \/ h.265 \/ h.264+ \/ h.264. \u0095 modos de funcionamiento:16 x  ahd \/ hd-cvi \/ hd-tvi \/ cvbs \/ ip + 8 x ip. \u0095 modos de grabaci\u00f3n:manual, detecci\u00f3n de movimiento, horario. \u0095 discos duros compatibles:2 x 16 tb sata. \u0095 guarda fotogramas individuales o grabaciones enteras del archivo en la unidad usb. \u0095 b\u00fasqueda de grabaciones por tiempo + l\u00ednea de tiempo con el tipo de grabaci\u00f3n. Reproducci\u00f3n: hacia adelante, modo r\u00e1pido, modo lento, por pasos. \u0095 b\u00fasqueda avanzada (con la precisi\u00f3n de un segundo. \u0095 reproducci\u00f3n sincr\u00f3nica de 1\/4\/9\/16 canales (1\/4\/9 con funciones ai activadas. \u0095 alimentaci\u00f3n:12 v dc \/ 4 a<\/p>\n","protected":false},"featured_media":242535,"comment_status":"open","ping_status":"open","template":"","meta":[],"product_cat":[1689,2130],"product_tag":[1555],"acf":[],"yoast_head":"<!-- This site is optimized with the Yoast SEO plugin v21.7 - https:\/\/yoast.com\/wordpress\/plugins\/seo\/ -->\n<title>[ Dahua ] &#129351; Dh-xvr5216an-i3 Dvr\/ \/ Xvr5216an-i3 - \/ De 16 Canales De 5 Mp Lite\/ Wizsense\/ H.265\/\/ 16 Ch Hdcvi 8 Canales Ip\/ Hasta 24 Ch Ip\/ 2 Canales De Reconocimiento Facial<\/title>\n<meta name=\"description\" content=\"Compra Dh-xvr5216an-i3 Dvr\/ \/ Xvr5216an-i3 - \/ De 16 Canales De 5 Mp Lite\/ Wizsense\/ H.265\/\/ 16 Ch Hdcvi 8 Canales Ip\/ Hasta 24 Ch Ip\/ 2 Canales De Reconocimiento Facial + Env\u00edo a domicilio + Pago seguro + Garant\u00eda\" \/>\n<meta name=\"robots\" content=\"index, follow, max-snippet:-1, max-image-preview:large, max-video-preview:-1\" \/>\n<link rel=\"canonical\" href=\"https:\/\/compuviper.mx\/tienda\/producto\/dahua-dh-xvr5216an-i3-dvr-xvr5216an-i3-de-16-canales-de-5-mp-lite-wizsense-h-265-16-ch-hdcvi-8-canales-ip-hasta-24-ch-ip-2-canales-de-reconocimiento-facial\/\" \/>\n<meta property=\"og:locale\" content=\"es_MX\" \/>\n<meta property=\"og:type\" content=\"article\" \/>\n<meta property=\"og:title\" content=\"[ Dahua ] &#129351; Dh-xvr5216an-i3 Dvr\/ \/ Xvr5216an-i3 - \/ De 16 Canales De 5 Mp Lite\/ Wizsense\/ H.265\/\/ 16 Ch Hdcvi 8 Canales Ip\/ Hasta 24 Ch Ip\/ 2 Canales De Reconocimiento Facial\" \/>\n<meta property=\"og:description\" content=\"Compra Dh-xvr5216an-i3 Dvr\/ \/ Xvr5216an-i3 - \/ De 16 Canales De 5 Mp Lite\/ Wizsense\/ H.265\/\/ 16 Ch Hdcvi 8 Canales Ip\/ Hasta 24 Ch Ip\/ 2 Canales De Reconocimiento Facial + Env\u00edo a domicilio + Pago seguro + Garant\u00eda\" \/>\n<meta property=\"og:url\" content=\"https:\/\/compuviper.mx\/tienda\/producto\/dahua-dh-xvr5216an-i3-dvr-xvr5216an-i3-de-16-canales-de-5-mp-lite-wizsense-h-265-16-ch-hdcvi-8-canales-ip-hasta-24-ch-ip-2-canales-de-reconocimiento-facial\/\" \/>\n<meta property=\"og:site_name\" content=\"Compuviper\" \/>\n<meta property=\"article:publisher\" content=\"https:\/\/www.facebook.com\/compuviper\" \/>\n<meta property=\"og:image\" content=\"https:\/\/compuviper.mx\/tienda\/wp-content\/uploads\/2024\/09\/Dvr-dahua-xvr5216an-i3-de-16-canales-de-5-mp-lite-wizsense-h.265-16-ch-hdcvi-8-canales-ip-hasta-24-ch-ip-2-canales-de-reconocimiento-facial.jpg\" \/>\n\t<meta property=\"og:image:width\" content=\"200\" \/>\n\t<meta property=\"og:image:height\" content=\"200\" \/>\n\t<meta property=\"og:image:type\" content=\"image\/jpeg\" \/>\n<meta name=\"twitter:card\" content=\"summary_large_image\" \/>\n<meta name=\"twitter:label1\" content=\"Precio\" \/>\n\t<meta name=\"twitter:data1\" content=\"&#36;3,520 con IVA\" \/>\n\t<meta name=\"twitter:label2\" content=\"Availability\" \/>\n\t<meta name=\"twitter:data2\" content=\"Out of stock\" \/>\n<script type=\"application\/ld+json\" class=\"yoast-schema-graph\">{\"@context\":\"https:\/\/schema.org\",\"@graph\":[{\"@type\":\"WebPage\",\"@id\":\"https:\/\/compuviper.mx\/tienda\/producto\/dahua-dh-xvr5216an-i3-dvr-xvr5216an-i3-de-16-canales-de-5-mp-lite-wizsense-h-265-16-ch-hdcvi-8-canales-ip-hasta-24-ch-ip-2-canales-de-reconocimiento-facial\/\",\"url\":\"https:\/\/compuviper.mx\/tienda\/producto\/dahua-dh-xvr5216an-i3-dvr-xvr5216an-i3-de-16-canales-de-5-mp-lite-wizsense-h-265-16-ch-hdcvi-8-canales-ip-hasta-24-ch-ip-2-canales-de-reconocimiento-facial\/\",\"name\":\"[ Dahua ] &#129351; Dh-xvr5216an-i3 Dvr\/ \/ Xvr5216an-i3 - \/ De 16 Canales De 5 Mp Lite\/ Wizsense\/ H.265\/\/ 16 Ch Hdcvi 8 Canales Ip\/ Hasta 24 Ch Ip\/ 2 Canales De Reconocimiento Facial\",\"isPartOf\":{\"@id\":\"https:\/\/compuviper.mx\/tienda\/#website\"},\"datePublished\":\"2026-04-02T06:22:25+00:00\",\"dateModified\":\"2026-04-02T06:22:25+00:00\",\"description\":\"Compra Dh-xvr5216an-i3 Dvr\/ \/ Xvr5216an-i3 - \/ De 16 Canales De 5 Mp Lite\/ Wizsense\/ H.265\/\/ 16 Ch Hdcvi 8 Canales Ip\/ Hasta 24 Ch Ip\/ 2 Canales De Reconocimiento Facial + Env\u00edo a domicilio + Pago seguro + Garant\u00eda\",\"breadcrumb\":{\"@id\":\"https:\/\/compuviper.mx\/tienda\/producto\/dahua-dh-xvr5216an-i3-dvr-xvr5216an-i3-de-16-canales-de-5-mp-lite-wizsense-h-265-16-ch-hdcvi-8-canales-ip-hasta-24-ch-ip-2-canales-de-reconocimiento-facial\/#breadcrumb\"},\"inLanguage\":\"es-MX\",\"potentialAction\":[{\"@type\":\"ReadAction\",\"target\":[\"https:\/\/compuviper.mx\/tienda\/producto\/dahua-dh-xvr5216an-i3-dvr-xvr5216an-i3-de-16-canales-de-5-mp-lite-wizsense-h-265-16-ch-hdcvi-8-canales-ip-hasta-24-ch-ip-2-canales-de-reconocimiento-facial\/\"]}]},{\"@type\":\"BreadcrumbList\",\"@id\":\"https:\/\/compuviper.mx\/tienda\/producto\/dahua-dh-xvr5216an-i3-dvr-xvr5216an-i3-de-16-canales-de-5-mp-lite-wizsense-h-265-16-ch-hdcvi-8-canales-ip-hasta-24-ch-ip-2-canales-de-reconocimiento-facial\/#breadcrumb\",\"itemListElement\":[{\"@type\":\"ListItem\",\"position\":1,\"name\":\"Inicio\",\"item\":\"https:\/\/compuviper.mx\/tienda\/\"},{\"@type\":\"ListItem\",\"position\":2,\"name\":\"Productos\",\"item\":\"https:\/\/compuviper.mx\/tienda\/productos\/\"},{\"@type\":\"ListItem\",\"position\":3,\"name\":\"Videograbadores\",\"item\":\"https:\/\/compuviper.mx\/tienda\/categoria-producto\/videograbadores\/\"},{\"@type\":\"ListItem\",\"position\":4,\"name\":\"Sin Categor\u00eda\",\"item\":\"https:\/\/compuviper.mx\/tienda\/categoria-producto\/videograbadores\/sin-categoria-videograbadores\/\"},{\"@type\":\"ListItem\",\"position\":5,\"name\":\"Dahua Dh-xvr5216an-i3 Dvr\/ \/ Xvr5216an-i3 &#8211; \/ De 16 Canales De 5 Mp Lite\/ Wizsense\/ H.265\/\/ 16 Ch Hdcvi 8 Canales Ip\/ Hasta 24 Ch Ip\/ 2 Canales De Reconocimiento Facial\"}]},{\"@type\":\"WebSite\",\"@id\":\"https:\/\/compuviper.mx\/tienda\/#website\",\"url\":\"https:\/\/compuviper.mx\/tienda\/\",\"name\":\"Compuviper\",\"description\":\"Proveedor de Computadoras, Laptops, Servidores, Monitores, Puntos de Venta, Teclados,   Impresoras, T\u00f3ner, C\u00e1maras de Seguridad y m\u00e1s en tu tienda en l\u00ednea\",\"publisher\":{\"@id\":\"https:\/\/compuviper.mx\/tienda\/#organization\"},\"potentialAction\":[{\"@type\":\"SearchAction\",\"target\":{\"@type\":\"EntryPoint\",\"urlTemplate\":\"https:\/\/compuviper.mx\/tienda\/?s={search_term_string}\"},\"query-input\":\"required name=search_term_string\"}],\"inLanguage\":\"es-MX\"},{\"@type\":\"Organization\",\"@id\":\"https:\/\/compuviper.mx\/tienda\/#organization\",\"name\":\"Compuviper\",\"url\":\"https:\/\/compuviper.mx\/tienda\/\",\"logo\":{\"@type\":\"ImageObject\",\"inLanguage\":\"es-MX\",\"@id\":\"https:\/\/compuviper.mx\/tienda\/#\/schema\/logo\/image\/\",\"url\":\"https:\/\/compuviper.mx\/tienda\/wp-content\/uploads\/2021\/08\/Logo-Compuviper-10.png\",\"contentUrl\":\"https:\/\/compuviper.mx\/tienda\/wp-content\/uploads\/2021\/08\/Logo-Compuviper-10.png\",\"width\":1000,\"height\":500,\"caption\":\"Compuviper\"},\"image\":{\"@id\":\"https:\/\/compuviper.mx\/tienda\/#\/schema\/logo\/image\/\"},\"sameAs\":[\"https:\/\/www.facebook.com\/compuviper\",\"https:\/\/www.youtube.com\/channel\/UCf73dERp9Y3cfOq7q8BhLjA?view_as=subscriber\"]}]}<\/script>\n<meta property=\"product:brand\" content=\"DAHUA\" \/>\n<meta property=\"product:price:amount\" content=\"3520\" \/>\n<meta property=\"product:price:currency\" content=\"MXN\" \/>\n<meta property=\"og:availability\" content=\"out of stock\" \/>\n<meta property=\"product:availability\" content=\"out of stock\" \/>\n<meta property=\"product:retailer_item_id\" content=\"DH-XVR5216AN-I3\" \/>\n<meta property=\"product:condition\" content=\"new\" \/>\n<!-- \/ Yoast SEO plugin. -->","yoast_head_json":{"title":"[ Dahua ] &#129351; Dh-xvr5216an-i3 Dvr\/ \/ Xvr5216an-i3 - \/ De 16 Canales De 5 Mp Lite\/ Wizsense\/ H.265\/\/ 16 Ch Hdcvi 8 Canales Ip\/ Hasta 24 Ch Ip\/ 2 Canales De Reconocimiento Facial","description":"Compra Dh-xvr5216an-i3 Dvr\/ \/ Xvr5216an-i3 - \/ De 16 Canales De 5 Mp Lite\/ Wizsense\/ H.265\/\/ 16 Ch Hdcvi 8 Canales Ip\/ Hasta 24 Ch Ip\/ 2 Canales De Reconocimiento Facial + Env\u00edo a domicilio + Pago seguro + Garant\u00eda","robots":{"index":"index","follow":"follow","max-snippet":"max-snippet:-1","max-image-preview":"max-image-preview:large","max-video-preview":"max-video-preview:-1"},"canonical":"https:\/\/compuviper.mx\/tienda\/producto\/dahua-dh-xvr5216an-i3-dvr-xvr5216an-i3-de-16-canales-de-5-mp-lite-wizsense-h-265-16-ch-hdcvi-8-canales-ip-hasta-24-ch-ip-2-canales-de-reconocimiento-facial\/","og_locale":"es_MX","og_type":"article","og_title":"[ Dahua ] &#129351; Dh-xvr5216an-i3 Dvr\/ \/ Xvr5216an-i3 - \/ De 16 Canales De 5 Mp Lite\/ Wizsense\/ H.265\/\/ 16 Ch Hdcvi 8 Canales Ip\/ Hasta 24 Ch Ip\/ 2 Canales De Reconocimiento Facial","og_description":"Compra Dh-xvr5216an-i3 Dvr\/ \/ Xvr5216an-i3 - \/ De 16 Canales De 5 Mp Lite\/ Wizsense\/ H.265\/\/ 16 Ch Hdcvi 8 Canales Ip\/ Hasta 24 Ch Ip\/ 2 Canales De Reconocimiento Facial + Env\u00edo a domicilio + Pago seguro + Garant\u00eda","og_url":"https:\/\/compuviper.mx\/tienda\/producto\/dahua-dh-xvr5216an-i3-dvr-xvr5216an-i3-de-16-canales-de-5-mp-lite-wizsense-h-265-16-ch-hdcvi-8-canales-ip-hasta-24-ch-ip-2-canales-de-reconocimiento-facial\/","og_site_name":"Compuviper","article_publisher":"https:\/\/www.facebook.com\/compuviper","og_image":[{"width":200,"height":200,"url":"https:\/\/compuviper.mx\/tienda\/wp-content\/uploads\/2024\/09\/Dvr-dahua-xvr5216an-i3-de-16-canales-de-5-mp-lite-wizsense-h.265-16-ch-hdcvi-8-canales-ip-hasta-24-ch-ip-2-canales-de-reconocimiento-facial.jpg","type":"image\/jpeg"}],"twitter_card":"summary_large_image","twitter_misc":{"Precio":"&#36;3,520 con IVA","Availability":"Out of stock"},"schema":{"@context":"https:\/\/schema.org","@graph":[{"@type":"WebPage","@id":"https:\/\/compuviper.mx\/tienda\/producto\/dahua-dh-xvr5216an-i3-dvr-xvr5216an-i3-de-16-canales-de-5-mp-lite-wizsense-h-265-16-ch-hdcvi-8-canales-ip-hasta-24-ch-ip-2-canales-de-reconocimiento-facial\/","url":"https:\/\/compuviper.mx\/tienda\/producto\/dahua-dh-xvr5216an-i3-dvr-xvr5216an-i3-de-16-canales-de-5-mp-lite-wizsense-h-265-16-ch-hdcvi-8-canales-ip-hasta-24-ch-ip-2-canales-de-reconocimiento-facial\/","name":"[ Dahua ] &#129351; Dh-xvr5216an-i3 Dvr\/ \/ Xvr5216an-i3 - \/ De 16 Canales De 5 Mp Lite\/ Wizsense\/ H.265\/\/ 16 Ch Hdcvi 8 Canales Ip\/ Hasta 24 Ch Ip\/ 2 Canales De Reconocimiento Facial","isPartOf":{"@id":"https:\/\/compuviper.mx\/tienda\/#website"},"datePublished":"2026-04-02T06:22:25+00:00","dateModified":"2026-04-02T06:22:25+00:00","description":"Compra Dh-xvr5216an-i3 Dvr\/ \/ Xvr5216an-i3 - \/ De 16 Canales De 5 Mp Lite\/ Wizsense\/ H.265\/\/ 16 Ch Hdcvi 8 Canales Ip\/ Hasta 24 Ch Ip\/ 2 Canales De Reconocimiento Facial + Env\u00edo a domicilio + Pago seguro + Garant\u00eda","breadcrumb":{"@id":"https:\/\/compuviper.mx\/tienda\/producto\/dahua-dh-xvr5216an-i3-dvr-xvr5216an-i3-de-16-canales-de-5-mp-lite-wizsense-h-265-16-ch-hdcvi-8-canales-ip-hasta-24-ch-ip-2-canales-de-reconocimiento-facial\/#breadcrumb"},"inLanguage":"es-MX","potentialAction":[{"@type":"ReadAction","target":["https:\/\/compuviper.mx\/tienda\/producto\/dahua-dh-xvr5216an-i3-dvr-xvr5216an-i3-de-16-canales-de-5-mp-lite-wizsense-h-265-16-ch-hdcvi-8-canales-ip-hasta-24-ch-ip-2-canales-de-reconocimiento-facial\/"]}]},{"@type":"BreadcrumbList","@id":"https:\/\/compuviper.mx\/tienda\/producto\/dahua-dh-xvr5216an-i3-dvr-xvr5216an-i3-de-16-canales-de-5-mp-lite-wizsense-h-265-16-ch-hdcvi-8-canales-ip-hasta-24-ch-ip-2-canales-de-reconocimiento-facial\/#breadcrumb","itemListElement":[{"@type":"ListItem","position":1,"name":"Inicio","item":"https:\/\/compuviper.mx\/tienda\/"},{"@type":"ListItem","position":2,"name":"Productos","item":"https:\/\/compuviper.mx\/tienda\/productos\/"},{"@type":"ListItem","position":3,"name":"Videograbadores","item":"https:\/\/compuviper.mx\/tienda\/categoria-producto\/videograbadores\/"},{"@type":"ListItem","position":4,"name":"Sin Categor\u00eda","item":"https:\/\/compuviper.mx\/tienda\/categoria-producto\/videograbadores\/sin-categoria-videograbadores\/"},{"@type":"ListItem","position":5,"name":"Dahua Dh-xvr5216an-i3 Dvr\/ \/ Xvr5216an-i3 &#8211; \/ De 16 Canales De 5 Mp Lite\/ Wizsense\/ H.265\/\/ 16 Ch Hdcvi 8 Canales Ip\/ Hasta 24 Ch Ip\/ 2 Canales De Reconocimiento Facial"}]},{"@type":"WebSite","@id":"https:\/\/compuviper.mx\/tienda\/#website","url":"https:\/\/compuviper.mx\/tienda\/","name":"Compuviper","description":"Proveedor de Computadoras, Laptops, Servidores, Monitores, Puntos de Venta, Teclados,   Impresoras, T\u00f3ner, C\u00e1maras de Seguridad y m\u00e1s en tu tienda en l\u00ednea","publisher":{"@id":"https:\/\/compuviper.mx\/tienda\/#organization"},"potentialAction":[{"@type":"SearchAction","target":{"@type":"EntryPoint","urlTemplate":"https:\/\/compuviper.mx\/tienda\/?s={search_term_string}"},"query-input":"required name=search_term_string"}],"inLanguage":"es-MX"},{"@type":"Organization","@id":"https:\/\/compuviper.mx\/tienda\/#organization","name":"Compuviper","url":"https:\/\/compuviper.mx\/tienda\/","logo":{"@type":"ImageObject","inLanguage":"es-MX","@id":"https:\/\/compuviper.mx\/tienda\/#\/schema\/logo\/image\/","url":"https:\/\/compuviper.mx\/tienda\/wp-content\/uploads\/2021\/08\/Logo-Compuviper-10.png","contentUrl":"https:\/\/compuviper.mx\/tienda\/wp-content\/uploads\/2021\/08\/Logo-Compuviper-10.png","width":1000,"height":500,"caption":"Compuviper"},"image":{"@id":"https:\/\/compuviper.mx\/tienda\/#\/schema\/logo\/image\/"},"sameAs":["https:\/\/www.facebook.com\/compuviper","https:\/\/www.youtube.com\/channel\/UCf73dERp9Y3cfOq7q8BhLjA?view_as=subscriber"]}]},"product_brand":"DAHUA","product_price_amount":"3520","product_price_currency":"MXN","og_availability":"out of stock","product_availability":"out of stock","product_retailer_item_id":"DH-XVR5216AN-I3","product_condition":"new"},"_links":{"self":[{"href":"https:\/\/compuviper.mx\/tienda\/wp-json\/wp\/v2\/product\/217135"}],"collection":[{"href":"https:\/\/compuviper.mx\/tienda\/wp-json\/wp\/v2\/product"}],"about":[{"href":"https:\/\/compuviper.mx\/tienda\/wp-json\/wp\/v2\/types\/product"}],"replies":[{"embeddable":true,"href":"https:\/\/compuviper.mx\/tienda\/wp-json\/wp\/v2\/comments?post=217135"}],"wp:featuredmedia":[{"embeddable":true,"href":"https:\/\/compuviper.mx\/tienda\/wp-json\/wp\/v2\/media\/242535"}],"wp:attachment":[{"href":"https:\/\/compuviper.mx\/tienda\/wp-json\/wp\/v2\/media?parent=217135"}],"wp:term":[{"taxonomy":"product_cat","embeddable":true,"href":"https:\/\/compuviper.mx\/tienda\/wp-json\/wp\/v2\/product_cat?post=217135"},{"taxonomy":"product_tag","embeddable":true,"href":"https:\/\/compuviper.mx\/tienda\/wp-json\/wp\/v2\/product_tag?post=217135"}],"curies":[{"name":"wp","href":"https:\/\/api.w.org\/{rel}","templated":true}]}}