{"id":217127,"date":"2026-04-02T00:22:23","date_gmt":"2026-04-02T06:22:23","guid":{"rendered":"https:\/\/compuviper.mx\/tienda\/producto\/hikvision-ds-7232hghi-m2-dvr-2-megapixeles-32-canales-32-canales-turbohd-2-canales-ip-2-bahas-de-disco-duro-32-canales-de-audio-por-coaxitron-vdeo-anlisis\/"},"modified":"2026-04-02T00:22:24","modified_gmt":"2026-04-02T06:22:24","slug":"hikvision-ds-7232hghi-m2-dvr-2-megapixeles-32-canales-32-canales-turbohd-2-canales-ip-2-bahas-de-disco-duro-32-canales-de-audio-por-coaxitron-vdeo-anlisis","status":"publish","type":"product","link":"https:\/\/compuviper.mx\/tienda\/producto\/hikvision-ds-7232hghi-m2-dvr-2-megapixeles-32-canales-32-canales-turbohd-2-canales-ip-2-bahas-de-disco-duro-32-canales-de-audio-por-coaxitron-vdeo-anlisis\/","title":{"rendered":"Hikvision Ds-7232hghi-m2 Dvr 2 Megapixeles 32 Canales   32 Canales Turbohd 2 Canales Ip \/ 2 Bahas De Disco Duro \/ 32 Canales De Audio Por Coaxitron \/ Vdeo Anlisis"},"content":{"rendered":"<table class=\"descripcion\">\n<tr>\n<td>Caracter\u00edsticas principales:<\/td>\n<\/tr>\n<tr>\n<td>    serie turbo hd versi\u00f3n 5.0<\/td>\n<\/tr>\n<tr>\n<td>    permite apagar 16 canales anal\u00f3gicos turbohd y poder colocar c\u00e1maras ip, p\u00f3demos colocar hasta 18 c\u00e1maras ip en total. por cada canal anal\u00f3gico turbohd que se apague se genera una canal ip adicional (m\u00e1ximo se pueden apagar 16 canales turbohd)<\/td>\n<\/tr>\n<tr>\n<td>    dvr pentahibrido: hd-tvi \/ hd-cvi \/ analogico \/ ip \/ ahd.<\/td>\n<\/tr>\n<tr>\n<td>    acceso remoto: pc (windows \/ mac), smart phone (iphone, ipad, android).<\/td>\n<\/tr>\n<tr>\n<td>    compatibilidad con navegador internet explorer.<\/td>\n<\/tr>\n<tr>\n<td>    software cliente multi sitio de hasta 64 canales (ivms-4200).<\/td>\n<\/tr>\n<tr>\n<td>    compatible con hik-connect p2p<\/td>\n<\/tr>\n<tr>\n<td>    funciones avanzadas: detecci\u00f3n de movimiento con filtro de humanos y vehiculos por inteligencia artificial<\/td>\n<\/tr>\n<tr>\n<td>    1 entrada y 1 salida de audio, puede integrar c\u00e1maras con audio por coaxitron en todos sus canales analogicos.<\/td>\n<\/tr>\n<tr>\n<td>    soporta 2 hdd de hasta 10 tb (no incluido).<\/td>\n<\/tr>\n<tr>\n<td>    interfaz serial: rs-485 (hikvision c, coaxitron, pelco d, pelco p, etc).<\/td>\n<\/tr>\n<tr>\n<td>El audio se recibe por la se\u00f1al tvi<\/td>\n<\/tr>\n<tr>\n<td>Caracter\u00edsticas f\u00edsicas y el\u00e9ctricas:<\/td>\n<\/tr>\n<tr>\n<td>    alimentaci\u00f3n: 12 vcc (fuente incluida).<\/td>\n<\/tr>\n<tr>\n<td>    consumo sin hdd: 18 watts.<\/td>\n<\/tr>\n<tr>\n<td>    temperatura de operacion: -10 \u00bac hasta 55 \u00bac.<\/td>\n<\/tr>\n<tr>\n<td>    dimensiones: 380 \u00d7 320 \u00d7 48 mm (w \u00d7 d \u00d7 h)<\/td>\n<\/tr>\n<tr>\n<td>    peso: 2.2 kg sin hdd.<\/td>\n<\/tr>\n<tr>\n<td>    no compatible con control remoto.<\/td>\n<\/tr>\n<tr>\n<td>    garant\u00eda: 2 a\u00f1os.<\/td>\n<\/tr>\n<tr>\n<td>Compresi\u00f3n y resoluci\u00f3n:<\/td>\n<\/tr>\n<tr>\n<td>    compresion: h.265+ \/ h.265 \/ h.264+ \/ h.264.<\/td>\n<\/tr>\n<tr>\n<td>    soporta 32 canales turbohd \/ analogicos + 2 canales ip = 34 canales en total.<\/td>\n<\/tr>\n<tr>\n<td>    soporta 5 tecnolog\u00edas (tvi \/ ahd \/ cvi \/ cvbs \/ ip):<\/td>\n<\/tr>\n<tr>\n<td>    2 megapixel lite@ 15 ips<\/td>\n<\/tr>\n<tr>\n<td>    1 megapixel @ 30 ips<\/td>\n<\/tr>\n<tr>\n<td>    analogico 1200tvl (cvbs) @ 30 ips<\/td>\n<\/tr>\n<tr>\n<td>    ip hasta 5 megapixel.<\/td>\n<\/tr>\n<\/table>\n","protected":false},"excerpt":{"rendered":"<p>Caracter\u00edsticas destacadas. Soporta audio en todos sus canales por coaxitron utilizando camaras con audio integrado (ver modelos compatibles). Para utilizar audio de 2 v\u00edas se recomienda colocar un micr\u00f3fono en la entrada de audio y una bocina preamplificada (sf775) en la salida de audio, no se recomienda para audio de 2 v\u00edas una c\u00e1mara con audio por coaxitron<\/p>\n","protected":false},"featured_media":217128,"comment_status":"open","ping_status":"open","template":"","meta":[],"product_cat":[1689,1690],"product_tag":[1595],"acf":[],"yoast_head":"<!-- This site is optimized with the Yoast SEO plugin v21.7 - https:\/\/yoast.com\/wordpress\/plugins\/seo\/ -->\n<title>[ Hikvision ] &#129351; Ds-7232hghi-m2 Dvr 2 Megapixeles 32 Canales 32 Canales Turbohd 2 Canales Ip \/ 2 Bahas De Disco Duro \/ 32 Canales De Audio Por Coaxitron \/ Vdeo Anlisis<\/title>\n<meta name=\"description\" content=\"Compra Ds-7232hghi-m2 Dvr 2 Megapixeles 32 Canales 32 Canales Turbohd 2 Canales Ip \/ 2 Bahas De Disco Duro \/ 32 Canales De Audio Por Coaxitron \/ Vdeo Anlisis + Env\u00edo a domicilio + Pago seguro + Garant\u00eda\" \/>\n<meta name=\"robots\" content=\"index, follow, max-snippet:-1, max-image-preview:large, max-video-preview:-1\" \/>\n<link rel=\"canonical\" href=\"https:\/\/compuviper.mx\/tienda\/producto\/hikvision-ds-7232hghi-m2-dvr-2-megapixeles-32-canales-32-canales-turbohd-2-canales-ip-2-bahas-de-disco-duro-32-canales-de-audio-por-coaxitron-vdeo-anlisis\/\" \/>\n<meta property=\"og:locale\" content=\"es_MX\" \/>\n<meta property=\"og:type\" content=\"article\" \/>\n<meta property=\"og:title\" content=\"[ Hikvision ] &#129351; Ds-7232hghi-m2 Dvr 2 Megapixeles 32 Canales 32 Canales Turbohd 2 Canales Ip \/ 2 Bahas De Disco Duro \/ 32 Canales De Audio Por Coaxitron \/ Vdeo Anlisis\" \/>\n<meta property=\"og:description\" content=\"Compra Ds-7232hghi-m2 Dvr 2 Megapixeles 32 Canales 32 Canales Turbohd 2 Canales Ip \/ 2 Bahas De Disco Duro \/ 32 Canales De Audio Por Coaxitron \/ Vdeo Anlisis + Env\u00edo a domicilio + Pago seguro + Garant\u00eda\" \/>\n<meta property=\"og:url\" content=\"https:\/\/compuviper.mx\/tienda\/producto\/hikvision-ds-7232hghi-m2-dvr-2-megapixeles-32-canales-32-canales-turbohd-2-canales-ip-2-bahas-de-disco-duro-32-canales-de-audio-por-coaxitron-vdeo-anlisis\/\" \/>\n<meta property=\"og:site_name\" content=\"Compuviper\" \/>\n<meta property=\"article:publisher\" content=\"https:\/\/www.facebook.com\/compuviper\" \/>\n<meta property=\"article:modified_time\" content=\"2026-04-02T06:22:24+00:00\" \/>\n<meta property=\"og:image\" content=\"https:\/\/compuviper.mx\/tienda\/wp-content\/uploads\/2023\/12\/Dvr-2-megapixeles-32-canales-hikvision-ds-7232hghi-m2-32-canales-turbohd-2-canales-ip-2-bahas-de-disco-duro-32-canales-de-audio-por-coaxitron-vdeo-anlisis.jpg\" \/>\n\t<meta property=\"og:image:width\" content=\"200\" \/>\n\t<meta property=\"og:image:height\" content=\"200\" \/>\n\t<meta property=\"og:image:type\" content=\"image\/jpeg\" \/>\n<meta name=\"twitter:card\" content=\"summary_large_image\" \/>\n<meta name=\"twitter:label1\" content=\"Precio\" \/>\n\t<meta name=\"twitter:data1\" content=\"&#36;4,384 con IVA\" \/>\n\t<meta name=\"twitter:label2\" content=\"Availability\" \/>\n\t<meta name=\"twitter:data2\" content=\"On backorder\" \/>\n<script type=\"application\/ld+json\" class=\"yoast-schema-graph\">{\"@context\":\"https:\/\/schema.org\",\"@graph\":[{\"@type\":\"WebPage\",\"@id\":\"https:\/\/compuviper.mx\/tienda\/producto\/hikvision-ds-7232hghi-m2-dvr-2-megapixeles-32-canales-32-canales-turbohd-2-canales-ip-2-bahas-de-disco-duro-32-canales-de-audio-por-coaxitron-vdeo-anlisis\/\",\"url\":\"https:\/\/compuviper.mx\/tienda\/producto\/hikvision-ds-7232hghi-m2-dvr-2-megapixeles-32-canales-32-canales-turbohd-2-canales-ip-2-bahas-de-disco-duro-32-canales-de-audio-por-coaxitron-vdeo-anlisis\/\",\"name\":\"[ Hikvision ] &#129351; Ds-7232hghi-m2 Dvr 2 Megapixeles 32 Canales 32 Canales Turbohd 2 Canales Ip \/ 2 Bahas De Disco Duro \/ 32 Canales De Audio Por Coaxitron \/ Vdeo Anlisis\",\"isPartOf\":{\"@id\":\"https:\/\/compuviper.mx\/tienda\/#website\"},\"datePublished\":\"2026-04-02T06:22:23+00:00\",\"dateModified\":\"2026-04-02T06:22:24+00:00\",\"description\":\"Compra Ds-7232hghi-m2 Dvr 2 Megapixeles 32 Canales 32 Canales Turbohd 2 Canales Ip \/ 2 Bahas De Disco Duro \/ 32 Canales De Audio Por Coaxitron \/ Vdeo Anlisis + Env\u00edo a domicilio + Pago seguro + Garant\u00eda\",\"breadcrumb\":{\"@id\":\"https:\/\/compuviper.mx\/tienda\/producto\/hikvision-ds-7232hghi-m2-dvr-2-megapixeles-32-canales-32-canales-turbohd-2-canales-ip-2-bahas-de-disco-duro-32-canales-de-audio-por-coaxitron-vdeo-anlisis\/#breadcrumb\"},\"inLanguage\":\"es-MX\",\"potentialAction\":[{\"@type\":\"ReadAction\",\"target\":[\"https:\/\/compuviper.mx\/tienda\/producto\/hikvision-ds-7232hghi-m2-dvr-2-megapixeles-32-canales-32-canales-turbohd-2-canales-ip-2-bahas-de-disco-duro-32-canales-de-audio-por-coaxitron-vdeo-anlisis\/\"]}]},{\"@type\":\"BreadcrumbList\",\"@id\":\"https:\/\/compuviper.mx\/tienda\/producto\/hikvision-ds-7232hghi-m2-dvr-2-megapixeles-32-canales-32-canales-turbohd-2-canales-ip-2-bahas-de-disco-duro-32-canales-de-audio-por-coaxitron-vdeo-anlisis\/#breadcrumb\",\"itemListElement\":[{\"@type\":\"ListItem\",\"position\":1,\"name\":\"Inicio\",\"item\":\"https:\/\/compuviper.mx\/tienda\/\"},{\"@type\":\"ListItem\",\"position\":2,\"name\":\"Productos\",\"item\":\"https:\/\/compuviper.mx\/tienda\/productos\/\"},{\"@type\":\"ListItem\",\"position\":3,\"name\":\"Videograbadores\",\"item\":\"https:\/\/compuviper.mx\/tienda\/categoria-producto\/videograbadores\/\"},{\"@type\":\"ListItem\",\"position\":4,\"name\":\"Dvr\",\"item\":\"https:\/\/compuviper.mx\/tienda\/categoria-producto\/videograbadores\/dvr\/\"},{\"@type\":\"ListItem\",\"position\":5,\"name\":\"Hikvision Ds-7232hghi-m2 Dvr 2 Megapixeles 32 Canales 32 Canales Turbohd 2 Canales Ip \/ 2 Bahas De Disco Duro \/ 32 Canales De Audio Por Coaxitron \/ Vdeo Anlisis\"}]},{\"@type\":\"WebSite\",\"@id\":\"https:\/\/compuviper.mx\/tienda\/#website\",\"url\":\"https:\/\/compuviper.mx\/tienda\/\",\"name\":\"Compuviper\",\"description\":\"Proveedor de Computadoras, Laptops, Servidores, Monitores, Puntos de Venta, Teclados,   Impresoras, T\u00f3ner, C\u00e1maras de Seguridad y m\u00e1s en tu tienda en l\u00ednea\",\"publisher\":{\"@id\":\"https:\/\/compuviper.mx\/tienda\/#organization\"},\"potentialAction\":[{\"@type\":\"SearchAction\",\"target\":{\"@type\":\"EntryPoint\",\"urlTemplate\":\"https:\/\/compuviper.mx\/tienda\/?s={search_term_string}\"},\"query-input\":\"required name=search_term_string\"}],\"inLanguage\":\"es-MX\"},{\"@type\":\"Organization\",\"@id\":\"https:\/\/compuviper.mx\/tienda\/#organization\",\"name\":\"Compuviper\",\"url\":\"https:\/\/compuviper.mx\/tienda\/\",\"logo\":{\"@type\":\"ImageObject\",\"inLanguage\":\"es-MX\",\"@id\":\"https:\/\/compuviper.mx\/tienda\/#\/schema\/logo\/image\/\",\"url\":\"https:\/\/compuviper.mx\/tienda\/wp-content\/uploads\/2021\/08\/Logo-Compuviper-10.png\",\"contentUrl\":\"https:\/\/compuviper.mx\/tienda\/wp-content\/uploads\/2021\/08\/Logo-Compuviper-10.png\",\"width\":1000,\"height\":500,\"caption\":\"Compuviper\"},\"image\":{\"@id\":\"https:\/\/compuviper.mx\/tienda\/#\/schema\/logo\/image\/\"},\"sameAs\":[\"https:\/\/www.facebook.com\/compuviper\",\"https:\/\/www.youtube.com\/channel\/UCf73dERp9Y3cfOq7q8BhLjA?view_as=subscriber\"]}]}<\/script>\n<meta property=\"product:brand\" content=\"HIKVISION\" \/>\n<meta property=\"product:price:amount\" content=\"4384\" \/>\n<meta property=\"product:price:currency\" content=\"MXN\" \/>\n<meta property=\"og:availability\" content=\"backorder\" \/>\n<meta property=\"product:availability\" content=\"available for order\" \/>\n<meta property=\"product:retailer_item_id\" content=\"DS-7232HGHI-M2\" \/>\n<meta property=\"product:condition\" content=\"new\" \/>\n<!-- \/ Yoast SEO plugin. -->","yoast_head_json":{"title":"[ Hikvision ] &#129351; Ds-7232hghi-m2 Dvr 2 Megapixeles 32 Canales 32 Canales Turbohd 2 Canales Ip \/ 2 Bahas De Disco Duro \/ 32 Canales De Audio Por Coaxitron \/ Vdeo Anlisis","description":"Compra Ds-7232hghi-m2 Dvr 2 Megapixeles 32 Canales 32 Canales Turbohd 2 Canales Ip \/ 2 Bahas De Disco Duro \/ 32 Canales De Audio Por Coaxitron \/ Vdeo Anlisis + Env\u00edo a domicilio + Pago seguro + Garant\u00eda","robots":{"index":"index","follow":"follow","max-snippet":"max-snippet:-1","max-image-preview":"max-image-preview:large","max-video-preview":"max-video-preview:-1"},"canonical":"https:\/\/compuviper.mx\/tienda\/producto\/hikvision-ds-7232hghi-m2-dvr-2-megapixeles-32-canales-32-canales-turbohd-2-canales-ip-2-bahas-de-disco-duro-32-canales-de-audio-por-coaxitron-vdeo-anlisis\/","og_locale":"es_MX","og_type":"article","og_title":"[ Hikvision ] &#129351; Ds-7232hghi-m2 Dvr 2 Megapixeles 32 Canales 32 Canales Turbohd 2 Canales Ip \/ 2 Bahas De Disco Duro \/ 32 Canales De Audio Por Coaxitron \/ Vdeo Anlisis","og_description":"Compra Ds-7232hghi-m2 Dvr 2 Megapixeles 32 Canales 32 Canales Turbohd 2 Canales Ip \/ 2 Bahas De Disco Duro \/ 32 Canales De Audio Por Coaxitron \/ Vdeo Anlisis + Env\u00edo a domicilio + Pago seguro + Garant\u00eda","og_url":"https:\/\/compuviper.mx\/tienda\/producto\/hikvision-ds-7232hghi-m2-dvr-2-megapixeles-32-canales-32-canales-turbohd-2-canales-ip-2-bahas-de-disco-duro-32-canales-de-audio-por-coaxitron-vdeo-anlisis\/","og_site_name":"Compuviper","article_publisher":"https:\/\/www.facebook.com\/compuviper","article_modified_time":"2026-04-02T06:22:24+00:00","og_image":[{"width":200,"height":200,"url":"https:\/\/compuviper.mx\/tienda\/wp-content\/uploads\/2023\/12\/Dvr-2-megapixeles-32-canales-hikvision-ds-7232hghi-m2-32-canales-turbohd-2-canales-ip-2-bahas-de-disco-duro-32-canales-de-audio-por-coaxitron-vdeo-anlisis.jpg","type":"image\/jpeg"}],"twitter_card":"summary_large_image","twitter_misc":{"Precio":"&#36;4,384 con IVA","Availability":"On backorder"},"schema":{"@context":"https:\/\/schema.org","@graph":[{"@type":"WebPage","@id":"https:\/\/compuviper.mx\/tienda\/producto\/hikvision-ds-7232hghi-m2-dvr-2-megapixeles-32-canales-32-canales-turbohd-2-canales-ip-2-bahas-de-disco-duro-32-canales-de-audio-por-coaxitron-vdeo-anlisis\/","url":"https:\/\/compuviper.mx\/tienda\/producto\/hikvision-ds-7232hghi-m2-dvr-2-megapixeles-32-canales-32-canales-turbohd-2-canales-ip-2-bahas-de-disco-duro-32-canales-de-audio-por-coaxitron-vdeo-anlisis\/","name":"[ Hikvision ] &#129351; Ds-7232hghi-m2 Dvr 2 Megapixeles 32 Canales 32 Canales Turbohd 2 Canales Ip \/ 2 Bahas De Disco Duro \/ 32 Canales De Audio Por Coaxitron \/ Vdeo Anlisis","isPartOf":{"@id":"https:\/\/compuviper.mx\/tienda\/#website"},"datePublished":"2026-04-02T06:22:23+00:00","dateModified":"2026-04-02T06:22:24+00:00","description":"Compra Ds-7232hghi-m2 Dvr 2 Megapixeles 32 Canales 32 Canales Turbohd 2 Canales Ip \/ 2 Bahas De Disco Duro \/ 32 Canales De Audio Por Coaxitron \/ Vdeo Anlisis + Env\u00edo a domicilio + Pago seguro + Garant\u00eda","breadcrumb":{"@id":"https:\/\/compuviper.mx\/tienda\/producto\/hikvision-ds-7232hghi-m2-dvr-2-megapixeles-32-canales-32-canales-turbohd-2-canales-ip-2-bahas-de-disco-duro-32-canales-de-audio-por-coaxitron-vdeo-anlisis\/#breadcrumb"},"inLanguage":"es-MX","potentialAction":[{"@type":"ReadAction","target":["https:\/\/compuviper.mx\/tienda\/producto\/hikvision-ds-7232hghi-m2-dvr-2-megapixeles-32-canales-32-canales-turbohd-2-canales-ip-2-bahas-de-disco-duro-32-canales-de-audio-por-coaxitron-vdeo-anlisis\/"]}]},{"@type":"BreadcrumbList","@id":"https:\/\/compuviper.mx\/tienda\/producto\/hikvision-ds-7232hghi-m2-dvr-2-megapixeles-32-canales-32-canales-turbohd-2-canales-ip-2-bahas-de-disco-duro-32-canales-de-audio-por-coaxitron-vdeo-anlisis\/#breadcrumb","itemListElement":[{"@type":"ListItem","position":1,"name":"Inicio","item":"https:\/\/compuviper.mx\/tienda\/"},{"@type":"ListItem","position":2,"name":"Productos","item":"https:\/\/compuviper.mx\/tienda\/productos\/"},{"@type":"ListItem","position":3,"name":"Videograbadores","item":"https:\/\/compuviper.mx\/tienda\/categoria-producto\/videograbadores\/"},{"@type":"ListItem","position":4,"name":"Dvr","item":"https:\/\/compuviper.mx\/tienda\/categoria-producto\/videograbadores\/dvr\/"},{"@type":"ListItem","position":5,"name":"Hikvision Ds-7232hghi-m2 Dvr 2 Megapixeles 32 Canales 32 Canales Turbohd 2 Canales Ip \/ 2 Bahas De Disco Duro \/ 32 Canales De Audio Por Coaxitron \/ Vdeo Anlisis"}]},{"@type":"WebSite","@id":"https:\/\/compuviper.mx\/tienda\/#website","url":"https:\/\/compuviper.mx\/tienda\/","name":"Compuviper","description":"Proveedor de Computadoras, Laptops, Servidores, Monitores, Puntos de Venta, Teclados,   Impresoras, T\u00f3ner, C\u00e1maras de Seguridad y m\u00e1s en tu tienda en l\u00ednea","publisher":{"@id":"https:\/\/compuviper.mx\/tienda\/#organization"},"potentialAction":[{"@type":"SearchAction","target":{"@type":"EntryPoint","urlTemplate":"https:\/\/compuviper.mx\/tienda\/?s={search_term_string}"},"query-input":"required name=search_term_string"}],"inLanguage":"es-MX"},{"@type":"Organization","@id":"https:\/\/compuviper.mx\/tienda\/#organization","name":"Compuviper","url":"https:\/\/compuviper.mx\/tienda\/","logo":{"@type":"ImageObject","inLanguage":"es-MX","@id":"https:\/\/compuviper.mx\/tienda\/#\/schema\/logo\/image\/","url":"https:\/\/compuviper.mx\/tienda\/wp-content\/uploads\/2021\/08\/Logo-Compuviper-10.png","contentUrl":"https:\/\/compuviper.mx\/tienda\/wp-content\/uploads\/2021\/08\/Logo-Compuviper-10.png","width":1000,"height":500,"caption":"Compuviper"},"image":{"@id":"https:\/\/compuviper.mx\/tienda\/#\/schema\/logo\/image\/"},"sameAs":["https:\/\/www.facebook.com\/compuviper","https:\/\/www.youtube.com\/channel\/UCf73dERp9Y3cfOq7q8BhLjA?view_as=subscriber"]}]},"product_brand":"HIKVISION","product_price_amount":"4384","product_price_currency":"MXN","og_availability":"backorder","product_availability":"available for order","product_retailer_item_id":"DS-7232HGHI-M2","product_condition":"new"},"_links":{"self":[{"href":"https:\/\/compuviper.mx\/tienda\/wp-json\/wp\/v2\/product\/217127"}],"collection":[{"href":"https:\/\/compuviper.mx\/tienda\/wp-json\/wp\/v2\/product"}],"about":[{"href":"https:\/\/compuviper.mx\/tienda\/wp-json\/wp\/v2\/types\/product"}],"replies":[{"embeddable":true,"href":"https:\/\/compuviper.mx\/tienda\/wp-json\/wp\/v2\/comments?post=217127"}],"wp:featuredmedia":[{"embeddable":true,"href":"https:\/\/compuviper.mx\/tienda\/wp-json\/wp\/v2\/media\/217128"}],"wp:attachment":[{"href":"https:\/\/compuviper.mx\/tienda\/wp-json\/wp\/v2\/media?parent=217127"}],"wp:term":[{"taxonomy":"product_cat","embeddable":true,"href":"https:\/\/compuviper.mx\/tienda\/wp-json\/wp\/v2\/product_cat?post=217127"},{"taxonomy":"product_tag","embeddable":true,"href":"https:\/\/compuviper.mx\/tienda\/wp-json\/wp\/v2\/product_tag?post=217127"}],"curies":[{"name":"wp","href":"https:\/\/api.w.org\/{rel}","templated":true}]}}