{"id":217107,"date":"2026-04-22T00:18:38","date_gmt":"2026-04-22T06:18:38","guid":{"rendered":"https:\/\/compuviper.mx\/tienda\/producto\/dahua-dh-kit-xvr5104hs-4kl-i3-4-hfw1500cmn-a-0280b-s2-kit-de-4-canales-de-5-mp-con-audio-dvr-wizsense-con-reconocimiento-de-rostros-h-265-4-camaras-metalicas-4-ch-1-ip-o-hasta-5-ch-ip-4-ch-smd-pl\/"},"modified":"2026-04-22T00:18:38","modified_gmt":"2026-04-22T06:18:38","slug":"dahua-dh-kit-xvr5104hs-4kl-i3-4-hfw1500cmn-a-0280b-s2-kit-de-4-canales-de-5-mp-con-audio-dvr-wizsense-con-reconocimiento-de-rostros-h-265-4-camaras-metalicas-4-ch-1-ip-o-hasta-5-ch-ip-4-ch-smd-pl","status":"publish","type":"product","link":"https:\/\/compuviper.mx\/tienda\/producto\/dahua-dh-kit-xvr5104hs-4kl-i3-4-hfw1500cmn-a-0280b-s2-kit-de-4-canales-de-5-mp-con-audio-dvr-wizsense-con-reconocimiento-de-rostros-h-265-4-camaras-metalicas-4-ch-1-ip-o-hasta-5-ch-ip-4-ch-smd-pl\/","title":{"rendered":"Dahua Dh-kit\/xvr5104hs-4kl-i3\/4-hfw1500cmn-a-0280b-s2 Kit De 4 Canales De 5 Mp Con Audio\/ Dvr Wizsense Con Reconocimiento De Rostros\/ H.265\/ 4 Camaras Metalicas\/ 4 Ch 1 Ip O Hasta 5 Ch Ip\/ 4 Ch Smd Plus\/ Busqueda De Humanos Y Vehiculos\/ Accesorios In"},"content":{"rendered":"<table class=\"descripcion\">\n<tr>\n<td>Principales caracter\u00edsticas<\/td>\n<\/tr>\n<tr>\n<td>Principales caracter\u00edsticas del dvr.<\/td>\n<\/tr>\n<tr>\n<td>Compresi\u00f3n de video de doble flujo h.265 + \/ h.265.<\/td>\n<\/tr>\n<tr>\n<td>Admite codificaci\u00f3n ai de canal completo.<\/td>\n<\/tr>\n<tr>\n<td>Admite entradas de video hdcvi \/ ahd \/ tvi \/ cvbs \/ ip.<\/td>\n<\/tr>\n<tr>\n<td>Soporta hasta 5mp en c\u00e1maras hdcvi.<\/td>\n<\/tr>\n<tr>\n<td>Se pueden agregar hasta 4 c\u00e1maras ip ( 8mp m\u00e1ximo ).<\/td>\n<\/tr>\n<tr>\n<td>Larga distancia de transmisi\u00f3n por cable coaxial.<\/td>\n<\/tr>\n<tr>\n<td>Soporta hasta 4 canales smd plus.<\/td>\n<\/tr>\n<tr>\n<td>Codificaci\u00f3n inteligente.<\/td>\n<\/tr>\n<tr>\n<td>Interfaz monitor 1 hdmi, 1 vga.<\/td>\n<\/tr>\n<tr>\n<td>Interfaz red 1 puerto rj-45 (100 mb).<\/td>\n<\/tr>\n<tr>\n<td>Max. acceso de usuario 128.<\/td>\n<\/tr>\n<tr>\n<td>1 puerto sata, hasta 10 tb de capacidad.<\/td>\n<\/tr>\n<tr>\n<td>Peso neto sin disco duro 0.53 kg.<\/td>\n<\/tr>\n<tr>\n<td>Dimensiones 260 mm \u00d7 237.9 mm \u00d7 47.6 mm.<\/td>\n<\/tr>\n<tr>\n<td>Principales caracter\u00edsticas de la c\u00e1mara:<\/td>\n<\/tr>\n<tr>\n<td> m\u00e1ximo 25 fps a 5mp (salida de video 16: 9)<\/td>\n<\/tr>\n<tr>\n<td>Lente fijo de 2.8 mm<\/td>\n<\/tr>\n<tr>\n<td>Formatos compatibles cvi \/ tvi \/ ahd \/ cvbs<\/td>\n<\/tr>\n<tr>\n<td>30 metros de distancia de ir leds.<\/td>\n<\/tr>\n<tr>\n<td>Sensor de im\u00e1gen 1\/2.7 cmos.<\/td>\n<\/tr>\n<tr>\n<td>Men\u00fa osd multilenguaje.<\/td>\n<\/tr>\n<tr>\n<td>Blc \/ hlc \/ dwdr.<\/td>\n<\/tr>\n<tr>\n<td>Micr\u00f3fono integrado.<\/td>\n<\/tr>\n<tr>\n<td>Reducci\u00f3n de ruido 2d nr<\/td>\n<\/tr>\n<tr>\n<td>Fuente de alimentaci\u00f3n 12v dc \u00b130%.<\/td>\n<\/tr>\n<tr>\n<td>Consumo de energ\u00eda m\u00e1x 3.7w (12v dc, ir encendido).<\/td>\n<\/tr>\n<tr>\n<td>Condiciones de operaci\u00f3n -40 \u00b0 c ~ + 60 \u00b0 c.<\/td>\n<\/tr>\n<tr>\n<td>Indice de protecci\u00f3n ip67.<\/td>\n<\/tr>\n<tr>\n<td>Met\u00e1lica.<\/td>\n<\/tr>\n<tr>\n<td>Dimensiones 166.6mm\u00d769.7mm\u00d770.0mm.<\/td>\n<\/tr>\n<tr>\n<td>Peso neto 0.33kg.<\/td>\n<\/tr>\n<\/table>\n","protected":false},"excerpt":{"rendered":"<p>Informaci\u00f3n general del dvr. Este kit de vigilancia est\u00e1 conformado por el grabador xvr5104hs-4kl-i3, pertenece a la serie wizsense i3 con inteligencia artificial, puede reducir las tasas de falsas alarmas y los costos de vigilancia humana, con alarma precisa para personas y\/o veh\u00edculos. Este grabador soporta 4 canales hdcvi 5mp m\u00e1s 4 canales ip ( 8mp m\u00e1ximo ) y una codificaci\u00f3n inteligente en sus 4 canales. Compresi\u00f3n h.265. Smart h.265 + es la implementaci\u00f3n optimizada del c\u00f3dec h.265 que utiliza una estrategia de codificaci\u00f3n adaptada a la escena, gop din\u00e1mico, roi din\u00e1mico,flexible estructura de referencia multi-trama y reducci\u00f3n inteligente de ruido para ofrecer video de alta calidad sin forzar la red. La tecnolog\u00eda smart h.265 + reduce la velocidad de bits y los requisitos de almacenamiento hasta en un 70% en comparaci\u00f3n con la compresi\u00f3n est\u00e1ndar de video h.265. Tabla de compatibilidad hdd. Tabla de compatibilidad hdd. El almacenamiento es parte fundamental de un sistema de videovigilancia por tal motivo te recomendamos revisar nuestra lista de compatibilidad antes de seleccionar un disco duro (hdd). Https:\/\/foro.Tvc.Mx\/docs\/lista-compatibilidad-hdd. Informaci\u00f3n general de las c\u00e1maras. Las c\u00e1maras incluidas en este kit son el modelo hfw1500cm-a, es una c\u00e1mara met\u00e1lica con tecnolog\u00eda hdcvi de 5mp con audio integrado, tiene un ir inteligente con alcance de 30 mts. Ir inteligente. La c\u00e1mara est\u00e1 dise\u00f1ada con iluminaci\u00f3n led ir para un mejor rendimiento con poca luz. Smart ir es una tecnolog\u00eda que garantiza la uniformida<\/p>\n","protected":false},"featured_media":217108,"comment_status":"open","ping_status":"open","template":"","meta":[],"product_cat":[1689,1690],"product_tag":[1555],"acf":[],"yoast_head":"<!-- This site is optimized with the Yoast SEO plugin v21.7 - https:\/\/yoast.com\/wordpress\/plugins\/seo\/ -->\n<title>[ Dahua ] &#129351; Dh-kit\/xvr5104hs-4kl-i3\/4-hfw1500cmn-a-0280b-s2 Kit De 4 Canales De 5 Mp Con Audio\/ Dvr Wizsense Con Reconocimiento De Rostros\/ H.265\/ 4 Camaras Metalicas\/ 4 Ch 1 Ip O Hasta 5 Ch Ip\/ 4 Ch Smd Plus\/ Busqueda De Humanos Y Vehiculos\/ Accesorios In<\/title>\n<meta name=\"description\" content=\"Compra Dh-kit\/xvr5104hs-4kl-i3\/4-hfw1500cmn-a-0280b-s2 Kit De 4 Canales De 5 Mp Con Audio\/ Dvr Wizsense Con Reconocimiento De Rostros\/ H.265\/ 4 Camaras Metalicas\/ 4 Ch 1 Ip O Hasta 5 Ch Ip\/ 4 Ch Smd Plus\/ Busqueda De Humanos Y Vehiculos\/ Accesorios In + Env\u00edo a domicilio + Pago seguro + Garant\u00eda\" \/>\n<meta name=\"robots\" content=\"index, follow, max-snippet:-1, max-image-preview:large, max-video-preview:-1\" \/>\n<link rel=\"canonical\" href=\"https:\/\/compuviper.mx\/tienda\/producto\/dahua-dh-kit-xvr5104hs-4kl-i3-4-hfw1500cmn-a-0280b-s2-kit-de-4-canales-de-5-mp-con-audio-dvr-wizsense-con-reconocimiento-de-rostros-h-265-4-camaras-metalicas-4-ch-1-ip-o-hasta-5-ch-ip-4-ch-smd-pl\/\" \/>\n<meta property=\"og:locale\" content=\"es_MX\" \/>\n<meta property=\"og:type\" content=\"article\" \/>\n<meta property=\"og:title\" content=\"[ Dahua ] &#129351; Dh-kit\/xvr5104hs-4kl-i3\/4-hfw1500cmn-a-0280b-s2 Kit De 4 Canales De 5 Mp Con Audio\/ Dvr Wizsense Con Reconocimiento De Rostros\/ H.265\/ 4 Camaras Metalicas\/ 4 Ch 1 Ip O Hasta 5 Ch Ip\/ 4 Ch Smd Plus\/ Busqueda De Humanos Y Vehiculos\/ Accesorios In\" \/>\n<meta property=\"og:description\" content=\"Compra Dh-kit\/xvr5104hs-4kl-i3\/4-hfw1500cmn-a-0280b-s2 Kit De 4 Canales De 5 Mp Con Audio\/ Dvr Wizsense Con Reconocimiento De Rostros\/ H.265\/ 4 Camaras Metalicas\/ 4 Ch 1 Ip O Hasta 5 Ch Ip\/ 4 Ch Smd Plus\/ Busqueda De Humanos Y Vehiculos\/ Accesorios In + Env\u00edo a domicilio + Pago seguro + Garant\u00eda\" \/>\n<meta property=\"og:url\" content=\"https:\/\/compuviper.mx\/tienda\/producto\/dahua-dh-kit-xvr5104hs-4kl-i3-4-hfw1500cmn-a-0280b-s2-kit-de-4-canales-de-5-mp-con-audio-dvr-wizsense-con-reconocimiento-de-rostros-h-265-4-camaras-metalicas-4-ch-1-ip-o-hasta-5-ch-ip-4-ch-smd-pl\/\" \/>\n<meta property=\"og:site_name\" content=\"Compuviper\" \/>\n<meta property=\"article:publisher\" content=\"https:\/\/www.facebook.com\/compuviper\" \/>\n<meta property=\"og:image\" content=\"https:\/\/compuviper.mx\/tienda\/wp-content\/uploads\/2023\/12\/Kit-de-4-canales-de-5-mp-con-audio-dvr-wizsense-con-reconocimiento-de-rostros-h.265-4-camaras-metalicas-4-ch-1-ip-o-hasta-5-ch-ip-4-ch-smd-plus-busqueda-de-humanos-y-vehiculos-accesorios-in.jpg\" \/>\n\t<meta property=\"og:image:width\" content=\"200\" \/>\n\t<meta property=\"og:image:height\" content=\"200\" \/>\n\t<meta property=\"og:image:type\" content=\"image\/jpeg\" \/>\n<meta name=\"twitter:card\" content=\"summary_large_image\" \/>\n<meta name=\"twitter:label1\" content=\"Precio\" \/>\n\t<meta name=\"twitter:data1\" content=\"&#36;3,331 &#36;3,295 con IVA\" \/>\n\t<meta name=\"twitter:label2\" content=\"Availability\" \/>\n\t<meta name=\"twitter:data2\" content=\"In stock\" \/>\n<script type=\"application\/ld+json\" class=\"yoast-schema-graph\">{\"@context\":\"https:\/\/schema.org\",\"@graph\":[{\"@type\":\"WebPage\",\"@id\":\"https:\/\/compuviper.mx\/tienda\/producto\/dahua-dh-kit-xvr5104hs-4kl-i3-4-hfw1500cmn-a-0280b-s2-kit-de-4-canales-de-5-mp-con-audio-dvr-wizsense-con-reconocimiento-de-rostros-h-265-4-camaras-metalicas-4-ch-1-ip-o-hasta-5-ch-ip-4-ch-smd-pl\/\",\"url\":\"https:\/\/compuviper.mx\/tienda\/producto\/dahua-dh-kit-xvr5104hs-4kl-i3-4-hfw1500cmn-a-0280b-s2-kit-de-4-canales-de-5-mp-con-audio-dvr-wizsense-con-reconocimiento-de-rostros-h-265-4-camaras-metalicas-4-ch-1-ip-o-hasta-5-ch-ip-4-ch-smd-pl\/\",\"name\":\"[ Dahua ] &#129351; Dh-kit\/xvr5104hs-4kl-i3\/4-hfw1500cmn-a-0280b-s2 Kit De 4 Canales De 5 Mp Con Audio\/ Dvr Wizsense Con Reconocimiento De Rostros\/ H.265\/ 4 Camaras Metalicas\/ 4 Ch 1 Ip O Hasta 5 Ch Ip\/ 4 Ch Smd Plus\/ Busqueda De Humanos Y Vehiculos\/ Accesorios In\",\"isPartOf\":{\"@id\":\"https:\/\/compuviper.mx\/tienda\/#website\"},\"datePublished\":\"2026-04-22T06:18:38+00:00\",\"dateModified\":\"2026-04-22T06:18:38+00:00\",\"description\":\"Compra Dh-kit\/xvr5104hs-4kl-i3\/4-hfw1500cmn-a-0280b-s2 Kit De 4 Canales De 5 Mp Con Audio\/ Dvr Wizsense Con Reconocimiento De Rostros\/ H.265\/ 4 Camaras Metalicas\/ 4 Ch 1 Ip O Hasta 5 Ch Ip\/ 4 Ch Smd Plus\/ Busqueda De Humanos Y Vehiculos\/ Accesorios In + Env\u00edo a domicilio + Pago seguro + Garant\u00eda\",\"breadcrumb\":{\"@id\":\"https:\/\/compuviper.mx\/tienda\/producto\/dahua-dh-kit-xvr5104hs-4kl-i3-4-hfw1500cmn-a-0280b-s2-kit-de-4-canales-de-5-mp-con-audio-dvr-wizsense-con-reconocimiento-de-rostros-h-265-4-camaras-metalicas-4-ch-1-ip-o-hasta-5-ch-ip-4-ch-smd-pl\/#breadcrumb\"},\"inLanguage\":\"es-MX\",\"potentialAction\":[{\"@type\":\"ReadAction\",\"target\":[\"https:\/\/compuviper.mx\/tienda\/producto\/dahua-dh-kit-xvr5104hs-4kl-i3-4-hfw1500cmn-a-0280b-s2-kit-de-4-canales-de-5-mp-con-audio-dvr-wizsense-con-reconocimiento-de-rostros-h-265-4-camaras-metalicas-4-ch-1-ip-o-hasta-5-ch-ip-4-ch-smd-pl\/\"]}]},{\"@type\":\"BreadcrumbList\",\"@id\":\"https:\/\/compuviper.mx\/tienda\/producto\/dahua-dh-kit-xvr5104hs-4kl-i3-4-hfw1500cmn-a-0280b-s2-kit-de-4-canales-de-5-mp-con-audio-dvr-wizsense-con-reconocimiento-de-rostros-h-265-4-camaras-metalicas-4-ch-1-ip-o-hasta-5-ch-ip-4-ch-smd-pl\/#breadcrumb\",\"itemListElement\":[{\"@type\":\"ListItem\",\"position\":1,\"name\":\"Inicio\",\"item\":\"https:\/\/compuviper.mx\/tienda\/\"},{\"@type\":\"ListItem\",\"position\":2,\"name\":\"Productos\",\"item\":\"https:\/\/compuviper.mx\/tienda\/productos\/\"},{\"@type\":\"ListItem\",\"position\":3,\"name\":\"Videograbadores\",\"item\":\"https:\/\/compuviper.mx\/tienda\/categoria-producto\/videograbadores\/\"},{\"@type\":\"ListItem\",\"position\":4,\"name\":\"Dvr\",\"item\":\"https:\/\/compuviper.mx\/tienda\/categoria-producto\/videograbadores\/dvr\/\"},{\"@type\":\"ListItem\",\"position\":5,\"name\":\"Dahua Dh-kit\/xvr5104hs-4kl-i3\/4-hfw1500cmn-a-0280b-s2 Kit De 4 Canales De 5 Mp Con Audio\/ Dvr Wizsense Con Reconocimiento De Rostros\/ H.265\/ 4 Camaras Metalicas\/ 4 Ch 1 Ip O Hasta 5 Ch Ip\/ 4 Ch Smd Plus\/ Busqueda De Humanos Y Vehiculos\/ Accesorios In\"}]},{\"@type\":\"WebSite\",\"@id\":\"https:\/\/compuviper.mx\/tienda\/#website\",\"url\":\"https:\/\/compuviper.mx\/tienda\/\",\"name\":\"Compuviper\",\"description\":\"Proveedor de Computadoras, Laptops, Servidores, Monitores, Puntos de Venta, Teclados,   Impresoras, T\u00f3ner, C\u00e1maras de Seguridad y m\u00e1s en tu tienda en l\u00ednea\",\"publisher\":{\"@id\":\"https:\/\/compuviper.mx\/tienda\/#organization\"},\"potentialAction\":[{\"@type\":\"SearchAction\",\"target\":{\"@type\":\"EntryPoint\",\"urlTemplate\":\"https:\/\/compuviper.mx\/tienda\/?s={search_term_string}\"},\"query-input\":\"required name=search_term_string\"}],\"inLanguage\":\"es-MX\"},{\"@type\":\"Organization\",\"@id\":\"https:\/\/compuviper.mx\/tienda\/#organization\",\"name\":\"Compuviper\",\"url\":\"https:\/\/compuviper.mx\/tienda\/\",\"logo\":{\"@type\":\"ImageObject\",\"inLanguage\":\"es-MX\",\"@id\":\"https:\/\/compuviper.mx\/tienda\/#\/schema\/logo\/image\/\",\"url\":\"https:\/\/compuviper.mx\/tienda\/wp-content\/uploads\/2021\/08\/Logo-Compuviper-10.png\",\"contentUrl\":\"https:\/\/compuviper.mx\/tienda\/wp-content\/uploads\/2021\/08\/Logo-Compuviper-10.png\",\"width\":1000,\"height\":500,\"caption\":\"Compuviper\"},\"image\":{\"@id\":\"https:\/\/compuviper.mx\/tienda\/#\/schema\/logo\/image\/\"},\"sameAs\":[\"https:\/\/www.facebook.com\/compuviper\",\"https:\/\/www.youtube.com\/channel\/UCf73dERp9Y3cfOq7q8BhLjA?view_as=subscriber\"]}]}<\/script>\n<meta property=\"product:brand\" content=\"DAHUA\" \/>\n<meta property=\"product:price:amount\" content=\"3295\" \/>\n<meta property=\"product:price:currency\" content=\"MXN\" \/>\n<meta property=\"og:availability\" content=\"instock\" \/>\n<meta property=\"product:availability\" content=\"instock\" \/>\n<meta property=\"product:retailer_item_id\" content=\"DH-KIT\/XVR5104HS-4KL-I3\/4-HFW1500CMN-A-0280B-S2\" \/>\n<meta property=\"product:condition\" content=\"new\" \/>\n<!-- \/ Yoast SEO plugin. -->","yoast_head_json":{"title":"[ Dahua ] &#129351; Dh-kit\/xvr5104hs-4kl-i3\/4-hfw1500cmn-a-0280b-s2 Kit De 4 Canales De 5 Mp Con Audio\/ Dvr Wizsense Con Reconocimiento De Rostros\/ H.265\/ 4 Camaras Metalicas\/ 4 Ch 1 Ip O Hasta 5 Ch Ip\/ 4 Ch Smd Plus\/ Busqueda De Humanos Y Vehiculos\/ Accesorios In","description":"Compra Dh-kit\/xvr5104hs-4kl-i3\/4-hfw1500cmn-a-0280b-s2 Kit De 4 Canales De 5 Mp Con Audio\/ Dvr Wizsense Con Reconocimiento De Rostros\/ H.265\/ 4 Camaras Metalicas\/ 4 Ch 1 Ip O Hasta 5 Ch Ip\/ 4 Ch Smd Plus\/ Busqueda De Humanos Y Vehiculos\/ Accesorios In + Env\u00edo a domicilio + Pago seguro + Garant\u00eda","robots":{"index":"index","follow":"follow","max-snippet":"max-snippet:-1","max-image-preview":"max-image-preview:large","max-video-preview":"max-video-preview:-1"},"canonical":"https:\/\/compuviper.mx\/tienda\/producto\/dahua-dh-kit-xvr5104hs-4kl-i3-4-hfw1500cmn-a-0280b-s2-kit-de-4-canales-de-5-mp-con-audio-dvr-wizsense-con-reconocimiento-de-rostros-h-265-4-camaras-metalicas-4-ch-1-ip-o-hasta-5-ch-ip-4-ch-smd-pl\/","og_locale":"es_MX","og_type":"article","og_title":"[ Dahua ] &#129351; Dh-kit\/xvr5104hs-4kl-i3\/4-hfw1500cmn-a-0280b-s2 Kit De 4 Canales De 5 Mp Con Audio\/ Dvr Wizsense Con Reconocimiento De Rostros\/ H.265\/ 4 Camaras Metalicas\/ 4 Ch 1 Ip O Hasta 5 Ch Ip\/ 4 Ch Smd Plus\/ Busqueda De Humanos Y Vehiculos\/ Accesorios In","og_description":"Compra Dh-kit\/xvr5104hs-4kl-i3\/4-hfw1500cmn-a-0280b-s2 Kit De 4 Canales De 5 Mp Con Audio\/ Dvr Wizsense Con Reconocimiento De Rostros\/ H.265\/ 4 Camaras Metalicas\/ 4 Ch 1 Ip O Hasta 5 Ch Ip\/ 4 Ch Smd Plus\/ Busqueda De Humanos Y Vehiculos\/ Accesorios In + Env\u00edo a domicilio + Pago seguro + Garant\u00eda","og_url":"https:\/\/compuviper.mx\/tienda\/producto\/dahua-dh-kit-xvr5104hs-4kl-i3-4-hfw1500cmn-a-0280b-s2-kit-de-4-canales-de-5-mp-con-audio-dvr-wizsense-con-reconocimiento-de-rostros-h-265-4-camaras-metalicas-4-ch-1-ip-o-hasta-5-ch-ip-4-ch-smd-pl\/","og_site_name":"Compuviper","article_publisher":"https:\/\/www.facebook.com\/compuviper","og_image":[{"width":200,"height":200,"url":"https:\/\/compuviper.mx\/tienda\/wp-content\/uploads\/2023\/12\/Kit-de-4-canales-de-5-mp-con-audio-dvr-wizsense-con-reconocimiento-de-rostros-h.265-4-camaras-metalicas-4-ch-1-ip-o-hasta-5-ch-ip-4-ch-smd-plus-busqueda-de-humanos-y-vehiculos-accesorios-in.jpg","type":"image\/jpeg"}],"twitter_card":"summary_large_image","twitter_misc":{"Precio":"&#36;3,331 &#36;3,295 con IVA","Availability":"In stock"},"schema":{"@context":"https:\/\/schema.org","@graph":[{"@type":"WebPage","@id":"https:\/\/compuviper.mx\/tienda\/producto\/dahua-dh-kit-xvr5104hs-4kl-i3-4-hfw1500cmn-a-0280b-s2-kit-de-4-canales-de-5-mp-con-audio-dvr-wizsense-con-reconocimiento-de-rostros-h-265-4-camaras-metalicas-4-ch-1-ip-o-hasta-5-ch-ip-4-ch-smd-pl\/","url":"https:\/\/compuviper.mx\/tienda\/producto\/dahua-dh-kit-xvr5104hs-4kl-i3-4-hfw1500cmn-a-0280b-s2-kit-de-4-canales-de-5-mp-con-audio-dvr-wizsense-con-reconocimiento-de-rostros-h-265-4-camaras-metalicas-4-ch-1-ip-o-hasta-5-ch-ip-4-ch-smd-pl\/","name":"[ Dahua ] &#129351; Dh-kit\/xvr5104hs-4kl-i3\/4-hfw1500cmn-a-0280b-s2 Kit De 4 Canales De 5 Mp Con Audio\/ Dvr Wizsense Con Reconocimiento De Rostros\/ H.265\/ 4 Camaras Metalicas\/ 4 Ch 1 Ip O Hasta 5 Ch Ip\/ 4 Ch Smd Plus\/ Busqueda De Humanos Y Vehiculos\/ Accesorios In","isPartOf":{"@id":"https:\/\/compuviper.mx\/tienda\/#website"},"datePublished":"2026-04-22T06:18:38+00:00","dateModified":"2026-04-22T06:18:38+00:00","description":"Compra Dh-kit\/xvr5104hs-4kl-i3\/4-hfw1500cmn-a-0280b-s2 Kit De 4 Canales De 5 Mp Con Audio\/ Dvr Wizsense Con Reconocimiento De Rostros\/ H.265\/ 4 Camaras Metalicas\/ 4 Ch 1 Ip O Hasta 5 Ch Ip\/ 4 Ch Smd Plus\/ Busqueda De Humanos Y Vehiculos\/ Accesorios In + Env\u00edo a domicilio + Pago seguro + Garant\u00eda","breadcrumb":{"@id":"https:\/\/compuviper.mx\/tienda\/producto\/dahua-dh-kit-xvr5104hs-4kl-i3-4-hfw1500cmn-a-0280b-s2-kit-de-4-canales-de-5-mp-con-audio-dvr-wizsense-con-reconocimiento-de-rostros-h-265-4-camaras-metalicas-4-ch-1-ip-o-hasta-5-ch-ip-4-ch-smd-pl\/#breadcrumb"},"inLanguage":"es-MX","potentialAction":[{"@type":"ReadAction","target":["https:\/\/compuviper.mx\/tienda\/producto\/dahua-dh-kit-xvr5104hs-4kl-i3-4-hfw1500cmn-a-0280b-s2-kit-de-4-canales-de-5-mp-con-audio-dvr-wizsense-con-reconocimiento-de-rostros-h-265-4-camaras-metalicas-4-ch-1-ip-o-hasta-5-ch-ip-4-ch-smd-pl\/"]}]},{"@type":"BreadcrumbList","@id":"https:\/\/compuviper.mx\/tienda\/producto\/dahua-dh-kit-xvr5104hs-4kl-i3-4-hfw1500cmn-a-0280b-s2-kit-de-4-canales-de-5-mp-con-audio-dvr-wizsense-con-reconocimiento-de-rostros-h-265-4-camaras-metalicas-4-ch-1-ip-o-hasta-5-ch-ip-4-ch-smd-pl\/#breadcrumb","itemListElement":[{"@type":"ListItem","position":1,"name":"Inicio","item":"https:\/\/compuviper.mx\/tienda\/"},{"@type":"ListItem","position":2,"name":"Productos","item":"https:\/\/compuviper.mx\/tienda\/productos\/"},{"@type":"ListItem","position":3,"name":"Videograbadores","item":"https:\/\/compuviper.mx\/tienda\/categoria-producto\/videograbadores\/"},{"@type":"ListItem","position":4,"name":"Dvr","item":"https:\/\/compuviper.mx\/tienda\/categoria-producto\/videograbadores\/dvr\/"},{"@type":"ListItem","position":5,"name":"Dahua Dh-kit\/xvr5104hs-4kl-i3\/4-hfw1500cmn-a-0280b-s2 Kit De 4 Canales De 5 Mp Con Audio\/ Dvr Wizsense Con Reconocimiento De Rostros\/ H.265\/ 4 Camaras Metalicas\/ 4 Ch 1 Ip O Hasta 5 Ch Ip\/ 4 Ch Smd Plus\/ Busqueda De Humanos Y Vehiculos\/ Accesorios In"}]},{"@type":"WebSite","@id":"https:\/\/compuviper.mx\/tienda\/#website","url":"https:\/\/compuviper.mx\/tienda\/","name":"Compuviper","description":"Proveedor de Computadoras, Laptops, Servidores, Monitores, Puntos de Venta, Teclados,   Impresoras, T\u00f3ner, C\u00e1maras de Seguridad y m\u00e1s en tu tienda en l\u00ednea","publisher":{"@id":"https:\/\/compuviper.mx\/tienda\/#organization"},"potentialAction":[{"@type":"SearchAction","target":{"@type":"EntryPoint","urlTemplate":"https:\/\/compuviper.mx\/tienda\/?s={search_term_string}"},"query-input":"required name=search_term_string"}],"inLanguage":"es-MX"},{"@type":"Organization","@id":"https:\/\/compuviper.mx\/tienda\/#organization","name":"Compuviper","url":"https:\/\/compuviper.mx\/tienda\/","logo":{"@type":"ImageObject","inLanguage":"es-MX","@id":"https:\/\/compuviper.mx\/tienda\/#\/schema\/logo\/image\/","url":"https:\/\/compuviper.mx\/tienda\/wp-content\/uploads\/2021\/08\/Logo-Compuviper-10.png","contentUrl":"https:\/\/compuviper.mx\/tienda\/wp-content\/uploads\/2021\/08\/Logo-Compuviper-10.png","width":1000,"height":500,"caption":"Compuviper"},"image":{"@id":"https:\/\/compuviper.mx\/tienda\/#\/schema\/logo\/image\/"},"sameAs":["https:\/\/www.facebook.com\/compuviper","https:\/\/www.youtube.com\/channel\/UCf73dERp9Y3cfOq7q8BhLjA?view_as=subscriber"]}]},"product_brand":"DAHUA","product_price_amount":"3295","product_price_currency":"MXN","og_availability":"instock","product_availability":"instock","product_retailer_item_id":"DH-KIT\/XVR5104HS-4KL-I3\/4-HFW1500CMN-A-0280B-S2","product_condition":"new"},"_links":{"self":[{"href":"https:\/\/compuviper.mx\/tienda\/wp-json\/wp\/v2\/product\/217107"}],"collection":[{"href":"https:\/\/compuviper.mx\/tienda\/wp-json\/wp\/v2\/product"}],"about":[{"href":"https:\/\/compuviper.mx\/tienda\/wp-json\/wp\/v2\/types\/product"}],"replies":[{"embeddable":true,"href":"https:\/\/compuviper.mx\/tienda\/wp-json\/wp\/v2\/comments?post=217107"}],"wp:featuredmedia":[{"embeddable":true,"href":"https:\/\/compuviper.mx\/tienda\/wp-json\/wp\/v2\/media\/217108"}],"wp:attachment":[{"href":"https:\/\/compuviper.mx\/tienda\/wp-json\/wp\/v2\/media?parent=217107"}],"wp:term":[{"taxonomy":"product_cat","embeddable":true,"href":"https:\/\/compuviper.mx\/tienda\/wp-json\/wp\/v2\/product_cat?post=217107"},{"taxonomy":"product_tag","embeddable":true,"href":"https:\/\/compuviper.mx\/tienda\/wp-json\/wp\/v2\/product_tag?post=217107"}],"curies":[{"name":"wp","href":"https:\/\/api.w.org\/{rel}","templated":true}]}}