{"id":217099,"date":"2026-04-02T00:22:21","date_gmt":"2026-04-02T06:22:21","guid":{"rendered":"https:\/\/compuviper.mx\/tienda\/producto\/dahua-dh-xvr5232an-i3-dvr-de-32-canales-de-5-megapixeles-lite-wizsense-h-265-2-bahas-de-discos-duros-hasta-32-canales-ip-2-ch-de-reconocimiento-facial-smd-plus-codificacin-ia-onvif-funciones\/"},"modified":"2026-04-02T00:22:22","modified_gmt":"2026-04-02T06:22:22","slug":"dahua-dh-xvr5232an-i3-dvr-de-32-canales-de-5-megapixeles-lite-wizsense-h-265-2-bahas-de-discos-duros-hasta-32-canales-ip-2-ch-de-reconocimiento-facial-smd-plus-codificacin-ia-onvif-funciones","status":"publish","type":"product","link":"https:\/\/compuviper.mx\/tienda\/producto\/dahua-dh-xvr5232an-i3-dvr-de-32-canales-de-5-megapixeles-lite-wizsense-h-265-2-bahas-de-discos-duros-hasta-32-canales-ip-2-ch-de-reconocimiento-facial-smd-plus-codificacin-ia-onvif-funciones\/","title":{"rendered":"Dahua Dh-xvr5232an-i3 Dvr De 32 Canales De 5 Megapixeles Lite\/ Wizsense\/ H.265\/ 2 Bahas De Discos Duros\/ Hasta 32 Canales Ip\/ 2 Ch De Reconocimiento Facial\/ Smd Plus\/ Codificacin Ia\/ Onvif\/ Funciones Iotpos\/ Audio Bid"},"content":{"rendered":"<table class=\"descripcion\">\n<tr>\n<td>Principales caracter\u00edsticas<\/td>\n<\/tr>\n<tr>\n<td>Compresi\u00f3n de video de flujo dual h.265+\/h.265<\/td>\n<\/tr>\n<tr>\n<td>Admite codificaci\u00f3n ai de canal completo<\/td>\n<\/tr>\n<tr>\n<td>Admite entradas de video hdcvi\/ahd\/tvi\/cvbs\/ip<\/td>\n<\/tr>\n<tr>\n<td>Protecci\u00f3n perimetral<\/td>\n<\/tr>\n<tr>\n<td>Smd plus<\/td>\n<\/tr>\n<tr>\n<td>Reconocimiento de rostro humano<\/td>\n<\/tr>\n<tr>\n<td>Funcionalidades iot y pos<\/td>\n<\/tr>\n<tr>\n<td>Especificaciones<\/td>\n<\/tr>\n<tr>\n<td>Desempe\u00f1o perimetral ai por registrador (n\u00famero de canales): 2 canales, 10 ivs para cada canal<\/td>\n<\/tr>\n<tr>\n<td>Atributos de la cara: g\u00e9nero, grupos de edad, anteojos, expresiones, mascarilla, barba<\/td>\n<\/tr>\n<tr>\n<td>Detecci\u00f3n de rostro desempe\u00f1o de ai por registrador (n\u00famero de canales): 2 canales, y un solo canal puede detectar hasta 12 im\u00e1genes de rostros<\/td>\n<\/tr>\n<tr>\n<td>Hasta 10 bases de datos de rostros con 10.000 im\u00e1genes de rostros en total. se puede agregar nombre, g\u00e9nero, cumplea\u00f1os, direcci\u00f3n, tipo de certificado, n\u00famero de certificado, pa\u00edses y regiones y estado a cada imagen de rostro<\/td>\n<\/tr>\n<tr>\n<td>Smd plus por grabadora: 16 canales<\/td>\n<\/tr>\n<tr>\n<td>Entrada de c\u00e1mara anal\u00f3gica: bnc de 32 canales: acceso adaptativo por defecto; se puede configurar el acceso hdcvi, ahd, tvi y cvbs<\/td>\n<\/tr>\n<tr>\n<td>Codificaci\u00f3n de ia; h.265+; h.265; h.264+;h.264<\/td>\n<\/tr>\n<tr>\n<td>2 puertos sata, hasta 16 tb<\/td>\n<\/tr>\n<tr>\n<td>2 puertos usb (1 usb 2.0, 1 usb 3.0)<\/td>\n<\/tr>\n<tr>\n<td>1 hdmi<\/td>\n<\/tr>\n<tr>\n<td>1 vga<\/td>\n<\/tr>\n<tr>\n<td>Fuente de alimentaci\u00f3n 12 v cc, 5 a<\/td>\n<\/tr>\n<\/table>\n","protected":false},"excerpt":{"rendered":"<p>Esta serie ha sido desarrollada para reducir las tasas de falsas alarmas y el costo de la vigilancia humana, brindando as\u00ed un gran valor a los clientes que buscan productos con alarmas precisas para humanos\/veh\u00edculos para elevar el nivel de seguridad de varias instalaciones interiores y exteriores. *las inteligencias se pierden al colocar un canal ip. Reconocimiento facial. La tecnolog\u00eda dahua reconocimiento facial extrae las caracter\u00edsticas de las caras capturadas y las compara con las de la base de datos de caras para reconocer la identidad de la persona. Protecci\u00f3n perimetral. Filtra autom\u00e1ticamente las falsas alarmas causadas por animales, hojas susurrantes, luces brillantes, etc. Permite que el sistema act\u00fae como reconocimiento secundario de los objetivos. Mejora la precisi\u00f3n de la alarma. B\u00fasqueda de ia. Con la b\u00fasqueda de ia, los operadores pueden buscar videos por los atributos de los objetivos y los tipos de eventos, lo que les ayuda a investigar de manera r\u00e1pida y eficiente d\u00f3nde y cu\u00e1ndo aparecieron los objetivos y ocurrieron los eve. Smd plus. Con un algoritmo inteligente, la tecnolog\u00eda de detecci\u00f3n de movimiento inteligente de dahua puede categorizar los objetivos que activan la detecci\u00f3n de movimiento y filtrar la alarma de detecci\u00f3n de movimiento activada por objetivos no afectados para generar una alarma efectiva y precisa. Tabla de compatibilidad hdd. El almacenamiento es parte fundamental de un sistema de videovigilancia por tal motivo te recomendamos revisar nuestra lista de compatibilidad antes de seleccionar un disco duro (hdd).<\/p>\n","protected":false},"featured_media":217100,"comment_status":"open","ping_status":"open","template":"","meta":[],"product_cat":[1690,1689],"product_tag":[1555],"acf":[],"yoast_head":"<!-- This site is optimized with the Yoast SEO plugin v21.7 - https:\/\/yoast.com\/wordpress\/plugins\/seo\/ -->\n<title>[ Dahua ] &#129351; Dh-xvr5232an-i3 Dvr De 32 Canales De 5 Megapixeles Lite\/ Wizsense\/ H.265\/ 2 Bahas De Discos Duros\/ Hasta 32 Canales Ip\/ 2 Ch De Reconocimiento Facial\/ Smd Plus\/ Codificacin Ia\/ Onvif\/ Funciones Iotpos\/ Audio Bid<\/title>\n<meta name=\"description\" content=\"Compra Dh-xvr5232an-i3 Dvr De 32 Canales De 5 Megapixeles Lite\/ Wizsense\/ H.265\/ 2 Bahas De Discos Duros\/ Hasta 32 Canales Ip\/ 2 Ch De Reconocimiento Facial\/ Smd Plus\/ Codificacin Ia\/ Onvif\/ Funciones Iotpos\/ Audio Bid + Env\u00edo a domicilio + Pago seguro + Garant\u00eda\" \/>\n<meta name=\"robots\" content=\"index, follow, max-snippet:-1, max-image-preview:large, max-video-preview:-1\" \/>\n<link rel=\"canonical\" href=\"https:\/\/compuviper.mx\/tienda\/producto\/dahua-dh-xvr5232an-i3-dvr-de-32-canales-de-5-megapixeles-lite-wizsense-h-265-2-bahas-de-discos-duros-hasta-32-canales-ip-2-ch-de-reconocimiento-facial-smd-plus-codificacin-ia-onvif-funciones\/\" \/>\n<meta property=\"og:locale\" content=\"es_MX\" \/>\n<meta property=\"og:type\" content=\"article\" \/>\n<meta property=\"og:title\" content=\"[ Dahua ] &#129351; Dh-xvr5232an-i3 Dvr De 32 Canales De 5 Megapixeles Lite\/ Wizsense\/ H.265\/ 2 Bahas De Discos Duros\/ Hasta 32 Canales Ip\/ 2 Ch De Reconocimiento Facial\/ Smd Plus\/ Codificacin Ia\/ Onvif\/ Funciones Iotpos\/ Audio Bid\" \/>\n<meta property=\"og:description\" content=\"Compra Dh-xvr5232an-i3 Dvr De 32 Canales De 5 Megapixeles Lite\/ Wizsense\/ H.265\/ 2 Bahas De Discos Duros\/ Hasta 32 Canales Ip\/ 2 Ch De Reconocimiento Facial\/ Smd Plus\/ Codificacin Ia\/ Onvif\/ Funciones Iotpos\/ Audio Bid + Env\u00edo a domicilio + Pago seguro + Garant\u00eda\" \/>\n<meta property=\"og:url\" content=\"https:\/\/compuviper.mx\/tienda\/producto\/dahua-dh-xvr5232an-i3-dvr-de-32-canales-de-5-megapixeles-lite-wizsense-h-265-2-bahas-de-discos-duros-hasta-32-canales-ip-2-ch-de-reconocimiento-facial-smd-plus-codificacin-ia-onvif-funciones\/\" \/>\n<meta property=\"og:site_name\" content=\"Compuviper\" \/>\n<meta property=\"article:publisher\" content=\"https:\/\/www.facebook.com\/compuviper\" \/>\n<meta property=\"article:modified_time\" content=\"2026-04-02T06:22:22+00:00\" \/>\n<meta property=\"og:image\" content=\"https:\/\/compuviper.mx\/tienda\/wp-content\/uploads\/2023\/12\/Dvr-de-32-canales-de-5-megapixeles-lite-wizsense-h.265-2-bahas-de-discos-duros-hasta-32-canales-ip-2-ch-de-reconocimiento-facial-smd-plus-codificacin-ia-onvif-funciones-iotpos-audio-bid.jpg\" \/>\n\t<meta property=\"og:image:width\" content=\"200\" \/>\n\t<meta property=\"og:image:height\" content=\"200\" \/>\n\t<meta property=\"og:image:type\" content=\"image\/jpeg\" \/>\n<meta name=\"twitter:card\" content=\"summary_large_image\" \/>\n<meta name=\"twitter:label1\" content=\"Precio\" \/>\n\t<meta name=\"twitter:data1\" content=\"&#36;6,074 con IVA\" \/>\n\t<meta name=\"twitter:label2\" content=\"Availability\" \/>\n\t<meta name=\"twitter:data2\" content=\"Out of stock\" \/>\n<script type=\"application\/ld+json\" class=\"yoast-schema-graph\">{\"@context\":\"https:\/\/schema.org\",\"@graph\":[{\"@type\":\"WebPage\",\"@id\":\"https:\/\/compuviper.mx\/tienda\/producto\/dahua-dh-xvr5232an-i3-dvr-de-32-canales-de-5-megapixeles-lite-wizsense-h-265-2-bahas-de-discos-duros-hasta-32-canales-ip-2-ch-de-reconocimiento-facial-smd-plus-codificacin-ia-onvif-funciones\/\",\"url\":\"https:\/\/compuviper.mx\/tienda\/producto\/dahua-dh-xvr5232an-i3-dvr-de-32-canales-de-5-megapixeles-lite-wizsense-h-265-2-bahas-de-discos-duros-hasta-32-canales-ip-2-ch-de-reconocimiento-facial-smd-plus-codificacin-ia-onvif-funciones\/\",\"name\":\"[ Dahua ] &#129351; Dh-xvr5232an-i3 Dvr De 32 Canales De 5 Megapixeles Lite\/ Wizsense\/ H.265\/ 2 Bahas De Discos Duros\/ Hasta 32 Canales Ip\/ 2 Ch De Reconocimiento Facial\/ Smd Plus\/ Codificacin Ia\/ Onvif\/ Funciones Iotpos\/ Audio Bid\",\"isPartOf\":{\"@id\":\"https:\/\/compuviper.mx\/tienda\/#website\"},\"datePublished\":\"2026-04-02T06:22:21+00:00\",\"dateModified\":\"2026-04-02T06:22:22+00:00\",\"description\":\"Compra Dh-xvr5232an-i3 Dvr De 32 Canales De 5 Megapixeles Lite\/ Wizsense\/ H.265\/ 2 Bahas De Discos Duros\/ Hasta 32 Canales Ip\/ 2 Ch De Reconocimiento Facial\/ Smd Plus\/ Codificacin Ia\/ Onvif\/ Funciones Iotpos\/ Audio Bid + Env\u00edo a domicilio + Pago seguro + Garant\u00eda\",\"breadcrumb\":{\"@id\":\"https:\/\/compuviper.mx\/tienda\/producto\/dahua-dh-xvr5232an-i3-dvr-de-32-canales-de-5-megapixeles-lite-wizsense-h-265-2-bahas-de-discos-duros-hasta-32-canales-ip-2-ch-de-reconocimiento-facial-smd-plus-codificacin-ia-onvif-funciones\/#breadcrumb\"},\"inLanguage\":\"es-MX\",\"potentialAction\":[{\"@type\":\"ReadAction\",\"target\":[\"https:\/\/compuviper.mx\/tienda\/producto\/dahua-dh-xvr5232an-i3-dvr-de-32-canales-de-5-megapixeles-lite-wizsense-h-265-2-bahas-de-discos-duros-hasta-32-canales-ip-2-ch-de-reconocimiento-facial-smd-plus-codificacin-ia-onvif-funciones\/\"]}]},{\"@type\":\"BreadcrumbList\",\"@id\":\"https:\/\/compuviper.mx\/tienda\/producto\/dahua-dh-xvr5232an-i3-dvr-de-32-canales-de-5-megapixeles-lite-wizsense-h-265-2-bahas-de-discos-duros-hasta-32-canales-ip-2-ch-de-reconocimiento-facial-smd-plus-codificacin-ia-onvif-funciones\/#breadcrumb\",\"itemListElement\":[{\"@type\":\"ListItem\",\"position\":1,\"name\":\"Inicio\",\"item\":\"https:\/\/compuviper.mx\/tienda\/\"},{\"@type\":\"ListItem\",\"position\":2,\"name\":\"Productos\",\"item\":\"https:\/\/compuviper.mx\/tienda\/productos\/\"},{\"@type\":\"ListItem\",\"position\":3,\"name\":\"Videograbadores\",\"item\":\"https:\/\/compuviper.mx\/tienda\/categoria-producto\/videograbadores\/\"},{\"@type\":\"ListItem\",\"position\":4,\"name\":\"Dvr\",\"item\":\"https:\/\/compuviper.mx\/tienda\/categoria-producto\/videograbadores\/dvr\/\"},{\"@type\":\"ListItem\",\"position\":5,\"name\":\"Dahua Dh-xvr5232an-i3 Dvr De 32 Canales De 5 Megapixeles Lite\/ Wizsense\/ H.265\/ 2 Bahas De Discos Duros\/ Hasta 32 Canales Ip\/ 2 Ch De Reconocimiento Facial\/ Smd Plus\/ Codificacin Ia\/ Onvif\/ Funciones Iotpos\/ Audio Bid\"}]},{\"@type\":\"WebSite\",\"@id\":\"https:\/\/compuviper.mx\/tienda\/#website\",\"url\":\"https:\/\/compuviper.mx\/tienda\/\",\"name\":\"Compuviper\",\"description\":\"Proveedor de Computadoras, Laptops, Servidores, Monitores, Puntos de Venta, Teclados,   Impresoras, T\u00f3ner, C\u00e1maras de Seguridad y m\u00e1s en tu tienda en l\u00ednea\",\"publisher\":{\"@id\":\"https:\/\/compuviper.mx\/tienda\/#organization\"},\"potentialAction\":[{\"@type\":\"SearchAction\",\"target\":{\"@type\":\"EntryPoint\",\"urlTemplate\":\"https:\/\/compuviper.mx\/tienda\/?s={search_term_string}\"},\"query-input\":\"required name=search_term_string\"}],\"inLanguage\":\"es-MX\"},{\"@type\":\"Organization\",\"@id\":\"https:\/\/compuviper.mx\/tienda\/#organization\",\"name\":\"Compuviper\",\"url\":\"https:\/\/compuviper.mx\/tienda\/\",\"logo\":{\"@type\":\"ImageObject\",\"inLanguage\":\"es-MX\",\"@id\":\"https:\/\/compuviper.mx\/tienda\/#\/schema\/logo\/image\/\",\"url\":\"https:\/\/compuviper.mx\/tienda\/wp-content\/uploads\/2021\/08\/Logo-Compuviper-10.png\",\"contentUrl\":\"https:\/\/compuviper.mx\/tienda\/wp-content\/uploads\/2021\/08\/Logo-Compuviper-10.png\",\"width\":1000,\"height\":500,\"caption\":\"Compuviper\"},\"image\":{\"@id\":\"https:\/\/compuviper.mx\/tienda\/#\/schema\/logo\/image\/\"},\"sameAs\":[\"https:\/\/www.facebook.com\/compuviper\",\"https:\/\/www.youtube.com\/channel\/UCf73dERp9Y3cfOq7q8BhLjA?view_as=subscriber\"]}]}<\/script>\n<meta property=\"product:brand\" content=\"DAHUA\" \/>\n<meta property=\"product:price:amount\" content=\"6074\" \/>\n<meta property=\"product:price:currency\" content=\"MXN\" \/>\n<meta property=\"og:availability\" content=\"out of stock\" \/>\n<meta property=\"product:availability\" content=\"out of stock\" \/>\n<meta property=\"product:retailer_item_id\" content=\"DH-XVR5232AN-I3\" \/>\n<meta property=\"product:condition\" content=\"new\" \/>\n<!-- \/ Yoast SEO plugin. -->","yoast_head_json":{"title":"[ Dahua ] &#129351; Dh-xvr5232an-i3 Dvr De 32 Canales De 5 Megapixeles Lite\/ Wizsense\/ H.265\/ 2 Bahas De Discos Duros\/ Hasta 32 Canales Ip\/ 2 Ch De Reconocimiento Facial\/ Smd Plus\/ Codificacin Ia\/ Onvif\/ Funciones Iotpos\/ Audio Bid","description":"Compra Dh-xvr5232an-i3 Dvr De 32 Canales De 5 Megapixeles Lite\/ Wizsense\/ H.265\/ 2 Bahas De Discos Duros\/ Hasta 32 Canales Ip\/ 2 Ch De Reconocimiento Facial\/ Smd Plus\/ Codificacin Ia\/ Onvif\/ Funciones Iotpos\/ Audio Bid + Env\u00edo a domicilio + Pago seguro + Garant\u00eda","robots":{"index":"index","follow":"follow","max-snippet":"max-snippet:-1","max-image-preview":"max-image-preview:large","max-video-preview":"max-video-preview:-1"},"canonical":"https:\/\/compuviper.mx\/tienda\/producto\/dahua-dh-xvr5232an-i3-dvr-de-32-canales-de-5-megapixeles-lite-wizsense-h-265-2-bahas-de-discos-duros-hasta-32-canales-ip-2-ch-de-reconocimiento-facial-smd-plus-codificacin-ia-onvif-funciones\/","og_locale":"es_MX","og_type":"article","og_title":"[ Dahua ] &#129351; Dh-xvr5232an-i3 Dvr De 32 Canales De 5 Megapixeles Lite\/ Wizsense\/ H.265\/ 2 Bahas De Discos Duros\/ Hasta 32 Canales Ip\/ 2 Ch De Reconocimiento Facial\/ Smd Plus\/ Codificacin Ia\/ Onvif\/ Funciones Iotpos\/ Audio Bid","og_description":"Compra Dh-xvr5232an-i3 Dvr De 32 Canales De 5 Megapixeles Lite\/ Wizsense\/ H.265\/ 2 Bahas De Discos Duros\/ Hasta 32 Canales Ip\/ 2 Ch De Reconocimiento Facial\/ Smd Plus\/ Codificacin Ia\/ Onvif\/ Funciones Iotpos\/ Audio Bid + Env\u00edo a domicilio + Pago seguro + Garant\u00eda","og_url":"https:\/\/compuviper.mx\/tienda\/producto\/dahua-dh-xvr5232an-i3-dvr-de-32-canales-de-5-megapixeles-lite-wizsense-h-265-2-bahas-de-discos-duros-hasta-32-canales-ip-2-ch-de-reconocimiento-facial-smd-plus-codificacin-ia-onvif-funciones\/","og_site_name":"Compuviper","article_publisher":"https:\/\/www.facebook.com\/compuviper","article_modified_time":"2026-04-02T06:22:22+00:00","og_image":[{"width":200,"height":200,"url":"https:\/\/compuviper.mx\/tienda\/wp-content\/uploads\/2023\/12\/Dvr-de-32-canales-de-5-megapixeles-lite-wizsense-h.265-2-bahas-de-discos-duros-hasta-32-canales-ip-2-ch-de-reconocimiento-facial-smd-plus-codificacin-ia-onvif-funciones-iotpos-audio-bid.jpg","type":"image\/jpeg"}],"twitter_card":"summary_large_image","twitter_misc":{"Precio":"&#36;6,074 con IVA","Availability":"Out of stock"},"schema":{"@context":"https:\/\/schema.org","@graph":[{"@type":"WebPage","@id":"https:\/\/compuviper.mx\/tienda\/producto\/dahua-dh-xvr5232an-i3-dvr-de-32-canales-de-5-megapixeles-lite-wizsense-h-265-2-bahas-de-discos-duros-hasta-32-canales-ip-2-ch-de-reconocimiento-facial-smd-plus-codificacin-ia-onvif-funciones\/","url":"https:\/\/compuviper.mx\/tienda\/producto\/dahua-dh-xvr5232an-i3-dvr-de-32-canales-de-5-megapixeles-lite-wizsense-h-265-2-bahas-de-discos-duros-hasta-32-canales-ip-2-ch-de-reconocimiento-facial-smd-plus-codificacin-ia-onvif-funciones\/","name":"[ Dahua ] &#129351; Dh-xvr5232an-i3 Dvr De 32 Canales De 5 Megapixeles Lite\/ Wizsense\/ H.265\/ 2 Bahas De Discos Duros\/ Hasta 32 Canales Ip\/ 2 Ch De Reconocimiento Facial\/ Smd Plus\/ Codificacin Ia\/ Onvif\/ Funciones Iotpos\/ Audio Bid","isPartOf":{"@id":"https:\/\/compuviper.mx\/tienda\/#website"},"datePublished":"2026-04-02T06:22:21+00:00","dateModified":"2026-04-02T06:22:22+00:00","description":"Compra Dh-xvr5232an-i3 Dvr De 32 Canales De 5 Megapixeles Lite\/ Wizsense\/ H.265\/ 2 Bahas De Discos Duros\/ Hasta 32 Canales Ip\/ 2 Ch De Reconocimiento Facial\/ Smd Plus\/ Codificacin Ia\/ Onvif\/ Funciones Iotpos\/ Audio Bid + Env\u00edo a domicilio + Pago seguro + Garant\u00eda","breadcrumb":{"@id":"https:\/\/compuviper.mx\/tienda\/producto\/dahua-dh-xvr5232an-i3-dvr-de-32-canales-de-5-megapixeles-lite-wizsense-h-265-2-bahas-de-discos-duros-hasta-32-canales-ip-2-ch-de-reconocimiento-facial-smd-plus-codificacin-ia-onvif-funciones\/#breadcrumb"},"inLanguage":"es-MX","potentialAction":[{"@type":"ReadAction","target":["https:\/\/compuviper.mx\/tienda\/producto\/dahua-dh-xvr5232an-i3-dvr-de-32-canales-de-5-megapixeles-lite-wizsense-h-265-2-bahas-de-discos-duros-hasta-32-canales-ip-2-ch-de-reconocimiento-facial-smd-plus-codificacin-ia-onvif-funciones\/"]}]},{"@type":"BreadcrumbList","@id":"https:\/\/compuviper.mx\/tienda\/producto\/dahua-dh-xvr5232an-i3-dvr-de-32-canales-de-5-megapixeles-lite-wizsense-h-265-2-bahas-de-discos-duros-hasta-32-canales-ip-2-ch-de-reconocimiento-facial-smd-plus-codificacin-ia-onvif-funciones\/#breadcrumb","itemListElement":[{"@type":"ListItem","position":1,"name":"Inicio","item":"https:\/\/compuviper.mx\/tienda\/"},{"@type":"ListItem","position":2,"name":"Productos","item":"https:\/\/compuviper.mx\/tienda\/productos\/"},{"@type":"ListItem","position":3,"name":"Videograbadores","item":"https:\/\/compuviper.mx\/tienda\/categoria-producto\/videograbadores\/"},{"@type":"ListItem","position":4,"name":"Dvr","item":"https:\/\/compuviper.mx\/tienda\/categoria-producto\/videograbadores\/dvr\/"},{"@type":"ListItem","position":5,"name":"Dahua Dh-xvr5232an-i3 Dvr De 32 Canales De 5 Megapixeles Lite\/ Wizsense\/ H.265\/ 2 Bahas De Discos Duros\/ Hasta 32 Canales Ip\/ 2 Ch De Reconocimiento Facial\/ Smd Plus\/ Codificacin Ia\/ Onvif\/ Funciones Iotpos\/ Audio Bid"}]},{"@type":"WebSite","@id":"https:\/\/compuviper.mx\/tienda\/#website","url":"https:\/\/compuviper.mx\/tienda\/","name":"Compuviper","description":"Proveedor de Computadoras, Laptops, Servidores, Monitores, Puntos de Venta, Teclados,   Impresoras, T\u00f3ner, C\u00e1maras de Seguridad y m\u00e1s en tu tienda en l\u00ednea","publisher":{"@id":"https:\/\/compuviper.mx\/tienda\/#organization"},"potentialAction":[{"@type":"SearchAction","target":{"@type":"EntryPoint","urlTemplate":"https:\/\/compuviper.mx\/tienda\/?s={search_term_string}"},"query-input":"required name=search_term_string"}],"inLanguage":"es-MX"},{"@type":"Organization","@id":"https:\/\/compuviper.mx\/tienda\/#organization","name":"Compuviper","url":"https:\/\/compuviper.mx\/tienda\/","logo":{"@type":"ImageObject","inLanguage":"es-MX","@id":"https:\/\/compuviper.mx\/tienda\/#\/schema\/logo\/image\/","url":"https:\/\/compuviper.mx\/tienda\/wp-content\/uploads\/2021\/08\/Logo-Compuviper-10.png","contentUrl":"https:\/\/compuviper.mx\/tienda\/wp-content\/uploads\/2021\/08\/Logo-Compuviper-10.png","width":1000,"height":500,"caption":"Compuviper"},"image":{"@id":"https:\/\/compuviper.mx\/tienda\/#\/schema\/logo\/image\/"},"sameAs":["https:\/\/www.facebook.com\/compuviper","https:\/\/www.youtube.com\/channel\/UCf73dERp9Y3cfOq7q8BhLjA?view_as=subscriber"]}]},"product_brand":"DAHUA","product_price_amount":"6074","product_price_currency":"MXN","og_availability":"out of stock","product_availability":"out of stock","product_retailer_item_id":"DH-XVR5232AN-I3","product_condition":"new"},"_links":{"self":[{"href":"https:\/\/compuviper.mx\/tienda\/wp-json\/wp\/v2\/product\/217099"}],"collection":[{"href":"https:\/\/compuviper.mx\/tienda\/wp-json\/wp\/v2\/product"}],"about":[{"href":"https:\/\/compuviper.mx\/tienda\/wp-json\/wp\/v2\/types\/product"}],"replies":[{"embeddable":true,"href":"https:\/\/compuviper.mx\/tienda\/wp-json\/wp\/v2\/comments?post=217099"}],"wp:featuredmedia":[{"embeddable":true,"href":"https:\/\/compuviper.mx\/tienda\/wp-json\/wp\/v2\/media\/217100"}],"wp:attachment":[{"href":"https:\/\/compuviper.mx\/tienda\/wp-json\/wp\/v2\/media?parent=217099"}],"wp:term":[{"taxonomy":"product_cat","embeddable":true,"href":"https:\/\/compuviper.mx\/tienda\/wp-json\/wp\/v2\/product_cat?post=217099"},{"taxonomy":"product_tag","embeddable":true,"href":"https:\/\/compuviper.mx\/tienda\/wp-json\/wp\/v2\/product_tag?post=217099"}],"curies":[{"name":"wp","href":"https:\/\/api.w.org\/{rel}","templated":true}]}}