{"id":217071,"date":"2026-04-17T00:24:33","date_gmt":"2026-04-17T06:24:33","guid":{"rendered":"https:\/\/compuviper.mx\/tienda\/producto\/motorola-security-mtd041f0011-dvr-motorola-4-canales-2-canales-ipc-adicionales-5mp-full-hd-de-1080p-analiticos-h-265-h-264-mjpeg-sata-x1-pos-2-canales-cyberseguridad-gdrp\/"},"modified":"2026-04-17T00:24:34","modified_gmt":"2026-04-17T06:24:34","slug":"motorola-security-mtd041f0011-dvr-motorola-4-canales-2-canales-ipc-adicionales-5mp-full-hd-de-1080p-analiticos-h-265-h-264-mjpeg-sata-x1-pos-2-canales-cyberseguridad-gdrp","status":"publish","type":"product","link":"https:\/\/compuviper.mx\/tienda\/producto\/motorola-security-mtd041f0011-dvr-motorola-4-canales-2-canales-ipc-adicionales-5mp-full-hd-de-1080p-analiticos-h-265-h-264-mjpeg-sata-x1-pos-2-canales-cyberseguridad-gdrp\/","title":{"rendered":"Motorola Security Mtd041f0011 Dvr Motorola  \/ 4 Canales \/ 2 Canales Ipc Adicionales \/ 5mp Full Hd De 1080p \/ Analiticos \/ H.265 \/ H.264 \/ Mjpeg \/ Sata X1 \/ Pos 2 Canales \/ Cyberseguridad Gdrp"},"content":{"rendered":"<table class=\"descripcion\">\n<tr>\n<td>Tecnolog\u00eda<\/td>\n<\/tr>\n<tr>\n<td>Digital<\/td>\n<\/tr>\n<tr>\n<td>Canales<\/td>\n<\/tr>\n<tr>\n<td>4<\/td>\n<\/tr>\n<tr>\n<td>Resoluci\u00f3n anal\u00f3gica<\/td>\n<\/tr>\n<tr>\n<td>5mp<\/td>\n<\/tr>\n<tr>\n<td>Resoluci\u00f3n ip<\/td>\n<\/tr>\n<tr>\n<td>5mp<\/td>\n<\/tr>\n<tr>\n<td>Resoluciones de grabaci\u00f3n<\/td>\n<\/tr>\n<tr>\n<td>1080p<\/td>\n<\/tr>\n<tr>\n<td>Sata hdd<\/td>\n<\/tr>\n<tr>\n<td>1<\/td>\n<\/tr>\n<tr>\n<td>Almacenamiento externo e-sata<\/td>\n<\/tr>\n<tr>\n<td>0<\/td>\n<\/tr>\n<tr>\n<td>Formato de compresi\u00f3n<\/td>\n<\/tr>\n<tr>\n<td>H.265\/h.264\/mjpeg<\/td>\n<\/tr>\n<tr>\n<td>Entradas de audio<\/td>\n<\/tr>\n<tr>\n<td>Rca x 1<\/td>\n<\/tr>\n<tr>\n<td>2 pistas de audio<\/td>\n<\/tr>\n<tr>\n<td>Yes<\/td>\n<\/tr>\n<tr>\n<td>Puertos poe<\/td>\n<\/tr>\n<tr>\n<td>0<\/td>\n<\/tr>\n<tr>\n<td>Interfaces<\/td>\n<\/tr>\n<tr>\n<td>Rj45 10\/100 mbps x 1<\/td>\n<\/tr>\n<tr>\n<td>Rs485<\/td>\n<\/tr>\n<tr>\n<td>Yes<\/td>\n<\/tr>\n<tr>\n<td>Anal\u00edtica inteligente<\/td>\n<\/tr>\n<tr>\n<td>Yes<\/td>\n<\/tr>\n<tr>\n<td>Reconocimiento facial<\/td>\n<\/tr>\n<tr>\n<td>No soportado<\/td>\n<\/tr>\n<tr>\n<td>Soporte pos<\/td>\n<\/tr>\n<tr>\n<td>2 ch<\/td>\n<\/tr>\n<\/table>\n","protected":false},"excerpt":{"rendered":"<p>Protocolo onvif, 4 canales de entrada de video tvi \/ cvi \/ ahd.     4 canales de grabaci\u00f3n 1280\u00d71936 \/ 1080p \/ 1280\u00d71440 \/ 960\u00d71080 \/ 720p.     2 canales ipc (adicionales a los anal\u00f3gicos) a una resoluci\u00f3n de hasta 5mp.     Adopta el formato de compresi\u00f3n de alto perfil est\u00e1ndar h.265 \/ h.264.     Interfaz de estilo windows intuitiva y f\u00e1cil de usar.     Grabaci\u00f3n multimodo: manual, horario, temporizador, movimiento, sensor, anal\u00edtico.     Reproducci\u00f3n: 4 canales simult\u00e1neos.     Anal\u00edticas inteligente: detecci\u00f3n de cruce de l\u00ednea, detecci\u00f3n de intrusiones, excepci\u00f3n.     B\u00fasqueda: por tiempo, intervalo de tiempo, evento, etiqueta.     Pentaplex: revisi\u00f3n, grabaci\u00f3n, reproducci\u00f3n, copia de seguridad y acceso remoto.     Navegador ie y mvms compatibles.     Salida hdmi y vga 1080p, pantalla de alta resoluci\u00f3n real.     1 entrada de audio rca \/ 1 salida de audio rca.     Conexi\u00f3n rs485,sata x 1, hasta 6 tb por hdd.     Admite entradas pos en 2 canales,interfaces. Rj45 10\/100 mbps x 1,audio bidireccional- si. Calidad motorola segurity ( incluye software de gerencia y video vigilancia de hasta 256 ch sin costo . Mvms lite. Disponible de forma gratuita est\u00e1 la edici\u00f3n de software mvms lite 3.0. Software motorola de nivel b\u00e1sico para la gesti\u00f3n centralizada. Ideal para proyectos peque\u00f1os y medianos con hasta 256 canales, flexible, f\u00e1cil administraci\u00f3n y sin costo de licencia. Utiliza onvif para comunicarse con c\u00e1maras y grabadoras de terceros. Incluye anal\u00edticas avanzadas para c\u00e1maras ip motorola y m\u00f3dulos de soluciones como control de ocupaci\u00f3n, conteo de objetivos (personas, autom\u00f3viles, motocicletas) y reconocimiento facial.<\/p>\n","protected":false},"featured_media":217072,"comment_status":"open","ping_status":"open","template":"","meta":[],"product_cat":[1690,1689],"product_tag":[2106],"acf":[],"yoast_head":"<!-- This site is optimized with the Yoast SEO plugin v21.7 - https:\/\/yoast.com\/wordpress\/plugins\/seo\/ -->\n<title>[ Motorola Security ] &#129351; Mtd041f0011 Dvr Motorola \/ 4 Canales \/ 2 Canales Ipc Adicionales \/ 5mp Full Hd De 1080p \/ Analiticos \/ H.265 \/ H.264 \/ Mjpeg \/ Sata X1 \/ Pos 2 Canales \/ Cyberseguridad Gdrp<\/title>\n<meta name=\"description\" content=\"Compra Mtd041f0011 Dvr Motorola \/ 4 Canales \/ 2 Canales Ipc Adicionales \/ 5mp Full Hd De 1080p \/ Analiticos \/ H.265 \/ H.264 \/ Mjpeg \/ Sata X1 \/ Pos 2 Canales \/ Cyberseguridad Gdrp + Env\u00edo a domicilio + Pago seguro + Garant\u00eda\" \/>\n<meta name=\"robots\" content=\"index, follow, max-snippet:-1, max-image-preview:large, max-video-preview:-1\" \/>\n<link rel=\"canonical\" href=\"https:\/\/compuviper.mx\/tienda\/producto\/motorola-security-mtd041f0011-dvr-motorola-4-canales-2-canales-ipc-adicionales-5mp-full-hd-de-1080p-analiticos-h-265-h-264-mjpeg-sata-x1-pos-2-canales-cyberseguridad-gdrp\/\" \/>\n<meta property=\"og:locale\" content=\"es_MX\" \/>\n<meta property=\"og:type\" content=\"article\" \/>\n<meta property=\"og:title\" content=\"[ Motorola Security ] &#129351; Mtd041f0011 Dvr Motorola \/ 4 Canales \/ 2 Canales Ipc Adicionales \/ 5mp Full Hd De 1080p \/ Analiticos \/ H.265 \/ H.264 \/ Mjpeg \/ Sata X1 \/ Pos 2 Canales \/ Cyberseguridad Gdrp\" \/>\n<meta property=\"og:description\" content=\"Compra Mtd041f0011 Dvr Motorola \/ 4 Canales \/ 2 Canales Ipc Adicionales \/ 5mp Full Hd De 1080p \/ Analiticos \/ H.265 \/ H.264 \/ Mjpeg \/ Sata X1 \/ Pos 2 Canales \/ Cyberseguridad Gdrp + Env\u00edo a domicilio + Pago seguro + Garant\u00eda\" \/>\n<meta property=\"og:url\" content=\"https:\/\/compuviper.mx\/tienda\/producto\/motorola-security-mtd041f0011-dvr-motorola-4-canales-2-canales-ipc-adicionales-5mp-full-hd-de-1080p-analiticos-h-265-h-264-mjpeg-sata-x1-pos-2-canales-cyberseguridad-gdrp\/\" \/>\n<meta property=\"og:site_name\" content=\"Compuviper\" \/>\n<meta property=\"article:publisher\" content=\"https:\/\/www.facebook.com\/compuviper\" \/>\n<meta property=\"article:modified_time\" content=\"2026-04-17T06:24:34+00:00\" \/>\n<meta property=\"og:image\" content=\"https:\/\/compuviper.mx\/tienda\/wp-content\/uploads\/2023\/12\/Dvr-motorola-mtd041f0011-4-canales-2-canales-ipc-adicionales-5mp-full-hd-de-1080p-analiticos-h.265-h.264-mjpeg-sata-x1-pos-2-canales-cyberseguridad-gdrp.jpg\" \/>\n\t<meta property=\"og:image:width\" content=\"200\" \/>\n\t<meta property=\"og:image:height\" content=\"200\" \/>\n\t<meta property=\"og:image:type\" content=\"image\/jpeg\" \/>\n<meta name=\"twitter:card\" content=\"summary_large_image\" \/>\n<meta name=\"twitter:label1\" content=\"Precio\" \/>\n\t<meta name=\"twitter:data1\" content=\"&#36;1,149 &#36;1,034 con IVA\" \/>\n\t<meta name=\"twitter:label2\" content=\"Availability\" \/>\n\t<meta name=\"twitter:data2\" content=\"In stock\" \/>\n<script type=\"application\/ld+json\" class=\"yoast-schema-graph\">{\"@context\":\"https:\/\/schema.org\",\"@graph\":[{\"@type\":\"WebPage\",\"@id\":\"https:\/\/compuviper.mx\/tienda\/producto\/motorola-security-mtd041f0011-dvr-motorola-4-canales-2-canales-ipc-adicionales-5mp-full-hd-de-1080p-analiticos-h-265-h-264-mjpeg-sata-x1-pos-2-canales-cyberseguridad-gdrp\/\",\"url\":\"https:\/\/compuviper.mx\/tienda\/producto\/motorola-security-mtd041f0011-dvr-motorola-4-canales-2-canales-ipc-adicionales-5mp-full-hd-de-1080p-analiticos-h-265-h-264-mjpeg-sata-x1-pos-2-canales-cyberseguridad-gdrp\/\",\"name\":\"[ Motorola Security ] &#129351; Mtd041f0011 Dvr Motorola \/ 4 Canales \/ 2 Canales Ipc Adicionales \/ 5mp Full Hd De 1080p \/ Analiticos \/ H.265 \/ H.264 \/ Mjpeg \/ Sata X1 \/ Pos 2 Canales \/ Cyberseguridad Gdrp\",\"isPartOf\":{\"@id\":\"https:\/\/compuviper.mx\/tienda\/#website\"},\"datePublished\":\"2026-04-17T06:24:33+00:00\",\"dateModified\":\"2026-04-17T06:24:34+00:00\",\"description\":\"Compra Mtd041f0011 Dvr Motorola \/ 4 Canales \/ 2 Canales Ipc Adicionales \/ 5mp Full Hd De 1080p \/ Analiticos \/ H.265 \/ H.264 \/ Mjpeg \/ Sata X1 \/ Pos 2 Canales \/ Cyberseguridad Gdrp + Env\u00edo a domicilio + Pago seguro + Garant\u00eda\",\"breadcrumb\":{\"@id\":\"https:\/\/compuviper.mx\/tienda\/producto\/motorola-security-mtd041f0011-dvr-motorola-4-canales-2-canales-ipc-adicionales-5mp-full-hd-de-1080p-analiticos-h-265-h-264-mjpeg-sata-x1-pos-2-canales-cyberseguridad-gdrp\/#breadcrumb\"},\"inLanguage\":\"es-MX\",\"potentialAction\":[{\"@type\":\"ReadAction\",\"target\":[\"https:\/\/compuviper.mx\/tienda\/producto\/motorola-security-mtd041f0011-dvr-motorola-4-canales-2-canales-ipc-adicionales-5mp-full-hd-de-1080p-analiticos-h-265-h-264-mjpeg-sata-x1-pos-2-canales-cyberseguridad-gdrp\/\"]}]},{\"@type\":\"BreadcrumbList\",\"@id\":\"https:\/\/compuviper.mx\/tienda\/producto\/motorola-security-mtd041f0011-dvr-motorola-4-canales-2-canales-ipc-adicionales-5mp-full-hd-de-1080p-analiticos-h-265-h-264-mjpeg-sata-x1-pos-2-canales-cyberseguridad-gdrp\/#breadcrumb\",\"itemListElement\":[{\"@type\":\"ListItem\",\"position\":1,\"name\":\"Inicio\",\"item\":\"https:\/\/compuviper.mx\/tienda\/\"},{\"@type\":\"ListItem\",\"position\":2,\"name\":\"Productos\",\"item\":\"https:\/\/compuviper.mx\/tienda\/productos\/\"},{\"@type\":\"ListItem\",\"position\":3,\"name\":\"Videograbadores\",\"item\":\"https:\/\/compuviper.mx\/tienda\/categoria-producto\/videograbadores\/\"},{\"@type\":\"ListItem\",\"position\":4,\"name\":\"Dvr\",\"item\":\"https:\/\/compuviper.mx\/tienda\/categoria-producto\/videograbadores\/dvr\/\"},{\"@type\":\"ListItem\",\"position\":5,\"name\":\"Motorola Security Mtd041f0011 Dvr Motorola \/ 4 Canales \/ 2 Canales Ipc Adicionales \/ 5mp Full Hd De 1080p \/ Analiticos \/ H.265 \/ H.264 \/ Mjpeg \/ Sata X1 \/ Pos 2 Canales \/ Cyberseguridad Gdrp\"}]},{\"@type\":\"WebSite\",\"@id\":\"https:\/\/compuviper.mx\/tienda\/#website\",\"url\":\"https:\/\/compuviper.mx\/tienda\/\",\"name\":\"Compuviper\",\"description\":\"Proveedor de Computadoras, Laptops, Servidores, Monitores, Puntos de Venta, Teclados,   Impresoras, T\u00f3ner, C\u00e1maras de Seguridad y m\u00e1s en tu tienda en l\u00ednea\",\"publisher\":{\"@id\":\"https:\/\/compuviper.mx\/tienda\/#organization\"},\"potentialAction\":[{\"@type\":\"SearchAction\",\"target\":{\"@type\":\"EntryPoint\",\"urlTemplate\":\"https:\/\/compuviper.mx\/tienda\/?s={search_term_string}\"},\"query-input\":\"required name=search_term_string\"}],\"inLanguage\":\"es-MX\"},{\"@type\":\"Organization\",\"@id\":\"https:\/\/compuviper.mx\/tienda\/#organization\",\"name\":\"Compuviper\",\"url\":\"https:\/\/compuviper.mx\/tienda\/\",\"logo\":{\"@type\":\"ImageObject\",\"inLanguage\":\"es-MX\",\"@id\":\"https:\/\/compuviper.mx\/tienda\/#\/schema\/logo\/image\/\",\"url\":\"https:\/\/compuviper.mx\/tienda\/wp-content\/uploads\/2021\/08\/Logo-Compuviper-10.png\",\"contentUrl\":\"https:\/\/compuviper.mx\/tienda\/wp-content\/uploads\/2021\/08\/Logo-Compuviper-10.png\",\"width\":1000,\"height\":500,\"caption\":\"Compuviper\"},\"image\":{\"@id\":\"https:\/\/compuviper.mx\/tienda\/#\/schema\/logo\/image\/\"},\"sameAs\":[\"https:\/\/www.facebook.com\/compuviper\",\"https:\/\/www.youtube.com\/channel\/UCf73dERp9Y3cfOq7q8BhLjA?view_as=subscriber\"]}]}<\/script>\n<meta property=\"product:brand\" content=\"Motorola Security\" \/>\n<meta property=\"product:price:amount\" content=\"1034\" \/>\n<meta property=\"product:price:currency\" content=\"MXN\" \/>\n<meta property=\"og:availability\" content=\"instock\" \/>\n<meta property=\"product:availability\" content=\"instock\" \/>\n<meta property=\"product:retailer_item_id\" content=\"MTD041F0011\" \/>\n<meta property=\"product:condition\" content=\"new\" \/>\n<!-- \/ Yoast SEO plugin. -->","yoast_head_json":{"title":"[ Motorola Security ] &#129351; Mtd041f0011 Dvr Motorola \/ 4 Canales \/ 2 Canales Ipc Adicionales \/ 5mp Full Hd De 1080p \/ Analiticos \/ H.265 \/ H.264 \/ Mjpeg \/ Sata X1 \/ Pos 2 Canales \/ Cyberseguridad Gdrp","description":"Compra Mtd041f0011 Dvr Motorola \/ 4 Canales \/ 2 Canales Ipc Adicionales \/ 5mp Full Hd De 1080p \/ Analiticos \/ H.265 \/ H.264 \/ Mjpeg \/ Sata X1 \/ Pos 2 Canales \/ Cyberseguridad Gdrp + Env\u00edo a domicilio + Pago seguro + Garant\u00eda","robots":{"index":"index","follow":"follow","max-snippet":"max-snippet:-1","max-image-preview":"max-image-preview:large","max-video-preview":"max-video-preview:-1"},"canonical":"https:\/\/compuviper.mx\/tienda\/producto\/motorola-security-mtd041f0011-dvr-motorola-4-canales-2-canales-ipc-adicionales-5mp-full-hd-de-1080p-analiticos-h-265-h-264-mjpeg-sata-x1-pos-2-canales-cyberseguridad-gdrp\/","og_locale":"es_MX","og_type":"article","og_title":"[ Motorola Security ] &#129351; Mtd041f0011 Dvr Motorola \/ 4 Canales \/ 2 Canales Ipc Adicionales \/ 5mp Full Hd De 1080p \/ Analiticos \/ H.265 \/ H.264 \/ Mjpeg \/ Sata X1 \/ Pos 2 Canales \/ Cyberseguridad Gdrp","og_description":"Compra Mtd041f0011 Dvr Motorola \/ 4 Canales \/ 2 Canales Ipc Adicionales \/ 5mp Full Hd De 1080p \/ Analiticos \/ H.265 \/ H.264 \/ Mjpeg \/ Sata X1 \/ Pos 2 Canales \/ Cyberseguridad Gdrp + Env\u00edo a domicilio + Pago seguro + Garant\u00eda","og_url":"https:\/\/compuviper.mx\/tienda\/producto\/motorola-security-mtd041f0011-dvr-motorola-4-canales-2-canales-ipc-adicionales-5mp-full-hd-de-1080p-analiticos-h-265-h-264-mjpeg-sata-x1-pos-2-canales-cyberseguridad-gdrp\/","og_site_name":"Compuviper","article_publisher":"https:\/\/www.facebook.com\/compuviper","article_modified_time":"2026-04-17T06:24:34+00:00","og_image":[{"width":200,"height":200,"url":"https:\/\/compuviper.mx\/tienda\/wp-content\/uploads\/2023\/12\/Dvr-motorola-mtd041f0011-4-canales-2-canales-ipc-adicionales-5mp-full-hd-de-1080p-analiticos-h.265-h.264-mjpeg-sata-x1-pos-2-canales-cyberseguridad-gdrp.jpg","type":"image\/jpeg"}],"twitter_card":"summary_large_image","twitter_misc":{"Precio":"&#36;1,149 &#36;1,034 con IVA","Availability":"In stock"},"schema":{"@context":"https:\/\/schema.org","@graph":[{"@type":"WebPage","@id":"https:\/\/compuviper.mx\/tienda\/producto\/motorola-security-mtd041f0011-dvr-motorola-4-canales-2-canales-ipc-adicionales-5mp-full-hd-de-1080p-analiticos-h-265-h-264-mjpeg-sata-x1-pos-2-canales-cyberseguridad-gdrp\/","url":"https:\/\/compuviper.mx\/tienda\/producto\/motorola-security-mtd041f0011-dvr-motorola-4-canales-2-canales-ipc-adicionales-5mp-full-hd-de-1080p-analiticos-h-265-h-264-mjpeg-sata-x1-pos-2-canales-cyberseguridad-gdrp\/","name":"[ Motorola Security ] &#129351; Mtd041f0011 Dvr Motorola \/ 4 Canales \/ 2 Canales Ipc Adicionales \/ 5mp Full Hd De 1080p \/ Analiticos \/ H.265 \/ H.264 \/ Mjpeg \/ Sata X1 \/ Pos 2 Canales \/ Cyberseguridad Gdrp","isPartOf":{"@id":"https:\/\/compuviper.mx\/tienda\/#website"},"datePublished":"2026-04-17T06:24:33+00:00","dateModified":"2026-04-17T06:24:34+00:00","description":"Compra Mtd041f0011 Dvr Motorola \/ 4 Canales \/ 2 Canales Ipc Adicionales \/ 5mp Full Hd De 1080p \/ Analiticos \/ H.265 \/ H.264 \/ Mjpeg \/ Sata X1 \/ Pos 2 Canales \/ Cyberseguridad Gdrp + Env\u00edo a domicilio + Pago seguro + Garant\u00eda","breadcrumb":{"@id":"https:\/\/compuviper.mx\/tienda\/producto\/motorola-security-mtd041f0011-dvr-motorola-4-canales-2-canales-ipc-adicionales-5mp-full-hd-de-1080p-analiticos-h-265-h-264-mjpeg-sata-x1-pos-2-canales-cyberseguridad-gdrp\/#breadcrumb"},"inLanguage":"es-MX","potentialAction":[{"@type":"ReadAction","target":["https:\/\/compuviper.mx\/tienda\/producto\/motorola-security-mtd041f0011-dvr-motorola-4-canales-2-canales-ipc-adicionales-5mp-full-hd-de-1080p-analiticos-h-265-h-264-mjpeg-sata-x1-pos-2-canales-cyberseguridad-gdrp\/"]}]},{"@type":"BreadcrumbList","@id":"https:\/\/compuviper.mx\/tienda\/producto\/motorola-security-mtd041f0011-dvr-motorola-4-canales-2-canales-ipc-adicionales-5mp-full-hd-de-1080p-analiticos-h-265-h-264-mjpeg-sata-x1-pos-2-canales-cyberseguridad-gdrp\/#breadcrumb","itemListElement":[{"@type":"ListItem","position":1,"name":"Inicio","item":"https:\/\/compuviper.mx\/tienda\/"},{"@type":"ListItem","position":2,"name":"Productos","item":"https:\/\/compuviper.mx\/tienda\/productos\/"},{"@type":"ListItem","position":3,"name":"Videograbadores","item":"https:\/\/compuviper.mx\/tienda\/categoria-producto\/videograbadores\/"},{"@type":"ListItem","position":4,"name":"Dvr","item":"https:\/\/compuviper.mx\/tienda\/categoria-producto\/videograbadores\/dvr\/"},{"@type":"ListItem","position":5,"name":"Motorola Security Mtd041f0011 Dvr Motorola \/ 4 Canales \/ 2 Canales Ipc Adicionales \/ 5mp Full Hd De 1080p \/ Analiticos \/ H.265 \/ H.264 \/ Mjpeg \/ Sata X1 \/ Pos 2 Canales \/ Cyberseguridad Gdrp"}]},{"@type":"WebSite","@id":"https:\/\/compuviper.mx\/tienda\/#website","url":"https:\/\/compuviper.mx\/tienda\/","name":"Compuviper","description":"Proveedor de Computadoras, Laptops, Servidores, Monitores, Puntos de Venta, Teclados,   Impresoras, T\u00f3ner, C\u00e1maras de Seguridad y m\u00e1s en tu tienda en l\u00ednea","publisher":{"@id":"https:\/\/compuviper.mx\/tienda\/#organization"},"potentialAction":[{"@type":"SearchAction","target":{"@type":"EntryPoint","urlTemplate":"https:\/\/compuviper.mx\/tienda\/?s={search_term_string}"},"query-input":"required name=search_term_string"}],"inLanguage":"es-MX"},{"@type":"Organization","@id":"https:\/\/compuviper.mx\/tienda\/#organization","name":"Compuviper","url":"https:\/\/compuviper.mx\/tienda\/","logo":{"@type":"ImageObject","inLanguage":"es-MX","@id":"https:\/\/compuviper.mx\/tienda\/#\/schema\/logo\/image\/","url":"https:\/\/compuviper.mx\/tienda\/wp-content\/uploads\/2021\/08\/Logo-Compuviper-10.png","contentUrl":"https:\/\/compuviper.mx\/tienda\/wp-content\/uploads\/2021\/08\/Logo-Compuviper-10.png","width":1000,"height":500,"caption":"Compuviper"},"image":{"@id":"https:\/\/compuviper.mx\/tienda\/#\/schema\/logo\/image\/"},"sameAs":["https:\/\/www.facebook.com\/compuviper","https:\/\/www.youtube.com\/channel\/UCf73dERp9Y3cfOq7q8BhLjA?view_as=subscriber"]}]},"product_brand":"Motorola Security","product_price_amount":"1034","product_price_currency":"MXN","og_availability":"instock","product_availability":"instock","product_retailer_item_id":"MTD041F0011","product_condition":"new"},"_links":{"self":[{"href":"https:\/\/compuviper.mx\/tienda\/wp-json\/wp\/v2\/product\/217071"}],"collection":[{"href":"https:\/\/compuviper.mx\/tienda\/wp-json\/wp\/v2\/product"}],"about":[{"href":"https:\/\/compuviper.mx\/tienda\/wp-json\/wp\/v2\/types\/product"}],"replies":[{"embeddable":true,"href":"https:\/\/compuviper.mx\/tienda\/wp-json\/wp\/v2\/comments?post=217071"}],"wp:featuredmedia":[{"embeddable":true,"href":"https:\/\/compuviper.mx\/tienda\/wp-json\/wp\/v2\/media\/217072"}],"wp:attachment":[{"href":"https:\/\/compuviper.mx\/tienda\/wp-json\/wp\/v2\/media?parent=217071"}],"wp:term":[{"taxonomy":"product_cat","embeddable":true,"href":"https:\/\/compuviper.mx\/tienda\/wp-json\/wp\/v2\/product_cat?post=217071"},{"taxonomy":"product_tag","embeddable":true,"href":"https:\/\/compuviper.mx\/tienda\/wp-json\/wp\/v2\/product_tag?post=217071"}],"curies":[{"name":"wp","href":"https:\/\/api.w.org\/{rel}","templated":true}]}}