{"id":217035,"date":"2026-04-09T00:19:34","date_gmt":"2026-04-09T06:19:34","guid":{"rendered":"https:\/\/compuviper.mx\/tienda\/producto\/logitech-960-001087-webcam-c922-pro-stream-full-hd-1080p-enfoque-automatico-2-micofonos-usb-pc-mac-android\/"},"modified":"2026-04-09T00:19:34","modified_gmt":"2026-04-09T06:19:34","slug":"logitech-960-001087-webcam-c922-pro-stream-full-hd-1080p-enfoque-automatico-2-micofonos-usb-pc-mac-android","status":"publish","type":"product","link":"https:\/\/compuviper.mx\/tienda\/producto\/logitech-960-001087-webcam-c922-pro-stream-full-hd-1080p-enfoque-automatico-2-micofonos-usb-pc-mac-android\/","title":{"rendered":"Logitech 960-001087 Webcam  C922 Pro Stream Full Hd 1080p Enfoque Automatico 2 Micofonos Usb Pc\/mac\/android"},"content":{"rendered":"<table class=\"descripcion\">\n<tr>\n<td>Streaming full hd 1080p a 30 fps \/ 720p a 60 fps<\/td>\n<\/tr>\n<tr>\n<td>Haz streaming y graba expresivos clips de v\u00eddeo hd 1080p reales como la vida misma que capturan hasta el m\u00e1s m\u00ednimo detalle. acelera las cargas con h.264, una tecnolog\u00eda de compresi\u00f3n avanzada que requiere menos ancho de banda de red.<\/td>\n<\/tr>\n<tr>\n<td>Combinaci\u00f3n de fondo personalizable<\/td>\n<\/tr>\n<tr>\n<td>Tecnolog\u00eda personify<\/td>\n<\/tr>\n<tr>\n<td>Integra im\u00e1genes en directo durante la difusi\u00f3n e interact\u00faa con tu audiencia. esta avanzada funci\u00f3n integrada te permite crear un tema visual para juegos y destacar entre la multitud.<\/td>\n<\/tr>\n<tr>\n<td>Correcci\u00f3n autom\u00e1tica de iluminaci\u00f3n escasa<\/td>\n<\/tr>\n<tr>\n<td>Stream de v\u00eddeo n\u00edtido incluso con poca luz. el v\u00eddeo se ajusta autom\u00e1ticamente para compensar el parpadeo de las luces de la habitaci\u00f3n o de varias pantallas de ordenador.<\/td>\n<\/tr>\n<tr>\n<td>Captura audio est\u00e9reo desde cualquier \u00e1ngulo<\/td>\n<\/tr>\n<tr>\n<td>Dos micr\u00f3fonos omnidireccionales aseguran la nitidez del streaming sin interrupciones y el v\u00eddeo grabado.<\/td>\n<\/tr>\n<tr>\n<td>Tr\u00edpode<\/td>\n<\/tr>\n<tr>\n<td>Tr\u00edpode totalmente ajustable para mesa, con soporte giratorio. extensible hasta 18,5 cm.<\/td>\n<\/tr>\n<tr>\n<td>Dimensiones<\/td>\n<\/tr>\n<tr>\n<td>Sin clip:<\/td>\n<\/tr>\n<tr>\n<td>Altura x anchura x profundidad:<\/td>\n<\/tr>\n<tr>\n<td>29 mm x 95 mm x 24 mm<\/td>\n<\/tr>\n<tr>\n<td>Con clip:<\/td>\n<\/tr>\n<tr>\n<td>Altura x anchura x profundidad:<\/td>\n<\/tr>\n<tr>\n<td>44 mm x 95 mm x 71 mm<\/td>\n<\/tr>\n<tr>\n<td>Peso con clip y cable:<\/td>\n<\/tr>\n<tr>\n<td>162 g<\/td>\n<\/tr>\n<tr>\n<td>Longitud del cable:<\/td>\n<\/tr>\n<tr>\n<td>1.5 m<\/td>\n<\/tr>\n<tr>\n<td>Requisitos del sistema<\/td>\n<\/tr>\n<tr>\n<td>Compatibilidad<\/td>\n<\/tr>\n<tr>\n<td>Windows\u00ae 7, windows 8 o windows 10<\/td>\n<\/tr>\n<tr>\n<td>Mac os x 10.9 o posterior<\/td>\n<\/tr>\n<tr>\n<td>Xbox one\u00bf<\/td>\n<\/tr>\n<tr>\n<td>Chrome os\u00bf<\/td>\n<\/tr>\n<tr>\n<td>Android\u00bf v5.0 o posterior<\/td>\n<\/tr>\n<tr>\n<td>Puerto usb<\/td>\n<\/tr>\n<tr>\n<td>Especificaciones<\/td>\n<\/tr>\n<tr>\n<td>Funciona con<\/td>\n<\/tr>\n<tr>\n<td>Xsplit<\/td>\n<\/tr>\n<tr>\n<td>Obs<\/td>\n<\/tr>\n<tr>\n<td>Contenido de la caja<\/td>\n<\/tr>\n<tr>\n<td>C\u00e1mara web<\/td>\n<\/tr>\n<tr>\n<td>Tr\u00edpode<\/td>\n<\/tr>\n<tr>\n<td>Documentaci\u00f3n del usuario<\/td>\n<\/tr>\n<tr>\n<td>Licencia premium de xsplit gratis con 3 meses de validez<\/td>\n<\/tr>\n<tr>\n<td>Informaci\u00f3n de garant\u00eda<\/td>\n<\/tr>\n<tr>\n<td>Dos a\u00f1os de garant\u00eda de hardware limitada<\/td>\n<\/tr>\n<tr>\n<td>N\u00famero de referencia<\/td>\n<\/tr>\n<tr>\n<td>Negro: n\u00ba de referencia: 980&#8211;001281<\/td>\n<\/tr>\n<\/table>\n","protected":false},"excerpt":{"rendered":"<p>Optimizada para streaming y grabaci\u00f3n. Conexi\u00f3n extremadamente n\u00edtida en directo para canales como twitch y youtube. Haz streaming de lo que quieras y elige entre 1080p o fluidez hd de 720p a 60 fps. Difunde tu juego en full hd con combinaci\u00f3n de fondo integrada (mediante tecnolog\u00eda personify), fiable audio sin interrupciones, enfoque autom\u00e1tico y un campo de visi\u00f3n de 78 grados. Incluye una licencia premium de xsplit gratis con 3 meses de validez.<\/p>\n","protected":false},"featured_media":217036,"comment_status":"open","ping_status":"open","template":"","meta":[],"product_cat":[1608,1682],"product_tag":[1500],"acf":[],"yoast_head":"<!-- This site is optimized with the Yoast SEO plugin v21.7 - https:\/\/yoast.com\/wordpress\/plugins\/seo\/ -->\n<title>[ Logitech ] &#129351; 960-001087 Webcam C922 Pro Stream Full Hd 1080p Enfoque Automatico 2 Micofonos Usb Pc\/mac\/android<\/title>\n<meta name=\"description\" content=\"Compra 960-001087 Webcam C922 Pro Stream Full Hd 1080p Enfoque Automatico 2 Micofonos Usb Pc\/mac\/android + Env\u00edo a domicilio + Pago seguro + Garant\u00eda\" \/>\n<meta name=\"robots\" content=\"index, follow, max-snippet:-1, max-image-preview:large, max-video-preview:-1\" \/>\n<link rel=\"canonical\" href=\"https:\/\/compuviper.mx\/tienda\/producto\/logitech-960-001087-webcam-c922-pro-stream-full-hd-1080p-enfoque-automatico-2-micofonos-usb-pc-mac-android\/\" \/>\n<meta property=\"og:locale\" content=\"es_MX\" \/>\n<meta property=\"og:type\" content=\"article\" \/>\n<meta property=\"og:title\" content=\"[ Logitech ] &#129351; 960-001087 Webcam C922 Pro Stream Full Hd 1080p Enfoque Automatico 2 Micofonos Usb Pc\/mac\/android\" \/>\n<meta property=\"og:description\" content=\"Compra 960-001087 Webcam C922 Pro Stream Full Hd 1080p Enfoque Automatico 2 Micofonos Usb Pc\/mac\/android + Env\u00edo a domicilio + Pago seguro + Garant\u00eda\" \/>\n<meta property=\"og:url\" content=\"https:\/\/compuviper.mx\/tienda\/producto\/logitech-960-001087-webcam-c922-pro-stream-full-hd-1080p-enfoque-automatico-2-micofonos-usb-pc-mac-android\/\" \/>\n<meta property=\"og:site_name\" content=\"Compuviper\" \/>\n<meta property=\"article:publisher\" content=\"https:\/\/www.facebook.com\/compuviper\" \/>\n<meta property=\"og:image\" content=\"https:\/\/compuviper.mx\/tienda\/wp-content\/uploads\/2023\/12\/Webcam-logitech-c922-pro-stream-full-hd-1080p-enfoque-automatico-2-micofonos-usb-pcmacandroid.jpg\" \/>\n\t<meta property=\"og:image:width\" content=\"200\" \/>\n\t<meta property=\"og:image:height\" content=\"200\" \/>\n\t<meta property=\"og:image:type\" content=\"image\/jpeg\" \/>\n<meta name=\"twitter:card\" content=\"summary_large_image\" \/>\n<meta name=\"twitter:label1\" content=\"Precio\" \/>\n\t<meta name=\"twitter:data1\" content=\"&#36;2,318 con IVA\" \/>\n\t<meta name=\"twitter:label2\" content=\"Availability\" \/>\n\t<meta name=\"twitter:data2\" content=\"In stock\" \/>\n<script type=\"application\/ld+json\" class=\"yoast-schema-graph\">{\"@context\":\"https:\/\/schema.org\",\"@graph\":[{\"@type\":\"WebPage\",\"@id\":\"https:\/\/compuviper.mx\/tienda\/producto\/logitech-960-001087-webcam-c922-pro-stream-full-hd-1080p-enfoque-automatico-2-micofonos-usb-pc-mac-android\/\",\"url\":\"https:\/\/compuviper.mx\/tienda\/producto\/logitech-960-001087-webcam-c922-pro-stream-full-hd-1080p-enfoque-automatico-2-micofonos-usb-pc-mac-android\/\",\"name\":\"[ Logitech ] &#129351; 960-001087 Webcam C922 Pro Stream Full Hd 1080p Enfoque Automatico 2 Micofonos Usb Pc\/mac\/android\",\"isPartOf\":{\"@id\":\"https:\/\/compuviper.mx\/tienda\/#website\"},\"datePublished\":\"2026-04-09T06:19:34+00:00\",\"dateModified\":\"2026-04-09T06:19:34+00:00\",\"description\":\"Compra 960-001087 Webcam C922 Pro Stream Full Hd 1080p Enfoque Automatico 2 Micofonos Usb Pc\/mac\/android + Env\u00edo a domicilio + Pago seguro + Garant\u00eda\",\"breadcrumb\":{\"@id\":\"https:\/\/compuviper.mx\/tienda\/producto\/logitech-960-001087-webcam-c922-pro-stream-full-hd-1080p-enfoque-automatico-2-micofonos-usb-pc-mac-android\/#breadcrumb\"},\"inLanguage\":\"es-MX\",\"potentialAction\":[{\"@type\":\"ReadAction\",\"target\":[\"https:\/\/compuviper.mx\/tienda\/producto\/logitech-960-001087-webcam-c922-pro-stream-full-hd-1080p-enfoque-automatico-2-micofonos-usb-pc-mac-android\/\"]}]},{\"@type\":\"BreadcrumbList\",\"@id\":\"https:\/\/compuviper.mx\/tienda\/producto\/logitech-960-001087-webcam-c922-pro-stream-full-hd-1080p-enfoque-automatico-2-micofonos-usb-pc-mac-android\/#breadcrumb\",\"itemListElement\":[{\"@type\":\"ListItem\",\"position\":1,\"name\":\"Inicio\",\"item\":\"https:\/\/compuviper.mx\/tienda\/\"},{\"@type\":\"ListItem\",\"position\":2,\"name\":\"Productos\",\"item\":\"https:\/\/compuviper.mx\/tienda\/productos\/\"},{\"@type\":\"ListItem\",\"position\":3,\"name\":\"Camaras\",\"item\":\"https:\/\/compuviper.mx\/tienda\/categoria-producto\/camaras-2\/\"},{\"@type\":\"ListItem\",\"position\":4,\"name\":\"Camara Web\",\"item\":\"https:\/\/compuviper.mx\/tienda\/categoria-producto\/camaras-2\/camara-web\/\"},{\"@type\":\"ListItem\",\"position\":5,\"name\":\"Logitech 960-001087 Webcam C922 Pro Stream Full Hd 1080p Enfoque Automatico 2 Micofonos Usb Pc\/mac\/android\"}]},{\"@type\":\"WebSite\",\"@id\":\"https:\/\/compuviper.mx\/tienda\/#website\",\"url\":\"https:\/\/compuviper.mx\/tienda\/\",\"name\":\"Compuviper\",\"description\":\"Proveedor de Computadoras, Laptops, Servidores, Monitores, Puntos de Venta, Teclados,   Impresoras, T\u00f3ner, C\u00e1maras de Seguridad y m\u00e1s en tu tienda en l\u00ednea\",\"publisher\":{\"@id\":\"https:\/\/compuviper.mx\/tienda\/#organization\"},\"potentialAction\":[{\"@type\":\"SearchAction\",\"target\":{\"@type\":\"EntryPoint\",\"urlTemplate\":\"https:\/\/compuviper.mx\/tienda\/?s={search_term_string}\"},\"query-input\":\"required name=search_term_string\"}],\"inLanguage\":\"es-MX\"},{\"@type\":\"Organization\",\"@id\":\"https:\/\/compuviper.mx\/tienda\/#organization\",\"name\":\"Compuviper\",\"url\":\"https:\/\/compuviper.mx\/tienda\/\",\"logo\":{\"@type\":\"ImageObject\",\"inLanguage\":\"es-MX\",\"@id\":\"https:\/\/compuviper.mx\/tienda\/#\/schema\/logo\/image\/\",\"url\":\"https:\/\/compuviper.mx\/tienda\/wp-content\/uploads\/2021\/08\/Logo-Compuviper-10.png\",\"contentUrl\":\"https:\/\/compuviper.mx\/tienda\/wp-content\/uploads\/2021\/08\/Logo-Compuviper-10.png\",\"width\":1000,\"height\":500,\"caption\":\"Compuviper\"},\"image\":{\"@id\":\"https:\/\/compuviper.mx\/tienda\/#\/schema\/logo\/image\/\"},\"sameAs\":[\"https:\/\/www.facebook.com\/compuviper\",\"https:\/\/www.youtube.com\/channel\/UCf73dERp9Y3cfOq7q8BhLjA?view_as=subscriber\"]}]}<\/script>\n<meta property=\"product:brand\" content=\"LOGITECH\" \/>\n<meta property=\"product:price:amount\" content=\"2318\" \/>\n<meta property=\"product:price:currency\" content=\"MXN\" \/>\n<meta property=\"og:availability\" content=\"instock\" \/>\n<meta property=\"product:availability\" content=\"instock\" \/>\n<meta property=\"product:retailer_item_id\" content=\"960-001087\" \/>\n<meta property=\"product:condition\" content=\"new\" \/>\n<!-- \/ Yoast SEO plugin. -->","yoast_head_json":{"title":"[ Logitech ] &#129351; 960-001087 Webcam C922 Pro Stream Full Hd 1080p Enfoque Automatico 2 Micofonos Usb Pc\/mac\/android","description":"Compra 960-001087 Webcam C922 Pro Stream Full Hd 1080p Enfoque Automatico 2 Micofonos Usb Pc\/mac\/android + Env\u00edo a domicilio + Pago seguro + Garant\u00eda","robots":{"index":"index","follow":"follow","max-snippet":"max-snippet:-1","max-image-preview":"max-image-preview:large","max-video-preview":"max-video-preview:-1"},"canonical":"https:\/\/compuviper.mx\/tienda\/producto\/logitech-960-001087-webcam-c922-pro-stream-full-hd-1080p-enfoque-automatico-2-micofonos-usb-pc-mac-android\/","og_locale":"es_MX","og_type":"article","og_title":"[ Logitech ] &#129351; 960-001087 Webcam C922 Pro Stream Full Hd 1080p Enfoque Automatico 2 Micofonos Usb Pc\/mac\/android","og_description":"Compra 960-001087 Webcam C922 Pro Stream Full Hd 1080p Enfoque Automatico 2 Micofonos Usb Pc\/mac\/android + Env\u00edo a domicilio + Pago seguro + Garant\u00eda","og_url":"https:\/\/compuviper.mx\/tienda\/producto\/logitech-960-001087-webcam-c922-pro-stream-full-hd-1080p-enfoque-automatico-2-micofonos-usb-pc-mac-android\/","og_site_name":"Compuviper","article_publisher":"https:\/\/www.facebook.com\/compuviper","og_image":[{"width":200,"height":200,"url":"https:\/\/compuviper.mx\/tienda\/wp-content\/uploads\/2023\/12\/Webcam-logitech-c922-pro-stream-full-hd-1080p-enfoque-automatico-2-micofonos-usb-pcmacandroid.jpg","type":"image\/jpeg"}],"twitter_card":"summary_large_image","twitter_misc":{"Precio":"&#36;2,318 con IVA","Availability":"In stock"},"schema":{"@context":"https:\/\/schema.org","@graph":[{"@type":"WebPage","@id":"https:\/\/compuviper.mx\/tienda\/producto\/logitech-960-001087-webcam-c922-pro-stream-full-hd-1080p-enfoque-automatico-2-micofonos-usb-pc-mac-android\/","url":"https:\/\/compuviper.mx\/tienda\/producto\/logitech-960-001087-webcam-c922-pro-stream-full-hd-1080p-enfoque-automatico-2-micofonos-usb-pc-mac-android\/","name":"[ Logitech ] &#129351; 960-001087 Webcam C922 Pro Stream Full Hd 1080p Enfoque Automatico 2 Micofonos Usb Pc\/mac\/android","isPartOf":{"@id":"https:\/\/compuviper.mx\/tienda\/#website"},"datePublished":"2026-04-09T06:19:34+00:00","dateModified":"2026-04-09T06:19:34+00:00","description":"Compra 960-001087 Webcam C922 Pro Stream Full Hd 1080p Enfoque Automatico 2 Micofonos Usb Pc\/mac\/android + Env\u00edo a domicilio + Pago seguro + Garant\u00eda","breadcrumb":{"@id":"https:\/\/compuviper.mx\/tienda\/producto\/logitech-960-001087-webcam-c922-pro-stream-full-hd-1080p-enfoque-automatico-2-micofonos-usb-pc-mac-android\/#breadcrumb"},"inLanguage":"es-MX","potentialAction":[{"@type":"ReadAction","target":["https:\/\/compuviper.mx\/tienda\/producto\/logitech-960-001087-webcam-c922-pro-stream-full-hd-1080p-enfoque-automatico-2-micofonos-usb-pc-mac-android\/"]}]},{"@type":"BreadcrumbList","@id":"https:\/\/compuviper.mx\/tienda\/producto\/logitech-960-001087-webcam-c922-pro-stream-full-hd-1080p-enfoque-automatico-2-micofonos-usb-pc-mac-android\/#breadcrumb","itemListElement":[{"@type":"ListItem","position":1,"name":"Inicio","item":"https:\/\/compuviper.mx\/tienda\/"},{"@type":"ListItem","position":2,"name":"Productos","item":"https:\/\/compuviper.mx\/tienda\/productos\/"},{"@type":"ListItem","position":3,"name":"Camaras","item":"https:\/\/compuviper.mx\/tienda\/categoria-producto\/camaras-2\/"},{"@type":"ListItem","position":4,"name":"Camara Web","item":"https:\/\/compuviper.mx\/tienda\/categoria-producto\/camaras-2\/camara-web\/"},{"@type":"ListItem","position":5,"name":"Logitech 960-001087 Webcam C922 Pro Stream Full Hd 1080p Enfoque Automatico 2 Micofonos Usb Pc\/mac\/android"}]},{"@type":"WebSite","@id":"https:\/\/compuviper.mx\/tienda\/#website","url":"https:\/\/compuviper.mx\/tienda\/","name":"Compuviper","description":"Proveedor de Computadoras, Laptops, Servidores, Monitores, Puntos de Venta, Teclados,   Impresoras, T\u00f3ner, C\u00e1maras de Seguridad y m\u00e1s en tu tienda en l\u00ednea","publisher":{"@id":"https:\/\/compuviper.mx\/tienda\/#organization"},"potentialAction":[{"@type":"SearchAction","target":{"@type":"EntryPoint","urlTemplate":"https:\/\/compuviper.mx\/tienda\/?s={search_term_string}"},"query-input":"required name=search_term_string"}],"inLanguage":"es-MX"},{"@type":"Organization","@id":"https:\/\/compuviper.mx\/tienda\/#organization","name":"Compuviper","url":"https:\/\/compuviper.mx\/tienda\/","logo":{"@type":"ImageObject","inLanguage":"es-MX","@id":"https:\/\/compuviper.mx\/tienda\/#\/schema\/logo\/image\/","url":"https:\/\/compuviper.mx\/tienda\/wp-content\/uploads\/2021\/08\/Logo-Compuviper-10.png","contentUrl":"https:\/\/compuviper.mx\/tienda\/wp-content\/uploads\/2021\/08\/Logo-Compuviper-10.png","width":1000,"height":500,"caption":"Compuviper"},"image":{"@id":"https:\/\/compuviper.mx\/tienda\/#\/schema\/logo\/image\/"},"sameAs":["https:\/\/www.facebook.com\/compuviper","https:\/\/www.youtube.com\/channel\/UCf73dERp9Y3cfOq7q8BhLjA?view_as=subscriber"]}]},"product_brand":"LOGITECH","product_price_amount":"2318","product_price_currency":"MXN","og_availability":"instock","product_availability":"instock","product_retailer_item_id":"960-001087","product_condition":"new"},"_links":{"self":[{"href":"https:\/\/compuviper.mx\/tienda\/wp-json\/wp\/v2\/product\/217035"}],"collection":[{"href":"https:\/\/compuviper.mx\/tienda\/wp-json\/wp\/v2\/product"}],"about":[{"href":"https:\/\/compuviper.mx\/tienda\/wp-json\/wp\/v2\/types\/product"}],"replies":[{"embeddable":true,"href":"https:\/\/compuviper.mx\/tienda\/wp-json\/wp\/v2\/comments?post=217035"}],"wp:featuredmedia":[{"embeddable":true,"href":"https:\/\/compuviper.mx\/tienda\/wp-json\/wp\/v2\/media\/217036"}],"wp:attachment":[{"href":"https:\/\/compuviper.mx\/tienda\/wp-json\/wp\/v2\/media?parent=217035"}],"wp:term":[{"taxonomy":"product_cat","embeddable":true,"href":"https:\/\/compuviper.mx\/tienda\/wp-json\/wp\/v2\/product_cat?post=217035"},{"taxonomy":"product_tag","embeddable":true,"href":"https:\/\/compuviper.mx\/tienda\/wp-json\/wp\/v2\/product_tag?post=217035"}],"curies":[{"name":"wp","href":"https:\/\/api.w.org\/{rel}","templated":true}]}}