{"id":217025,"date":"2026-04-09T00:19:33","date_gmt":"2026-04-09T06:19:33","guid":{"rendered":"https:\/\/compuviper.mx\/tienda\/producto\/logitech-960-000764-webcam-c920-full-hd-1080p-foto-15-mp-enfoque-automatico-2-micofonos-usb-pc-mac-android\/"},"modified":"2026-04-09T00:19:33","modified_gmt":"2026-04-09T06:19:33","slug":"logitech-960-000764-webcam-c920-pro-full-hd-1080p-a-30-fps-3mp-foto-15mp-enfoque-automatico-2-micofonos-usb","status":"publish","type":"product","link":"https:\/\/compuviper.mx\/tienda\/producto\/logitech-960-000764-webcam-c920-pro-full-hd-1080p-a-30-fps-3mp-foto-15mp-enfoque-automatico-2-micofonos-usb\/","title":{"rendered":"Logitech 960-000764 Webcam  C920 Pro Full Hd 1080p A 30 Fps 3mp Foto 15mp Enfoque Automatico 2 Micofonos Usb"},"content":{"rendered":"<table class=\"descripcion\">\n<tr>\n<td>Hd pro webcam c920<\/td>\n<\/tr>\n<tr>\n<td>Definici\u00f3n full hd 1080p<\/td>\n<\/tr>\n<tr>\n<td>La c\u00e1mara web hd que supera a las c\u00e1maras integradas.<\/td>\n<\/tr>\n<tr>\n<td>Videochats en alta definici\u00f3n<\/td>\n<\/tr>\n<tr>\n<td>Con\u00e9ctate con tu gente usando full hd 1080p en skype, o hd 720p de gran fluidez en facetime para mac.<\/td>\n<\/tr>\n<tr>\n<td>Tambi\u00e9n puedes tener videoconferencias de alta calidad usando google hangouts y clientes de videoconferencias. puedes incluso charlar con tus amigos de facebook\u00ae a trav\u00e9s de videoconferencias con tecnolog\u00eda de skype o facebook messenger.<\/td>\n<\/tr>\n<tr>\n<td>Grabaciones full hd 1080p<\/td>\n<\/tr>\n<tr>\n<td>Puedes grabar expresivos clips de video hd 1080p que capturan hasta el m\u00e1s m\u00ednimo detalle. para conseguir full hd se usa h.264, una tecnolog\u00eda de compresi\u00f3n avanzada.<\/td>\n<\/tr>\n<tr>\n<td>H.264 elimina los largos procedimientos de compresi\u00f3n, lo que acelera las cargas y permite utilizar menos recursos de la computadora.<\/td>\n<\/tr>\n<tr>\n<td>Audio est\u00e9reo<\/td>\n<\/tr>\n<tr>\n<td>Para que se oiga tu verdadera voz. dos micr\u00f3fonos, uno a cada lado de la c\u00e1mara web, capturan audio est\u00e9reo natural.<\/td>\n<\/tr>\n<tr>\n<td>Lente de cristal full hd<\/td>\n<\/tr>\n<tr>\n<td>La lente full hd con cinco elementos de cristal captura im\u00e1genes de nitidez extraordinaria, mientras que el enfoque autom\u00e1tico de gama alta se ajusta con fluidez y precisi\u00f3n para proporcionar una alta definici\u00f3n constante.<\/td>\n<\/tr>\n<tr>\n<td>Funciones adicionales<\/td>\n<\/tr>\n<tr>\n<td>Correcci\u00f3n de iluminaci\u00f3n autom\u00e1tica<\/td>\n<\/tr>\n<tr>\n<td>Graba videos n\u00edtidos aunque la iluminaci\u00f3n sea escasa. la c\u00e1mara web c920 corrige autom\u00e1ticamente condiciones de poca luz.<\/td>\n<\/tr>\n<tr>\n<td>Especificaciones<\/td>\n<\/tr>\n<tr>\n<td>Requisitos del sistema<\/td>\n<\/tr>\n<tr>\n<td>Compatible con:<\/td>\n<\/tr>\n<tr>\n<td>Windows\u00ae 7, windows 8 o windows 10<\/td>\n<\/tr>\n<tr>\n<td>Funciona en modo uvc (usb video device class):<\/td>\n<\/tr>\n<tr>\n<td>Mac os 10.6 o posterior (hd 720p en facetime para mac y otros clientes de videoconferencia compatibles; grabaci\u00f3n de video full hd 1080p con quicktime player)<\/td>\n<\/tr>\n<tr>\n<td>Chrome os<\/td>\n<\/tr>\n<tr>\n<td>Android 5.0 o posterior (con clientes de videoconferencia compatibles)<\/td>\n<\/tr>\n<tr>\n<td>Puerto usb<\/td>\n<\/tr>\n<tr>\n<td>Conexi\u00f3n a internet<\/td>\n<\/tr>\n<tr>\n<td>Informaci\u00f3n de garant\u00eda<\/td>\n<\/tr>\n<tr>\n<td>Dos a\u00f1os de garant\u00eda de hardware limitada<\/td>\n<\/tr>\n<tr>\n<td>Esta caja contiene<\/td>\n<\/tr>\n<tr>\n<td>C\u00e1mara web con cable de 1,83 m<\/td>\n<\/tr>\n<tr>\n<td>Documentaci\u00f3n del usuario<\/td>\n<\/tr>\n<tr>\n<td>Especificaciones<\/td>\n<\/tr>\n<tr>\n<td>&#8211; videoconferencias full hd 1080p (hasta 1920 x 1080 p\u00edxeles) con la versi\u00f3n m\u00e1s reciente de skype para windows<\/td>\n<\/tr>\n<tr>\n<td>&#8211; videoconferencias hd 720p (1280 x 720 p\u00edxeles) con clientes compatibles<\/td>\n<\/tr>\n<tr>\n<td>&#8211; grabaciones de video full hd (hasta 1920 x 1080 p\u00edxeles)<\/td>\n<\/tr>\n<tr>\n<td>&#8211; compresi\u00f3n de video h.264<\/td>\n<\/tr>\n<tr>\n<td>&#8211; micr\u00f3fonos est\u00e9reo integrados con reducci\u00f3n de ruido autom\u00e1tica<\/td>\n<\/tr>\n<tr>\n<td>&#8211; correcci\u00f3n autom\u00e1tica de iluminaci\u00f3n escasa<\/td>\n<\/tr>\n<tr>\n<td>&#8211; clip universal para monitores lcd, crt o laptops, rosca en la base para montaje en tripies.<\/td>\n<\/tr>\n<tr>\n<td>Software de c\u00e1mara web logitech para windows: &#8211; controles de panor\u00e1mico, inclinaci\u00f3n y zoom<\/td>\n<\/tr>\n<tr>\n<td>&#8211; captura de video y fotos<\/td>\n<\/tr>\n<tr>\n<td>&#8211; seguimiento facial<\/td>\n<\/tr>\n<tr>\n<td>&#8211; detecci\u00f3n de movimiento<\/td>\n<\/tr>\n<tr>\n<td>Se requiere instalaci\u00f3n de software, disponible para descargar en www.logitech.com\/downloads<\/td>\n<\/tr>\n<tr>\n<td>N\u00famero de referencia<\/td>\n<\/tr>\n<tr>\n<td>N\u00ba de referencia 960-000764.<\/td>\n<\/tr>\n<\/table>\n","protected":false},"excerpt":{"rendered":"<p>C\u00e1mara web hd pro c920 usb con 2 microf\u00f3nos integrados, la c\u00e1mara web hd que supera a las c\u00e1maras integradas. Con\u00e9ctate con tu gente usando full hd 1080p en skype, o hd 720p de gran fluidez en facetime para mac. Puedes grabar expresivos clips de video hd 1080p que capturan hasta el m\u00e1s m\u00ednimo detalle. Para conseguir full hd se usa h.264, una tecnolog\u00eda de compresi\u00f3n avanzada. Para que se oiga tu verdadera voz. Dos micr\u00f3fonos, uno a cada lado de la c\u00e1mara web, capturan audio est\u00e9reo natural.<\/p>\n","protected":false},"featured_media":217026,"comment_status":"open","ping_status":"open","template":"","meta":[],"product_cat":[1608,1682],"product_tag":[1500],"acf":[],"yoast_head":"<!-- This site is optimized with the Yoast SEO plugin v21.7 - https:\/\/yoast.com\/wordpress\/plugins\/seo\/ -->\n<title>[ Logitech ] &#129351; 960-000764 Webcam C920 Pro Full Hd 1080p A 30 Fps 3mp Foto 15mp Enfoque Automatico 2 Micofonos Usb<\/title>\n<meta name=\"description\" content=\"Compra 960-000764 Webcam C920 Pro Full Hd 1080p A 30 Fps 3mp Foto 15mp Enfoque Automatico 2 Micofonos Usb + Env\u00edo a domicilio + Pago seguro + Garant\u00eda\" \/>\n<meta name=\"robots\" content=\"index, follow, max-snippet:-1, max-image-preview:large, max-video-preview:-1\" \/>\n<link rel=\"canonical\" href=\"https:\/\/compuviper.mx\/tienda\/producto\/logitech-960-000764-webcam-c920-pro-full-hd-1080p-a-30-fps-3mp-foto-15mp-enfoque-automatico-2-micofonos-usb\/\" \/>\n<meta property=\"og:locale\" content=\"es_MX\" \/>\n<meta property=\"og:type\" content=\"article\" \/>\n<meta property=\"og:title\" content=\"[ Logitech ] &#129351; 960-000764 Webcam C920 Pro Full Hd 1080p A 30 Fps 3mp Foto 15mp Enfoque Automatico 2 Micofonos Usb\" \/>\n<meta property=\"og:description\" content=\"Compra 960-000764 Webcam C920 Pro Full Hd 1080p A 30 Fps 3mp Foto 15mp Enfoque Automatico 2 Micofonos Usb + Env\u00edo a domicilio + Pago seguro + Garant\u00eda\" \/>\n<meta property=\"og:url\" content=\"https:\/\/compuviper.mx\/tienda\/producto\/logitech-960-000764-webcam-c920-pro-full-hd-1080p-a-30-fps-3mp-foto-15mp-enfoque-automatico-2-micofonos-usb\/\" \/>\n<meta property=\"og:site_name\" content=\"Compuviper\" \/>\n<meta property=\"article:publisher\" content=\"https:\/\/www.facebook.com\/compuviper\" \/>\n<meta property=\"og:image\" content=\"https:\/\/compuviper.mx\/tienda\/wp-content\/uploads\/2023\/12\/Webcam-logitech-c920-full-hd-1080p-foto-15-mp-enfoque-automatico-2-micofonos-usb-pcmacandroid.jpg\" \/>\n\t<meta property=\"og:image:width\" content=\"200\" \/>\n\t<meta property=\"og:image:height\" content=\"200\" \/>\n\t<meta property=\"og:image:type\" content=\"image\/jpeg\" \/>\n<meta name=\"twitter:card\" content=\"summary_large_image\" \/>\n<meta name=\"twitter:label1\" content=\"Precio\" \/>\n\t<meta name=\"twitter:data1\" content=\"&#36;1,429 con IVA\" \/>\n\t<meta name=\"twitter:label2\" content=\"Availability\" \/>\n\t<meta name=\"twitter:data2\" content=\"In stock\" \/>\n<script type=\"application\/ld+json\" class=\"yoast-schema-graph\">{\"@context\":\"https:\/\/schema.org\",\"@graph\":[{\"@type\":\"WebPage\",\"@id\":\"https:\/\/compuviper.mx\/tienda\/producto\/logitech-960-000764-webcam-c920-pro-full-hd-1080p-a-30-fps-3mp-foto-15mp-enfoque-automatico-2-micofonos-usb\/\",\"url\":\"https:\/\/compuviper.mx\/tienda\/producto\/logitech-960-000764-webcam-c920-pro-full-hd-1080p-a-30-fps-3mp-foto-15mp-enfoque-automatico-2-micofonos-usb\/\",\"name\":\"[ Logitech ] &#129351; 960-000764 Webcam C920 Pro Full Hd 1080p A 30 Fps 3mp Foto 15mp Enfoque Automatico 2 Micofonos Usb\",\"isPartOf\":{\"@id\":\"https:\/\/compuviper.mx\/tienda\/#website\"},\"datePublished\":\"2026-04-09T06:19:33+00:00\",\"dateModified\":\"2026-04-09T06:19:33+00:00\",\"description\":\"Compra 960-000764 Webcam C920 Pro Full Hd 1080p A 30 Fps 3mp Foto 15mp Enfoque Automatico 2 Micofonos Usb + Env\u00edo a domicilio + Pago seguro + Garant\u00eda\",\"breadcrumb\":{\"@id\":\"https:\/\/compuviper.mx\/tienda\/producto\/logitech-960-000764-webcam-c920-pro-full-hd-1080p-a-30-fps-3mp-foto-15mp-enfoque-automatico-2-micofonos-usb\/#breadcrumb\"},\"inLanguage\":\"es-MX\",\"potentialAction\":[{\"@type\":\"ReadAction\",\"target\":[\"https:\/\/compuviper.mx\/tienda\/producto\/logitech-960-000764-webcam-c920-pro-full-hd-1080p-a-30-fps-3mp-foto-15mp-enfoque-automatico-2-micofonos-usb\/\"]}]},{\"@type\":\"BreadcrumbList\",\"@id\":\"https:\/\/compuviper.mx\/tienda\/producto\/logitech-960-000764-webcam-c920-pro-full-hd-1080p-a-30-fps-3mp-foto-15mp-enfoque-automatico-2-micofonos-usb\/#breadcrumb\",\"itemListElement\":[{\"@type\":\"ListItem\",\"position\":1,\"name\":\"Inicio\",\"item\":\"https:\/\/compuviper.mx\/tienda\/\"},{\"@type\":\"ListItem\",\"position\":2,\"name\":\"Productos\",\"item\":\"https:\/\/compuviper.mx\/tienda\/productos\/\"},{\"@type\":\"ListItem\",\"position\":3,\"name\":\"Camaras\",\"item\":\"https:\/\/compuviper.mx\/tienda\/categoria-producto\/camaras-2\/\"},{\"@type\":\"ListItem\",\"position\":4,\"name\":\"Camara Web\",\"item\":\"https:\/\/compuviper.mx\/tienda\/categoria-producto\/camaras-2\/camara-web\/\"},{\"@type\":\"ListItem\",\"position\":5,\"name\":\"Logitech 960-000764 Webcam C920 Pro Full Hd 1080p A 30 Fps 3mp Foto 15mp Enfoque Automatico 2 Micofonos Usb\"}]},{\"@type\":\"WebSite\",\"@id\":\"https:\/\/compuviper.mx\/tienda\/#website\",\"url\":\"https:\/\/compuviper.mx\/tienda\/\",\"name\":\"Compuviper\",\"description\":\"Proveedor de Computadoras, Laptops, Servidores, Monitores, Puntos de Venta, Teclados,   Impresoras, T\u00f3ner, C\u00e1maras de Seguridad y m\u00e1s en tu tienda en l\u00ednea\",\"publisher\":{\"@id\":\"https:\/\/compuviper.mx\/tienda\/#organization\"},\"potentialAction\":[{\"@type\":\"SearchAction\",\"target\":{\"@type\":\"EntryPoint\",\"urlTemplate\":\"https:\/\/compuviper.mx\/tienda\/?s={search_term_string}\"},\"query-input\":\"required name=search_term_string\"}],\"inLanguage\":\"es-MX\"},{\"@type\":\"Organization\",\"@id\":\"https:\/\/compuviper.mx\/tienda\/#organization\",\"name\":\"Compuviper\",\"url\":\"https:\/\/compuviper.mx\/tienda\/\",\"logo\":{\"@type\":\"ImageObject\",\"inLanguage\":\"es-MX\",\"@id\":\"https:\/\/compuviper.mx\/tienda\/#\/schema\/logo\/image\/\",\"url\":\"https:\/\/compuviper.mx\/tienda\/wp-content\/uploads\/2021\/08\/Logo-Compuviper-10.png\",\"contentUrl\":\"https:\/\/compuviper.mx\/tienda\/wp-content\/uploads\/2021\/08\/Logo-Compuviper-10.png\",\"width\":1000,\"height\":500,\"caption\":\"Compuviper\"},\"image\":{\"@id\":\"https:\/\/compuviper.mx\/tienda\/#\/schema\/logo\/image\/\"},\"sameAs\":[\"https:\/\/www.facebook.com\/compuviper\",\"https:\/\/www.youtube.com\/channel\/UCf73dERp9Y3cfOq7q8BhLjA?view_as=subscriber\"]}]}<\/script>\n<meta property=\"product:brand\" content=\"LOGITECH\" \/>\n<meta property=\"product:price:amount\" content=\"1429\" \/>\n<meta property=\"product:price:currency\" content=\"MXN\" \/>\n<meta property=\"og:availability\" content=\"instock\" \/>\n<meta property=\"product:availability\" content=\"instock\" \/>\n<meta property=\"product:retailer_item_id\" content=\"960-000764\" \/>\n<meta property=\"product:condition\" content=\"new\" \/>\n<!-- \/ Yoast SEO plugin. -->","yoast_head_json":{"title":"[ Logitech ] &#129351; 960-000764 Webcam C920 Pro Full Hd 1080p A 30 Fps 3mp Foto 15mp Enfoque Automatico 2 Micofonos Usb","description":"Compra 960-000764 Webcam C920 Pro Full Hd 1080p A 30 Fps 3mp Foto 15mp Enfoque Automatico 2 Micofonos Usb + Env\u00edo a domicilio + Pago seguro + Garant\u00eda","robots":{"index":"index","follow":"follow","max-snippet":"max-snippet:-1","max-image-preview":"max-image-preview:large","max-video-preview":"max-video-preview:-1"},"canonical":"https:\/\/compuviper.mx\/tienda\/producto\/logitech-960-000764-webcam-c920-pro-full-hd-1080p-a-30-fps-3mp-foto-15mp-enfoque-automatico-2-micofonos-usb\/","og_locale":"es_MX","og_type":"article","og_title":"[ Logitech ] &#129351; 960-000764 Webcam C920 Pro Full Hd 1080p A 30 Fps 3mp Foto 15mp Enfoque Automatico 2 Micofonos Usb","og_description":"Compra 960-000764 Webcam C920 Pro Full Hd 1080p A 30 Fps 3mp Foto 15mp Enfoque Automatico 2 Micofonos Usb + Env\u00edo a domicilio + Pago seguro + Garant\u00eda","og_url":"https:\/\/compuviper.mx\/tienda\/producto\/logitech-960-000764-webcam-c920-pro-full-hd-1080p-a-30-fps-3mp-foto-15mp-enfoque-automatico-2-micofonos-usb\/","og_site_name":"Compuviper","article_publisher":"https:\/\/www.facebook.com\/compuviper","og_image":[{"width":200,"height":200,"url":"https:\/\/compuviper.mx\/tienda\/wp-content\/uploads\/2023\/12\/Webcam-logitech-c920-full-hd-1080p-foto-15-mp-enfoque-automatico-2-micofonos-usb-pcmacandroid.jpg","type":"image\/jpeg"}],"twitter_card":"summary_large_image","twitter_misc":{"Precio":"&#36;1,429 con IVA","Availability":"In stock"},"schema":{"@context":"https:\/\/schema.org","@graph":[{"@type":"WebPage","@id":"https:\/\/compuviper.mx\/tienda\/producto\/logitech-960-000764-webcam-c920-pro-full-hd-1080p-a-30-fps-3mp-foto-15mp-enfoque-automatico-2-micofonos-usb\/","url":"https:\/\/compuviper.mx\/tienda\/producto\/logitech-960-000764-webcam-c920-pro-full-hd-1080p-a-30-fps-3mp-foto-15mp-enfoque-automatico-2-micofonos-usb\/","name":"[ Logitech ] &#129351; 960-000764 Webcam C920 Pro Full Hd 1080p A 30 Fps 3mp Foto 15mp Enfoque Automatico 2 Micofonos Usb","isPartOf":{"@id":"https:\/\/compuviper.mx\/tienda\/#website"},"datePublished":"2026-04-09T06:19:33+00:00","dateModified":"2026-04-09T06:19:33+00:00","description":"Compra 960-000764 Webcam C920 Pro Full Hd 1080p A 30 Fps 3mp Foto 15mp Enfoque Automatico 2 Micofonos Usb + Env\u00edo a domicilio + Pago seguro + Garant\u00eda","breadcrumb":{"@id":"https:\/\/compuviper.mx\/tienda\/producto\/logitech-960-000764-webcam-c920-pro-full-hd-1080p-a-30-fps-3mp-foto-15mp-enfoque-automatico-2-micofonos-usb\/#breadcrumb"},"inLanguage":"es-MX","potentialAction":[{"@type":"ReadAction","target":["https:\/\/compuviper.mx\/tienda\/producto\/logitech-960-000764-webcam-c920-pro-full-hd-1080p-a-30-fps-3mp-foto-15mp-enfoque-automatico-2-micofonos-usb\/"]}]},{"@type":"BreadcrumbList","@id":"https:\/\/compuviper.mx\/tienda\/producto\/logitech-960-000764-webcam-c920-pro-full-hd-1080p-a-30-fps-3mp-foto-15mp-enfoque-automatico-2-micofonos-usb\/#breadcrumb","itemListElement":[{"@type":"ListItem","position":1,"name":"Inicio","item":"https:\/\/compuviper.mx\/tienda\/"},{"@type":"ListItem","position":2,"name":"Productos","item":"https:\/\/compuviper.mx\/tienda\/productos\/"},{"@type":"ListItem","position":3,"name":"Camaras","item":"https:\/\/compuviper.mx\/tienda\/categoria-producto\/camaras-2\/"},{"@type":"ListItem","position":4,"name":"Camara Web","item":"https:\/\/compuviper.mx\/tienda\/categoria-producto\/camaras-2\/camara-web\/"},{"@type":"ListItem","position":5,"name":"Logitech 960-000764 Webcam C920 Pro Full Hd 1080p A 30 Fps 3mp Foto 15mp Enfoque Automatico 2 Micofonos Usb"}]},{"@type":"WebSite","@id":"https:\/\/compuviper.mx\/tienda\/#website","url":"https:\/\/compuviper.mx\/tienda\/","name":"Compuviper","description":"Proveedor de Computadoras, Laptops, Servidores, Monitores, Puntos de Venta, Teclados,   Impresoras, T\u00f3ner, C\u00e1maras de Seguridad y m\u00e1s en tu tienda en l\u00ednea","publisher":{"@id":"https:\/\/compuviper.mx\/tienda\/#organization"},"potentialAction":[{"@type":"SearchAction","target":{"@type":"EntryPoint","urlTemplate":"https:\/\/compuviper.mx\/tienda\/?s={search_term_string}"},"query-input":"required name=search_term_string"}],"inLanguage":"es-MX"},{"@type":"Organization","@id":"https:\/\/compuviper.mx\/tienda\/#organization","name":"Compuviper","url":"https:\/\/compuviper.mx\/tienda\/","logo":{"@type":"ImageObject","inLanguage":"es-MX","@id":"https:\/\/compuviper.mx\/tienda\/#\/schema\/logo\/image\/","url":"https:\/\/compuviper.mx\/tienda\/wp-content\/uploads\/2021\/08\/Logo-Compuviper-10.png","contentUrl":"https:\/\/compuviper.mx\/tienda\/wp-content\/uploads\/2021\/08\/Logo-Compuviper-10.png","width":1000,"height":500,"caption":"Compuviper"},"image":{"@id":"https:\/\/compuviper.mx\/tienda\/#\/schema\/logo\/image\/"},"sameAs":["https:\/\/www.facebook.com\/compuviper","https:\/\/www.youtube.com\/channel\/UCf73dERp9Y3cfOq7q8BhLjA?view_as=subscriber"]}]},"product_brand":"LOGITECH","product_price_amount":"1429","product_price_currency":"MXN","og_availability":"instock","product_availability":"instock","product_retailer_item_id":"960-000764","product_condition":"new"},"_links":{"self":[{"href":"https:\/\/compuviper.mx\/tienda\/wp-json\/wp\/v2\/product\/217025"}],"collection":[{"href":"https:\/\/compuviper.mx\/tienda\/wp-json\/wp\/v2\/product"}],"about":[{"href":"https:\/\/compuviper.mx\/tienda\/wp-json\/wp\/v2\/types\/product"}],"replies":[{"embeddable":true,"href":"https:\/\/compuviper.mx\/tienda\/wp-json\/wp\/v2\/comments?post=217025"}],"wp:featuredmedia":[{"embeddable":true,"href":"https:\/\/compuviper.mx\/tienda\/wp-json\/wp\/v2\/media\/217026"}],"wp:attachment":[{"href":"https:\/\/compuviper.mx\/tienda\/wp-json\/wp\/v2\/media?parent=217025"}],"wp:term":[{"taxonomy":"product_cat","embeddable":true,"href":"https:\/\/compuviper.mx\/tienda\/wp-json\/wp\/v2\/product_cat?post=217025"},{"taxonomy":"product_tag","embeddable":true,"href":"https:\/\/compuviper.mx\/tienda\/wp-json\/wp\/v2\/product_tag?post=217025"}],"curies":[{"name":"wp","href":"https:\/\/api.w.org\/{rel}","templated":true}]}}