{"id":217024,"date":"2026-04-09T00:11:30","date_gmt":"2026-04-09T06:11:30","guid":{"rendered":"https:\/\/compuviper.mx\/tienda\/producto\/logitech-960-001615-webcam-brio-100-blanco-fhd-1080-a-30-fps-58-rightlight-2-microfono-usb-a-win-mac-chrome\/"},"modified":"2026-04-09T00:11:30","modified_gmt":"2026-04-09T06:11:30","slug":"logitech-960-001615-webcam-brio-100-blanco-fhd-1080-a-30-fps-58-rightlight-2-microfono-usb-a-win-mac-chrome","status":"publish","type":"product","link":"https:\/\/compuviper.mx\/tienda\/producto\/logitech-960-001615-webcam-brio-100-blanco-fhd-1080-a-30-fps-58-rightlight-2-microfono-usb-a-win-mac-chrome\/","title":{"rendered":"Logitech 960-001615 Webcam  Brio 100 Blanco Fhd 1080 A 30 Fps 58? Rightlight 2, Microfono Usb-a Win\/  Mac \/ Chrome"},"content":{"rendered":"<table class=\"descripcion\">\n<tr>\n<td>Especificaciones y detalles<\/td>\n<\/tr>\n<tr>\n<td>Dimensiones<\/td>\n<\/tr>\n<tr>\n<td>Altura: 31,91 mm<\/td>\n<\/tr>\n<tr>\n<td>Ancho: 72,91 mm<\/td>\n<\/tr>\n<tr>\n<td>Profundidad: 66,64 mm<\/td>\n<\/tr>\n<tr>\n<td>Peso: 75 g, s\u00f3lo c\u00e1mara (sin incluir peso del cable)<\/td>\n<\/tr>\n<tr>\n<td>Longitud del cable fijo: 1,5 m<\/td>\n<\/tr>\n<tr>\n<td>Especificaciones t\u00e9cnicas<\/td>\n<\/tr>\n<tr>\n<td>M\u00faltiples resoluciones<\/td>\n<\/tr>\n<tr>\n<td>1080p\/30 fps (1920 x 1080 p\u00edxeles)<\/td>\n<\/tr>\n<tr>\n<td>720p\/30 fps (1280 x 720 p\u00edxeles)<\/td>\n<\/tr>\n<tr>\n<td>Megap\u00edxeles de c\u00e1mara: 2 mp<\/td>\n<\/tr>\n<tr>\n<td>Tipo de enfoque: foco fijo<\/td>\n<\/tr>\n<tr>\n<td>Tipo de lente: lente especial de pl\u00e1stico de 4 elementos con revestimiento antirreflectante<\/td>\n<\/tr>\n<tr>\n<td>(se requieren al menos 2 gb de ram para streaming de video 1080p y suele hacer falta 1 gb para streaming 720p)<\/td>\n<\/tr>\n<tr>\n<td>Tipo de micr\u00f3fono integrado<\/td>\n<\/tr>\n<tr>\n<td>Micr\u00f3fono omnidireccional<\/td>\n<\/tr>\n<tr>\n<td>Radio de acci\u00f3n del micr\u00f3fono: hasta 1 m<\/td>\n<\/tr>\n<tr>\n<td>Campo visual diagonal (dfov): 58\u00b0<\/td>\n<\/tr>\n<tr>\n<td>Tapa de privacidad integrada<\/td>\n<\/tr>\n<tr>\n<td>Conectividad usb: plug and play usb-a<\/td>\n<\/tr>\n<tr>\n<td>Correcci\u00f3n de iluminaci\u00f3n autom\u00e1tica rightlight 2 para luces dif\u00edciles<\/td>\n<\/tr>\n<tr>\n<td>Sostenibilidad<\/td>\n<\/tr>\n<tr>\n<td>Pl\u00e1stico en grafito: 77% de material reciclado posconsumo 1excluye componentes electr\u00f3nicos (ee), cables y empaque.<\/td>\n<\/tr>\n<tr>\n<td>Pl\u00e1stico en blanco crudo: 34% de material reciclado posconsumo 2excluye componentes electr\u00f3nicos (ee), cables y empaque.<\/td>\n<\/tr>\n<tr>\n<td>Empacado de papel: certificaci\u00f3n para fsc\u0099<\/td>\n<\/tr>\n<tr>\n<td>Con certificaci\u00f3n de carbono neutral<\/td>\n<\/tr>\n<tr>\n<td>Informaci\u00f3n de garant\u00eda<\/td>\n<\/tr>\n<tr>\n<td>Un a\u00f1o de garant\u00eda de hardware limitada<\/td>\n<\/tr>\n<tr>\n<td>N\u00famero de referencia<\/td>\n<\/tr>\n<tr>\n<td>Blanco crudo : 960-001615<\/td>\n<\/tr>\n<tr>\n<td>Grafito : 960-001586<\/td>\n<\/tr>\n<\/table>\n","protected":false},"excerpt":{"rendered":"<p>Mejor imagen y sonido para reuniones excepcionales. Obt\u00e9n mejores videollamadas con full hd, balance de iluminaci\u00f3n autom\u00e1tico y un micr\u00f3fono integrado, adem\u00e1s de un obturador de privacidad. Luce mejor. Gran iluminaci\u00f3n. La resoluci\u00f3n full hd 1080p te ofrece una mejor claridad para mejores video llamadas.. Luce un 50% m\u00e1s brillante. Rightlight aumenta el brillo hasta un 50%, lo que reduce las sombras, para que luzcas lo mejor posible, en comparaci\u00f3n con las c\u00e1maras web logitech de la generaci\u00f3n anterior.3la c\u00e1mara web brio 100 fue probada por logitech con la c\u00e1mara web logitech c270. Las pruebas se realizaron en un entorno controlado y, a lo largo del d\u00eda, la mejora media ponderada del brillo del rostro del usuario fue del 50%. Los resultados variar\u00e1n seg\u00fan las condiciones de iluminaci\u00f3n reales. Obt\u00e9n total privacidad. Dise\u00f1ado cuidadosamente para tu trabajo desde casa, el obturador de privacidad integrado te brinda privacidad confiable. Cuando termines el d\u00eda, desliza la tapa de privacidad para tu tranquilidad. Plug and play en su plataforma. Brio 100 es compatible con la mayor\u00eda de plataformas de llamadas como microsoft teams, google meety zoom, y con la mayor\u00eda de sistemas operativos como windows, macosy chromeos. Personalizar con la aplicaci\u00f3n logi options . La aplicaci\u00f3n f\u00e1cil de usar te permite personalizar la configuraci\u00f3n visual para que puedas verte lo mejor posible en las videollamadas. Hecho por logitech. Logitech es una marca de confianza en c\u00e1maras web con d\u00e9cadas de innovaci\u00f3n en el dise\u00f1o, que garantizan una alta calidad y durabilidad.<\/p>\n","protected":false},"featured_media":233922,"comment_status":"open","ping_status":"open","template":"","meta":[],"product_cat":[1682,1608],"product_tag":[1500],"acf":[],"yoast_head":"<!-- This site is optimized with the Yoast SEO plugin v21.7 - https:\/\/yoast.com\/wordpress\/plugins\/seo\/ -->\n<title>[ Logitech ] &#129351; 960-001615 Webcam Brio 100 Blanco Fhd 1080 A 30 Fps 58\u00b0 Rightlight 2, Microfono Usb-a Win\/ Mac \/ Chrome<\/title>\n<meta name=\"description\" content=\"Compra 960-001615 Webcam Brio 100 Blanco Fhd 1080 A 30 Fps 58\u00b0 Rightlight 2, Microfono Usb-a Win\/ Mac \/ Chrome + Env\u00edo a domicilio + Pago seguro + Garant\u00eda\" \/>\n<meta name=\"robots\" content=\"index, follow, max-snippet:-1, max-image-preview:large, max-video-preview:-1\" \/>\n<link rel=\"canonical\" href=\"https:\/\/compuviper.mx\/tienda\/producto\/logitech-960-001615-webcam-brio-100-blanco-fhd-1080-a-30-fps-58-rightlight-2-microfono-usb-a-win-mac-chrome\/\" \/>\n<meta property=\"og:locale\" content=\"es_MX\" \/>\n<meta property=\"og:type\" content=\"article\" \/>\n<meta property=\"og:title\" content=\"[ Logitech ] &#129351; 960-001615 Webcam Brio 100 Blanco Fhd 1080 A 30 Fps 58\u00b0 Rightlight 2, Microfono Usb-a Win\/ Mac \/ Chrome\" \/>\n<meta property=\"og:description\" content=\"Compra 960-001615 Webcam Brio 100 Blanco Fhd 1080 A 30 Fps 58\u00b0 Rightlight 2, Microfono Usb-a Win\/ Mac \/ Chrome + Env\u00edo a domicilio + Pago seguro + Garant\u00eda\" \/>\n<meta property=\"og:url\" content=\"https:\/\/compuviper.mx\/tienda\/producto\/logitech-960-001615-webcam-brio-100-blanco-fhd-1080-a-30-fps-58-rightlight-2-microfono-usb-a-win-mac-chrome\/\" \/>\n<meta property=\"og:site_name\" content=\"Compuviper\" \/>\n<meta property=\"article:publisher\" content=\"https:\/\/www.facebook.com\/compuviper\" \/>\n<meta property=\"og:image\" content=\"https:\/\/compuviper.mx\/tienda\/wp-content\/uploads\/2024\/05\/Webcam-logitech-brio-100-blanco-fhd-1080-a-30-fps-58\u00b0-rightlight-2-microfono-usb-a-win-mac-chrome.jpg\" \/>\n\t<meta property=\"og:image:width\" content=\"200\" \/>\n\t<meta property=\"og:image:height\" content=\"200\" \/>\n\t<meta property=\"og:image:type\" content=\"image\/jpeg\" \/>\n<meta name=\"twitter:card\" content=\"summary_large_image\" \/>\n<meta name=\"twitter:label1\" content=\"Precio\" \/>\n\t<meta name=\"twitter:data1\" content=\"&#36;733 con IVA\" \/>\n\t<meta name=\"twitter:label2\" content=\"Availability\" \/>\n\t<meta name=\"twitter:data2\" content=\"In stock\" \/>\n<script type=\"application\/ld+json\" class=\"yoast-schema-graph\">{\"@context\":\"https:\/\/schema.org\",\"@graph\":[{\"@type\":\"WebPage\",\"@id\":\"https:\/\/compuviper.mx\/tienda\/producto\/logitech-960-001615-webcam-brio-100-blanco-fhd-1080-a-30-fps-58-rightlight-2-microfono-usb-a-win-mac-chrome\/\",\"url\":\"https:\/\/compuviper.mx\/tienda\/producto\/logitech-960-001615-webcam-brio-100-blanco-fhd-1080-a-30-fps-58-rightlight-2-microfono-usb-a-win-mac-chrome\/\",\"name\":\"[ Logitech ] &#129351; 960-001615 Webcam Brio 100 Blanco Fhd 1080 A 30 Fps 58\u00b0 Rightlight 2, Microfono Usb-a Win\/ Mac \/ Chrome\",\"isPartOf\":{\"@id\":\"https:\/\/compuviper.mx\/tienda\/#website\"},\"datePublished\":\"2026-04-09T06:11:30+00:00\",\"dateModified\":\"2026-04-09T06:11:30+00:00\",\"description\":\"Compra 960-001615 Webcam Brio 100 Blanco Fhd 1080 A 30 Fps 58\u00b0 Rightlight 2, Microfono Usb-a Win\/ Mac \/ Chrome + Env\u00edo a domicilio + Pago seguro + Garant\u00eda\",\"breadcrumb\":{\"@id\":\"https:\/\/compuviper.mx\/tienda\/producto\/logitech-960-001615-webcam-brio-100-blanco-fhd-1080-a-30-fps-58-rightlight-2-microfono-usb-a-win-mac-chrome\/#breadcrumb\"},\"inLanguage\":\"es-MX\",\"potentialAction\":[{\"@type\":\"ReadAction\",\"target\":[\"https:\/\/compuviper.mx\/tienda\/producto\/logitech-960-001615-webcam-brio-100-blanco-fhd-1080-a-30-fps-58-rightlight-2-microfono-usb-a-win-mac-chrome\/\"]}]},{\"@type\":\"BreadcrumbList\",\"@id\":\"https:\/\/compuviper.mx\/tienda\/producto\/logitech-960-001615-webcam-brio-100-blanco-fhd-1080-a-30-fps-58-rightlight-2-microfono-usb-a-win-mac-chrome\/#breadcrumb\",\"itemListElement\":[{\"@type\":\"ListItem\",\"position\":1,\"name\":\"Inicio\",\"item\":\"https:\/\/compuviper.mx\/tienda\/\"},{\"@type\":\"ListItem\",\"position\":2,\"name\":\"Productos\",\"item\":\"https:\/\/compuviper.mx\/tienda\/productos\/\"},{\"@type\":\"ListItem\",\"position\":3,\"name\":\"Camaras\",\"item\":\"https:\/\/compuviper.mx\/tienda\/categoria-producto\/camaras-2\/\"},{\"@type\":\"ListItem\",\"position\":4,\"name\":\"Camara Web\",\"item\":\"https:\/\/compuviper.mx\/tienda\/categoria-producto\/camaras-2\/camara-web\/\"},{\"@type\":\"ListItem\",\"position\":5,\"name\":\"Logitech 960-001615 Webcam Brio 100 Blanco Fhd 1080 A 30 Fps 58? Rightlight 2, Microfono Usb-a Win\/ Mac \/ Chrome\"}]},{\"@type\":\"WebSite\",\"@id\":\"https:\/\/compuviper.mx\/tienda\/#website\",\"url\":\"https:\/\/compuviper.mx\/tienda\/\",\"name\":\"Compuviper\",\"description\":\"Proveedor de Computadoras, Laptops, Servidores, Monitores, Puntos de Venta, Teclados,   Impresoras, T\u00f3ner, C\u00e1maras de Seguridad y m\u00e1s en tu tienda en l\u00ednea\",\"publisher\":{\"@id\":\"https:\/\/compuviper.mx\/tienda\/#organization\"},\"potentialAction\":[{\"@type\":\"SearchAction\",\"target\":{\"@type\":\"EntryPoint\",\"urlTemplate\":\"https:\/\/compuviper.mx\/tienda\/?s={search_term_string}\"},\"query-input\":\"required name=search_term_string\"}],\"inLanguage\":\"es-MX\"},{\"@type\":\"Organization\",\"@id\":\"https:\/\/compuviper.mx\/tienda\/#organization\",\"name\":\"Compuviper\",\"url\":\"https:\/\/compuviper.mx\/tienda\/\",\"logo\":{\"@type\":\"ImageObject\",\"inLanguage\":\"es-MX\",\"@id\":\"https:\/\/compuviper.mx\/tienda\/#\/schema\/logo\/image\/\",\"url\":\"https:\/\/compuviper.mx\/tienda\/wp-content\/uploads\/2021\/08\/Logo-Compuviper-10.png\",\"contentUrl\":\"https:\/\/compuviper.mx\/tienda\/wp-content\/uploads\/2021\/08\/Logo-Compuviper-10.png\",\"width\":1000,\"height\":500,\"caption\":\"Compuviper\"},\"image\":{\"@id\":\"https:\/\/compuviper.mx\/tienda\/#\/schema\/logo\/image\/\"},\"sameAs\":[\"https:\/\/www.facebook.com\/compuviper\",\"https:\/\/www.youtube.com\/channel\/UCf73dERp9Y3cfOq7q8BhLjA?view_as=subscriber\"]}]}<\/script>\n<meta property=\"product:brand\" content=\"LOGITECH\" \/>\n<meta property=\"product:price:amount\" content=\"733\" \/>\n<meta property=\"product:price:currency\" content=\"MXN\" \/>\n<meta property=\"og:availability\" content=\"instock\" \/>\n<meta property=\"product:availability\" content=\"instock\" \/>\n<meta property=\"product:retailer_item_id\" content=\"960-001615\" \/>\n<meta property=\"product:condition\" content=\"new\" \/>\n<!-- \/ Yoast SEO plugin. -->","yoast_head_json":{"title":"[ Logitech ] &#129351; 960-001615 Webcam Brio 100 Blanco Fhd 1080 A 30 Fps 58\u00b0 Rightlight 2, Microfono Usb-a Win\/ Mac \/ Chrome","description":"Compra 960-001615 Webcam Brio 100 Blanco Fhd 1080 A 30 Fps 58\u00b0 Rightlight 2, Microfono Usb-a Win\/ Mac \/ Chrome + Env\u00edo a domicilio + Pago seguro + Garant\u00eda","robots":{"index":"index","follow":"follow","max-snippet":"max-snippet:-1","max-image-preview":"max-image-preview:large","max-video-preview":"max-video-preview:-1"},"canonical":"https:\/\/compuviper.mx\/tienda\/producto\/logitech-960-001615-webcam-brio-100-blanco-fhd-1080-a-30-fps-58-rightlight-2-microfono-usb-a-win-mac-chrome\/","og_locale":"es_MX","og_type":"article","og_title":"[ Logitech ] &#129351; 960-001615 Webcam Brio 100 Blanco Fhd 1080 A 30 Fps 58\u00b0 Rightlight 2, Microfono Usb-a Win\/ Mac \/ Chrome","og_description":"Compra 960-001615 Webcam Brio 100 Blanco Fhd 1080 A 30 Fps 58\u00b0 Rightlight 2, Microfono Usb-a Win\/ Mac \/ Chrome + Env\u00edo a domicilio + Pago seguro + Garant\u00eda","og_url":"https:\/\/compuviper.mx\/tienda\/producto\/logitech-960-001615-webcam-brio-100-blanco-fhd-1080-a-30-fps-58-rightlight-2-microfono-usb-a-win-mac-chrome\/","og_site_name":"Compuviper","article_publisher":"https:\/\/www.facebook.com\/compuviper","og_image":[{"width":200,"height":200,"url":"https:\/\/compuviper.mx\/tienda\/wp-content\/uploads\/2024\/05\/Webcam-logitech-brio-100-blanco-fhd-1080-a-30-fps-58\u00b0-rightlight-2-microfono-usb-a-win-mac-chrome.jpg","type":"image\/jpeg"}],"twitter_card":"summary_large_image","twitter_misc":{"Precio":"&#36;733 con IVA","Availability":"In stock"},"schema":{"@context":"https:\/\/schema.org","@graph":[{"@type":"WebPage","@id":"https:\/\/compuviper.mx\/tienda\/producto\/logitech-960-001615-webcam-brio-100-blanco-fhd-1080-a-30-fps-58-rightlight-2-microfono-usb-a-win-mac-chrome\/","url":"https:\/\/compuviper.mx\/tienda\/producto\/logitech-960-001615-webcam-brio-100-blanco-fhd-1080-a-30-fps-58-rightlight-2-microfono-usb-a-win-mac-chrome\/","name":"[ Logitech ] &#129351; 960-001615 Webcam Brio 100 Blanco Fhd 1080 A 30 Fps 58\u00b0 Rightlight 2, Microfono Usb-a Win\/ Mac \/ Chrome","isPartOf":{"@id":"https:\/\/compuviper.mx\/tienda\/#website"},"datePublished":"2026-04-09T06:11:30+00:00","dateModified":"2026-04-09T06:11:30+00:00","description":"Compra 960-001615 Webcam Brio 100 Blanco Fhd 1080 A 30 Fps 58\u00b0 Rightlight 2, Microfono Usb-a Win\/ Mac \/ Chrome + Env\u00edo a domicilio + Pago seguro + Garant\u00eda","breadcrumb":{"@id":"https:\/\/compuviper.mx\/tienda\/producto\/logitech-960-001615-webcam-brio-100-blanco-fhd-1080-a-30-fps-58-rightlight-2-microfono-usb-a-win-mac-chrome\/#breadcrumb"},"inLanguage":"es-MX","potentialAction":[{"@type":"ReadAction","target":["https:\/\/compuviper.mx\/tienda\/producto\/logitech-960-001615-webcam-brio-100-blanco-fhd-1080-a-30-fps-58-rightlight-2-microfono-usb-a-win-mac-chrome\/"]}]},{"@type":"BreadcrumbList","@id":"https:\/\/compuviper.mx\/tienda\/producto\/logitech-960-001615-webcam-brio-100-blanco-fhd-1080-a-30-fps-58-rightlight-2-microfono-usb-a-win-mac-chrome\/#breadcrumb","itemListElement":[{"@type":"ListItem","position":1,"name":"Inicio","item":"https:\/\/compuviper.mx\/tienda\/"},{"@type":"ListItem","position":2,"name":"Productos","item":"https:\/\/compuviper.mx\/tienda\/productos\/"},{"@type":"ListItem","position":3,"name":"Camaras","item":"https:\/\/compuviper.mx\/tienda\/categoria-producto\/camaras-2\/"},{"@type":"ListItem","position":4,"name":"Camara Web","item":"https:\/\/compuviper.mx\/tienda\/categoria-producto\/camaras-2\/camara-web\/"},{"@type":"ListItem","position":5,"name":"Logitech 960-001615 Webcam Brio 100 Blanco Fhd 1080 A 30 Fps 58? Rightlight 2, Microfono Usb-a Win\/ Mac \/ Chrome"}]},{"@type":"WebSite","@id":"https:\/\/compuviper.mx\/tienda\/#website","url":"https:\/\/compuviper.mx\/tienda\/","name":"Compuviper","description":"Proveedor de Computadoras, Laptops, Servidores, Monitores, Puntos de Venta, Teclados,   Impresoras, T\u00f3ner, C\u00e1maras de Seguridad y m\u00e1s en tu tienda en l\u00ednea","publisher":{"@id":"https:\/\/compuviper.mx\/tienda\/#organization"},"potentialAction":[{"@type":"SearchAction","target":{"@type":"EntryPoint","urlTemplate":"https:\/\/compuviper.mx\/tienda\/?s={search_term_string}"},"query-input":"required name=search_term_string"}],"inLanguage":"es-MX"},{"@type":"Organization","@id":"https:\/\/compuviper.mx\/tienda\/#organization","name":"Compuviper","url":"https:\/\/compuviper.mx\/tienda\/","logo":{"@type":"ImageObject","inLanguage":"es-MX","@id":"https:\/\/compuviper.mx\/tienda\/#\/schema\/logo\/image\/","url":"https:\/\/compuviper.mx\/tienda\/wp-content\/uploads\/2021\/08\/Logo-Compuviper-10.png","contentUrl":"https:\/\/compuviper.mx\/tienda\/wp-content\/uploads\/2021\/08\/Logo-Compuviper-10.png","width":1000,"height":500,"caption":"Compuviper"},"image":{"@id":"https:\/\/compuviper.mx\/tienda\/#\/schema\/logo\/image\/"},"sameAs":["https:\/\/www.facebook.com\/compuviper","https:\/\/www.youtube.com\/channel\/UCf73dERp9Y3cfOq7q8BhLjA?view_as=subscriber"]}]},"product_brand":"LOGITECH","product_price_amount":"733","product_price_currency":"MXN","og_availability":"instock","product_availability":"instock","product_retailer_item_id":"960-001615","product_condition":"new"},"_links":{"self":[{"href":"https:\/\/compuviper.mx\/tienda\/wp-json\/wp\/v2\/product\/217024"}],"collection":[{"href":"https:\/\/compuviper.mx\/tienda\/wp-json\/wp\/v2\/product"}],"about":[{"href":"https:\/\/compuviper.mx\/tienda\/wp-json\/wp\/v2\/types\/product"}],"replies":[{"embeddable":true,"href":"https:\/\/compuviper.mx\/tienda\/wp-json\/wp\/v2\/comments?post=217024"}],"wp:featuredmedia":[{"embeddable":true,"href":"https:\/\/compuviper.mx\/tienda\/wp-json\/wp\/v2\/media\/233922"}],"wp:attachment":[{"href":"https:\/\/compuviper.mx\/tienda\/wp-json\/wp\/v2\/media?parent=217024"}],"wp:term":[{"taxonomy":"product_cat","embeddable":true,"href":"https:\/\/compuviper.mx\/tienda\/wp-json\/wp\/v2\/product_cat?post=217024"},{"taxonomy":"product_tag","embeddable":true,"href":"https:\/\/compuviper.mx\/tienda\/wp-json\/wp\/v2\/product_tag?post=217024"}],"curies":[{"name":"wp","href":"https:\/\/api.w.org\/{rel}","templated":true}]}}