{"id":217017,"date":"2026-04-21T00:15:11","date_gmt":"2026-04-21T06:15:11","guid":{"rendered":"https:\/\/compuviper.mx\/tienda\/producto\/dahua-dh-ipc-hdbw3441r-as-p-cmara-ip-ipc-hdbw3441r-as-p-domo-antivandlica-4-mp-lente-2-1-mm-and-8738-180-ir-15-mts-ia-wizsense-det-de-mov-int-prot-perimetral-starlight-poe-wd\/"},"modified":"2026-04-21T00:15:11","modified_gmt":"2026-04-21T06:15:11","slug":"dahua-dh-ipc-hdbw3441r-as-p-cmara-ip-ipc-hdbw3441r-as-p-domo-antivandlica-4-mp-lente-2-1-mm-8738-180-ir-15-mts-ia-wizsense-det-de-mov-int-prot-perimetral-starlight-poe-wdr-h-265","status":"publish","type":"product","link":"https:\/\/compuviper.mx\/tienda\/producto\/dahua-dh-ipc-hdbw3441r-as-p-cmara-ip-ipc-hdbw3441r-as-p-domo-antivandlica-4-mp-lente-2-1-mm-8738-180-ir-15-mts-ia-wizsense-det-de-mov-int-prot-perimetral-starlight-poe-wdr-h-265\/","title":{"rendered":"Dahua Dh-ipc-hdbw3441r-as-p Cmara Ip\/ \/ Ipc-hdbw3441r-as-p\/ Domo Antivandlica 4 Mp\/ Lente 2.1 Mm\/ 8738 180\/ Ir 15 Mts\/ Ia Wizsense\/ Det. De Mov. Int.\/ Prot. Perimetral \/ Starlight \/ Poe \/ Wdr \/ H.265 \/ Ip67 \/ Ik10 M"},"content":{"rendered":"<table class=\"descripcion\">\n<tr>\n<td>Especificaciones<\/td>\n<\/tr>\n<tr>\n<td>\u0095cmos de 1\/2,7<\/td>\n<\/tr>\n<tr>\n<td>\u00954 megapxeles<\/td>\n<\/tr>\n<tr>\n<td>\u0095distancia de iluminacin 15 m led ir<\/td>\n<\/tr>\n<tr>\n<td>\u0095lente fijo 2.1 mm<\/td>\n<\/tr>\n<tr>\n<td>\u0095ivs proteccin perimetral: intrusin, cable trampa las dos funciones admiten la clasificacin y deteccin precisa de vehculos y personas<\/td>\n<\/tr>\n<tr>\n<td>\u0095smd 3.0: menos falsa alarma, mayor distancia de deteccin<\/td>\n<\/tr>\n<tr>\n<td>\u0095trabaje junto con smart nvr para realizar bsquedas inteligentes refinadas, extraccin de eventos y fusin con videos de eventos<\/td>\n<\/tr>\n<tr>\n<td>\u0095compresin de video: h.265; h.264; h.264b; mjpeg solo compatible con la transmisin secundaria<\/td>\n<\/tr>\n<tr>\n<td>\u0095cdec inteligente: inteligente h.265; inteligente h.264<\/td>\n<\/tr>\n<tr>\n<td>\u0095wdr real 120db<\/td>\n<\/tr>\n<tr>\n<td>\u0095reduccin de ruido nr 3d<\/td>\n<\/tr>\n<tr>\n<td>\u0095micrfono incorporado<\/td>\n<\/tr>\n<tr>\n<td>\u0095entrada de audio 1 canal puerto rca<\/td>\n<\/tr>\n<tr>\n<td>\u0095salida de audio 1 canal puerto rca<\/td>\n<\/tr>\n<tr>\n<td>\u0095entrada de alarma 1 canal de entrada: 5 ma 3\u00965 vcc<\/td>\n<\/tr>\n<tr>\n<td>\u0095salida de alarma 1 canal de salida: 1000 ma 30 v cc\/500 ma 50 v cc<\/td>\n<\/tr>\n<tr>\n<td>\u0095fuente de alimentacin 12 vcc\/poe<\/td>\n<\/tr>\n<tr>\n<td>\u0095proteccin ip67, ik10<\/td>\n<\/tr>\n<\/table>\n","protected":false},"excerpt":{"rendered":"<p>Informacin general. Con un algoritmo de aprendizaje profundo avanzado, la c\u00e1mara de red de la serie dahua wizsense 3 admite funciones inteligentes, como proteccin perimetral y deteccin de movimiento inteligente. Con la tecnologa starlight, esta c\u00e1mara de la serie proporciona un mejor efecto de imagen en condiciones de baja iluminacin. Deteccin y seguimiento avanzado. Con algoritmos avanzados de deteccin y seguimiento de objetivos, la tecnologa dahua eptz puede acercarse y rastrear simult\u00e1neamente a mltiples personas y vehculos que activan las alarmas. Proporciona ricos detalles y una vista panor\u00e1mica al mismo tiempo. Smd 3.0. Con un algoritmo inteligente, la tecnologa de deteccin de movimiento inteligente de dahua puede categorizar los objetivos que activan la deteccin de movimiento y filtrar la alarma de deteccin de movimiento activada por objetivos no afectados para generar una alarma efectiva y precisa. Codificacin inteligente. Con un algoritmo avanzado de control de velocidad adaptable a la escena, la tecnologa de codificacin inteligente de dahua logra una mayor eficiencia de codificacin que h.265 y h.264, proporciona video de alta calidad y reduce el costo de almacenamiento y transmisin. Proteccin perimetral. Con un algoritmo de aprendizaje profundo, la tecnologa de proteccin perimetral de dahua puede reconocer a humanos y vehculos con precisin. En \u00e1reas restringidas como \u00e1reas para peatones y vehculos, las falsas alarmas de deteccin inteligente basadas en el tipo de objetivo como cable trampa, intrusin se reducen en gran medida. Proteccin. Ip67: la c\u00e1mara pasa una serie de pruebas estrictas sobre polvo y remojo. Tiene una funcin a prueba de polvo y la carcasa puede funcionar normalmente despus de sumergirse en agua a 1 m de profundidad durante 30 minutos. Ik10: el recinto puede soportar m\u00e1s de 5 golpes de un martillo de 5 kg que cae desde una altura de 40 cm la energa del impacto es de 20j. Amplio voltaje: la c\u00e1mara permite una tolerancia de voltaje de entrada de \u00b130  para algunas fuentes de alimentacin amplio rango de voltaje y se aplica ampliamente en ambientes exteriores con voltaje inestable. Principales caractersticas. \u0095cdec h.265, alta tasa de compresin, tasa de bits ultrabaja. \u0095led ir incorporado y el m\u00e1x. Distancia de iluminacin es de 15 m. \u0095roi, smart h.264 \/h.265, ai h.264\/h.265, codificacin flexible, aplicable a varios entornos de almacenamiento y ancho de banda. \u0095modo de rotacin, wdr, 3d nr, hlc, blc, marca de agua digital, aplicable a varias escenas de monitoreo. \u0095monitoreo inteligente: intrusin, cable trampa las dos funciones admiten la clasificacin y deteccin precisa de vehculos y humanos. \u0095deteccin de anomalas: deteccin de movimiento, manipulacin de video, cambio de escena, deteccin de audio, sin tarjeta sd, tarjeta sd llena, error de tarjeta sd, desconexin de red, conflicto de ip, acceso ilegal y deteccin de voltaje. \u0095alarma: 1 entrada, 1 salida; audio: 1 entrada, 1 salida; admite m\u00e1x. Tarjeta micro sd de 256g; micrfono integrado. \u0095eptz: ample y rastree los objetivos de las alarmas inteligentes. \u0095smd 3.0.<\/p>\n","protected":false},"featured_media":233915,"comment_status":"open","ping_status":"open","template":"","meta":[],"product_cat":[1681,1608],"product_tag":[1555],"acf":[],"yoast_head":"<!-- This site is optimized with the Yoast SEO plugin v21.7 - https:\/\/yoast.com\/wordpress\/plugins\/seo\/ -->\n<title>[ Dahua ] &#129351; Dh-ipc-hdbw3441r-as-p Cmara Ip\/ \/ Ipc-hdbw3441r-as-p\/ Domo Antivandlica 4 Mp\/ Lente 2.1 Mm\/ 8738 180\/ Ir 15 Mts\/ Ia Wizsense\/ Det. De Mov. Int.\/ Prot. Perimetral \/ Starlight \/ Poe \/ Wdr \/ H.265 \/ Ip67 \/ Ik10 M<\/title>\n<meta name=\"description\" content=\"Compra Dh-ipc-hdbw3441r-as-p Cmara Ip\/ \/ Ipc-hdbw3441r-as-p\/ Domo Antivandlica 4 Mp\/ Lente 2.1 Mm\/ 8738 180\/ Ir 15 Mts\/ Ia Wizsense\/ Det. De Mov. Int.\/ Prot. Perimetral \/ Starlight \/ Poe \/ Wdr \/ H.265 \/ Ip67 \/ Ik10 M + Env\u00edo a domicilio + Pago seguro + Garant\u00eda\" \/>\n<meta name=\"robots\" content=\"index, follow, max-snippet:-1, max-image-preview:large, max-video-preview:-1\" \/>\n<link rel=\"canonical\" href=\"https:\/\/compuviper.mx\/tienda\/producto\/dahua-dh-ipc-hdbw3441r-as-p-cmara-ip-ipc-hdbw3441r-as-p-domo-antivandlica-4-mp-lente-2-1-mm-8738-180-ir-15-mts-ia-wizsense-det-de-mov-int-prot-perimetral-starlight-poe-wdr-h-265\/\" \/>\n<meta property=\"og:locale\" content=\"es_MX\" \/>\n<meta property=\"og:type\" content=\"article\" \/>\n<meta property=\"og:title\" content=\"[ Dahua ] &#129351; Dh-ipc-hdbw3441r-as-p Cmara Ip\/ \/ Ipc-hdbw3441r-as-p\/ Domo Antivandlica 4 Mp\/ Lente 2.1 Mm\/ 8738 180\/ Ir 15 Mts\/ Ia Wizsense\/ Det. De Mov. Int.\/ Prot. Perimetral \/ Starlight \/ Poe \/ Wdr \/ H.265 \/ Ip67 \/ Ik10 M\" \/>\n<meta property=\"og:description\" content=\"Compra Dh-ipc-hdbw3441r-as-p Cmara Ip\/ \/ Ipc-hdbw3441r-as-p\/ Domo Antivandlica 4 Mp\/ Lente 2.1 Mm\/ 8738 180\/ Ir 15 Mts\/ Ia Wizsense\/ Det. De Mov. Int.\/ Prot. Perimetral \/ Starlight \/ Poe \/ Wdr \/ H.265 \/ Ip67 \/ Ik10 M + Env\u00edo a domicilio + Pago seguro + Garant\u00eda\" \/>\n<meta property=\"og:url\" content=\"https:\/\/compuviper.mx\/tienda\/producto\/dahua-dh-ipc-hdbw3441r-as-p-cmara-ip-ipc-hdbw3441r-as-p-domo-antivandlica-4-mp-lente-2-1-mm-8738-180-ir-15-mts-ia-wizsense-det-de-mov-int-prot-perimetral-starlight-poe-wdr-h-265\/\" \/>\n<meta property=\"og:site_name\" content=\"Compuviper\" \/>\n<meta property=\"article:publisher\" content=\"https:\/\/www.facebook.com\/compuviper\" \/>\n<meta property=\"og:image\" content=\"https:\/\/compuviper.mx\/tienda\/wp-content\/uploads\/2024\/05\/Camara-ip-dahua-ipc-hdbw3441r-as-p-domo-antivandalica-4-mp-lente-2.1-mm-and-8738-180\u00b0-ir-15-mts-ia-wizsense-det.-de-mov.-int.-prot.-perimetral-starlight-poe-wdr-h.265-ip67-ik10-m.jpg\" \/>\n\t<meta property=\"og:image:width\" content=\"200\" \/>\n\t<meta property=\"og:image:height\" content=\"200\" \/>\n\t<meta property=\"og:image:type\" content=\"image\/jpeg\" \/>\n<meta name=\"twitter:card\" content=\"summary_large_image\" \/>\n<meta name=\"twitter:label1\" content=\"Precio\" \/>\n\t<meta name=\"twitter:data1\" content=\"&#36;2,488 con IVA\" \/>\n\t<meta name=\"twitter:label2\" content=\"Availability\" \/>\n\t<meta name=\"twitter:data2\" content=\"In stock\" \/>\n<script type=\"application\/ld+json\" class=\"yoast-schema-graph\">{\"@context\":\"https:\/\/schema.org\",\"@graph\":[{\"@type\":\"WebPage\",\"@id\":\"https:\/\/compuviper.mx\/tienda\/producto\/dahua-dh-ipc-hdbw3441r-as-p-cmara-ip-ipc-hdbw3441r-as-p-domo-antivandlica-4-mp-lente-2-1-mm-8738-180-ir-15-mts-ia-wizsense-det-de-mov-int-prot-perimetral-starlight-poe-wdr-h-265\/\",\"url\":\"https:\/\/compuviper.mx\/tienda\/producto\/dahua-dh-ipc-hdbw3441r-as-p-cmara-ip-ipc-hdbw3441r-as-p-domo-antivandlica-4-mp-lente-2-1-mm-8738-180-ir-15-mts-ia-wizsense-det-de-mov-int-prot-perimetral-starlight-poe-wdr-h-265\/\",\"name\":\"[ Dahua ] &#129351; Dh-ipc-hdbw3441r-as-p Cmara Ip\/ \/ Ipc-hdbw3441r-as-p\/ Domo Antivandlica 4 Mp\/ Lente 2.1 Mm\/ 8738 180\/ Ir 15 Mts\/ Ia Wizsense\/ Det. De Mov. Int.\/ Prot. Perimetral \/ Starlight \/ Poe \/ Wdr \/ H.265 \/ Ip67 \/ Ik10 M\",\"isPartOf\":{\"@id\":\"https:\/\/compuviper.mx\/tienda\/#website\"},\"datePublished\":\"2026-04-21T06:15:11+00:00\",\"dateModified\":\"2026-04-21T06:15:11+00:00\",\"description\":\"Compra Dh-ipc-hdbw3441r-as-p Cmara Ip\/ \/ Ipc-hdbw3441r-as-p\/ Domo Antivandlica 4 Mp\/ Lente 2.1 Mm\/ 8738 180\/ Ir 15 Mts\/ Ia Wizsense\/ Det. De Mov. Int.\/ Prot. Perimetral \/ Starlight \/ Poe \/ Wdr \/ H.265 \/ Ip67 \/ Ik10 M + Env\u00edo a domicilio + Pago seguro + Garant\u00eda\",\"breadcrumb\":{\"@id\":\"https:\/\/compuviper.mx\/tienda\/producto\/dahua-dh-ipc-hdbw3441r-as-p-cmara-ip-ipc-hdbw3441r-as-p-domo-antivandlica-4-mp-lente-2-1-mm-8738-180-ir-15-mts-ia-wizsense-det-de-mov-int-prot-perimetral-starlight-poe-wdr-h-265\/#breadcrumb\"},\"inLanguage\":\"es-MX\",\"potentialAction\":[{\"@type\":\"ReadAction\",\"target\":[\"https:\/\/compuviper.mx\/tienda\/producto\/dahua-dh-ipc-hdbw3441r-as-p-cmara-ip-ipc-hdbw3441r-as-p-domo-antivandlica-4-mp-lente-2-1-mm-8738-180-ir-15-mts-ia-wizsense-det-de-mov-int-prot-perimetral-starlight-poe-wdr-h-265\/\"]}]},{\"@type\":\"BreadcrumbList\",\"@id\":\"https:\/\/compuviper.mx\/tienda\/producto\/dahua-dh-ipc-hdbw3441r-as-p-cmara-ip-ipc-hdbw3441r-as-p-domo-antivandlica-4-mp-lente-2-1-mm-8738-180-ir-15-mts-ia-wizsense-det-de-mov-int-prot-perimetral-starlight-poe-wdr-h-265\/#breadcrumb\",\"itemListElement\":[{\"@type\":\"ListItem\",\"position\":1,\"name\":\"Inicio\",\"item\":\"https:\/\/compuviper.mx\/tienda\/\"},{\"@type\":\"ListItem\",\"position\":2,\"name\":\"Productos\",\"item\":\"https:\/\/compuviper.mx\/tienda\/productos\/\"},{\"@type\":\"ListItem\",\"position\":3,\"name\":\"Camaras\",\"item\":\"https:\/\/compuviper.mx\/tienda\/categoria-producto\/camaras-2\/\"},{\"@type\":\"ListItem\",\"position\":4,\"name\":\"Camara De Videovigilancia\",\"item\":\"https:\/\/compuviper.mx\/tienda\/categoria-producto\/camaras-2\/camara-de-videovigilancia\/\"},{\"@type\":\"ListItem\",\"position\":5,\"name\":\"Dahua Dh-ipc-hdbw3441r-as-p Cmara Ip\/ \/ Ipc-hdbw3441r-as-p\/ Domo Antivandlica 4 Mp\/ Lente 2.1 Mm\/ 8738 180\/ Ir 15 Mts\/ Ia Wizsense\/ Det. De Mov. Int.\/ Prot. Perimetral \/ Starlight \/ Poe \/ Wdr \/ H.265 \/ Ip67 \/ Ik10 M\"}]},{\"@type\":\"WebSite\",\"@id\":\"https:\/\/compuviper.mx\/tienda\/#website\",\"url\":\"https:\/\/compuviper.mx\/tienda\/\",\"name\":\"Compuviper\",\"description\":\"Proveedor de Computadoras, Laptops, Servidores, Monitores, Puntos de Venta, Teclados,   Impresoras, T\u00f3ner, C\u00e1maras de Seguridad y m\u00e1s en tu tienda en l\u00ednea\",\"publisher\":{\"@id\":\"https:\/\/compuviper.mx\/tienda\/#organization\"},\"potentialAction\":[{\"@type\":\"SearchAction\",\"target\":{\"@type\":\"EntryPoint\",\"urlTemplate\":\"https:\/\/compuviper.mx\/tienda\/?s={search_term_string}\"},\"query-input\":\"required name=search_term_string\"}],\"inLanguage\":\"es-MX\"},{\"@type\":\"Organization\",\"@id\":\"https:\/\/compuviper.mx\/tienda\/#organization\",\"name\":\"Compuviper\",\"url\":\"https:\/\/compuviper.mx\/tienda\/\",\"logo\":{\"@type\":\"ImageObject\",\"inLanguage\":\"es-MX\",\"@id\":\"https:\/\/compuviper.mx\/tienda\/#\/schema\/logo\/image\/\",\"url\":\"https:\/\/compuviper.mx\/tienda\/wp-content\/uploads\/2021\/08\/Logo-Compuviper-10.png\",\"contentUrl\":\"https:\/\/compuviper.mx\/tienda\/wp-content\/uploads\/2021\/08\/Logo-Compuviper-10.png\",\"width\":1000,\"height\":500,\"caption\":\"Compuviper\"},\"image\":{\"@id\":\"https:\/\/compuviper.mx\/tienda\/#\/schema\/logo\/image\/\"},\"sameAs\":[\"https:\/\/www.facebook.com\/compuviper\",\"https:\/\/www.youtube.com\/channel\/UCf73dERp9Y3cfOq7q8BhLjA?view_as=subscriber\"]}]}<\/script>\n<meta property=\"product:brand\" content=\"DAHUA\" \/>\n<meta property=\"product:price:amount\" content=\"2488\" \/>\n<meta property=\"product:price:currency\" content=\"MXN\" \/>\n<meta property=\"og:availability\" content=\"instock\" \/>\n<meta property=\"product:availability\" content=\"instock\" \/>\n<meta property=\"product:retailer_item_id\" content=\"DH-IPC-HDBW3441R-AS-P\" \/>\n<meta property=\"product:condition\" content=\"new\" \/>\n<!-- \/ Yoast SEO plugin. -->","yoast_head_json":{"title":"[ Dahua ] &#129351; Dh-ipc-hdbw3441r-as-p Cmara Ip\/ \/ Ipc-hdbw3441r-as-p\/ Domo Antivandlica 4 Mp\/ Lente 2.1 Mm\/ 8738 180\/ Ir 15 Mts\/ Ia Wizsense\/ Det. De Mov. Int.\/ Prot. Perimetral \/ Starlight \/ Poe \/ Wdr \/ H.265 \/ Ip67 \/ Ik10 M","description":"Compra Dh-ipc-hdbw3441r-as-p Cmara Ip\/ \/ Ipc-hdbw3441r-as-p\/ Domo Antivandlica 4 Mp\/ Lente 2.1 Mm\/ 8738 180\/ Ir 15 Mts\/ Ia Wizsense\/ Det. De Mov. Int.\/ Prot. Perimetral \/ Starlight \/ Poe \/ Wdr \/ H.265 \/ Ip67 \/ Ik10 M + Env\u00edo a domicilio + Pago seguro + Garant\u00eda","robots":{"index":"index","follow":"follow","max-snippet":"max-snippet:-1","max-image-preview":"max-image-preview:large","max-video-preview":"max-video-preview:-1"},"canonical":"https:\/\/compuviper.mx\/tienda\/producto\/dahua-dh-ipc-hdbw3441r-as-p-cmara-ip-ipc-hdbw3441r-as-p-domo-antivandlica-4-mp-lente-2-1-mm-8738-180-ir-15-mts-ia-wizsense-det-de-mov-int-prot-perimetral-starlight-poe-wdr-h-265\/","og_locale":"es_MX","og_type":"article","og_title":"[ Dahua ] &#129351; Dh-ipc-hdbw3441r-as-p Cmara Ip\/ \/ Ipc-hdbw3441r-as-p\/ Domo Antivandlica 4 Mp\/ Lente 2.1 Mm\/ 8738 180\/ Ir 15 Mts\/ Ia Wizsense\/ Det. De Mov. Int.\/ Prot. Perimetral \/ Starlight \/ Poe \/ Wdr \/ H.265 \/ Ip67 \/ Ik10 M","og_description":"Compra Dh-ipc-hdbw3441r-as-p Cmara Ip\/ \/ Ipc-hdbw3441r-as-p\/ Domo Antivandlica 4 Mp\/ Lente 2.1 Mm\/ 8738 180\/ Ir 15 Mts\/ Ia Wizsense\/ Det. De Mov. Int.\/ Prot. Perimetral \/ Starlight \/ Poe \/ Wdr \/ H.265 \/ Ip67 \/ Ik10 M + Env\u00edo a domicilio + Pago seguro + Garant\u00eda","og_url":"https:\/\/compuviper.mx\/tienda\/producto\/dahua-dh-ipc-hdbw3441r-as-p-cmara-ip-ipc-hdbw3441r-as-p-domo-antivandlica-4-mp-lente-2-1-mm-8738-180-ir-15-mts-ia-wizsense-det-de-mov-int-prot-perimetral-starlight-poe-wdr-h-265\/","og_site_name":"Compuviper","article_publisher":"https:\/\/www.facebook.com\/compuviper","og_image":[{"width":200,"height":200,"url":"https:\/\/compuviper.mx\/tienda\/wp-content\/uploads\/2024\/05\/Camara-ip-dahua-ipc-hdbw3441r-as-p-domo-antivandalica-4-mp-lente-2.1-mm-and-8738-180\u00b0-ir-15-mts-ia-wizsense-det.-de-mov.-int.-prot.-perimetral-starlight-poe-wdr-h.265-ip67-ik10-m.jpg","type":"image\/jpeg"}],"twitter_card":"summary_large_image","twitter_misc":{"Precio":"&#36;2,488 con IVA","Availability":"In stock"},"schema":{"@context":"https:\/\/schema.org","@graph":[{"@type":"WebPage","@id":"https:\/\/compuviper.mx\/tienda\/producto\/dahua-dh-ipc-hdbw3441r-as-p-cmara-ip-ipc-hdbw3441r-as-p-domo-antivandlica-4-mp-lente-2-1-mm-8738-180-ir-15-mts-ia-wizsense-det-de-mov-int-prot-perimetral-starlight-poe-wdr-h-265\/","url":"https:\/\/compuviper.mx\/tienda\/producto\/dahua-dh-ipc-hdbw3441r-as-p-cmara-ip-ipc-hdbw3441r-as-p-domo-antivandlica-4-mp-lente-2-1-mm-8738-180-ir-15-mts-ia-wizsense-det-de-mov-int-prot-perimetral-starlight-poe-wdr-h-265\/","name":"[ Dahua ] &#129351; Dh-ipc-hdbw3441r-as-p Cmara Ip\/ \/ Ipc-hdbw3441r-as-p\/ Domo Antivandlica 4 Mp\/ Lente 2.1 Mm\/ 8738 180\/ Ir 15 Mts\/ Ia Wizsense\/ Det. De Mov. Int.\/ Prot. Perimetral \/ Starlight \/ Poe \/ Wdr \/ H.265 \/ Ip67 \/ Ik10 M","isPartOf":{"@id":"https:\/\/compuviper.mx\/tienda\/#website"},"datePublished":"2026-04-21T06:15:11+00:00","dateModified":"2026-04-21T06:15:11+00:00","description":"Compra Dh-ipc-hdbw3441r-as-p Cmara Ip\/ \/ Ipc-hdbw3441r-as-p\/ Domo Antivandlica 4 Mp\/ Lente 2.1 Mm\/ 8738 180\/ Ir 15 Mts\/ Ia Wizsense\/ Det. De Mov. Int.\/ Prot. Perimetral \/ Starlight \/ Poe \/ Wdr \/ H.265 \/ Ip67 \/ Ik10 M + Env\u00edo a domicilio + Pago seguro + Garant\u00eda","breadcrumb":{"@id":"https:\/\/compuviper.mx\/tienda\/producto\/dahua-dh-ipc-hdbw3441r-as-p-cmara-ip-ipc-hdbw3441r-as-p-domo-antivandlica-4-mp-lente-2-1-mm-8738-180-ir-15-mts-ia-wizsense-det-de-mov-int-prot-perimetral-starlight-poe-wdr-h-265\/#breadcrumb"},"inLanguage":"es-MX","potentialAction":[{"@type":"ReadAction","target":["https:\/\/compuviper.mx\/tienda\/producto\/dahua-dh-ipc-hdbw3441r-as-p-cmara-ip-ipc-hdbw3441r-as-p-domo-antivandlica-4-mp-lente-2-1-mm-8738-180-ir-15-mts-ia-wizsense-det-de-mov-int-prot-perimetral-starlight-poe-wdr-h-265\/"]}]},{"@type":"BreadcrumbList","@id":"https:\/\/compuviper.mx\/tienda\/producto\/dahua-dh-ipc-hdbw3441r-as-p-cmara-ip-ipc-hdbw3441r-as-p-domo-antivandlica-4-mp-lente-2-1-mm-8738-180-ir-15-mts-ia-wizsense-det-de-mov-int-prot-perimetral-starlight-poe-wdr-h-265\/#breadcrumb","itemListElement":[{"@type":"ListItem","position":1,"name":"Inicio","item":"https:\/\/compuviper.mx\/tienda\/"},{"@type":"ListItem","position":2,"name":"Productos","item":"https:\/\/compuviper.mx\/tienda\/productos\/"},{"@type":"ListItem","position":3,"name":"Camaras","item":"https:\/\/compuviper.mx\/tienda\/categoria-producto\/camaras-2\/"},{"@type":"ListItem","position":4,"name":"Camara De Videovigilancia","item":"https:\/\/compuviper.mx\/tienda\/categoria-producto\/camaras-2\/camara-de-videovigilancia\/"},{"@type":"ListItem","position":5,"name":"Dahua Dh-ipc-hdbw3441r-as-p Cmara Ip\/ \/ Ipc-hdbw3441r-as-p\/ Domo Antivandlica 4 Mp\/ Lente 2.1 Mm\/ 8738 180\/ Ir 15 Mts\/ Ia Wizsense\/ Det. De Mov. Int.\/ Prot. Perimetral \/ Starlight \/ Poe \/ Wdr \/ H.265 \/ Ip67 \/ Ik10 M"}]},{"@type":"WebSite","@id":"https:\/\/compuviper.mx\/tienda\/#website","url":"https:\/\/compuviper.mx\/tienda\/","name":"Compuviper","description":"Proveedor de Computadoras, Laptops, Servidores, Monitores, Puntos de Venta, Teclados,   Impresoras, T\u00f3ner, C\u00e1maras de Seguridad y m\u00e1s en tu tienda en l\u00ednea","publisher":{"@id":"https:\/\/compuviper.mx\/tienda\/#organization"},"potentialAction":[{"@type":"SearchAction","target":{"@type":"EntryPoint","urlTemplate":"https:\/\/compuviper.mx\/tienda\/?s={search_term_string}"},"query-input":"required name=search_term_string"}],"inLanguage":"es-MX"},{"@type":"Organization","@id":"https:\/\/compuviper.mx\/tienda\/#organization","name":"Compuviper","url":"https:\/\/compuviper.mx\/tienda\/","logo":{"@type":"ImageObject","inLanguage":"es-MX","@id":"https:\/\/compuviper.mx\/tienda\/#\/schema\/logo\/image\/","url":"https:\/\/compuviper.mx\/tienda\/wp-content\/uploads\/2021\/08\/Logo-Compuviper-10.png","contentUrl":"https:\/\/compuviper.mx\/tienda\/wp-content\/uploads\/2021\/08\/Logo-Compuviper-10.png","width":1000,"height":500,"caption":"Compuviper"},"image":{"@id":"https:\/\/compuviper.mx\/tienda\/#\/schema\/logo\/image\/"},"sameAs":["https:\/\/www.facebook.com\/compuviper","https:\/\/www.youtube.com\/channel\/UCf73dERp9Y3cfOq7q8BhLjA?view_as=subscriber"]}]},"product_brand":"DAHUA","product_price_amount":"2488","product_price_currency":"MXN","og_availability":"instock","product_availability":"instock","product_retailer_item_id":"DH-IPC-HDBW3441R-AS-P","product_condition":"new"},"_links":{"self":[{"href":"https:\/\/compuviper.mx\/tienda\/wp-json\/wp\/v2\/product\/217017"}],"collection":[{"href":"https:\/\/compuviper.mx\/tienda\/wp-json\/wp\/v2\/product"}],"about":[{"href":"https:\/\/compuviper.mx\/tienda\/wp-json\/wp\/v2\/types\/product"}],"replies":[{"embeddable":true,"href":"https:\/\/compuviper.mx\/tienda\/wp-json\/wp\/v2\/comments?post=217017"}],"wp:featuredmedia":[{"embeddable":true,"href":"https:\/\/compuviper.mx\/tienda\/wp-json\/wp\/v2\/media\/233915"}],"wp:attachment":[{"href":"https:\/\/compuviper.mx\/tienda\/wp-json\/wp\/v2\/media?parent=217017"}],"wp:term":[{"taxonomy":"product_cat","embeddable":true,"href":"https:\/\/compuviper.mx\/tienda\/wp-json\/wp\/v2\/product_cat?post=217017"},{"taxonomy":"product_tag","embeddable":true,"href":"https:\/\/compuviper.mx\/tienda\/wp-json\/wp\/v2\/product_tag?post=217017"}],"curies":[{"name":"wp","href":"https:\/\/api.w.org\/{rel}","templated":true}]}}