{"id":217015,"date":"2026-04-23T00:11:58","date_gmt":"2026-04-23T06:11:58","guid":{"rendered":"https:\/\/compuviper.mx\/tienda\/producto\/hikvision-ds-2ce16u0t-itf-camara-bala-turbo-hd-8-megapixeles-gran-angular-102-lente-2-8-mm-exterior-ip67-ir-exir-30-mts-dwdr\/"},"modified":"2026-04-23T00:11:59","modified_gmt":"2026-04-23T06:11:59","slug":"hikvision-ds-2ce16u0t-itf-camara-bala-turbo-hd-8-megapixeles-gran-angular-102-lente-2-8-mm-exterior-ip67-ir-exir-30-mts-dwdr","status":"publish","type":"product","link":"https:\/\/compuviper.mx\/tienda\/producto\/hikvision-ds-2ce16u0t-itf-camara-bala-turbo-hd-8-megapixeles-gran-angular-102-lente-2-8-mm-exterior-ip67-ir-exir-30-mts-dwdr\/","title":{"rendered":"Hikvision Ds-2ce16u0t-itf Camara Bala Turbo Hd 8 Megapixeles   Gran Angular 102? \/ Lente 2.8 Mm \/ Exterior Ip67 \/ Ir Exir 30 Mts \/ Dwdr"},"content":{"rendered":"<table class=\"descripcion\">\n<tr>\n<td>Caracteristicas principales:<\/td>\n<\/tr>\n<tr>\n<td>Resolucion maxima: 8.29 megapixel (3840 x 2160).<\/td>\n<\/tr>\n<tr>\n<td>Sensor cmos scan progresivo.<\/td>\n<\/tr>\n<tr>\n<td>Lente fijo: 2.8 mm (angulo de vision 102.9\u00ba).<\/td>\n<\/tr>\n<tr>\n<td>30 mts ir exir.<\/td>\n<\/tr>\n<tr>\n<td>Soporta 4 tecnologias (tvi \/ ahd \/ cvi \/ cvbs).<\/td>\n<\/tr>\n<tr>\n<td>Permite seleccionar la resolucion<\/td>\n<\/tr>\n<tr>\n<td>Tvi: 8mp@12.5fps, 4mp@30fps, 2mp@30fps.<\/td>\n<\/tr>\n<tr>\n<td>Cvi: 8mp@12.5fps.<\/td>\n<\/tr>\n<tr>\n<td>Ahd: 8mp@12fps.<\/td>\n<\/tr>\n<tr>\n<td>Cvbs: pal\/ntsc.<\/td>\n<\/tr>\n<tr>\n<td>Funciones: dwdr \/ blc \/ dnr \/ mirror.<\/td>\n<\/tr>\n<tr>\n<td>El cambio de tecnologia (tvi-ahd-cvbs-cvi) se puede realizar unicamente cuando la camara est\u00e1 en su resolucion maxima (8mp) , no se puede cambiar la tecnologia si la camara no esta en su resolucion maxima.<\/td>\n<\/tr>\n<\/table>\n","protected":false},"excerpt":{"rendered":"<p>Caracteristicas fisicas y electricas. Temperatura de operacion: -40\u00bac a 60\u00bac. Alimentacion: 12 vcc \/ 2.9 watts. Proteccion: ip67. Fabricado en metal. Dimensiones: 58 x 61 x 158.6mm. Peso: 330 gramos. Garantia: 2 a\u00f1os.<\/p>\n","protected":false},"featured_media":242444,"comment_status":"open","ping_status":"open","template":"","meta":[],"product_cat":[1608,1681],"product_tag":[1595],"acf":[],"yoast_head":"<!-- This site is optimized with the Yoast SEO plugin v21.7 - https:\/\/yoast.com\/wordpress\/plugins\/seo\/ -->\n<title>[ Hikvision ] &#129351; Ds-2ce16u0t-itf Camara Bala Turbo Hd 8 Megapixeles Gran Angular 102\u00b0 \/ Lente 2.8 Mm \/ Exterior Ip67 \/ Ir Exir 30 Mts \/ Dwdr<\/title>\n<meta name=\"description\" content=\"Compra Ds-2ce16u0t-itf Camara Bala Turbo Hd 8 Megapixeles Gran Angular 102\u00b0 \/ Lente 2.8 Mm \/ Exterior Ip67 \/ Ir Exir 30 Mts \/ Dwdr + Env\u00edo a domicilio + Pago seguro + Garant\u00eda\" \/>\n<meta name=\"robots\" content=\"index, follow, max-snippet:-1, max-image-preview:large, max-video-preview:-1\" \/>\n<link rel=\"canonical\" href=\"https:\/\/compuviper.mx\/tienda\/producto\/hikvision-ds-2ce16u0t-itf-camara-bala-turbo-hd-8-megapixeles-gran-angular-102-lente-2-8-mm-exterior-ip67-ir-exir-30-mts-dwdr\/\" \/>\n<meta property=\"og:locale\" content=\"es_MX\" \/>\n<meta property=\"og:type\" content=\"article\" \/>\n<meta property=\"og:title\" content=\"[ Hikvision ] &#129351; Ds-2ce16u0t-itf Camara Bala Turbo Hd 8 Megapixeles Gran Angular 102\u00b0 \/ Lente 2.8 Mm \/ Exterior Ip67 \/ Ir Exir 30 Mts \/ Dwdr\" \/>\n<meta property=\"og:description\" content=\"Compra Ds-2ce16u0t-itf Camara Bala Turbo Hd 8 Megapixeles Gran Angular 102\u00b0 \/ Lente 2.8 Mm \/ Exterior Ip67 \/ Ir Exir 30 Mts \/ Dwdr + Env\u00edo a domicilio + Pago seguro + Garant\u00eda\" \/>\n<meta property=\"og:url\" content=\"https:\/\/compuviper.mx\/tienda\/producto\/hikvision-ds-2ce16u0t-itf-camara-bala-turbo-hd-8-megapixeles-gran-angular-102-lente-2-8-mm-exterior-ip67-ir-exir-30-mts-dwdr\/\" \/>\n<meta property=\"og:site_name\" content=\"Compuviper\" \/>\n<meta property=\"article:publisher\" content=\"https:\/\/www.facebook.com\/compuviper\" \/>\n<meta property=\"article:modified_time\" content=\"2026-04-23T06:11:59+00:00\" \/>\n<meta property=\"og:image\" content=\"https:\/\/compuviper.mx\/tienda\/wp-content\/uploads\/2024\/09\/Camara-bala-turbo-hd-8-megapixeles-hikvision-ds-2ce16u0t-itf-gran-angular-102\u00b0-lente-2.8-mm-exterior-ip67-ir-exir-30-mts-dwdr.jpg\" \/>\n\t<meta property=\"og:image:width\" content=\"200\" \/>\n\t<meta property=\"og:image:height\" content=\"200\" \/>\n\t<meta property=\"og:image:type\" content=\"image\/jpeg\" \/>\n<meta name=\"twitter:card\" content=\"summary_large_image\" \/>\n<meta name=\"twitter:label1\" content=\"Precio\" \/>\n\t<meta name=\"twitter:data1\" content=\"&#36;815 con IVA\" \/>\n\t<meta name=\"twitter:label2\" content=\"Availability\" \/>\n\t<meta name=\"twitter:data2\" content=\"Out of stock\" \/>\n<script type=\"application\/ld+json\" class=\"yoast-schema-graph\">{\"@context\":\"https:\/\/schema.org\",\"@graph\":[{\"@type\":\"WebPage\",\"@id\":\"https:\/\/compuviper.mx\/tienda\/producto\/hikvision-ds-2ce16u0t-itf-camara-bala-turbo-hd-8-megapixeles-gran-angular-102-lente-2-8-mm-exterior-ip67-ir-exir-30-mts-dwdr\/\",\"url\":\"https:\/\/compuviper.mx\/tienda\/producto\/hikvision-ds-2ce16u0t-itf-camara-bala-turbo-hd-8-megapixeles-gran-angular-102-lente-2-8-mm-exterior-ip67-ir-exir-30-mts-dwdr\/\",\"name\":\"[ Hikvision ] &#129351; Ds-2ce16u0t-itf Camara Bala Turbo Hd 8 Megapixeles Gran Angular 102\u00b0 \/ Lente 2.8 Mm \/ Exterior Ip67 \/ Ir Exir 30 Mts \/ Dwdr\",\"isPartOf\":{\"@id\":\"https:\/\/compuviper.mx\/tienda\/#website\"},\"datePublished\":\"2026-04-23T06:11:58+00:00\",\"dateModified\":\"2026-04-23T06:11:59+00:00\",\"description\":\"Compra Ds-2ce16u0t-itf Camara Bala Turbo Hd 8 Megapixeles Gran Angular 102\u00b0 \/ Lente 2.8 Mm \/ Exterior Ip67 \/ Ir Exir 30 Mts \/ Dwdr + Env\u00edo a domicilio + Pago seguro + Garant\u00eda\",\"breadcrumb\":{\"@id\":\"https:\/\/compuviper.mx\/tienda\/producto\/hikvision-ds-2ce16u0t-itf-camara-bala-turbo-hd-8-megapixeles-gran-angular-102-lente-2-8-mm-exterior-ip67-ir-exir-30-mts-dwdr\/#breadcrumb\"},\"inLanguage\":\"es-MX\",\"potentialAction\":[{\"@type\":\"ReadAction\",\"target\":[\"https:\/\/compuviper.mx\/tienda\/producto\/hikvision-ds-2ce16u0t-itf-camara-bala-turbo-hd-8-megapixeles-gran-angular-102-lente-2-8-mm-exterior-ip67-ir-exir-30-mts-dwdr\/\"]}]},{\"@type\":\"BreadcrumbList\",\"@id\":\"https:\/\/compuviper.mx\/tienda\/producto\/hikvision-ds-2ce16u0t-itf-camara-bala-turbo-hd-8-megapixeles-gran-angular-102-lente-2-8-mm-exterior-ip67-ir-exir-30-mts-dwdr\/#breadcrumb\",\"itemListElement\":[{\"@type\":\"ListItem\",\"position\":1,\"name\":\"Inicio\",\"item\":\"https:\/\/compuviper.mx\/tienda\/\"},{\"@type\":\"ListItem\",\"position\":2,\"name\":\"Productos\",\"item\":\"https:\/\/compuviper.mx\/tienda\/productos\/\"},{\"@type\":\"ListItem\",\"position\":3,\"name\":\"Camaras\",\"item\":\"https:\/\/compuviper.mx\/tienda\/categoria-producto\/camaras-2\/\"},{\"@type\":\"ListItem\",\"position\":4,\"name\":\"Camara De Videovigilancia\",\"item\":\"https:\/\/compuviper.mx\/tienda\/categoria-producto\/camaras-2\/camara-de-videovigilancia\/\"},{\"@type\":\"ListItem\",\"position\":5,\"name\":\"Hikvision Ds-2ce16u0t-itf Camara Bala Turbo Hd 8 Megapixeles Gran Angular 102? \/ Lente 2.8 Mm \/ Exterior Ip67 \/ Ir Exir 30 Mts \/ Dwdr\"}]},{\"@type\":\"WebSite\",\"@id\":\"https:\/\/compuviper.mx\/tienda\/#website\",\"url\":\"https:\/\/compuviper.mx\/tienda\/\",\"name\":\"Compuviper\",\"description\":\"Proveedor de Computadoras, Laptops, Servidores, Monitores, Puntos de Venta, Teclados,   Impresoras, T\u00f3ner, C\u00e1maras de Seguridad y m\u00e1s en tu tienda en l\u00ednea\",\"publisher\":{\"@id\":\"https:\/\/compuviper.mx\/tienda\/#organization\"},\"potentialAction\":[{\"@type\":\"SearchAction\",\"target\":{\"@type\":\"EntryPoint\",\"urlTemplate\":\"https:\/\/compuviper.mx\/tienda\/?s={search_term_string}\"},\"query-input\":\"required name=search_term_string\"}],\"inLanguage\":\"es-MX\"},{\"@type\":\"Organization\",\"@id\":\"https:\/\/compuviper.mx\/tienda\/#organization\",\"name\":\"Compuviper\",\"url\":\"https:\/\/compuviper.mx\/tienda\/\",\"logo\":{\"@type\":\"ImageObject\",\"inLanguage\":\"es-MX\",\"@id\":\"https:\/\/compuviper.mx\/tienda\/#\/schema\/logo\/image\/\",\"url\":\"https:\/\/compuviper.mx\/tienda\/wp-content\/uploads\/2021\/08\/Logo-Compuviper-10.png\",\"contentUrl\":\"https:\/\/compuviper.mx\/tienda\/wp-content\/uploads\/2021\/08\/Logo-Compuviper-10.png\",\"width\":1000,\"height\":500,\"caption\":\"Compuviper\"},\"image\":{\"@id\":\"https:\/\/compuviper.mx\/tienda\/#\/schema\/logo\/image\/\"},\"sameAs\":[\"https:\/\/www.facebook.com\/compuviper\",\"https:\/\/www.youtube.com\/channel\/UCf73dERp9Y3cfOq7q8BhLjA?view_as=subscriber\"]}]}<\/script>\n<meta property=\"product:brand\" content=\"HIKVISION\" \/>\n<meta property=\"product:price:amount\" content=\"815\" \/>\n<meta property=\"product:price:currency\" content=\"MXN\" \/>\n<meta property=\"og:availability\" content=\"out of stock\" \/>\n<meta property=\"product:availability\" content=\"out of stock\" \/>\n<meta property=\"product:retailer_item_id\" content=\"DS-2CE16U0T-ITF\" \/>\n<meta property=\"product:condition\" content=\"new\" \/>\n<!-- \/ Yoast SEO plugin. -->","yoast_head_json":{"title":"[ Hikvision ] &#129351; Ds-2ce16u0t-itf Camara Bala Turbo Hd 8 Megapixeles Gran Angular 102\u00b0 \/ Lente 2.8 Mm \/ Exterior Ip67 \/ Ir Exir 30 Mts \/ Dwdr","description":"Compra Ds-2ce16u0t-itf Camara Bala Turbo Hd 8 Megapixeles Gran Angular 102\u00b0 \/ Lente 2.8 Mm \/ Exterior Ip67 \/ Ir Exir 30 Mts \/ Dwdr + Env\u00edo a domicilio + Pago seguro + Garant\u00eda","robots":{"index":"index","follow":"follow","max-snippet":"max-snippet:-1","max-image-preview":"max-image-preview:large","max-video-preview":"max-video-preview:-1"},"canonical":"https:\/\/compuviper.mx\/tienda\/producto\/hikvision-ds-2ce16u0t-itf-camara-bala-turbo-hd-8-megapixeles-gran-angular-102-lente-2-8-mm-exterior-ip67-ir-exir-30-mts-dwdr\/","og_locale":"es_MX","og_type":"article","og_title":"[ Hikvision ] &#129351; Ds-2ce16u0t-itf Camara Bala Turbo Hd 8 Megapixeles Gran Angular 102\u00b0 \/ Lente 2.8 Mm \/ Exterior Ip67 \/ Ir Exir 30 Mts \/ Dwdr","og_description":"Compra Ds-2ce16u0t-itf Camara Bala Turbo Hd 8 Megapixeles Gran Angular 102\u00b0 \/ Lente 2.8 Mm \/ Exterior Ip67 \/ Ir Exir 30 Mts \/ Dwdr + Env\u00edo a domicilio + Pago seguro + Garant\u00eda","og_url":"https:\/\/compuviper.mx\/tienda\/producto\/hikvision-ds-2ce16u0t-itf-camara-bala-turbo-hd-8-megapixeles-gran-angular-102-lente-2-8-mm-exterior-ip67-ir-exir-30-mts-dwdr\/","og_site_name":"Compuviper","article_publisher":"https:\/\/www.facebook.com\/compuviper","article_modified_time":"2026-04-23T06:11:59+00:00","og_image":[{"width":200,"height":200,"url":"https:\/\/compuviper.mx\/tienda\/wp-content\/uploads\/2024\/09\/Camara-bala-turbo-hd-8-megapixeles-hikvision-ds-2ce16u0t-itf-gran-angular-102\u00b0-lente-2.8-mm-exterior-ip67-ir-exir-30-mts-dwdr.jpg","type":"image\/jpeg"}],"twitter_card":"summary_large_image","twitter_misc":{"Precio":"&#36;815 con IVA","Availability":"Out of stock"},"schema":{"@context":"https:\/\/schema.org","@graph":[{"@type":"WebPage","@id":"https:\/\/compuviper.mx\/tienda\/producto\/hikvision-ds-2ce16u0t-itf-camara-bala-turbo-hd-8-megapixeles-gran-angular-102-lente-2-8-mm-exterior-ip67-ir-exir-30-mts-dwdr\/","url":"https:\/\/compuviper.mx\/tienda\/producto\/hikvision-ds-2ce16u0t-itf-camara-bala-turbo-hd-8-megapixeles-gran-angular-102-lente-2-8-mm-exterior-ip67-ir-exir-30-mts-dwdr\/","name":"[ Hikvision ] &#129351; Ds-2ce16u0t-itf Camara Bala Turbo Hd 8 Megapixeles Gran Angular 102\u00b0 \/ Lente 2.8 Mm \/ Exterior Ip67 \/ Ir Exir 30 Mts \/ Dwdr","isPartOf":{"@id":"https:\/\/compuviper.mx\/tienda\/#website"},"datePublished":"2026-04-23T06:11:58+00:00","dateModified":"2026-04-23T06:11:59+00:00","description":"Compra Ds-2ce16u0t-itf Camara Bala Turbo Hd 8 Megapixeles Gran Angular 102\u00b0 \/ Lente 2.8 Mm \/ Exterior Ip67 \/ Ir Exir 30 Mts \/ Dwdr + Env\u00edo a domicilio + Pago seguro + Garant\u00eda","breadcrumb":{"@id":"https:\/\/compuviper.mx\/tienda\/producto\/hikvision-ds-2ce16u0t-itf-camara-bala-turbo-hd-8-megapixeles-gran-angular-102-lente-2-8-mm-exterior-ip67-ir-exir-30-mts-dwdr\/#breadcrumb"},"inLanguage":"es-MX","potentialAction":[{"@type":"ReadAction","target":["https:\/\/compuviper.mx\/tienda\/producto\/hikvision-ds-2ce16u0t-itf-camara-bala-turbo-hd-8-megapixeles-gran-angular-102-lente-2-8-mm-exterior-ip67-ir-exir-30-mts-dwdr\/"]}]},{"@type":"BreadcrumbList","@id":"https:\/\/compuviper.mx\/tienda\/producto\/hikvision-ds-2ce16u0t-itf-camara-bala-turbo-hd-8-megapixeles-gran-angular-102-lente-2-8-mm-exterior-ip67-ir-exir-30-mts-dwdr\/#breadcrumb","itemListElement":[{"@type":"ListItem","position":1,"name":"Inicio","item":"https:\/\/compuviper.mx\/tienda\/"},{"@type":"ListItem","position":2,"name":"Productos","item":"https:\/\/compuviper.mx\/tienda\/productos\/"},{"@type":"ListItem","position":3,"name":"Camaras","item":"https:\/\/compuviper.mx\/tienda\/categoria-producto\/camaras-2\/"},{"@type":"ListItem","position":4,"name":"Camara De Videovigilancia","item":"https:\/\/compuviper.mx\/tienda\/categoria-producto\/camaras-2\/camara-de-videovigilancia\/"},{"@type":"ListItem","position":5,"name":"Hikvision Ds-2ce16u0t-itf Camara Bala Turbo Hd 8 Megapixeles Gran Angular 102? \/ Lente 2.8 Mm \/ Exterior Ip67 \/ Ir Exir 30 Mts \/ Dwdr"}]},{"@type":"WebSite","@id":"https:\/\/compuviper.mx\/tienda\/#website","url":"https:\/\/compuviper.mx\/tienda\/","name":"Compuviper","description":"Proveedor de Computadoras, Laptops, Servidores, Monitores, Puntos de Venta, Teclados,   Impresoras, T\u00f3ner, C\u00e1maras de Seguridad y m\u00e1s en tu tienda en l\u00ednea","publisher":{"@id":"https:\/\/compuviper.mx\/tienda\/#organization"},"potentialAction":[{"@type":"SearchAction","target":{"@type":"EntryPoint","urlTemplate":"https:\/\/compuviper.mx\/tienda\/?s={search_term_string}"},"query-input":"required name=search_term_string"}],"inLanguage":"es-MX"},{"@type":"Organization","@id":"https:\/\/compuviper.mx\/tienda\/#organization","name":"Compuviper","url":"https:\/\/compuviper.mx\/tienda\/","logo":{"@type":"ImageObject","inLanguage":"es-MX","@id":"https:\/\/compuviper.mx\/tienda\/#\/schema\/logo\/image\/","url":"https:\/\/compuviper.mx\/tienda\/wp-content\/uploads\/2021\/08\/Logo-Compuviper-10.png","contentUrl":"https:\/\/compuviper.mx\/tienda\/wp-content\/uploads\/2021\/08\/Logo-Compuviper-10.png","width":1000,"height":500,"caption":"Compuviper"},"image":{"@id":"https:\/\/compuviper.mx\/tienda\/#\/schema\/logo\/image\/"},"sameAs":["https:\/\/www.facebook.com\/compuviper","https:\/\/www.youtube.com\/channel\/UCf73dERp9Y3cfOq7q8BhLjA?view_as=subscriber"]}]},"product_brand":"HIKVISION","product_price_amount":"815","product_price_currency":"MXN","og_availability":"out of stock","product_availability":"out of stock","product_retailer_item_id":"DS-2CE16U0T-ITF","product_condition":"new"},"_links":{"self":[{"href":"https:\/\/compuviper.mx\/tienda\/wp-json\/wp\/v2\/product\/217015"}],"collection":[{"href":"https:\/\/compuviper.mx\/tienda\/wp-json\/wp\/v2\/product"}],"about":[{"href":"https:\/\/compuviper.mx\/tienda\/wp-json\/wp\/v2\/types\/product"}],"replies":[{"embeddable":true,"href":"https:\/\/compuviper.mx\/tienda\/wp-json\/wp\/v2\/comments?post=217015"}],"wp:featuredmedia":[{"embeddable":true,"href":"https:\/\/compuviper.mx\/tienda\/wp-json\/wp\/v2\/media\/242444"}],"wp:attachment":[{"href":"https:\/\/compuviper.mx\/tienda\/wp-json\/wp\/v2\/media?parent=217015"}],"wp:term":[{"taxonomy":"product_cat","embeddable":true,"href":"https:\/\/compuviper.mx\/tienda\/wp-json\/wp\/v2\/product_cat?post=217015"},{"taxonomy":"product_tag","embeddable":true,"href":"https:\/\/compuviper.mx\/tienda\/wp-json\/wp\/v2\/product_tag?post=217015"}],"curies":[{"name":"wp","href":"https:\/\/api.w.org\/{rel}","templated":true}]}}