{"id":217012,"date":"2026-04-18T00:17:16","date_gmt":"2026-04-18T06:17:16","guid":{"rendered":"https:\/\/compuviper.mx\/tienda\/producto\/logitech-960-001510-sight-camara-complementaria-de-mesa-4k-315-grados-para-rally-bar-y-rally-bar-mini\/"},"modified":"2026-04-18T00:17:16","modified_gmt":"2026-04-18T06:17:16","slug":"logitech-960-001510-camara-de-videoconferencia-sight-complementaria-de-mesa-4k-zoom-1x-campo-visual-315compatible-con-systemas-rally-bar-y-rally-bar-mini","status":"publish","type":"product","link":"https:\/\/compuviper.mx\/tienda\/producto\/logitech-960-001510-camara-de-videoconferencia-sight-complementaria-de-mesa-4k-zoom-1x-campo-visual-315compatible-con-systemas-rally-bar-y-rally-bar-mini\/","title":{"rendered":"Logitech 960-001510 Camara De Videoconferencia  Sight Complementaria De Mesa 4k Zoom 1x Campo Visual 315compatible Con Systemas Rally Bar Y Rally Bar Mini"},"content":{"rendered":"<table class=\"descripcion\">\n<tr>\n<td>Dimensiones<\/td>\n<\/tr>\n<tr>\n<td>Pieza de montaje en mesa<\/td>\n<\/tr>\n<tr>\n<td>Altura: 299,0 mm<\/td>\n<\/tr>\n<tr>\n<td>Ancho: 169 mm<\/td>\n<\/tr>\n<tr>\n<td>Profundidad: 169 mm<\/td>\n<\/tr>\n<tr>\n<td>Pieza para el montaje del pasacables<\/td>\n<\/tr>\n<tr>\n<td>Altura: 291,2 mm<\/td>\n<\/tr>\n<tr>\n<td>Ancho: 93,4 mm<\/td>\n<\/tr>\n<tr>\n<td>Profundidad: 93,4 mm<\/td>\n<\/tr>\n<tr>\n<td>Pasacables de 25 mm o m\u00e1s<\/td>\n<\/tr>\n<tr>\n<td>Peso: 1,5 kg<\/td>\n<\/tr>\n<tr>\n<td>Compatibilidad<\/td>\n<\/tr>\n<tr>\n<td>Tipo de energ\u00eda: alimentaci\u00f3n poe+ 802.3at (tipo 2) o fuente de alimentaci\u00f3n equivalente (suministrada por el usuario)<\/td>\n<\/tr>\n<tr>\n<td>Cable cat: cat6 o mayor<\/td>\n<\/tr>\n<tr>\n<td>Maximum cat cable length: between sight dongle and sight: 40 m<\/td>\n<\/tr>\n<tr>\n<td>Modo usb: windows 10, windows\u00ae 11 o posterior, macos (las dos versiones m\u00e1s recientes)<\/td>\n<\/tr>\n<tr>\n<td>Modo aut\u00f3nomo: licencia de software de soluci\u00f3n de sala (no incluida), rally bar o rally bar mini<\/td>\n<\/tr>\n<tr>\n<td>\u00faltima versi\u00f3n de logitech collab os<\/td>\n<\/tr>\n<tr>\n<td>Puertos e interfaces<\/td>\n<\/tr>\n<tr>\n<td>1 x rj45 (datos de audio\/video por usb)<\/td>\n<\/tr>\n<tr>\n<td>1 x rj45 (alimentaci\u00f3n a trav\u00e9s de ethernet)<\/td>\n<\/tr>\n<tr>\n<td>1 x rj45 (conexi\u00f3n en serie &#8211; bases de micr\u00f3fono rally)<\/td>\n<\/tr>\n<tr>\n<td>Especificaciones t\u00e9cnicas<\/td>\n<\/tr>\n<tr>\n<td>Compatibilidad de la plataforma de video<\/td>\n<\/tr>\n<tr>\n<td>La integraci\u00f3n y la compatibilidad de las funciones var\u00edan seg\u00fan la plataforma. para obtener m\u00e1s informaci\u00f3n, visita www.logitech.com\/prosupport\/sight-compatibility.<\/td>\n<\/tr>\n<tr>\n<td>Especificaciones generales<\/td>\n<\/tr>\n<tr>\n<td>Componentes integrados<\/td>\n<\/tr>\n<tr>\n<td>7 micr\u00f3fonos con formaci\u00f3n de haz, c\u00e1mara de doble lente, plataforma logitech collab os<\/td>\n<\/tr>\n<tr>\n<td>Administraci\u00f3n de dispositivos<\/td>\n<\/tr>\n<tr>\n<td>Logitech sync<\/td>\n<\/tr>\n<tr>\n<td>C\u00e1mara<\/td>\n<\/tr>\n<tr>\n<td>Resoluci\u00f3n de sensor: 4k<\/td>\n<\/tr>\n<tr>\n<td>Zoom: x1<\/td>\n<\/tr>\n<tr>\n<td>Campo visual horizontal: 315\u00b0<\/td>\n<\/tr>\n<tr>\n<td>Campo visual vertical: 97\u00b0<\/td>\n<\/tr>\n<tr>\n<td>Campo visual diagonal: 180\u00b0<\/td>\n<\/tr>\n<tr>\n<td>Longitud focal: 1,87 mm<\/td>\n<\/tr>\n<tr>\n<td>Profundidad de campo: 50 cm &#8211; 5 m<\/td>\n<\/tr>\n<tr>\n<td>Velocidad de fotogramas (m\u00e1x.): 60 fps<\/td>\n<\/tr>\n<tr>\n<td>Especificaciones del micr\u00f3fono<\/td>\n<\/tr>\n<tr>\n<td>Elementos de formaci\u00f3n de haces: 7 micr\u00f3fonos omnidireccionales digitales mems que forman seis haces ac\u00fasticos adaptativos finales<\/td>\n<\/tr>\n<tr>\n<td>Radio de captaci\u00f3n: radio de 2,3 m<\/td>\n<\/tr>\n<tr>\n<td>Tipo de micr\u00f3fono: micr\u00f3fonos digitales mems con una snr de 72 db y una aop de 130 db, resistentes a la suciedad y al agua seg\u00fan la especificaci\u00f3n ip57<\/td>\n<\/tr>\n<tr>\n<td>Respuesta de frecuencia: 90 hz \u0096 16 khz<\/td>\n<\/tr>\n<tr>\n<td>Sensibilidad:  -36 dbfs +\/-1 db @ 1 pa<\/td>\n<\/tr>\n<tr>\n<td>Procesamiento de audio: aec (cancelaci\u00f3n de eco ac\u00fastica), vad (detector de actividad de voz)<\/td>\n<\/tr>\n<tr>\n<td>Supresi\u00f3n de ruido: aprendizaje autom\u00e1tico de la inteligencia artificial para atenuar los ruidos estacionarios y no estacionarios<\/td>\n<\/tr>\n<tr>\n<td>Micr\u00f3fonos adicionales<\/td>\n<\/tr>\n<tr>\n<td>Rally bar: admite hasta 3 micr\u00f3fonos y 2 hubs de micr\u00f3fono<\/td>\n<\/tr>\n<tr>\n<td>Rally bar mini: admite hasta 2 micr\u00f3fonos y 2 hubs de micr\u00f3fono<\/td>\n<\/tr>\n<tr>\n<td>Rally\/rally plus: admite hasta 6 micr\u00f3fonos y hubs de micr\u00f3fono<\/td>\n<\/tr>\n<tr>\n<td>Ambientales<\/td>\n<\/tr>\n<tr>\n<td>Temperatura de funcionamiento: de 0 a 40 \u00b0c @10 % &#8211; 90 % rh  and #8232;(sin condensaci\u00f3n)<\/td>\n<\/tr>\n<tr>\n<td>Temperatura de almacenamiento: de -40 a 70 \u00b0c @ 10 % &#8211; 90 % rh (sin condensaci\u00f3n)<\/td>\n<\/tr>\n<tr>\n<td>Contenido de la caja<\/td>\n<\/tr>\n<tr>\n<td>C\u00e1mara de sight<\/td>\n<\/tr>\n<tr>\n<td>Dongle de sight<\/td>\n<\/tr>\n<tr>\n<td>Dongle de micr\u00f3fono<\/td>\n<\/tr>\n<tr>\n<td>Tapa de privacidad<\/td>\n<\/tr>\n<tr>\n<td>Pieza para el montaje del pasacables<\/td>\n<\/tr>\n<tr>\n<td>Pieza de montaje en mesa<\/td>\n<\/tr>\n<tr>\n<td>Montaje en tr\u00edpode<\/td>\n<\/tr>\n<tr>\n<td>Documentaci\u00f3n del usuario<\/td>\n<\/tr>\n<tr>\n<td>Informaci\u00f3n de garant\u00eda<\/td>\n<\/tr>\n<tr>\n<td>Est\u00e1ndar: garant\u00eda limitada de hardware de 2 a\u00f1os<\/td>\n<\/tr>\n<tr>\n<td>Extendida: garant\u00edas extendidas adicionales de uno y tres a\u00f1os disponibles en el momento de la compra del hardware.<\/td>\n<\/tr>\n<tr>\n<td>Ponte en contacto con tu distribuidor para obtener informaci\u00f3n sobre disponibilidad.<\/td>\n<\/tr>\n<tr>\n<td>N\u00famero de referencia<\/td>\n<\/tr>\n<tr>\n<td>Grafito : 960-001510<\/td>\n<\/tr>\n<\/table>\n","protected":false},"excerpt":{"rendered":"<p>Logitech sight. C\u00e1mara complementaria de sobremesa con encuadre inteligente de varios participantes. Obt\u00e9n la mejor vista frontal y central de la sala, desde cualquier lugar. Reserva tu lugar en la mesa. C\u00e1mara para salas de reuniones con tecnolog\u00eda de ia que ayuda a los asistentes remotos a sentirse como si estuvieran realmente sentados a la mesa. Frente y centro. Agrega una perspectiva de escritorio a la c\u00e1mara frontal de la sala para ofrecer una experiencia de reuni\u00f3n h\u00edbrida mejor y m\u00e1s inclusiva. Si bien la c\u00e1mara puede capturar a los participantes en la sala hablando entre ellos alrededor de la mesa, no puede mantener una perspectiva frontal cuando los participantes voltean la cara hacia el frente de la sala. Con rally bar al frente de la sala y sight en el centro de la mesa, puedes mantener una vista frontal consistente de las interacciones en persona mientras la conversaci\u00f3n fluye entre los participantes remotos y en la sala. Dos puntos de vista. Una mejor perspectiva. Un nuevo enfoque que combina sight en la mesa con la barra de video al frente de la sala para mostrar el mejor \u00e1ngulo durante las interacciones en la sala de reuniones.<\/p>\n","protected":false},"featured_media":242441,"comment_status":"open","ping_status":"open","template":"","meta":[],"product_cat":[2188,1608],"product_tag":[1500],"acf":[],"yoast_head":"<!-- This site is optimized with the Yoast SEO plugin v21.7 - https:\/\/yoast.com\/wordpress\/plugins\/seo\/ -->\n<title>[ Logitech ] &#129351; 960-001510 Camara De Videoconferencia Sight Complementaria De Mesa 4k Zoom 1x Campo Visual 315compatible Con Systemas Rally Bar Y Rally Bar Mini<\/title>\n<meta name=\"description\" content=\"Compra 960-001510 Camara De Videoconferencia Sight Complementaria De Mesa 4k Zoom 1x Campo Visual 315compatible Con Systemas Rally Bar Y Rally Bar Mini + Env\u00edo a domicilio + Pago seguro + Garant\u00eda\" \/>\n<meta name=\"robots\" content=\"index, follow, max-snippet:-1, max-image-preview:large, max-video-preview:-1\" \/>\n<link rel=\"canonical\" href=\"https:\/\/compuviper.mx\/tienda\/producto\/logitech-960-001510-camara-de-videoconferencia-sight-complementaria-de-mesa-4k-zoom-1x-campo-visual-315compatible-con-systemas-rally-bar-y-rally-bar-mini\/\" \/>\n<meta property=\"og:locale\" content=\"es_MX\" \/>\n<meta property=\"og:type\" content=\"article\" \/>\n<meta property=\"og:title\" content=\"[ Logitech ] &#129351; 960-001510 Camara De Videoconferencia Sight Complementaria De Mesa 4k Zoom 1x Campo Visual 315compatible Con Systemas Rally Bar Y Rally Bar Mini\" \/>\n<meta property=\"og:description\" content=\"Compra 960-001510 Camara De Videoconferencia Sight Complementaria De Mesa 4k Zoom 1x Campo Visual 315compatible Con Systemas Rally Bar Y Rally Bar Mini + Env\u00edo a domicilio + Pago seguro + Garant\u00eda\" \/>\n<meta property=\"og:url\" content=\"https:\/\/compuviper.mx\/tienda\/producto\/logitech-960-001510-camara-de-videoconferencia-sight-complementaria-de-mesa-4k-zoom-1x-campo-visual-315compatible-con-systemas-rally-bar-y-rally-bar-mini\/\" \/>\n<meta property=\"og:site_name\" content=\"Compuviper\" \/>\n<meta property=\"article:publisher\" content=\"https:\/\/www.facebook.com\/compuviper\" \/>\n<meta property=\"og:image\" content=\"https:\/\/compuviper.mx\/tienda\/wp-content\/uploads\/2024\/09\/Camara-de-videoconferencia-logitech-sight-complementaria-de-mesa-4k-zoom-1x-campo-visual-315\u00b0compatible-con-systemas-rally-bar-y-rally-bar-mini.jpg\" \/>\n\t<meta property=\"og:image:width\" content=\"200\" \/>\n\t<meta property=\"og:image:height\" content=\"200\" \/>\n\t<meta property=\"og:image:type\" content=\"image\/jpeg\" \/>\n<meta name=\"twitter:card\" content=\"summary_large_image\" \/>\n<meta name=\"twitter:label1\" content=\"Precio\" \/>\n\t<meta name=\"twitter:data1\" content=\"&#36;38,641 con IVA\" \/>\n\t<meta name=\"twitter:label2\" content=\"Availability\" \/>\n\t<meta name=\"twitter:data2\" content=\"Out of stock\" \/>\n<script type=\"application\/ld+json\" class=\"yoast-schema-graph\">{\"@context\":\"https:\/\/schema.org\",\"@graph\":[{\"@type\":\"WebPage\",\"@id\":\"https:\/\/compuviper.mx\/tienda\/producto\/logitech-960-001510-camara-de-videoconferencia-sight-complementaria-de-mesa-4k-zoom-1x-campo-visual-315compatible-con-systemas-rally-bar-y-rally-bar-mini\/\",\"url\":\"https:\/\/compuviper.mx\/tienda\/producto\/logitech-960-001510-camara-de-videoconferencia-sight-complementaria-de-mesa-4k-zoom-1x-campo-visual-315compatible-con-systemas-rally-bar-y-rally-bar-mini\/\",\"name\":\"[ Logitech ] &#129351; 960-001510 Camara De Videoconferencia Sight Complementaria De Mesa 4k Zoom 1x Campo Visual 315compatible Con Systemas Rally Bar Y Rally Bar Mini\",\"isPartOf\":{\"@id\":\"https:\/\/compuviper.mx\/tienda\/#website\"},\"datePublished\":\"2026-04-18T06:17:16+00:00\",\"dateModified\":\"2026-04-18T06:17:16+00:00\",\"description\":\"Compra 960-001510 Camara De Videoconferencia Sight Complementaria De Mesa 4k Zoom 1x Campo Visual 315compatible Con Systemas Rally Bar Y Rally Bar Mini + Env\u00edo a domicilio + Pago seguro + Garant\u00eda\",\"breadcrumb\":{\"@id\":\"https:\/\/compuviper.mx\/tienda\/producto\/logitech-960-001510-camara-de-videoconferencia-sight-complementaria-de-mesa-4k-zoom-1x-campo-visual-315compatible-con-systemas-rally-bar-y-rally-bar-mini\/#breadcrumb\"},\"inLanguage\":\"es-MX\",\"potentialAction\":[{\"@type\":\"ReadAction\",\"target\":[\"https:\/\/compuviper.mx\/tienda\/producto\/logitech-960-001510-camara-de-videoconferencia-sight-complementaria-de-mesa-4k-zoom-1x-campo-visual-315compatible-con-systemas-rally-bar-y-rally-bar-mini\/\"]}]},{\"@type\":\"BreadcrumbList\",\"@id\":\"https:\/\/compuviper.mx\/tienda\/producto\/logitech-960-001510-camara-de-videoconferencia-sight-complementaria-de-mesa-4k-zoom-1x-campo-visual-315compatible-con-systemas-rally-bar-y-rally-bar-mini\/#breadcrumb\",\"itemListElement\":[{\"@type\":\"ListItem\",\"position\":1,\"name\":\"Inicio\",\"item\":\"https:\/\/compuviper.mx\/tienda\/\"},{\"@type\":\"ListItem\",\"position\":2,\"name\":\"Productos\",\"item\":\"https:\/\/compuviper.mx\/tienda\/productos\/\"},{\"@type\":\"ListItem\",\"position\":3,\"name\":\"Camaras\",\"item\":\"https:\/\/compuviper.mx\/tienda\/categoria-producto\/camaras-2\/\"},{\"@type\":\"ListItem\",\"position\":4,\"name\":\"Camara Para Videoconferencia\",\"item\":\"https:\/\/compuviper.mx\/tienda\/categoria-producto\/camaras-2\/camara-para-videoconferencia\/\"},{\"@type\":\"ListItem\",\"position\":5,\"name\":\"Logitech 960-001510 Camara De Videoconferencia Sight Complementaria De Mesa 4k Zoom 1x Campo Visual 315compatible Con Systemas Rally Bar Y Rally Bar Mini\"}]},{\"@type\":\"WebSite\",\"@id\":\"https:\/\/compuviper.mx\/tienda\/#website\",\"url\":\"https:\/\/compuviper.mx\/tienda\/\",\"name\":\"Compuviper\",\"description\":\"Proveedor de Computadoras, Laptops, Servidores, Monitores, Puntos de Venta, Teclados,   Impresoras, T\u00f3ner, C\u00e1maras de Seguridad y m\u00e1s en tu tienda en l\u00ednea\",\"publisher\":{\"@id\":\"https:\/\/compuviper.mx\/tienda\/#organization\"},\"potentialAction\":[{\"@type\":\"SearchAction\",\"target\":{\"@type\":\"EntryPoint\",\"urlTemplate\":\"https:\/\/compuviper.mx\/tienda\/?s={search_term_string}\"},\"query-input\":\"required name=search_term_string\"}],\"inLanguage\":\"es-MX\"},{\"@type\":\"Organization\",\"@id\":\"https:\/\/compuviper.mx\/tienda\/#organization\",\"name\":\"Compuviper\",\"url\":\"https:\/\/compuviper.mx\/tienda\/\",\"logo\":{\"@type\":\"ImageObject\",\"inLanguage\":\"es-MX\",\"@id\":\"https:\/\/compuviper.mx\/tienda\/#\/schema\/logo\/image\/\",\"url\":\"https:\/\/compuviper.mx\/tienda\/wp-content\/uploads\/2021\/08\/Logo-Compuviper-10.png\",\"contentUrl\":\"https:\/\/compuviper.mx\/tienda\/wp-content\/uploads\/2021\/08\/Logo-Compuviper-10.png\",\"width\":1000,\"height\":500,\"caption\":\"Compuviper\"},\"image\":{\"@id\":\"https:\/\/compuviper.mx\/tienda\/#\/schema\/logo\/image\/\"},\"sameAs\":[\"https:\/\/www.facebook.com\/compuviper\",\"https:\/\/www.youtube.com\/channel\/UCf73dERp9Y3cfOq7q8BhLjA?view_as=subscriber\"]}]}<\/script>\n<meta property=\"product:brand\" content=\"LOGITECH\" \/>\n<meta property=\"product:price:amount\" content=\"38641\" \/>\n<meta property=\"product:price:currency\" content=\"MXN\" \/>\n<meta property=\"og:availability\" content=\"out of stock\" \/>\n<meta property=\"product:availability\" content=\"out of stock\" \/>\n<meta property=\"product:retailer_item_id\" content=\"960-001510\" \/>\n<meta property=\"product:condition\" content=\"new\" \/>\n<!-- \/ Yoast SEO plugin. -->","yoast_head_json":{"title":"[ Logitech ] &#129351; 960-001510 Camara De Videoconferencia Sight Complementaria De Mesa 4k Zoom 1x Campo Visual 315compatible Con Systemas Rally Bar Y Rally Bar Mini","description":"Compra 960-001510 Camara De Videoconferencia Sight Complementaria De Mesa 4k Zoom 1x Campo Visual 315compatible Con Systemas Rally Bar Y Rally Bar Mini + Env\u00edo a domicilio + Pago seguro + Garant\u00eda","robots":{"index":"index","follow":"follow","max-snippet":"max-snippet:-1","max-image-preview":"max-image-preview:large","max-video-preview":"max-video-preview:-1"},"canonical":"https:\/\/compuviper.mx\/tienda\/producto\/logitech-960-001510-camara-de-videoconferencia-sight-complementaria-de-mesa-4k-zoom-1x-campo-visual-315compatible-con-systemas-rally-bar-y-rally-bar-mini\/","og_locale":"es_MX","og_type":"article","og_title":"[ Logitech ] &#129351; 960-001510 Camara De Videoconferencia Sight Complementaria De Mesa 4k Zoom 1x Campo Visual 315compatible Con Systemas Rally Bar Y Rally Bar Mini","og_description":"Compra 960-001510 Camara De Videoconferencia Sight Complementaria De Mesa 4k Zoom 1x Campo Visual 315compatible Con Systemas Rally Bar Y Rally Bar Mini + Env\u00edo a domicilio + Pago seguro + Garant\u00eda","og_url":"https:\/\/compuviper.mx\/tienda\/producto\/logitech-960-001510-camara-de-videoconferencia-sight-complementaria-de-mesa-4k-zoom-1x-campo-visual-315compatible-con-systemas-rally-bar-y-rally-bar-mini\/","og_site_name":"Compuviper","article_publisher":"https:\/\/www.facebook.com\/compuviper","og_image":[{"width":200,"height":200,"url":"https:\/\/compuviper.mx\/tienda\/wp-content\/uploads\/2024\/09\/Camara-de-videoconferencia-logitech-sight-complementaria-de-mesa-4k-zoom-1x-campo-visual-315\u00b0compatible-con-systemas-rally-bar-y-rally-bar-mini.jpg","type":"image\/jpeg"}],"twitter_card":"summary_large_image","twitter_misc":{"Precio":"&#36;38,641 con IVA","Availability":"Out of stock"},"schema":{"@context":"https:\/\/schema.org","@graph":[{"@type":"WebPage","@id":"https:\/\/compuviper.mx\/tienda\/producto\/logitech-960-001510-camara-de-videoconferencia-sight-complementaria-de-mesa-4k-zoom-1x-campo-visual-315compatible-con-systemas-rally-bar-y-rally-bar-mini\/","url":"https:\/\/compuviper.mx\/tienda\/producto\/logitech-960-001510-camara-de-videoconferencia-sight-complementaria-de-mesa-4k-zoom-1x-campo-visual-315compatible-con-systemas-rally-bar-y-rally-bar-mini\/","name":"[ Logitech ] &#129351; 960-001510 Camara De Videoconferencia Sight Complementaria De Mesa 4k Zoom 1x Campo Visual 315compatible Con Systemas Rally Bar Y Rally Bar Mini","isPartOf":{"@id":"https:\/\/compuviper.mx\/tienda\/#website"},"datePublished":"2026-04-18T06:17:16+00:00","dateModified":"2026-04-18T06:17:16+00:00","description":"Compra 960-001510 Camara De Videoconferencia Sight Complementaria De Mesa 4k Zoom 1x Campo Visual 315compatible Con Systemas Rally Bar Y Rally Bar Mini + Env\u00edo a domicilio + Pago seguro + Garant\u00eda","breadcrumb":{"@id":"https:\/\/compuviper.mx\/tienda\/producto\/logitech-960-001510-camara-de-videoconferencia-sight-complementaria-de-mesa-4k-zoom-1x-campo-visual-315compatible-con-systemas-rally-bar-y-rally-bar-mini\/#breadcrumb"},"inLanguage":"es-MX","potentialAction":[{"@type":"ReadAction","target":["https:\/\/compuviper.mx\/tienda\/producto\/logitech-960-001510-camara-de-videoconferencia-sight-complementaria-de-mesa-4k-zoom-1x-campo-visual-315compatible-con-systemas-rally-bar-y-rally-bar-mini\/"]}]},{"@type":"BreadcrumbList","@id":"https:\/\/compuviper.mx\/tienda\/producto\/logitech-960-001510-camara-de-videoconferencia-sight-complementaria-de-mesa-4k-zoom-1x-campo-visual-315compatible-con-systemas-rally-bar-y-rally-bar-mini\/#breadcrumb","itemListElement":[{"@type":"ListItem","position":1,"name":"Inicio","item":"https:\/\/compuviper.mx\/tienda\/"},{"@type":"ListItem","position":2,"name":"Productos","item":"https:\/\/compuviper.mx\/tienda\/productos\/"},{"@type":"ListItem","position":3,"name":"Camaras","item":"https:\/\/compuviper.mx\/tienda\/categoria-producto\/camaras-2\/"},{"@type":"ListItem","position":4,"name":"Camara Para Videoconferencia","item":"https:\/\/compuviper.mx\/tienda\/categoria-producto\/camaras-2\/camara-para-videoconferencia\/"},{"@type":"ListItem","position":5,"name":"Logitech 960-001510 Camara De Videoconferencia Sight Complementaria De Mesa 4k Zoom 1x Campo Visual 315compatible Con Systemas Rally Bar Y Rally Bar Mini"}]},{"@type":"WebSite","@id":"https:\/\/compuviper.mx\/tienda\/#website","url":"https:\/\/compuviper.mx\/tienda\/","name":"Compuviper","description":"Proveedor de Computadoras, Laptops, Servidores, Monitores, Puntos de Venta, Teclados,   Impresoras, T\u00f3ner, C\u00e1maras de Seguridad y m\u00e1s en tu tienda en l\u00ednea","publisher":{"@id":"https:\/\/compuviper.mx\/tienda\/#organization"},"potentialAction":[{"@type":"SearchAction","target":{"@type":"EntryPoint","urlTemplate":"https:\/\/compuviper.mx\/tienda\/?s={search_term_string}"},"query-input":"required name=search_term_string"}],"inLanguage":"es-MX"},{"@type":"Organization","@id":"https:\/\/compuviper.mx\/tienda\/#organization","name":"Compuviper","url":"https:\/\/compuviper.mx\/tienda\/","logo":{"@type":"ImageObject","inLanguage":"es-MX","@id":"https:\/\/compuviper.mx\/tienda\/#\/schema\/logo\/image\/","url":"https:\/\/compuviper.mx\/tienda\/wp-content\/uploads\/2021\/08\/Logo-Compuviper-10.png","contentUrl":"https:\/\/compuviper.mx\/tienda\/wp-content\/uploads\/2021\/08\/Logo-Compuviper-10.png","width":1000,"height":500,"caption":"Compuviper"},"image":{"@id":"https:\/\/compuviper.mx\/tienda\/#\/schema\/logo\/image\/"},"sameAs":["https:\/\/www.facebook.com\/compuviper","https:\/\/www.youtube.com\/channel\/UCf73dERp9Y3cfOq7q8BhLjA?view_as=subscriber"]}]},"product_brand":"LOGITECH","product_price_amount":"38641","product_price_currency":"MXN","og_availability":"out of stock","product_availability":"out of stock","product_retailer_item_id":"960-001510","product_condition":"new"},"_links":{"self":[{"href":"https:\/\/compuviper.mx\/tienda\/wp-json\/wp\/v2\/product\/217012"}],"collection":[{"href":"https:\/\/compuviper.mx\/tienda\/wp-json\/wp\/v2\/product"}],"about":[{"href":"https:\/\/compuviper.mx\/tienda\/wp-json\/wp\/v2\/types\/product"}],"replies":[{"embeddable":true,"href":"https:\/\/compuviper.mx\/tienda\/wp-json\/wp\/v2\/comments?post=217012"}],"wp:featuredmedia":[{"embeddable":true,"href":"https:\/\/compuviper.mx\/tienda\/wp-json\/wp\/v2\/media\/242441"}],"wp:attachment":[{"href":"https:\/\/compuviper.mx\/tienda\/wp-json\/wp\/v2\/media?parent=217012"}],"wp:term":[{"taxonomy":"product_cat","embeddable":true,"href":"https:\/\/compuviper.mx\/tienda\/wp-json\/wp\/v2\/product_cat?post=217012"},{"taxonomy":"product_tag","embeddable":true,"href":"https:\/\/compuviper.mx\/tienda\/wp-json\/wp\/v2\/product_tag?post=217012"}],"curies":[{"name":"wp","href":"https:\/\/api.w.org\/{rel}","templated":true}]}}