{"id":217003,"date":"2026-04-17T00:16:17","date_gmt":"2026-04-17T06:16:17","guid":{"rendered":"https:\/\/compuviper.mx\/tienda\/producto\/dahua-dh-hac-hfw1500cn-a-0280b-s2-camara-camara-bullet-de-5-mp-microfono-integrado-lente-de-2-8mm-111-grados-de-apertura-ir-de-30-mts-starlight-ip67-cvi-cvbs-ahd-tv\/"},"modified":"2026-04-17T00:16:17","modified_gmt":"2026-04-17T06:16:17","slug":"dahua-dh-hac-hfw1500cn-a-0280b-s2-camara-camara-bullet-de-5-mp-microfono-integrado-lente-de-2-8mm-111-grados-de-apertura-ir-de-30-mts-starlight-ip67-cvi-cvbs-ahd-tv","status":"publish","type":"product","link":"https:\/\/compuviper.mx\/tienda\/producto\/dahua-dh-hac-hfw1500cn-a-0280b-s2-camara-camara-bullet-de-5-mp-microfono-integrado-lente-de-2-8mm-111-grados-de-apertura-ir-de-30-mts-starlight-ip67-cvi-cvbs-ahd-tv\/","title":{"rendered":"Dahua Dh-hac-hfw1500cn-a-0280b-s2 Camara \/  \/  \/ Camara Bullet De 5 Mp\/ Microfono Integrado\/ Lente De 2.8mm\/ 111 Grados De Apertura\/ Ir De 30 Mts\/ Starlight\/ Ip67\/ Cvi\/cvbs\/ahd\/tv"},"content":{"rendered":"<table class=\"descripcion\">\n<tr>\n<td>Especificaciones<\/td>\n<\/tr>\n<tr>\n<td>\u0095 sensor de imagen cmos de 1 \/ 2,7 pulgadas<\/td>\n<\/tr>\n<tr>\n<td>\u0095 m\u00e1xima resoluci\u00f3n 2880 (h) \u00d7 1620 (v)<\/td>\n<\/tr>\n<tr>\n<td>\u0095 resoluci\u00f3n 5 mp 5m(2880 \u00d7 1620); 4m (2560 \u00d7 1440); 1080p (1920 \u00d7 1080); 960 h (960 \u00d7 576\/960 \u00d7 480<\/td>\n<\/tr>\n<tr>\n<td>\u0095 sistema de escaneo progresivo<\/td>\n<\/tr>\n<tr>\n<td>\u0095 distancia ir 30m<\/td>\n<\/tr>\n<tr>\n<td>\u0095 n\u00famero de ir 3<\/td>\n<\/tr>\n<tr>\n<td>\u0095 longitud focal 2.8mm<\/td>\n<\/tr>\n<tr>\n<td>\u0095 interfaz de audio micr\u00f3fono integrado de un canal<\/td>\n<\/tr>\n<tr>\n<td>\u0095 opciones de salida de video de cvi \/ tvi \/ ahd \/ cvbs por un puerto bnc<\/td>\n<\/tr>\n<tr>\n<td>\u0095 blc \/ hlc \/ dwdr<\/td>\n<\/tr>\n<tr>\n<td>\u0095 el consumo de energ\u00eda 12v \u00b1 30%<\/td>\n<\/tr>\n<tr>\n<td>\u0095 max 3.7w (12v dc, ir encendidos)<\/td>\n<\/tr>\n<tr>\n<td>\u0095 grado de protecci\u00f3n ip67<\/td>\n<\/tr>\n<tr>\n<td>\u0095 material policarbonato<\/td>\n<\/tr>\n<tr>\n<td>\u0095 dimensiones de la c\u00e1mara 161.3mm\u00d769.7mm\u00d770.0mm<\/td>\n<\/tr>\n<tr>\n<td>\u0095 peso neto 0,19 kg<\/td>\n<\/tr>\n<tr>\n<td>\u0095 peso bruto 0,29 kg<\/td>\n<\/tr>\n<\/table>\n","protected":false},"excerpt":{"rendered":"<p>Informaci\u00f3n general. La c\u00e1mara hfw1500cn-a-0280b-s2 cuenta con una resoluci\u00f3n de video de 5mp full hd, adem\u00e1s cuenta con la simplicidad de usar la infraestructura de cableado existente con hdcvi. La c\u00e1mara hdcvi de 5mp de la serie lite presenta un dise\u00f1o compacto y ofrece una imagen de alta calidad a un precio asequible. Cuenta con un lente fijo de 2.8 mm con osd en varios idiomas y salida conmutable hd \/ sd. Su flexibilidad estructural y su relaci\u00f3n costo rendimiento hacen que la c\u00e1mara sea una opci\u00f3n ideal para soluciones smb. Micr\u00f3fono incluido. Cuenta con un micr\u00f3fono integrado de esta manera se puede transmitir la se\u00f1al de v\u00eddeo y audio utilizando un solo cable (coaxial o utp) hacia un dvr hdcvi dahua. El audio de esta c\u00e1mara se puede escuchar desde la app m\u00f3vil (dmss). Tecnolog\u00eda starlight. Para aplicaciones desafiantes con poca luz, la tecnolog\u00eda de luz ultrabaja starlight de dahua ofrece la mejor sensibilidad a la luz de su clase, capturando detalles de color en condiciones de poca luz hasta 0,005 lux. La c\u00e1mara utiliza un conjunto de caracter\u00edsticas \u00f3pticas para equilibrar la luz en toda la escena, lo que resulta en im\u00e1genes claras en entornos oscuros. Smart ir. La c\u00e1mara est\u00e1 dise\u00f1ada con iluminaci\u00f3n led ir para un mejor rendimiento con poca luz. Smart ir es una tecnolog\u00eda que garantiza la uniformidad del brillo en im\u00e1genes en blanco y negro con poca iluminaci\u00f3n. El exclusivo smart ir de dahua se ajusta a la intensidad de los led infrarrojos de la c\u00e1mara para compensar la distancia de un objeto y evita que los led de infrarrojos sobre expongan las im\u00e1genes a medida que el objeto se acerca a la c\u00e1mara.<\/p>\n","protected":false},"featured_media":242434,"comment_status":"open","ping_status":"open","template":"","meta":[],"product_cat":[1681,1608],"product_tag":[1555],"acf":[],"yoast_head":"<!-- This site is optimized with the Yoast SEO plugin v21.7 - https:\/\/yoast.com\/wordpress\/plugins\/seo\/ -->\n<title>[ Dahua ] &#129351; Dh-hac-hfw1500cn-a-0280b-s2 Camara \/ \/ \/ Camara Bullet De 5 Mp\/ Microfono Integrado\/ Lente De 2.8mm\/ 111 Grados De Apertura\/ Ir De 30 Mts\/ Starlight\/ Ip67\/ Cvi\/cvbs\/ahd\/tv<\/title>\n<meta name=\"description\" content=\"Compra Dh-hac-hfw1500cn-a-0280b-s2 Camara \/ \/ \/ Camara Bullet De 5 Mp\/ Microfono Integrado\/ Lente De 2.8mm\/ 111 Grados De Apertura\/ Ir De 30 Mts\/ Starlight\/ Ip67\/ Cvi\/cvbs\/ahd\/tv + Env\u00edo a domicilio + Pago seguro + Garant\u00eda\" \/>\n<meta name=\"robots\" content=\"index, follow, max-snippet:-1, max-image-preview:large, max-video-preview:-1\" \/>\n<link rel=\"canonical\" href=\"https:\/\/compuviper.mx\/tienda\/producto\/dahua-dh-hac-hfw1500cn-a-0280b-s2-camara-camara-bullet-de-5-mp-microfono-integrado-lente-de-2-8mm-111-grados-de-apertura-ir-de-30-mts-starlight-ip67-cvi-cvbs-ahd-tv\/\" \/>\n<meta property=\"og:locale\" content=\"es_MX\" \/>\n<meta property=\"og:type\" content=\"article\" \/>\n<meta property=\"og:title\" content=\"[ Dahua ] &#129351; Dh-hac-hfw1500cn-a-0280b-s2 Camara \/ \/ \/ Camara Bullet De 5 Mp\/ Microfono Integrado\/ Lente De 2.8mm\/ 111 Grados De Apertura\/ Ir De 30 Mts\/ Starlight\/ Ip67\/ Cvi\/cvbs\/ahd\/tv\" \/>\n<meta property=\"og:description\" content=\"Compra Dh-hac-hfw1500cn-a-0280b-s2 Camara \/ \/ \/ Camara Bullet De 5 Mp\/ Microfono Integrado\/ Lente De 2.8mm\/ 111 Grados De Apertura\/ Ir De 30 Mts\/ Starlight\/ Ip67\/ Cvi\/cvbs\/ahd\/tv + Env\u00edo a domicilio + Pago seguro + Garant\u00eda\" \/>\n<meta property=\"og:url\" content=\"https:\/\/compuviper.mx\/tienda\/producto\/dahua-dh-hac-hfw1500cn-a-0280b-s2-camara-camara-bullet-de-5-mp-microfono-integrado-lente-de-2-8mm-111-grados-de-apertura-ir-de-30-mts-starlight-ip67-cvi-cvbs-ahd-tv\/\" \/>\n<meta property=\"og:site_name\" content=\"Compuviper\" \/>\n<meta property=\"article:publisher\" content=\"https:\/\/www.facebook.com\/compuviper\" \/>\n<meta property=\"og:image\" content=\"https:\/\/compuviper.mx\/tienda\/wp-content\/uploads\/2024\/09\/Camara-dahua-dh-hac-hfw1500cn-a-0280b-s2-camara-bullet-de-5-mp-microfono-integrado-lente-de-2.8mm-111-grados-de-apertura-ir-de-30-mts-starlight-ip67-cvicvbsahdtv.jpg\" \/>\n\t<meta property=\"og:image:width\" content=\"200\" \/>\n\t<meta property=\"og:image:height\" content=\"200\" \/>\n\t<meta property=\"og:image:type\" content=\"image\/jpeg\" \/>\n<meta name=\"twitter:card\" content=\"summary_large_image\" \/>\n<meta name=\"twitter:label1\" content=\"Precio\" \/>\n\t<meta name=\"twitter:data1\" content=\"&#36;544 &#36;541 con IVA\" \/>\n\t<meta name=\"twitter:label2\" content=\"Availability\" \/>\n\t<meta name=\"twitter:data2\" content=\"In stock\" \/>\n<script type=\"application\/ld+json\" class=\"yoast-schema-graph\">{\"@context\":\"https:\/\/schema.org\",\"@graph\":[{\"@type\":\"WebPage\",\"@id\":\"https:\/\/compuviper.mx\/tienda\/producto\/dahua-dh-hac-hfw1500cn-a-0280b-s2-camara-camara-bullet-de-5-mp-microfono-integrado-lente-de-2-8mm-111-grados-de-apertura-ir-de-30-mts-starlight-ip67-cvi-cvbs-ahd-tv\/\",\"url\":\"https:\/\/compuviper.mx\/tienda\/producto\/dahua-dh-hac-hfw1500cn-a-0280b-s2-camara-camara-bullet-de-5-mp-microfono-integrado-lente-de-2-8mm-111-grados-de-apertura-ir-de-30-mts-starlight-ip67-cvi-cvbs-ahd-tv\/\",\"name\":\"[ Dahua ] &#129351; Dh-hac-hfw1500cn-a-0280b-s2 Camara \/ \/ \/ Camara Bullet De 5 Mp\/ Microfono Integrado\/ Lente De 2.8mm\/ 111 Grados De Apertura\/ Ir De 30 Mts\/ Starlight\/ Ip67\/ Cvi\/cvbs\/ahd\/tv\",\"isPartOf\":{\"@id\":\"https:\/\/compuviper.mx\/tienda\/#website\"},\"datePublished\":\"2026-04-17T06:16:17+00:00\",\"dateModified\":\"2026-04-17T06:16:17+00:00\",\"description\":\"Compra Dh-hac-hfw1500cn-a-0280b-s2 Camara \/ \/ \/ Camara Bullet De 5 Mp\/ Microfono Integrado\/ Lente De 2.8mm\/ 111 Grados De Apertura\/ Ir De 30 Mts\/ Starlight\/ Ip67\/ Cvi\/cvbs\/ahd\/tv + Env\u00edo a domicilio + Pago seguro + Garant\u00eda\",\"breadcrumb\":{\"@id\":\"https:\/\/compuviper.mx\/tienda\/producto\/dahua-dh-hac-hfw1500cn-a-0280b-s2-camara-camara-bullet-de-5-mp-microfono-integrado-lente-de-2-8mm-111-grados-de-apertura-ir-de-30-mts-starlight-ip67-cvi-cvbs-ahd-tv\/#breadcrumb\"},\"inLanguage\":\"es-MX\",\"potentialAction\":[{\"@type\":\"ReadAction\",\"target\":[\"https:\/\/compuviper.mx\/tienda\/producto\/dahua-dh-hac-hfw1500cn-a-0280b-s2-camara-camara-bullet-de-5-mp-microfono-integrado-lente-de-2-8mm-111-grados-de-apertura-ir-de-30-mts-starlight-ip67-cvi-cvbs-ahd-tv\/\"]}]},{\"@type\":\"BreadcrumbList\",\"@id\":\"https:\/\/compuviper.mx\/tienda\/producto\/dahua-dh-hac-hfw1500cn-a-0280b-s2-camara-camara-bullet-de-5-mp-microfono-integrado-lente-de-2-8mm-111-grados-de-apertura-ir-de-30-mts-starlight-ip67-cvi-cvbs-ahd-tv\/#breadcrumb\",\"itemListElement\":[{\"@type\":\"ListItem\",\"position\":1,\"name\":\"Inicio\",\"item\":\"https:\/\/compuviper.mx\/tienda\/\"},{\"@type\":\"ListItem\",\"position\":2,\"name\":\"Productos\",\"item\":\"https:\/\/compuviper.mx\/tienda\/productos\/\"},{\"@type\":\"ListItem\",\"position\":3,\"name\":\"Camaras\",\"item\":\"https:\/\/compuviper.mx\/tienda\/categoria-producto\/camaras-2\/\"},{\"@type\":\"ListItem\",\"position\":4,\"name\":\"Camara De Videovigilancia\",\"item\":\"https:\/\/compuviper.mx\/tienda\/categoria-producto\/camaras-2\/camara-de-videovigilancia\/\"},{\"@type\":\"ListItem\",\"position\":5,\"name\":\"Dahua Dh-hac-hfw1500cn-a-0280b-s2 Camara \/ \/ \/ Camara Bullet De 5 Mp\/ Microfono Integrado\/ Lente De 2.8mm\/ 111 Grados De Apertura\/ Ir De 30 Mts\/ Starlight\/ Ip67\/ Cvi\/cvbs\/ahd\/tv\"}]},{\"@type\":\"WebSite\",\"@id\":\"https:\/\/compuviper.mx\/tienda\/#website\",\"url\":\"https:\/\/compuviper.mx\/tienda\/\",\"name\":\"Compuviper\",\"description\":\"Proveedor de Computadoras, Laptops, Servidores, Monitores, Puntos de Venta, Teclados,   Impresoras, T\u00f3ner, C\u00e1maras de Seguridad y m\u00e1s en tu tienda en l\u00ednea\",\"publisher\":{\"@id\":\"https:\/\/compuviper.mx\/tienda\/#organization\"},\"potentialAction\":[{\"@type\":\"SearchAction\",\"target\":{\"@type\":\"EntryPoint\",\"urlTemplate\":\"https:\/\/compuviper.mx\/tienda\/?s={search_term_string}\"},\"query-input\":\"required name=search_term_string\"}],\"inLanguage\":\"es-MX\"},{\"@type\":\"Organization\",\"@id\":\"https:\/\/compuviper.mx\/tienda\/#organization\",\"name\":\"Compuviper\",\"url\":\"https:\/\/compuviper.mx\/tienda\/\",\"logo\":{\"@type\":\"ImageObject\",\"inLanguage\":\"es-MX\",\"@id\":\"https:\/\/compuviper.mx\/tienda\/#\/schema\/logo\/image\/\",\"url\":\"https:\/\/compuviper.mx\/tienda\/wp-content\/uploads\/2021\/08\/Logo-Compuviper-10.png\",\"contentUrl\":\"https:\/\/compuviper.mx\/tienda\/wp-content\/uploads\/2021\/08\/Logo-Compuviper-10.png\",\"width\":1000,\"height\":500,\"caption\":\"Compuviper\"},\"image\":{\"@id\":\"https:\/\/compuviper.mx\/tienda\/#\/schema\/logo\/image\/\"},\"sameAs\":[\"https:\/\/www.facebook.com\/compuviper\",\"https:\/\/www.youtube.com\/channel\/UCf73dERp9Y3cfOq7q8BhLjA?view_as=subscriber\"]}]}<\/script>\n<meta property=\"product:brand\" content=\"DAHUA\" \/>\n<meta property=\"product:price:amount\" content=\"541\" \/>\n<meta property=\"product:price:currency\" content=\"MXN\" \/>\n<meta property=\"og:availability\" content=\"instock\" \/>\n<meta property=\"product:availability\" content=\"instock\" \/>\n<meta property=\"product:retailer_item_id\" content=\"DH-HAC-HFW1500CN-A-0280B-S2\" \/>\n<meta property=\"product:condition\" content=\"new\" \/>\n<!-- \/ Yoast SEO plugin. -->","yoast_head_json":{"title":"[ Dahua ] &#129351; Dh-hac-hfw1500cn-a-0280b-s2 Camara \/ \/ \/ Camara Bullet De 5 Mp\/ Microfono Integrado\/ Lente De 2.8mm\/ 111 Grados De Apertura\/ Ir De 30 Mts\/ Starlight\/ Ip67\/ Cvi\/cvbs\/ahd\/tv","description":"Compra Dh-hac-hfw1500cn-a-0280b-s2 Camara \/ \/ \/ Camara Bullet De 5 Mp\/ Microfono Integrado\/ Lente De 2.8mm\/ 111 Grados De Apertura\/ Ir De 30 Mts\/ Starlight\/ Ip67\/ Cvi\/cvbs\/ahd\/tv + Env\u00edo a domicilio + Pago seguro + Garant\u00eda","robots":{"index":"index","follow":"follow","max-snippet":"max-snippet:-1","max-image-preview":"max-image-preview:large","max-video-preview":"max-video-preview:-1"},"canonical":"https:\/\/compuviper.mx\/tienda\/producto\/dahua-dh-hac-hfw1500cn-a-0280b-s2-camara-camara-bullet-de-5-mp-microfono-integrado-lente-de-2-8mm-111-grados-de-apertura-ir-de-30-mts-starlight-ip67-cvi-cvbs-ahd-tv\/","og_locale":"es_MX","og_type":"article","og_title":"[ Dahua ] &#129351; Dh-hac-hfw1500cn-a-0280b-s2 Camara \/ \/ \/ Camara Bullet De 5 Mp\/ Microfono Integrado\/ Lente De 2.8mm\/ 111 Grados De Apertura\/ Ir De 30 Mts\/ Starlight\/ Ip67\/ Cvi\/cvbs\/ahd\/tv","og_description":"Compra Dh-hac-hfw1500cn-a-0280b-s2 Camara \/ \/ \/ Camara Bullet De 5 Mp\/ Microfono Integrado\/ Lente De 2.8mm\/ 111 Grados De Apertura\/ Ir De 30 Mts\/ Starlight\/ Ip67\/ Cvi\/cvbs\/ahd\/tv + Env\u00edo a domicilio + Pago seguro + Garant\u00eda","og_url":"https:\/\/compuviper.mx\/tienda\/producto\/dahua-dh-hac-hfw1500cn-a-0280b-s2-camara-camara-bullet-de-5-mp-microfono-integrado-lente-de-2-8mm-111-grados-de-apertura-ir-de-30-mts-starlight-ip67-cvi-cvbs-ahd-tv\/","og_site_name":"Compuviper","article_publisher":"https:\/\/www.facebook.com\/compuviper","og_image":[{"width":200,"height":200,"url":"https:\/\/compuviper.mx\/tienda\/wp-content\/uploads\/2024\/09\/Camara-dahua-dh-hac-hfw1500cn-a-0280b-s2-camara-bullet-de-5-mp-microfono-integrado-lente-de-2.8mm-111-grados-de-apertura-ir-de-30-mts-starlight-ip67-cvicvbsahdtv.jpg","type":"image\/jpeg"}],"twitter_card":"summary_large_image","twitter_misc":{"Precio":"&#36;544 &#36;541 con IVA","Availability":"In stock"},"schema":{"@context":"https:\/\/schema.org","@graph":[{"@type":"WebPage","@id":"https:\/\/compuviper.mx\/tienda\/producto\/dahua-dh-hac-hfw1500cn-a-0280b-s2-camara-camara-bullet-de-5-mp-microfono-integrado-lente-de-2-8mm-111-grados-de-apertura-ir-de-30-mts-starlight-ip67-cvi-cvbs-ahd-tv\/","url":"https:\/\/compuviper.mx\/tienda\/producto\/dahua-dh-hac-hfw1500cn-a-0280b-s2-camara-camara-bullet-de-5-mp-microfono-integrado-lente-de-2-8mm-111-grados-de-apertura-ir-de-30-mts-starlight-ip67-cvi-cvbs-ahd-tv\/","name":"[ Dahua ] &#129351; Dh-hac-hfw1500cn-a-0280b-s2 Camara \/ \/ \/ Camara Bullet De 5 Mp\/ Microfono Integrado\/ Lente De 2.8mm\/ 111 Grados De Apertura\/ Ir De 30 Mts\/ Starlight\/ Ip67\/ Cvi\/cvbs\/ahd\/tv","isPartOf":{"@id":"https:\/\/compuviper.mx\/tienda\/#website"},"datePublished":"2026-04-17T06:16:17+00:00","dateModified":"2026-04-17T06:16:17+00:00","description":"Compra Dh-hac-hfw1500cn-a-0280b-s2 Camara \/ \/ \/ Camara Bullet De 5 Mp\/ Microfono Integrado\/ Lente De 2.8mm\/ 111 Grados De Apertura\/ Ir De 30 Mts\/ Starlight\/ Ip67\/ Cvi\/cvbs\/ahd\/tv + Env\u00edo a domicilio + Pago seguro + Garant\u00eda","breadcrumb":{"@id":"https:\/\/compuviper.mx\/tienda\/producto\/dahua-dh-hac-hfw1500cn-a-0280b-s2-camara-camara-bullet-de-5-mp-microfono-integrado-lente-de-2-8mm-111-grados-de-apertura-ir-de-30-mts-starlight-ip67-cvi-cvbs-ahd-tv\/#breadcrumb"},"inLanguage":"es-MX","potentialAction":[{"@type":"ReadAction","target":["https:\/\/compuviper.mx\/tienda\/producto\/dahua-dh-hac-hfw1500cn-a-0280b-s2-camara-camara-bullet-de-5-mp-microfono-integrado-lente-de-2-8mm-111-grados-de-apertura-ir-de-30-mts-starlight-ip67-cvi-cvbs-ahd-tv\/"]}]},{"@type":"BreadcrumbList","@id":"https:\/\/compuviper.mx\/tienda\/producto\/dahua-dh-hac-hfw1500cn-a-0280b-s2-camara-camara-bullet-de-5-mp-microfono-integrado-lente-de-2-8mm-111-grados-de-apertura-ir-de-30-mts-starlight-ip67-cvi-cvbs-ahd-tv\/#breadcrumb","itemListElement":[{"@type":"ListItem","position":1,"name":"Inicio","item":"https:\/\/compuviper.mx\/tienda\/"},{"@type":"ListItem","position":2,"name":"Productos","item":"https:\/\/compuviper.mx\/tienda\/productos\/"},{"@type":"ListItem","position":3,"name":"Camaras","item":"https:\/\/compuviper.mx\/tienda\/categoria-producto\/camaras-2\/"},{"@type":"ListItem","position":4,"name":"Camara De Videovigilancia","item":"https:\/\/compuviper.mx\/tienda\/categoria-producto\/camaras-2\/camara-de-videovigilancia\/"},{"@type":"ListItem","position":5,"name":"Dahua Dh-hac-hfw1500cn-a-0280b-s2 Camara \/ \/ \/ Camara Bullet De 5 Mp\/ Microfono Integrado\/ Lente De 2.8mm\/ 111 Grados De Apertura\/ Ir De 30 Mts\/ Starlight\/ Ip67\/ Cvi\/cvbs\/ahd\/tv"}]},{"@type":"WebSite","@id":"https:\/\/compuviper.mx\/tienda\/#website","url":"https:\/\/compuviper.mx\/tienda\/","name":"Compuviper","description":"Proveedor de Computadoras, Laptops, Servidores, Monitores, Puntos de Venta, Teclados,   Impresoras, T\u00f3ner, C\u00e1maras de Seguridad y m\u00e1s en tu tienda en l\u00ednea","publisher":{"@id":"https:\/\/compuviper.mx\/tienda\/#organization"},"potentialAction":[{"@type":"SearchAction","target":{"@type":"EntryPoint","urlTemplate":"https:\/\/compuviper.mx\/tienda\/?s={search_term_string}"},"query-input":"required name=search_term_string"}],"inLanguage":"es-MX"},{"@type":"Organization","@id":"https:\/\/compuviper.mx\/tienda\/#organization","name":"Compuviper","url":"https:\/\/compuviper.mx\/tienda\/","logo":{"@type":"ImageObject","inLanguage":"es-MX","@id":"https:\/\/compuviper.mx\/tienda\/#\/schema\/logo\/image\/","url":"https:\/\/compuviper.mx\/tienda\/wp-content\/uploads\/2021\/08\/Logo-Compuviper-10.png","contentUrl":"https:\/\/compuviper.mx\/tienda\/wp-content\/uploads\/2021\/08\/Logo-Compuviper-10.png","width":1000,"height":500,"caption":"Compuviper"},"image":{"@id":"https:\/\/compuviper.mx\/tienda\/#\/schema\/logo\/image\/"},"sameAs":["https:\/\/www.facebook.com\/compuviper","https:\/\/www.youtube.com\/channel\/UCf73dERp9Y3cfOq7q8BhLjA?view_as=subscriber"]}]},"product_brand":"DAHUA","product_price_amount":"541","product_price_currency":"MXN","og_availability":"instock","product_availability":"instock","product_retailer_item_id":"DH-HAC-HFW1500CN-A-0280B-S2","product_condition":"new"},"_links":{"self":[{"href":"https:\/\/compuviper.mx\/tienda\/wp-json\/wp\/v2\/product\/217003"}],"collection":[{"href":"https:\/\/compuviper.mx\/tienda\/wp-json\/wp\/v2\/product"}],"about":[{"href":"https:\/\/compuviper.mx\/tienda\/wp-json\/wp\/v2\/types\/product"}],"replies":[{"embeddable":true,"href":"https:\/\/compuviper.mx\/tienda\/wp-json\/wp\/v2\/comments?post=217003"}],"wp:featuredmedia":[{"embeddable":true,"href":"https:\/\/compuviper.mx\/tienda\/wp-json\/wp\/v2\/media\/242434"}],"wp:attachment":[{"href":"https:\/\/compuviper.mx\/tienda\/wp-json\/wp\/v2\/media?parent=217003"}],"wp:term":[{"taxonomy":"product_cat","embeddable":true,"href":"https:\/\/compuviper.mx\/tienda\/wp-json\/wp\/v2\/product_cat?post=217003"},{"taxonomy":"product_tag","embeddable":true,"href":"https:\/\/compuviper.mx\/tienda\/wp-json\/wp\/v2\/product_tag?post=217003"}],"curies":[{"name":"wp","href":"https:\/\/api.w.org\/{rel}","templated":true}]}}